{"id":39668,"date":"2021-02-22T10:54:05","date_gmt":"2021-02-22T10:54:05","guid":{"rendered":"http:\/\/bturismo.atic.green\/?page_id=39668"},"modified":"2024-04-24T17:32:29","modified_gmt":"2024-04-24T15:32:29","slug":"agencias-de-viajes","status":"publish","type":"page","link":"https:\/\/turismo.benicassim.es\/en\/services\/essential-services\/agencias-de-viajes\/","title":{"rendered":"Travel Agencies"},"content":{"rendered":"<p>[vc_row full_width=&#8221;stretch_row&#8221; el_class=&#8221;breadcrumb-container banner letra-montserrat&#8221;][vc_column]<div class=\"my-breadcrumb\" style=\"display:inline-block;\"><a href=\"https:\/\/turismo.benicassim.es\/en\/\" class=\"link-color-2\">Home<\/a> \/ <span>Travel Agencies<\/span><\/div>[\/vc_column][\/vc_row][vc_row full_width=&#8221;stretch_row_content_no_spaces&#8221; el_class=&#8221;banner_titulo&#8221; css=&#8221;.vc_custom_1648651544478{background-image: url(https:\/\/turismo.benicassim.es\/wp-content\/uploads\/2022\/03\/Benicassim-1Fotoestudi-Marti-2-scaled.jpg?id=64593) !important;background-position: center !important;background-repeat: no-repeat !important;background-size: cover !important;}&#8221;][vc_column][vc_custom_heading text=&#8221;Travel Agencies in Benic\u00e0ssim&#8221; font_container=&#8221;tag:h1|font_size:40|text_align:center|color:%23ffffff&#8221; google_fonts=&#8221;font_family:Anton%3Aregular|font_style:400%20regular%3A400%3Anormal&#8221;][\/vc_column][\/vc_row][vc_row el_class=&#8221;bloque&#8221;][vc_column][vc_row_inner el_class=&#8221;row_servicios_esenciales&#8221;][vc_column_inner width=&#8221;1\/3&#8243;][vc_single_image image=&#8221;44390&#8243; img_size=&#8221;full&#8221; el_class=&#8221;imagen&#8221;][vc_custom_heading text=&#8221;Intursport Travel Services&#8221; font_container=&#8221;tag:h2|font_size:25|text_align:center|color:%2324e5e5&#8243; google_fonts=&#8221;font_family:Anton%3Aregular|font_style:400%20regular%3A400%3Anormal&#8221;][vc_column_text el_class=&#8221;info&#8221;]<strong>Address<\/strong>: Avenida Ferrandis Salvador, 188<br \/>\n<strong>Phone<\/strong>:\u00a0964 343 701<br \/>\n<strong>Mail<\/strong>: <a href=\"mailto:infointursports@intur.com\">infointursports@intur.com<\/a><br \/>\n<strong>Web<\/strong>: <a href=\"http:\/\/www.intursportstravelservices.com\/\" target=\"_blank\" rel=\"noopener noreferrer\">www.intursportstravelservices.com\/<\/a><\/p>\n<p><a class=\"boton\" href=\"\/lugar\/intursports-travel-services\/\">Read more<\/a>[\/vc_column_text][\/vc_column_inner][vc_column_inner width=&#8221;1\/3&#8243;][vc_single_image image=&#8221;43240&#8243; img_size=&#8221;full&#8221; el_class=&#8221;imagen&#8221;][vc_custom_heading text=&#8221;B Travel&#8221; font_container=&#8221;tag:h2|font_size:25|text_align:center|color:%2324e5e5&#8243; google_fonts=&#8221;font_family:Anton%3Aregular|font_style:400%20regular%3A400%3Anormal&#8221;][vc_column_text el_class=&#8221;info&#8221;]<strong>Address<\/strong>: C\/ Jutge Manuel Gual i Miravet, 2 Bj Dcha<br \/>\n<strong>Phone<\/strong>: 964 81 22 90<br \/>\n<strong>Mail<\/strong>: <a href=\"mailto:benicasim@bthetravelbrand.com\">benicasim@btravel.com<\/a><br \/>\n<strong>Web<\/strong>: <a href=\"http:\/\/www.bthetravelbrand.com\/1883\" target=\"_blank\" rel=\"noopener noreferrer\">www.bthetravelbrand.com\/1883<\/a><\/p>\n<p><a class=\"boton\" href=\"\/en\/lugar\/b-the-travel-brand\/\">Read more<\/a>[\/vc_column_text][\/vc_column_inner][vc_column_inner width=&#8221;1\/3&#8243;][vc_single_image image=&#8221;43706&#8243; img_size=&#8221;full&#8221; el_class=&#8221;imagen&#8221;][vc_custom_heading text=&#8221;Itinerantur&#8221; font_container=&#8221;tag:h2|font_size:25|text_align:center|color:%2324e5e5&#8243; google_fonts=&#8221;font_family:Anton%3Aregular|font_style:400%20regular%3A400%3Anormal&#8221;][vc_column_text el_class=&#8221;info&#8221;]<strong>Address<\/strong>: Avenida Ferrandis Salvador, 60<br \/>\n<strong>Phone<\/strong>:\u00a0611 496 058<br \/>\n<strong>Mail<\/strong>: <a href=\"mailto:info@itinerantur.com\" target=\"_blank\" rel=\"noopener noreferrer\">info@itinerantur.com<\/a><br \/>\n<strong>Web<\/strong>: <a href=\"https:\/\/itinerantur.com\/\">itinerantur.com<\/a><\/p>\n<p><a class=\"boton\" href=\"\/en\/lugar\/itinerantur\/\">Read more<\/a>[\/vc_column_text][\/vc_column_inner][\/vc_row_inner][vc_row_inner el_class=&#8221;row_servicios_esenciales&#8221;][vc_column_inner width=&#8221;1\/3&#8243;][vc_single_image image=&#8221;71521&#8243; img_size=&#8221;full&#8221; alignment=&#8221;center&#8221; el_class=&#8221;imagen&#8221;][vc_custom_heading text=&#8221;Babel Viajes &#8211; Online Travel Agency&#8221; font_container=&#8221;tag:h2|font_size:25|text_align:center|color:%2324e5e5&#8243; google_fonts=&#8221;font_family:Anton%3Aregular|font_style:400%20regular%3A400%3Anormal&#8221;][vc_column_text el_class=&#8221;info&#8221;]<strong>Address<\/strong>: C\/ Senillar, 5<br \/>\n<strong>Phone<\/strong>: 964 860 588<br \/>\n<strong>WhatsApp:<\/strong>\u00a0623 262 356<br \/>\n<strong>Mail<\/strong>:\u00a0<a href=\"mailto:info@babelviajes.es\" target=\"_blank\" rel=\"noopener noreferrer\">info@babelviajes.es<\/a><br \/>\n<strong>Web<\/strong>:\u00a0<a href=\"https:\/\/turismo.benicassim.es\/servicios\/servicios-esenciales\/agencias-de-viajes\/www.babelviajes.online\">www.babelviajes.online<\/a><\/p>\n<p>[\/vc_column_text][\/vc_column_inner][vc_column_inner width=&#8221;1\/3&#8243;][\/vc_column_inner][vc_column_inner width=&#8221;1\/3&#8243;][\/vc_column_inner][\/vc_row_inner][\/vc_column][\/vc_row]<\/p>\n","protected":false},"excerpt":{"rendered":"<p>[vc_row full_width=&#8221;stretch_row&#8221; el_class=&#8221;breadcrumb-container banner letra-montserrat&#8221;][vc_column][\/vc_column][\/vc_row][vc_row full_width=&#8221;stretch_row_content_no_spaces&#8221; el_class=&#8221;banner_titulo&#8221; css=&#8221;.vc_custom_1648651544478{background-image: url(https:\/\/turismo.benicassim.es\/wp-content\/uploads\/2022\/03\/Benicassim-1Fotoestudi-Marti-2-scaled.jpg?id=64593) !important;background-position: center !important;background-repeat: no-repeat !important;background-size: cover !important;}&#8221;][vc_column][vc_custom_heading text=&#8221;Travel Agencies in Benic\u00e0ssim&#8221; font_container=&#8221;tag:h1|font_size:40|text_align:center|color:%23ffffff&#8221; google_fonts=&#8221;font_family:Anton%3Aregular|font_style:400%20regular%3A400%3Anormal&#8221;][\/vc_column][\/vc_row][vc_row el_class=&#8221;bloque&#8221;][vc_column][vc_row_inner el_class=&#8221;row_servicios_esenciales&#8221;][vc_column_inner width=&#8221;1\/3&#8243;][vc_single_image image=&#8221;44390&#8243; img_size=&#8221;full&#8221; el_class=&#8221;imagen&#8221;][vc_custom_heading text=&#8221;Intursport Travel Services&#8221; font_container=&#8221;tag:h2|font_size:25|text_align:center|color:%2324e5e5&#8243; google_fonts=&#8221;font_family:Anton%3Aregular|font_style:400%20regular%3A400%3Anormal&#8221;][vc_column_text el_class=&#8221;info&#8221;]Address: Avenida Ferrandis Salvador, 188 Phone:\u00a0964 343 701 Mail: infointursports@intur.com Web: www.intursportstravelservices.com\/ Read more[\/vc_column_text][\/vc_column_inner][vc_column_inner width=&#8221;1\/3&#8243;][vc_single_image image=&#8221;43240&#8243; img_size=&#8221;full&#8221; el_class=&#8221;imagen&#8221;][vc_custom_heading text=&#8221;B Travel&#8221; font_container=&#8221;tag:h2|font_size:25|text_align:center|color:%2324e5e5&#8243; google_fonts=&#8221;font_family:Anton%3Aregular|font_style:400%20regular%3A400%3Anormal&#8221;][vc_column_text [&hellip;]<\/p>\n","protected":false},"author":1,"featured_media":0,"parent":39666,"menu_order":0,"comment_status":"closed","ping_status":"closed","template":"","meta":{"_acf_changed":false,"footnotes":""},"class_list":["post-39668","page","type-page","status-publish","hentry"],"acf":[],"yoast_head":"<!-- This site is optimized with the Yoast SEO plugin v27.1.1 - https:\/\/yoast.com\/product\/yoast-seo-wordpress\/ -->\n<title>Travel Agencies in Benic\u00e0ssim - Benic\u00e0ssim Tourism<\/title>\n<meta name=\"description\" content=\"Where can you find a travel agency in Benic\u00e1sim. From the tourist office we suggest places that may be useful to you.\" \/>\n<meta name=\"robots\" content=\"index, follow, max-snippet:-1, max-image-preview:large, max-video-preview:-1\" \/>\n<link rel=\"canonical\" href=\"https:\/\/turismo.benicassim.es\/en\/services\/essential-services\/agencias-de-viajes\/\" \/>\n<meta property=\"og:locale\" content=\"en_US\" \/>\n<meta property=\"og:type\" content=\"article\" \/>\n<meta property=\"og:title\" content=\"Travel Agencies in Benic\u00e0ssim - Benic\u00e0ssim Tourism\" \/>\n<meta property=\"og:description\" content=\"Where can you find a travel agency in Benic\u00e1sim. From the tourist office we suggest places that may be useful to you.\" \/>\n<meta property=\"og:url\" content=\"https:\/\/turismo.benicassim.es\/en\/services\/essential-services\/agencias-de-viajes\/\" \/>\n<meta property=\"og:site_name\" content=\"Benic\u00e0ssim Turismo\" \/>\n<meta property=\"article:modified_time\" content=\"2024-04-24T15:32:29+00:00\" \/>\n<meta name=\"twitter:card\" content=\"summary_large_image\" \/>\n<meta name=\"twitter:label1\" content=\"Est. reading time\" \/>\n\t<meta name=\"twitter:data1\" content=\"1 minute\" \/>\n<script type=\"application\/ld+json\" class=\"yoast-schema-graph\">{\"@context\":\"https:\/\/schema.org\",\"@graph\":[{\"@type\":\"WebPage\",\"@id\":\"https:\/\/turismo.benicassim.es\/en\/services\/essential-services\/agencias-de-viajes\/\",\"url\":\"https:\/\/turismo.benicassim.es\/en\/services\/essential-services\/agencias-de-viajes\/\",\"name\":\"Travel Agencies in Benic\u00e0ssim - Benic\u00e0ssim Tourism\",\"isPartOf\":{\"@id\":\"https:\/\/turismo.benicassim.es\/en\/#website\"},\"datePublished\":\"2021-02-22T10:54:05+00:00\",\"dateModified\":\"2024-04-24T15:32:29+00:00\",\"description\":\"Where can you find a travel agency in Benic\u00e1sim. From the tourist office we suggest places that may be useful to you.\",\"breadcrumb\":{\"@id\":\"https:\/\/turismo.benicassim.es\/en\/services\/essential-services\/agencias-de-viajes\/#breadcrumb\"},\"inLanguage\":\"en-US\",\"potentialAction\":[{\"@type\":\"ReadAction\",\"target\":[\"https:\/\/turismo.benicassim.es\/en\/services\/essential-services\/agencias-de-viajes\/\"]}]},{\"@type\":\"BreadcrumbList\",\"@id\":\"https:\/\/turismo.benicassim.es\/en\/services\/essential-services\/agencias-de-viajes\/#breadcrumb\",\"itemListElement\":[{\"@type\":\"ListItem\",\"position\":1,\"name\":\"Inicio\",\"item\":\"https:\/\/turismo.benicassim.es\/en\/\"},{\"@type\":\"ListItem\",\"position\":2,\"name\":\"Services\",\"item\":\"https:\/\/turismo.benicassim.es\/en\/services\/\"},{\"@type\":\"ListItem\",\"position\":3,\"name\":\"Essential Services\",\"item\":\"https:\/\/turismo.benicassim.es\/en\/services\/essential-services\/\"},{\"@type\":\"ListItem\",\"position\":4,\"name\":\"Travel Agencies\"}]},{\"@type\":\"WebSite\",\"@id\":\"https:\/\/turismo.benicassim.es\/en\/#website\",\"url\":\"https:\/\/turismo.benicassim.es\/en\/\",\"name\":\"Benic\u00e0ssim Turismo\",\"description\":\"Web de informaci\u00f3n de Turismo en Benicasim\",\"potentialAction\":[{\"@type\":\"SearchAction\",\"target\":{\"@type\":\"EntryPoint\",\"urlTemplate\":\"https:\/\/turismo.benicassim.es\/en\/?s={search_term_string}\"},\"query-input\":{\"@type\":\"PropertyValueSpecification\",\"valueRequired\":true,\"valueName\":\"search_term_string\"}}],\"inLanguage\":\"en-US\"}]}<\/script>\n<!-- \/ Yoast SEO plugin. -->","yoast_head_json":{"title":"Travel Agencies in Benic\u00e0ssim - Benic\u00e0ssim Tourism","description":"Where can you find a travel agency in Benic\u00e1sim. From the tourist office we suggest places that may be useful to you.","robots":{"index":"index","follow":"follow","max-snippet":"max-snippet:-1","max-image-preview":"max-image-preview:large","max-video-preview":"max-video-preview:-1"},"canonical":"https:\/\/turismo.benicassim.es\/en\/services\/essential-services\/agencias-de-viajes\/","og_locale":"en_US","og_type":"article","og_title":"Travel Agencies in Benic\u00e0ssim - Benic\u00e0ssim Tourism","og_description":"Where can you find a travel agency in Benic\u00e1sim. From the tourist office we suggest places that may be useful to you.","og_url":"https:\/\/turismo.benicassim.es\/en\/services\/essential-services\/agencias-de-viajes\/","og_site_name":"Benic\u00e0ssim Turismo","article_modified_time":"2024-04-24T15:32:29+00:00","twitter_card":"summary_large_image","twitter_misc":{"Est. reading time":"1 minute"},"schema":{"@context":"https:\/\/schema.org","@graph":[{"@type":"WebPage","@id":"https:\/\/turismo.benicassim.es\/en\/services\/essential-services\/agencias-de-viajes\/","url":"https:\/\/turismo.benicassim.es\/en\/services\/essential-services\/agencias-de-viajes\/","name":"Travel Agencies in Benic\u00e0ssim - Benic\u00e0ssim Tourism","isPartOf":{"@id":"https:\/\/turismo.benicassim.es\/en\/#website"},"datePublished":"2021-02-22T10:54:05+00:00","dateModified":"2024-04-24T15:32:29+00:00","description":"Where can you find a travel agency in Benic\u00e1sim. From the tourist office we suggest places that may be useful to you.","breadcrumb":{"@id":"https:\/\/turismo.benicassim.es\/en\/services\/essential-services\/agencias-de-viajes\/#breadcrumb"},"inLanguage":"en-US","potentialAction":[{"@type":"ReadAction","target":["https:\/\/turismo.benicassim.es\/en\/services\/essential-services\/agencias-de-viajes\/"]}]},{"@type":"BreadcrumbList","@id":"https:\/\/turismo.benicassim.es\/en\/services\/essential-services\/agencias-de-viajes\/#breadcrumb","itemListElement":[{"@type":"ListItem","position":1,"name":"Inicio","item":"https:\/\/turismo.benicassim.es\/en\/"},{"@type":"ListItem","position":2,"name":"Services","item":"https:\/\/turismo.benicassim.es\/en\/services\/"},{"@type":"ListItem","position":3,"name":"Essential Services","item":"https:\/\/turismo.benicassim.es\/en\/services\/essential-services\/"},{"@type":"ListItem","position":4,"name":"Travel Agencies"}]},{"@type":"WebSite","@id":"https:\/\/turismo.benicassim.es\/en\/#website","url":"https:\/\/turismo.benicassim.es\/en\/","name":"Benic\u00e0ssim Turismo","description":"Web de informaci\u00f3n de Turismo en Benicasim","potentialAction":[{"@type":"SearchAction","target":{"@type":"EntryPoint","urlTemplate":"https:\/\/turismo.benicassim.es\/en\/?s={search_term_string}"},"query-input":{"@type":"PropertyValueSpecification","valueRequired":true,"valueName":"search_term_string"}}],"inLanguage":"en-US"}]}},"_links":{"self":[{"href":"https:\/\/turismo.benicassim.es\/en\/wp-json\/wp\/v2\/pages\/39668","targetHints":{"allow":["GET"]}}],"collection":[{"href":"https:\/\/turismo.benicassim.es\/en\/wp-json\/wp\/v2\/pages"}],"about":[{"href":"https:\/\/turismo.benicassim.es\/en\/wp-json\/wp\/v2\/types\/page"}],"author":[{"embeddable":true,"href":"https:\/\/turismo.benicassim.es\/en\/wp-json\/wp\/v2\/users\/1"}],"replies":[{"embeddable":true,"href":"https:\/\/turismo.benicassim.es\/en\/wp-json\/wp\/v2\/comments?post=39668"}],"version-history":[{"count":17,"href":"https:\/\/turismo.benicassim.es\/en\/wp-json\/wp\/v2\/pages\/39668\/revisions"}],"predecessor-version":[{"id":75747,"href":"https:\/\/turismo.benicassim.es\/en\/wp-json\/wp\/v2\/pages\/39668\/revisions\/75747"}],"up":[{"embeddable":true,"href":"https:\/\/turismo.benicassim.es\/en\/wp-json\/wp\/v2\/pages\/39666"}],"wp:attachment":[{"href":"https:\/\/turismo.benicassim.es\/en\/wp-json\/wp\/v2\/media?parent=39668"}],"curies":[{"name":"wp","href":"https:\/\/api.w.org\/{rel}","templated":true}]}}