{"id":39695,"date":"2021-02-19T12:17:07","date_gmt":"2021-02-19T12:17:07","guid":{"rendered":"http:\/\/bturismo.atic.green\/?page_id=39695"},"modified":"2024-04-24T17:22:19","modified_gmt":"2024-04-24T15:22:19","slug":"clinicas-salud","status":"publish","type":"page","link":"https:\/\/turismo.benicassim.es\/en\/services\/essential-services\/clinicas-salud\/","title":{"rendered":"Health Clinics"},"content":{"rendered":"<p>[vc_row full_width=&#8221;stretch_row&#8221; el_class=&#8221;breadcrumb-container banner letra-montserrat&#8221;][vc_column]<div class=\"my-breadcrumb\" style=\"display:inline-block;\"><a href=\"https:\/\/turismo.benicassim.es\/en\/\" class=\"link-color-2\">Home<\/a> \/ <span>Health Clinics<\/span><\/div>[\/vc_column][\/vc_row][vc_row full_width=&#8221;stretch_row_content_no_spaces&#8221; el_class=&#8221;banner_titulo&#8221; css=&#8221;.vc_custom_1614166571400{background-image: url(https:\/\/turismo.benicassim.es\/wp-content\/uploads\/2021\/02\/clinica_salud-scaled.jpg?id=37789) !important;background-position: center !important;background-repeat: no-repeat !important;background-size: cover !important;}&#8221;][vc_column][vc_column_text el_class=&#8221;titulo&#8221;]<\/p>\n<h1 style=\"text-align: center;\">Health Clinics at Benic\u00e0ssim<\/h1>\n<p>[\/vc_column_text][\/vc_column][\/vc_row][vc_row el_class=&#8221;bloque&#8221;][vc_column][vc_row_inner el_class=&#8221;row_servicios_esenciales&#8221;][vc_column_inner width=&#8221;1\/4&#8243;][vc_single_image image=&#8221;31681&#8243; img_size=&#8221;full&#8221; el_class=&#8221;imagen&#8221;][vc_column_text el_class=&#8221;titulo&#8221;]Cl\u00ednica Dental Benic\u00e0ssim[\/vc_column_text][vc_column_text el_class=&#8221;info&#8221;]<strong>Address:<\/strong> Avenida de Castell\u00f3n, 56<br \/>\n<strong>Phone:<\/strong> 964 84 16 71<br \/>\n<strong>Emergencies:<\/strong> 665 78 76 73<br \/>\n<strong>Mail:<\/strong> <a href=\"mailto:contacto@clinicadentalbenicassim.com\">contacto@clinicadentalbenicassim.com<\/a><br \/>\n<strong>Comments:<\/strong> Dentistry services, implants, surgery, endodontics. Opening hours from 10h to 13h and 16h to 20h.<br \/>\nThey also have dental vacation packages in collaboration with Kinesis Fisioterapia.[\/vc_column_text][\/vc_column_inner][vc_column_inner width=&#8221;1\/4&#8243;][vc_single_image image=&#8221;27106&#8243; img_size=&#8221;medium&#8221; alignment=&#8221;center&#8221; el_class=&#8221;imagen&#8221;][vc_column_text el_class=&#8221;titulo&#8221;]Beninatura[\/vc_column_text][vc_column_text el_class=&#8221;info&#8221;]<strong>Address:<\/strong> C\/ Santo Tom\u00e1s, 127<br \/>\n<strong>Phone:<\/strong> 659929209<br \/>\n<strong>Mail:<\/strong> <a href=\"mailto:esther@beninatura.es\">esther@beninatura.es<\/a><br \/>\n<strong>Web:<\/strong> <a href=\"http:\/\/www.beninatura.es\" target=\"_blank\" rel=\"noopener noreferrer\">www.beninatura.es<\/a><br \/>\n<strong>Comments:<\/strong> Natural therapies clinic[\/vc_column_text][\/vc_column_inner][vc_column_inner width=&#8221;1\/4&#8243;][vc_single_image image=&#8221;26864&#8243; img_size=&#8221;full&#8221; alignment=&#8221;center&#8221; el_class=&#8221;imagen&#8221;][vc_column_text el_class=&#8221;titulo&#8221;]Opticalia Benic\u00e0ssim \u2013 \u00d3ptica[\/vc_column_text][vc_column_text el_class=&#8221;info&#8221;]<strong>Address:<\/strong> C\/ Santo Tom\u00e1s, 77<br \/>\n<strong>Phone:<\/strong> 964 30 58 91[\/vc_column_text][\/vc_column_inner][vc_column_inner width=&#8221;1\/4&#8243;][vc_single_image image=&#8221;26866&#8243; img_size=&#8221;full&#8221; alignment=&#8221;center&#8221; el_class=&#8221;imagen&#8221;][vc_column_text el_class=&#8221;titulo&#8221;]Cl\u00ednica Dental Miriam Arbas[\/vc_column_text][vc_column_text el_class=&#8221;info&#8221;]<strong>Address:<\/strong> C\/ Bad Salzdetfurth, 9, bajo 1<br \/>\n<strong>Phone:<\/strong> 964 19 93 84<br \/>\n<strong>Mail:<\/strong> <a href=\"mailto:info@miriamarbas.com\">info@miriamarbas.com<\/a><br \/>\n<strong>Web:<\/strong> <a href=\"http:\/\/www.miriamarbas.com\" target=\"_blank\" rel=\"noopener noreferrer\">www.miriamarbas.com<\/a>[\/vc_column_text][\/vc_column_inner][\/vc_row_inner][vc_row_inner el_class=&#8221;row_servicios_esenciales&#8221;][vc_column_inner width=&#8221;1\/4&#8243;][vc_single_image image=&#8221;37575&#8243; img_size=&#8221;full&#8221; el_class=&#8221;imagen&#8221;][vc_column_text el_class=&#8221;titulo&#8221;]Orbe Centro Podol\u00f3gico[\/vc_column_text][vc_column_text el_class=&#8221;info&#8221;]<strong>Address:<\/strong> C\/ Leopoldo Querol, 29 bajo<br \/>\n<strong>Phone:<\/strong> 605 386 658<br \/>\n<strong>Opening hours:<\/strong> Tuesday and Thursday: From 10:00h to 13:30h and 16:00h to 20:00h \/\/ Friday: From 16:30h to 20:00h[\/vc_column_text][\/vc_column_inner][vc_column_inner width=&#8221;1\/4&#8243;][vc_single_image image=&#8221;42689&#8243; img_size=&#8221;full&#8221; alignment=&#8221;center&#8221; el_class=&#8221;imagen&#8221;][vc_column_text el_class=&#8221;titulo&#8221;]Centro \u00d3ptico Benic\u00e0ssim[\/vc_column_text][vc_column_text el_class=&#8221;info&#8221;]<strong>Address:<\/strong> Sant Tom\u00e0s, 77 bajo<br \/>\n<strong>Phone:<\/strong> 964 30 40 09<br \/>\n<strong>Web:\u00a0<\/strong><a href=\"https:\/\/www.centroopticobenicasim.com\/\">https:\/\/www.centroopticobenicasim.com\/<\/a>[\/vc_column_text][\/vc_column_inner][vc_column_inner width=&#8221;1\/4&#8243;][vc_single_image image=&#8221;37577&#8243; img_size=&#8221;full&#8221; el_class=&#8221;imagen&#8221;][vc_column_text el_class=&#8221;titulo&#8221;]Cl\u00ednica del Pie[\/vc_column_text][vc_column_text el_class=&#8221;info&#8221;]<strong>Address:<\/strong> C\/ Cristobal Col\u00f3n, 1. Local 3<br \/>\n<strong>Phone:<\/strong> 964 10 36 70<br \/>\n<strong>Comments:<\/strong> Podiatry clinic that offers adequate treatment and care of the skin and nails, as well as a correct diagnosis of foot diseases. All this with a personalized treatment and careful attention.[\/vc_column_text][\/vc_column_inner][vc_column_inner width=&#8221;1\/4&#8243;][vc_single_image image=&#8221;42690&#8243; img_size=&#8221;medium&#8221; alignment=&#8221;center&#8221; el_class=&#8221;imagen&#8221;][vc_column_text el_class=&#8221;titulo&#8221;]Cl\u00ednica Dental Dr. Aparici Sim\u00f3n[\/vc_column_text][vc_column_text el_class=&#8221;info&#8221;]<strong>Address:<\/strong> St. Tom\u00e0s, 48 &#8211; 3\u00ba<br \/>\n<strong>Phone:<\/strong> 964 30 44 94[\/vc_column_text][\/vc_column_inner][\/vc_row_inner][vc_row_inner el_class=&#8221;row_servicios_esenciales&#8221;][vc_column_inner width=&#8221;1\/4&#8243;][vc_single_image image=&#8221;42687&#8243; img_size=&#8221;full&#8221; alignment=&#8221;center&#8221; el_class=&#8221;imagen&#8221;][vc_column_text el_class=&#8221;titulo&#8221;]Cl\u00ednica Dental Zald\u00edvar[\/vc_column_text][vc_column_text el_class=&#8221;info&#8221;]<strong>Address:<\/strong> C\/ Garc\u00eda Sang\u00fcesa, 12 bajo<br \/>\n<strong>Phone:<\/strong> 964 39 02 79<br \/>\n<strong>Comments:<\/strong> General dentistry, prosthodontics, endodontics, periodontics, oral surgery, implantology, orthodontics, pediatric dentistry, dental aesthetics, whitening. Schedule from 16h to 20h.[\/vc_column_text][\/vc_column_inner][vc_column_inner width=&#8221;1\/4&#8243;][vc_single_image image=&#8221;26419&#8243; img_size=&#8221;full&#8221; el_class=&#8221;imagen&#8221;][vc_column_text el_class=&#8221;titulo&#8221;]An\u00e1lisis Cl\u00ednicos Lid\u00f3n Badenes[\/vc_column_text][vc_column_text el_class=&#8221;info&#8221;]<strong>Address:<\/strong> C\/Bad Salzdetfurth, 1 &#8211; 1\u00ba C<br \/>\n<strong>Phone:<\/strong> 964 30 36 14<br \/>\n<strong>Comments:<\/strong> Clinical Analysis, Molecular Diagnostics and Laboratory Tests[\/vc_column_text][\/vc_column_inner][vc_column_inner width=&#8221;1\/4&#8243;][vc_single_image image=&#8221;42450&#8243; img_size=&#8221;full&#8221; alignment=&#8221;center&#8221; el_class=&#8221;imagen&#8221;][vc_column_text el_class=&#8221;titulo&#8221;]Javier Capdevila[\/vc_column_text][vc_column_text el_class=&#8221;info&#8221;]<strong>Address:<\/strong> C\/ Bad Salzdetfuth, 1-1\u00baC<br \/>\n<strong>Phone:<\/strong> 695 02 91 49<br \/>\n<strong>Comments:<\/strong> open in the afternoons[\/vc_column_text][\/vc_column_inner][vc_column_inner width=&#8221;1\/4&#8243;][vc_single_image image=&#8221;69573&#8243; img_size=&#8221;full&#8221; alignment=&#8221;center&#8221; el_class=&#8221;imagen&#8221;][vc_column_text el_class=&#8221;titulo&#8221;]Multi\u00f3pticas Benic\u00e0ssim[\/vc_column_text][vc_column_text el_class=&#8221;info&#8221;]<strong>Address:<\/strong>\u00a0 Castell\u00f3n Avenue, 24<br \/>\n<strong>Phone:<\/strong> 964 094 234[\/vc_column_text][\/vc_column_inner][\/vc_row_inner][vc_row_inner el_class=&#8221;row_servicios_esenciales&#8221;][vc_column_inner width=&#8221;1\/4&#8243;][vc_single_image image=&#8221;42445&#8243; img_size=&#8221;full&#8221; alignment=&#8221;center&#8221; el_class=&#8221;imagen&#8221;][vc_column_text el_class=&#8221;titulo&#8221;]Cl\u00ednica Dental <span style=\"font-weight: 400;\">Urko T\u00e1rrega<\/span>[\/vc_column_text][vc_column_text el_class=&#8221;info&#8221;]<strong>Address:<\/strong> <span style=\"font-weight: 400;\">C\/ Jutge Manuel Gual miravet, 4 bajo<\/span><br \/>\n<strong>Phone:<\/strong> <span style=\"font-weight: 400;\">964 84 68 70<\/span>[\/vc_column_text][\/vc_column_inner][vc_column_inner width=&#8221;1\/4&#8243;][vc_single_image image=&#8221;27599&#8243; img_size=&#8221;full&#8221; alignment=&#8221;center&#8221; el_class=&#8221;imagen&#8221;][vc_column_text el_class=&#8221;titulo&#8221;]Kinesis[\/vc_column_text][vc_column_text el_class=&#8221;info&#8221;]<strong>Address:<\/strong> C\/ Desert, 2 bajo<br \/>\n<strong>Phone:<\/strong> 964 30 02 75<br \/>\n<strong>Mail<\/strong>:\u00a0<a href=\"mailto:kinesis@kinesis.es\">kinesis@kinesis.es<\/a>[\/vc_column_text][\/vc_column_inner][vc_column_inner width=&#8221;1\/4&#8243;][vc_single_image image=&#8221;27651&#8243; img_size=&#8221;full&#8221; el_class=&#8221;imagen&#8221;][vc_column_text el_class=&#8221;titulo&#8221;]<span style=\"font-weight: 400;\">Mar\u00eda Silvestre Fisioterapeuta<\/span>[\/vc_column_text][vc_column_text el_class=&#8221;info&#8221;]<strong>Address:<\/strong> Plaza de la Estaci\u00f3n, 2<br \/>\n<strong>Phone:<\/strong> 964 30 14 60<br \/>\n<strong>Mail:\u00a0<\/strong><a href=\"mailto:info@mariasilvestre.es\" target=\"_blank\" rel=\"noopener noreferrer\">info@mariasilvestre.es<\/a><br \/>\n<strong>Web:<\/strong>\u00a0<a href=\"http:\/\/www.mariasilvestre.es\/\" target=\"_blank\" rel=\"noopener noreferrer\">www.mariasilvestre.es<\/a>[\/vc_column_text][\/vc_column_inner][vc_column_inner width=&#8221;1\/4&#8243;][vc_single_image image=&#8221;75734&#8243; img_size=&#8221;full&#8221; el_class=&#8221;imagen&#8221;][vc_column_text el_class=&#8221;titulo&#8221;]Roots Benic\u00e0ssim[\/vc_column_text][vc_column_text el_class=&#8221;info&#8221;]<strong>Address:<\/strong> Av. Castell\u00f3, 17<br \/>\n<strong>Phone:<\/strong> 722 24 30 56<br \/>\n<strong>Mail:\u00a0<\/strong><a href=\"mailto:info@mariasilvestre.es\" target=\"_blank\" rel=\"noopener noreferrer\">info@mariasilvestre.es<\/a><br \/>\n<strong>Web:<\/strong> <a href=\"http:\/\/www.rootscenter.es\"><span style=\"font-weight: 400;\">www.rootscenter.es<\/span><\/a>[\/vc_column_text][\/vc_column_inner][\/vc_row_inner][vc_row_inner el_class=&#8221;row_servicios_esenciales&#8221;][vc_column_inner width=&#8221;1\/4&#8243;][vc_single_image image=&#8221;75737&#8243; img_size=&#8221;full&#8221; alignment=&#8221;center&#8221; el_class=&#8221;imagen&#8221;][vc_column_text el_class=&#8221;titulo&#8221;]Cl\u00ednica Miguel Gimeno[\/vc_column_text][vc_column_text el_class=&#8221;info&#8221;]<strong>Address:<\/strong> C\/ Salinas de Santo Pola, 4<br \/>\n<strong>Phone:<\/strong> 604 97 26 91<br \/>\n<strong>Web:\u00a0<\/strong><a href=\"https:\/\/clinicamiguelgimeno.es\/\">https:\/\/clinicamiguelgimeno.es\/<\/a>[\/vc_column_text][\/vc_column_inner][vc_column_inner width=&#8221;1\/4&#8243;][\/vc_column_inner][vc_column_inner width=&#8221;1\/4&#8243;][\/vc_column_inner][vc_column_inner width=&#8221;1\/4&#8243;][\/vc_column_inner][\/vc_row_inner][\/vc_column][\/vc_row]<\/p>\n","protected":false},"excerpt":{"rendered":"<p>[vc_row full_width=&#8221;stretch_row&#8221; el_class=&#8221;breadcrumb-container banner letra-montserrat&#8221;][vc_column][\/vc_column][\/vc_row][vc_row full_width=&#8221;stretch_row_content_no_spaces&#8221; el_class=&#8221;banner_titulo&#8221; css=&#8221;.vc_custom_1614166571400{background-image: url(https:\/\/turismo.benicassim.es\/wp-content\/uploads\/2021\/02\/clinica_salud-scaled.jpg?id=37789) !important;background-position: center !important;background-repeat: no-repeat !important;background-size: cover !important;}&#8221;][vc_column][vc_column_text el_class=&#8221;titulo&#8221;] Health Clinics at Benic\u00e0ssim [\/vc_column_text][\/vc_column][\/vc_row][vc_row el_class=&#8221;bloque&#8221;][vc_column][vc_row_inner el_class=&#8221;row_servicios_esenciales&#8221;][vc_column_inner width=&#8221;1\/4&#8243;][vc_single_image image=&#8221;31681&#8243; img_size=&#8221;full&#8221; el_class=&#8221;imagen&#8221;][vc_column_text el_class=&#8221;titulo&#8221;]Cl\u00ednica Dental Benic\u00e0ssim[\/vc_column_text][vc_column_text el_class=&#8221;info&#8221;]Address: Avenida de Castell\u00f3n, 56 Phone: 964 84 16 71 Emergencies: 665 78 76 73 Mail: contacto@clinicadentalbenicassim.com Comments: Dentistry services, implants, surgery, endodontics. Opening [&hellip;]<\/p>\n","protected":false},"author":1,"featured_media":0,"parent":39666,"menu_order":0,"comment_status":"closed","ping_status":"closed","template":"","meta":{"_acf_changed":false,"footnotes":""},"class_list":["post-39695","page","type-page","status-publish","hentry"],"acf":[],"yoast_head":"<!-- This site is optimized with the Yoast SEO plugin v27.1.1 - https:\/\/yoast.com\/product\/yoast-seo-wordpress\/ -->\n<title>Health Clinics in Benic\u00e0ssim - Benic\u00e0ssim Tourism<\/title>\n<meta name=\"description\" content=\"Where can you find health clinics in Benic\u00e0ssim. From the Benic\u00e0ssim Tourist Info office we help you find your best option.\" \/>\n<meta name=\"robots\" content=\"index, follow, max-snippet:-1, max-image-preview:large, max-video-preview:-1\" \/>\n<link rel=\"canonical\" href=\"https:\/\/turismo.benicassim.es\/en\/services\/essential-services\/clinicas-salud\/\" \/>\n<meta property=\"og:locale\" content=\"en_US\" \/>\n<meta property=\"og:type\" content=\"article\" \/>\n<meta property=\"og:title\" content=\"Health Clinics in Benic\u00e0ssim - Benic\u00e0ssim Tourism\" \/>\n<meta property=\"og:description\" content=\"Where can you find health clinics in Benic\u00e0ssim. From the Benic\u00e0ssim Tourist Info office we help you find your best option.\" \/>\n<meta property=\"og:url\" content=\"https:\/\/turismo.benicassim.es\/en\/services\/essential-services\/clinicas-salud\/\" \/>\n<meta property=\"og:site_name\" content=\"Benic\u00e0ssim Turismo\" \/>\n<meta property=\"article:modified_time\" content=\"2024-04-24T15:22:19+00:00\" \/>\n<meta name=\"twitter:card\" content=\"summary_large_image\" \/>\n<meta name=\"twitter:label1\" content=\"Est. reading time\" \/>\n\t<meta name=\"twitter:data1\" content=\"3 minutes\" \/>\n<script type=\"application\/ld+json\" class=\"yoast-schema-graph\">{\"@context\":\"https:\/\/schema.org\",\"@graph\":[{\"@type\":\"WebPage\",\"@id\":\"https:\/\/turismo.benicassim.es\/en\/services\/essential-services\/clinicas-salud\/\",\"url\":\"https:\/\/turismo.benicassim.es\/en\/services\/essential-services\/clinicas-salud\/\",\"name\":\"Health Clinics in Benic\u00e0ssim - Benic\u00e0ssim Tourism\",\"isPartOf\":{\"@id\":\"https:\/\/turismo.benicassim.es\/en\/#website\"},\"datePublished\":\"2021-02-19T12:17:07+00:00\",\"dateModified\":\"2024-04-24T15:22:19+00:00\",\"description\":\"Where can you find health clinics in Benic\u00e0ssim. From the Benic\u00e0ssim Tourist Info office we help you find your best option.\",\"breadcrumb\":{\"@id\":\"https:\/\/turismo.benicassim.es\/en\/services\/essential-services\/clinicas-salud\/#breadcrumb\"},\"inLanguage\":\"en-US\",\"potentialAction\":[{\"@type\":\"ReadAction\",\"target\":[\"https:\/\/turismo.benicassim.es\/en\/services\/essential-services\/clinicas-salud\/\"]}]},{\"@type\":\"BreadcrumbList\",\"@id\":\"https:\/\/turismo.benicassim.es\/en\/services\/essential-services\/clinicas-salud\/#breadcrumb\",\"itemListElement\":[{\"@type\":\"ListItem\",\"position\":1,\"name\":\"Inicio\",\"item\":\"https:\/\/turismo.benicassim.es\/en\/\"},{\"@type\":\"ListItem\",\"position\":2,\"name\":\"Services\",\"item\":\"https:\/\/turismo.benicassim.es\/en\/services\/\"},{\"@type\":\"ListItem\",\"position\":3,\"name\":\"Essential Services\",\"item\":\"https:\/\/turismo.benicassim.es\/en\/services\/essential-services\/\"},{\"@type\":\"ListItem\",\"position\":4,\"name\":\"Health Clinics\"}]},{\"@type\":\"WebSite\",\"@id\":\"https:\/\/turismo.benicassim.es\/en\/#website\",\"url\":\"https:\/\/turismo.benicassim.es\/en\/\",\"name\":\"Benic\u00e0ssim Turismo\",\"description\":\"Web de informaci\u00f3n de Turismo en Benicasim\",\"potentialAction\":[{\"@type\":\"SearchAction\",\"target\":{\"@type\":\"EntryPoint\",\"urlTemplate\":\"https:\/\/turismo.benicassim.es\/en\/?s={search_term_string}\"},\"query-input\":{\"@type\":\"PropertyValueSpecification\",\"valueRequired\":true,\"valueName\":\"search_term_string\"}}],\"inLanguage\":\"en-US\"}]}<\/script>\n<!-- \/ Yoast SEO plugin. -->","yoast_head_json":{"title":"Health Clinics in Benic\u00e0ssim - Benic\u00e0ssim Tourism","description":"Where can you find health clinics in Benic\u00e0ssim. From the Benic\u00e0ssim Tourist Info office we help you find your best option.","robots":{"index":"index","follow":"follow","max-snippet":"max-snippet:-1","max-image-preview":"max-image-preview:large","max-video-preview":"max-video-preview:-1"},"canonical":"https:\/\/turismo.benicassim.es\/en\/services\/essential-services\/clinicas-salud\/","og_locale":"en_US","og_type":"article","og_title":"Health Clinics in Benic\u00e0ssim - Benic\u00e0ssim Tourism","og_description":"Where can you find health clinics in Benic\u00e0ssim. From the Benic\u00e0ssim Tourist Info office we help you find your best option.","og_url":"https:\/\/turismo.benicassim.es\/en\/services\/essential-services\/clinicas-salud\/","og_site_name":"Benic\u00e0ssim Turismo","article_modified_time":"2024-04-24T15:22:19+00:00","twitter_card":"summary_large_image","twitter_misc":{"Est. reading time":"3 minutes"},"schema":{"@context":"https:\/\/schema.org","@graph":[{"@type":"WebPage","@id":"https:\/\/turismo.benicassim.es\/en\/services\/essential-services\/clinicas-salud\/","url":"https:\/\/turismo.benicassim.es\/en\/services\/essential-services\/clinicas-salud\/","name":"Health Clinics in Benic\u00e0ssim - Benic\u00e0ssim Tourism","isPartOf":{"@id":"https:\/\/turismo.benicassim.es\/en\/#website"},"datePublished":"2021-02-19T12:17:07+00:00","dateModified":"2024-04-24T15:22:19+00:00","description":"Where can you find health clinics in Benic\u00e0ssim. From the Benic\u00e0ssim Tourist Info office we help you find your best option.","breadcrumb":{"@id":"https:\/\/turismo.benicassim.es\/en\/services\/essential-services\/clinicas-salud\/#breadcrumb"},"inLanguage":"en-US","potentialAction":[{"@type":"ReadAction","target":["https:\/\/turismo.benicassim.es\/en\/services\/essential-services\/clinicas-salud\/"]}]},{"@type":"BreadcrumbList","@id":"https:\/\/turismo.benicassim.es\/en\/services\/essential-services\/clinicas-salud\/#breadcrumb","itemListElement":[{"@type":"ListItem","position":1,"name":"Inicio","item":"https:\/\/turismo.benicassim.es\/en\/"},{"@type":"ListItem","position":2,"name":"Services","item":"https:\/\/turismo.benicassim.es\/en\/services\/"},{"@type":"ListItem","position":3,"name":"Essential Services","item":"https:\/\/turismo.benicassim.es\/en\/services\/essential-services\/"},{"@type":"ListItem","position":4,"name":"Health Clinics"}]},{"@type":"WebSite","@id":"https:\/\/turismo.benicassim.es\/en\/#website","url":"https:\/\/turismo.benicassim.es\/en\/","name":"Benic\u00e0ssim Turismo","description":"Web de informaci\u00f3n de Turismo en Benicasim","potentialAction":[{"@type":"SearchAction","target":{"@type":"EntryPoint","urlTemplate":"https:\/\/turismo.benicassim.es\/en\/?s={search_term_string}"},"query-input":{"@type":"PropertyValueSpecification","valueRequired":true,"valueName":"search_term_string"}}],"inLanguage":"en-US"}]}},"_links":{"self":[{"href":"https:\/\/turismo.benicassim.es\/en\/wp-json\/wp\/v2\/pages\/39695","targetHints":{"allow":["GET"]}}],"collection":[{"href":"https:\/\/turismo.benicassim.es\/en\/wp-json\/wp\/v2\/pages"}],"about":[{"href":"https:\/\/turismo.benicassim.es\/en\/wp-json\/wp\/v2\/types\/page"}],"author":[{"embeddable":true,"href":"https:\/\/turismo.benicassim.es\/en\/wp-json\/wp\/v2\/users\/1"}],"replies":[{"embeddable":true,"href":"https:\/\/turismo.benicassim.es\/en\/wp-json\/wp\/v2\/comments?post=39695"}],"version-history":[{"count":18,"href":"https:\/\/turismo.benicassim.es\/en\/wp-json\/wp\/v2\/pages\/39695\/revisions"}],"predecessor-version":[{"id":75744,"href":"https:\/\/turismo.benicassim.es\/en\/wp-json\/wp\/v2\/pages\/39695\/revisions\/75744"}],"up":[{"embeddable":true,"href":"https:\/\/turismo.benicassim.es\/en\/wp-json\/wp\/v2\/pages\/39666"}],"wp:attachment":[{"href":"https:\/\/turismo.benicassim.es\/en\/wp-json\/wp\/v2\/media?parent=39695"}],"curies":[{"name":"wp","href":"https:\/\/api.w.org\/{rel}","templated":true}]}}