{"id":39698,"date":"2021-02-19T12:14:06","date_gmt":"2021-02-19T12:14:06","guid":{"rendered":"http:\/\/bturismo.atic.green\/?page_id=39698"},"modified":"2024-04-26T14:23:52","modified_gmt":"2024-04-26T12:23:52","slug":"farmacias","status":"publish","type":"page","link":"https:\/\/turismo.benicassim.es\/en\/services\/essential-services\/farmacias\/","title":{"rendered":"Pharmacies"},"content":{"rendered":"<p>[vc_row full_width=&#8221;stretch_row&#8221; el_class=&#8221;breadcrumb-container banner letra-montserrat&#8221;][vc_column]<div class=\"my-breadcrumb\" style=\"display:inline-block;\"><a href=\"https:\/\/turismo.benicassim.es\/en\/\" class=\"link-color-2\">Home<\/a> \/ <span>Pharmacies<\/span><\/div>[\/vc_column][\/vc_row][vc_row full_width=&#8221;stretch_row_content_no_spaces&#8221; el_class=&#8221;banner_titulo&#8221; css=&#8221;.vc_custom_1614166542539{background-image: url(https:\/\/turismo.benicassim.es\/wp-content\/uploads\/2021\/02\/farmacias-scaled.jpg?id=37787) !important;background-position: center !important;background-repeat: no-repeat !important;background-size: cover !important;}&#8221;][vc_column][vc_column_text el_class=&#8221;titulo&#8221;]<\/p>\n<h1 style=\"text-align: center;\">Pharmacies at Benicassim<\/h1>\n<p>[\/vc_column_text][\/vc_column][\/vc_row][vc_row el_class=&#8221;bloque&#8221;][vc_column][vc_row_inner el_class=&#8221;row_servicios_esenciales&#8221;][vc_column_inner width=&#8221;1\/4&#8243;][vc_single_image image=&#8221;44199&#8243; img_size=&#8221;full&#8221; alignment=&#8221;center&#8221; el_class=&#8221;imagen&#8221;][vc_column_text el_class=&#8221;titulo&#8221;]Farmacia Manuel Mart\u00ed Castell[\/vc_column_text][vc_column_text el_class=&#8221;info&#8221;]<strong>Address:<\/strong> C\/ Il\u00b7lustraci\u00f3 4<br \/>\n<strong>Phone:<\/strong> 964 30 58 70[\/vc_column_text][\/vc_column_inner][vc_column_inner width=&#8221;1\/4&#8243;][vc_single_image image=&#8221;43916&#8243; img_size=&#8221;full&#8221; alignment=&#8221;center&#8221; el_class=&#8221;imagen&#8221;][vc_column_text el_class=&#8221;titulo&#8221;]Farmacia M\u00aa Luz Guimer\u00e1 Salom[\/vc_column_text][vc_column_text el_class=&#8221;info&#8221;]<strong>Address:<\/strong> Av. Ferrandis Salvador, 94 Aptos. El Faro<br \/>\n<strong>Phone:<\/strong> 964 39 23 13[\/vc_column_text][\/vc_column_inner][vc_column_inner width=&#8221;1\/4&#8243;][vc_single_image image=&#8221;44205&#8243; img_size=&#8221;full&#8221; alignment=&#8221;center&#8221; el_class=&#8221;imagen&#8221;][vc_column_text el_class=&#8221;titulo&#8221;]Farmacia Ana Amor\u00f3s Grau[\/vc_column_text][vc_column_text el_class=&#8221;info&#8221;]<strong>Address:<\/strong> C\/ Sant Tom\u00e0s 18<br \/>\n<strong>Phone:<\/strong> 964 30 10 00[\/vc_column_text][\/vc_column_inner][vc_column_inner width=&#8221;1\/4&#8243;][vc_single_image image=&#8221;44204&#8243; img_size=&#8221;full&#8221; alignment=&#8221;center&#8221; el_class=&#8221;imagen&#8221;][vc_column_text el_class=&#8221;titulo&#8221;]Farmacia Irene Edo Guimer\u00e1[\/vc_column_text][vc_column_text el_class=&#8221;info&#8221;]<strong>Address:<\/strong> Av. Barcelona, 87 &#8211; Complejo Vilamar<br \/>\n<strong>Phone:<\/strong> 964 30 24 03[\/vc_column_text][\/vc_column_inner][\/vc_row_inner][vc_row_inner el_class=&#8221;row_servicios_esenciales&#8221;][vc_column_inner width=&#8221;1\/4&#8243;][vc_single_image image=&#8221;44203&#8243; img_size=&#8221;full&#8221; alignment=&#8221;center&#8221; el_class=&#8221;imagen&#8221;][vc_column_text el_class=&#8221;titulo&#8221;]Farmacia Rosario Sancho Rovira[\/vc_column_text][vc_column_text el_class=&#8221;info&#8221;]<strong>Address:<\/strong> C\/ Estatut 43<br \/>\n<strong>Phone:<\/strong> 964 30 40 51[\/vc_column_text][\/vc_column_inner][vc_column_inner width=&#8221;1\/4&#8243;][vc_single_image image=&#8221;44202&#8243; img_size=&#8221;full&#8221; alignment=&#8221;center&#8221; el_class=&#8221;imagen&#8221;][vc_column_text el_class=&#8221;titulo&#8221;]Farmacia Vernia Marco[\/vc_column_text][vc_column_text el_class=&#8221;info&#8221;]<strong>Address:<\/strong> Av. Ferrandis Salvador, 174 &#8211; Apt. Azulmar<br \/>\n<strong>Phone:<\/strong> 964 39 34 40[\/vc_column_text][\/vc_column_inner][vc_column_inner width=&#8221;1\/4&#8243;][vc_single_image image=&#8221;44201&#8243; img_size=&#8221;full&#8221; alignment=&#8221;center&#8221; el_class=&#8221;imagen&#8221;][vc_column_text el_class=&#8221;titulo&#8221;]Farmacia D. Fernandez Mateu[\/vc_column_text][vc_column_text el_class=&#8221;info&#8221;]<strong>Address:<\/strong> C\/ Sant Tom\u00e0s, 94<br \/>\n<strong>Phone:<\/strong> 964 30 48 30[\/vc_column_text][\/vc_column_inner][vc_column_inner width=&#8221;1\/4&#8243;][vc_single_image image=&#8221;44200&#8243; img_size=&#8221;full&#8221; alignment=&#8221;center&#8221; el_class=&#8221;imagen&#8221;][vc_column_text el_class=&#8221;titulo&#8221;]Farmacia Amparo Saura i Andr\u00e9s Ballester[\/vc_column_text][vc_column_text el_class=&#8221;info&#8221;]<strong>Address:<\/strong> C\/ Torre San Vicente, 8 &#8211; Aptos. Las Piscinas<br \/>\n<strong>Phone:<\/strong> 964 39 29 38[\/vc_column_text][\/vc_column_inner][\/vc_row_inner][\/vc_column][\/vc_row]<\/p>\n","protected":false},"excerpt":{"rendered":"<p>[vc_row full_width=&#8221;stretch_row&#8221; el_class=&#8221;breadcrumb-container banner letra-montserrat&#8221;][vc_column][\/vc_column][\/vc_row][vc_row full_width=&#8221;stretch_row_content_no_spaces&#8221; el_class=&#8221;banner_titulo&#8221; css=&#8221;.vc_custom_1614166542539{background-image: url(https:\/\/turismo.benicassim.es\/wp-content\/uploads\/2021\/02\/farmacias-scaled.jpg?id=37787) !important;background-position: center !important;background-repeat: no-repeat !important;background-size: cover !important;}&#8221;][vc_column][vc_column_text el_class=&#8221;titulo&#8221;] Pharmacies at Benicassim [\/vc_column_text][\/vc_column][\/vc_row][vc_row el_class=&#8221;bloque&#8221;][vc_column][vc_row_inner el_class=&#8221;row_servicios_esenciales&#8221;][vc_column_inner width=&#8221;1\/4&#8243;][vc_single_image image=&#8221;44199&#8243; img_size=&#8221;full&#8221; alignment=&#8221;center&#8221; el_class=&#8221;imagen&#8221;][vc_column_text el_class=&#8221;titulo&#8221;]Farmacia Manuel Mart\u00ed Castell[\/vc_column_text][vc_column_text el_class=&#8221;info&#8221;]Address: C\/ Il\u00b7lustraci\u00f3 4 Phone: 964 30 58 70[\/vc_column_text][\/vc_column_inner][vc_column_inner width=&#8221;1\/4&#8243;][vc_single_image image=&#8221;43916&#8243; img_size=&#8221;full&#8221; alignment=&#8221;center&#8221; el_class=&#8221;imagen&#8221;][vc_column_text el_class=&#8221;titulo&#8221;]Farmacia M\u00aa Luz Guimer\u00e1 Salom[\/vc_column_text][vc_column_text el_class=&#8221;info&#8221;]Address: Av. Ferrandis Salvador, [&hellip;]<\/p>\n","protected":false},"author":1,"featured_media":0,"parent":39666,"menu_order":0,"comment_status":"closed","ping_status":"closed","template":"","meta":{"_acf_changed":false,"footnotes":""},"class_list":["post-39698","page","type-page","status-publish","hentry"],"acf":[],"yoast_head":"<!-- This site is optimized with the Yoast SEO plugin v27.4 - https:\/\/yoast.com\/product\/yoast-seo-wordpress\/ -->\n<title>Pharmacies at Benic\u00e0ssim - Benic\u00e0ssim Tourist Info<\/title>\n<meta name=\"description\" content=\"Information about where you can find a pharmacy in Benic\u00e0ssim as well as way of contact with them. From Benicassim Info Tourist.\" \/>\n<meta name=\"robots\" content=\"index, follow, max-snippet:-1, max-image-preview:large, max-video-preview:-1\" \/>\n<link rel=\"canonical\" href=\"https:\/\/turismo.benicassim.es\/en\/services\/essential-services\/farmacias\/\" \/>\n<meta property=\"og:locale\" content=\"en_US\" \/>\n<meta property=\"og:type\" content=\"article\" \/>\n<meta property=\"og:title\" content=\"Pharmacies at Benic\u00e0ssim - Benic\u00e0ssim Tourist Info\" \/>\n<meta property=\"og:description\" content=\"Information about where you can find a pharmacy in Benic\u00e0ssim as well as way of contact with them. From Benicassim Info Tourist.\" \/>\n<meta property=\"og:url\" content=\"https:\/\/turismo.benicassim.es\/en\/services\/essential-services\/farmacias\/\" \/>\n<meta property=\"og:site_name\" content=\"Benic\u00e0ssim Turismo\" \/>\n<meta property=\"article:modified_time\" content=\"2024-04-26T12:23:52+00:00\" \/>\n<meta name=\"twitter:card\" content=\"summary_large_image\" \/>\n<meta name=\"twitter:label1\" content=\"Est. reading time\" \/>\n\t<meta name=\"twitter:data1\" content=\"3 minutes\" \/>\n<script type=\"application\/ld+json\" class=\"yoast-schema-graph\">{\"@context\":\"https:\\\/\\\/schema.org\",\"@graph\":[{\"@type\":\"WebPage\",\"@id\":\"https:\\\/\\\/turismo.benicassim.es\\\/en\\\/services\\\/essential-services\\\/farmacias\\\/\",\"url\":\"https:\\\/\\\/turismo.benicassim.es\\\/en\\\/services\\\/essential-services\\\/farmacias\\\/\",\"name\":\"Pharmacies at Benic\u00e0ssim - Benic\u00e0ssim Tourist Info\",\"isPartOf\":{\"@id\":\"https:\\\/\\\/turismo.benicassim.es\\\/en\\\/#website\"},\"datePublished\":\"2021-02-19T12:14:06+00:00\",\"dateModified\":\"2024-04-26T12:23:52+00:00\",\"description\":\"Information about where you can find a pharmacy in Benic\u00e0ssim as well as way of contact with them. From Benicassim Info Tourist.\",\"breadcrumb\":{\"@id\":\"https:\\\/\\\/turismo.benicassim.es\\\/en\\\/services\\\/essential-services\\\/farmacias\\\/#breadcrumb\"},\"inLanguage\":\"en-US\",\"potentialAction\":[{\"@type\":\"ReadAction\",\"target\":[\"https:\\\/\\\/turismo.benicassim.es\\\/en\\\/services\\\/essential-services\\\/farmacias\\\/\"]}]},{\"@type\":\"BreadcrumbList\",\"@id\":\"https:\\\/\\\/turismo.benicassim.es\\\/en\\\/services\\\/essential-services\\\/farmacias\\\/#breadcrumb\",\"itemListElement\":[{\"@type\":\"ListItem\",\"position\":1,\"name\":\"Inicio\",\"item\":\"https:\\\/\\\/turismo.benicassim.es\\\/en\\\/\"},{\"@type\":\"ListItem\",\"position\":2,\"name\":\"Services\",\"item\":\"https:\\\/\\\/turismo.benicassim.es\\\/en\\\/services\\\/\"},{\"@type\":\"ListItem\",\"position\":3,\"name\":\"Essential Services\",\"item\":\"https:\\\/\\\/turismo.benicassim.es\\\/en\\\/services\\\/essential-services\\\/\"},{\"@type\":\"ListItem\",\"position\":4,\"name\":\"Pharmacies\"}]},{\"@type\":\"WebSite\",\"@id\":\"https:\\\/\\\/turismo.benicassim.es\\\/en\\\/#website\",\"url\":\"https:\\\/\\\/turismo.benicassim.es\\\/en\\\/\",\"name\":\"Benic\u00e0ssim Turismo\",\"description\":\"Web de informaci\u00f3n de Turismo en Benicasim\",\"potentialAction\":[{\"@type\":\"SearchAction\",\"target\":{\"@type\":\"EntryPoint\",\"urlTemplate\":\"https:\\\/\\\/turismo.benicassim.es\\\/en\\\/?s={search_term_string}\"},\"query-input\":{\"@type\":\"PropertyValueSpecification\",\"valueRequired\":true,\"valueName\":\"search_term_string\"}}],\"inLanguage\":\"en-US\"}]}<\/script>\n<!-- \/ Yoast SEO plugin. -->","yoast_head_json":{"title":"Pharmacies at Benic\u00e0ssim - Benic\u00e0ssim Tourist Info","description":"Information about where you can find a pharmacy in Benic\u00e0ssim as well as way of contact with them. From Benicassim Info Tourist.","robots":{"index":"index","follow":"follow","max-snippet":"max-snippet:-1","max-image-preview":"max-image-preview:large","max-video-preview":"max-video-preview:-1"},"canonical":"https:\/\/turismo.benicassim.es\/en\/services\/essential-services\/farmacias\/","og_locale":"en_US","og_type":"article","og_title":"Pharmacies at Benic\u00e0ssim - Benic\u00e0ssim Tourist Info","og_description":"Information about where you can find a pharmacy in Benic\u00e0ssim as well as way of contact with them. From Benicassim Info Tourist.","og_url":"https:\/\/turismo.benicassim.es\/en\/services\/essential-services\/farmacias\/","og_site_name":"Benic\u00e0ssim Turismo","article_modified_time":"2024-04-26T12:23:52+00:00","twitter_card":"summary_large_image","twitter_misc":{"Est. reading time":"3 minutes"},"schema":{"@context":"https:\/\/schema.org","@graph":[{"@type":"WebPage","@id":"https:\/\/turismo.benicassim.es\/en\/services\/essential-services\/farmacias\/","url":"https:\/\/turismo.benicassim.es\/en\/services\/essential-services\/farmacias\/","name":"Pharmacies at Benic\u00e0ssim - Benic\u00e0ssim Tourist Info","isPartOf":{"@id":"https:\/\/turismo.benicassim.es\/en\/#website"},"datePublished":"2021-02-19T12:14:06+00:00","dateModified":"2024-04-26T12:23:52+00:00","description":"Information about where you can find a pharmacy in Benic\u00e0ssim as well as way of contact with them. From Benicassim Info Tourist.","breadcrumb":{"@id":"https:\/\/turismo.benicassim.es\/en\/services\/essential-services\/farmacias\/#breadcrumb"},"inLanguage":"en-US","potentialAction":[{"@type":"ReadAction","target":["https:\/\/turismo.benicassim.es\/en\/services\/essential-services\/farmacias\/"]}]},{"@type":"BreadcrumbList","@id":"https:\/\/turismo.benicassim.es\/en\/services\/essential-services\/farmacias\/#breadcrumb","itemListElement":[{"@type":"ListItem","position":1,"name":"Inicio","item":"https:\/\/turismo.benicassim.es\/en\/"},{"@type":"ListItem","position":2,"name":"Services","item":"https:\/\/turismo.benicassim.es\/en\/services\/"},{"@type":"ListItem","position":3,"name":"Essential Services","item":"https:\/\/turismo.benicassim.es\/en\/services\/essential-services\/"},{"@type":"ListItem","position":4,"name":"Pharmacies"}]},{"@type":"WebSite","@id":"https:\/\/turismo.benicassim.es\/en\/#website","url":"https:\/\/turismo.benicassim.es\/en\/","name":"Benic\u00e0ssim Turismo","description":"Web de informaci\u00f3n de Turismo en Benicasim","potentialAction":[{"@type":"SearchAction","target":{"@type":"EntryPoint","urlTemplate":"https:\/\/turismo.benicassim.es\/en\/?s={search_term_string}"},"query-input":{"@type":"PropertyValueSpecification","valueRequired":true,"valueName":"search_term_string"}}],"inLanguage":"en-US"}]}},"_links":{"self":[{"href":"https:\/\/turismo.benicassim.es\/en\/wp-json\/wp\/v2\/pages\/39698","targetHints":{"allow":["GET"]}}],"collection":[{"href":"https:\/\/turismo.benicassim.es\/en\/wp-json\/wp\/v2\/pages"}],"about":[{"href":"https:\/\/turismo.benicassim.es\/en\/wp-json\/wp\/v2\/types\/page"}],"author":[{"embeddable":true,"href":"https:\/\/turismo.benicassim.es\/en\/wp-json\/wp\/v2\/users\/1"}],"replies":[{"embeddable":true,"href":"https:\/\/turismo.benicassim.es\/en\/wp-json\/wp\/v2\/comments?post=39698"}],"version-history":[{"count":11,"href":"https:\/\/turismo.benicassim.es\/en\/wp-json\/wp\/v2\/pages\/39698\/revisions"}],"predecessor-version":[{"id":75837,"href":"https:\/\/turismo.benicassim.es\/en\/wp-json\/wp\/v2\/pages\/39698\/revisions\/75837"}],"up":[{"embeddable":true,"href":"https:\/\/turismo.benicassim.es\/en\/wp-json\/wp\/v2\/pages\/39666"}],"wp:attachment":[{"href":"https:\/\/turismo.benicassim.es\/en\/wp-json\/wp\/v2\/media?parent=39698"}],"curies":[{"name":"wp","href":"https:\/\/api.w.org\/{rel}","templated":true}]}}