{"id":39707,"date":"2021-02-19T11:53:17","date_gmt":"2021-02-19T11:53:17","guid":{"rendered":"http:\/\/bturismo.atic.green\/?page_id=39707"},"modified":"2022-12-05T10:55:24","modified_gmt":"2022-12-05T09:55:24","slug":"servicios-juridicos","status":"publish","type":"page","link":"https:\/\/turismo.benicassim.es\/en\/services\/essential-services\/servicios-juridicos\/","title":{"rendered":"Legal Services"},"content":{"rendered":"<p>[vc_row full_width=&#8221;stretch_row&#8221; el_class=&#8221;breadcrumb-container banner letra-montserrat&#8221;][vc_column]<div class=\"my-breadcrumb\" style=\"display:inline-block;\"><a href=\"https:\/\/turismo.benicassim.es\/en\/\" class=\"link-color-2\">Home<\/a> \/ <span>Legal Services<\/span><\/div>[\/vc_column][\/vc_row][vc_row full_width=&#8221;stretch_row_content_no_spaces&#8221; el_class=&#8221;banner_titulo&#8221; css=&#8221;.vc_custom_1614166401253{background-image: url(https:\/\/turismo.benicassim.es\/wp-content\/uploads\/2021\/02\/servicios_juridico-scaled.jpg?id=37786) !important;background-position: center !important;background-repeat: no-repeat !important;background-size: cover !important;}&#8221;][vc_column][vc_column_text el_class=&#8221;titulo&#8221;]<\/p>\n<h1 style=\"text-align: center;\">Legal Services at Benic\u00e0ssim<\/h1>\n<p>[\/vc_column_text][\/vc_column][\/vc_row][vc_row el_class=&#8221;bloque&#8221;][vc_column][vc_row_inner el_class=&#8221;row_servicios_esenciales&#8221;][vc_column_inner width=&#8221;1\/4&#8243;][vc_column_text el_class=&#8221;titulo&#8221;]Asesor\u00eda Benicas S.L.[\/vc_column_text][vc_single_image image=&#8221;44187&#8243; img_size=&#8221;full&#8221; alignment=&#8221;center&#8221; el_class=&#8221;imagen&#8221;][vc_column_text el_class=&#8221;info&#8221;]<strong>Address<\/strong>: C\/ M\u00e9dico Segarra, 1<br \/>\n<strong>Phone<\/strong>: 964 305 615<br \/>\n<strong>Fax:<\/strong> 964 305 615<br \/>\n<strong>Mail:<\/strong> <a href=\"mailto:info@benicasasesores.com\">info@benicasasesores.com<\/a>[\/vc_column_text][\/vc_column_inner][vc_column_inner width=&#8221;1\/4&#8243;][vc_column_text el_class=&#8221;titulo&#8221;]Asesor\u00eda Jur\u00eddica Rub\u00e9n Lacueva[\/vc_column_text][vc_single_image image=&#8221;44186&#8243; img_size=&#8221;full&#8221; alignment=&#8221;center&#8221; el_class=&#8221;imagen&#8221;][vc_column_text el_class=&#8221;info&#8221;]<strong>Address<\/strong>: C\/ Carles Salvador, 11<br \/>\n<strong>Phone<\/strong>: 964 30 15 80<br \/>\n<strong>Mobile:<\/strong> 669 17 34 11<br \/>\n<strong>Mail:<\/strong> <a href=\"mailto:rubenlacueva@gmail.com\">rubenlacueva@gmail.com<\/a>[\/vc_column_text][\/vc_column_inner][vc_column_inner width=&#8221;1\/4&#8243;][vc_column_text el_class=&#8221;titulo&#8221;]Notar\u00eda M\u00aa Jes\u00fas Sanmart\u00edn Argos[\/vc_column_text][vc_single_image image=&#8221;44185&#8243; img_size=&#8221;full&#8221; el_class=&#8221;imagen&#8221;][vc_column_text el_class=&#8221;info&#8221;]<strong>Address<\/strong>: C\/ Sant Tom\u00e0s, 34 &#8211; 4\u00ba<br \/>\n<strong>Phone<\/strong>: 964 30 02 94[\/vc_column_text][\/vc_column_inner][vc_column_inner width=&#8221;1\/4&#8243;][vc_column_text el_class=&#8221;titulo&#8221;]Abogados Casa\u00f1 y Casa\u00f1[\/vc_column_text][vc_single_image image=&#8221;26417&#8243; img_size=&#8221;full&#8221; alignment=&#8221;center&#8221; el_class=&#8221;imagen&#8221;][vc_column_text el_class=&#8221;info&#8221;]<strong>Address<\/strong>: C\/ Bayer, 60<br \/>\n<strong>Phone<\/strong>: 964 30 06 40<br \/>\n<strong>Mail:<\/strong> <a href=\"mailto:info@abogadoscasany.com\">info@abogadoscasany.com<\/a><br \/>\n<strong>Comments:<\/strong> Commercial, civil, divorce and family law, criminal, administrative, pharmaceutical, telecommunications, automobile, insurance.[\/vc_column_text][\/vc_column_inner][\/vc_row_inner][\/vc_column][\/vc_row]<\/p>\n","protected":false},"excerpt":{"rendered":"<p>[vc_row full_width=&#8221;stretch_row&#8221; el_class=&#8221;breadcrumb-container banner letra-montserrat&#8221;][vc_column][\/vc_column][\/vc_row][vc_row full_width=&#8221;stretch_row_content_no_spaces&#8221; el_class=&#8221;banner_titulo&#8221; css=&#8221;.vc_custom_1614166401253{background-image: url(https:\/\/turismo.benicassim.es\/wp-content\/uploads\/2021\/02\/servicios_juridico-scaled.jpg?id=37786) !important;background-position: center !important;background-repeat: no-repeat !important;background-size: cover !important;}&#8221;][vc_column][vc_column_text el_class=&#8221;titulo&#8221;] Legal Services at Benic\u00e0ssim [\/vc_column_text][\/vc_column][\/vc_row][vc_row el_class=&#8221;bloque&#8221;][vc_column][vc_row_inner el_class=&#8221;row_servicios_esenciales&#8221;][vc_column_inner width=&#8221;1\/4&#8243;][vc_column_text el_class=&#8221;titulo&#8221;]Asesor\u00eda Benicas S.L.[\/vc_column_text][vc_single_image image=&#8221;44187&#8243; img_size=&#8221;full&#8221; alignment=&#8221;center&#8221; el_class=&#8221;imagen&#8221;][vc_column_text el_class=&#8221;info&#8221;]Address: C\/ M\u00e9dico Segarra, 1 Phone: 964 305 615 Fax: 964 305 615 Mail: info@benicasasesores.com[\/vc_column_text][\/vc_column_inner][vc_column_inner width=&#8221;1\/4&#8243;][vc_column_text el_class=&#8221;titulo&#8221;]Asesor\u00eda Jur\u00eddica Rub\u00e9n Lacueva[\/vc_column_text][vc_single_image image=&#8221;44186&#8243; img_size=&#8221;full&#8221; alignment=&#8221;center&#8221; [&hellip;]<\/p>\n","protected":false},"author":1,"featured_media":0,"parent":39666,"menu_order":0,"comment_status":"closed","ping_status":"closed","template":"","meta":{"_acf_changed":false,"footnotes":""},"class_list":["post-39707","page","type-page","status-publish","hentry"],"acf":[],"yoast_head":"<!-- This site is optimized with the Yoast SEO plugin v27.4 - https:\/\/yoast.com\/product\/yoast-seo-wordpress\/ -->\n<title>Lawyers, Legal Services and Legal Advice in Benic\u00e0ssim<\/title>\n<meta name=\"description\" content=\"All about lawyers, legal advice and legal assistance in Benic\u00e0ssim. From the Benic\u00e0ssim Tourist Info we suggest places that can help you.\" \/>\n<meta name=\"robots\" content=\"index, follow, max-snippet:-1, max-image-preview:large, max-video-preview:-1\" \/>\n<link rel=\"canonical\" href=\"https:\/\/turismo.benicassim.es\/en\/services\/essential-services\/servicios-juridicos\/\" \/>\n<meta property=\"og:locale\" content=\"en_US\" \/>\n<meta property=\"og:type\" content=\"article\" \/>\n<meta property=\"og:title\" content=\"Lawyers, Legal Services and Legal Advice in Benic\u00e0ssim\" \/>\n<meta property=\"og:description\" content=\"All about lawyers, legal advice and legal assistance in Benic\u00e0ssim. From the Benic\u00e0ssim Tourist Info we suggest places that can help you.\" \/>\n<meta property=\"og:url\" content=\"https:\/\/turismo.benicassim.es\/en\/services\/essential-services\/servicios-juridicos\/\" \/>\n<meta property=\"og:site_name\" content=\"Benic\u00e0ssim Turismo\" \/>\n<meta property=\"article:modified_time\" content=\"2022-12-05T09:55:24+00:00\" \/>\n<meta name=\"twitter:card\" content=\"summary_large_image\" \/>\n<meta name=\"twitter:label1\" content=\"Est. reading time\" \/>\n\t<meta name=\"twitter:data1\" content=\"1 minute\" \/>\n<script type=\"application\/ld+json\" class=\"yoast-schema-graph\">{\"@context\":\"https:\\\/\\\/schema.org\",\"@graph\":[{\"@type\":\"WebPage\",\"@id\":\"https:\\\/\\\/turismo.benicassim.es\\\/en\\\/services\\\/essential-services\\\/servicios-juridicos\\\/\",\"url\":\"https:\\\/\\\/turismo.benicassim.es\\\/en\\\/services\\\/essential-services\\\/servicios-juridicos\\\/\",\"name\":\"Lawyers, Legal Services and Legal Advice in Benic\u00e0ssim\",\"isPartOf\":{\"@id\":\"https:\\\/\\\/turismo.benicassim.es\\\/en\\\/#website\"},\"datePublished\":\"2021-02-19T11:53:17+00:00\",\"dateModified\":\"2022-12-05T09:55:24+00:00\",\"description\":\"All about lawyers, legal advice and legal assistance in Benic\u00e0ssim. From the Benic\u00e0ssim Tourist Info we suggest places that can help you.\",\"breadcrumb\":{\"@id\":\"https:\\\/\\\/turismo.benicassim.es\\\/en\\\/services\\\/essential-services\\\/servicios-juridicos\\\/#breadcrumb\"},\"inLanguage\":\"en-US\",\"potentialAction\":[{\"@type\":\"ReadAction\",\"target\":[\"https:\\\/\\\/turismo.benicassim.es\\\/en\\\/services\\\/essential-services\\\/servicios-juridicos\\\/\"]}]},{\"@type\":\"BreadcrumbList\",\"@id\":\"https:\\\/\\\/turismo.benicassim.es\\\/en\\\/services\\\/essential-services\\\/servicios-juridicos\\\/#breadcrumb\",\"itemListElement\":[{\"@type\":\"ListItem\",\"position\":1,\"name\":\"Inicio\",\"item\":\"https:\\\/\\\/turismo.benicassim.es\\\/en\\\/\"},{\"@type\":\"ListItem\",\"position\":2,\"name\":\"Services\",\"item\":\"https:\\\/\\\/turismo.benicassim.es\\\/en\\\/services\\\/\"},{\"@type\":\"ListItem\",\"position\":3,\"name\":\"Essential Services\",\"item\":\"https:\\\/\\\/turismo.benicassim.es\\\/en\\\/services\\\/essential-services\\\/\"},{\"@type\":\"ListItem\",\"position\":4,\"name\":\"Legal Services\"}]},{\"@type\":\"WebSite\",\"@id\":\"https:\\\/\\\/turismo.benicassim.es\\\/en\\\/#website\",\"url\":\"https:\\\/\\\/turismo.benicassim.es\\\/en\\\/\",\"name\":\"Benic\u00e0ssim Turismo\",\"description\":\"Web de informaci\u00f3n de Turismo en Benicasim\",\"potentialAction\":[{\"@type\":\"SearchAction\",\"target\":{\"@type\":\"EntryPoint\",\"urlTemplate\":\"https:\\\/\\\/turismo.benicassim.es\\\/en\\\/?s={search_term_string}\"},\"query-input\":{\"@type\":\"PropertyValueSpecification\",\"valueRequired\":true,\"valueName\":\"search_term_string\"}}],\"inLanguage\":\"en-US\"}]}<\/script>\n<!-- \/ Yoast SEO plugin. -->","yoast_head_json":{"title":"Lawyers, Legal Services and Legal Advice in Benic\u00e0ssim","description":"All about lawyers, legal advice and legal assistance in Benic\u00e0ssim. From the Benic\u00e0ssim Tourist Info we suggest places that can help you.","robots":{"index":"index","follow":"follow","max-snippet":"max-snippet:-1","max-image-preview":"max-image-preview:large","max-video-preview":"max-video-preview:-1"},"canonical":"https:\/\/turismo.benicassim.es\/en\/services\/essential-services\/servicios-juridicos\/","og_locale":"en_US","og_type":"article","og_title":"Lawyers, Legal Services and Legal Advice in Benic\u00e0ssim","og_description":"All about lawyers, legal advice and legal assistance in Benic\u00e0ssim. From the Benic\u00e0ssim Tourist Info we suggest places that can help you.","og_url":"https:\/\/turismo.benicassim.es\/en\/services\/essential-services\/servicios-juridicos\/","og_site_name":"Benic\u00e0ssim Turismo","article_modified_time":"2022-12-05T09:55:24+00:00","twitter_card":"summary_large_image","twitter_misc":{"Est. reading time":"1 minute"},"schema":{"@context":"https:\/\/schema.org","@graph":[{"@type":"WebPage","@id":"https:\/\/turismo.benicassim.es\/en\/services\/essential-services\/servicios-juridicos\/","url":"https:\/\/turismo.benicassim.es\/en\/services\/essential-services\/servicios-juridicos\/","name":"Lawyers, Legal Services and Legal Advice in Benic\u00e0ssim","isPartOf":{"@id":"https:\/\/turismo.benicassim.es\/en\/#website"},"datePublished":"2021-02-19T11:53:17+00:00","dateModified":"2022-12-05T09:55:24+00:00","description":"All about lawyers, legal advice and legal assistance in Benic\u00e0ssim. From the Benic\u00e0ssim Tourist Info we suggest places that can help you.","breadcrumb":{"@id":"https:\/\/turismo.benicassim.es\/en\/services\/essential-services\/servicios-juridicos\/#breadcrumb"},"inLanguage":"en-US","potentialAction":[{"@type":"ReadAction","target":["https:\/\/turismo.benicassim.es\/en\/services\/essential-services\/servicios-juridicos\/"]}]},{"@type":"BreadcrumbList","@id":"https:\/\/turismo.benicassim.es\/en\/services\/essential-services\/servicios-juridicos\/#breadcrumb","itemListElement":[{"@type":"ListItem","position":1,"name":"Inicio","item":"https:\/\/turismo.benicassim.es\/en\/"},{"@type":"ListItem","position":2,"name":"Services","item":"https:\/\/turismo.benicassim.es\/en\/services\/"},{"@type":"ListItem","position":3,"name":"Essential Services","item":"https:\/\/turismo.benicassim.es\/en\/services\/essential-services\/"},{"@type":"ListItem","position":4,"name":"Legal Services"}]},{"@type":"WebSite","@id":"https:\/\/turismo.benicassim.es\/en\/#website","url":"https:\/\/turismo.benicassim.es\/en\/","name":"Benic\u00e0ssim Turismo","description":"Web de informaci\u00f3n de Turismo en Benicasim","potentialAction":[{"@type":"SearchAction","target":{"@type":"EntryPoint","urlTemplate":"https:\/\/turismo.benicassim.es\/en\/?s={search_term_string}"},"query-input":{"@type":"PropertyValueSpecification","valueRequired":true,"valueName":"search_term_string"}}],"inLanguage":"en-US"}]}},"_links":{"self":[{"href":"https:\/\/turismo.benicassim.es\/en\/wp-json\/wp\/v2\/pages\/39707","targetHints":{"allow":["GET"]}}],"collection":[{"href":"https:\/\/turismo.benicassim.es\/en\/wp-json\/wp\/v2\/pages"}],"about":[{"href":"https:\/\/turismo.benicassim.es\/en\/wp-json\/wp\/v2\/types\/page"}],"author":[{"embeddable":true,"href":"https:\/\/turismo.benicassim.es\/en\/wp-json\/wp\/v2\/users\/1"}],"replies":[{"embeddable":true,"href":"https:\/\/turismo.benicassim.es\/en\/wp-json\/wp\/v2\/comments?post=39707"}],"version-history":[{"count":9,"href":"https:\/\/turismo.benicassim.es\/en\/wp-json\/wp\/v2\/pages\/39707\/revisions"}],"predecessor-version":[{"id":69075,"href":"https:\/\/turismo.benicassim.es\/en\/wp-json\/wp\/v2\/pages\/39707\/revisions\/69075"}],"up":[{"embeddable":true,"href":"https:\/\/turismo.benicassim.es\/en\/wp-json\/wp\/v2\/pages\/39666"}],"wp:attachment":[{"href":"https:\/\/turismo.benicassim.es\/en\/wp-json\/wp\/v2\/media?parent=39707"}],"curies":[{"name":"wp","href":"https:\/\/api.w.org\/{rel}","templated":true}]}}