{"id":39710,"date":"2021-02-22T10:31:36","date_gmt":"2021-02-22T10:31:36","guid":{"rendered":"http:\/\/bturismo.atic.green\/?page_id=39710"},"modified":"2022-12-13T11:51:17","modified_gmt":"2022-12-13T10:51:17","slug":"turismo-idiomatico","status":"publish","type":"page","link":"https:\/\/turismo.benicassim.es\/en\/services\/essential-services\/turismo-idiomatico\/","title":{"rendered":"Language Tourism"},"content":{"rendered":"<p>[vc_row full_width=&#8221;stretch_row&#8221; el_class=&#8221;breadcrumb-container banner letra-montserrat&#8221;][vc_column]<div class=\"my-breadcrumb\" style=\"display:inline-block;\"><a href=\"https:\/\/turismo.benicassim.es\/en\/\" class=\"link-color-2\">Home<\/a> \/ <span>Language Tourism<\/span><\/div>[\/vc_column][\/vc_row][vc_row full_width=&#8221;stretch_row_content_no_spaces&#8221; el_class=&#8221;banner_titulo&#8221; css=&#8221;.vc_custom_1614166815947{background-image: url(https:\/\/turismo.benicassim.es\/wp-content\/uploads\/2021\/02\/turismo_idiomatico-scaled.jpg?id=37796) !important;background-position: center !important;background-repeat: no-repeat !important;background-size: cover !important;}&#8221;][vc_column][vc_custom_heading text=&#8221;Language Tourism&#8221; font_container=&#8221;tag:h1|font_size:40|text_align:center|color:%23ffffff&#8221; google_fonts=&#8221;font_family:Anton%3Aregular|font_style:400%20regular%3A400%3Anormal&#8221;][\/vc_column][\/vc_row][vc_row el_class=&#8221;bloque&#8221;][vc_column][vc_row_inner el_class=&#8221;row_servicios_esenciales&#8221;][vc_column_inner width=&#8221;1\/4&#8243;][vc_single_image image=&#8221;26681&#8243; img_size=&#8221;full&#8221; el_class=&#8221;imagen&#8221;][vc_custom_heading text=&#8221;Kilkenny. Centro de Ingl\u00e9s&#8221; font_container=&#8221;tag:h2|font_size:25|text_align:center|color:%2324e5e5&#8243; google_fonts=&#8221;font_family:Anton%3Aregular|font_style:400%20regular%3A400%3Anormal&#8221;][vc_column_text el_class=&#8221;info&#8221;]<strong>Address<\/strong>: C\/ Leopoldo Querol, 33<br \/>\n<b>Phone<\/b>: 964 30 23 05<br \/>\n<strong>Comments:<\/strong> English Academy[\/vc_column_text][\/vc_column_inner][vc_column_inner width=&#8221;1\/4&#8243;][vc_single_image image=&#8221;43906&#8243; img_size=&#8221;full&#8221; el_class=&#8221;imagen&#8221;][vc_custom_heading text=&#8221;Kumon Benic\u00e0ssim&#8221; font_container=&#8221;tag:h2|font_size:25|text_align:center|color:%2324e5e5&#8243; google_fonts=&#8221;font_family:Anton%3Aregular|font_style:400%20regular%3A400%3Anormal&#8221;][vc_column_text el_class=&#8221;info&#8221;]<strong>Address<\/strong>: Guitarrista T\u00e1rrega, 20 Bajo<br \/>\n<strong>Phone<\/strong>:<span class=\"texto-titulo\">\u00a0<\/span>652 912 291<br \/>\n<strong>Mail:<\/strong> <a href=\"mailto:kumonbenicassim@yahoo.es\">kumonbenicassim@yahoo.es<\/a><br \/>\n<strong>Comments:<\/strong> Math and Reading Center[\/vc_column_text][\/vc_column_inner][vc_column_inner width=&#8221;1\/4&#8243;][vc_single_image image=&#8221;26677&#8243; img_size=&#8221;full&#8221; el_class=&#8221;imagen&#8221;][vc_custom_heading text=&#8221;Centro Educativo Mediterr\u00e1neo&#8221; font_container=&#8221;tag:h2|font_size:25|text_align:center|color:%2324e5e5&#8243; google_fonts=&#8221;font_family:Anton%3Aregular|font_style:400%20regular%3A400%3Anormal&#8221;][vc_column_text el_class=&#8221;info&#8221;]<strong>Address<\/strong>: C\/ Juez Manuel Gual Miravet, 4<br \/>\n<strong>Phone<\/strong>: 964 39 01 41 \/ 638 10 73 97<br \/>\n<strong>Mail: <\/strong><a href=\"mailto:info@cembenicassim.com\">info@cembenicassim.com<\/a><br \/>\n<strong>Web: <\/strong><a href=\"http:\/\/www.cembenicasim.com\/\" target=\"_blank\" rel=\"noopener noreferrer\">www.cembenicasim.com\/<\/a><br \/>\n<strong>Comments:<\/strong> Primary, secondary, high school, university entrance exams, languages, training courses, Spanish for foreigners, study techniques, pedagogy and speech therapy.[\/vc_column_text][\/vc_column_inner][vc_column_inner width=&#8221;1\/4&#8243;][vc_single_image image=&#8221;26425&#8243; img_size=&#8221;full&#8221; el_class=&#8221;imagen&#8221;][vc_custom_heading text=&#8221;Academia Info Estudi&#8221; font_container=&#8221;tag:h2|font_size:25|text_align:center|color:%2324e5e5&#8243; google_fonts=&#8221;font_family:Anton%3Aregular|font_style:400%20regular%3A400%3Anormal&#8221;][vc_column_text el_class=&#8221;info&#8221;]<strong>Address<\/strong>: C\/ Evian Les Bains, 19 bajo<br \/>\n<strong>Phone<\/strong>: 653 942 747 \/ 670 701 005<br \/>\n<strong>Mail<\/strong>:<a href=\"mailto:info@infoestudi.com\">info@infoestudi.com<\/a><br \/>\n<strong>Comments:<\/strong> Primary, ESO, Baccalaureate, Entrance exams, Languages&#8230;[\/vc_column_text][\/vc_column_inner][\/vc_row_inner][\/vc_column][\/vc_row]<\/p>\n","protected":false},"excerpt":{"rendered":"<p>[vc_row full_width=&#8221;stretch_row&#8221; el_class=&#8221;breadcrumb-container banner letra-montserrat&#8221;][vc_column][\/vc_column][\/vc_row][vc_row full_width=&#8221;stretch_row_content_no_spaces&#8221; el_class=&#8221;banner_titulo&#8221; css=&#8221;.vc_custom_1614166815947{background-image: url(https:\/\/turismo.benicassim.es\/wp-content\/uploads\/2021\/02\/turismo_idiomatico-scaled.jpg?id=37796) !important;background-position: center !important;background-repeat: no-repeat !important;background-size: cover !important;}&#8221;][vc_column][vc_custom_heading text=&#8221;Language Tourism&#8221; font_container=&#8221;tag:h1|font_size:40|text_align:center|color:%23ffffff&#8221; google_fonts=&#8221;font_family:Anton%3Aregular|font_style:400%20regular%3A400%3Anormal&#8221;][\/vc_column][\/vc_row][vc_row el_class=&#8221;bloque&#8221;][vc_column][vc_row_inner el_class=&#8221;row_servicios_esenciales&#8221;][vc_column_inner width=&#8221;1\/4&#8243;][vc_single_image image=&#8221;26681&#8243; img_size=&#8221;full&#8221; el_class=&#8221;imagen&#8221;][vc_custom_heading text=&#8221;Kilkenny. Centro de Ingl\u00e9s&#8221; font_container=&#8221;tag:h2|font_size:25|text_align:center|color:%2324e5e5&#8243; google_fonts=&#8221;font_family:Anton%3Aregular|font_style:400%20regular%3A400%3Anormal&#8221;][vc_column_text el_class=&#8221;info&#8221;]Address: C\/ Leopoldo Querol, 33 Phone: 964 30 23 05 Comments: English Academy[\/vc_column_text][\/vc_column_inner][vc_column_inner width=&#8221;1\/4&#8243;][vc_single_image image=&#8221;43906&#8243; img_size=&#8221;full&#8221; el_class=&#8221;imagen&#8221;][vc_custom_heading text=&#8221;Kumon Benic\u00e0ssim&#8221; font_container=&#8221;tag:h2|font_size:25|text_align:center|color:%2324e5e5&#8243; google_fonts=&#8221;font_family:Anton%3Aregular|font_style:400%20regular%3A400%3Anormal&#8221;][vc_column_text el_class=&#8221;info&#8221;]Address: Guitarrista [&hellip;]<\/p>\n","protected":false},"author":1,"featured_media":0,"parent":39666,"menu_order":0,"comment_status":"closed","ping_status":"closed","template":"","meta":{"_acf_changed":false,"footnotes":""},"class_list":["post-39710","page","type-page","status-publish","hentry"],"acf":[],"yoast_head":"<!-- This site is optimized with the Yoast SEO plugin v27.4 - https:\/\/yoast.com\/product\/yoast-seo-wordpress\/ -->\n<title>Language Tourism in Benic\u00e0ssim - Benic\u00e0ssim Tourism<\/title>\n<meta name=\"description\" content=\"We show you where you can find services to practice Language Tourism in Benic\u00e1ssim. Tourist Info Benic\u00e0ssim\" \/>\n<meta name=\"robots\" content=\"index, follow, max-snippet:-1, max-image-preview:large, max-video-preview:-1\" \/>\n<link rel=\"canonical\" href=\"https:\/\/turismo.benicassim.es\/en\/services\/essential-services\/turismo-idiomatico\/\" \/>\n<meta property=\"og:locale\" content=\"en_US\" \/>\n<meta property=\"og:type\" content=\"article\" \/>\n<meta property=\"og:title\" content=\"Language Tourism in Benic\u00e0ssim - Benic\u00e0ssim Tourism\" \/>\n<meta property=\"og:description\" content=\"We show you where you can find services to practice Language Tourism in Benic\u00e1ssim. Tourist Info Benic\u00e0ssim\" \/>\n<meta property=\"og:url\" content=\"https:\/\/turismo.benicassim.es\/en\/services\/essential-services\/turismo-idiomatico\/\" \/>\n<meta property=\"og:site_name\" content=\"Benic\u00e0ssim Turismo\" \/>\n<meta property=\"article:modified_time\" content=\"2022-12-13T10:51:17+00:00\" \/>\n<meta name=\"twitter:card\" content=\"summary_large_image\" \/>\n<meta name=\"twitter:label1\" content=\"Est. reading time\" \/>\n\t<meta name=\"twitter:data1\" content=\"1 minute\" \/>\n<script type=\"application\/ld+json\" class=\"yoast-schema-graph\">{\"@context\":\"https:\\\/\\\/schema.org\",\"@graph\":[{\"@type\":\"WebPage\",\"@id\":\"https:\\\/\\\/turismo.benicassim.es\\\/en\\\/services\\\/essential-services\\\/turismo-idiomatico\\\/\",\"url\":\"https:\\\/\\\/turismo.benicassim.es\\\/en\\\/services\\\/essential-services\\\/turismo-idiomatico\\\/\",\"name\":\"Language Tourism in Benic\u00e0ssim - Benic\u00e0ssim Tourism\",\"isPartOf\":{\"@id\":\"https:\\\/\\\/turismo.benicassim.es\\\/en\\\/#website\"},\"datePublished\":\"2021-02-22T10:31:36+00:00\",\"dateModified\":\"2022-12-13T10:51:17+00:00\",\"description\":\"We show you where you can find services to practice Language Tourism in Benic\u00e1ssim. Tourist Info Benic\u00e0ssim\",\"breadcrumb\":{\"@id\":\"https:\\\/\\\/turismo.benicassim.es\\\/en\\\/services\\\/essential-services\\\/turismo-idiomatico\\\/#breadcrumb\"},\"inLanguage\":\"en-US\",\"potentialAction\":[{\"@type\":\"ReadAction\",\"target\":[\"https:\\\/\\\/turismo.benicassim.es\\\/en\\\/services\\\/essential-services\\\/turismo-idiomatico\\\/\"]}]},{\"@type\":\"BreadcrumbList\",\"@id\":\"https:\\\/\\\/turismo.benicassim.es\\\/en\\\/services\\\/essential-services\\\/turismo-idiomatico\\\/#breadcrumb\",\"itemListElement\":[{\"@type\":\"ListItem\",\"position\":1,\"name\":\"Inicio\",\"item\":\"https:\\\/\\\/turismo.benicassim.es\\\/en\\\/\"},{\"@type\":\"ListItem\",\"position\":2,\"name\":\"Services\",\"item\":\"https:\\\/\\\/turismo.benicassim.es\\\/en\\\/services\\\/\"},{\"@type\":\"ListItem\",\"position\":3,\"name\":\"Essential Services\",\"item\":\"https:\\\/\\\/turismo.benicassim.es\\\/en\\\/services\\\/essential-services\\\/\"},{\"@type\":\"ListItem\",\"position\":4,\"name\":\"Language Tourism\"}]},{\"@type\":\"WebSite\",\"@id\":\"https:\\\/\\\/turismo.benicassim.es\\\/en\\\/#website\",\"url\":\"https:\\\/\\\/turismo.benicassim.es\\\/en\\\/\",\"name\":\"Benic\u00e0ssim Turismo\",\"description\":\"Web de informaci\u00f3n de Turismo en Benicasim\",\"potentialAction\":[{\"@type\":\"SearchAction\",\"target\":{\"@type\":\"EntryPoint\",\"urlTemplate\":\"https:\\\/\\\/turismo.benicassim.es\\\/en\\\/?s={search_term_string}\"},\"query-input\":{\"@type\":\"PropertyValueSpecification\",\"valueRequired\":true,\"valueName\":\"search_term_string\"}}],\"inLanguage\":\"en-US\"}]}<\/script>\n<!-- \/ Yoast SEO plugin. -->","yoast_head_json":{"title":"Language Tourism in Benic\u00e0ssim - Benic\u00e0ssim Tourism","description":"We show you where you can find services to practice Language Tourism in Benic\u00e1ssim. Tourist Info Benic\u00e0ssim","robots":{"index":"index","follow":"follow","max-snippet":"max-snippet:-1","max-image-preview":"max-image-preview:large","max-video-preview":"max-video-preview:-1"},"canonical":"https:\/\/turismo.benicassim.es\/en\/services\/essential-services\/turismo-idiomatico\/","og_locale":"en_US","og_type":"article","og_title":"Language Tourism in Benic\u00e0ssim - Benic\u00e0ssim Tourism","og_description":"We show you where you can find services to practice Language Tourism in Benic\u00e1ssim. Tourist Info Benic\u00e0ssim","og_url":"https:\/\/turismo.benicassim.es\/en\/services\/essential-services\/turismo-idiomatico\/","og_site_name":"Benic\u00e0ssim Turismo","article_modified_time":"2022-12-13T10:51:17+00:00","twitter_card":"summary_large_image","twitter_misc":{"Est. reading time":"1 minute"},"schema":{"@context":"https:\/\/schema.org","@graph":[{"@type":"WebPage","@id":"https:\/\/turismo.benicassim.es\/en\/services\/essential-services\/turismo-idiomatico\/","url":"https:\/\/turismo.benicassim.es\/en\/services\/essential-services\/turismo-idiomatico\/","name":"Language Tourism in Benic\u00e0ssim - Benic\u00e0ssim Tourism","isPartOf":{"@id":"https:\/\/turismo.benicassim.es\/en\/#website"},"datePublished":"2021-02-22T10:31:36+00:00","dateModified":"2022-12-13T10:51:17+00:00","description":"We show you where you can find services to practice Language Tourism in Benic\u00e1ssim. Tourist Info Benic\u00e0ssim","breadcrumb":{"@id":"https:\/\/turismo.benicassim.es\/en\/services\/essential-services\/turismo-idiomatico\/#breadcrumb"},"inLanguage":"en-US","potentialAction":[{"@type":"ReadAction","target":["https:\/\/turismo.benicassim.es\/en\/services\/essential-services\/turismo-idiomatico\/"]}]},{"@type":"BreadcrumbList","@id":"https:\/\/turismo.benicassim.es\/en\/services\/essential-services\/turismo-idiomatico\/#breadcrumb","itemListElement":[{"@type":"ListItem","position":1,"name":"Inicio","item":"https:\/\/turismo.benicassim.es\/en\/"},{"@type":"ListItem","position":2,"name":"Services","item":"https:\/\/turismo.benicassim.es\/en\/services\/"},{"@type":"ListItem","position":3,"name":"Essential Services","item":"https:\/\/turismo.benicassim.es\/en\/services\/essential-services\/"},{"@type":"ListItem","position":4,"name":"Language Tourism"}]},{"@type":"WebSite","@id":"https:\/\/turismo.benicassim.es\/en\/#website","url":"https:\/\/turismo.benicassim.es\/en\/","name":"Benic\u00e0ssim Turismo","description":"Web de informaci\u00f3n de Turismo en Benicasim","potentialAction":[{"@type":"SearchAction","target":{"@type":"EntryPoint","urlTemplate":"https:\/\/turismo.benicassim.es\/en\/?s={search_term_string}"},"query-input":{"@type":"PropertyValueSpecification","valueRequired":true,"valueName":"search_term_string"}}],"inLanguage":"en-US"}]}},"_links":{"self":[{"href":"https:\/\/turismo.benicassim.es\/en\/wp-json\/wp\/v2\/pages\/39710","targetHints":{"allow":["GET"]}}],"collection":[{"href":"https:\/\/turismo.benicassim.es\/en\/wp-json\/wp\/v2\/pages"}],"about":[{"href":"https:\/\/turismo.benicassim.es\/en\/wp-json\/wp\/v2\/types\/page"}],"author":[{"embeddable":true,"href":"https:\/\/turismo.benicassim.es\/en\/wp-json\/wp\/v2\/users\/1"}],"replies":[{"embeddable":true,"href":"https:\/\/turismo.benicassim.es\/en\/wp-json\/wp\/v2\/comments?post=39710"}],"version-history":[{"count":9,"href":"https:\/\/turismo.benicassim.es\/en\/wp-json\/wp\/v2\/pages\/39710\/revisions"}],"predecessor-version":[{"id":69131,"href":"https:\/\/turismo.benicassim.es\/en\/wp-json\/wp\/v2\/pages\/39710\/revisions\/69131"}],"up":[{"embeddable":true,"href":"https:\/\/turismo.benicassim.es\/en\/wp-json\/wp\/v2\/pages\/39666"}],"wp:attachment":[{"href":"https:\/\/turismo.benicassim.es\/en\/wp-json\/wp\/v2\/media?parent=39710"}],"curies":[{"name":"wp","href":"https:\/\/api.w.org\/{rel}","templated":true}]}}