{"id":62588,"date":"2021-11-15T09:34:07","date_gmt":"2021-11-15T08:34:07","guid":{"rendered":"http:\/\/turismo.benicassim.es\/actualidad-y-blog-turistico\/"},"modified":"2023-03-09T12:19:37","modified_gmt":"2023-03-09T11:19:37","slug":"actualidad-y-blog-turistico","status":"publish","type":"page","link":"https:\/\/turismo.benicassim.es\/en\/actualidad-y-blog-turistico\/","title":{"rendered":"News and Tourism Blog"},"content":{"rendered":"<p>[vc_row full_width=&#8221;stretch_row&#8221; el_class=&#8221;breadcrumb-container basico letra-montserrat&#8221;][vc_column]<div class=\"my-breadcrumb\" style=\"display:inline-block;\"><a href=\"https:\/\/turismo.benicassim.es\/en\/\" class=\"link-color-2\">Home<\/a> \/ <span>News and Tourism Blog<\/span><\/div>[\/vc_column][\/vc_row][vc_row el_class=&#8221;contenido bloque&#8221; css=&#8221;.vc_custom_1613635897104{padding-top: 0px !important;padding-bottom: 0px !important;}&#8221;][vc_column][vc_column_text el_class=&#8221;titulo letra-antonio&#8221;]<\/p>\n<h1 style=\"text-align: center;\">Current Affairs and News in Benic\u00e0ssim<\/h1>\n<p>[\/vc_column_text][\/vc_column][\/vc_row][vc_row el_class=&#8221;bloque page_servicios_general&#8221; css=&#8221;.vc_custom_1613635742621{padding-top: 0px !important;}&#8221;][vc_column width=&#8221;1\/2&#8243;][vc_raw_html]JTNDZGl2JTIwY2xhc3MlM0QlMjJjb250ZW50LXNlY3RvcmVzJTIwbWl0YWQlMjBwcmltZXJvJTIyJTNFJTBBJTIwJTIwJTIwJTIwJTIwJTIwJTNDZGl2JTIwY2xhc3MlM0QlMjJjb250ZW50LW92ZXJsYXktc2VjdG9yZXMlMjIlM0UlM0MlMkZkaXYlM0UlMEElMjAlMjAlMjAlMjAlMjAlMjAlMjAlM0NwJTIwY2xhc3MlM0QlMjJ0aXR1bG8tcHJpbmNpcGFsJTIyJTNFTmV3cyUzQyUyRnAlM0UlMEElMjAlMjAlMjAlMjAlMjAlMjAlM0NpbWclMjBjbGFzcyUzRCUyMmNvbnRlbnQtaW1hZ2Utc2VjdG9yZXMlMjIlMjBzcmMlM0QlMjIlMkZ3cC1jb250ZW50JTJGdXBsb2FkcyUyRjIwMjElMkYxMSUyRmltYWdlbl9heXRvLnBuZyUyMiUzRSUwQSUyMCUyMCUyMCUyMCUyMCUyMCUzQ2RpdiUyMGNsYXNzJTNEJTIyY29udGVudC1kZXRhaWxzLXNlY3RvcmVzJTIwZmFkZUluLXRvcCUyMiUzRSUwQSUyMCUyMCUyMCUyMCUyMCUyMCUyMCUzQ2RpdiUyMGNsYXNzJTNEJTIydGl0dWxvLXNlY3RvcmVzJTIyJTNFJTBBJTIwJTIwJTIwJTIwJTIwJTIwJTIwJTIwJTIwJTIwJTNDaDIlM0VOZXdzJTIwaW4lMjBCZW5pYyVDMyVBMHNzaW0lM0MlMkZoMiUzRSUwQUtlZXAlMjB1cCUyMHRvJTIwZGF0ZSUyMHdpdGglMjBuZXdzJTIwYWJvdXQlMjB0aGUlMjBjaXR5JTIwJTIwJTIwJTIwJTIwJTIwJTIwJTNDJTJGZGl2JTNFJTBBJTIwJTIwJTIwJTIwJTIwJTIwJTIwJTNDZGl2JTIwY2xhc3MlM0QlMjJib3Rvbl9lbmxhY2UlMjIlM0UlMEElMjAlMjAlMjAlMjAlMjAlMjAlMjAlMjAlMjAlMjAlMjAlM0NhJTIwaHJlZiUzRCUyMiUyRmVuJTJGYWN0dWFsaWRhZC15LWJsb2ctdHVyaXN0aWNvJTJGYWN0dWFsaWRhZCUyMiUzRVJlYWQlMjBuZXdzJTNDJTJGYSUzRSUwQSUyMCUyMCUyMCUyMCUyMCUyMCUyMCUzQyUyRmRpdiUzRSUwQSUyMCUyMCUyMCUyMCUyMCUyMCUzQyUyRmRpdiUzRSUwQSUzQyUyRmRpdiUzRSUwQQ==[\/vc_raw_html][\/vc_column][vc_column width=&#8221;1\/2&#8243;][vc_raw_html]JTNDZGl2JTIwY2xhc3MlM0QlMjJjb250ZW50LXNlY3RvcmVzJTIwbWl0YWQlMjBwcmltZXJvJTIyJTNFJTBBJTIwJTIwJTIwJTIwJTIwJTIwJTNDZGl2JTIwY2xhc3MlM0QlMjJjb250ZW50LW92ZXJsYXktc2VjdG9yZXMlMjIlM0UlM0MlMkZkaXYlM0UlMEElMjAlMjAlMjAlMjAlMjAlMjAlMjAlM0NwJTIwY2xhc3MlM0QlMjJ0aXR1bG8tcHJpbmNpcGFsJTIyJTNFVG91cmlzbSUyMGJsb2clM0MlMkZwJTNFJTBBJTIwJTIwJTIwJTIwJTIwJTIwJTNDaW1nJTIwY2xhc3MlM0QlMjJjb250ZW50LWltYWdlLXNlY3RvcmVzJTIyJTIwc3JjJTNEJTIyJTJGd3AtY29udGVudCUyRnVwbG9hZHMlMkYyMDIxJTJGMTElMkZpbWFnZW5fb2ZpY2luYS10dXJpc21vLnBuZyUyMiUzRSUwQSUyMCUyMCUyMCUyMCUyMCUyMCUzQ2RpdiUyMGNsYXNzJTNEJTIyY29udGVudC1kZXRhaWxzLXNlY3RvcmVzJTIwZmFkZUluLXRvcCUyMiUzRSUwQSUyMCUyMCUyMCUyMCUyMCUyMCUyMCUzQ2RpdiUyMGNsYXNzJTNEJTIydGl0dWxvLXNlY3RvcmVzJTIyJTNFJTBBJTIwJTIwJTIwJTIwJTIwJTIwJTIwJTIwJTIwJTIwJTNDaDIlM0VUb3VyaXN0JTIwQmxvZyUyMG9mJTIwQmVuaWMlQzMlQTBzc2ltJTNDJTJGaDIlM0UlMEFGaW5kJTIwb3V0JTIwYWxsJTIwdGhlJTIwbGF0ZXN0JTIwbmV3cyUyMGZyb20lMjB0aGUlMjBjaXR5JTIwJTIwJTIwJTIwJTIwJTIwJTIwJTNDJTJGZGl2JTNFJTBBJTIwJTIwJTIwJTIwJTIwJTIwJTIwJTNDZGl2JTIwY2xhc3MlM0QlMjJib3Rvbl9lbmxhY2UlMjIlM0UlMEElMjAlMjAlMjAlMjAlMjAlMjAlMjAlMjAlMjAlMjAlMjAlM0NhJTIwaHJlZiUzRCUyMiUyRmVuJTJGYWN0dWFsaWRhZC15LWJsb2ctdHVyaXN0aWNvJTJGYmxvZy10dXJpc3RpY28lMjIlM0VSZWVkJTIwbmV3cyUzQyUyRmElM0UlMEElMjAlMjAlMjAlMjAlMjAlMjAlMjAlM0MlMkZkaXYlM0UlMEElMjAlMjAlMjAlMjAlMjAlMjAlM0MlMkZkaXYlM0UlMEElM0MlMkZkaXYlM0UlMEE=[\/vc_raw_html][\/vc_column][\/vc_row]<\/p>\n","protected":false},"excerpt":{"rendered":"<p>[vc_row full_width=&#8221;stretch_row&#8221; el_class=&#8221;breadcrumb-container basico letra-montserrat&#8221;][vc_column][\/vc_column][\/vc_row][vc_row el_class=&#8221;contenido bloque&#8221; css=&#8221;.vc_custom_1613635897104{padding-top: 0px !important;padding-bottom: 0px !important;}&#8221;][vc_column][vc_column_text el_class=&#8221;titulo letra-antonio&#8221;] Current Affairs and News in Benic\u00e0ssim [\/vc_column_text][\/vc_column][\/vc_row][vc_row el_class=&#8221;bloque page_servicios_general&#8221; css=&#8221;.vc_custom_1613635742621{padding-top: 0px !important;}&#8221;][vc_column width=&#8221;1\/2&#8243;][vc_raw_html]JTNDZGl2JTIwY2xhc3MlM0QlMjJjb250ZW50LXNlY3RvcmVzJTIwbWl0YWQlMjBwcmltZXJvJTIyJTNFJTBBJTIwJTIwJTIwJTIwJTIwJTIwJTNDZGl2JTIwY2xhc3MlM0QlMjJjb250ZW50LW92ZXJsYXktc2VjdG9yZXMlMjIlM0UlM0MlMkZkaXYlM0UlMEElMjAlMjAlMjAlMjAlMjAlMjAlMjAlM0NwJTIwY2xhc3MlM0QlMjJ0aXR1bG8tcHJpbmNpcGFsJTIyJTNFTmV3cyUzQyUyRnAlM0UlMEElMjAlMjAlMjAlMjAlMjAlMjAlM0NpbWclMjBjbGFzcyUzRCUyMmNvbnRlbnQtaW1hZ2Utc2VjdG9yZXMlMjIlMjBzcmMlM0QlMjIlMkZ3cC1jb250ZW50JTJGdXBsb2FkcyUyRjIwMjElMkYxMSUyRmltYWdlbl9heXRvLnBuZyUyMiUzRSUwQSUyMCUyMCUyMCUyMCUyMCUyMCUzQ2RpdiUyMGNsYXNzJTNEJTIyY29udGVudC1kZXRhaWxzLXNlY3RvcmVzJTIwZmFkZUluLXRvcCUyMiUzRSUwQSUyMCUyMCUyMCUyMCUyMCUyMCUyMCUzQ2RpdiUyMGNsYXNzJTNEJTIydGl0dWxvLXNlY3RvcmVzJTIyJTNFJTBBJTIwJTIwJTIwJTIwJTIwJTIwJTIwJTIwJTIwJTIwJTNDaDIlM0VOZXdzJTIwaW4lMjBCZW5pYyVDMyVBMHNzaW0lM0MlMkZoMiUzRSUwQUtlZXAlMjB1cCUyMHRvJTIwZGF0ZSUyMHdpdGglMjBuZXdzJTIwYWJvdXQlMjB0aGUlMjBjaXR5JTIwJTIwJTIwJTIwJTIwJTIwJTIwJTNDJTJGZGl2JTNFJTBBJTIwJTIwJTIwJTIwJTIwJTIwJTIwJTNDZGl2JTIwY2xhc3MlM0QlMjJib3Rvbl9lbmxhY2UlMjIlM0UlMEElMjAlMjAlMjAlMjAlMjAlMjAlMjAlMjAlMjAlMjAlMjAlM0NhJTIwaHJlZiUzRCUyMiUyRmVuJTJGYWN0dWFsaWRhZC15LWJsb2ctdHVyaXN0aWNvJTJGYWN0dWFsaWRhZCUyMiUzRVJlYWQlMjBuZXdzJTNDJTJGYSUzRSUwQSUyMCUyMCUyMCUyMCUyMCUyMCUyMCUzQyUyRmRpdiUzRSUwQSUyMCUyMCUyMCUyMCUyMCUyMCUzQyUyRmRpdiUzRSUwQSUzQyUyRmRpdiUzRSUwQQ==[\/vc_raw_html][\/vc_column][vc_column width=&#8221;1\/2&#8243;][vc_raw_html]JTNDZGl2JTIwY2xhc3MlM0QlMjJjb250ZW50LXNlY3RvcmVzJTIwbWl0YWQlMjBwcmltZXJvJTIyJTNFJTBBJTIwJTIwJTIwJTIwJTIwJTIwJTNDZGl2JTIwY2xhc3MlM0QlMjJjb250ZW50LW92ZXJsYXktc2VjdG9yZXMlMjIlM0UlM0MlMkZkaXYlM0UlMEElMjAlMjAlMjAlMjAlMjAlMjAlMjAlM0NwJTIwY2xhc3MlM0QlMjJ0aXR1bG8tcHJpbmNpcGFsJTIyJTNFVG91cmlzbSUyMGJsb2clM0MlMkZwJTNFJTBBJTIwJTIwJTIwJTIwJTIwJTIwJTNDaW1nJTIwY2xhc3MlM0QlMjJjb250ZW50LWltYWdlLXNlY3RvcmVzJTIyJTIwc3JjJTNEJTIyJTJGd3AtY29udGVudCUyRnVwbG9hZHMlMkYyMDIxJTJGMTElMkZpbWFnZW5fb2ZpY2luYS10dXJpc21vLnBuZyUyMiUzRSUwQSUyMCUyMCUyMCUyMCUyMCUyMCUzQ2RpdiUyMGNsYXNzJTNEJTIyY29udGVudC1kZXRhaWxzLXNlY3RvcmVzJTIwZmFkZUluLXRvcCUyMiUzRSUwQSUyMCUyMCUyMCUyMCUyMCUyMCUyMCUzQ2RpdiUyMGNsYXNzJTNEJTIydGl0dWxvLXNlY3RvcmVzJTIyJTNFJTBBJTIwJTIwJTIwJTIwJTIwJTIwJTIwJTIwJTIwJTIwJTNDaDIlM0VUb3VyaXN0JTIwQmxvZyUyMG9mJTIwQmVuaWMlQzMlQTBzc2ltJTNDJTJGaDIlM0UlMEFGaW5kJTIwb3V0JTIwYWxsJTIwdGhlJTIwbGF0ZXN0JTIwbmV3cyUyMGZyb20lMjB0aGUlMjBjaXR5JTIwJTIwJTIwJTIwJTIwJTIwJTIwJTNDJTJGZGl2JTNFJTBBJTIwJTIwJTIwJTIwJTIwJTIwJTIwJTNDZGl2JTIwY2xhc3MlM0QlMjJib3Rvbl9lbmxhY2UlMjIlM0UlMEElMjAlMjAlMjAlMjAlMjAlMjAlMjAlMjAlMjAlMjAlMjAlM0NhJTIwaHJlZiUzRCUyMiUyRmVuJTJGYWN0dWFsaWRhZC15LWJsb2ctdHVyaXN0aWNvJTJGYmxvZy10dXJpc3RpY28lMjIlM0VSZWVkJTIwbmV3cyUzQyUyRmElM0UlMEElMjAlMjAlMjAlMjAlMjAlMjAlMjAlM0MlMkZkaXYlM0UlMEElMjAlMjAlMjAlMjAlMjAlMjAlM0MlMkZkaXYlM0UlMEElM0MlMkZkaXYlM0UlMEE=[\/vc_raw_html][\/vc_column][\/vc_row]<\/p>\n","protected":false},"author":1,"featured_media":0,"parent":0,"menu_order":0,"comment_status":"closed","ping_status":"closed","template":"","meta":{"_acf_changed":false,"footnotes":""},"class_list":["post-62588","page","type-page","status-publish","hentry"],"acf":[],"yoast_head":"<!-- This site is optimized with the Yoast SEO plugin v27.1.1 - https:\/\/yoast.com\/product\/yoast-seo-wordpress\/ -->\n<title>Benic\u00e0ssim Tourism and News Blog - Benic\u00e0ssim Tourism<\/title>\n<meta name=\"description\" content=\"If you want to know the latest on everything that concerns Benic\u00e0ssim, including tourism and leisure, you can find out here.\" \/>\n<meta name=\"robots\" content=\"index, follow, max-snippet:-1, max-image-preview:large, max-video-preview:-1\" \/>\n<link rel=\"canonical\" href=\"https:\/\/turismo.benicassim.es\/en\/actualidad-y-blog-turistico\/\" \/>\n<meta property=\"og:locale\" content=\"en_US\" \/>\n<meta property=\"og:type\" content=\"article\" \/>\n<meta property=\"og:title\" content=\"Benic\u00e0ssim Tourism and News Blog - Benic\u00e0ssim Tourism\" \/>\n<meta property=\"og:description\" content=\"If you want to know the latest on everything that concerns Benic\u00e0ssim, including tourism and leisure, you can find out here.\" \/>\n<meta property=\"og:url\" content=\"https:\/\/turismo.benicassim.es\/en\/actualidad-y-blog-turistico\/\" \/>\n<meta property=\"og:site_name\" content=\"Benic\u00e0ssim Turismo\" \/>\n<meta property=\"article:modified_time\" content=\"2023-03-09T11:19:37+00:00\" \/>\n<meta name=\"twitter:card\" content=\"summary_large_image\" \/>\n<meta name=\"twitter:label1\" content=\"Est. reading time\" \/>\n\t<meta name=\"twitter:data1\" content=\"1 minute\" \/>\n<script type=\"application\/ld+json\" class=\"yoast-schema-graph\">{\"@context\":\"https:\/\/schema.org\",\"@graph\":[{\"@type\":\"WebPage\",\"@id\":\"https:\/\/turismo.benicassim.es\/en\/actualidad-y-blog-turistico\/\",\"url\":\"https:\/\/turismo.benicassim.es\/en\/actualidad-y-blog-turistico\/\",\"name\":\"Benic\u00e0ssim Tourism and News Blog - Benic\u00e0ssim Tourism\",\"isPartOf\":{\"@id\":\"https:\/\/turismo.benicassim.es\/en\/#website\"},\"datePublished\":\"2021-11-15T08:34:07+00:00\",\"dateModified\":\"2023-03-09T11:19:37+00:00\",\"description\":\"If you want to know the latest on everything that concerns Benic\u00e0ssim, including tourism and leisure, you can find out here.\",\"breadcrumb\":{\"@id\":\"https:\/\/turismo.benicassim.es\/en\/actualidad-y-blog-turistico\/#breadcrumb\"},\"inLanguage\":\"en-US\",\"potentialAction\":[{\"@type\":\"ReadAction\",\"target\":[\"https:\/\/turismo.benicassim.es\/en\/actualidad-y-blog-turistico\/\"]}]},{\"@type\":\"BreadcrumbList\",\"@id\":\"https:\/\/turismo.benicassim.es\/en\/actualidad-y-blog-turistico\/#breadcrumb\",\"itemListElement\":[{\"@type\":\"ListItem\",\"position\":1,\"name\":\"Inicio\",\"item\":\"https:\/\/turismo.benicassim.es\/en\/\"},{\"@type\":\"ListItem\",\"position\":2,\"name\":\"News and Tourism Blog\"}]},{\"@type\":\"WebSite\",\"@id\":\"https:\/\/turismo.benicassim.es\/en\/#website\",\"url\":\"https:\/\/turismo.benicassim.es\/en\/\",\"name\":\"Benic\u00e0ssim Turismo\",\"description\":\"Web de informaci\u00f3n de Turismo en Benicasim\",\"potentialAction\":[{\"@type\":\"SearchAction\",\"target\":{\"@type\":\"EntryPoint\",\"urlTemplate\":\"https:\/\/turismo.benicassim.es\/en\/?s={search_term_string}\"},\"query-input\":{\"@type\":\"PropertyValueSpecification\",\"valueRequired\":true,\"valueName\":\"search_term_string\"}}],\"inLanguage\":\"en-US\"}]}<\/script>\n<!-- \/ Yoast SEO plugin. -->","yoast_head_json":{"title":"Benic\u00e0ssim Tourism and News Blog - Benic\u00e0ssim Tourism","description":"If you want to know the latest on everything that concerns Benic\u00e0ssim, including tourism and leisure, you can find out here.","robots":{"index":"index","follow":"follow","max-snippet":"max-snippet:-1","max-image-preview":"max-image-preview:large","max-video-preview":"max-video-preview:-1"},"canonical":"https:\/\/turismo.benicassim.es\/en\/actualidad-y-blog-turistico\/","og_locale":"en_US","og_type":"article","og_title":"Benic\u00e0ssim Tourism and News Blog - Benic\u00e0ssim Tourism","og_description":"If you want to know the latest on everything that concerns Benic\u00e0ssim, including tourism and leisure, you can find out here.","og_url":"https:\/\/turismo.benicassim.es\/en\/actualidad-y-blog-turistico\/","og_site_name":"Benic\u00e0ssim Turismo","article_modified_time":"2023-03-09T11:19:37+00:00","twitter_card":"summary_large_image","twitter_misc":{"Est. reading time":"1 minute"},"schema":{"@context":"https:\/\/schema.org","@graph":[{"@type":"WebPage","@id":"https:\/\/turismo.benicassim.es\/en\/actualidad-y-blog-turistico\/","url":"https:\/\/turismo.benicassim.es\/en\/actualidad-y-blog-turistico\/","name":"Benic\u00e0ssim Tourism and News Blog - Benic\u00e0ssim Tourism","isPartOf":{"@id":"https:\/\/turismo.benicassim.es\/en\/#website"},"datePublished":"2021-11-15T08:34:07+00:00","dateModified":"2023-03-09T11:19:37+00:00","description":"If you want to know the latest on everything that concerns Benic\u00e0ssim, including tourism and leisure, you can find out here.","breadcrumb":{"@id":"https:\/\/turismo.benicassim.es\/en\/actualidad-y-blog-turistico\/#breadcrumb"},"inLanguage":"en-US","potentialAction":[{"@type":"ReadAction","target":["https:\/\/turismo.benicassim.es\/en\/actualidad-y-blog-turistico\/"]}]},{"@type":"BreadcrumbList","@id":"https:\/\/turismo.benicassim.es\/en\/actualidad-y-blog-turistico\/#breadcrumb","itemListElement":[{"@type":"ListItem","position":1,"name":"Inicio","item":"https:\/\/turismo.benicassim.es\/en\/"},{"@type":"ListItem","position":2,"name":"News and Tourism Blog"}]},{"@type":"WebSite","@id":"https:\/\/turismo.benicassim.es\/en\/#website","url":"https:\/\/turismo.benicassim.es\/en\/","name":"Benic\u00e0ssim Turismo","description":"Web de informaci\u00f3n de Turismo en Benicasim","potentialAction":[{"@type":"SearchAction","target":{"@type":"EntryPoint","urlTemplate":"https:\/\/turismo.benicassim.es\/en\/?s={search_term_string}"},"query-input":{"@type":"PropertyValueSpecification","valueRequired":true,"valueName":"search_term_string"}}],"inLanguage":"en-US"}]}},"_links":{"self":[{"href":"https:\/\/turismo.benicassim.es\/en\/wp-json\/wp\/v2\/pages\/62588","targetHints":{"allow":["GET"]}}],"collection":[{"href":"https:\/\/turismo.benicassim.es\/en\/wp-json\/wp\/v2\/pages"}],"about":[{"href":"https:\/\/turismo.benicassim.es\/en\/wp-json\/wp\/v2\/types\/page"}],"author":[{"embeddable":true,"href":"https:\/\/turismo.benicassim.es\/en\/wp-json\/wp\/v2\/users\/1"}],"replies":[{"embeddable":true,"href":"https:\/\/turismo.benicassim.es\/en\/wp-json\/wp\/v2\/comments?post=62588"}],"version-history":[{"count":5,"href":"https:\/\/turismo.benicassim.es\/en\/wp-json\/wp\/v2\/pages\/62588\/revisions"}],"predecessor-version":[{"id":70028,"href":"https:\/\/turismo.benicassim.es\/en\/wp-json\/wp\/v2\/pages\/62588\/revisions\/70028"}],"wp:attachment":[{"href":"https:\/\/turismo.benicassim.es\/en\/wp-json\/wp\/v2\/media?parent=62588"}],"curies":[{"name":"wp","href":"https:\/\/api.w.org\/{rel}","templated":true}]}}