{"id":81684,"date":"2025-06-06T12:50:52","date_gmt":"2025-06-06T10:50:52","guid":{"rendered":"https:\/\/turismo.benicassim.es\/?page_id=81684"},"modified":"2025-06-06T12:50:52","modified_gmt":"2025-06-06T10:50:52","slug":"audioguides-2","status":"publish","type":"page","link":"https:\/\/turismo.benicassim.es\/en\/audioguides-2\/","title":{"rendered":"Audioguides 2"},"content":{"rendered":"<p>[vc_row full_width=&#8221;stretch_row&#8221; el_class=&#8221;breadcrumb-container banner letra-montserrat&#8221;][vc_column]<div class=\"my-breadcrumb\" style=\"display:inline-block;\"><a href=\"https:\/\/turismo.benicassim.es\/en\/\" class=\"link-color-2\">Home<\/a> \/ <span>Audioguides 2<\/span><\/div>[\/vc_column][\/vc_row][vc_row][vc_column]\n\t\t\t<!-- START Audioguides REVOLUTION SLIDER 6.6.14 --><p class=\"rs-p-wp-fix\"><\/p>\n\t\t\t<rs-module-wrap id=\"rev_slider_52_1_wrapper\" data-source=\"gallery\" style=\"visibility:hidden;background:transparent;padding:0;margin:0px auto;margin-top:0;margin-bottom:0;\">\n\t\t\t\t<rs-module id=\"rev_slider_52_1\" style=\"\" data-version=\"6.6.14\">\n\t\t\t\t\t<rs-slides style=\"overflow: hidden; position: absolute;\">\n\t\t\t\t\t\t<rs-slide style=\"position: absolute;\" data-key=\"rs-208\" data-title=\"Slide\" data-anim=\"ms:1000;r:0;\" data-in=\"o:0;\" data-out=\"a:false;\">\n\t\t\t\t\t\t\t<img decoding=\"async\" src=\"\/\/turismo.benicassim.es\/wp-content\/plugins\/revslider\/public\/assets\/assets\/dummy.png\" alt=\"\" title=\"cascos_audioguias\" width=\"1280\" height=\"853\" class=\"rev-slidebg tp-rs-img rs-lazyload\" data-lazyload=\"\/\/turismo.benicassim.es\/wp-content\/uploads\/2021\/10\/cascos_audioguias.jpg\" data-no-retina>\n<!--\n\t\t\t\t\t\t\t--><h1\n\t\t\t\t\t\t\t\tid=\"slider-52-slide-208-layer-0\" \n\t\t\t\t\t\t\t\tclass=\"rs-layer letra-antonio\"\n\t\t\t\t\t\t\t\tdata-type=\"text\"\n\t\t\t\t\t\t\t\tdata-color=\"#ffffff\"\n\t\t\t\t\t\t\t\tdata-rsp_ch=\"on\"\n\t\t\t\t\t\t\t\tdata-xy=\"x:c;y:c;\"\n\t\t\t\t\t\t\t\tdata-text=\"w:normal;s:60;l:90;ls:2px;\"\n\t\t\t\t\t\t\t\tdata-frame_999=\"o:0;st:w;\"\n\t\t\t\t\t\t\t\tstyle=\"z-index:5;font-family:'Anton';\"\n\t\t\t\t\t\t\t>Audioguides Benic\u00e0ssim \n\t\t\t\t\t\t\t<\/h1><!--\n-->\t\t\t\t\t\t<\/rs-slide>\n\t\t\t\t\t<\/rs-slides>\n\t\t\t\t<\/rs-module>\n\t\t\t\t<script>\n\t\t\t\t\tsetREVStartSize({c: 'rev_slider_52_1',rl:[1240,1024,778,480],el:[550],gw:[1900],gh:[550],type:'standard',justify:'',layout:'fullwidth',mh:\"0\"});if (window.RS_MODULES!==undefined && window.RS_MODULES.modules!==undefined && window.RS_MODULES.modules[\"revslider521\"]!==undefined) {window.RS_MODULES.modules[\"revslider521\"].once = false;window.revapi52 = undefined;if (window.RS_MODULES.checkMinimal!==undefined) window.RS_MODULES.checkMinimal()}\n\t\t\t\t<\/script>\n\t\t\t<\/rs-module-wrap>\n\t\t\t<!-- END REVOLUTION SLIDER -->\n[\/vc_column][\/vc_row][vc_row full_width=&#8221;stretch_row&#8221; el_class=&#8221;bloque&#8221;][vc_column el_class=&#8221;contenido&#8221;][vc_column_text el_class=&#8221;tabla-audioguias&#8221;]<\/p>\n<table>\n<tbody>\n<tr>\n<td>01 Introduction<\/td>\n<td><audio controls=\"controls\"><source src=\"\/wp-content\/uploads\/2021\/10\/01_Introduction.mp3\" type=\"audio\/mp3\" \/><\/audio><\/td>\n<\/tr>\n<tr>\n<td>02 Introduction to Las Villas Tour<\/td>\n<td><audio controls=\"controls\"><source src=\"\/wp-content\/uploads\/2021\/10\/02_Introduction_to_Las_Villas_Tour.mp3\" type=\"audio\/mp3\" \/><\/audio><\/td>\n<\/tr>\n<tr>\n<td>03 Saint Vincent Tower<\/td>\n<td><audio controls=\"controls\"><source src=\"\/wp-content\/uploads\/2021\/10\/03_Saint_Vincent_Tower.mp3\" type=\"audio\/mp3\" \/><\/audio><\/td>\n<\/tr>\n<tr>\n<td>04 Villas Solimar, Camilleri, El Barco and Iluminada<\/td>\n<td><audio controls=\"controls\"><source src=\"\/wp-content\/uploads\/2021\/10\/04_Villas_Solimar,_Camilleri,_El_Barco_and_Iluminada.mp3\" type=\"audio\/mp3\" \/><\/audio><\/td>\n<\/tr>\n<tr>\n<td>05 Villas Sofia, Santa Cristina and Marina<\/td>\n<td><audio controls=\"controls\"><source src=\"\/wp-content\/uploads\/2021\/10\/05_Villas_SofIa,_Santa_Cristina_and_Marina.mp3\" type=\"audio\/mp3\" \/><\/audio><\/td>\n<\/tr>\n<tr>\n<td>06 Villas Maria del Carmen and D\u00e1valos<\/td>\n<td><audio controls=\"controls\"><source src=\"\/wp-content\/uploads\/2021\/10\/06_Villas_Maria_del_Carmen_and_D\u00e1valos.mp3\" type=\"audio\/mp3\" \/><\/audio><\/td>\n<\/tr>\n<tr>\n<td>07 Villas Mar\u00eda Julia, Santa Ana and Mar\u00eda<\/td>\n<td><audio controls=\"controls\"><source src=\"\/wp-content\/uploads\/2021\/10\/07_Villas_Mar\u00eda_Julia,_Santa_Ana_and_Mar\u00eda.mp3\" type=\"audio\/mp3\" \/><\/audio><\/td>\n<\/tr>\n<tr>\n<td>08 Villas Rosita and Vicentica<\/td>\n<td><audio controls=\"controls\"><source src=\"\/wp-content\/uploads\/2021\/10\/08_Villas_Rosita_and_Vicentica.mp3\" type=\"audio\/mp3\" \/><\/audio><\/td>\n<\/tr>\n<tr>\n<td>09 Villa Gens, Cuatro Villas and Villa del Mar<\/td>\n<td><audio controls=\"controls\"><source src=\"\/wp-content\/uploads\/2021\/10\/09_Villa_Gens,_Cuatro_Villas_and_Villa_del_Mar.mp3\" type=\"audio\/mp3\" \/><\/audio><\/td>\n<\/tr>\n<tr>\n<td>10 Villas Pons, Rafaela and Socorrito<\/td>\n<td><audio controls=\"controls\"><source src=\"\/wp-content\/uploads\/2021\/10\/10_Villas_Pons,_Rafaela_and_Socorrito.mp3\" type=\"audio\/mp3\" \/><\/audio><\/td>\n<\/tr>\n<tr>\n<td>11 Villas Amparo, Victoria, Carpi and Paquita<\/td>\n<td><audio controls=\"controls\"><source src=\"\/wp-content\/uploads\/2021\/10\/11_Villas_Amparo,_Victoria,_Carpi_and_Paquita.mp3\" type=\"audio\/mp3\" \/><\/audio><\/td>\n<\/tr>\n<tr>\n<td>12 Villa Elisa and Villa con Torre<\/td>\n<td><audio controls=\"controls\"><source src=\"\/wp-content\/uploads\/2021\/10\/12_Villa_Elisa_and_Villa_con_Torre.mp3\" type=\"audio\/mp3\" \/><\/audio><\/td>\n<\/tr>\n<tr>\n<td>13 Hotel Voramar<\/td>\n<td><audio controls=\"controls\"><source src=\"\/wp-content\/uploads\/2021\/10\/13_Hotel_Voramar_eng.mp3\" type=\"audio\/mp3\" \/><\/audio><\/td>\n<\/tr>\n<tr>\n<td>14 The Fountain of the Lord and the Urban Development<\/td>\n<td><audio controls=\"controls\"><source src=\"\/wp-content\/uploads\/2021\/10\/14_The_Fountain_of_the_Lord_and_the_Urban_Development.mp3\" type=\"audio\/mp3\" \/><\/audio><\/td>\n<\/tr>\n<tr>\n<td>15 Saint Thomas Church<\/td>\n<td><audio controls=\"controls\"><source src=\"\/wp-content\/uploads\/2021\/10\/15_Saint_Thomas_Church.mp3\" type=\"audio\/mp3\" \/><\/audio><\/td>\n<\/tr>\n<tr>\n<td>16 City Council, Library, Cultural Center<\/td>\n<td><audio controls=\"controls\"><source src=\"\/wp-content\/uploads\/2021\/10\/16_City_Council,_Library,_Cultural_Center.mp3\" type=\"audio\/mp3\" \/><\/audio><\/td>\n<\/tr>\n<tr>\n<td>17 Local Theatre<\/td>\n<td><audio controls=\"controls\"><source src=\"\/wp-content\/uploads\/2021\/10\/17_Local_Theatre.mp3\" type=\"audio\/mp3\" \/><\/audio><\/td>\n<\/tr>\n<tr>\n<td>18 Plaza de los Dolores and people<\/td>\n<td><audio controls=\"controls\"><source src=\"\/wp-content\/uploads\/2021\/10\/18_Plaza_de_los_Dolores_and_people.mp3\" type=\"audio\/mp3\" \/><\/audio><\/td>\n<\/tr>\n<tr>\n<td>19 The Museum and the Carmelitana Cave<\/td>\n<td><audio controls=\"controls\"><source src=\"\/wp-content\/uploads\/2021\/10\/19_The_Museum_and_the_Carmelitana_Cave.mp3\" type=\"audio\/mp3\" \/><\/audio><\/td>\n<\/tr>\n<tr>\n<td>20 The Iron Bridge and the Railways<\/td>\n<td><audio controls=\"controls\"><source src=\"\/wp-content\/uploads\/2021\/10\/20_The_Iron_Bridge_and_the_Railways.mp3\" type=\"audio\/mp3\" \/><\/audio><\/td>\n<\/tr>\n<tr>\n<td>21 Las Palmas Natural Desert- Introduction<\/td>\n<td><audio controls=\"controls\"><source src=\"\/wp-content\/uploads\/2021\/10\/21_Las_Palmas_Natural_Desert-_Introduction.mp3\" type=\"audio\/mp3\" \/><\/audio><\/td>\n<\/tr>\n<tr>\n<td>22 Las Palmas Natural Desert- a Natural Space<\/td>\n<td><audio controls=\"controls\"><source src=\"\/wp-content\/uploads\/2021\/10\/22_Las_Palmas_Natural_Desert-_a_Natural_Space.mp3\" type=\"audio\/mp3\" \/><\/audio><\/td>\n<\/tr>\n<tr>\n<td>23 Fountains and viewpoints<\/td>\n<td><audio controls=\"controls\"><source src=\"\/wp-content\/uploads\/2021\/10\/23_Fountains_and_viewpoints.mp3\" type=\"audio\/mp3\" \/><\/audio><\/td>\n<\/tr>\n<tr>\n<td>24 Historical Remains<\/td>\n<td><audio controls=\"controls\"><source src=\"\/wp-content\/uploads\/2021\/10\/24_Historical_Remains.mp3\" type=\"audio\/mp3\" \/><\/audio><\/td>\n<\/tr>\n<tr>\n<td>25 Castle of Montorn\u00e9s<\/td>\n<td><audio controls=\"controls\"><source src=\"\/wp-content\/uploads\/2021\/10\/25_Castle_of_Montorn\u00e9s.mp3\" type=\"audio\/mp3\" \/><\/audio><\/td>\n<\/tr>\n<tr>\n<td>26 The Old Monastery (Monasteri Vell)<\/td>\n<td><audio controls=\"controls\"><source src=\"\/wp-content\/uploads\/2021\/10\/26_The_Old_Monastery_(Monasteri_Vell).mp3\" type=\"audio\/mp3\" \/><\/audio><\/td>\n<\/tr>\n<tr>\n<td>27 Ermitas y Antros<\/td>\n<td><audio controls=\"controls\"><source src=\"\/wp-content\/uploads\/2021\/10\/27_Ermitas_y_Antros.mp3\" type=\"audio\/mp3\" \/><\/audio><\/td>\n<\/tr>\n<tr>\n<td>28 Monastery of the Discalced Carmelites<\/td>\n<td><audio controls=\"controls\"><source src=\"\/wp-content\/uploads\/2021\/10\/28_Monastery_of_the_Discalced_Carmelites.mp3\" type=\"audio\/mp3\" \/><\/audio><\/td>\n<\/tr>\n<\/tbody>\n<\/table>\n<p>[\/vc_column_text][\/vc_column][\/vc_row]<\/p>\n","protected":false},"excerpt":{"rendered":"<p>[vc_row full_width=&#8221;stretch_row&#8221; el_class=&#8221;breadcrumb-container banner letra-montserrat&#8221;][vc_column][\/vc_column][\/vc_row][vc_row][vc_column][\/vc_column][\/vc_row][vc_row full_width=&#8221;stretch_row&#8221; el_class=&#8221;bloque&#8221;][vc_column el_class=&#8221;contenido&#8221;][vc_column_text el_class=&#8221;tabla-audioguias&#8221;] 01 Introduction 02 Introduction to Las Villas Tour 03 Saint Vincent Tower 04 Villas Solimar, Camilleri, El Barco and Iluminada 05 Villas Sofia, Santa Cristina and Marina 06 Villas Maria del Carmen and D\u00e1valos 07 Villas Mar\u00eda Julia, Santa Ana and Mar\u00eda 08 Villas Rosita and [&hellip;]<\/p>\n","protected":false},"author":11,"featured_media":0,"parent":0,"menu_order":0,"comment_status":"closed","ping_status":"closed","template":"","meta":{"_acf_changed":false,"footnotes":""},"class_list":["post-81684","page","type-page","status-publish","hentry"],"acf":[],"yoast_head":"<!-- This site is optimized with the Yoast SEO plugin v27.1.1 - https:\/\/yoast.com\/product\/yoast-seo-wordpress\/ -->\n<title>Benic\u00e0ssim Tourist Audioguides - Benic\u00e0ssim Tourism<\/title>\n<meta name=\"description\" content=\"We show you all the audio guides of the main places of interest that you can visit in Benic\u00e0ssim. We hope you enjoy it!\" \/>\n<meta name=\"robots\" content=\"index, follow, max-snippet:-1, max-image-preview:large, max-video-preview:-1\" \/>\n<link rel=\"canonical\" href=\"https:\/\/turismo.benicassim.es\/en\/audioguides-2\/\" \/>\n<meta property=\"og:locale\" content=\"en_US\" \/>\n<meta property=\"og:type\" content=\"article\" \/>\n<meta property=\"og:title\" content=\"Benic\u00e0ssim Tourist Audioguides - Benic\u00e0ssim Tourism\" \/>\n<meta property=\"og:description\" content=\"We show you all the audio guides of the main places of interest that you can visit in Benic\u00e0ssim. We hope you enjoy it!\" \/>\n<meta property=\"og:url\" content=\"https:\/\/turismo.benicassim.es\/en\/audioguides-2\/\" \/>\n<meta property=\"og:site_name\" content=\"Benic\u00e0ssim Turismo\" \/>\n<meta name=\"twitter:card\" content=\"summary_large_image\" \/>\n<meta name=\"twitter:label1\" content=\"Est. reading time\" \/>\n\t<meta name=\"twitter:data1\" content=\"1 minute\" \/>\n<script type=\"application\/ld+json\" class=\"yoast-schema-graph\">{\"@context\":\"https:\/\/schema.org\",\"@graph\":[{\"@type\":\"WebPage\",\"@id\":\"https:\/\/turismo.benicassim.es\/en\/audioguides-2\/\",\"url\":\"https:\/\/turismo.benicassim.es\/en\/audioguides-2\/\",\"name\":\"Benic\u00e0ssim Tourist Audioguides - Benic\u00e0ssim Tourism\",\"isPartOf\":{\"@id\":\"https:\/\/turismo.benicassim.es\/en\/#website\"},\"datePublished\":\"2025-06-06T10:50:52+00:00\",\"description\":\"We show you all the audio guides of the main places of interest that you can visit in Benic\u00e0ssim. We hope you enjoy it!\",\"breadcrumb\":{\"@id\":\"https:\/\/turismo.benicassim.es\/en\/audioguides-2\/#breadcrumb\"},\"inLanguage\":\"en-US\",\"potentialAction\":[{\"@type\":\"ReadAction\",\"target\":[\"https:\/\/turismo.benicassim.es\/en\/audioguides-2\/\"]}]},{\"@type\":\"BreadcrumbList\",\"@id\":\"https:\/\/turismo.benicassim.es\/en\/audioguides-2\/#breadcrumb\",\"itemListElement\":[{\"@type\":\"ListItem\",\"position\":1,\"name\":\"Inicio\",\"item\":\"https:\/\/turismo.benicassim.es\/en\/\"},{\"@type\":\"ListItem\",\"position\":2,\"name\":\"Audioguides 2\"}]},{\"@type\":\"WebSite\",\"@id\":\"https:\/\/turismo.benicassim.es\/en\/#website\",\"url\":\"https:\/\/turismo.benicassim.es\/en\/\",\"name\":\"Benic\u00e0ssim Turismo\",\"description\":\"Web de informaci\u00f3n de Turismo en Benicasim\",\"potentialAction\":[{\"@type\":\"SearchAction\",\"target\":{\"@type\":\"EntryPoint\",\"urlTemplate\":\"https:\/\/turismo.benicassim.es\/en\/?s={search_term_string}\"},\"query-input\":{\"@type\":\"PropertyValueSpecification\",\"valueRequired\":true,\"valueName\":\"search_term_string\"}}],\"inLanguage\":\"en-US\"}]}<\/script>\n<!-- \/ Yoast SEO plugin. -->","yoast_head_json":{"title":"Benic\u00e0ssim Tourist Audioguides - Benic\u00e0ssim Tourism","description":"We show you all the audio guides of the main places of interest that you can visit in Benic\u00e0ssim. We hope you enjoy it!","robots":{"index":"index","follow":"follow","max-snippet":"max-snippet:-1","max-image-preview":"max-image-preview:large","max-video-preview":"max-video-preview:-1"},"canonical":"https:\/\/turismo.benicassim.es\/en\/audioguides-2\/","og_locale":"en_US","og_type":"article","og_title":"Benic\u00e0ssim Tourist Audioguides - Benic\u00e0ssim Tourism","og_description":"We show you all the audio guides of the main places of interest that you can visit in Benic\u00e0ssim. We hope you enjoy it!","og_url":"https:\/\/turismo.benicassim.es\/en\/audioguides-2\/","og_site_name":"Benic\u00e0ssim Turismo","twitter_card":"summary_large_image","twitter_misc":{"Est. reading time":"1 minute"},"schema":{"@context":"https:\/\/schema.org","@graph":[{"@type":"WebPage","@id":"https:\/\/turismo.benicassim.es\/en\/audioguides-2\/","url":"https:\/\/turismo.benicassim.es\/en\/audioguides-2\/","name":"Benic\u00e0ssim Tourist Audioguides - Benic\u00e0ssim Tourism","isPartOf":{"@id":"https:\/\/turismo.benicassim.es\/en\/#website"},"datePublished":"2025-06-06T10:50:52+00:00","description":"We show you all the audio guides of the main places of interest that you can visit in Benic\u00e0ssim. We hope you enjoy it!","breadcrumb":{"@id":"https:\/\/turismo.benicassim.es\/en\/audioguides-2\/#breadcrumb"},"inLanguage":"en-US","potentialAction":[{"@type":"ReadAction","target":["https:\/\/turismo.benicassim.es\/en\/audioguides-2\/"]}]},{"@type":"BreadcrumbList","@id":"https:\/\/turismo.benicassim.es\/en\/audioguides-2\/#breadcrumb","itemListElement":[{"@type":"ListItem","position":1,"name":"Inicio","item":"https:\/\/turismo.benicassim.es\/en\/"},{"@type":"ListItem","position":2,"name":"Audioguides 2"}]},{"@type":"WebSite","@id":"https:\/\/turismo.benicassim.es\/en\/#website","url":"https:\/\/turismo.benicassim.es\/en\/","name":"Benic\u00e0ssim Turismo","description":"Web de informaci\u00f3n de Turismo en Benicasim","potentialAction":[{"@type":"SearchAction","target":{"@type":"EntryPoint","urlTemplate":"https:\/\/turismo.benicassim.es\/en\/?s={search_term_string}"},"query-input":{"@type":"PropertyValueSpecification","valueRequired":true,"valueName":"search_term_string"}}],"inLanguage":"en-US"}]}},"_links":{"self":[{"href":"https:\/\/turismo.benicassim.es\/en\/wp-json\/wp\/v2\/pages\/81684","targetHints":{"allow":["GET"]}}],"collection":[{"href":"https:\/\/turismo.benicassim.es\/en\/wp-json\/wp\/v2\/pages"}],"about":[{"href":"https:\/\/turismo.benicassim.es\/en\/wp-json\/wp\/v2\/types\/page"}],"author":[{"embeddable":true,"href":"https:\/\/turismo.benicassim.es\/en\/wp-json\/wp\/v2\/users\/11"}],"replies":[{"embeddable":true,"href":"https:\/\/turismo.benicassim.es\/en\/wp-json\/wp\/v2\/comments?post=81684"}],"version-history":[{"count":1,"href":"https:\/\/turismo.benicassim.es\/en\/wp-json\/wp\/v2\/pages\/81684\/revisions"}],"predecessor-version":[{"id":81759,"href":"https:\/\/turismo.benicassim.es\/en\/wp-json\/wp\/v2\/pages\/81684\/revisions\/81759"}],"wp:attachment":[{"href":"https:\/\/turismo.benicassim.es\/en\/wp-json\/wp\/v2\/media?parent=81684"}],"curies":[{"name":"wp","href":"https:\/\/api.w.org\/{rel}","templated":true}]}}