{"id":63159,"date":"2022-01-07T13:39:50","date_gmt":"2022-01-07T12:39:50","guid":{"rendered":"http:\/\/turismo.benicassim.es\/?post_type=product&#038;p=63159"},"modified":"2022-01-21T17:24:00","modified_gmt":"2022-01-21T16:24:00","slug":"descubre-todos-los-secretos-de-la-naranja","status":"publish","type":"product","link":"https:\/\/turismo.benicassim.es\/en\/product\/descubre-todos-los-secretos-de-la-naranja\/","title":{"rendered":"Descubre todos los secretos de la naranja."},"content":{"rendered":"<p><strong>Domingo 23 de enero (10:00 horas)<\/strong><\/p>\n<p><strong>Lugar:<\/strong> Oficina de Turismo Casa Abad\u00eda (C\/ Santo Tom\u00e1s, 74)<\/p>\n<p><strong>Duraci\u00f3n:<\/strong> 2-3 horas.<\/p>\n<p><strong>Distancia:<\/strong> 4 Km.<\/p>\n<p><strong>Dificultad:<\/strong> baja.<\/p>\n<p><strong>Precio:<\/strong> 5 \u20ac (2,5 \u20ac reducida).<\/p>\n<p><strong>Descripci\u00f3n:<\/strong> En esta excursi\u00f3n nos moveremos por los caminos que discurren entre las laderas del Parque Natural del Desert de les Palmes. Con el mar como tel\u00f3n de fondo, conoceremos, de la mano de un experto, el producto m\u00e1s importante de nuestra regi\u00f3n: la naranja. Por si fuera poco, durante la visita tambi\u00e9n degustaremos las diferentes variedades de naranjas y mandarinas que existen y aprenderemos sobre su cultivo.<\/p>\n<p><strong>Recomendaciones:<\/strong> zapato de deporte, gorra y bebida. Durante la prestaci\u00f3n del servicio no est\u00e1 permitido el acceso con animales (excepto perros gu\u00eda o de asistencia).<\/p>\n<p>&nbsp;<\/p>\n","protected":false},"excerpt":{"rendered":"<p>Domingo 23 de enero (10:00 horas) Lugar: Oficina de Turismo Casa Abad\u00eda (C\/ Santo Tom\u00e1s, 74) Duraci\u00f3n: 2-3 horas. Distancia: 4 Km. Dificultad: baja. Precio: 5 \u20ac (2,5 \u20ac reducida). Descripci\u00f3n: En esta excursi\u00f3n nos moveremos por los caminos que discurren entre las laderas del Parque Natural del Desert de les Palmes. Con el mar [&hellip;]<\/p>\n","protected":false},"featured_media":0,"template":"","meta":{"_acf_changed":false},"product_brand":[],"product_cat":[343],"product_tag":[338],"class_list":{"0":"post-63159","1":"product","2":"type-product","3":"status-publish","5":"product_cat-descubre-todos-los-secretos-de-la-naranja-2-en","6":"product_tag-programa-oficial-de-visitas-guiadas-en","8":"first","9":"instock","10":"shipping-taxable","11":"purchasable","12":"product-type-variable","13":"has-default-attributes"},"acf":[],"yoast_head":"<!-- This site is optimized with the Yoast SEO plugin v27.1.1 - https:\/\/yoast.com\/product\/yoast-seo-wordpress\/ -->\n<title>Descubre todos los secretos de la naranja. - Benic\u00e0ssim Turismo<\/title>\n<meta name=\"robots\" content=\"index, follow, max-snippet:-1, max-image-preview:large, max-video-preview:-1\" \/>\n<link rel=\"canonical\" href=\"https:\/\/turismo.benicassim.es\/en\/product\/descubre-todos-los-secretos-de-la-naranja\/\" \/>\n<meta property=\"og:locale\" content=\"en_US\" \/>\n<meta property=\"og:type\" content=\"article\" \/>\n<meta property=\"og:title\" content=\"Descubre todos los secretos de la naranja. - Benic\u00e0ssim Turismo\" \/>\n<meta property=\"og:description\" content=\"Domingo 23 de enero (10:00 horas) Lugar: Oficina de Turismo Casa Abad\u00eda (C\/ Santo Tom\u00e1s, 74) Duraci\u00f3n: 2-3 horas. Distancia: 4 Km. Dificultad: baja. Precio: 5 \u20ac (2,5 \u20ac reducida). Descripci\u00f3n: En esta excursi\u00f3n nos moveremos por los caminos que discurren entre las laderas del Parque Natural del Desert de les Palmes. Con el mar [&hellip;]\" \/>\n<meta property=\"og:url\" content=\"https:\/\/turismo.benicassim.es\/en\/product\/descubre-todos-los-secretos-de-la-naranja\/\" \/>\n<meta property=\"og:site_name\" content=\"Benic\u00e0ssim Turismo\" \/>\n<meta property=\"article:modified_time\" content=\"2022-01-21T16:24:00+00:00\" \/>\n<meta name=\"twitter:card\" content=\"summary_large_image\" \/>\n<meta name=\"twitter:label1\" content=\"Est. reading time\" \/>\n\t<meta name=\"twitter:data1\" content=\"1 minute\" \/>\n<script type=\"application\/ld+json\" class=\"yoast-schema-graph\">{\"@context\":\"https:\/\/schema.org\",\"@graph\":[{\"@type\":\"WebPage\",\"@id\":\"https:\/\/turismo.benicassim.es\/en\/product\/descubre-todos-los-secretos-de-la-naranja\/\",\"url\":\"https:\/\/turismo.benicassim.es\/en\/product\/descubre-todos-los-secretos-de-la-naranja\/\",\"name\":\"Descubre todos los secretos de la naranja. - Benic\u00e0ssim Turismo\",\"isPartOf\":{\"@id\":\"https:\/\/turismo.benicassim.es\/en\/#website\"},\"datePublished\":\"2022-01-07T12:39:50+00:00\",\"dateModified\":\"2022-01-21T16:24:00+00:00\",\"breadcrumb\":{\"@id\":\"https:\/\/turismo.benicassim.es\/en\/product\/descubre-todos-los-secretos-de-la-naranja\/#breadcrumb\"},\"inLanguage\":\"en-US\",\"potentialAction\":[{\"@type\":\"ReadAction\",\"target\":[\"https:\/\/turismo.benicassim.es\/en\/product\/descubre-todos-los-secretos-de-la-naranja\/\"]}]},{\"@type\":\"BreadcrumbList\",\"@id\":\"https:\/\/turismo.benicassim.es\/en\/product\/descubre-todos-los-secretos-de-la-naranja\/#breadcrumb\",\"itemListElement\":[{\"@type\":\"ListItem\",\"position\":1,\"name\":\"Inicio\",\"item\":\"https:\/\/turismo.benicassim.es\/en\/\"},{\"@type\":\"ListItem\",\"position\":2,\"name\":\"Shop\",\"item\":\"https:\/\/turismo.benicassim.es\/en\/shop\/\"},{\"@type\":\"ListItem\",\"position\":3,\"name\":\"Descubre todos los secretos de la naranja.\"}]},{\"@type\":\"WebSite\",\"@id\":\"https:\/\/turismo.benicassim.es\/en\/#website\",\"url\":\"https:\/\/turismo.benicassim.es\/en\/\",\"name\":\"Benic\u00e0ssim Turismo\",\"description\":\"Web de informaci\u00f3n de Turismo en Benicasim\",\"potentialAction\":[{\"@type\":\"SearchAction\",\"target\":{\"@type\":\"EntryPoint\",\"urlTemplate\":\"https:\/\/turismo.benicassim.es\/en\/?s={search_term_string}\"},\"query-input\":{\"@type\":\"PropertyValueSpecification\",\"valueRequired\":true,\"valueName\":\"search_term_string\"}}],\"inLanguage\":\"en-US\"}]}<\/script>\n<!-- \/ Yoast SEO plugin. -->","yoast_head_json":{"title":"Descubre todos los secretos de la naranja. - Benic\u00e0ssim Turismo","robots":{"index":"index","follow":"follow","max-snippet":"max-snippet:-1","max-image-preview":"max-image-preview:large","max-video-preview":"max-video-preview:-1"},"canonical":"https:\/\/turismo.benicassim.es\/en\/product\/descubre-todos-los-secretos-de-la-naranja\/","og_locale":"en_US","og_type":"article","og_title":"Descubre todos los secretos de la naranja. - Benic\u00e0ssim Turismo","og_description":"Domingo 23 de enero (10:00 horas) Lugar: Oficina de Turismo Casa Abad\u00eda (C\/ Santo Tom\u00e1s, 74) Duraci\u00f3n: 2-3 horas. Distancia: 4 Km. Dificultad: baja. Precio: 5 \u20ac (2,5 \u20ac reducida). Descripci\u00f3n: En esta excursi\u00f3n nos moveremos por los caminos que discurren entre las laderas del Parque Natural del Desert de les Palmes. Con el mar [&hellip;]","og_url":"https:\/\/turismo.benicassim.es\/en\/product\/descubre-todos-los-secretos-de-la-naranja\/","og_site_name":"Benic\u00e0ssim Turismo","article_modified_time":"2022-01-21T16:24:00+00:00","twitter_card":"summary_large_image","twitter_misc":{"Est. reading time":"1 minute"},"schema":{"@context":"https:\/\/schema.org","@graph":[{"@type":"WebPage","@id":"https:\/\/turismo.benicassim.es\/en\/product\/descubre-todos-los-secretos-de-la-naranja\/","url":"https:\/\/turismo.benicassim.es\/en\/product\/descubre-todos-los-secretos-de-la-naranja\/","name":"Descubre todos los secretos de la naranja. - Benic\u00e0ssim Turismo","isPartOf":{"@id":"https:\/\/turismo.benicassim.es\/en\/#website"},"datePublished":"2022-01-07T12:39:50+00:00","dateModified":"2022-01-21T16:24:00+00:00","breadcrumb":{"@id":"https:\/\/turismo.benicassim.es\/en\/product\/descubre-todos-los-secretos-de-la-naranja\/#breadcrumb"},"inLanguage":"en-US","potentialAction":[{"@type":"ReadAction","target":["https:\/\/turismo.benicassim.es\/en\/product\/descubre-todos-los-secretos-de-la-naranja\/"]}]},{"@type":"BreadcrumbList","@id":"https:\/\/turismo.benicassim.es\/en\/product\/descubre-todos-los-secretos-de-la-naranja\/#breadcrumb","itemListElement":[{"@type":"ListItem","position":1,"name":"Inicio","item":"https:\/\/turismo.benicassim.es\/en\/"},{"@type":"ListItem","position":2,"name":"Shop","item":"https:\/\/turismo.benicassim.es\/en\/shop\/"},{"@type":"ListItem","position":3,"name":"Descubre todos los secretos de la naranja."}]},{"@type":"WebSite","@id":"https:\/\/turismo.benicassim.es\/en\/#website","url":"https:\/\/turismo.benicassim.es\/en\/","name":"Benic\u00e0ssim Turismo","description":"Web de informaci\u00f3n de Turismo en Benicasim","potentialAction":[{"@type":"SearchAction","target":{"@type":"EntryPoint","urlTemplate":"https:\/\/turismo.benicassim.es\/en\/?s={search_term_string}"},"query-input":{"@type":"PropertyValueSpecification","valueRequired":true,"valueName":"search_term_string"}}],"inLanguage":"en-US"}]}},"_links":{"self":[{"href":"https:\/\/turismo.benicassim.es\/en\/wp-json\/wp\/v2\/product\/63159","targetHints":{"allow":["GET"]}}],"collection":[{"href":"https:\/\/turismo.benicassim.es\/en\/wp-json\/wp\/v2\/product"}],"about":[{"href":"https:\/\/turismo.benicassim.es\/en\/wp-json\/wp\/v2\/types\/product"}],"wp:attachment":[{"href":"https:\/\/turismo.benicassim.es\/en\/wp-json\/wp\/v2\/media?parent=63159"}],"wp:term":[{"taxonomy":"product_brand","embeddable":true,"href":"https:\/\/turismo.benicassim.es\/en\/wp-json\/wp\/v2\/product_brand?post=63159"},{"taxonomy":"product_cat","embeddable":true,"href":"https:\/\/turismo.benicassim.es\/en\/wp-json\/wp\/v2\/product_cat?post=63159"},{"taxonomy":"product_tag","embeddable":true,"href":"https:\/\/turismo.benicassim.es\/en\/wp-json\/wp\/v2\/product_tag?post=63159"}],"curies":[{"name":"wp","href":"https:\/\/api.w.org\/{rel}","templated":true}]}}