{"id":63349,"date":"2022-01-19T09:38:30","date_gmt":"2022-01-19T08:38:30","guid":{"rendered":"http:\/\/turismo.benicassim.es\/?post_type=product&#038;p=63349"},"modified":"2022-02-22T09:23:11","modified_gmt":"2022-02-22T08:23:11","slug":"paisajes-de-los-carmelitas-con-visita-al-monasterio","status":"publish","type":"product","link":"https:\/\/turismo.benicassim.es\/en\/product\/paisajes-de-los-carmelitas-con-visita-al-monasterio\/","title":{"rendered":"Paisajes de los Carmelitas (con visita al Monasterio)"},"content":{"rendered":"<p><strong>Domingo 27 de febrero (10:30 horas)<\/strong><\/p>\n<p><strong>Lugar:<\/strong>\u00a0Parking Monasterio Carmelita\u00a0<a href=\"https:\/\/goo.gl\/maps\/Z5JMxoyXcdcWPMA1A\">https:\/\/goo.gl\/maps\/Z5JMxoyXcdcWPMA1A<\/a><\/p>\n<p><strong>Duraci\u00f3n:<\/strong> 4 horas.<\/p>\n<p><strong>Distancia:<\/strong> 1 Km.<\/p>\n<p><strong>Dificultad:<\/strong> baja.<\/p>\n<p><strong>Precio:<\/strong> 5 \u20ac (2,5 \u20ac reducida).<\/p>\n<p><strong>Descripci\u00f3n:<\/strong> Santo Desierto de la Transverberaci\u00f3n de Santa Teresa de las Palmas. Tal es el nombre original del paraje que, todav\u00eda hoy, constituye la propiedad religiosa m\u00e1s grande de toda Espa\u00f1a. Para conocer su fascinante (y a veces convulsa) historia de m\u00e1s de 300 a\u00f1os, realizaremos un peque\u00f1o paseo interpretativo por incre\u00edbles miradores y algunas sendas, y entraremos en el Monasterio de los Padres Carmelitas para visitar el recinto, la iglesia y el museo de arte sacro.<\/p>\n<p><strong>Recomendaciones:<\/strong>\u00a0zapato de deporte, gorra, almuerzo y bebida. Durante la prestaci\u00f3n del servicio no est\u00e1 permitido el acceso con animales (excepto perros gu\u00eda o de asistencia).<\/p>\n","protected":false},"excerpt":{"rendered":"<p>Domingo 27 de febrero (10:30 horas) Lugar:\u00a0Parking Monasterio Carmelita\u00a0https:\/\/goo.gl\/maps\/Z5JMxoyXcdcWPMA1A Duraci\u00f3n: 4 horas. Distancia: 1 Km. Dificultad: baja. Precio: 5 \u20ac (2,5 \u20ac reducida). Descripci\u00f3n: Santo Desierto de la Transverberaci\u00f3n de Santa Teresa de las Palmas. Tal es el nombre original del paraje que, todav\u00eda hoy, constituye la propiedad religiosa m\u00e1s grande de toda Espa\u00f1a. Para [&hellip;]<\/p>\n","protected":false},"featured_media":64030,"template":"","meta":{"_acf_changed":false},"product_brand":[],"product_cat":[355,114],"product_tag":[338],"class_list":{"0":"post-63349","1":"product","2":"type-product","3":"status-publish","4":"has-post-thumbnail","6":"product_cat-paisajes-de-los-carmelitas-con-visita-al-monasterio-en","7":"product_cat-uncategorized","8":"product_tag-programa-oficial-de-visitas-guiadas-en","10":"first","11":"instock","12":"shipping-taxable","13":"purchasable","14":"product-type-variable"},"acf":[],"yoast_head":"<!-- This site is optimized with the Yoast SEO plugin v27.4 - https:\/\/yoast.com\/product\/yoast-seo-wordpress\/ -->\n<title>Paisajes de los Carmelitas (con visita al Monasterio) - Benic\u00e0ssim Turismo<\/title>\n<meta name=\"robots\" content=\"index, follow, max-snippet:-1, max-image-preview:large, max-video-preview:-1\" \/>\n<link rel=\"canonical\" href=\"https:\/\/turismo.benicassim.es\/en\/product\/paisajes-de-los-carmelitas-con-visita-al-monasterio\/\" \/>\n<meta property=\"og:locale\" content=\"en_US\" \/>\n<meta property=\"og:type\" content=\"article\" \/>\n<meta property=\"og:title\" content=\"Paisajes de los Carmelitas (con visita al Monasterio) - Benic\u00e0ssim Turismo\" \/>\n<meta property=\"og:description\" content=\"Domingo 27 de febrero (10:30 horas) Lugar:\u00a0Parking Monasterio Carmelita\u00a0https:\/\/goo.gl\/maps\/Z5JMxoyXcdcWPMA1A Duraci\u00f3n: 4 horas. Distancia: 1 Km. Dificultad: baja. Precio: 5 \u20ac (2,5 \u20ac reducida). Descripci\u00f3n: Santo Desierto de la Transverberaci\u00f3n de Santa Teresa de las Palmas. Tal es el nombre original del paraje que, todav\u00eda hoy, constituye la propiedad religiosa m\u00e1s grande de toda Espa\u00f1a. Para [&hellip;]\" \/>\n<meta property=\"og:url\" content=\"https:\/\/turismo.benicassim.es\/en\/product\/paisajes-de-los-carmelitas-con-visita-al-monasterio\/\" \/>\n<meta property=\"og:site_name\" content=\"Benic\u00e0ssim Turismo\" \/>\n<meta property=\"article:modified_time\" content=\"2022-02-22T08:23:11+00:00\" \/>\n<meta property=\"og:image\" content=\"https:\/\/turismo.benicassim.es\/wp-content\/uploads\/2022\/01\/AP-Convento2003-12-11-scaled.jpg\" \/>\n\t<meta property=\"og:image:width\" content=\"2560\" \/>\n\t<meta property=\"og:image:height\" content=\"1707\" \/>\n\t<meta property=\"og:image:type\" content=\"image\/jpeg\" \/>\n<meta name=\"twitter:card\" content=\"summary_large_image\" \/>\n<meta name=\"twitter:label1\" content=\"Est. reading time\" \/>\n\t<meta name=\"twitter:data1\" content=\"1 minute\" \/>\n<script type=\"application\/ld+json\" class=\"yoast-schema-graph\">{\"@context\":\"https:\\\/\\\/schema.org\",\"@graph\":[{\"@type\":\"WebPage\",\"@id\":\"https:\\\/\\\/turismo.benicassim.es\\\/en\\\/product\\\/paisajes-de-los-carmelitas-con-visita-al-monasterio\\\/\",\"url\":\"https:\\\/\\\/turismo.benicassim.es\\\/en\\\/product\\\/paisajes-de-los-carmelitas-con-visita-al-monasterio\\\/\",\"name\":\"Paisajes de los Carmelitas (con visita al Monasterio) - Benic\u00e0ssim Turismo\",\"isPartOf\":{\"@id\":\"https:\\\/\\\/turismo.benicassim.es\\\/en\\\/#website\"},\"primaryImageOfPage\":{\"@id\":\"https:\\\/\\\/turismo.benicassim.es\\\/en\\\/product\\\/paisajes-de-los-carmelitas-con-visita-al-monasterio\\\/#primaryimage\"},\"image\":{\"@id\":\"https:\\\/\\\/turismo.benicassim.es\\\/en\\\/product\\\/paisajes-de-los-carmelitas-con-visita-al-monasterio\\\/#primaryimage\"},\"thumbnailUrl\":\"https:\\\/\\\/turismo.benicassim.es\\\/wp-content\\\/uploads\\\/2022\\\/01\\\/AP-Convento2003-12-11-scaled.jpg\",\"datePublished\":\"2022-01-19T08:38:30+00:00\",\"dateModified\":\"2022-02-22T08:23:11+00:00\",\"breadcrumb\":{\"@id\":\"https:\\\/\\\/turismo.benicassim.es\\\/en\\\/product\\\/paisajes-de-los-carmelitas-con-visita-al-monasterio\\\/#breadcrumb\"},\"inLanguage\":\"en-US\",\"potentialAction\":[{\"@type\":\"ReadAction\",\"target\":[\"https:\\\/\\\/turismo.benicassim.es\\\/en\\\/product\\\/paisajes-de-los-carmelitas-con-visita-al-monasterio\\\/\"]}]},{\"@type\":\"ImageObject\",\"inLanguage\":\"en-US\",\"@id\":\"https:\\\/\\\/turismo.benicassim.es\\\/en\\\/product\\\/paisajes-de-los-carmelitas-con-visita-al-monasterio\\\/#primaryimage\",\"url\":\"https:\\\/\\\/turismo.benicassim.es\\\/wp-content\\\/uploads\\\/2022\\\/01\\\/AP-Convento2003-12-11-scaled.jpg\",\"contentUrl\":\"https:\\\/\\\/turismo.benicassim.es\\\/wp-content\\\/uploads\\\/2022\\\/01\\\/AP-Convento2003-12-11-scaled.jpg\",\"width\":2560,\"height\":1707},{\"@type\":\"BreadcrumbList\",\"@id\":\"https:\\\/\\\/turismo.benicassim.es\\\/en\\\/product\\\/paisajes-de-los-carmelitas-con-visita-al-monasterio\\\/#breadcrumb\",\"itemListElement\":[{\"@type\":\"ListItem\",\"position\":1,\"name\":\"Inicio\",\"item\":\"https:\\\/\\\/turismo.benicassim.es\\\/en\\\/\"},{\"@type\":\"ListItem\",\"position\":2,\"name\":\"Shop\",\"item\":\"https:\\\/\\\/turismo.benicassim.es\\\/en\\\/shop\\\/\"},{\"@type\":\"ListItem\",\"position\":3,\"name\":\"Paisajes de los Carmelitas (con visita al Monasterio)\"}]},{\"@type\":\"WebSite\",\"@id\":\"https:\\\/\\\/turismo.benicassim.es\\\/en\\\/#website\",\"url\":\"https:\\\/\\\/turismo.benicassim.es\\\/en\\\/\",\"name\":\"Benic\u00e0ssim Turismo\",\"description\":\"Web de informaci\u00f3n de Turismo en Benicasim\",\"potentialAction\":[{\"@type\":\"SearchAction\",\"target\":{\"@type\":\"EntryPoint\",\"urlTemplate\":\"https:\\\/\\\/turismo.benicassim.es\\\/en\\\/?s={search_term_string}\"},\"query-input\":{\"@type\":\"PropertyValueSpecification\",\"valueRequired\":true,\"valueName\":\"search_term_string\"}}],\"inLanguage\":\"en-US\"}]}<\/script>\n<!-- \/ Yoast SEO plugin. -->","yoast_head_json":{"title":"Paisajes de los Carmelitas (con visita al Monasterio) - Benic\u00e0ssim Turismo","robots":{"index":"index","follow":"follow","max-snippet":"max-snippet:-1","max-image-preview":"max-image-preview:large","max-video-preview":"max-video-preview:-1"},"canonical":"https:\/\/turismo.benicassim.es\/en\/product\/paisajes-de-los-carmelitas-con-visita-al-monasterio\/","og_locale":"en_US","og_type":"article","og_title":"Paisajes de los Carmelitas (con visita al Monasterio) - Benic\u00e0ssim Turismo","og_description":"Domingo 27 de febrero (10:30 horas) Lugar:\u00a0Parking Monasterio Carmelita\u00a0https:\/\/goo.gl\/maps\/Z5JMxoyXcdcWPMA1A Duraci\u00f3n: 4 horas. Distancia: 1 Km. Dificultad: baja. Precio: 5 \u20ac (2,5 \u20ac reducida). Descripci\u00f3n: Santo Desierto de la Transverberaci\u00f3n de Santa Teresa de las Palmas. Tal es el nombre original del paraje que, todav\u00eda hoy, constituye la propiedad religiosa m\u00e1s grande de toda Espa\u00f1a. Para [&hellip;]","og_url":"https:\/\/turismo.benicassim.es\/en\/product\/paisajes-de-los-carmelitas-con-visita-al-monasterio\/","og_site_name":"Benic\u00e0ssim Turismo","article_modified_time":"2022-02-22T08:23:11+00:00","og_image":[{"width":2560,"height":1707,"url":"https:\/\/turismo.benicassim.es\/wp-content\/uploads\/2022\/01\/AP-Convento2003-12-11-scaled.jpg","type":"image\/jpeg"}],"twitter_card":"summary_large_image","twitter_misc":{"Est. reading time":"1 minute"},"schema":{"@context":"https:\/\/schema.org","@graph":[{"@type":"WebPage","@id":"https:\/\/turismo.benicassim.es\/en\/product\/paisajes-de-los-carmelitas-con-visita-al-monasterio\/","url":"https:\/\/turismo.benicassim.es\/en\/product\/paisajes-de-los-carmelitas-con-visita-al-monasterio\/","name":"Paisajes de los Carmelitas (con visita al Monasterio) - Benic\u00e0ssim Turismo","isPartOf":{"@id":"https:\/\/turismo.benicassim.es\/en\/#website"},"primaryImageOfPage":{"@id":"https:\/\/turismo.benicassim.es\/en\/product\/paisajes-de-los-carmelitas-con-visita-al-monasterio\/#primaryimage"},"image":{"@id":"https:\/\/turismo.benicassim.es\/en\/product\/paisajes-de-los-carmelitas-con-visita-al-monasterio\/#primaryimage"},"thumbnailUrl":"https:\/\/turismo.benicassim.es\/wp-content\/uploads\/2022\/01\/AP-Convento2003-12-11-scaled.jpg","datePublished":"2022-01-19T08:38:30+00:00","dateModified":"2022-02-22T08:23:11+00:00","breadcrumb":{"@id":"https:\/\/turismo.benicassim.es\/en\/product\/paisajes-de-los-carmelitas-con-visita-al-monasterio\/#breadcrumb"},"inLanguage":"en-US","potentialAction":[{"@type":"ReadAction","target":["https:\/\/turismo.benicassim.es\/en\/product\/paisajes-de-los-carmelitas-con-visita-al-monasterio\/"]}]},{"@type":"ImageObject","inLanguage":"en-US","@id":"https:\/\/turismo.benicassim.es\/en\/product\/paisajes-de-los-carmelitas-con-visita-al-monasterio\/#primaryimage","url":"https:\/\/turismo.benicassim.es\/wp-content\/uploads\/2022\/01\/AP-Convento2003-12-11-scaled.jpg","contentUrl":"https:\/\/turismo.benicassim.es\/wp-content\/uploads\/2022\/01\/AP-Convento2003-12-11-scaled.jpg","width":2560,"height":1707},{"@type":"BreadcrumbList","@id":"https:\/\/turismo.benicassim.es\/en\/product\/paisajes-de-los-carmelitas-con-visita-al-monasterio\/#breadcrumb","itemListElement":[{"@type":"ListItem","position":1,"name":"Inicio","item":"https:\/\/turismo.benicassim.es\/en\/"},{"@type":"ListItem","position":2,"name":"Shop","item":"https:\/\/turismo.benicassim.es\/en\/shop\/"},{"@type":"ListItem","position":3,"name":"Paisajes de los Carmelitas (con visita al Monasterio)"}]},{"@type":"WebSite","@id":"https:\/\/turismo.benicassim.es\/en\/#website","url":"https:\/\/turismo.benicassim.es\/en\/","name":"Benic\u00e0ssim Turismo","description":"Web de informaci\u00f3n de Turismo en Benicasim","potentialAction":[{"@type":"SearchAction","target":{"@type":"EntryPoint","urlTemplate":"https:\/\/turismo.benicassim.es\/en\/?s={search_term_string}"},"query-input":{"@type":"PropertyValueSpecification","valueRequired":true,"valueName":"search_term_string"}}],"inLanguage":"en-US"}]}},"_links":{"self":[{"href":"https:\/\/turismo.benicassim.es\/en\/wp-json\/wp\/v2\/product\/63349","targetHints":{"allow":["GET"]}}],"collection":[{"href":"https:\/\/turismo.benicassim.es\/en\/wp-json\/wp\/v2\/product"}],"about":[{"href":"https:\/\/turismo.benicassim.es\/en\/wp-json\/wp\/v2\/types\/product"}],"wp:featuredmedia":[{"embeddable":true,"href":"https:\/\/turismo.benicassim.es\/en\/wp-json\/wp\/v2\/media\/64030"}],"wp:attachment":[{"href":"https:\/\/turismo.benicassim.es\/en\/wp-json\/wp\/v2\/media?parent=63349"}],"wp:term":[{"taxonomy":"product_brand","embeddable":true,"href":"https:\/\/turismo.benicassim.es\/en\/wp-json\/wp\/v2\/product_brand?post=63349"},{"taxonomy":"product_cat","embeddable":true,"href":"https:\/\/turismo.benicassim.es\/en\/wp-json\/wp\/v2\/product_cat?post=63349"},{"taxonomy":"product_tag","embeddable":true,"href":"https:\/\/turismo.benicassim.es\/en\/wp-json\/wp\/v2\/product_tag?post=63349"}],"curies":[{"name":"wp","href":"https:\/\/api.w.org\/{rel}","templated":true}]}}