{"id":70545,"date":"2023-04-24T13:54:26","date_gmt":"2023-04-24T11:54:26","guid":{"rendered":"https:\/\/turismo.benicassim.es\/producto\/la-riqueza-botanica-de-benicassim-domingo-21-de-mayo-de-2023\/"},"modified":"2023-05-09T11:50:31","modified_gmt":"2023-05-09T09:50:31","slug":"la-riqueza-botanica-de-benicassim-domingo-21-de-mayo-de-2023","status":"publish","type":"product","link":"https:\/\/turismo.benicassim.es\/en\/product\/la-riqueza-botanica-de-benicassim-domingo-21-de-mayo-de-2023\/","title":{"rendered":"La riqueza bot\u00e1nica de Benic\u00e0ssim. Domingo 21 de mayo de 2023."},"content":{"rendered":"<p><strong>Domingo 21 de mayo (10:00 horas)<\/strong><\/p>\n<p><strong>Lugar: <\/strong>Parking rutas Desierto (junto puente autopista) <a href=\"https:\/\/goo.gl\/maps\/K75XkfGLLUt9SQJG9\">https:\/\/goo.gl\/maps\/K75XkfGLLUt9SQJG9<\/a><\/p>\n<p><strong>Duraci\u00f3n: <\/strong>3,5 horas.<\/p>\n<p><strong>Distancia: <\/strong>6 Km.<\/p>\n<p><strong>Dificultad: <\/strong>moderada. (Ni\u00f1os a partir de 7 a\u00f1os).<\/p>\n<p><strong>Precio: <\/strong>3 \u20ac (1,5 \u20ac reducida).<\/p>\n<p><strong>Descripci\u00f3n: <\/strong>Aunque estamos muy acostumbrados a \u00e9l, no por ello el ecosistema del matorral mediterr\u00e1neo deja de ser uno de los m\u00e1s biodiversos del mundo, una verdadera joya bot\u00e1nica que sabremos apreciar mejor tras realizar una sencilla ruta en la que, por si fuera poco, nuestra particular geolog\u00eda nos ofrecer\u00e1 sorpresas bot\u00e1nicas dif\u00edciles de encontrar en otros lugares del entorno.<\/p>\n<p><strong>Recomendaciones: <\/strong>zapato de deporte, gorra, almuerzo y bebida. Durante la prestaci\u00f3n del servicio no est\u00e1 permitido el acceso con animales (excepto perros gu\u00eda o de asistencia).<\/p>\n","protected":false},"excerpt":{"rendered":"<p>Domingo 21 de mayo (10:00 horas) Lugar: Parking rutas Desierto (junto puente autopista) https:\/\/goo.gl\/maps\/K75XkfGLLUt9SQJG9 Duraci\u00f3n: 3,5 horas. Distancia: 6 Km. Dificultad: moderada. (Ni\u00f1os a partir de 7 a\u00f1os). Precio: 3 \u20ac (1,5 \u20ac reducida). Descripci\u00f3n: Aunque estamos muy acostumbrados a \u00e9l, no por ello el ecosistema del matorral mediterr\u00e1neo deja de ser uno de los [&hellip;]<\/p>\n","protected":false},"featured_media":70546,"template":"","meta":{"_acf_changed":false},"product_brand":[],"product_cat":[359],"product_tag":[626,680,548,549],"class_list":{"0":"post-70545","1":"product","2":"type-product","3":"status-publish","4":"has-post-thumbnail","6":"product_cat-la-riqueza-botanica-de-benicassim-en","7":"product_tag-programa-oficial-visitas-guiadas-en","8":"product_tag-rutas-guiadas-benicasim-en","9":"product_tag-visitas-guiadas-benicasim-en","10":"product_tag-visitas-guiadas-benicassim-en","12":"first","13":"instock","14":"shipping-taxable","15":"purchasable","16":"product-type-variable"},"acf":[],"yoast_head":"<!-- This site is optimized with the Yoast SEO plugin v27.4 - https:\/\/yoast.com\/product\/yoast-seo-wordpress\/ -->\n<title>La riqueza bot\u00e1nica de Benic\u00e0ssim. Domingo 21 de mayo de 2023. - Benic\u00e0ssim Turismo<\/title>\n<meta name=\"robots\" content=\"index, follow, max-snippet:-1, max-image-preview:large, max-video-preview:-1\" \/>\n<link rel=\"canonical\" href=\"https:\/\/turismo.benicassim.es\/en\/product\/la-riqueza-botanica-de-benicassim-domingo-21-de-mayo-de-2023\/\" \/>\n<meta property=\"og:locale\" content=\"en_US\" \/>\n<meta property=\"og:type\" content=\"article\" \/>\n<meta property=\"og:title\" content=\"La riqueza bot\u00e1nica de Benic\u00e0ssim. Domingo 21 de mayo de 2023. - Benic\u00e0ssim Turismo\" \/>\n<meta property=\"og:description\" content=\"Domingo 21 de mayo (10:00 horas) Lugar: Parking rutas Desierto (junto puente autopista) https:\/\/goo.gl\/maps\/K75XkfGLLUt9SQJG9 Duraci\u00f3n: 3,5 horas. Distancia: 6 Km. Dificultad: moderada. (Ni\u00f1os a partir de 7 a\u00f1os). Precio: 3 \u20ac (1,5 \u20ac reducida). Descripci\u00f3n: Aunque estamos muy acostumbrados a \u00e9l, no por ello el ecosistema del matorral mediterr\u00e1neo deja de ser uno de los [&hellip;]\" \/>\n<meta property=\"og:url\" content=\"https:\/\/turismo.benicassim.es\/en\/product\/la-riqueza-botanica-de-benicassim-domingo-21-de-mayo-de-2023\/\" \/>\n<meta property=\"og:site_name\" content=\"Benic\u00e0ssim Turismo\" \/>\n<meta property=\"article:modified_time\" content=\"2023-05-09T09:50:31+00:00\" \/>\n<meta property=\"og:image\" content=\"https:\/\/turismo.benicassim.es\/wp-content\/uploads\/2023\/04\/c_foto12.jpg\" \/>\n\t<meta property=\"og:image:width\" content=\"1772\" \/>\n\t<meta property=\"og:image:height\" content=\"1182\" \/>\n\t<meta property=\"og:image:type\" content=\"image\/jpeg\" \/>\n<meta name=\"twitter:card\" content=\"summary_large_image\" \/>\n<meta name=\"twitter:label1\" content=\"Est. reading time\" \/>\n\t<meta name=\"twitter:data1\" content=\"1 minute\" \/>\n<script type=\"application\/ld+json\" class=\"yoast-schema-graph\">{\"@context\":\"https:\\\/\\\/schema.org\",\"@graph\":[{\"@type\":\"WebPage\",\"@id\":\"https:\\\/\\\/turismo.benicassim.es\\\/en\\\/product\\\/la-riqueza-botanica-de-benicassim-domingo-21-de-mayo-de-2023\\\/\",\"url\":\"https:\\\/\\\/turismo.benicassim.es\\\/en\\\/product\\\/la-riqueza-botanica-de-benicassim-domingo-21-de-mayo-de-2023\\\/\",\"name\":\"La riqueza bot\u00e1nica de Benic\u00e0ssim. Domingo 21 de mayo de 2023. - Benic\u00e0ssim Turismo\",\"isPartOf\":{\"@id\":\"https:\\\/\\\/turismo.benicassim.es\\\/en\\\/#website\"},\"primaryImageOfPage\":{\"@id\":\"https:\\\/\\\/turismo.benicassim.es\\\/en\\\/product\\\/la-riqueza-botanica-de-benicassim-domingo-21-de-mayo-de-2023\\\/#primaryimage\"},\"image\":{\"@id\":\"https:\\\/\\\/turismo.benicassim.es\\\/en\\\/product\\\/la-riqueza-botanica-de-benicassim-domingo-21-de-mayo-de-2023\\\/#primaryimage\"},\"thumbnailUrl\":\"https:\\\/\\\/turismo.benicassim.es\\\/wp-content\\\/uploads\\\/2023\\\/04\\\/c_foto12.jpg\",\"datePublished\":\"2023-04-24T11:54:26+00:00\",\"dateModified\":\"2023-05-09T09:50:31+00:00\",\"breadcrumb\":{\"@id\":\"https:\\\/\\\/turismo.benicassim.es\\\/en\\\/product\\\/la-riqueza-botanica-de-benicassim-domingo-21-de-mayo-de-2023\\\/#breadcrumb\"},\"inLanguage\":\"en-US\",\"potentialAction\":[{\"@type\":\"ReadAction\",\"target\":[\"https:\\\/\\\/turismo.benicassim.es\\\/en\\\/product\\\/la-riqueza-botanica-de-benicassim-domingo-21-de-mayo-de-2023\\\/\"]}]},{\"@type\":\"ImageObject\",\"inLanguage\":\"en-US\",\"@id\":\"https:\\\/\\\/turismo.benicassim.es\\\/en\\\/product\\\/la-riqueza-botanica-de-benicassim-domingo-21-de-mayo-de-2023\\\/#primaryimage\",\"url\":\"https:\\\/\\\/turismo.benicassim.es\\\/wp-content\\\/uploads\\\/2023\\\/04\\\/c_foto12.jpg\",\"contentUrl\":\"https:\\\/\\\/turismo.benicassim.es\\\/wp-content\\\/uploads\\\/2023\\\/04\\\/c_foto12.jpg\",\"width\":1772,\"height\":1182},{\"@type\":\"BreadcrumbList\",\"@id\":\"https:\\\/\\\/turismo.benicassim.es\\\/en\\\/product\\\/la-riqueza-botanica-de-benicassim-domingo-21-de-mayo-de-2023\\\/#breadcrumb\",\"itemListElement\":[{\"@type\":\"ListItem\",\"position\":1,\"name\":\"Inicio\",\"item\":\"https:\\\/\\\/turismo.benicassim.es\\\/en\\\/\"},{\"@type\":\"ListItem\",\"position\":2,\"name\":\"Shop\",\"item\":\"https:\\\/\\\/turismo.benicassim.es\\\/en\\\/shop\\\/\"},{\"@type\":\"ListItem\",\"position\":3,\"name\":\"La riqueza bot\u00e1nica de Benic\u00e0ssim. Domingo 21 de mayo de 2023.\"}]},{\"@type\":\"WebSite\",\"@id\":\"https:\\\/\\\/turismo.benicassim.es\\\/en\\\/#website\",\"url\":\"https:\\\/\\\/turismo.benicassim.es\\\/en\\\/\",\"name\":\"Benic\u00e0ssim Turismo\",\"description\":\"Web de informaci\u00f3n de Turismo en Benicasim\",\"potentialAction\":[{\"@type\":\"SearchAction\",\"target\":{\"@type\":\"EntryPoint\",\"urlTemplate\":\"https:\\\/\\\/turismo.benicassim.es\\\/en\\\/?s={search_term_string}\"},\"query-input\":{\"@type\":\"PropertyValueSpecification\",\"valueRequired\":true,\"valueName\":\"search_term_string\"}}],\"inLanguage\":\"en-US\"}]}<\/script>\n<!-- \/ Yoast SEO plugin. -->","yoast_head_json":{"title":"La riqueza bot\u00e1nica de Benic\u00e0ssim. Domingo 21 de mayo de 2023. - Benic\u00e0ssim Turismo","robots":{"index":"index","follow":"follow","max-snippet":"max-snippet:-1","max-image-preview":"max-image-preview:large","max-video-preview":"max-video-preview:-1"},"canonical":"https:\/\/turismo.benicassim.es\/en\/product\/la-riqueza-botanica-de-benicassim-domingo-21-de-mayo-de-2023\/","og_locale":"en_US","og_type":"article","og_title":"La riqueza bot\u00e1nica de Benic\u00e0ssim. Domingo 21 de mayo de 2023. - Benic\u00e0ssim Turismo","og_description":"Domingo 21 de mayo (10:00 horas) Lugar: Parking rutas Desierto (junto puente autopista) https:\/\/goo.gl\/maps\/K75XkfGLLUt9SQJG9 Duraci\u00f3n: 3,5 horas. Distancia: 6 Km. Dificultad: moderada. (Ni\u00f1os a partir de 7 a\u00f1os). Precio: 3 \u20ac (1,5 \u20ac reducida). Descripci\u00f3n: Aunque estamos muy acostumbrados a \u00e9l, no por ello el ecosistema del matorral mediterr\u00e1neo deja de ser uno de los [&hellip;]","og_url":"https:\/\/turismo.benicassim.es\/en\/product\/la-riqueza-botanica-de-benicassim-domingo-21-de-mayo-de-2023\/","og_site_name":"Benic\u00e0ssim Turismo","article_modified_time":"2023-05-09T09:50:31+00:00","og_image":[{"width":1772,"height":1182,"url":"https:\/\/turismo.benicassim.es\/wp-content\/uploads\/2023\/04\/c_foto12.jpg","type":"image\/jpeg"}],"twitter_card":"summary_large_image","twitter_misc":{"Est. reading time":"1 minute"},"schema":{"@context":"https:\/\/schema.org","@graph":[{"@type":"WebPage","@id":"https:\/\/turismo.benicassim.es\/en\/product\/la-riqueza-botanica-de-benicassim-domingo-21-de-mayo-de-2023\/","url":"https:\/\/turismo.benicassim.es\/en\/product\/la-riqueza-botanica-de-benicassim-domingo-21-de-mayo-de-2023\/","name":"La riqueza bot\u00e1nica de Benic\u00e0ssim. Domingo 21 de mayo de 2023. - Benic\u00e0ssim Turismo","isPartOf":{"@id":"https:\/\/turismo.benicassim.es\/en\/#website"},"primaryImageOfPage":{"@id":"https:\/\/turismo.benicassim.es\/en\/product\/la-riqueza-botanica-de-benicassim-domingo-21-de-mayo-de-2023\/#primaryimage"},"image":{"@id":"https:\/\/turismo.benicassim.es\/en\/product\/la-riqueza-botanica-de-benicassim-domingo-21-de-mayo-de-2023\/#primaryimage"},"thumbnailUrl":"https:\/\/turismo.benicassim.es\/wp-content\/uploads\/2023\/04\/c_foto12.jpg","datePublished":"2023-04-24T11:54:26+00:00","dateModified":"2023-05-09T09:50:31+00:00","breadcrumb":{"@id":"https:\/\/turismo.benicassim.es\/en\/product\/la-riqueza-botanica-de-benicassim-domingo-21-de-mayo-de-2023\/#breadcrumb"},"inLanguage":"en-US","potentialAction":[{"@type":"ReadAction","target":["https:\/\/turismo.benicassim.es\/en\/product\/la-riqueza-botanica-de-benicassim-domingo-21-de-mayo-de-2023\/"]}]},{"@type":"ImageObject","inLanguage":"en-US","@id":"https:\/\/turismo.benicassim.es\/en\/product\/la-riqueza-botanica-de-benicassim-domingo-21-de-mayo-de-2023\/#primaryimage","url":"https:\/\/turismo.benicassim.es\/wp-content\/uploads\/2023\/04\/c_foto12.jpg","contentUrl":"https:\/\/turismo.benicassim.es\/wp-content\/uploads\/2023\/04\/c_foto12.jpg","width":1772,"height":1182},{"@type":"BreadcrumbList","@id":"https:\/\/turismo.benicassim.es\/en\/product\/la-riqueza-botanica-de-benicassim-domingo-21-de-mayo-de-2023\/#breadcrumb","itemListElement":[{"@type":"ListItem","position":1,"name":"Inicio","item":"https:\/\/turismo.benicassim.es\/en\/"},{"@type":"ListItem","position":2,"name":"Shop","item":"https:\/\/turismo.benicassim.es\/en\/shop\/"},{"@type":"ListItem","position":3,"name":"La riqueza bot\u00e1nica de Benic\u00e0ssim. Domingo 21 de mayo de 2023."}]},{"@type":"WebSite","@id":"https:\/\/turismo.benicassim.es\/en\/#website","url":"https:\/\/turismo.benicassim.es\/en\/","name":"Benic\u00e0ssim Turismo","description":"Web de informaci\u00f3n de Turismo en Benicasim","potentialAction":[{"@type":"SearchAction","target":{"@type":"EntryPoint","urlTemplate":"https:\/\/turismo.benicassim.es\/en\/?s={search_term_string}"},"query-input":{"@type":"PropertyValueSpecification","valueRequired":true,"valueName":"search_term_string"}}],"inLanguage":"en-US"}]}},"_links":{"self":[{"href":"https:\/\/turismo.benicassim.es\/en\/wp-json\/wp\/v2\/product\/70545","targetHints":{"allow":["GET"]}}],"collection":[{"href":"https:\/\/turismo.benicassim.es\/en\/wp-json\/wp\/v2\/product"}],"about":[{"href":"https:\/\/turismo.benicassim.es\/en\/wp-json\/wp\/v2\/types\/product"}],"wp:featuredmedia":[{"embeddable":true,"href":"https:\/\/turismo.benicassim.es\/en\/wp-json\/wp\/v2\/media\/70546"}],"wp:attachment":[{"href":"https:\/\/turismo.benicassim.es\/en\/wp-json\/wp\/v2\/media?parent=70545"}],"wp:term":[{"taxonomy":"product_brand","embeddable":true,"href":"https:\/\/turismo.benicassim.es\/en\/wp-json\/wp\/v2\/product_brand?post=70545"},{"taxonomy":"product_cat","embeddable":true,"href":"https:\/\/turismo.benicassim.es\/en\/wp-json\/wp\/v2\/product_cat?post=70545"},{"taxonomy":"product_tag","embeddable":true,"href":"https:\/\/turismo.benicassim.es\/en\/wp-json\/wp\/v2\/product_tag?post=70545"}],"curies":[{"name":"wp","href":"https:\/\/api.w.org\/{rel}","templated":true}]}}