{"id":71193,"date":"2023-06-27T11:54:20","date_gmt":"2023-06-27T09:54:20","guid":{"rendered":"https:\/\/turismo.benicassim.es\/producto\/de-banu-qasi-a-benicassim-con-visita-a-la-iglesia-y-bodega-sabado-22-de-julio-2023-1800-horas\/"},"modified":"2023-06-27T12:08:53","modified_gmt":"2023-06-27T10:08:53","slug":"de-banu-qasi-a-benicassim-con-visita-a-la-iglesia-y-bodega-sabado-22-de-julio-2023-1800-horas","status":"publish","type":"product","link":"https:\/\/turismo.benicassim.es\/en\/product\/de-banu-qasi-a-benicassim-con-visita-a-la-iglesia-y-bodega-sabado-22-de-julio-2023-1800-horas\/","title":{"rendered":"From Banu Qasi to Benic\u00e0ssim (with Santo Tom\u00e1s Church and Carmelitano winery). Saturday, July 22nd 2023 &#8211; 18:00 horas."},"content":{"rendered":"<p><strong>Saturday, July 22nd (6:00 p.m.)<\/strong><br \/>\n<strong>Place:<\/strong> Carmelitano Winery (C\/ Bodolz, 12) <a href=\"https:\/\/goo.gl\/maps\/zbmWfXMxCKpAfwkd9\">https:\/\/goo.gl\/maps\/zbmWfXMxCKpAfwkd9<\/a><br \/>\n<strong>Durati\u00f3n:<\/strong> 2,5 hours.<br \/>\n<strong>Distance:<\/strong> 2,5 Km.<br \/>\n<strong>Difficulty:<\/strong> easy.<br \/>\n<strong>Price:<\/strong> 5 \u20ac (2,5 \u20ac concessions).<br \/>\n<strong>Description:<\/strong> Inhabited perhaps since the Bronze Age, the Benic\u00e0ssim area conceals a number of historical and cultural secrets so diverse that they extend beyond the boundaries of the city itself. Starting from the original heart of Benic\u00e0ssim at the Centinela castle, dating from the late Muslim period, we will explore the streets and squares that, through many hardships due to the unrelenting attacks from corsairs, finally gave life to a town that, against all the odds, ended up being a pioneer of the tourism industry in Spain and known as the Biarritz of Valencia. The tour will be rounded off with a visit to the Carmelitano winery and distillery, where we will also learn about the major cultural and festive events that take place throughout the year in the town (music festivals, patron saints\u2019 celebrations, the paella festival, art exhibitions, etc.).<br \/>\n<strong>Recomendations:<\/strong> Animals are not allowed during the activity (except for guide and assistance dogs).<\/p>\n","protected":false},"excerpt":{"rendered":"<p>Saturday, July 22nd (6:00 p.m.) Place: Carmelitano Winery (C\/ Bodolz, 12) https:\/\/goo.gl\/maps\/zbmWfXMxCKpAfwkd9 Durati\u00f3n: 2,5 hours. Distance: 2,5 Km. Difficulty: easy. Price: 5 \u20ac (2,5 \u20ac concessions). Description: Inhabited perhaps since the Bronze Age, the Benic\u00e0ssim area conceals a number of historical and cultural secrets so diverse that they extend beyond the boundaries of the city [&hellip;]<\/p>\n","protected":false},"featured_media":71194,"template":"","meta":{"_acf_changed":false},"product_brand":[],"product_cat":[363],"product_tag":[],"class_list":{"0":"post-71193","1":"product","2":"type-product","3":"status-publish","4":"has-post-thumbnail","6":"product_cat-de-banu-qasi-a-benicassim-historias-de-la-historia-de-nuestro-pueblo-con-visita-de-la-iglesia-de-santo-tomas-de-villanueva-y-bodega-carmelitano-en","8":"first","9":"instock","10":"shipping-taxable","11":"purchasable","12":"product-type-variable"},"acf":[],"yoast_head":"<!-- This site is optimized with the Yoast SEO plugin v27.4 - https:\/\/yoast.com\/product\/yoast-seo-wordpress\/ -->\n<title>From Banu Qasi to Benic\u00e0ssim (with Santo Tom\u00e1s Church and Carmelitano winery). Saturday, July 22nd 2023 - 18:00 horas. - Benic\u00e0ssim Turismo<\/title>\n<meta name=\"robots\" content=\"index, follow, max-snippet:-1, max-image-preview:large, max-video-preview:-1\" \/>\n<link rel=\"canonical\" href=\"https:\/\/turismo.benicassim.es\/en\/product\/de-banu-qasi-a-benicassim-con-visita-a-la-iglesia-y-bodega-sabado-22-de-julio-2023-1800-horas\/\" \/>\n<meta property=\"og:locale\" content=\"en_US\" \/>\n<meta property=\"og:type\" content=\"article\" \/>\n<meta property=\"og:title\" content=\"From Banu Qasi to Benic\u00e0ssim (with Santo Tom\u00e1s Church and Carmelitano winery). Saturday, July 22nd 2023 - 18:00 horas. - Benic\u00e0ssim Turismo\" \/>\n<meta property=\"og:description\" content=\"Saturday, July 22nd (6:00 p.m.) Place: Carmelitano Winery (C\/ Bodolz, 12) https:\/\/goo.gl\/maps\/zbmWfXMxCKpAfwkd9 Durati\u00f3n: 2,5 hours. Distance: 2,5 Km. Difficulty: easy. Price: 5 \u20ac (2,5 \u20ac concessions). Description: Inhabited perhaps since the Bronze Age, the Benic\u00e0ssim area conceals a number of historical and cultural secrets so diverse that they extend beyond the boundaries of the city [&hellip;]\" \/>\n<meta property=\"og:url\" content=\"https:\/\/turismo.benicassim.es\/en\/product\/de-banu-qasi-a-benicassim-con-visita-a-la-iglesia-y-bodega-sabado-22-de-julio-2023-1800-horas\/\" \/>\n<meta property=\"og:site_name\" content=\"Benic\u00e0ssim Turismo\" \/>\n<meta property=\"article:modified_time\" content=\"2023-06-27T10:08:53+00:00\" \/>\n<meta property=\"og:image\" content=\"https:\/\/turismo.benicassim.es\/wp-content\/uploads\/2023\/06\/c_foto10.jpg\" \/>\n\t<meta property=\"og:image:width\" content=\"1772\" \/>\n\t<meta property=\"og:image:height\" content=\"1182\" \/>\n\t<meta property=\"og:image:type\" content=\"image\/jpeg\" \/>\n<meta name=\"twitter:card\" content=\"summary_large_image\" \/>\n<meta name=\"twitter:label1\" content=\"Est. reading time\" \/>\n\t<meta name=\"twitter:data1\" content=\"1 minute\" \/>\n<script type=\"application\/ld+json\" class=\"yoast-schema-graph\">{\"@context\":\"https:\\\/\\\/schema.org\",\"@graph\":[{\"@type\":\"WebPage\",\"@id\":\"https:\\\/\\\/turismo.benicassim.es\\\/en\\\/product\\\/de-banu-qasi-a-benicassim-con-visita-a-la-iglesia-y-bodega-sabado-22-de-julio-2023-1800-horas\\\/\",\"url\":\"https:\\\/\\\/turismo.benicassim.es\\\/en\\\/product\\\/de-banu-qasi-a-benicassim-con-visita-a-la-iglesia-y-bodega-sabado-22-de-julio-2023-1800-horas\\\/\",\"name\":\"From Banu Qasi to Benic\u00e0ssim (with Santo Tom\u00e1s Church and Carmelitano winery). Saturday, July 22nd 2023 - 18:00 horas. - Benic\u00e0ssim Turismo\",\"isPartOf\":{\"@id\":\"https:\\\/\\\/turismo.benicassim.es\\\/en\\\/#website\"},\"primaryImageOfPage\":{\"@id\":\"https:\\\/\\\/turismo.benicassim.es\\\/en\\\/product\\\/de-banu-qasi-a-benicassim-con-visita-a-la-iglesia-y-bodega-sabado-22-de-julio-2023-1800-horas\\\/#primaryimage\"},\"image\":{\"@id\":\"https:\\\/\\\/turismo.benicassim.es\\\/en\\\/product\\\/de-banu-qasi-a-benicassim-con-visita-a-la-iglesia-y-bodega-sabado-22-de-julio-2023-1800-horas\\\/#primaryimage\"},\"thumbnailUrl\":\"https:\\\/\\\/turismo.benicassim.es\\\/wp-content\\\/uploads\\\/2023\\\/06\\\/c_foto10.jpg\",\"datePublished\":\"2023-06-27T09:54:20+00:00\",\"dateModified\":\"2023-06-27T10:08:53+00:00\",\"breadcrumb\":{\"@id\":\"https:\\\/\\\/turismo.benicassim.es\\\/en\\\/product\\\/de-banu-qasi-a-benicassim-con-visita-a-la-iglesia-y-bodega-sabado-22-de-julio-2023-1800-horas\\\/#breadcrumb\"},\"inLanguage\":\"en-US\",\"potentialAction\":[{\"@type\":\"ReadAction\",\"target\":[\"https:\\\/\\\/turismo.benicassim.es\\\/en\\\/product\\\/de-banu-qasi-a-benicassim-con-visita-a-la-iglesia-y-bodega-sabado-22-de-julio-2023-1800-horas\\\/\"]}]},{\"@type\":\"ImageObject\",\"inLanguage\":\"en-US\",\"@id\":\"https:\\\/\\\/turismo.benicassim.es\\\/en\\\/product\\\/de-banu-qasi-a-benicassim-con-visita-a-la-iglesia-y-bodega-sabado-22-de-julio-2023-1800-horas\\\/#primaryimage\",\"url\":\"https:\\\/\\\/turismo.benicassim.es\\\/wp-content\\\/uploads\\\/2023\\\/06\\\/c_foto10.jpg\",\"contentUrl\":\"https:\\\/\\\/turismo.benicassim.es\\\/wp-content\\\/uploads\\\/2023\\\/06\\\/c_foto10.jpg\",\"width\":1772,\"height\":1182},{\"@type\":\"BreadcrumbList\",\"@id\":\"https:\\\/\\\/turismo.benicassim.es\\\/en\\\/product\\\/de-banu-qasi-a-benicassim-con-visita-a-la-iglesia-y-bodega-sabado-22-de-julio-2023-1800-horas\\\/#breadcrumb\",\"itemListElement\":[{\"@type\":\"ListItem\",\"position\":1,\"name\":\"Inicio\",\"item\":\"https:\\\/\\\/turismo.benicassim.es\\\/en\\\/\"},{\"@type\":\"ListItem\",\"position\":2,\"name\":\"Shop\",\"item\":\"https:\\\/\\\/turismo.benicassim.es\\\/en\\\/shop\\\/\"},{\"@type\":\"ListItem\",\"position\":3,\"name\":\"From Banu Qasi to Benic\u00e0ssim (with Santo Tom\u00e1s Church and Carmelitano winery). Saturday, July 22nd 2023 &#8211; 18:00 horas.\"}]},{\"@type\":\"WebSite\",\"@id\":\"https:\\\/\\\/turismo.benicassim.es\\\/en\\\/#website\",\"url\":\"https:\\\/\\\/turismo.benicassim.es\\\/en\\\/\",\"name\":\"Benic\u00e0ssim Turismo\",\"description\":\"Web de informaci\u00f3n de Turismo en Benicasim\",\"potentialAction\":[{\"@type\":\"SearchAction\",\"target\":{\"@type\":\"EntryPoint\",\"urlTemplate\":\"https:\\\/\\\/turismo.benicassim.es\\\/en\\\/?s={search_term_string}\"},\"query-input\":{\"@type\":\"PropertyValueSpecification\",\"valueRequired\":true,\"valueName\":\"search_term_string\"}}],\"inLanguage\":\"en-US\"}]}<\/script>\n<!-- \/ Yoast SEO plugin. -->","yoast_head_json":{"title":"From Banu Qasi to Benic\u00e0ssim (with Santo Tom\u00e1s Church and Carmelitano winery). Saturday, July 22nd 2023 - 18:00 horas. - Benic\u00e0ssim Turismo","robots":{"index":"index","follow":"follow","max-snippet":"max-snippet:-1","max-image-preview":"max-image-preview:large","max-video-preview":"max-video-preview:-1"},"canonical":"https:\/\/turismo.benicassim.es\/en\/product\/de-banu-qasi-a-benicassim-con-visita-a-la-iglesia-y-bodega-sabado-22-de-julio-2023-1800-horas\/","og_locale":"en_US","og_type":"article","og_title":"From Banu Qasi to Benic\u00e0ssim (with Santo Tom\u00e1s Church and Carmelitano winery). Saturday, July 22nd 2023 - 18:00 horas. - Benic\u00e0ssim Turismo","og_description":"Saturday, July 22nd (6:00 p.m.) Place: Carmelitano Winery (C\/ Bodolz, 12) https:\/\/goo.gl\/maps\/zbmWfXMxCKpAfwkd9 Durati\u00f3n: 2,5 hours. Distance: 2,5 Km. Difficulty: easy. Price: 5 \u20ac (2,5 \u20ac concessions). Description: Inhabited perhaps since the Bronze Age, the Benic\u00e0ssim area conceals a number of historical and cultural secrets so diverse that they extend beyond the boundaries of the city [&hellip;]","og_url":"https:\/\/turismo.benicassim.es\/en\/product\/de-banu-qasi-a-benicassim-con-visita-a-la-iglesia-y-bodega-sabado-22-de-julio-2023-1800-horas\/","og_site_name":"Benic\u00e0ssim Turismo","article_modified_time":"2023-06-27T10:08:53+00:00","og_image":[{"width":1772,"height":1182,"url":"https:\/\/turismo.benicassim.es\/wp-content\/uploads\/2023\/06\/c_foto10.jpg","type":"image\/jpeg"}],"twitter_card":"summary_large_image","twitter_misc":{"Est. reading time":"1 minute"},"schema":{"@context":"https:\/\/schema.org","@graph":[{"@type":"WebPage","@id":"https:\/\/turismo.benicassim.es\/en\/product\/de-banu-qasi-a-benicassim-con-visita-a-la-iglesia-y-bodega-sabado-22-de-julio-2023-1800-horas\/","url":"https:\/\/turismo.benicassim.es\/en\/product\/de-banu-qasi-a-benicassim-con-visita-a-la-iglesia-y-bodega-sabado-22-de-julio-2023-1800-horas\/","name":"From Banu Qasi to Benic\u00e0ssim (with Santo Tom\u00e1s Church and Carmelitano winery). Saturday, July 22nd 2023 - 18:00 horas. - Benic\u00e0ssim Turismo","isPartOf":{"@id":"https:\/\/turismo.benicassim.es\/en\/#website"},"primaryImageOfPage":{"@id":"https:\/\/turismo.benicassim.es\/en\/product\/de-banu-qasi-a-benicassim-con-visita-a-la-iglesia-y-bodega-sabado-22-de-julio-2023-1800-horas\/#primaryimage"},"image":{"@id":"https:\/\/turismo.benicassim.es\/en\/product\/de-banu-qasi-a-benicassim-con-visita-a-la-iglesia-y-bodega-sabado-22-de-julio-2023-1800-horas\/#primaryimage"},"thumbnailUrl":"https:\/\/turismo.benicassim.es\/wp-content\/uploads\/2023\/06\/c_foto10.jpg","datePublished":"2023-06-27T09:54:20+00:00","dateModified":"2023-06-27T10:08:53+00:00","breadcrumb":{"@id":"https:\/\/turismo.benicassim.es\/en\/product\/de-banu-qasi-a-benicassim-con-visita-a-la-iglesia-y-bodega-sabado-22-de-julio-2023-1800-horas\/#breadcrumb"},"inLanguage":"en-US","potentialAction":[{"@type":"ReadAction","target":["https:\/\/turismo.benicassim.es\/en\/product\/de-banu-qasi-a-benicassim-con-visita-a-la-iglesia-y-bodega-sabado-22-de-julio-2023-1800-horas\/"]}]},{"@type":"ImageObject","inLanguage":"en-US","@id":"https:\/\/turismo.benicassim.es\/en\/product\/de-banu-qasi-a-benicassim-con-visita-a-la-iglesia-y-bodega-sabado-22-de-julio-2023-1800-horas\/#primaryimage","url":"https:\/\/turismo.benicassim.es\/wp-content\/uploads\/2023\/06\/c_foto10.jpg","contentUrl":"https:\/\/turismo.benicassim.es\/wp-content\/uploads\/2023\/06\/c_foto10.jpg","width":1772,"height":1182},{"@type":"BreadcrumbList","@id":"https:\/\/turismo.benicassim.es\/en\/product\/de-banu-qasi-a-benicassim-con-visita-a-la-iglesia-y-bodega-sabado-22-de-julio-2023-1800-horas\/#breadcrumb","itemListElement":[{"@type":"ListItem","position":1,"name":"Inicio","item":"https:\/\/turismo.benicassim.es\/en\/"},{"@type":"ListItem","position":2,"name":"Shop","item":"https:\/\/turismo.benicassim.es\/en\/shop\/"},{"@type":"ListItem","position":3,"name":"From Banu Qasi to Benic\u00e0ssim (with Santo Tom\u00e1s Church and Carmelitano winery). Saturday, July 22nd 2023 &#8211; 18:00 horas."}]},{"@type":"WebSite","@id":"https:\/\/turismo.benicassim.es\/en\/#website","url":"https:\/\/turismo.benicassim.es\/en\/","name":"Benic\u00e0ssim Turismo","description":"Web de informaci\u00f3n de Turismo en Benicasim","potentialAction":[{"@type":"SearchAction","target":{"@type":"EntryPoint","urlTemplate":"https:\/\/turismo.benicassim.es\/en\/?s={search_term_string}"},"query-input":{"@type":"PropertyValueSpecification","valueRequired":true,"valueName":"search_term_string"}}],"inLanguage":"en-US"}]}},"_links":{"self":[{"href":"https:\/\/turismo.benicassim.es\/en\/wp-json\/wp\/v2\/product\/71193","targetHints":{"allow":["GET"]}}],"collection":[{"href":"https:\/\/turismo.benicassim.es\/en\/wp-json\/wp\/v2\/product"}],"about":[{"href":"https:\/\/turismo.benicassim.es\/en\/wp-json\/wp\/v2\/types\/product"}],"wp:featuredmedia":[{"embeddable":true,"href":"https:\/\/turismo.benicassim.es\/en\/wp-json\/wp\/v2\/media\/71194"}],"wp:attachment":[{"href":"https:\/\/turismo.benicassim.es\/en\/wp-json\/wp\/v2\/media?parent=71193"}],"wp:term":[{"taxonomy":"product_brand","embeddable":true,"href":"https:\/\/turismo.benicassim.es\/en\/wp-json\/wp\/v2\/product_brand?post=71193"},{"taxonomy":"product_cat","embeddable":true,"href":"https:\/\/turismo.benicassim.es\/en\/wp-json\/wp\/v2\/product_cat?post=71193"},{"taxonomy":"product_tag","embeddable":true,"href":"https:\/\/turismo.benicassim.es\/en\/wp-json\/wp\/v2\/product_tag?post=71193"}],"curies":[{"name":"wp","href":"https:\/\/api.w.org\/{rel}","templated":true}]}}