{"id":71809,"date":"2023-07-11T14:30:22","date_gmt":"2023-07-11T12:30:22","guid":{"rendered":"https:\/\/turismo.benicassim.es\/producto\/atardecer-en-el-desert-de-les-palmes-martes-8-de-agosto-2023-1800-h\/"},"modified":"2023-08-01T09:02:55","modified_gmt":"2023-08-01T07:02:55","slug":"atardecer-en-el-desert-de-les-palmes-martes-8-de-agosto-2023-1800-h","status":"publish","type":"product","link":"https:\/\/turismo.benicassim.es\/en\/product\/atardecer-en-el-desert-de-les-palmes-martes-8-de-agosto-2023-1800-h\/","title":{"rendered":"Atardecer en el Desert de les Palmes. Martes 8 de agosto 2023 &#8211; 18:00 h."},"content":{"rendered":"<p><strong>Fecha: martes 8 de agosto (18:00 horas)<\/strong><br \/>\n<strong>Lugar:<\/strong> Parking Mirador Antiguo Monasterio \u00a0<a href=\"https:\/\/goo.gl\/maps\/xEZLcGjbzczXciSGA\">https:\/\/goo.gl\/maps\/xEZLcGjbzczXciSGA<\/a><br \/>\n<strong>Duraci\u00f3n:<\/strong> 3 horas.<br \/>\n<strong>Distancia:<\/strong> 5 Km (desnivel 90 m)<br \/>\n<strong>Dificultad:<\/strong> baja. (Ni\u00f1os a partir de 6 a\u00f1os).<br \/>\n<strong>Precio:<\/strong> 3 \u20ac (1,5 \u20ac reducida).<br \/>\n<strong>Descripci\u00f3n.<\/strong> Poco antes del crep\u00fasculo, haremos una ruta sencilla pero con grandes vistas: desde el valle de Miravet bajo la imponente cresta de les Agulles de Santa \u00c1gueda hasta la Serra d\u2019Irta coronando el Prat de Cabanes. Adem\u00e1s, a lo largo del recorrido, veremos algunas sorpresas naturales que nos recordar\u00e1n la suerte que tenemos al contar con este parque natural tan cerca de nosotros.<br \/>\n<strong>Recomendaciones:<\/strong> calzado deportivo, gorra y bebida. Durante la prestaci\u00f3n del servicio no est\u00e1 permitido el acceso con animales (excepto perros gu\u00eda o de asistencia).<\/p>\n","protected":false},"excerpt":{"rendered":"<p>Fecha: martes 8 de agosto (18:00 horas) Lugar: Parking Mirador Antiguo Monasterio \u00a0https:\/\/goo.gl\/maps\/xEZLcGjbzczXciSGA Duraci\u00f3n: 3 horas. Distancia: 5 Km (desnivel 90 m) Dificultad: baja. (Ni\u00f1os a partir de 6 a\u00f1os). Precio: 3 \u20ac (1,5 \u20ac reducida). Descripci\u00f3n. Poco antes del crep\u00fasculo, haremos una ruta sencilla pero con grandes vistas: desde el valle de Miravet bajo [&hellip;]<\/p>\n","protected":false},"featured_media":71069,"template":"","meta":{"_acf_changed":false},"product_brand":[],"product_cat":[432],"product_tag":[338,726,758,680,733],"class_list":{"0":"post-71809","1":"product","2":"type-product","3":"status-publish","4":"has-post-thumbnail","6":"product_cat-sunset-in-desert-de-les-palmes","7":"product_tag-programa-oficial-de-visitas-guiadas-en","8":"product_tag-programa-oficial-de-visitas-guiadas-benicasim-en","9":"product_tag-programa-oficial-de-visitas-guiadas-benicassim-en","10":"product_tag-rutas-guiadas-benicasim-en","11":"product_tag-senderismo-benicasim-en","13":"first","14":"outofstock","15":"shipping-taxable","16":"purchasable","17":"product-type-variable"},"acf":[],"yoast_head":"<!-- This site is optimized with the Yoast SEO plugin v27.1.1 - https:\/\/yoast.com\/product\/yoast-seo-wordpress\/ -->\n<title>Atardecer en el Desert de les Palmes. Martes 8 de agosto 2023 - 18:00 h. - Benic\u00e0ssim Turismo<\/title>\n<meta name=\"robots\" content=\"index, follow, max-snippet:-1, max-image-preview:large, max-video-preview:-1\" \/>\n<link rel=\"canonical\" href=\"https:\/\/turismo.benicassim.es\/en\/product\/atardecer-en-el-desert-de-les-palmes-martes-8-de-agosto-2023-1800-h\/\" \/>\n<meta property=\"og:locale\" content=\"en_US\" \/>\n<meta property=\"og:type\" content=\"article\" \/>\n<meta property=\"og:title\" content=\"Atardecer en el Desert de les Palmes. Martes 8 de agosto 2023 - 18:00 h. - Benic\u00e0ssim Turismo\" \/>\n<meta property=\"og:description\" content=\"Fecha: martes 8 de agosto (18:00 horas) Lugar: Parking Mirador Antiguo Monasterio \u00a0https:\/\/goo.gl\/maps\/xEZLcGjbzczXciSGA Duraci\u00f3n: 3 horas. Distancia: 5 Km (desnivel 90 m) Dificultad: baja. (Ni\u00f1os a partir de 6 a\u00f1os). Precio: 3 \u20ac (1,5 \u20ac reducida). Descripci\u00f3n. Poco antes del crep\u00fasculo, haremos una ruta sencilla pero con grandes vistas: desde el valle de Miravet bajo [&hellip;]\" \/>\n<meta property=\"og:url\" content=\"https:\/\/turismo.benicassim.es\/en\/product\/atardecer-en-el-desert-de-les-palmes-martes-8-de-agosto-2023-1800-h\/\" \/>\n<meta property=\"og:site_name\" content=\"Benic\u00e0ssim Turismo\" \/>\n<meta property=\"article:modified_time\" content=\"2023-08-01T07:02:55+00:00\" \/>\n<meta property=\"og:image\" content=\"https:\/\/turismo.benicassim.es\/wp-content\/uploads\/2023\/06\/c_foto23.jpg\" \/>\n\t<meta property=\"og:image:width\" content=\"1772\" \/>\n\t<meta property=\"og:image:height\" content=\"1181\" \/>\n\t<meta property=\"og:image:type\" content=\"image\/jpeg\" \/>\n<meta name=\"twitter:card\" content=\"summary_large_image\" \/>\n<meta name=\"twitter:label1\" content=\"Est. reading time\" \/>\n\t<meta name=\"twitter:data1\" content=\"1 minute\" \/>\n<script type=\"application\/ld+json\" class=\"yoast-schema-graph\">{\"@context\":\"https:\/\/schema.org\",\"@graph\":[{\"@type\":\"WebPage\",\"@id\":\"https:\/\/turismo.benicassim.es\/en\/product\/atardecer-en-el-desert-de-les-palmes-martes-8-de-agosto-2023-1800-h\/\",\"url\":\"https:\/\/turismo.benicassim.es\/en\/product\/atardecer-en-el-desert-de-les-palmes-martes-8-de-agosto-2023-1800-h\/\",\"name\":\"Atardecer en el Desert de les Palmes. Martes 8 de agosto 2023 - 18:00 h. - Benic\u00e0ssim Turismo\",\"isPartOf\":{\"@id\":\"https:\/\/turismo.benicassim.es\/en\/#website\"},\"primaryImageOfPage\":{\"@id\":\"https:\/\/turismo.benicassim.es\/en\/product\/atardecer-en-el-desert-de-les-palmes-martes-8-de-agosto-2023-1800-h\/#primaryimage\"},\"image\":{\"@id\":\"https:\/\/turismo.benicassim.es\/en\/product\/atardecer-en-el-desert-de-les-palmes-martes-8-de-agosto-2023-1800-h\/#primaryimage\"},\"thumbnailUrl\":\"https:\/\/turismo.benicassim.es\/wp-content\/uploads\/2023\/06\/c_foto23.jpg\",\"datePublished\":\"2023-07-11T12:30:22+00:00\",\"dateModified\":\"2023-08-01T07:02:55+00:00\",\"breadcrumb\":{\"@id\":\"https:\/\/turismo.benicassim.es\/en\/product\/atardecer-en-el-desert-de-les-palmes-martes-8-de-agosto-2023-1800-h\/#breadcrumb\"},\"inLanguage\":\"en-US\",\"potentialAction\":[{\"@type\":\"ReadAction\",\"target\":[\"https:\/\/turismo.benicassim.es\/en\/product\/atardecer-en-el-desert-de-les-palmes-martes-8-de-agosto-2023-1800-h\/\"]}]},{\"@type\":\"ImageObject\",\"inLanguage\":\"en-US\",\"@id\":\"https:\/\/turismo.benicassim.es\/en\/product\/atardecer-en-el-desert-de-les-palmes-martes-8-de-agosto-2023-1800-h\/#primaryimage\",\"url\":\"https:\/\/turismo.benicassim.es\/wp-content\/uploads\/2023\/06\/c_foto23.jpg\",\"contentUrl\":\"https:\/\/turismo.benicassim.es\/wp-content\/uploads\/2023\/06\/c_foto23.jpg\",\"width\":1772,\"height\":1181},{\"@type\":\"BreadcrumbList\",\"@id\":\"https:\/\/turismo.benicassim.es\/en\/product\/atardecer-en-el-desert-de-les-palmes-martes-8-de-agosto-2023-1800-h\/#breadcrumb\",\"itemListElement\":[{\"@type\":\"ListItem\",\"position\":1,\"name\":\"Inicio\",\"item\":\"https:\/\/turismo.benicassim.es\/en\/\"},{\"@type\":\"ListItem\",\"position\":2,\"name\":\"Shop\",\"item\":\"https:\/\/turismo.benicassim.es\/en\/shop\/\"},{\"@type\":\"ListItem\",\"position\":3,\"name\":\"Atardecer en el Desert de les Palmes. Martes 8 de agosto 2023 &#8211; 18:00 h.\"}]},{\"@type\":\"WebSite\",\"@id\":\"https:\/\/turismo.benicassim.es\/en\/#website\",\"url\":\"https:\/\/turismo.benicassim.es\/en\/\",\"name\":\"Benic\u00e0ssim Turismo\",\"description\":\"Web de informaci\u00f3n de Turismo en Benicasim\",\"potentialAction\":[{\"@type\":\"SearchAction\",\"target\":{\"@type\":\"EntryPoint\",\"urlTemplate\":\"https:\/\/turismo.benicassim.es\/en\/?s={search_term_string}\"},\"query-input\":{\"@type\":\"PropertyValueSpecification\",\"valueRequired\":true,\"valueName\":\"search_term_string\"}}],\"inLanguage\":\"en-US\"}]}<\/script>\n<!-- \/ Yoast SEO plugin. -->","yoast_head_json":{"title":"Atardecer en el Desert de les Palmes. Martes 8 de agosto 2023 - 18:00 h. - Benic\u00e0ssim Turismo","robots":{"index":"index","follow":"follow","max-snippet":"max-snippet:-1","max-image-preview":"max-image-preview:large","max-video-preview":"max-video-preview:-1"},"canonical":"https:\/\/turismo.benicassim.es\/en\/product\/atardecer-en-el-desert-de-les-palmes-martes-8-de-agosto-2023-1800-h\/","og_locale":"en_US","og_type":"article","og_title":"Atardecer en el Desert de les Palmes. Martes 8 de agosto 2023 - 18:00 h. - Benic\u00e0ssim Turismo","og_description":"Fecha: martes 8 de agosto (18:00 horas) Lugar: Parking Mirador Antiguo Monasterio \u00a0https:\/\/goo.gl\/maps\/xEZLcGjbzczXciSGA Duraci\u00f3n: 3 horas. Distancia: 5 Km (desnivel 90 m) Dificultad: baja. (Ni\u00f1os a partir de 6 a\u00f1os). Precio: 3 \u20ac (1,5 \u20ac reducida). Descripci\u00f3n. Poco antes del crep\u00fasculo, haremos una ruta sencilla pero con grandes vistas: desde el valle de Miravet bajo [&hellip;]","og_url":"https:\/\/turismo.benicassim.es\/en\/product\/atardecer-en-el-desert-de-les-palmes-martes-8-de-agosto-2023-1800-h\/","og_site_name":"Benic\u00e0ssim Turismo","article_modified_time":"2023-08-01T07:02:55+00:00","og_image":[{"width":1772,"height":1181,"url":"https:\/\/turismo.benicassim.es\/wp-content\/uploads\/2023\/06\/c_foto23.jpg","type":"image\/jpeg"}],"twitter_card":"summary_large_image","twitter_misc":{"Est. reading time":"1 minute"},"schema":{"@context":"https:\/\/schema.org","@graph":[{"@type":"WebPage","@id":"https:\/\/turismo.benicassim.es\/en\/product\/atardecer-en-el-desert-de-les-palmes-martes-8-de-agosto-2023-1800-h\/","url":"https:\/\/turismo.benicassim.es\/en\/product\/atardecer-en-el-desert-de-les-palmes-martes-8-de-agosto-2023-1800-h\/","name":"Atardecer en el Desert de les Palmes. Martes 8 de agosto 2023 - 18:00 h. - Benic\u00e0ssim Turismo","isPartOf":{"@id":"https:\/\/turismo.benicassim.es\/en\/#website"},"primaryImageOfPage":{"@id":"https:\/\/turismo.benicassim.es\/en\/product\/atardecer-en-el-desert-de-les-palmes-martes-8-de-agosto-2023-1800-h\/#primaryimage"},"image":{"@id":"https:\/\/turismo.benicassim.es\/en\/product\/atardecer-en-el-desert-de-les-palmes-martes-8-de-agosto-2023-1800-h\/#primaryimage"},"thumbnailUrl":"https:\/\/turismo.benicassim.es\/wp-content\/uploads\/2023\/06\/c_foto23.jpg","datePublished":"2023-07-11T12:30:22+00:00","dateModified":"2023-08-01T07:02:55+00:00","breadcrumb":{"@id":"https:\/\/turismo.benicassim.es\/en\/product\/atardecer-en-el-desert-de-les-palmes-martes-8-de-agosto-2023-1800-h\/#breadcrumb"},"inLanguage":"en-US","potentialAction":[{"@type":"ReadAction","target":["https:\/\/turismo.benicassim.es\/en\/product\/atardecer-en-el-desert-de-les-palmes-martes-8-de-agosto-2023-1800-h\/"]}]},{"@type":"ImageObject","inLanguage":"en-US","@id":"https:\/\/turismo.benicassim.es\/en\/product\/atardecer-en-el-desert-de-les-palmes-martes-8-de-agosto-2023-1800-h\/#primaryimage","url":"https:\/\/turismo.benicassim.es\/wp-content\/uploads\/2023\/06\/c_foto23.jpg","contentUrl":"https:\/\/turismo.benicassim.es\/wp-content\/uploads\/2023\/06\/c_foto23.jpg","width":1772,"height":1181},{"@type":"BreadcrumbList","@id":"https:\/\/turismo.benicassim.es\/en\/product\/atardecer-en-el-desert-de-les-palmes-martes-8-de-agosto-2023-1800-h\/#breadcrumb","itemListElement":[{"@type":"ListItem","position":1,"name":"Inicio","item":"https:\/\/turismo.benicassim.es\/en\/"},{"@type":"ListItem","position":2,"name":"Shop","item":"https:\/\/turismo.benicassim.es\/en\/shop\/"},{"@type":"ListItem","position":3,"name":"Atardecer en el Desert de les Palmes. Martes 8 de agosto 2023 &#8211; 18:00 h."}]},{"@type":"WebSite","@id":"https:\/\/turismo.benicassim.es\/en\/#website","url":"https:\/\/turismo.benicassim.es\/en\/","name":"Benic\u00e0ssim Turismo","description":"Web de informaci\u00f3n de Turismo en Benicasim","potentialAction":[{"@type":"SearchAction","target":{"@type":"EntryPoint","urlTemplate":"https:\/\/turismo.benicassim.es\/en\/?s={search_term_string}"},"query-input":{"@type":"PropertyValueSpecification","valueRequired":true,"valueName":"search_term_string"}}],"inLanguage":"en-US"}]}},"_links":{"self":[{"href":"https:\/\/turismo.benicassim.es\/en\/wp-json\/wp\/v2\/product\/71809","targetHints":{"allow":["GET"]}}],"collection":[{"href":"https:\/\/turismo.benicassim.es\/en\/wp-json\/wp\/v2\/product"}],"about":[{"href":"https:\/\/turismo.benicassim.es\/en\/wp-json\/wp\/v2\/types\/product"}],"wp:featuredmedia":[{"embeddable":true,"href":"https:\/\/turismo.benicassim.es\/en\/wp-json\/wp\/v2\/media\/71069"}],"wp:attachment":[{"href":"https:\/\/turismo.benicassim.es\/en\/wp-json\/wp\/v2\/media?parent=71809"}],"wp:term":[{"taxonomy":"product_brand","embeddable":true,"href":"https:\/\/turismo.benicassim.es\/en\/wp-json\/wp\/v2\/product_brand?post=71809"},{"taxonomy":"product_cat","embeddable":true,"href":"https:\/\/turismo.benicassim.es\/en\/wp-json\/wp\/v2\/product_cat?post=71809"},{"taxonomy":"product_tag","embeddable":true,"href":"https:\/\/turismo.benicassim.es\/en\/wp-json\/wp\/v2\/product_tag?post=71809"}],"curies":[{"name":"wp","href":"https:\/\/api.w.org\/{rel}","templated":true}]}}