{"id":74068,"date":"2023-11-17T14:16:30","date_gmt":"2023-11-17T13:19:43","guid":{"rendered":"https:\/\/turismo.benicassim.es\/producto\/despres-de-les-petjades-de-identificacio-de-rastres-animals-dissabte-9-de-desembre-2023-1100-h\/"},"modified":"2023-11-17T14:28:57","modified_gmt":"2023-11-17T13:28:57","slug":"despres-de-les-petjades-de-identificacio-de-rastres-animals-dissabte-9-de-desembre-2023-1100-h","status":"publish","type":"product","link":"https:\/\/turismo.benicassim.es\/en\/product\/despres-de-les-petjades-de-identificacio-de-rastres-animals-dissabte-9-de-desembre-2023-1100-h\/","title":{"rendered":"Following the tracks of&#8230; Identifying animals signs. Saturday, december 2023 &#8211; 11:00 h."},"content":{"rendered":"<p><strong>Dissabte 9 de desembre (11.00 hores).<\/strong><br \/>\n<strong>Lloc:<\/strong> Centre d&#8217;Interpretaci\u00f3 \u201cLa Bartola\u201d <a href=\"https:\/\/goo.gl\/maps\/1rprkabucjv9vuc7a\">https:\/\/goo.gl\/maps\/1rprkabucjv9vuc7a<\/a><br \/>\n<strong>Duraci\u00f3:<\/strong> 2 hores.<br \/>\n<strong>Dificultat:<\/strong> baixa. Recomanat p\u00fablic familiar.<br \/>\n<strong>Preu:<\/strong> 3 \u20ac (1,5 \u20ac redu\u00efda).<br \/>\n<strong>Descripci\u00f3:<\/strong> la fauna mediterr\u00e0nia resulta veritablement impressionant. Encara que en la majoria dels casos, sol ocultar-se a la nostra mirada, perqu\u00e8 \u00e9s d&#8217;h\u00e0bits nocturns. Per aix\u00f2, en aquesta ruta aprendrem a detectar la seua pres\u00e8ncia a trav\u00e9s dels seus rastres: petjades, plomatges, deposicions i fins i tot sons que aniran tra\u00e7ant el nostre cam\u00ed com a aut\u00e8ntics naturalistes.<br \/>\n<strong>Recomanacions:<\/strong> sabata d&#8217;esport, gorra i beguda. Durant la prestaci\u00f3 del servei no est\u00e0 perm\u00e9s l&#8217;acc\u00e9s amb animals (excepte gossos guia o d&#8217;assist\u00e8ncia).<\/p>\n","protected":false},"excerpt":{"rendered":"<p>Dissabte 9 de desembre (11.00 hores). Lloc: Centre d&#8217;Interpretaci\u00f3 \u201cLa Bartola\u201d https:\/\/goo.gl\/maps\/1rprkabucjv9vuc7a Duraci\u00f3: 2 hores. Dificultat: baixa. Recomanat p\u00fablic familiar. Preu: 3 \u20ac (1,5 \u20ac redu\u00efda). Descripci\u00f3: la fauna mediterr\u00e0nia resulta veritablement impressionant. Encara que en la majoria dels casos, sol ocultar-se a la nostra mirada, perqu\u00e8 \u00e9s d&#8217;h\u00e0bits nocturns. Per aix\u00f2, en aquesta ruta [&hellip;]<\/p>\n","protected":false},"featured_media":74069,"template":"","meta":{"_acf_changed":false},"product_brand":[],"product_cat":[322],"product_tag":[642,644,548],"class_list":{"0":"post-74068","1":"product","2":"type-product","3":"status-publish","4":"has-post-thumbnail","6":"product_cat-tras-las-huellas-de-identificacion-de-rastros-animales-en","7":"product_tag-actividades-con-ninos-en-benicasim-en","8":"product_tag-activitats-amb-xiquets-a-benicassim-en","9":"product_tag-visitas-guiadas-benicasim-en","11":"first","12":"outofstock","13":"shipping-taxable","14":"purchasable","15":"product-type-variable"},"acf":[],"yoast_head":"<!-- This site is optimized with the Yoast SEO plugin v27.4 - https:\/\/yoast.com\/product\/yoast-seo-wordpress\/ -->\n<title>Following the tracks of... Identifying animals signs. Saturday, december 2023 - 11:00 h. - Benic\u00e0ssim Turismo<\/title>\n<meta name=\"robots\" content=\"index, follow, max-snippet:-1, max-image-preview:large, max-video-preview:-1\" \/>\n<link rel=\"canonical\" href=\"https:\/\/turismo.benicassim.es\/en\/product\/despres-de-les-petjades-de-identificacio-de-rastres-animals-dissabte-9-de-desembre-2023-1100-h\/\" \/>\n<meta property=\"og:locale\" content=\"en_US\" \/>\n<meta property=\"og:type\" content=\"article\" \/>\n<meta property=\"og:title\" content=\"Following the tracks of... Identifying animals signs. Saturday, december 2023 - 11:00 h. - Benic\u00e0ssim Turismo\" \/>\n<meta property=\"og:description\" content=\"Dissabte 9 de desembre (11.00 hores). Lloc: Centre d&#8217;Interpretaci\u00f3 \u201cLa Bartola\u201d https:\/\/goo.gl\/maps\/1rprkabucjv9vuc7a Duraci\u00f3: 2 hores. Dificultat: baixa. Recomanat p\u00fablic familiar. Preu: 3 \u20ac (1,5 \u20ac redu\u00efda). Descripci\u00f3: la fauna mediterr\u00e0nia resulta veritablement impressionant. Encara que en la majoria dels casos, sol ocultar-se a la nostra mirada, perqu\u00e8 \u00e9s d&#8217;h\u00e0bits nocturns. Per aix\u00f2, en aquesta ruta [&hellip;]\" \/>\n<meta property=\"og:url\" content=\"https:\/\/turismo.benicassim.es\/en\/product\/despres-de-les-petjades-de-identificacio-de-rastres-animals-dissabte-9-de-desembre-2023-1100-h\/\" \/>\n<meta property=\"og:site_name\" content=\"Benic\u00e0ssim Turismo\" \/>\n<meta property=\"article:modified_time\" content=\"2023-11-17T13:28:57+00:00\" \/>\n<meta property=\"og:image\" content=\"https:\/\/turismo.benicassim.es\/wp-content\/uploads\/2023\/11\/c_foto29.jpg\" \/>\n\t<meta property=\"og:image:width\" content=\"1772\" \/>\n\t<meta property=\"og:image:height\" content=\"1182\" \/>\n\t<meta property=\"og:image:type\" content=\"image\/jpeg\" \/>\n<meta name=\"twitter:card\" content=\"summary_large_image\" \/>\n<meta name=\"twitter:label1\" content=\"Est. reading time\" \/>\n\t<meta name=\"twitter:data1\" content=\"1 minute\" \/>\n<script type=\"application\/ld+json\" class=\"yoast-schema-graph\">{\"@context\":\"https:\\\/\\\/schema.org\",\"@graph\":[{\"@type\":\"WebPage\",\"@id\":\"https:\\\/\\\/turismo.benicassim.es\\\/en\\\/product\\\/despres-de-les-petjades-de-identificacio-de-rastres-animals-dissabte-9-de-desembre-2023-1100-h\\\/\",\"url\":\"https:\\\/\\\/turismo.benicassim.es\\\/en\\\/product\\\/despres-de-les-petjades-de-identificacio-de-rastres-animals-dissabte-9-de-desembre-2023-1100-h\\\/\",\"name\":\"Following the tracks of... Identifying animals signs. Saturday, december 2023 - 11:00 h. - Benic\u00e0ssim Turismo\",\"isPartOf\":{\"@id\":\"https:\\\/\\\/turismo.benicassim.es\\\/en\\\/#website\"},\"primaryImageOfPage\":{\"@id\":\"https:\\\/\\\/turismo.benicassim.es\\\/en\\\/product\\\/despres-de-les-petjades-de-identificacio-de-rastres-animals-dissabte-9-de-desembre-2023-1100-h\\\/#primaryimage\"},\"image\":{\"@id\":\"https:\\\/\\\/turismo.benicassim.es\\\/en\\\/product\\\/despres-de-les-petjades-de-identificacio-de-rastres-animals-dissabte-9-de-desembre-2023-1100-h\\\/#primaryimage\"},\"thumbnailUrl\":\"https:\\\/\\\/turismo.benicassim.es\\\/wp-content\\\/uploads\\\/2023\\\/11\\\/c_foto29.jpg\",\"datePublished\":\"2023-11-17T13:19:43+00:00\",\"dateModified\":\"2023-11-17T13:28:57+00:00\",\"breadcrumb\":{\"@id\":\"https:\\\/\\\/turismo.benicassim.es\\\/en\\\/product\\\/despres-de-les-petjades-de-identificacio-de-rastres-animals-dissabte-9-de-desembre-2023-1100-h\\\/#breadcrumb\"},\"inLanguage\":\"en-US\",\"potentialAction\":[{\"@type\":\"ReadAction\",\"target\":[\"https:\\\/\\\/turismo.benicassim.es\\\/en\\\/product\\\/despres-de-les-petjades-de-identificacio-de-rastres-animals-dissabte-9-de-desembre-2023-1100-h\\\/\"]}]},{\"@type\":\"ImageObject\",\"inLanguage\":\"en-US\",\"@id\":\"https:\\\/\\\/turismo.benicassim.es\\\/en\\\/product\\\/despres-de-les-petjades-de-identificacio-de-rastres-animals-dissabte-9-de-desembre-2023-1100-h\\\/#primaryimage\",\"url\":\"https:\\\/\\\/turismo.benicassim.es\\\/wp-content\\\/uploads\\\/2023\\\/11\\\/c_foto29.jpg\",\"contentUrl\":\"https:\\\/\\\/turismo.benicassim.es\\\/wp-content\\\/uploads\\\/2023\\\/11\\\/c_foto29.jpg\",\"width\":1772,\"height\":1182},{\"@type\":\"BreadcrumbList\",\"@id\":\"https:\\\/\\\/turismo.benicassim.es\\\/en\\\/product\\\/despres-de-les-petjades-de-identificacio-de-rastres-animals-dissabte-9-de-desembre-2023-1100-h\\\/#breadcrumb\",\"itemListElement\":[{\"@type\":\"ListItem\",\"position\":1,\"name\":\"Inicio\",\"item\":\"https:\\\/\\\/turismo.benicassim.es\\\/en\\\/\"},{\"@type\":\"ListItem\",\"position\":2,\"name\":\"Shop\",\"item\":\"https:\\\/\\\/turismo.benicassim.es\\\/en\\\/shop\\\/\"},{\"@type\":\"ListItem\",\"position\":3,\"name\":\"Following the tracks of&#8230; Identifying animals signs. Saturday, december 2023 &#8211; 11:00 h.\"}]},{\"@type\":\"WebSite\",\"@id\":\"https:\\\/\\\/turismo.benicassim.es\\\/en\\\/#website\",\"url\":\"https:\\\/\\\/turismo.benicassim.es\\\/en\\\/\",\"name\":\"Benic\u00e0ssim Turismo\",\"description\":\"Web de informaci\u00f3n de Turismo en Benicasim\",\"potentialAction\":[{\"@type\":\"SearchAction\",\"target\":{\"@type\":\"EntryPoint\",\"urlTemplate\":\"https:\\\/\\\/turismo.benicassim.es\\\/en\\\/?s={search_term_string}\"},\"query-input\":{\"@type\":\"PropertyValueSpecification\",\"valueRequired\":true,\"valueName\":\"search_term_string\"}}],\"inLanguage\":\"en-US\"}]}<\/script>\n<!-- \/ Yoast SEO plugin. -->","yoast_head_json":{"title":"Following the tracks of... Identifying animals signs. Saturday, december 2023 - 11:00 h. - Benic\u00e0ssim Turismo","robots":{"index":"index","follow":"follow","max-snippet":"max-snippet:-1","max-image-preview":"max-image-preview:large","max-video-preview":"max-video-preview:-1"},"canonical":"https:\/\/turismo.benicassim.es\/en\/product\/despres-de-les-petjades-de-identificacio-de-rastres-animals-dissabte-9-de-desembre-2023-1100-h\/","og_locale":"en_US","og_type":"article","og_title":"Following the tracks of... Identifying animals signs. Saturday, december 2023 - 11:00 h. - Benic\u00e0ssim Turismo","og_description":"Dissabte 9 de desembre (11.00 hores). Lloc: Centre d&#8217;Interpretaci\u00f3 \u201cLa Bartola\u201d https:\/\/goo.gl\/maps\/1rprkabucjv9vuc7a Duraci\u00f3: 2 hores. Dificultat: baixa. Recomanat p\u00fablic familiar. Preu: 3 \u20ac (1,5 \u20ac redu\u00efda). Descripci\u00f3: la fauna mediterr\u00e0nia resulta veritablement impressionant. Encara que en la majoria dels casos, sol ocultar-se a la nostra mirada, perqu\u00e8 \u00e9s d&#8217;h\u00e0bits nocturns. Per aix\u00f2, en aquesta ruta [&hellip;]","og_url":"https:\/\/turismo.benicassim.es\/en\/product\/despres-de-les-petjades-de-identificacio-de-rastres-animals-dissabte-9-de-desembre-2023-1100-h\/","og_site_name":"Benic\u00e0ssim Turismo","article_modified_time":"2023-11-17T13:28:57+00:00","og_image":[{"width":1772,"height":1182,"url":"https:\/\/turismo.benicassim.es\/wp-content\/uploads\/2023\/11\/c_foto29.jpg","type":"image\/jpeg"}],"twitter_card":"summary_large_image","twitter_misc":{"Est. reading time":"1 minute"},"schema":{"@context":"https:\/\/schema.org","@graph":[{"@type":"WebPage","@id":"https:\/\/turismo.benicassim.es\/en\/product\/despres-de-les-petjades-de-identificacio-de-rastres-animals-dissabte-9-de-desembre-2023-1100-h\/","url":"https:\/\/turismo.benicassim.es\/en\/product\/despres-de-les-petjades-de-identificacio-de-rastres-animals-dissabte-9-de-desembre-2023-1100-h\/","name":"Following the tracks of... Identifying animals signs. Saturday, december 2023 - 11:00 h. - Benic\u00e0ssim Turismo","isPartOf":{"@id":"https:\/\/turismo.benicassim.es\/en\/#website"},"primaryImageOfPage":{"@id":"https:\/\/turismo.benicassim.es\/en\/product\/despres-de-les-petjades-de-identificacio-de-rastres-animals-dissabte-9-de-desembre-2023-1100-h\/#primaryimage"},"image":{"@id":"https:\/\/turismo.benicassim.es\/en\/product\/despres-de-les-petjades-de-identificacio-de-rastres-animals-dissabte-9-de-desembre-2023-1100-h\/#primaryimage"},"thumbnailUrl":"https:\/\/turismo.benicassim.es\/wp-content\/uploads\/2023\/11\/c_foto29.jpg","datePublished":"2023-11-17T13:19:43+00:00","dateModified":"2023-11-17T13:28:57+00:00","breadcrumb":{"@id":"https:\/\/turismo.benicassim.es\/en\/product\/despres-de-les-petjades-de-identificacio-de-rastres-animals-dissabte-9-de-desembre-2023-1100-h\/#breadcrumb"},"inLanguage":"en-US","potentialAction":[{"@type":"ReadAction","target":["https:\/\/turismo.benicassim.es\/en\/product\/despres-de-les-petjades-de-identificacio-de-rastres-animals-dissabte-9-de-desembre-2023-1100-h\/"]}]},{"@type":"ImageObject","inLanguage":"en-US","@id":"https:\/\/turismo.benicassim.es\/en\/product\/despres-de-les-petjades-de-identificacio-de-rastres-animals-dissabte-9-de-desembre-2023-1100-h\/#primaryimage","url":"https:\/\/turismo.benicassim.es\/wp-content\/uploads\/2023\/11\/c_foto29.jpg","contentUrl":"https:\/\/turismo.benicassim.es\/wp-content\/uploads\/2023\/11\/c_foto29.jpg","width":1772,"height":1182},{"@type":"BreadcrumbList","@id":"https:\/\/turismo.benicassim.es\/en\/product\/despres-de-les-petjades-de-identificacio-de-rastres-animals-dissabte-9-de-desembre-2023-1100-h\/#breadcrumb","itemListElement":[{"@type":"ListItem","position":1,"name":"Inicio","item":"https:\/\/turismo.benicassim.es\/en\/"},{"@type":"ListItem","position":2,"name":"Shop","item":"https:\/\/turismo.benicassim.es\/en\/shop\/"},{"@type":"ListItem","position":3,"name":"Following the tracks of&#8230; Identifying animals signs. Saturday, december 2023 &#8211; 11:00 h."}]},{"@type":"WebSite","@id":"https:\/\/turismo.benicassim.es\/en\/#website","url":"https:\/\/turismo.benicassim.es\/en\/","name":"Benic\u00e0ssim Turismo","description":"Web de informaci\u00f3n de Turismo en Benicasim","potentialAction":[{"@type":"SearchAction","target":{"@type":"EntryPoint","urlTemplate":"https:\/\/turismo.benicassim.es\/en\/?s={search_term_string}"},"query-input":{"@type":"PropertyValueSpecification","valueRequired":true,"valueName":"search_term_string"}}],"inLanguage":"en-US"}]}},"_links":{"self":[{"href":"https:\/\/turismo.benicassim.es\/en\/wp-json\/wp\/v2\/product\/74068","targetHints":{"allow":["GET"]}}],"collection":[{"href":"https:\/\/turismo.benicassim.es\/en\/wp-json\/wp\/v2\/product"}],"about":[{"href":"https:\/\/turismo.benicassim.es\/en\/wp-json\/wp\/v2\/types\/product"}],"wp:featuredmedia":[{"embeddable":true,"href":"https:\/\/turismo.benicassim.es\/en\/wp-json\/wp\/v2\/media\/74069"}],"wp:attachment":[{"href":"https:\/\/turismo.benicassim.es\/en\/wp-json\/wp\/v2\/media?parent=74068"}],"wp:term":[{"taxonomy":"product_brand","embeddable":true,"href":"https:\/\/turismo.benicassim.es\/en\/wp-json\/wp\/v2\/product_brand?post=74068"},{"taxonomy":"product_cat","embeddable":true,"href":"https:\/\/turismo.benicassim.es\/en\/wp-json\/wp\/v2\/product_cat?post=74068"},{"taxonomy":"product_tag","embeddable":true,"href":"https:\/\/turismo.benicassim.es\/en\/wp-json\/wp\/v2\/product_tag?post=74068"}],"curies":[{"name":"wp","href":"https:\/\/api.w.org\/{rel}","templated":true}]}}