{"id":74388,"date":"2024-01-09T10:36:23","date_gmt":"2024-01-09T09:36:23","guid":{"rendered":"https:\/\/turismo.benicassim.es\/producto\/de-banu-qasi-a-benicassim-con-visita-a-la-iglesia-y-bodega-incluye-interprete-en-lengua-de-signos-viernes-27-de-enero-de-2024-1030-h\/"},"modified":"2024-01-26T09:13:03","modified_gmt":"2024-01-26T08:13:03","slug":"de-banu-qasi-a-benicassim-con-visita-a-la-iglesia-y-bodega-incluye-interprete-en-lengua-de-signos-viernes-27-de-enero-de-2024-1030-h","status":"publish","type":"product","link":"https:\/\/turismo.benicassim.es\/en\/product\/de-banu-qasi-a-benicassim-con-visita-a-la-iglesia-y-bodega-incluye-interprete-en-lengua-de-signos-viernes-27-de-enero-de-2024-1030-h\/","title":{"rendered":"From Banu Qasi to Benic\u00e0ssim (with visit to the Church and Winery). Sign language interpreter included. Saturday 27th January 2024 &#8211; 10:30 am"},"content":{"rendered":"<p><strong>Saturday 27th January (10:30 am)<\/strong><\/p>\n<p><strong>Place<\/strong><strong>:<\/strong> Tourist Office Casa Abad\u00eda (next to the Church of Santo Tom\u00e1s de Villanueva) https:\/\/goo.gl\/maps\/2vxfJfg7p1TRzkyP9<\/p>\n<p><strong>Dur<\/strong><strong>ation<\/strong><strong>:<\/strong> 2 h<\/p>\n<p><strong>Distan<\/strong><strong>ce<\/strong><strong>:<\/strong> 2,5 km<\/p>\n<p><strong>Level of difficulty<\/strong><strong>:<\/strong> Low<\/p>\n<p><strong>Pr<\/strong><strong>ice<\/strong><strong>:<\/strong> 5 \u20ac (2.5 \u20ac reduced)<\/p>\n<p><strong>Descrip<\/strong><strong>tion<\/strong><strong>:<\/strong> Discover the historical beauty of Benic\u00e0ssim through its castle of La Centinela, its modernist heritage, its streets and squares, the Bodega Carmelitano Museum or the Church of Santo Tom\u00e1s de Villanueva. A route in which, in addition, we will get to know a town with a long tradition in the culture of rice fields, muscatel grapes and, of course, oranges.<\/p>\n<p><strong>Recommendations:<\/strong> animals are not allowed (except guide dogs or assistance dogs)<\/p>\n<p>&nbsp;<\/p>\n","protected":false},"excerpt":{"rendered":"<p>Saturday 27th January (10:30 am) Place: Tourist Office Casa Abad\u00eda (next to the Church of Santo Tom\u00e1s de Villanueva) https:\/\/goo.gl\/maps\/2vxfJfg7p1TRzkyP9 Duration: 2 h Distance: 2,5 km Level of difficulty: Low Price: 5 \u20ac (2.5 \u20ac reduced) Description: Discover the historical beauty of Benic\u00e0ssim through its castle of La Centinela, its modernist heritage, its streets and [&hellip;]<\/p>\n","protected":false},"featured_media":71194,"template":"","meta":{"_acf_changed":false},"product_brand":[],"product_cat":[1028],"product_tag":[604,1029,1030,1031,338,726,738,680,619,620,1032,1033,868,1034,592,869,605],"class_list":{"0":"post-74388","1":"product","2":"type-product","3":"status-publish","4":"has-post-thumbnail","6":"product_cat-de-banu-qasi-a-benicassim-con-visita-a-la-iglesia-y-bodega-incluye-interprete-en-lengua-de-signos-en","7":"product_tag-benicassim-guided-tours-en","8":"product_tag-iglesia-benicassim-en","9":"product_tag-iglesia-santo-tomas-de-villanueva-en","10":"product_tag-lengua-de-signos-en","11":"product_tag-programa-oficial-de-visitas-guiadas-en","12":"product_tag-programa-oficial-de-visitas-guiadas-benicasim-en","13":"product_tag-programa-oficial-de-visites-guiades-benicassim-en","14":"product_tag-rutas-guiadas-benicasim-en","15":"product_tag-rutas-guiadas-benicassim-en","16":"product_tag-rutes-guiades-benicassim-en","17":"product_tag-visita-cultural-benicasim-en","18":"product_tag-visita-cultural-benicassim-en","19":"product_tag-visita-guiada-bodega-carmelitano-en","20":"product_tag-visita-lengua-de-signos-en","21":"product_tag-visitas-benicasim-en","22":"product_tag-visitas-guiadas-centro-de-benicasim-en","23":"product_tag-visites-guiades-benicassim-en","25":"first","26":"instock","27":"shipping-taxable","28":"purchasable","29":"product-type-variable"},"acf":[],"yoast_head":"<!-- This site is optimized with the Yoast SEO plugin v27.1.1 - https:\/\/yoast.com\/product\/yoast-seo-wordpress\/ -->\n<title>From Banu Qasi to Benic\u00e0ssim (with visit to the Church and Winery). Sign language interpreter included. Saturday 27th January 2024 - 10:30 am - Benic\u00e0ssim Turismo<\/title>\n<meta name=\"robots\" content=\"index, follow, max-snippet:-1, max-image-preview:large, max-video-preview:-1\" \/>\n<link rel=\"canonical\" href=\"https:\/\/turismo.benicassim.es\/en\/product\/de-banu-qasi-a-benicassim-con-visita-a-la-iglesia-y-bodega-incluye-interprete-en-lengua-de-signos-viernes-27-de-enero-de-2024-1030-h\/\" \/>\n<meta property=\"og:locale\" content=\"en_US\" \/>\n<meta property=\"og:type\" content=\"article\" \/>\n<meta property=\"og:title\" content=\"From Banu Qasi to Benic\u00e0ssim (with visit to the Church and Winery). Sign language interpreter included. Saturday 27th January 2024 - 10:30 am - Benic\u00e0ssim Turismo\" \/>\n<meta property=\"og:description\" content=\"Saturday 27th January (10:30 am) Place: Tourist Office Casa Abad\u00eda (next to the Church of Santo Tom\u00e1s de Villanueva) https:\/\/goo.gl\/maps\/2vxfJfg7p1TRzkyP9 Duration: 2 h Distance: 2,5 km Level of difficulty: Low Price: 5 \u20ac (2.5 \u20ac reduced) Description: Discover the historical beauty of Benic\u00e0ssim through its castle of La Centinela, its modernist heritage, its streets and [&hellip;]\" \/>\n<meta property=\"og:url\" content=\"https:\/\/turismo.benicassim.es\/en\/product\/de-banu-qasi-a-benicassim-con-visita-a-la-iglesia-y-bodega-incluye-interprete-en-lengua-de-signos-viernes-27-de-enero-de-2024-1030-h\/\" \/>\n<meta property=\"og:site_name\" content=\"Benic\u00e0ssim Turismo\" \/>\n<meta property=\"article:modified_time\" content=\"2024-01-26T08:13:03+00:00\" \/>\n<meta property=\"og:image\" content=\"https:\/\/turismo.benicassim.es\/wp-content\/uploads\/2023\/06\/c_foto10.jpg\" \/>\n\t<meta property=\"og:image:width\" content=\"1772\" \/>\n\t<meta property=\"og:image:height\" content=\"1182\" \/>\n\t<meta property=\"og:image:type\" content=\"image\/jpeg\" \/>\n<meta name=\"twitter:card\" content=\"summary_large_image\" \/>\n<meta name=\"twitter:label1\" content=\"Est. reading time\" \/>\n\t<meta name=\"twitter:data1\" content=\"1 minute\" \/>\n<script type=\"application\/ld+json\" class=\"yoast-schema-graph\">{\"@context\":\"https:\/\/schema.org\",\"@graph\":[{\"@type\":\"WebPage\",\"@id\":\"https:\/\/turismo.benicassim.es\/en\/product\/de-banu-qasi-a-benicassim-con-visita-a-la-iglesia-y-bodega-incluye-interprete-en-lengua-de-signos-viernes-27-de-enero-de-2024-1030-h\/\",\"url\":\"https:\/\/turismo.benicassim.es\/en\/product\/de-banu-qasi-a-benicassim-con-visita-a-la-iglesia-y-bodega-incluye-interprete-en-lengua-de-signos-viernes-27-de-enero-de-2024-1030-h\/\",\"name\":\"From Banu Qasi to Benic\u00e0ssim (with visit to the Church and Winery). Sign language interpreter included. Saturday 27th January 2024 - 10:30 am - Benic\u00e0ssim Turismo\",\"isPartOf\":{\"@id\":\"https:\/\/turismo.benicassim.es\/en\/#website\"},\"primaryImageOfPage\":{\"@id\":\"https:\/\/turismo.benicassim.es\/en\/product\/de-banu-qasi-a-benicassim-con-visita-a-la-iglesia-y-bodega-incluye-interprete-en-lengua-de-signos-viernes-27-de-enero-de-2024-1030-h\/#primaryimage\"},\"image\":{\"@id\":\"https:\/\/turismo.benicassim.es\/en\/product\/de-banu-qasi-a-benicassim-con-visita-a-la-iglesia-y-bodega-incluye-interprete-en-lengua-de-signos-viernes-27-de-enero-de-2024-1030-h\/#primaryimage\"},\"thumbnailUrl\":\"https:\/\/turismo.benicassim.es\/wp-content\/uploads\/2023\/06\/c_foto10.jpg\",\"datePublished\":\"2024-01-09T09:36:23+00:00\",\"dateModified\":\"2024-01-26T08:13:03+00:00\",\"breadcrumb\":{\"@id\":\"https:\/\/turismo.benicassim.es\/en\/product\/de-banu-qasi-a-benicassim-con-visita-a-la-iglesia-y-bodega-incluye-interprete-en-lengua-de-signos-viernes-27-de-enero-de-2024-1030-h\/#breadcrumb\"},\"inLanguage\":\"en-US\",\"potentialAction\":[{\"@type\":\"ReadAction\",\"target\":[\"https:\/\/turismo.benicassim.es\/en\/product\/de-banu-qasi-a-benicassim-con-visita-a-la-iglesia-y-bodega-incluye-interprete-en-lengua-de-signos-viernes-27-de-enero-de-2024-1030-h\/\"]}]},{\"@type\":\"ImageObject\",\"inLanguage\":\"en-US\",\"@id\":\"https:\/\/turismo.benicassim.es\/en\/product\/de-banu-qasi-a-benicassim-con-visita-a-la-iglesia-y-bodega-incluye-interprete-en-lengua-de-signos-viernes-27-de-enero-de-2024-1030-h\/#primaryimage\",\"url\":\"https:\/\/turismo.benicassim.es\/wp-content\/uploads\/2023\/06\/c_foto10.jpg\",\"contentUrl\":\"https:\/\/turismo.benicassim.es\/wp-content\/uploads\/2023\/06\/c_foto10.jpg\",\"width\":1772,\"height\":1182},{\"@type\":\"BreadcrumbList\",\"@id\":\"https:\/\/turismo.benicassim.es\/en\/product\/de-banu-qasi-a-benicassim-con-visita-a-la-iglesia-y-bodega-incluye-interprete-en-lengua-de-signos-viernes-27-de-enero-de-2024-1030-h\/#breadcrumb\",\"itemListElement\":[{\"@type\":\"ListItem\",\"position\":1,\"name\":\"Inicio\",\"item\":\"https:\/\/turismo.benicassim.es\/en\/\"},{\"@type\":\"ListItem\",\"position\":2,\"name\":\"Shop\",\"item\":\"https:\/\/turismo.benicassim.es\/en\/shop\/\"},{\"@type\":\"ListItem\",\"position\":3,\"name\":\"From Banu Qasi to Benic\u00e0ssim (with visit to the Church and Winery). Sign language interpreter included. Saturday 27th January 2024 &#8211; 10:30 am\"}]},{\"@type\":\"WebSite\",\"@id\":\"https:\/\/turismo.benicassim.es\/en\/#website\",\"url\":\"https:\/\/turismo.benicassim.es\/en\/\",\"name\":\"Benic\u00e0ssim Turismo\",\"description\":\"Web de informaci\u00f3n de Turismo en Benicasim\",\"potentialAction\":[{\"@type\":\"SearchAction\",\"target\":{\"@type\":\"EntryPoint\",\"urlTemplate\":\"https:\/\/turismo.benicassim.es\/en\/?s={search_term_string}\"},\"query-input\":{\"@type\":\"PropertyValueSpecification\",\"valueRequired\":true,\"valueName\":\"search_term_string\"}}],\"inLanguage\":\"en-US\"}]}<\/script>\n<!-- \/ Yoast SEO plugin. -->","yoast_head_json":{"title":"From Banu Qasi to Benic\u00e0ssim (with visit to the Church and Winery). Sign language interpreter included. Saturday 27th January 2024 - 10:30 am - Benic\u00e0ssim Turismo","robots":{"index":"index","follow":"follow","max-snippet":"max-snippet:-1","max-image-preview":"max-image-preview:large","max-video-preview":"max-video-preview:-1"},"canonical":"https:\/\/turismo.benicassim.es\/en\/product\/de-banu-qasi-a-benicassim-con-visita-a-la-iglesia-y-bodega-incluye-interprete-en-lengua-de-signos-viernes-27-de-enero-de-2024-1030-h\/","og_locale":"en_US","og_type":"article","og_title":"From Banu Qasi to Benic\u00e0ssim (with visit to the Church and Winery). Sign language interpreter included. Saturday 27th January 2024 - 10:30 am - Benic\u00e0ssim Turismo","og_description":"Saturday 27th January (10:30 am) Place: Tourist Office Casa Abad\u00eda (next to the Church of Santo Tom\u00e1s de Villanueva) https:\/\/goo.gl\/maps\/2vxfJfg7p1TRzkyP9 Duration: 2 h Distance: 2,5 km Level of difficulty: Low Price: 5 \u20ac (2.5 \u20ac reduced) Description: Discover the historical beauty of Benic\u00e0ssim through its castle of La Centinela, its modernist heritage, its streets and [&hellip;]","og_url":"https:\/\/turismo.benicassim.es\/en\/product\/de-banu-qasi-a-benicassim-con-visita-a-la-iglesia-y-bodega-incluye-interprete-en-lengua-de-signos-viernes-27-de-enero-de-2024-1030-h\/","og_site_name":"Benic\u00e0ssim Turismo","article_modified_time":"2024-01-26T08:13:03+00:00","og_image":[{"width":1772,"height":1182,"url":"https:\/\/turismo.benicassim.es\/wp-content\/uploads\/2023\/06\/c_foto10.jpg","type":"image\/jpeg"}],"twitter_card":"summary_large_image","twitter_misc":{"Est. reading time":"1 minute"},"schema":{"@context":"https:\/\/schema.org","@graph":[{"@type":"WebPage","@id":"https:\/\/turismo.benicassim.es\/en\/product\/de-banu-qasi-a-benicassim-con-visita-a-la-iglesia-y-bodega-incluye-interprete-en-lengua-de-signos-viernes-27-de-enero-de-2024-1030-h\/","url":"https:\/\/turismo.benicassim.es\/en\/product\/de-banu-qasi-a-benicassim-con-visita-a-la-iglesia-y-bodega-incluye-interprete-en-lengua-de-signos-viernes-27-de-enero-de-2024-1030-h\/","name":"From Banu Qasi to Benic\u00e0ssim (with visit to the Church and Winery). Sign language interpreter included. Saturday 27th January 2024 - 10:30 am - Benic\u00e0ssim Turismo","isPartOf":{"@id":"https:\/\/turismo.benicassim.es\/en\/#website"},"primaryImageOfPage":{"@id":"https:\/\/turismo.benicassim.es\/en\/product\/de-banu-qasi-a-benicassim-con-visita-a-la-iglesia-y-bodega-incluye-interprete-en-lengua-de-signos-viernes-27-de-enero-de-2024-1030-h\/#primaryimage"},"image":{"@id":"https:\/\/turismo.benicassim.es\/en\/product\/de-banu-qasi-a-benicassim-con-visita-a-la-iglesia-y-bodega-incluye-interprete-en-lengua-de-signos-viernes-27-de-enero-de-2024-1030-h\/#primaryimage"},"thumbnailUrl":"https:\/\/turismo.benicassim.es\/wp-content\/uploads\/2023\/06\/c_foto10.jpg","datePublished":"2024-01-09T09:36:23+00:00","dateModified":"2024-01-26T08:13:03+00:00","breadcrumb":{"@id":"https:\/\/turismo.benicassim.es\/en\/product\/de-banu-qasi-a-benicassim-con-visita-a-la-iglesia-y-bodega-incluye-interprete-en-lengua-de-signos-viernes-27-de-enero-de-2024-1030-h\/#breadcrumb"},"inLanguage":"en-US","potentialAction":[{"@type":"ReadAction","target":["https:\/\/turismo.benicassim.es\/en\/product\/de-banu-qasi-a-benicassim-con-visita-a-la-iglesia-y-bodega-incluye-interprete-en-lengua-de-signos-viernes-27-de-enero-de-2024-1030-h\/"]}]},{"@type":"ImageObject","inLanguage":"en-US","@id":"https:\/\/turismo.benicassim.es\/en\/product\/de-banu-qasi-a-benicassim-con-visita-a-la-iglesia-y-bodega-incluye-interprete-en-lengua-de-signos-viernes-27-de-enero-de-2024-1030-h\/#primaryimage","url":"https:\/\/turismo.benicassim.es\/wp-content\/uploads\/2023\/06\/c_foto10.jpg","contentUrl":"https:\/\/turismo.benicassim.es\/wp-content\/uploads\/2023\/06\/c_foto10.jpg","width":1772,"height":1182},{"@type":"BreadcrumbList","@id":"https:\/\/turismo.benicassim.es\/en\/product\/de-banu-qasi-a-benicassim-con-visita-a-la-iglesia-y-bodega-incluye-interprete-en-lengua-de-signos-viernes-27-de-enero-de-2024-1030-h\/#breadcrumb","itemListElement":[{"@type":"ListItem","position":1,"name":"Inicio","item":"https:\/\/turismo.benicassim.es\/en\/"},{"@type":"ListItem","position":2,"name":"Shop","item":"https:\/\/turismo.benicassim.es\/en\/shop\/"},{"@type":"ListItem","position":3,"name":"From Banu Qasi to Benic\u00e0ssim (with visit to the Church and Winery). Sign language interpreter included. Saturday 27th January 2024 &#8211; 10:30 am"}]},{"@type":"WebSite","@id":"https:\/\/turismo.benicassim.es\/en\/#website","url":"https:\/\/turismo.benicassim.es\/en\/","name":"Benic\u00e0ssim Turismo","description":"Web de informaci\u00f3n de Turismo en Benicasim","potentialAction":[{"@type":"SearchAction","target":{"@type":"EntryPoint","urlTemplate":"https:\/\/turismo.benicassim.es\/en\/?s={search_term_string}"},"query-input":{"@type":"PropertyValueSpecification","valueRequired":true,"valueName":"search_term_string"}}],"inLanguage":"en-US"}]}},"_links":{"self":[{"href":"https:\/\/turismo.benicassim.es\/en\/wp-json\/wp\/v2\/product\/74388","targetHints":{"allow":["GET"]}}],"collection":[{"href":"https:\/\/turismo.benicassim.es\/en\/wp-json\/wp\/v2\/product"}],"about":[{"href":"https:\/\/turismo.benicassim.es\/en\/wp-json\/wp\/v2\/types\/product"}],"wp:featuredmedia":[{"embeddable":true,"href":"https:\/\/turismo.benicassim.es\/en\/wp-json\/wp\/v2\/media\/71194"}],"wp:attachment":[{"href":"https:\/\/turismo.benicassim.es\/en\/wp-json\/wp\/v2\/media?parent=74388"}],"wp:term":[{"taxonomy":"product_brand","embeddable":true,"href":"https:\/\/turismo.benicassim.es\/en\/wp-json\/wp\/v2\/product_brand?post=74388"},{"taxonomy":"product_cat","embeddable":true,"href":"https:\/\/turismo.benicassim.es\/en\/wp-json\/wp\/v2\/product_cat?post=74388"},{"taxonomy":"product_tag","embeddable":true,"href":"https:\/\/turismo.benicassim.es\/en\/wp-json\/wp\/v2\/product_tag?post=74388"}],"curies":[{"name":"wp","href":"https:\/\/api.w.org\/{rel}","templated":true}]}}