{"id":75071,"date":"2024-03-01T17:23:09","date_gmt":"2024-03-01T16:23:09","guid":{"rendered":"https:\/\/turismo.benicassim.es\/producto\/de-banu-qasi-a-benicassim-con-visita-a-la-iglesia-y-bodega-incluye-interprete-en-lengua-de-signos\/"},"modified":"2024-03-27T15:08:35","modified_gmt":"2024-03-27T14:08:35","slug":"de-banu-qasi-a-benicassim-con-visita-a-la-iglesia-y-bodega-incluye-interprete-en-lengua-de-signos","status":"publish","type":"product","link":"https:\/\/turismo.benicassim.es\/en\/product\/de-banu-qasi-a-benicassim-con-visita-a-la-iglesia-y-bodega-incluye-interprete-en-lengua-de-signos\/","title":{"rendered":"From Banu Qasi to Benic\u00e0ssim (with visit to the church and winery) Sign language interpreter included. Thursday 28th March 2024 &#8211; 10:30 am"},"content":{"rendered":"<p><strong><span style=\"color: #333333;\"><span style=\"font-family: Liberation Serif, serif;\"><span style=\"font-size: medium;\">Date: <\/span><\/span><\/span><\/strong><span style=\"color: #333333;\"><span style=\"font-family: Liberation Serif, serif;\"><span style=\"font-size: medium;\">Thursday <\/span><\/span><\/span><span style=\"color: #333333;\"><span style=\"font-family: Liberation Serif, serif;\"><span style=\"font-size: medium;\">2<\/span><\/span><\/span><span style=\"color: #333333;\"><span style=\"font-family: Liberation Serif, serif;\"><span style=\"font-size: medium;\">8<\/span><\/span><\/span><span style=\"color: #333333;\"><span style=\"font-family: Liberation Serif, serif;\"><span style=\"font-size: medium;\">th <\/span><\/span><\/span><span style=\"color: #333333;\"><span style=\"font-family: Liberation Serif, serif;\"><span style=\"font-size: medium;\">March<\/span><\/span><\/span> <span style=\"color: #333333;\"><span style=\"font-family: Liberation Serif, serif;\"><span style=\"font-size: medium;\">(10:30 <\/span><\/span><\/span><span style=\"color: #333333;\"><span style=\"font-family: Liberation Serif, serif;\"><span style=\"font-size: medium;\">am<\/span><\/span><\/span><span style=\"color: #333333;\"><span style=\"font-family: Liberation Serif, serif;\"><span style=\"font-size: medium;\">)<\/span><\/span><\/span><\/p>\n<p><strong>Place<\/strong><strong>:<\/strong> Tourist Office Casa Abad\u00eda (next to the Church of Santo Tom\u00e1s de Villanueva) https:\/\/goo.gl\/maps\/2vxfJfg7p1TRzkyP9<\/p>\n<p><strong>Dur<\/strong><strong>ation<\/strong><strong>:<\/strong> 2 h<\/p>\n<p><strong>Distan<\/strong><strong>ce<\/strong><strong>:<\/strong> 2,5 km<\/p>\n<p><strong>Level of difficulty<\/strong><strong>:<\/strong> Easy<\/p>\n<p><strong>Pr<\/strong><strong>ice<\/strong><strong>:<\/strong> \u20ac5 (\u20ac2.5 reduced )<\/p>\n<p><strong>Descrip<\/strong><strong>tion<\/strong><strong>:<\/strong> Discover the historical beauty of Benic\u00e0ssim through its castle of La Centinela, its modernist heritage, its streets and squares, the Bodega Carmelitano Museum or the Church of Santo Tom\u00e1s de Villanueva. A route in which, in addition, we will get to know a town with a long tradition in the culture of rice fields, muscatel grapes and, of course, oranges.\u00a0<span style=\"color: #000000;\"><span style=\"font-family: Liberation Serif, serif;\"><span style=\"font-size: medium;\">The necessity of the service of sign language interpreter should be confirmed 24 hours in advance.<\/span><\/span><\/span><\/p>\n<p><strong><span style=\"color: #333333;\"><span style=\"font-family: Liberation Serif, serif;\"><span style=\"font-size: medium;\"><b>Recommendations<\/b><\/span><\/span><\/span><\/strong><strong><span style=\"color: #333333;\"><span style=\"font-family: Liberation Serif, serif;\"><span style=\"font-size: medium;\">: <\/span><\/span><\/span><\/strong><span style=\"color: #333333;\"><span style=\"font-family: Liberation Serif, serif;\"><span style=\"font-size: medium;\">animals are not allowed (except guide dogs or assistance dogs).<\/span><\/span><\/span><\/p>\n","protected":false},"excerpt":{"rendered":"<p>Date: Thursday 28th March (10:30 am) Place: Tourist Office Casa Abad\u00eda (next to the Church of Santo Tom\u00e1s de Villanueva) https:\/\/goo.gl\/maps\/2vxfJfg7p1TRzkyP9 Duration: 2 h Distance: 2,5 km Level of difficulty: Easy Price: \u20ac5 (\u20ac2.5 reduced ) Description: Discover the historical beauty of Benic\u00e0ssim through its castle of La Centinela, its modernist heritage, its streets and [&hellip;]<\/p>\n","protected":false},"featured_media":75072,"template":"","meta":{"_acf_changed":false},"product_brand":[],"product_cat":[1028],"product_tag":[493,494,604,610,1079,1031,1080,1081,338,726,758,738,680,619,1066,1067,1082,1034,605],"class_list":{"0":"post-75071","1":"product","2":"type-product","3":"status-publish","4":"has-post-thumbnail","6":"product_cat-de-banu-qasi-a-benicassim-con-visita-a-la-iglesia-y-bodega-incluye-interprete-en-lengua-de-signos-en","7":"product_tag-benicasim-en","8":"product_tag-benicassim-en","9":"product_tag-benicassim-guided-tours-en","10":"product_tag-bodegas-carmelitano-en","11":"product_tag-easter-in-benicassim-en","12":"product_tag-lengua-de-signos-en","13":"product_tag-pascua-en-benicasim-en","14":"product_tag-pascua-en-benicassim-en","15":"product_tag-programa-oficial-de-visitas-guiadas-en","16":"product_tag-programa-oficial-de-visitas-guiadas-benicasim-en","17":"product_tag-programa-oficial-de-visitas-guiadas-benicassim-en","18":"product_tag-programa-oficial-de-visites-guiades-benicassim-en","19":"product_tag-rutas-guiadas-benicasim-en","20":"product_tag-rutas-guiadas-benicassim-en","21":"product_tag-semana-santa-en-benicasim-en","22":"product_tag-semana-santa-en-benicassim-en","23":"product_tag-setmana-santa-a-benicassim-en","24":"product_tag-visita-lengua-de-signos-en","25":"product_tag-visites-guiades-benicassim-en","27":"first","28":"instock","29":"shipping-taxable","30":"purchasable","31":"product-type-variable"},"acf":[],"yoast_head":"<!-- This site is optimized with the Yoast SEO plugin v27.1.1 - https:\/\/yoast.com\/product\/yoast-seo-wordpress\/ -->\n<title>From Banu Qasi to Benic\u00e0ssim (with visit to the church and winery) Sign language interpreter included. Thursday 28th March 2024 - 10:30 am - Benic\u00e0ssim Turismo<\/title>\n<meta name=\"robots\" content=\"index, follow, max-snippet:-1, max-image-preview:large, max-video-preview:-1\" \/>\n<link rel=\"canonical\" href=\"https:\/\/turismo.benicassim.es\/en\/product\/de-banu-qasi-a-benicassim-con-visita-a-la-iglesia-y-bodega-incluye-interprete-en-lengua-de-signos\/\" \/>\n<meta property=\"og:locale\" content=\"en_US\" \/>\n<meta property=\"og:type\" content=\"article\" \/>\n<meta property=\"og:title\" content=\"From Banu Qasi to Benic\u00e0ssim (with visit to the church and winery) Sign language interpreter included. Thursday 28th March 2024 - 10:30 am - Benic\u00e0ssim Turismo\" \/>\n<meta property=\"og:description\" content=\"Date: Thursday 28th March (10:30 am) Place: Tourist Office Casa Abad\u00eda (next to the Church of Santo Tom\u00e1s de Villanueva) https:\/\/goo.gl\/maps\/2vxfJfg7p1TRzkyP9 Duration: 2 h Distance: 2,5 km Level of difficulty: Easy Price: \u20ac5 (\u20ac2.5 reduced ) Description: Discover the historical beauty of Benic\u00e0ssim through its castle of La Centinela, its modernist heritage, its streets and [&hellip;]\" \/>\n<meta property=\"og:url\" content=\"https:\/\/turismo.benicassim.es\/en\/product\/de-banu-qasi-a-benicassim-con-visita-a-la-iglesia-y-bodega-incluye-interprete-en-lengua-de-signos\/\" \/>\n<meta property=\"og:site_name\" content=\"Benic\u00e0ssim Turismo\" \/>\n<meta property=\"article:modified_time\" content=\"2024-03-27T14:08:35+00:00\" \/>\n<meta property=\"og:image\" content=\"https:\/\/turismo.benicassim.es\/wp-content\/uploads\/2024\/03\/foto10.jpg\" \/>\n\t<meta property=\"og:image:width\" content=\"1772\" \/>\n\t<meta property=\"og:image:height\" content=\"1182\" \/>\n\t<meta property=\"og:image:type\" content=\"image\/jpeg\" \/>\n<meta name=\"twitter:card\" content=\"summary_large_image\" \/>\n<meta name=\"twitter:label1\" content=\"Est. reading time\" \/>\n\t<meta name=\"twitter:data1\" content=\"1 minute\" \/>\n<script type=\"application\/ld+json\" class=\"yoast-schema-graph\">{\"@context\":\"https:\/\/schema.org\",\"@graph\":[{\"@type\":\"WebPage\",\"@id\":\"https:\/\/turismo.benicassim.es\/en\/product\/de-banu-qasi-a-benicassim-con-visita-a-la-iglesia-y-bodega-incluye-interprete-en-lengua-de-signos\/\",\"url\":\"https:\/\/turismo.benicassim.es\/en\/product\/de-banu-qasi-a-benicassim-con-visita-a-la-iglesia-y-bodega-incluye-interprete-en-lengua-de-signos\/\",\"name\":\"From Banu Qasi to Benic\u00e0ssim (with visit to the church and winery) Sign language interpreter included. Thursday 28th March 2024 - 10:30 am - Benic\u00e0ssim Turismo\",\"isPartOf\":{\"@id\":\"https:\/\/turismo.benicassim.es\/en\/#website\"},\"primaryImageOfPage\":{\"@id\":\"https:\/\/turismo.benicassim.es\/en\/product\/de-banu-qasi-a-benicassim-con-visita-a-la-iglesia-y-bodega-incluye-interprete-en-lengua-de-signos\/#primaryimage\"},\"image\":{\"@id\":\"https:\/\/turismo.benicassim.es\/en\/product\/de-banu-qasi-a-benicassim-con-visita-a-la-iglesia-y-bodega-incluye-interprete-en-lengua-de-signos\/#primaryimage\"},\"thumbnailUrl\":\"https:\/\/turismo.benicassim.es\/wp-content\/uploads\/2024\/03\/foto10.jpg\",\"datePublished\":\"2024-03-01T16:23:09+00:00\",\"dateModified\":\"2024-03-27T14:08:35+00:00\",\"breadcrumb\":{\"@id\":\"https:\/\/turismo.benicassim.es\/en\/product\/de-banu-qasi-a-benicassim-con-visita-a-la-iglesia-y-bodega-incluye-interprete-en-lengua-de-signos\/#breadcrumb\"},\"inLanguage\":\"en-US\",\"potentialAction\":[{\"@type\":\"ReadAction\",\"target\":[\"https:\/\/turismo.benicassim.es\/en\/product\/de-banu-qasi-a-benicassim-con-visita-a-la-iglesia-y-bodega-incluye-interprete-en-lengua-de-signos\/\"]}]},{\"@type\":\"ImageObject\",\"inLanguage\":\"en-US\",\"@id\":\"https:\/\/turismo.benicassim.es\/en\/product\/de-banu-qasi-a-benicassim-con-visita-a-la-iglesia-y-bodega-incluye-interprete-en-lengua-de-signos\/#primaryimage\",\"url\":\"https:\/\/turismo.benicassim.es\/wp-content\/uploads\/2024\/03\/foto10.jpg\",\"contentUrl\":\"https:\/\/turismo.benicassim.es\/wp-content\/uploads\/2024\/03\/foto10.jpg\",\"width\":1772,\"height\":1182},{\"@type\":\"BreadcrumbList\",\"@id\":\"https:\/\/turismo.benicassim.es\/en\/product\/de-banu-qasi-a-benicassim-con-visita-a-la-iglesia-y-bodega-incluye-interprete-en-lengua-de-signos\/#breadcrumb\",\"itemListElement\":[{\"@type\":\"ListItem\",\"position\":1,\"name\":\"Inicio\",\"item\":\"https:\/\/turismo.benicassim.es\/en\/\"},{\"@type\":\"ListItem\",\"position\":2,\"name\":\"Shop\",\"item\":\"https:\/\/turismo.benicassim.es\/en\/shop\/\"},{\"@type\":\"ListItem\",\"position\":3,\"name\":\"From Banu Qasi to Benic\u00e0ssim (with visit to the church and winery) Sign language interpreter included. Thursday 28th March 2024 &#8211; 10:30 am\"}]},{\"@type\":\"WebSite\",\"@id\":\"https:\/\/turismo.benicassim.es\/en\/#website\",\"url\":\"https:\/\/turismo.benicassim.es\/en\/\",\"name\":\"Benic\u00e0ssim Turismo\",\"description\":\"Web de informaci\u00f3n de Turismo en Benicasim\",\"potentialAction\":[{\"@type\":\"SearchAction\",\"target\":{\"@type\":\"EntryPoint\",\"urlTemplate\":\"https:\/\/turismo.benicassim.es\/en\/?s={search_term_string}\"},\"query-input\":{\"@type\":\"PropertyValueSpecification\",\"valueRequired\":true,\"valueName\":\"search_term_string\"}}],\"inLanguage\":\"en-US\"}]}<\/script>\n<!-- \/ Yoast SEO plugin. -->","yoast_head_json":{"title":"From Banu Qasi to Benic\u00e0ssim (with visit to the church and winery) Sign language interpreter included. Thursday 28th March 2024 - 10:30 am - Benic\u00e0ssim Turismo","robots":{"index":"index","follow":"follow","max-snippet":"max-snippet:-1","max-image-preview":"max-image-preview:large","max-video-preview":"max-video-preview:-1"},"canonical":"https:\/\/turismo.benicassim.es\/en\/product\/de-banu-qasi-a-benicassim-con-visita-a-la-iglesia-y-bodega-incluye-interprete-en-lengua-de-signos\/","og_locale":"en_US","og_type":"article","og_title":"From Banu Qasi to Benic\u00e0ssim (with visit to the church and winery) Sign language interpreter included. Thursday 28th March 2024 - 10:30 am - Benic\u00e0ssim Turismo","og_description":"Date: Thursday 28th March (10:30 am) Place: Tourist Office Casa Abad\u00eda (next to the Church of Santo Tom\u00e1s de Villanueva) https:\/\/goo.gl\/maps\/2vxfJfg7p1TRzkyP9 Duration: 2 h Distance: 2,5 km Level of difficulty: Easy Price: \u20ac5 (\u20ac2.5 reduced ) Description: Discover the historical beauty of Benic\u00e0ssim through its castle of La Centinela, its modernist heritage, its streets and [&hellip;]","og_url":"https:\/\/turismo.benicassim.es\/en\/product\/de-banu-qasi-a-benicassim-con-visita-a-la-iglesia-y-bodega-incluye-interprete-en-lengua-de-signos\/","og_site_name":"Benic\u00e0ssim Turismo","article_modified_time":"2024-03-27T14:08:35+00:00","og_image":[{"width":1772,"height":1182,"url":"https:\/\/turismo.benicassim.es\/wp-content\/uploads\/2024\/03\/foto10.jpg","type":"image\/jpeg"}],"twitter_card":"summary_large_image","twitter_misc":{"Est. reading time":"1 minute"},"schema":{"@context":"https:\/\/schema.org","@graph":[{"@type":"WebPage","@id":"https:\/\/turismo.benicassim.es\/en\/product\/de-banu-qasi-a-benicassim-con-visita-a-la-iglesia-y-bodega-incluye-interprete-en-lengua-de-signos\/","url":"https:\/\/turismo.benicassim.es\/en\/product\/de-banu-qasi-a-benicassim-con-visita-a-la-iglesia-y-bodega-incluye-interprete-en-lengua-de-signos\/","name":"From Banu Qasi to Benic\u00e0ssim (with visit to the church and winery) Sign language interpreter included. Thursday 28th March 2024 - 10:30 am - Benic\u00e0ssim Turismo","isPartOf":{"@id":"https:\/\/turismo.benicassim.es\/en\/#website"},"primaryImageOfPage":{"@id":"https:\/\/turismo.benicassim.es\/en\/product\/de-banu-qasi-a-benicassim-con-visita-a-la-iglesia-y-bodega-incluye-interprete-en-lengua-de-signos\/#primaryimage"},"image":{"@id":"https:\/\/turismo.benicassim.es\/en\/product\/de-banu-qasi-a-benicassim-con-visita-a-la-iglesia-y-bodega-incluye-interprete-en-lengua-de-signos\/#primaryimage"},"thumbnailUrl":"https:\/\/turismo.benicassim.es\/wp-content\/uploads\/2024\/03\/foto10.jpg","datePublished":"2024-03-01T16:23:09+00:00","dateModified":"2024-03-27T14:08:35+00:00","breadcrumb":{"@id":"https:\/\/turismo.benicassim.es\/en\/product\/de-banu-qasi-a-benicassim-con-visita-a-la-iglesia-y-bodega-incluye-interprete-en-lengua-de-signos\/#breadcrumb"},"inLanguage":"en-US","potentialAction":[{"@type":"ReadAction","target":["https:\/\/turismo.benicassim.es\/en\/product\/de-banu-qasi-a-benicassim-con-visita-a-la-iglesia-y-bodega-incluye-interprete-en-lengua-de-signos\/"]}]},{"@type":"ImageObject","inLanguage":"en-US","@id":"https:\/\/turismo.benicassim.es\/en\/product\/de-banu-qasi-a-benicassim-con-visita-a-la-iglesia-y-bodega-incluye-interprete-en-lengua-de-signos\/#primaryimage","url":"https:\/\/turismo.benicassim.es\/wp-content\/uploads\/2024\/03\/foto10.jpg","contentUrl":"https:\/\/turismo.benicassim.es\/wp-content\/uploads\/2024\/03\/foto10.jpg","width":1772,"height":1182},{"@type":"BreadcrumbList","@id":"https:\/\/turismo.benicassim.es\/en\/product\/de-banu-qasi-a-benicassim-con-visita-a-la-iglesia-y-bodega-incluye-interprete-en-lengua-de-signos\/#breadcrumb","itemListElement":[{"@type":"ListItem","position":1,"name":"Inicio","item":"https:\/\/turismo.benicassim.es\/en\/"},{"@type":"ListItem","position":2,"name":"Shop","item":"https:\/\/turismo.benicassim.es\/en\/shop\/"},{"@type":"ListItem","position":3,"name":"From Banu Qasi to Benic\u00e0ssim (with visit to the church and winery) Sign language interpreter included. Thursday 28th March 2024 &#8211; 10:30 am"}]},{"@type":"WebSite","@id":"https:\/\/turismo.benicassim.es\/en\/#website","url":"https:\/\/turismo.benicassim.es\/en\/","name":"Benic\u00e0ssim Turismo","description":"Web de informaci\u00f3n de Turismo en Benicasim","potentialAction":[{"@type":"SearchAction","target":{"@type":"EntryPoint","urlTemplate":"https:\/\/turismo.benicassim.es\/en\/?s={search_term_string}"},"query-input":{"@type":"PropertyValueSpecification","valueRequired":true,"valueName":"search_term_string"}}],"inLanguage":"en-US"}]}},"_links":{"self":[{"href":"https:\/\/turismo.benicassim.es\/en\/wp-json\/wp\/v2\/product\/75071","targetHints":{"allow":["GET"]}}],"collection":[{"href":"https:\/\/turismo.benicassim.es\/en\/wp-json\/wp\/v2\/product"}],"about":[{"href":"https:\/\/turismo.benicassim.es\/en\/wp-json\/wp\/v2\/types\/product"}],"wp:featuredmedia":[{"embeddable":true,"href":"https:\/\/turismo.benicassim.es\/en\/wp-json\/wp\/v2\/media\/75072"}],"wp:attachment":[{"href":"https:\/\/turismo.benicassim.es\/en\/wp-json\/wp\/v2\/media?parent=75071"}],"wp:term":[{"taxonomy":"product_brand","embeddable":true,"href":"https:\/\/turismo.benicassim.es\/en\/wp-json\/wp\/v2\/product_brand?post=75071"},{"taxonomy":"product_cat","embeddable":true,"href":"https:\/\/turismo.benicassim.es\/en\/wp-json\/wp\/v2\/product_cat?post=75071"},{"taxonomy":"product_tag","embeddable":true,"href":"https:\/\/turismo.benicassim.es\/en\/wp-json\/wp\/v2\/product_tag?post=75071"}],"curies":[{"name":"wp","href":"https:\/\/api.w.org\/{rel}","templated":true}]}}