{"id":76043,"date":"2024-05-27T13:44:32","date_gmt":"2024-05-27T11:44:32","guid":{"rendered":"https:\/\/turismo.benicassim.es\/producto\/senderismo-a-la-luz-de-las-estrellas-sabado-22-de-junio-de-2024-2130-h\/"},"modified":"2024-06-13T19:07:39","modified_gmt":"2024-06-13T17:07:39","slug":"senderismo-a-la-luz-de-las-estrellas-sabado-22-de-junio-de-2024-2130-h","status":"publish","type":"product","link":"https:\/\/turismo.benicassim.es\/en\/product\/senderismo-a-la-luz-de-las-estrellas-sabado-22-de-junio-de-2024-2130-h\/","title":{"rendered":"Senderismo a la luz de las estrellas. S\u00e1bado 22 de junio de 2024 &#8211; 21:30 h"},"content":{"rendered":"<p><strong><span style=\"color: #333333;\"><span style=\"font-family: Liberation Serif, serif;\"><span style=\"font-size: medium;\">Fecha: <\/span><\/span><\/span><\/strong><span style=\"color: #333333;\"><span style=\"font-family: Liberation Serif, serif;\"><span style=\"font-size: medium;\">S\u00e1bado<\/span><\/span><\/span> <span style=\"color: #333333;\"><span style=\"font-family: Liberation Serif, serif;\"><span style=\"font-size: medium;\">22 <\/span><\/span><\/span><span style=\"color: #333333;\"><span style=\"font-family: Liberation Serif, serif;\"><span style=\"font-size: medium;\">de <\/span><\/span><\/span><span style=\"color: #333333;\"><span style=\"font-family: Liberation Serif, serif;\"><span style=\"font-size: medium;\">ju<\/span><\/span><\/span><span style=\"color: #333333;\"><span style=\"font-family: Liberation Serif, serif;\"><span style=\"font-size: medium;\">n<\/span><\/span><\/span><span style=\"color: #333333;\"><span style=\"font-family: Liberation Serif, serif;\"><span style=\"font-size: medium;\">io<\/span><\/span><\/span><span style=\"color: #333333;\"><span style=\"font-family: Liberation Serif, serif;\"><span style=\"font-size: medium;\"> (<\/span><\/span><\/span><span style=\"color: #333333;\"><span style=\"font-family: Liberation Serif, serif;\"><span style=\"font-size: medium;\">2<\/span><\/span><\/span><span style=\"color: #333333;\"><span style=\"font-family: Liberation Serif, serif;\"><span style=\"font-size: medium;\">1<\/span><\/span><\/span><span style=\"color: #333333;\"><span style=\"font-family: Liberation Serif, serif;\"><span style=\"font-size: medium;\">:<\/span><\/span><\/span><span style=\"color: #333333;\"><span style=\"font-family: Liberation Serif, serif;\"><span style=\"font-size: medium;\">3<\/span><\/span><\/span><span style=\"color: #333333;\"><span style=\"font-family: Liberation Serif, serif;\"><span style=\"font-size: medium;\">0 h)\u00a0 \u00a0 <span style=\"color: #ff0000;\"><strong>VISITA COMPLETA<\/strong><\/span><\/span><\/span><\/span><\/p>\n<p><strong>Lugar: <\/strong>Parking Centro de Interpretaci\u00f3n \u201cLa Bartola\u201d <a href=\"https:\/\/goo.gl\/maps\/1RprkAbuCJV9vuc7A\">https:\/\/goo.gl\/maps\/1RprkAbuCJV9vuc7A<\/a><\/p>\n<p><strong>Duraci\u00f3n: <\/strong>2:30 h<\/p>\n<p><strong>Dificultad: <\/strong>Baja. (Ni\u00f1os a partir de 7 a\u00f1os)<\/p>\n<p><strong>Precio: <\/strong>3 \u20ac (1,5 \u20ac reducida).<\/p>\n<p align=\"justify\"><strong>Descripci\u00f3n:<\/strong> Alrededor de la estrella polar giran infinidad de estrellas organizadas en constelaciones que van cambiando con el paso de los meses. Por ello, con la ayuda de nuestro gu\u00eda, armado con un potente l\u00e1ser, aprenderemos a orientarnos mirando al cielo, conoceremos los principales asterismos de la \u00e9poca estival y bucearemos entres los mitos que rodean a los planetas de nuestro sistema solar.<\/p>\n<p><strong>Recomendaciones:<\/strong> <strong>calzado<\/strong> de deporte, bebida y linterna. Durante la prestaci\u00f3n del servicio no est\u00e1 permitido el acceso con animales (excepto perros gu\u00eda o de asistencia).<\/p>\n","protected":false},"excerpt":{"rendered":"<p>Fecha: S\u00e1bado 22 de junio (21:30 h)\u00a0 \u00a0 VISITA COMPLETA Lugar: Parking Centro de Interpretaci\u00f3n \u201cLa Bartola\u201d https:\/\/goo.gl\/maps\/1RprkAbuCJV9vuc7A Duraci\u00f3n: 2:30 h Dificultad: Baja. (Ni\u00f1os a partir de 7 a\u00f1os) Precio: 3 \u20ac (1,5 \u20ac reducida). Descripci\u00f3n: Alrededor de la estrella polar giran infinidad de estrellas organizadas en constelaciones que van cambiando con el paso de [&hellip;]<\/p>\n","protected":false},"featured_media":71148,"template":"","meta":{"_acf_changed":false},"product_brand":[],"product_cat":[434],"product_tag":[493,494,604,1103,338,726,758,738,680,620,733],"class_list":{"0":"post-76043","1":"product","2":"type-product","3":"status-publish","4":"has-post-thumbnail","6":"product_cat-senderismo-a-la-luz-de-las-estrellas","7":"product_tag-benicasim-en","8":"product_tag-benicassim-en","9":"product_tag-benicassim-guided-tours-en","10":"product_tag-desert-de-les-palmes-en","11":"product_tag-programa-oficial-de-visitas-guiadas-en","12":"product_tag-programa-oficial-de-visitas-guiadas-benicasim-en","13":"product_tag-programa-oficial-de-visitas-guiadas-benicassim-en","14":"product_tag-programa-oficial-de-visites-guiades-benicassim-en","15":"product_tag-rutas-guiadas-benicasim-en","16":"product_tag-rutes-guiades-benicassim-en","17":"product_tag-senderismo-benicasim-en","19":"first","20":"outofstock","21":"shipping-taxable","22":"purchasable","23":"product-type-variable"},"acf":[],"yoast_head":"<!-- This site is optimized with the Yoast SEO plugin v27.4 - https:\/\/yoast.com\/product\/yoast-seo-wordpress\/ -->\n<title>Senderismo a la luz de las estrellas. S\u00e1bado 22 de junio de 2024 - 21:30 h - Benic\u00e0ssim Turismo<\/title>\n<meta name=\"robots\" content=\"index, follow, max-snippet:-1, max-image-preview:large, max-video-preview:-1\" \/>\n<link rel=\"canonical\" href=\"https:\/\/turismo.benicassim.es\/en\/product\/senderismo-a-la-luz-de-las-estrellas-sabado-22-de-junio-de-2024-2130-h\/\" \/>\n<meta property=\"og:locale\" content=\"en_US\" \/>\n<meta property=\"og:type\" content=\"article\" \/>\n<meta property=\"og:title\" content=\"Senderismo a la luz de las estrellas. S\u00e1bado 22 de junio de 2024 - 21:30 h - Benic\u00e0ssim Turismo\" \/>\n<meta property=\"og:description\" content=\"Fecha: S\u00e1bado 22 de junio (21:30 h)\u00a0 \u00a0 VISITA COMPLETA Lugar: Parking Centro de Interpretaci\u00f3n \u201cLa Bartola\u201d https:\/\/goo.gl\/maps\/1RprkAbuCJV9vuc7A Duraci\u00f3n: 2:30 h Dificultad: Baja. (Ni\u00f1os a partir de 7 a\u00f1os) Precio: 3 \u20ac (1,5 \u20ac reducida). Descripci\u00f3n: Alrededor de la estrella polar giran infinidad de estrellas organizadas en constelaciones que van cambiando con el paso de [&hellip;]\" \/>\n<meta property=\"og:url\" content=\"https:\/\/turismo.benicassim.es\/en\/product\/senderismo-a-la-luz-de-las-estrellas-sabado-22-de-junio-de-2024-2130-h\/\" \/>\n<meta property=\"og:site_name\" content=\"Benic\u00e0ssim Turismo\" \/>\n<meta property=\"article:modified_time\" content=\"2024-06-13T17:07:39+00:00\" \/>\n<meta property=\"og:image\" content=\"https:\/\/turismo.benicassim.es\/wp-content\/uploads\/2023\/06\/foto18.jpg\" \/>\n\t<meta property=\"og:image:width\" content=\"1772\" \/>\n\t<meta property=\"og:image:height\" content=\"1180\" \/>\n\t<meta property=\"og:image:type\" content=\"image\/jpeg\" \/>\n<meta name=\"twitter:card\" content=\"summary_large_image\" \/>\n<meta name=\"twitter:label1\" content=\"Est. reading time\" \/>\n\t<meta name=\"twitter:data1\" content=\"1 minute\" \/>\n<script type=\"application\/ld+json\" class=\"yoast-schema-graph\">{\"@context\":\"https:\\\/\\\/schema.org\",\"@graph\":[{\"@type\":\"WebPage\",\"@id\":\"https:\\\/\\\/turismo.benicassim.es\\\/en\\\/product\\\/senderismo-a-la-luz-de-las-estrellas-sabado-22-de-junio-de-2024-2130-h\\\/\",\"url\":\"https:\\\/\\\/turismo.benicassim.es\\\/en\\\/product\\\/senderismo-a-la-luz-de-las-estrellas-sabado-22-de-junio-de-2024-2130-h\\\/\",\"name\":\"Senderismo a la luz de las estrellas. S\u00e1bado 22 de junio de 2024 - 21:30 h - Benic\u00e0ssim Turismo\",\"isPartOf\":{\"@id\":\"https:\\\/\\\/turismo.benicassim.es\\\/en\\\/#website\"},\"primaryImageOfPage\":{\"@id\":\"https:\\\/\\\/turismo.benicassim.es\\\/en\\\/product\\\/senderismo-a-la-luz-de-las-estrellas-sabado-22-de-junio-de-2024-2130-h\\\/#primaryimage\"},\"image\":{\"@id\":\"https:\\\/\\\/turismo.benicassim.es\\\/en\\\/product\\\/senderismo-a-la-luz-de-las-estrellas-sabado-22-de-junio-de-2024-2130-h\\\/#primaryimage\"},\"thumbnailUrl\":\"https:\\\/\\\/turismo.benicassim.es\\\/wp-content\\\/uploads\\\/2023\\\/06\\\/foto18.jpg\",\"datePublished\":\"2024-05-27T11:44:32+00:00\",\"dateModified\":\"2024-06-13T17:07:39+00:00\",\"breadcrumb\":{\"@id\":\"https:\\\/\\\/turismo.benicassim.es\\\/en\\\/product\\\/senderismo-a-la-luz-de-las-estrellas-sabado-22-de-junio-de-2024-2130-h\\\/#breadcrumb\"},\"inLanguage\":\"en-US\",\"potentialAction\":[{\"@type\":\"ReadAction\",\"target\":[\"https:\\\/\\\/turismo.benicassim.es\\\/en\\\/product\\\/senderismo-a-la-luz-de-las-estrellas-sabado-22-de-junio-de-2024-2130-h\\\/\"]}]},{\"@type\":\"ImageObject\",\"inLanguage\":\"en-US\",\"@id\":\"https:\\\/\\\/turismo.benicassim.es\\\/en\\\/product\\\/senderismo-a-la-luz-de-las-estrellas-sabado-22-de-junio-de-2024-2130-h\\\/#primaryimage\",\"url\":\"https:\\\/\\\/turismo.benicassim.es\\\/wp-content\\\/uploads\\\/2023\\\/06\\\/foto18.jpg\",\"contentUrl\":\"https:\\\/\\\/turismo.benicassim.es\\\/wp-content\\\/uploads\\\/2023\\\/06\\\/foto18.jpg\",\"width\":1772,\"height\":1180},{\"@type\":\"BreadcrumbList\",\"@id\":\"https:\\\/\\\/turismo.benicassim.es\\\/en\\\/product\\\/senderismo-a-la-luz-de-las-estrellas-sabado-22-de-junio-de-2024-2130-h\\\/#breadcrumb\",\"itemListElement\":[{\"@type\":\"ListItem\",\"position\":1,\"name\":\"Inicio\",\"item\":\"https:\\\/\\\/turismo.benicassim.es\\\/en\\\/\"},{\"@type\":\"ListItem\",\"position\":2,\"name\":\"Shop\",\"item\":\"https:\\\/\\\/turismo.benicassim.es\\\/en\\\/shop\\\/\"},{\"@type\":\"ListItem\",\"position\":3,\"name\":\"Senderismo a la luz de las estrellas. S\u00e1bado 22 de junio de 2024 &#8211; 21:30 h\"}]},{\"@type\":\"WebSite\",\"@id\":\"https:\\\/\\\/turismo.benicassim.es\\\/en\\\/#website\",\"url\":\"https:\\\/\\\/turismo.benicassim.es\\\/en\\\/\",\"name\":\"Benic\u00e0ssim Turismo\",\"description\":\"Web de informaci\u00f3n de Turismo en Benicasim\",\"potentialAction\":[{\"@type\":\"SearchAction\",\"target\":{\"@type\":\"EntryPoint\",\"urlTemplate\":\"https:\\\/\\\/turismo.benicassim.es\\\/en\\\/?s={search_term_string}\"},\"query-input\":{\"@type\":\"PropertyValueSpecification\",\"valueRequired\":true,\"valueName\":\"search_term_string\"}}],\"inLanguage\":\"en-US\"}]}<\/script>\n<!-- \/ Yoast SEO plugin. -->","yoast_head_json":{"title":"Senderismo a la luz de las estrellas. S\u00e1bado 22 de junio de 2024 - 21:30 h - Benic\u00e0ssim Turismo","robots":{"index":"index","follow":"follow","max-snippet":"max-snippet:-1","max-image-preview":"max-image-preview:large","max-video-preview":"max-video-preview:-1"},"canonical":"https:\/\/turismo.benicassim.es\/en\/product\/senderismo-a-la-luz-de-las-estrellas-sabado-22-de-junio-de-2024-2130-h\/","og_locale":"en_US","og_type":"article","og_title":"Senderismo a la luz de las estrellas. S\u00e1bado 22 de junio de 2024 - 21:30 h - Benic\u00e0ssim Turismo","og_description":"Fecha: S\u00e1bado 22 de junio (21:30 h)\u00a0 \u00a0 VISITA COMPLETA Lugar: Parking Centro de Interpretaci\u00f3n \u201cLa Bartola\u201d https:\/\/goo.gl\/maps\/1RprkAbuCJV9vuc7A Duraci\u00f3n: 2:30 h Dificultad: Baja. (Ni\u00f1os a partir de 7 a\u00f1os) Precio: 3 \u20ac (1,5 \u20ac reducida). Descripci\u00f3n: Alrededor de la estrella polar giran infinidad de estrellas organizadas en constelaciones que van cambiando con el paso de [&hellip;]","og_url":"https:\/\/turismo.benicassim.es\/en\/product\/senderismo-a-la-luz-de-las-estrellas-sabado-22-de-junio-de-2024-2130-h\/","og_site_name":"Benic\u00e0ssim Turismo","article_modified_time":"2024-06-13T17:07:39+00:00","og_image":[{"width":1772,"height":1180,"url":"https:\/\/turismo.benicassim.es\/wp-content\/uploads\/2023\/06\/foto18.jpg","type":"image\/jpeg"}],"twitter_card":"summary_large_image","twitter_misc":{"Est. reading time":"1 minute"},"schema":{"@context":"https:\/\/schema.org","@graph":[{"@type":"WebPage","@id":"https:\/\/turismo.benicassim.es\/en\/product\/senderismo-a-la-luz-de-las-estrellas-sabado-22-de-junio-de-2024-2130-h\/","url":"https:\/\/turismo.benicassim.es\/en\/product\/senderismo-a-la-luz-de-las-estrellas-sabado-22-de-junio-de-2024-2130-h\/","name":"Senderismo a la luz de las estrellas. S\u00e1bado 22 de junio de 2024 - 21:30 h - Benic\u00e0ssim Turismo","isPartOf":{"@id":"https:\/\/turismo.benicassim.es\/en\/#website"},"primaryImageOfPage":{"@id":"https:\/\/turismo.benicassim.es\/en\/product\/senderismo-a-la-luz-de-las-estrellas-sabado-22-de-junio-de-2024-2130-h\/#primaryimage"},"image":{"@id":"https:\/\/turismo.benicassim.es\/en\/product\/senderismo-a-la-luz-de-las-estrellas-sabado-22-de-junio-de-2024-2130-h\/#primaryimage"},"thumbnailUrl":"https:\/\/turismo.benicassim.es\/wp-content\/uploads\/2023\/06\/foto18.jpg","datePublished":"2024-05-27T11:44:32+00:00","dateModified":"2024-06-13T17:07:39+00:00","breadcrumb":{"@id":"https:\/\/turismo.benicassim.es\/en\/product\/senderismo-a-la-luz-de-las-estrellas-sabado-22-de-junio-de-2024-2130-h\/#breadcrumb"},"inLanguage":"en-US","potentialAction":[{"@type":"ReadAction","target":["https:\/\/turismo.benicassim.es\/en\/product\/senderismo-a-la-luz-de-las-estrellas-sabado-22-de-junio-de-2024-2130-h\/"]}]},{"@type":"ImageObject","inLanguage":"en-US","@id":"https:\/\/turismo.benicassim.es\/en\/product\/senderismo-a-la-luz-de-las-estrellas-sabado-22-de-junio-de-2024-2130-h\/#primaryimage","url":"https:\/\/turismo.benicassim.es\/wp-content\/uploads\/2023\/06\/foto18.jpg","contentUrl":"https:\/\/turismo.benicassim.es\/wp-content\/uploads\/2023\/06\/foto18.jpg","width":1772,"height":1180},{"@type":"BreadcrumbList","@id":"https:\/\/turismo.benicassim.es\/en\/product\/senderismo-a-la-luz-de-las-estrellas-sabado-22-de-junio-de-2024-2130-h\/#breadcrumb","itemListElement":[{"@type":"ListItem","position":1,"name":"Inicio","item":"https:\/\/turismo.benicassim.es\/en\/"},{"@type":"ListItem","position":2,"name":"Shop","item":"https:\/\/turismo.benicassim.es\/en\/shop\/"},{"@type":"ListItem","position":3,"name":"Senderismo a la luz de las estrellas. S\u00e1bado 22 de junio de 2024 &#8211; 21:30 h"}]},{"@type":"WebSite","@id":"https:\/\/turismo.benicassim.es\/en\/#website","url":"https:\/\/turismo.benicassim.es\/en\/","name":"Benic\u00e0ssim Turismo","description":"Web de informaci\u00f3n de Turismo en Benicasim","potentialAction":[{"@type":"SearchAction","target":{"@type":"EntryPoint","urlTemplate":"https:\/\/turismo.benicassim.es\/en\/?s={search_term_string}"},"query-input":{"@type":"PropertyValueSpecification","valueRequired":true,"valueName":"search_term_string"}}],"inLanguage":"en-US"}]}},"_links":{"self":[{"href":"https:\/\/turismo.benicassim.es\/en\/wp-json\/wp\/v2\/product\/76043","targetHints":{"allow":["GET"]}}],"collection":[{"href":"https:\/\/turismo.benicassim.es\/en\/wp-json\/wp\/v2\/product"}],"about":[{"href":"https:\/\/turismo.benicassim.es\/en\/wp-json\/wp\/v2\/types\/product"}],"wp:featuredmedia":[{"embeddable":true,"href":"https:\/\/turismo.benicassim.es\/en\/wp-json\/wp\/v2\/media\/71148"}],"wp:attachment":[{"href":"https:\/\/turismo.benicassim.es\/en\/wp-json\/wp\/v2\/media?parent=76043"}],"wp:term":[{"taxonomy":"product_brand","embeddable":true,"href":"https:\/\/turismo.benicassim.es\/en\/wp-json\/wp\/v2\/product_brand?post=76043"},{"taxonomy":"product_cat","embeddable":true,"href":"https:\/\/turismo.benicassim.es\/en\/wp-json\/wp\/v2\/product_cat?post=76043"},{"taxonomy":"product_tag","embeddable":true,"href":"https:\/\/turismo.benicassim.es\/en\/wp-json\/wp\/v2\/product_tag?post=76043"}],"curies":[{"name":"wp","href":"https:\/\/api.w.org\/{rel}","templated":true}]}}