{"id":78237,"date":"2024-09-21T18:53:40","date_gmt":"2024-09-21T16:53:40","guid":{"rendered":"https:\/\/turismo.benicassim.es\/?post_type=product&#038;p=78237"},"modified":"2024-10-11T10:14:48","modified_gmt":"2024-10-11T08:14:48","slug":"una-locura-de-fiesta-en-las-villas-de-benicassim-viernes-11-de-octubre-de-2024-1730-h","status":"publish","type":"product","link":"https:\/\/turismo.benicassim.es\/en\/product\/una-locura-de-fiesta-en-las-villas-de-benicassim-viernes-11-de-octubre-de-2024-1730-h\/","title":{"rendered":"Una locura de fiesta en las Villas de Benic\u00e0ssim. Viernes 11 de octubre de 2024 &#8211; 17:30 h"},"content":{"rendered":"<p><strong>D\u00eda:<\/strong> Viernes 11 de octubre de 2024<\/p>\n<p><strong>Horario aprox<\/strong>.: 17:30- 19:00 h<\/p>\n<p><b>Lugar<\/b>: Villa Elisa <a href=\"https:\/\/goo.gl\/maps\/434be2UQUyX4KkZh7\" target=\"_blank\" rel=\"noopener\"><span style=\"color: #1155cc;\">https:\/\/goo.gl\/maps\/434be2UQUyX4KkZh7<\/span><\/a><\/p>\n<p><b>Distancia<\/b>: 1 km<\/p>\n<p><b>Dificultad<\/b>: Baja<\/p>\n<p><b>P\u00fablico recomendado<\/b>: Todos los p\u00fablicos.<\/p>\n<p><b>Precio<\/b>: 5 \u20ac (2,5 \u20ac reducida).<\/p>\n<p><b>Descripci\u00f3n<\/b>: La zona de las Villas, en particular la conocida popularmente como el Infierno, era famosa a principios del siglo XX por las animadas celebraciones que organizaban sus ricos propietarios. Asistiremos a la preparaci\u00f3n de una de esas locas fiestas de la mano de un sirviente que, muy a su pesar, tendr\u00e1 que hacer caso a las infinitas chifladuras de una mani\u00e1tica ama con \u00ednfulas, propietaria de Villa Elisa, donde tendr\u00e1n lugar varias de las escenas.<\/p>\n<p><b>Recomendaciones<\/b>: Durante la prestaci\u00f3n del servicio no est\u00e1 permitido el acceso con animales (excepto perros gu\u00eda o de asistencia).<\/p>\n","protected":false},"excerpt":{"rendered":"<p>D\u00eda: Viernes 11 de octubre de 2024 Horario aprox.: 17:30- 19:00 h Lugar: Villa Elisa https:\/\/goo.gl\/maps\/434be2UQUyX4KkZh7 Distancia: 1 km Dificultad: Baja P\u00fablico recomendado: Todos los p\u00fablicos. Precio: 5 \u20ac (2,5 \u20ac reducida). Descripci\u00f3n: La zona de las Villas, en particular la conocida popularmente como el Infierno, era famosa a principios del siglo XX por las [&hellip;]<\/p>\n","protected":false},"featured_media":78238,"template":"","meta":{"_acf_changed":false},"product_brand":[],"product_cat":[1334,114],"product_tag":[493,494,604,338,726,758,738,546,630,680,619,1332,548,605,621],"class_list":{"0":"post-78237","1":"product","2":"type-product","3":"status-publish","4":"has-post-thumbnail","6":"product_cat-una-locura-de-fiesta-en-las-villas-de-benicassim-en","7":"product_cat-uncategorized","8":"product_tag-benicasim-en","9":"product_tag-benicassim-en","10":"product_tag-benicassim-guided-tours-en","11":"product_tag-programa-oficial-de-visitas-guiadas-en","12":"product_tag-programa-oficial-de-visitas-guiadas-benicasim-en","13":"product_tag-programa-oficial-de-visitas-guiadas-benicassim-en","14":"product_tag-programa-oficial-de-visites-guiades-benicassim-en","15":"product_tag-programa-oficial-visitas-guiadas-benicasim-en","16":"product_tag-ruta-de-las-villas-en","17":"product_tag-rutas-guiadas-benicasim-en","18":"product_tag-rutas-guiadas-benicassim-en","19":"product_tag-villa-elisa-en","20":"product_tag-visitas-guiadas-benicasim-en","21":"product_tag-visites-guiades-benicassim-en","22":"product_tag-visites-guiades-en-benicassim-en","24":"first","25":"outofstock","26":"shipping-taxable","27":"purchasable","28":"product-type-variable"},"acf":[],"yoast_head":"<!-- This site is optimized with the Yoast SEO plugin v27.4 - https:\/\/yoast.com\/product\/yoast-seo-wordpress\/ -->\n<title>Una locura de fiesta en las Villas de Benic\u00e0ssim. Viernes 11 de octubre de 2024 - 17:30 h - Benic\u00e0ssim Turismo<\/title>\n<meta name=\"robots\" content=\"index, follow, max-snippet:-1, max-image-preview:large, max-video-preview:-1\" \/>\n<link rel=\"canonical\" href=\"https:\/\/turismo.benicassim.es\/en\/product\/una-locura-de-fiesta-en-las-villas-de-benicassim-viernes-11-de-octubre-de-2024-1730-h\/\" \/>\n<meta property=\"og:locale\" content=\"en_US\" \/>\n<meta property=\"og:type\" content=\"article\" \/>\n<meta property=\"og:title\" content=\"Una locura de fiesta en las Villas de Benic\u00e0ssim. Viernes 11 de octubre de 2024 - 17:30 h - Benic\u00e0ssim Turismo\" \/>\n<meta property=\"og:description\" content=\"D\u00eda: Viernes 11 de octubre de 2024 Horario aprox.: 17:30- 19:00 h Lugar: Villa Elisa https:\/\/goo.gl\/maps\/434be2UQUyX4KkZh7 Distancia: 1 km Dificultad: Baja P\u00fablico recomendado: Todos los p\u00fablicos. Precio: 5 \u20ac (2,5 \u20ac reducida). Descripci\u00f3n: La zona de las Villas, en particular la conocida popularmente como el Infierno, era famosa a principios del siglo XX por las [&hellip;]\" \/>\n<meta property=\"og:url\" content=\"https:\/\/turismo.benicassim.es\/en\/product\/una-locura-de-fiesta-en-las-villas-de-benicassim-viernes-11-de-octubre-de-2024-1730-h\/\" \/>\n<meta property=\"og:site_name\" content=\"Benic\u00e0ssim Turismo\" \/>\n<meta property=\"article:modified_time\" content=\"2024-10-11T08:14:48+00:00\" \/>\n<meta property=\"og:image\" content=\"https:\/\/turismo.benicassim.es\/wp-content\/uploads\/2024\/09\/11.-Una-locura-de-fiesta-2-scaled.jpg\" \/>\n\t<meta property=\"og:image:width\" content=\"2560\" \/>\n\t<meta property=\"og:image:height\" content=\"2560\" \/>\n\t<meta property=\"og:image:type\" content=\"image\/jpeg\" \/>\n<meta name=\"twitter:card\" content=\"summary_large_image\" \/>\n<meta name=\"twitter:label1\" content=\"Est. reading time\" \/>\n\t<meta name=\"twitter:data1\" content=\"1 minute\" \/>\n<script type=\"application\/ld+json\" class=\"yoast-schema-graph\">{\"@context\":\"https:\\\/\\\/schema.org\",\"@graph\":[{\"@type\":\"WebPage\",\"@id\":\"https:\\\/\\\/turismo.benicassim.es\\\/en\\\/product\\\/una-locura-de-fiesta-en-las-villas-de-benicassim-viernes-11-de-octubre-de-2024-1730-h\\\/\",\"url\":\"https:\\\/\\\/turismo.benicassim.es\\\/en\\\/product\\\/una-locura-de-fiesta-en-las-villas-de-benicassim-viernes-11-de-octubre-de-2024-1730-h\\\/\",\"name\":\"Una locura de fiesta en las Villas de Benic\u00e0ssim. Viernes 11 de octubre de 2024 - 17:30 h - Benic\u00e0ssim Turismo\",\"isPartOf\":{\"@id\":\"https:\\\/\\\/turismo.benicassim.es\\\/en\\\/#website\"},\"primaryImageOfPage\":{\"@id\":\"https:\\\/\\\/turismo.benicassim.es\\\/en\\\/product\\\/una-locura-de-fiesta-en-las-villas-de-benicassim-viernes-11-de-octubre-de-2024-1730-h\\\/#primaryimage\"},\"image\":{\"@id\":\"https:\\\/\\\/turismo.benicassim.es\\\/en\\\/product\\\/una-locura-de-fiesta-en-las-villas-de-benicassim-viernes-11-de-octubre-de-2024-1730-h\\\/#primaryimage\"},\"thumbnailUrl\":\"https:\\\/\\\/turismo.benicassim.es\\\/wp-content\\\/uploads\\\/2024\\\/09\\\/11.-Una-locura-de-fiesta-2-scaled.jpg\",\"datePublished\":\"2024-09-21T16:53:40+00:00\",\"dateModified\":\"2024-10-11T08:14:48+00:00\",\"breadcrumb\":{\"@id\":\"https:\\\/\\\/turismo.benicassim.es\\\/en\\\/product\\\/una-locura-de-fiesta-en-las-villas-de-benicassim-viernes-11-de-octubre-de-2024-1730-h\\\/#breadcrumb\"},\"inLanguage\":\"en-US\",\"potentialAction\":[{\"@type\":\"ReadAction\",\"target\":[\"https:\\\/\\\/turismo.benicassim.es\\\/en\\\/product\\\/una-locura-de-fiesta-en-las-villas-de-benicassim-viernes-11-de-octubre-de-2024-1730-h\\\/\"]}]},{\"@type\":\"ImageObject\",\"inLanguage\":\"en-US\",\"@id\":\"https:\\\/\\\/turismo.benicassim.es\\\/en\\\/product\\\/una-locura-de-fiesta-en-las-villas-de-benicassim-viernes-11-de-octubre-de-2024-1730-h\\\/#primaryimage\",\"url\":\"https:\\\/\\\/turismo.benicassim.es\\\/wp-content\\\/uploads\\\/2024\\\/09\\\/11.-Una-locura-de-fiesta-2-scaled.jpg\",\"contentUrl\":\"https:\\\/\\\/turismo.benicassim.es\\\/wp-content\\\/uploads\\\/2024\\\/09\\\/11.-Una-locura-de-fiesta-2-scaled.jpg\",\"width\":2560,\"height\":2560},{\"@type\":\"BreadcrumbList\",\"@id\":\"https:\\\/\\\/turismo.benicassim.es\\\/en\\\/product\\\/una-locura-de-fiesta-en-las-villas-de-benicassim-viernes-11-de-octubre-de-2024-1730-h\\\/#breadcrumb\",\"itemListElement\":[{\"@type\":\"ListItem\",\"position\":1,\"name\":\"Inicio\",\"item\":\"https:\\\/\\\/turismo.benicassim.es\\\/en\\\/\"},{\"@type\":\"ListItem\",\"position\":2,\"name\":\"Shop\",\"item\":\"https:\\\/\\\/turismo.benicassim.es\\\/en\\\/shop\\\/\"},{\"@type\":\"ListItem\",\"position\":3,\"name\":\"Una locura de fiesta en las Villas de Benic\u00e0ssim. Viernes 11 de octubre de 2024 &#8211; 17:30 h\"}]},{\"@type\":\"WebSite\",\"@id\":\"https:\\\/\\\/turismo.benicassim.es\\\/en\\\/#website\",\"url\":\"https:\\\/\\\/turismo.benicassim.es\\\/en\\\/\",\"name\":\"Benic\u00e0ssim Turismo\",\"description\":\"Web de informaci\u00f3n de Turismo en Benicasim\",\"potentialAction\":[{\"@type\":\"SearchAction\",\"target\":{\"@type\":\"EntryPoint\",\"urlTemplate\":\"https:\\\/\\\/turismo.benicassim.es\\\/en\\\/?s={search_term_string}\"},\"query-input\":{\"@type\":\"PropertyValueSpecification\",\"valueRequired\":true,\"valueName\":\"search_term_string\"}}],\"inLanguage\":\"en-US\"}]}<\/script>\n<!-- \/ Yoast SEO plugin. -->","yoast_head_json":{"title":"Una locura de fiesta en las Villas de Benic\u00e0ssim. Viernes 11 de octubre de 2024 - 17:30 h - Benic\u00e0ssim Turismo","robots":{"index":"index","follow":"follow","max-snippet":"max-snippet:-1","max-image-preview":"max-image-preview:large","max-video-preview":"max-video-preview:-1"},"canonical":"https:\/\/turismo.benicassim.es\/en\/product\/una-locura-de-fiesta-en-las-villas-de-benicassim-viernes-11-de-octubre-de-2024-1730-h\/","og_locale":"en_US","og_type":"article","og_title":"Una locura de fiesta en las Villas de Benic\u00e0ssim. Viernes 11 de octubre de 2024 - 17:30 h - Benic\u00e0ssim Turismo","og_description":"D\u00eda: Viernes 11 de octubre de 2024 Horario aprox.: 17:30- 19:00 h Lugar: Villa Elisa https:\/\/goo.gl\/maps\/434be2UQUyX4KkZh7 Distancia: 1 km Dificultad: Baja P\u00fablico recomendado: Todos los p\u00fablicos. Precio: 5 \u20ac (2,5 \u20ac reducida). Descripci\u00f3n: La zona de las Villas, en particular la conocida popularmente como el Infierno, era famosa a principios del siglo XX por las [&hellip;]","og_url":"https:\/\/turismo.benicassim.es\/en\/product\/una-locura-de-fiesta-en-las-villas-de-benicassim-viernes-11-de-octubre-de-2024-1730-h\/","og_site_name":"Benic\u00e0ssim Turismo","article_modified_time":"2024-10-11T08:14:48+00:00","og_image":[{"width":2560,"height":2560,"url":"https:\/\/turismo.benicassim.es\/wp-content\/uploads\/2024\/09\/11.-Una-locura-de-fiesta-2-scaled.jpg","type":"image\/jpeg"}],"twitter_card":"summary_large_image","twitter_misc":{"Est. reading time":"1 minute"},"schema":{"@context":"https:\/\/schema.org","@graph":[{"@type":"WebPage","@id":"https:\/\/turismo.benicassim.es\/en\/product\/una-locura-de-fiesta-en-las-villas-de-benicassim-viernes-11-de-octubre-de-2024-1730-h\/","url":"https:\/\/turismo.benicassim.es\/en\/product\/una-locura-de-fiesta-en-las-villas-de-benicassim-viernes-11-de-octubre-de-2024-1730-h\/","name":"Una locura de fiesta en las Villas de Benic\u00e0ssim. Viernes 11 de octubre de 2024 - 17:30 h - Benic\u00e0ssim Turismo","isPartOf":{"@id":"https:\/\/turismo.benicassim.es\/en\/#website"},"primaryImageOfPage":{"@id":"https:\/\/turismo.benicassim.es\/en\/product\/una-locura-de-fiesta-en-las-villas-de-benicassim-viernes-11-de-octubre-de-2024-1730-h\/#primaryimage"},"image":{"@id":"https:\/\/turismo.benicassim.es\/en\/product\/una-locura-de-fiesta-en-las-villas-de-benicassim-viernes-11-de-octubre-de-2024-1730-h\/#primaryimage"},"thumbnailUrl":"https:\/\/turismo.benicassim.es\/wp-content\/uploads\/2024\/09\/11.-Una-locura-de-fiesta-2-scaled.jpg","datePublished":"2024-09-21T16:53:40+00:00","dateModified":"2024-10-11T08:14:48+00:00","breadcrumb":{"@id":"https:\/\/turismo.benicassim.es\/en\/product\/una-locura-de-fiesta-en-las-villas-de-benicassim-viernes-11-de-octubre-de-2024-1730-h\/#breadcrumb"},"inLanguage":"en-US","potentialAction":[{"@type":"ReadAction","target":["https:\/\/turismo.benicassim.es\/en\/product\/una-locura-de-fiesta-en-las-villas-de-benicassim-viernes-11-de-octubre-de-2024-1730-h\/"]}]},{"@type":"ImageObject","inLanguage":"en-US","@id":"https:\/\/turismo.benicassim.es\/en\/product\/una-locura-de-fiesta-en-las-villas-de-benicassim-viernes-11-de-octubre-de-2024-1730-h\/#primaryimage","url":"https:\/\/turismo.benicassim.es\/wp-content\/uploads\/2024\/09\/11.-Una-locura-de-fiesta-2-scaled.jpg","contentUrl":"https:\/\/turismo.benicassim.es\/wp-content\/uploads\/2024\/09\/11.-Una-locura-de-fiesta-2-scaled.jpg","width":2560,"height":2560},{"@type":"BreadcrumbList","@id":"https:\/\/turismo.benicassim.es\/en\/product\/una-locura-de-fiesta-en-las-villas-de-benicassim-viernes-11-de-octubre-de-2024-1730-h\/#breadcrumb","itemListElement":[{"@type":"ListItem","position":1,"name":"Inicio","item":"https:\/\/turismo.benicassim.es\/en\/"},{"@type":"ListItem","position":2,"name":"Shop","item":"https:\/\/turismo.benicassim.es\/en\/shop\/"},{"@type":"ListItem","position":3,"name":"Una locura de fiesta en las Villas de Benic\u00e0ssim. Viernes 11 de octubre de 2024 &#8211; 17:30 h"}]},{"@type":"WebSite","@id":"https:\/\/turismo.benicassim.es\/en\/#website","url":"https:\/\/turismo.benicassim.es\/en\/","name":"Benic\u00e0ssim Turismo","description":"Web de informaci\u00f3n de Turismo en Benicasim","potentialAction":[{"@type":"SearchAction","target":{"@type":"EntryPoint","urlTemplate":"https:\/\/turismo.benicassim.es\/en\/?s={search_term_string}"},"query-input":{"@type":"PropertyValueSpecification","valueRequired":true,"valueName":"search_term_string"}}],"inLanguage":"en-US"}]}},"_links":{"self":[{"href":"https:\/\/turismo.benicassim.es\/en\/wp-json\/wp\/v2\/product\/78237","targetHints":{"allow":["GET"]}}],"collection":[{"href":"https:\/\/turismo.benicassim.es\/en\/wp-json\/wp\/v2\/product"}],"about":[{"href":"https:\/\/turismo.benicassim.es\/en\/wp-json\/wp\/v2\/types\/product"}],"wp:featuredmedia":[{"embeddable":true,"href":"https:\/\/turismo.benicassim.es\/en\/wp-json\/wp\/v2\/media\/78238"}],"wp:attachment":[{"href":"https:\/\/turismo.benicassim.es\/en\/wp-json\/wp\/v2\/media?parent=78237"}],"wp:term":[{"taxonomy":"product_brand","embeddable":true,"href":"https:\/\/turismo.benicassim.es\/en\/wp-json\/wp\/v2\/product_brand?post=78237"},{"taxonomy":"product_cat","embeddable":true,"href":"https:\/\/turismo.benicassim.es\/en\/wp-json\/wp\/v2\/product_cat?post=78237"},{"taxonomy":"product_tag","embeddable":true,"href":"https:\/\/turismo.benicassim.es\/en\/wp-json\/wp\/v2\/product_tag?post=78237"}],"curies":[{"name":"wp","href":"https:\/\/api.w.org\/{rel}","templated":true}]}}