{"id":80516,"date":"2025-03-11T16:51:39","date_gmt":"2025-03-11T15:51:39","guid":{"rendered":"https:\/\/turismo.benicassim.es\/producto\/francisco-perez-bayer-el-nacimiento-del-nuevo-benicassim-teatralizada-domingo-6-de-abril-de-2025-1030-h\/"},"modified":"2025-03-11T17:06:37","modified_gmt":"2025-03-11T16:06:37","slug":"francisco-perez-bayer-el-nacimiento-del-nuevo-benicassim-teatralizada-domingo-6-de-abril-de-2025-1030-h","status":"publish","type":"product","link":"https:\/\/turismo.benicassim.es\/en\/product\/francisco-perez-bayer-el-nacimiento-del-nuevo-benicassim-teatralizada-domingo-6-de-abril-de-2025-1030-h\/","title":{"rendered":"Francisco P\u00e9rez Bayer: the birth of the new Benic\u00e0ssim (dramatised). Sunday 6th April 2025-10:30 amh"},"content":{"rendered":"<blockquote lang=\"fr-FR\"><p><span style=\"color: #000000;\"><span style=\"font-family: Liberation Serif, serif;\"><span style=\"font-size: medium;\"><b>Day:<\/b> Sunday 6th April 2025<br \/>\n<b>Approx. time: <\/b>10:30am to 12:00pm<br \/>\n<b>Place:<\/b> Tourist Info Casa Abad\u00eda https:\/\/maps.app.goo.gl\/nzYLNf2TmrTjK3iU6<br \/>\n<b>Distance:<\/b> 2,5 km<br \/>\n<b>Difficulty: <\/b>Low.<br \/>\n<b>Recommended public: <\/b>Adults.<br \/>\n<b>Price: <\/b>5 \u20ac (2,5 \u20ac reduced).<br \/>\n<b>Description:<\/b> Nobody wanted to live in Benic\u00e0ssim. After centuries of unsuccessful attempts, there was no local baron or baroness who really managed to attract families who wanted to stay and contribute to the progress of such a wretched town. \u2018Unhealthy village\u2019, \u201cfertile ground for evildoers\u201d, \u201cmost depopulated place in Castell\u00f3n\u201d&#8230;. Such were the adjectives that our city received from enlightened travellers and chroniclers. But there was a man who believed in the possibilities of this land and did not throw in the towel. With his own knowledge, some money and daring, he brought about many of the changes that would lead, two centuries later, to Benic\u00e0ssim becoming an international fashionable destination. Follow Bayer and a brave (and outspoken) globetrotting woman in the days of the real founding of our town.<br \/>\n<b>Recommendations: <\/b>Animals are not allowed during the service (except guide or assistance dogs).<\/span><\/span><\/span><\/p><\/blockquote>\n","protected":false},"excerpt":{"rendered":"<p>Day: Sunday 6th April 2025 Approx. time: 10:30am to 12:00pm Place: Tourist Info Casa Abad\u00eda https:\/\/maps.app.goo.gl\/nzYLNf2TmrTjK3iU6 Distance: 2,5 km Difficulty: Low. Recommended public: Adults. Price: 5 \u20ac (2,5 \u20ac reduced). Description: Nobody wanted to live in Benic\u00e0ssim. After centuries of unsuccessful attempts, there was no local baron or baroness who really managed to attract families [&hellip;]<\/p>\n","protected":false},"featured_media":80266,"template":"","meta":{"_acf_changed":false},"product_brand":[],"product_cat":[1405],"product_tag":[493,494,604,338,738],"class_list":{"0":"post-80516","1":"product","2":"type-product","3":"status-publish","4":"has-post-thumbnail","6":"product_cat-francisco-perez-bayer-el-nacimiento-del-nuevo-benicassim-teatralizada-en","7":"product_tag-benicasim-en","8":"product_tag-benicassim-en","9":"product_tag-benicassim-guided-tours-en","10":"product_tag-programa-oficial-de-visitas-guiadas-en","11":"product_tag-programa-oficial-de-visites-guiades-benicassim-en","13":"first","14":"instock","15":"shipping-taxable","16":"purchasable","17":"product-type-variable"},"acf":[],"yoast_head":"<!-- This site is optimized with the Yoast SEO plugin v27.4 - https:\/\/yoast.com\/product\/yoast-seo-wordpress\/ -->\n<title>Francisco P\u00e9rez Bayer: the birth of the new Benic\u00e0ssim (dramatised). Sunday 6th April 2025-10:30 amh - Benic\u00e0ssim Turismo<\/title>\n<meta name=\"robots\" content=\"index, follow, max-snippet:-1, max-image-preview:large, max-video-preview:-1\" \/>\n<link rel=\"canonical\" href=\"https:\/\/turismo.benicassim.es\/en\/product\/francisco-perez-bayer-el-nacimiento-del-nuevo-benicassim-teatralizada-domingo-6-de-abril-de-2025-1030-h\/\" \/>\n<meta property=\"og:locale\" content=\"en_US\" \/>\n<meta property=\"og:type\" content=\"article\" \/>\n<meta property=\"og:title\" content=\"Francisco P\u00e9rez Bayer: the birth of the new Benic\u00e0ssim (dramatised). Sunday 6th April 2025-10:30 amh - Benic\u00e0ssim Turismo\" \/>\n<meta property=\"og:description\" content=\"Day: Sunday 6th April 2025 Approx. time: 10:30am to 12:00pm Place: Tourist Info Casa Abad\u00eda https:\/\/maps.app.goo.gl\/nzYLNf2TmrTjK3iU6 Distance: 2,5 km Difficulty: Low. Recommended public: Adults. Price: 5 \u20ac (2,5 \u20ac reduced). Description: Nobody wanted to live in Benic\u00e0ssim. After centuries of unsuccessful attempts, there was no local baron or baroness who really managed to attract families [&hellip;]\" \/>\n<meta property=\"og:url\" content=\"https:\/\/turismo.benicassim.es\/en\/product\/francisco-perez-bayer-el-nacimiento-del-nuevo-benicassim-teatralizada-domingo-6-de-abril-de-2025-1030-h\/\" \/>\n<meta property=\"og:site_name\" content=\"Benic\u00e0ssim Turismo\" \/>\n<meta property=\"article:modified_time\" content=\"2025-03-11T16:06:37+00:00\" \/>\n<meta property=\"og:image\" content=\"https:\/\/turismo.benicassim.es\/wp-content\/uploads\/2025\/02\/Entre-castillos-medievales-y-hoteles-vanguardistas-scaled.jpg\" \/>\n\t<meta property=\"og:image:width\" content=\"1648\" \/>\n\t<meta property=\"og:image:height\" content=\"2560\" \/>\n\t<meta property=\"og:image:type\" content=\"image\/jpeg\" \/>\n<meta name=\"twitter:card\" content=\"summary_large_image\" \/>\n<meta name=\"twitter:label1\" content=\"Est. reading time\" \/>\n\t<meta name=\"twitter:data1\" content=\"1 minute\" \/>\n<script type=\"application\/ld+json\" class=\"yoast-schema-graph\">{\"@context\":\"https:\\\/\\\/schema.org\",\"@graph\":[{\"@type\":\"WebPage\",\"@id\":\"https:\\\/\\\/turismo.benicassim.es\\\/en\\\/product\\\/francisco-perez-bayer-el-nacimiento-del-nuevo-benicassim-teatralizada-domingo-6-de-abril-de-2025-1030-h\\\/\",\"url\":\"https:\\\/\\\/turismo.benicassim.es\\\/en\\\/product\\\/francisco-perez-bayer-el-nacimiento-del-nuevo-benicassim-teatralizada-domingo-6-de-abril-de-2025-1030-h\\\/\",\"name\":\"Francisco P\u00e9rez Bayer: the birth of the new Benic\u00e0ssim (dramatised). Sunday 6th April 2025-10:30 amh - Benic\u00e0ssim Turismo\",\"isPartOf\":{\"@id\":\"https:\\\/\\\/turismo.benicassim.es\\\/en\\\/#website\"},\"primaryImageOfPage\":{\"@id\":\"https:\\\/\\\/turismo.benicassim.es\\\/en\\\/product\\\/francisco-perez-bayer-el-nacimiento-del-nuevo-benicassim-teatralizada-domingo-6-de-abril-de-2025-1030-h\\\/#primaryimage\"},\"image\":{\"@id\":\"https:\\\/\\\/turismo.benicassim.es\\\/en\\\/product\\\/francisco-perez-bayer-el-nacimiento-del-nuevo-benicassim-teatralizada-domingo-6-de-abril-de-2025-1030-h\\\/#primaryimage\"},\"thumbnailUrl\":\"https:\\\/\\\/turismo.benicassim.es\\\/wp-content\\\/uploads\\\/2025\\\/02\\\/Entre-castillos-medievales-y-hoteles-vanguardistas-scaled.jpg\",\"datePublished\":\"2025-03-11T15:51:39+00:00\",\"dateModified\":\"2025-03-11T16:06:37+00:00\",\"breadcrumb\":{\"@id\":\"https:\\\/\\\/turismo.benicassim.es\\\/en\\\/product\\\/francisco-perez-bayer-el-nacimiento-del-nuevo-benicassim-teatralizada-domingo-6-de-abril-de-2025-1030-h\\\/#breadcrumb\"},\"inLanguage\":\"en-US\",\"potentialAction\":[{\"@type\":\"ReadAction\",\"target\":[\"https:\\\/\\\/turismo.benicassim.es\\\/en\\\/product\\\/francisco-perez-bayer-el-nacimiento-del-nuevo-benicassim-teatralizada-domingo-6-de-abril-de-2025-1030-h\\\/\"]}]},{\"@type\":\"ImageObject\",\"inLanguage\":\"en-US\",\"@id\":\"https:\\\/\\\/turismo.benicassim.es\\\/en\\\/product\\\/francisco-perez-bayer-el-nacimiento-del-nuevo-benicassim-teatralizada-domingo-6-de-abril-de-2025-1030-h\\\/#primaryimage\",\"url\":\"https:\\\/\\\/turismo.benicassim.es\\\/wp-content\\\/uploads\\\/2025\\\/02\\\/Entre-castillos-medievales-y-hoteles-vanguardistas-scaled.jpg\",\"contentUrl\":\"https:\\\/\\\/turismo.benicassim.es\\\/wp-content\\\/uploads\\\/2025\\\/02\\\/Entre-castillos-medievales-y-hoteles-vanguardistas-scaled.jpg\",\"width\":1648,\"height\":2560},{\"@type\":\"BreadcrumbList\",\"@id\":\"https:\\\/\\\/turismo.benicassim.es\\\/en\\\/product\\\/francisco-perez-bayer-el-nacimiento-del-nuevo-benicassim-teatralizada-domingo-6-de-abril-de-2025-1030-h\\\/#breadcrumb\",\"itemListElement\":[{\"@type\":\"ListItem\",\"position\":1,\"name\":\"Inicio\",\"item\":\"https:\\\/\\\/turismo.benicassim.es\\\/en\\\/\"},{\"@type\":\"ListItem\",\"position\":2,\"name\":\"Shop\",\"item\":\"https:\\\/\\\/turismo.benicassim.es\\\/en\\\/shop\\\/\"},{\"@type\":\"ListItem\",\"position\":3,\"name\":\"Francisco P\u00e9rez Bayer: the birth of the new Benic\u00e0ssim (dramatised). Sunday 6th April 2025-10:30 amh\"}]},{\"@type\":\"WebSite\",\"@id\":\"https:\\\/\\\/turismo.benicassim.es\\\/en\\\/#website\",\"url\":\"https:\\\/\\\/turismo.benicassim.es\\\/en\\\/\",\"name\":\"Benic\u00e0ssim Turismo\",\"description\":\"Web de informaci\u00f3n de Turismo en Benicasim\",\"potentialAction\":[{\"@type\":\"SearchAction\",\"target\":{\"@type\":\"EntryPoint\",\"urlTemplate\":\"https:\\\/\\\/turismo.benicassim.es\\\/en\\\/?s={search_term_string}\"},\"query-input\":{\"@type\":\"PropertyValueSpecification\",\"valueRequired\":true,\"valueName\":\"search_term_string\"}}],\"inLanguage\":\"en-US\"}]}<\/script>\n<!-- \/ Yoast SEO plugin. -->","yoast_head_json":{"title":"Francisco P\u00e9rez Bayer: the birth of the new Benic\u00e0ssim (dramatised). Sunday 6th April 2025-10:30 amh - Benic\u00e0ssim Turismo","robots":{"index":"index","follow":"follow","max-snippet":"max-snippet:-1","max-image-preview":"max-image-preview:large","max-video-preview":"max-video-preview:-1"},"canonical":"https:\/\/turismo.benicassim.es\/en\/product\/francisco-perez-bayer-el-nacimiento-del-nuevo-benicassim-teatralizada-domingo-6-de-abril-de-2025-1030-h\/","og_locale":"en_US","og_type":"article","og_title":"Francisco P\u00e9rez Bayer: the birth of the new Benic\u00e0ssim (dramatised). Sunday 6th April 2025-10:30 amh - Benic\u00e0ssim Turismo","og_description":"Day: Sunday 6th April 2025 Approx. time: 10:30am to 12:00pm Place: Tourist Info Casa Abad\u00eda https:\/\/maps.app.goo.gl\/nzYLNf2TmrTjK3iU6 Distance: 2,5 km Difficulty: Low. Recommended public: Adults. Price: 5 \u20ac (2,5 \u20ac reduced). Description: Nobody wanted to live in Benic\u00e0ssim. After centuries of unsuccessful attempts, there was no local baron or baroness who really managed to attract families [&hellip;]","og_url":"https:\/\/turismo.benicassim.es\/en\/product\/francisco-perez-bayer-el-nacimiento-del-nuevo-benicassim-teatralizada-domingo-6-de-abril-de-2025-1030-h\/","og_site_name":"Benic\u00e0ssim Turismo","article_modified_time":"2025-03-11T16:06:37+00:00","og_image":[{"width":1648,"height":2560,"url":"https:\/\/turismo.benicassim.es\/wp-content\/uploads\/2025\/02\/Entre-castillos-medievales-y-hoteles-vanguardistas-scaled.jpg","type":"image\/jpeg"}],"twitter_card":"summary_large_image","twitter_misc":{"Est. reading time":"1 minute"},"schema":{"@context":"https:\/\/schema.org","@graph":[{"@type":"WebPage","@id":"https:\/\/turismo.benicassim.es\/en\/product\/francisco-perez-bayer-el-nacimiento-del-nuevo-benicassim-teatralizada-domingo-6-de-abril-de-2025-1030-h\/","url":"https:\/\/turismo.benicassim.es\/en\/product\/francisco-perez-bayer-el-nacimiento-del-nuevo-benicassim-teatralizada-domingo-6-de-abril-de-2025-1030-h\/","name":"Francisco P\u00e9rez Bayer: the birth of the new Benic\u00e0ssim (dramatised). Sunday 6th April 2025-10:30 amh - Benic\u00e0ssim Turismo","isPartOf":{"@id":"https:\/\/turismo.benicassim.es\/en\/#website"},"primaryImageOfPage":{"@id":"https:\/\/turismo.benicassim.es\/en\/product\/francisco-perez-bayer-el-nacimiento-del-nuevo-benicassim-teatralizada-domingo-6-de-abril-de-2025-1030-h\/#primaryimage"},"image":{"@id":"https:\/\/turismo.benicassim.es\/en\/product\/francisco-perez-bayer-el-nacimiento-del-nuevo-benicassim-teatralizada-domingo-6-de-abril-de-2025-1030-h\/#primaryimage"},"thumbnailUrl":"https:\/\/turismo.benicassim.es\/wp-content\/uploads\/2025\/02\/Entre-castillos-medievales-y-hoteles-vanguardistas-scaled.jpg","datePublished":"2025-03-11T15:51:39+00:00","dateModified":"2025-03-11T16:06:37+00:00","breadcrumb":{"@id":"https:\/\/turismo.benicassim.es\/en\/product\/francisco-perez-bayer-el-nacimiento-del-nuevo-benicassim-teatralizada-domingo-6-de-abril-de-2025-1030-h\/#breadcrumb"},"inLanguage":"en-US","potentialAction":[{"@type":"ReadAction","target":["https:\/\/turismo.benicassim.es\/en\/product\/francisco-perez-bayer-el-nacimiento-del-nuevo-benicassim-teatralizada-domingo-6-de-abril-de-2025-1030-h\/"]}]},{"@type":"ImageObject","inLanguage":"en-US","@id":"https:\/\/turismo.benicassim.es\/en\/product\/francisco-perez-bayer-el-nacimiento-del-nuevo-benicassim-teatralizada-domingo-6-de-abril-de-2025-1030-h\/#primaryimage","url":"https:\/\/turismo.benicassim.es\/wp-content\/uploads\/2025\/02\/Entre-castillos-medievales-y-hoteles-vanguardistas-scaled.jpg","contentUrl":"https:\/\/turismo.benicassim.es\/wp-content\/uploads\/2025\/02\/Entre-castillos-medievales-y-hoteles-vanguardistas-scaled.jpg","width":1648,"height":2560},{"@type":"BreadcrumbList","@id":"https:\/\/turismo.benicassim.es\/en\/product\/francisco-perez-bayer-el-nacimiento-del-nuevo-benicassim-teatralizada-domingo-6-de-abril-de-2025-1030-h\/#breadcrumb","itemListElement":[{"@type":"ListItem","position":1,"name":"Inicio","item":"https:\/\/turismo.benicassim.es\/en\/"},{"@type":"ListItem","position":2,"name":"Shop","item":"https:\/\/turismo.benicassim.es\/en\/shop\/"},{"@type":"ListItem","position":3,"name":"Francisco P\u00e9rez Bayer: the birth of the new Benic\u00e0ssim (dramatised). Sunday 6th April 2025-10:30 amh"}]},{"@type":"WebSite","@id":"https:\/\/turismo.benicassim.es\/en\/#website","url":"https:\/\/turismo.benicassim.es\/en\/","name":"Benic\u00e0ssim Turismo","description":"Web de informaci\u00f3n de Turismo en Benicasim","potentialAction":[{"@type":"SearchAction","target":{"@type":"EntryPoint","urlTemplate":"https:\/\/turismo.benicassim.es\/en\/?s={search_term_string}"},"query-input":{"@type":"PropertyValueSpecification","valueRequired":true,"valueName":"search_term_string"}}],"inLanguage":"en-US"}]}},"_links":{"self":[{"href":"https:\/\/turismo.benicassim.es\/en\/wp-json\/wp\/v2\/product\/80516","targetHints":{"allow":["GET"]}}],"collection":[{"href":"https:\/\/turismo.benicassim.es\/en\/wp-json\/wp\/v2\/product"}],"about":[{"href":"https:\/\/turismo.benicassim.es\/en\/wp-json\/wp\/v2\/types\/product"}],"wp:featuredmedia":[{"embeddable":true,"href":"https:\/\/turismo.benicassim.es\/en\/wp-json\/wp\/v2\/media\/80266"}],"wp:attachment":[{"href":"https:\/\/turismo.benicassim.es\/en\/wp-json\/wp\/v2\/media?parent=80516"}],"wp:term":[{"taxonomy":"product_brand","embeddable":true,"href":"https:\/\/turismo.benicassim.es\/en\/wp-json\/wp\/v2\/product_brand?post=80516"},{"taxonomy":"product_cat","embeddable":true,"href":"https:\/\/turismo.benicassim.es\/en\/wp-json\/wp\/v2\/product_cat?post=80516"},{"taxonomy":"product_tag","embeddable":true,"href":"https:\/\/turismo.benicassim.es\/en\/wp-json\/wp\/v2\/product_tag?post=80516"}],"curies":[{"name":"wp","href":"https:\/\/api.w.org\/{rel}","templated":true}]}}