{"id":85375,"date":"2025-12-22T10:29:44","date_gmt":"2025-12-22T09:29:44","guid":{"rendered":"https:\/\/turismo.benicassim.es\/producto\/entre-castillos-medievales-y-hoteles-vanguardistas-sabado-31-de-enero-de-2026\/"},"modified":"2025-12-22T12:30:23","modified_gmt":"2025-12-22T11:30:23","slug":"entre-castillos-medievales-y-hoteles-vanguardistas-sabado-31-de-enero-de-2026","status":"publish","type":"product","link":"https:\/\/turismo.benicassim.es\/en\/product\/entre-castillos-medievales-y-hoteles-vanguardistas-sabado-31-de-enero-de-2026\/","title":{"rendered":"Between medieval castles and avant-garde hotels. Saturday, 31st January 2026"},"content":{"rendered":"<blockquote><p><span style=\"font-family: Liberation Serif, serif;\"><span style=\"font-size: medium;\"><span style=\"color: #000000;\"><span style=\"font-family: Montserrat, sans-serif;\"><span style=\"font-size: small;\">Saturday, 31st January 2026<br \/>\nSchedule: 11 a.m. to 1 p.m.<br \/>\nPlace: Tourist Office Casa Abad\u00eda (74-76, Santo Tom\u00e1s st.)<br \/>\nDistance: 2.5 km.<br \/>\nDifficulty: Low.<br \/>\nRecommended audience: All audiences.<br \/>\nTickets: \u20ac3 (\u20ac1.50 reduced).<br \/>\nDescription: This guided tour is unique in its kind: rarely does a tourist tour begin by saying that no one wanted to live in the place visited. How can it be, if today we are in one of the most coveted cities? Benic\u00e0ssim hides a huge number of secrets. Starting with its original nucleus in the Centinela castle, we will tour the streets and squares, the characters and the historical initiatives that, with many difficulties that will be revealed along the way, finally gave life to a town that, against all odds, ended up being a pioneer in the tourism sector throughout Spain and known as the Valencian Biarritz.<br \/>\nRecommendations: animals are not allowed (except guide dogs or assistance dogs).<\/span><\/span><\/span><\/span><\/span><\/p><\/blockquote>\n","protected":false},"excerpt":{"rendered":"<p>Saturday, 31st January 2026 Schedule: 11 a.m. to 1 p.m. Place: Tourist Office Casa Abad\u00eda (74-76, Santo Tom\u00e1s st.) Distance: 2.5 km. Difficulty: Low. Recommended audience: All audiences. Tickets: \u20ac3 (\u20ac1.50 reduced). Description: This guided tour is unique in its kind: rarely does a tourist tour begin by saying that no one wanted to live [&hellip;]<\/p>\n","protected":false},"featured_media":80266,"template":"","meta":{"_acf_changed":false},"product_brand":[],"product_cat":[1402],"product_tag":[642,1087,494,604,338,726,738,680,620,605],"class_list":{"0":"post-85375","1":"product","2":"type-product","3":"status-publish","4":"has-post-thumbnail","6":"product_cat-between-medieval-castles-and-avant-garde-hotel","7":"product_tag-actividades-con-ninos-en-benicasim-en","8":"product_tag-actividades-familiares-en-benicasim-en","9":"product_tag-benicassim-en","10":"product_tag-benicassim-guided-tours-en","11":"product_tag-programa-oficial-de-visitas-guiadas-en","12":"product_tag-programa-oficial-de-visitas-guiadas-benicasim-en","13":"product_tag-programa-oficial-de-visites-guiades-benicassim-en","14":"product_tag-rutas-guiadas-benicasim-en","15":"product_tag-rutes-guiades-benicassim-en","16":"product_tag-visites-guiades-benicassim-en","18":"first","19":"instock","20":"shipping-taxable","21":"purchasable","22":"product-type-variable"},"acf":[],"yoast_head":"<!-- This site is optimized with the Yoast SEO plugin v27.4 - https:\/\/yoast.com\/product\/yoast-seo-wordpress\/ -->\n<title>Between medieval castles and avant-garde hotels. Saturday, 31st January 2026 - Benic\u00e0ssim Turismo<\/title>\n<meta name=\"robots\" content=\"index, follow, max-snippet:-1, max-image-preview:large, max-video-preview:-1\" \/>\n<link rel=\"canonical\" href=\"https:\/\/turismo.benicassim.es\/en\/product\/entre-castillos-medievales-y-hoteles-vanguardistas-sabado-31-de-enero-de-2026\/\" \/>\n<meta property=\"og:locale\" content=\"en_US\" \/>\n<meta property=\"og:type\" content=\"article\" \/>\n<meta property=\"og:title\" content=\"Between medieval castles and avant-garde hotels. Saturday, 31st January 2026 - Benic\u00e0ssim Turismo\" \/>\n<meta property=\"og:description\" content=\"Saturday, 31st January 2026 Schedule: 11 a.m. to 1 p.m. Place: Tourist Office Casa Abad\u00eda (74-76, Santo Tom\u00e1s st.) Distance: 2.5 km. Difficulty: Low. Recommended audience: All audiences. Tickets: \u20ac3 (\u20ac1.50 reduced). Description: This guided tour is unique in its kind: rarely does a tourist tour begin by saying that no one wanted to live [&hellip;]\" \/>\n<meta property=\"og:url\" content=\"https:\/\/turismo.benicassim.es\/en\/product\/entre-castillos-medievales-y-hoteles-vanguardistas-sabado-31-de-enero-de-2026\/\" \/>\n<meta property=\"og:site_name\" content=\"Benic\u00e0ssim Turismo\" \/>\n<meta property=\"article:modified_time\" content=\"2025-12-22T11:30:23+00:00\" \/>\n<meta property=\"og:image\" content=\"https:\/\/turismo.benicassim.es\/wp-content\/uploads\/2025\/02\/Entre-castillos-medievales-y-hoteles-vanguardistas-scaled.jpg\" \/>\n\t<meta property=\"og:image:width\" content=\"1648\" \/>\n\t<meta property=\"og:image:height\" content=\"2560\" \/>\n\t<meta property=\"og:image:type\" content=\"image\/jpeg\" \/>\n<meta name=\"twitter:card\" content=\"summary_large_image\" \/>\n<meta name=\"twitter:label1\" content=\"Est. reading time\" \/>\n\t<meta name=\"twitter:data1\" content=\"1 minute\" \/>\n<script type=\"application\/ld+json\" class=\"yoast-schema-graph\">{\"@context\":\"https:\\\/\\\/schema.org\",\"@graph\":[{\"@type\":\"WebPage\",\"@id\":\"https:\\\/\\\/turismo.benicassim.es\\\/en\\\/product\\\/entre-castillos-medievales-y-hoteles-vanguardistas-sabado-31-de-enero-de-2026\\\/\",\"url\":\"https:\\\/\\\/turismo.benicassim.es\\\/en\\\/product\\\/entre-castillos-medievales-y-hoteles-vanguardistas-sabado-31-de-enero-de-2026\\\/\",\"name\":\"Between medieval castles and avant-garde hotels. Saturday, 31st January 2026 - Benic\u00e0ssim Turismo\",\"isPartOf\":{\"@id\":\"https:\\\/\\\/turismo.benicassim.es\\\/en\\\/#website\"},\"primaryImageOfPage\":{\"@id\":\"https:\\\/\\\/turismo.benicassim.es\\\/en\\\/product\\\/entre-castillos-medievales-y-hoteles-vanguardistas-sabado-31-de-enero-de-2026\\\/#primaryimage\"},\"image\":{\"@id\":\"https:\\\/\\\/turismo.benicassim.es\\\/en\\\/product\\\/entre-castillos-medievales-y-hoteles-vanguardistas-sabado-31-de-enero-de-2026\\\/#primaryimage\"},\"thumbnailUrl\":\"https:\\\/\\\/turismo.benicassim.es\\\/wp-content\\\/uploads\\\/2025\\\/02\\\/Entre-castillos-medievales-y-hoteles-vanguardistas-scaled.jpg\",\"datePublished\":\"2025-12-22T09:29:44+00:00\",\"dateModified\":\"2025-12-22T11:30:23+00:00\",\"breadcrumb\":{\"@id\":\"https:\\\/\\\/turismo.benicassim.es\\\/en\\\/product\\\/entre-castillos-medievales-y-hoteles-vanguardistas-sabado-31-de-enero-de-2026\\\/#breadcrumb\"},\"inLanguage\":\"en-US\",\"potentialAction\":[{\"@type\":\"ReadAction\",\"target\":[\"https:\\\/\\\/turismo.benicassim.es\\\/en\\\/product\\\/entre-castillos-medievales-y-hoteles-vanguardistas-sabado-31-de-enero-de-2026\\\/\"]}]},{\"@type\":\"ImageObject\",\"inLanguage\":\"en-US\",\"@id\":\"https:\\\/\\\/turismo.benicassim.es\\\/en\\\/product\\\/entre-castillos-medievales-y-hoteles-vanguardistas-sabado-31-de-enero-de-2026\\\/#primaryimage\",\"url\":\"https:\\\/\\\/turismo.benicassim.es\\\/wp-content\\\/uploads\\\/2025\\\/02\\\/Entre-castillos-medievales-y-hoteles-vanguardistas-scaled.jpg\",\"contentUrl\":\"https:\\\/\\\/turismo.benicassim.es\\\/wp-content\\\/uploads\\\/2025\\\/02\\\/Entre-castillos-medievales-y-hoteles-vanguardistas-scaled.jpg\",\"width\":1648,\"height\":2560},{\"@type\":\"BreadcrumbList\",\"@id\":\"https:\\\/\\\/turismo.benicassim.es\\\/en\\\/product\\\/entre-castillos-medievales-y-hoteles-vanguardistas-sabado-31-de-enero-de-2026\\\/#breadcrumb\",\"itemListElement\":[{\"@type\":\"ListItem\",\"position\":1,\"name\":\"Inicio\",\"item\":\"https:\\\/\\\/turismo.benicassim.es\\\/en\\\/\"},{\"@type\":\"ListItem\",\"position\":2,\"name\":\"Shop\",\"item\":\"https:\\\/\\\/turismo.benicassim.es\\\/en\\\/shop\\\/\"},{\"@type\":\"ListItem\",\"position\":3,\"name\":\"Between medieval castles and avant-garde hotels. Saturday, 31st January 2026\"}]},{\"@type\":\"WebSite\",\"@id\":\"https:\\\/\\\/turismo.benicassim.es\\\/en\\\/#website\",\"url\":\"https:\\\/\\\/turismo.benicassim.es\\\/en\\\/\",\"name\":\"Benic\u00e0ssim Turismo\",\"description\":\"Web de informaci\u00f3n de Turismo en Benicasim\",\"potentialAction\":[{\"@type\":\"SearchAction\",\"target\":{\"@type\":\"EntryPoint\",\"urlTemplate\":\"https:\\\/\\\/turismo.benicassim.es\\\/en\\\/?s={search_term_string}\"},\"query-input\":{\"@type\":\"PropertyValueSpecification\",\"valueRequired\":true,\"valueName\":\"search_term_string\"}}],\"inLanguage\":\"en-US\"}]}<\/script>\n<!-- \/ Yoast SEO plugin. -->","yoast_head_json":{"title":"Between medieval castles and avant-garde hotels. Saturday, 31st January 2026 - Benic\u00e0ssim Turismo","robots":{"index":"index","follow":"follow","max-snippet":"max-snippet:-1","max-image-preview":"max-image-preview:large","max-video-preview":"max-video-preview:-1"},"canonical":"https:\/\/turismo.benicassim.es\/en\/product\/entre-castillos-medievales-y-hoteles-vanguardistas-sabado-31-de-enero-de-2026\/","og_locale":"en_US","og_type":"article","og_title":"Between medieval castles and avant-garde hotels. Saturday, 31st January 2026 - Benic\u00e0ssim Turismo","og_description":"Saturday, 31st January 2026 Schedule: 11 a.m. to 1 p.m. Place: Tourist Office Casa Abad\u00eda (74-76, Santo Tom\u00e1s st.) Distance: 2.5 km. Difficulty: Low. Recommended audience: All audiences. Tickets: \u20ac3 (\u20ac1.50 reduced). Description: This guided tour is unique in its kind: rarely does a tourist tour begin by saying that no one wanted to live [&hellip;]","og_url":"https:\/\/turismo.benicassim.es\/en\/product\/entre-castillos-medievales-y-hoteles-vanguardistas-sabado-31-de-enero-de-2026\/","og_site_name":"Benic\u00e0ssim Turismo","article_modified_time":"2025-12-22T11:30:23+00:00","og_image":[{"width":1648,"height":2560,"url":"https:\/\/turismo.benicassim.es\/wp-content\/uploads\/2025\/02\/Entre-castillos-medievales-y-hoteles-vanguardistas-scaled.jpg","type":"image\/jpeg"}],"twitter_card":"summary_large_image","twitter_misc":{"Est. reading time":"1 minute"},"schema":{"@context":"https:\/\/schema.org","@graph":[{"@type":"WebPage","@id":"https:\/\/turismo.benicassim.es\/en\/product\/entre-castillos-medievales-y-hoteles-vanguardistas-sabado-31-de-enero-de-2026\/","url":"https:\/\/turismo.benicassim.es\/en\/product\/entre-castillos-medievales-y-hoteles-vanguardistas-sabado-31-de-enero-de-2026\/","name":"Between medieval castles and avant-garde hotels. Saturday, 31st January 2026 - Benic\u00e0ssim Turismo","isPartOf":{"@id":"https:\/\/turismo.benicassim.es\/en\/#website"},"primaryImageOfPage":{"@id":"https:\/\/turismo.benicassim.es\/en\/product\/entre-castillos-medievales-y-hoteles-vanguardistas-sabado-31-de-enero-de-2026\/#primaryimage"},"image":{"@id":"https:\/\/turismo.benicassim.es\/en\/product\/entre-castillos-medievales-y-hoteles-vanguardistas-sabado-31-de-enero-de-2026\/#primaryimage"},"thumbnailUrl":"https:\/\/turismo.benicassim.es\/wp-content\/uploads\/2025\/02\/Entre-castillos-medievales-y-hoteles-vanguardistas-scaled.jpg","datePublished":"2025-12-22T09:29:44+00:00","dateModified":"2025-12-22T11:30:23+00:00","breadcrumb":{"@id":"https:\/\/turismo.benicassim.es\/en\/product\/entre-castillos-medievales-y-hoteles-vanguardistas-sabado-31-de-enero-de-2026\/#breadcrumb"},"inLanguage":"en-US","potentialAction":[{"@type":"ReadAction","target":["https:\/\/turismo.benicassim.es\/en\/product\/entre-castillos-medievales-y-hoteles-vanguardistas-sabado-31-de-enero-de-2026\/"]}]},{"@type":"ImageObject","inLanguage":"en-US","@id":"https:\/\/turismo.benicassim.es\/en\/product\/entre-castillos-medievales-y-hoteles-vanguardistas-sabado-31-de-enero-de-2026\/#primaryimage","url":"https:\/\/turismo.benicassim.es\/wp-content\/uploads\/2025\/02\/Entre-castillos-medievales-y-hoteles-vanguardistas-scaled.jpg","contentUrl":"https:\/\/turismo.benicassim.es\/wp-content\/uploads\/2025\/02\/Entre-castillos-medievales-y-hoteles-vanguardistas-scaled.jpg","width":1648,"height":2560},{"@type":"BreadcrumbList","@id":"https:\/\/turismo.benicassim.es\/en\/product\/entre-castillos-medievales-y-hoteles-vanguardistas-sabado-31-de-enero-de-2026\/#breadcrumb","itemListElement":[{"@type":"ListItem","position":1,"name":"Inicio","item":"https:\/\/turismo.benicassim.es\/en\/"},{"@type":"ListItem","position":2,"name":"Shop","item":"https:\/\/turismo.benicassim.es\/en\/shop\/"},{"@type":"ListItem","position":3,"name":"Between medieval castles and avant-garde hotels. Saturday, 31st January 2026"}]},{"@type":"WebSite","@id":"https:\/\/turismo.benicassim.es\/en\/#website","url":"https:\/\/turismo.benicassim.es\/en\/","name":"Benic\u00e0ssim Turismo","description":"Web de informaci\u00f3n de Turismo en Benicasim","potentialAction":[{"@type":"SearchAction","target":{"@type":"EntryPoint","urlTemplate":"https:\/\/turismo.benicassim.es\/en\/?s={search_term_string}"},"query-input":{"@type":"PropertyValueSpecification","valueRequired":true,"valueName":"search_term_string"}}],"inLanguage":"en-US"}]}},"_links":{"self":[{"href":"https:\/\/turismo.benicassim.es\/en\/wp-json\/wp\/v2\/product\/85375","targetHints":{"allow":["GET"]}}],"collection":[{"href":"https:\/\/turismo.benicassim.es\/en\/wp-json\/wp\/v2\/product"}],"about":[{"href":"https:\/\/turismo.benicassim.es\/en\/wp-json\/wp\/v2\/types\/product"}],"wp:featuredmedia":[{"embeddable":true,"href":"https:\/\/turismo.benicassim.es\/en\/wp-json\/wp\/v2\/media\/80266"}],"wp:attachment":[{"href":"https:\/\/turismo.benicassim.es\/en\/wp-json\/wp\/v2\/media?parent=85375"}],"wp:term":[{"taxonomy":"product_brand","embeddable":true,"href":"https:\/\/turismo.benicassim.es\/en\/wp-json\/wp\/v2\/product_brand?post=85375"},{"taxonomy":"product_cat","embeddable":true,"href":"https:\/\/turismo.benicassim.es\/en\/wp-json\/wp\/v2\/product_cat?post=85375"},{"taxonomy":"product_tag","embeddable":true,"href":"https:\/\/turismo.benicassim.es\/en\/wp-json\/wp\/v2\/product_tag?post=85375"}],"curies":[{"name":"wp","href":"https:\/\/api.w.org\/{rel}","templated":true}]}}