{"id":86916,"date":"2026-04-24T17:08:49","date_gmt":"2026-04-24T15:08:49","guid":{"rendered":"https:\/\/turismo.benicassim.es\/producto\/el-fantasma-de-mechain-y-el-meridiano-de-paris-teatralizada-sabado-23-de-mayo-de-2026\/"},"modified":"2026-04-24T18:31:58","modified_gmt":"2026-04-24T16:31:58","slug":"el-fantasma-de-mechain-y-el-meridiano-de-paris-teatralizada-sabado-23-de-mayo-de-2026","status":"publish","type":"product","link":"https:\/\/turismo.benicassim.es\/en\/product\/el-fantasma-de-mechain-y-el-meridiano-de-paris-teatralizada-sabado-23-de-mayo-de-2026\/","title":{"rendered":"El Fantasma de M\u00e9chain y el Meridiano de Par\u00eds (Teatralizada). S\u00e1bado 23 de mayo de 2026."},"content":{"rendered":"<p>Saturday, 23rd May (10.30 am \u2013 12.30 pm)<br \/>\nMeeting point: Desert de les Palmes Monastery car park.<br \/>\nDistance: 4 km.<br \/>\nDifficulty: Easy.<br \/>\nRecommended for: Families with hiking experience.<br \/>\nPrice: \u20ac5 (\u20ac2.50 concessions).<br \/>\nDescription: Few people know this, but one of the architects of the metric system, the astronomer Pierre M\u00e9chain, developed his theories in the Desert de les Palmes Natural Park. Furthermore, he died of a disease transmitted by a mosquito and was buried in Castell\u00f3n. However, rumour has it that his ghost continues to visit the mountains of Benic\u00e0ssim, trying to cross them to return to France, his homeland.<br \/>\nRecommendations: Walking shoes, sports clothing and water.<\/p>\n","protected":false},"excerpt":{"rendered":"<p>Saturday, 23rd May (10.30 am \u2013 12.30 pm) Meeting point: Desert de les Palmes Monastery car park. Distance: 4 km. Difficulty: Easy. Recommended for: Families with hiking experience. Price: \u20ac5 (\u20ac2.50 concessions). Description: Few people know this, but one of the architects of the metric system, the astronomer Pierre M\u00e9chain, developed his theories in the [&hellip;]<\/p>\n","protected":false},"featured_media":78866,"template":"","meta":{"_acf_changed":false},"product_brand":[],"product_cat":[383,114],"product_tag":[1087,644,493,494,604,1103,680,619,1161],"class_list":{"0":"post-86916","1":"product","2":"type-product","3":"status-publish","4":"has-post-thumbnail","6":"product_cat-el-fantasma-de-pierre-mechain-y-el-meridiano-de-greenwich-teatralizada-en","7":"product_cat-uncategorized","8":"product_tag-actividades-familiares-en-benicasim-en","9":"product_tag-activitats-amb-xiquets-a-benicassim-en","10":"product_tag-benicasim-en","11":"product_tag-benicassim-en","12":"product_tag-benicassim-guided-tours-en","13":"product_tag-desert-de-les-palmes-en","14":"product_tag-rutas-guiadas-benicasim-en","15":"product_tag-rutas-guiadas-benicassim-en","16":"product_tag-what-can-i-do-with-children-in-benicasim-en","18":"first","19":"instock","20":"shipping-taxable","21":"purchasable","22":"product-type-variable"},"acf":[],"yoast_head":"<!-- This site is optimized with the Yoast SEO plugin v27.4 - https:\/\/yoast.com\/product\/yoast-seo-wordpress\/ -->\n<title>El Fantasma de M\u00e9chain y el Meridiano de Par\u00eds (Teatralizada). S\u00e1bado 23 de mayo de 2026. - Benic\u00e0ssim Turismo<\/title>\n<meta name=\"robots\" content=\"index, follow, max-snippet:-1, max-image-preview:large, max-video-preview:-1\" \/>\n<link rel=\"canonical\" href=\"https:\/\/turismo.benicassim.es\/en\/product\/el-fantasma-de-mechain-y-el-meridiano-de-paris-teatralizada-sabado-23-de-mayo-de-2026\/\" \/>\n<meta property=\"og:locale\" content=\"en_US\" \/>\n<meta property=\"og:type\" content=\"article\" \/>\n<meta property=\"og:title\" content=\"El Fantasma de M\u00e9chain y el Meridiano de Par\u00eds (Teatralizada). S\u00e1bado 23 de mayo de 2026. - Benic\u00e0ssim Turismo\" \/>\n<meta property=\"og:description\" content=\"Saturday, 23rd May (10.30 am \u2013 12.30 pm) Meeting point: Desert de les Palmes Monastery car park. Distance: 4 km. Difficulty: Easy. Recommended for: Families with hiking experience. Price: \u20ac5 (\u20ac2.50 concessions). Description: Few people know this, but one of the architects of the metric system, the astronomer Pierre M\u00e9chain, developed his theories in the [&hellip;]\" \/>\n<meta property=\"og:url\" content=\"https:\/\/turismo.benicassim.es\/en\/product\/el-fantasma-de-mechain-y-el-meridiano-de-paris-teatralizada-sabado-23-de-mayo-de-2026\/\" \/>\n<meta property=\"og:site_name\" content=\"Benic\u00e0ssim Turismo\" \/>\n<meta property=\"article:modified_time\" content=\"2026-04-24T16:31:58+00:00\" \/>\n<meta property=\"og:image\" content=\"https:\/\/turismo.benicassim.es\/wp-content\/uploads\/2024\/07\/Fantasma-Mechain.jpg\" \/>\n\t<meta property=\"og:image:width\" content=\"1772\" \/>\n\t<meta property=\"og:image:height\" content=\"1182\" \/>\n\t<meta property=\"og:image:type\" content=\"image\/jpeg\" \/>\n<meta name=\"twitter:card\" content=\"summary_large_image\" \/>\n<meta name=\"twitter:label1\" content=\"Est. reading time\" \/>\n\t<meta name=\"twitter:data1\" content=\"1 minute\" \/>\n<script type=\"application\/ld+json\" class=\"yoast-schema-graph\">{\"@context\":\"https:\\\/\\\/schema.org\",\"@graph\":[{\"@type\":\"WebPage\",\"@id\":\"https:\\\/\\\/turismo.benicassim.es\\\/en\\\/product\\\/el-fantasma-de-mechain-y-el-meridiano-de-paris-teatralizada-sabado-23-de-mayo-de-2026\\\/\",\"url\":\"https:\\\/\\\/turismo.benicassim.es\\\/en\\\/product\\\/el-fantasma-de-mechain-y-el-meridiano-de-paris-teatralizada-sabado-23-de-mayo-de-2026\\\/\",\"name\":\"El Fantasma de M\u00e9chain y el Meridiano de Par\u00eds (Teatralizada). S\u00e1bado 23 de mayo de 2026. - Benic\u00e0ssim Turismo\",\"isPartOf\":{\"@id\":\"https:\\\/\\\/turismo.benicassim.es\\\/en\\\/#website\"},\"primaryImageOfPage\":{\"@id\":\"https:\\\/\\\/turismo.benicassim.es\\\/en\\\/product\\\/el-fantasma-de-mechain-y-el-meridiano-de-paris-teatralizada-sabado-23-de-mayo-de-2026\\\/#primaryimage\"},\"image\":{\"@id\":\"https:\\\/\\\/turismo.benicassim.es\\\/en\\\/product\\\/el-fantasma-de-mechain-y-el-meridiano-de-paris-teatralizada-sabado-23-de-mayo-de-2026\\\/#primaryimage\"},\"thumbnailUrl\":\"https:\\\/\\\/turismo.benicassim.es\\\/wp-content\\\/uploads\\\/2024\\\/07\\\/Fantasma-Mechain.jpg\",\"datePublished\":\"2026-04-24T15:08:49+00:00\",\"dateModified\":\"2026-04-24T16:31:58+00:00\",\"breadcrumb\":{\"@id\":\"https:\\\/\\\/turismo.benicassim.es\\\/en\\\/product\\\/el-fantasma-de-mechain-y-el-meridiano-de-paris-teatralizada-sabado-23-de-mayo-de-2026\\\/#breadcrumb\"},\"inLanguage\":\"en-US\",\"potentialAction\":[{\"@type\":\"ReadAction\",\"target\":[\"https:\\\/\\\/turismo.benicassim.es\\\/en\\\/product\\\/el-fantasma-de-mechain-y-el-meridiano-de-paris-teatralizada-sabado-23-de-mayo-de-2026\\\/\"]}]},{\"@type\":\"ImageObject\",\"inLanguage\":\"en-US\",\"@id\":\"https:\\\/\\\/turismo.benicassim.es\\\/en\\\/product\\\/el-fantasma-de-mechain-y-el-meridiano-de-paris-teatralizada-sabado-23-de-mayo-de-2026\\\/#primaryimage\",\"url\":\"https:\\\/\\\/turismo.benicassim.es\\\/wp-content\\\/uploads\\\/2024\\\/07\\\/Fantasma-Mechain.jpg\",\"contentUrl\":\"https:\\\/\\\/turismo.benicassim.es\\\/wp-content\\\/uploads\\\/2024\\\/07\\\/Fantasma-Mechain.jpg\",\"width\":1772,\"height\":1182},{\"@type\":\"BreadcrumbList\",\"@id\":\"https:\\\/\\\/turismo.benicassim.es\\\/en\\\/product\\\/el-fantasma-de-mechain-y-el-meridiano-de-paris-teatralizada-sabado-23-de-mayo-de-2026\\\/#breadcrumb\",\"itemListElement\":[{\"@type\":\"ListItem\",\"position\":1,\"name\":\"Inicio\",\"item\":\"https:\\\/\\\/turismo.benicassim.es\\\/en\\\/\"},{\"@type\":\"ListItem\",\"position\":2,\"name\":\"Shop\",\"item\":\"https:\\\/\\\/turismo.benicassim.es\\\/en\\\/shop\\\/\"},{\"@type\":\"ListItem\",\"position\":3,\"name\":\"El Fantasma de M\u00e9chain y el Meridiano de Par\u00eds (Teatralizada). S\u00e1bado 23 de mayo de 2026.\"}]},{\"@type\":\"WebSite\",\"@id\":\"https:\\\/\\\/turismo.benicassim.es\\\/en\\\/#website\",\"url\":\"https:\\\/\\\/turismo.benicassim.es\\\/en\\\/\",\"name\":\"Benic\u00e0ssim Turismo\",\"description\":\"Web de informaci\u00f3n de Turismo en Benicasim\",\"potentialAction\":[{\"@type\":\"SearchAction\",\"target\":{\"@type\":\"EntryPoint\",\"urlTemplate\":\"https:\\\/\\\/turismo.benicassim.es\\\/en\\\/?s={search_term_string}\"},\"query-input\":{\"@type\":\"PropertyValueSpecification\",\"valueRequired\":true,\"valueName\":\"search_term_string\"}}],\"inLanguage\":\"en-US\"}]}<\/script>\n<!-- \/ Yoast SEO plugin. -->","yoast_head_json":{"title":"El Fantasma de M\u00e9chain y el Meridiano de Par\u00eds (Teatralizada). S\u00e1bado 23 de mayo de 2026. - Benic\u00e0ssim Turismo","robots":{"index":"index","follow":"follow","max-snippet":"max-snippet:-1","max-image-preview":"max-image-preview:large","max-video-preview":"max-video-preview:-1"},"canonical":"https:\/\/turismo.benicassim.es\/en\/product\/el-fantasma-de-mechain-y-el-meridiano-de-paris-teatralizada-sabado-23-de-mayo-de-2026\/","og_locale":"en_US","og_type":"article","og_title":"El Fantasma de M\u00e9chain y el Meridiano de Par\u00eds (Teatralizada). S\u00e1bado 23 de mayo de 2026. - Benic\u00e0ssim Turismo","og_description":"Saturday, 23rd May (10.30 am \u2013 12.30 pm) Meeting point: Desert de les Palmes Monastery car park. Distance: 4 km. Difficulty: Easy. Recommended for: Families with hiking experience. Price: \u20ac5 (\u20ac2.50 concessions). Description: Few people know this, but one of the architects of the metric system, the astronomer Pierre M\u00e9chain, developed his theories in the [&hellip;]","og_url":"https:\/\/turismo.benicassim.es\/en\/product\/el-fantasma-de-mechain-y-el-meridiano-de-paris-teatralizada-sabado-23-de-mayo-de-2026\/","og_site_name":"Benic\u00e0ssim Turismo","article_modified_time":"2026-04-24T16:31:58+00:00","og_image":[{"width":1772,"height":1182,"url":"https:\/\/turismo.benicassim.es\/wp-content\/uploads\/2024\/07\/Fantasma-Mechain.jpg","type":"image\/jpeg"}],"twitter_card":"summary_large_image","twitter_misc":{"Est. reading time":"1 minute"},"schema":{"@context":"https:\/\/schema.org","@graph":[{"@type":"WebPage","@id":"https:\/\/turismo.benicassim.es\/en\/product\/el-fantasma-de-mechain-y-el-meridiano-de-paris-teatralizada-sabado-23-de-mayo-de-2026\/","url":"https:\/\/turismo.benicassim.es\/en\/product\/el-fantasma-de-mechain-y-el-meridiano-de-paris-teatralizada-sabado-23-de-mayo-de-2026\/","name":"El Fantasma de M\u00e9chain y el Meridiano de Par\u00eds (Teatralizada). S\u00e1bado 23 de mayo de 2026. - Benic\u00e0ssim Turismo","isPartOf":{"@id":"https:\/\/turismo.benicassim.es\/en\/#website"},"primaryImageOfPage":{"@id":"https:\/\/turismo.benicassim.es\/en\/product\/el-fantasma-de-mechain-y-el-meridiano-de-paris-teatralizada-sabado-23-de-mayo-de-2026\/#primaryimage"},"image":{"@id":"https:\/\/turismo.benicassim.es\/en\/product\/el-fantasma-de-mechain-y-el-meridiano-de-paris-teatralizada-sabado-23-de-mayo-de-2026\/#primaryimage"},"thumbnailUrl":"https:\/\/turismo.benicassim.es\/wp-content\/uploads\/2024\/07\/Fantasma-Mechain.jpg","datePublished":"2026-04-24T15:08:49+00:00","dateModified":"2026-04-24T16:31:58+00:00","breadcrumb":{"@id":"https:\/\/turismo.benicassim.es\/en\/product\/el-fantasma-de-mechain-y-el-meridiano-de-paris-teatralizada-sabado-23-de-mayo-de-2026\/#breadcrumb"},"inLanguage":"en-US","potentialAction":[{"@type":"ReadAction","target":["https:\/\/turismo.benicassim.es\/en\/product\/el-fantasma-de-mechain-y-el-meridiano-de-paris-teatralizada-sabado-23-de-mayo-de-2026\/"]}]},{"@type":"ImageObject","inLanguage":"en-US","@id":"https:\/\/turismo.benicassim.es\/en\/product\/el-fantasma-de-mechain-y-el-meridiano-de-paris-teatralizada-sabado-23-de-mayo-de-2026\/#primaryimage","url":"https:\/\/turismo.benicassim.es\/wp-content\/uploads\/2024\/07\/Fantasma-Mechain.jpg","contentUrl":"https:\/\/turismo.benicassim.es\/wp-content\/uploads\/2024\/07\/Fantasma-Mechain.jpg","width":1772,"height":1182},{"@type":"BreadcrumbList","@id":"https:\/\/turismo.benicassim.es\/en\/product\/el-fantasma-de-mechain-y-el-meridiano-de-paris-teatralizada-sabado-23-de-mayo-de-2026\/#breadcrumb","itemListElement":[{"@type":"ListItem","position":1,"name":"Inicio","item":"https:\/\/turismo.benicassim.es\/en\/"},{"@type":"ListItem","position":2,"name":"Shop","item":"https:\/\/turismo.benicassim.es\/en\/shop\/"},{"@type":"ListItem","position":3,"name":"El Fantasma de M\u00e9chain y el Meridiano de Par\u00eds (Teatralizada). S\u00e1bado 23 de mayo de 2026."}]},{"@type":"WebSite","@id":"https:\/\/turismo.benicassim.es\/en\/#website","url":"https:\/\/turismo.benicassim.es\/en\/","name":"Benic\u00e0ssim Turismo","description":"Web de informaci\u00f3n de Turismo en Benicasim","potentialAction":[{"@type":"SearchAction","target":{"@type":"EntryPoint","urlTemplate":"https:\/\/turismo.benicassim.es\/en\/?s={search_term_string}"},"query-input":{"@type":"PropertyValueSpecification","valueRequired":true,"valueName":"search_term_string"}}],"inLanguage":"en-US"}]}},"_links":{"self":[{"href":"https:\/\/turismo.benicassim.es\/en\/wp-json\/wp\/v2\/product\/86916","targetHints":{"allow":["GET"]}}],"collection":[{"href":"https:\/\/turismo.benicassim.es\/en\/wp-json\/wp\/v2\/product"}],"about":[{"href":"https:\/\/turismo.benicassim.es\/en\/wp-json\/wp\/v2\/types\/product"}],"wp:featuredmedia":[{"embeddable":true,"href":"https:\/\/turismo.benicassim.es\/en\/wp-json\/wp\/v2\/media\/78866"}],"wp:attachment":[{"href":"https:\/\/turismo.benicassim.es\/en\/wp-json\/wp\/v2\/media?parent=86916"}],"wp:term":[{"taxonomy":"product_brand","embeddable":true,"href":"https:\/\/turismo.benicassim.es\/en\/wp-json\/wp\/v2\/product_brand?post=86916"},{"taxonomy":"product_cat","embeddable":true,"href":"https:\/\/turismo.benicassim.es\/en\/wp-json\/wp\/v2\/product_cat?post=86916"},{"taxonomy":"product_tag","embeddable":true,"href":"https:\/\/turismo.benicassim.es\/en\/wp-json\/wp\/v2\/product_tag?post=86916"}],"curies":[{"name":"wp","href":"https:\/\/api.w.org\/{rel}","templated":true}]}}