{"id":39444,"date":"2021-03-15T13:16:13","date_gmt":"2021-03-15T13:16:13","guid":{"rendered":"http:\/\/bturismo.atic.green\/?page_id=39444"},"modified":"2021-10-26T14:53:59","modified_gmt":"2021-10-26T14:53:59","slug":"avis-legal","status":"publish","type":"page","link":"https:\/\/turismo.benicassim.es\/va\/avis-legal\/","title":{"rendered":"Av\u00eds legal"},"content":{"rendered":"<p>[vc_row full_width=&#8221;stretch_row&#8221; el_class=&#8221;breadcrumb-container basico letra-montserrat&#8221;][vc_column]<div class=\"my-breadcrumb\" style=\"display:inline-block;\"><a href=\"https:\/\/turismo.benicassim.es\/va\/\" class=\"link-color-2\">Inici<\/a> \/ <span>Av\u00eds legal<\/span><\/div>[\/vc_column][\/vc_row][vc_row][vc_column el_class=&#8221;contenido letra-montserrat&#8221;][vc_column_text]<\/p>\n<h1>\u200b AV\u00cdS LEGAL<\/h1>\n<h2>1. Introducci\u00f3<\/h2>\n<p>L&#8217;Ajuntament de Benic\u00e0ssim, amb CIF P-1202800G, \u00e9s titular de Portal d&#8217;Internet o lloc web <a href=\"http:\/\/www.benicassim.es\">www.benicassim.es<\/a> i tots els seus subdominis.<br \/>\nL&#8217;Ajuntament de Benic\u00e0ssim informa de les condicions i termes generals que regulen l&#8217;acc\u00e9s, navegaci\u00f3 i \u00fas del portal d&#8217;Internet. En particular, informa i regula l&#8217;acc\u00e9s i \u00fas del portal d&#8217;Internet, com a punt d&#8217;acc\u00e9s electr\u00f2nic posat a la disposici\u00f3 dels ciutadans, de conformitat amb l&#8217;article 39 de la Llei 40\/2015, d&#8217;1 d&#8217;octubre, de r\u00e8gim jur\u00eddic del sector p\u00fablic.<br \/>\nL&#8217;Ajuntament de Benic\u00e0ssim podr\u00e0, en tot moment i sense previ av\u00eds, modificar les condicions i termes generals d&#8217;\u00fas, aix\u00ed com les condicions particulars que s&#8217;establiren. Per aix\u00f2 es recomana que abans d&#8217;iniciar la navegaci\u00f3, llija atentament aquest av\u00eds jur\u00eddic.<\/p>\n<h2>2. Car\u00e0cter de la informaci\u00f3 publicada en el portal o lloc web<\/h2>\n<p>Les informacions oferides a trav\u00e9s d\u2019aquest mitj\u00e0 tenen exclusivament car\u00e0cter il\u00b7lustratiu i no originen drets ni expectatives de drets, i no se\u2019n deriva cap responsabilitat dels continguts accessibles mitjan\u00e7ant enlla\u00e7os o documents existents en altres dominis.<br \/>\nL&#8217;Ajuntament de Benic\u00e0ssim procura que aquesta informaci\u00f3 siga exacta i precisa, i l\u2019actualitzaci\u00f3 amb la m\u00e0xima celeritat possible, tractant d&#8217;evitar errors i corregint-los tan prompte com els detecta. De tota manera, l&#8217;Ajuntament de Benic\u00e0ssim no pot garantir la inexist\u00e8ncia d&#8217;errors ni que el contingut de la informaci\u00f3 es trobe permanentment actualitzat.<br \/>\nLa informaci\u00f3 continguda en el portal pot ser modificada i actualitzada per l&#8217;Ajuntament de Benic\u00e0ssim, sense necessitat d&#8217;av\u00eds previ, tant quant al contingut com al disseny i presentaci\u00f3.<br \/>\nAmb car\u00e0cter general, la informaci\u00f3 disponible en aquest portal ha d\u2019entendre\u2019s com una guia sense prop\u00f2sit de validesa legal. La informaci\u00f3 administrativa facilitada no substitueix la publicitat legal de les lleis, de les disposicions generals i dels actes que hagen de publicar-se formalment en els diaris o butlletins oficials de les administracions p\u00fabliques. En el cas de qualsevol discrep\u00e0ncia entre la versi\u00f3 de documents i informaci\u00f3 obtinguda en aquest lloc web i la versi\u00f3 considerada oficial, la versi\u00f3 oficial de les administracions \u00e9s l&#8217;\u00fanica legalment v\u00e0lida.<\/p>\n<h2>3. Portal de transpar\u00e8ncia<\/h2>\n<p>A trav\u00e9s de la informaci\u00f3 publicada en el portal de transpar\u00e8ncia, l&#8217;Ajuntament de Benic\u00e0ssim at\u00e9n de manera peri\u00f2dica i actualitzada el principi de publicitat activa establit per la Llei 19\/2013, de 9 de desembre, de transpar\u00e8ncia, acc\u00e9s a la informaci\u00f3 p\u00fablica i bon govern i, en el seu cas, la Llei 2\/2015, de 2 d&#8217;abril, de transpar\u00e8ncia, bon govern i participaci\u00f3 ciutadana de la Comunitat Valenciana, amb els mecanismes adequats per a facilitar l&#8217;accessibilitat, la interoperabilitat, la qualitat i la reutilitzaci\u00f3 de la informaci\u00f3, aix\u00ed com la identificaci\u00f3 i localitzaci\u00f3.<\/p>\n<h2>4. Car\u00e0cter de la b\u00fastia de queixes i suggeriments<\/h2>\n<p>La informaci\u00f3 proporcionada en resposta a qualsevol suggeriment o queixa a trav\u00e9s de la b\u00fastia de queixes i suggeriments t\u00e9 car\u00e0cter merament orientatiu i en cap cas \u00e9s vinculant per a la resoluci\u00f3 dels procediments administratius, els quals es troben estrictament subjectes a les normes legals o reglament\u00e0ries que els siguen aplicable.<\/p>\n<ul>\n<li>QUEIXES: Tenen la consideraci\u00f3 de queixes els escrits i comunicacions en els quals els ciutadans fan \u00fanicament manifestacions de disconformitat amb la prestaci\u00f3 dels serveis, especialment sobre tardances, desatencions, o qualsevol altra classe an\u00e0loga de deficient actuaci\u00f3 que observen en el funcionament dels serveis p\u00fablics, que constitu\u00efsca falta de qualitat en el servei prestat.<\/li>\n<li>NO TINDRAN LA CONSIDERACI\u00d3 DE QUEIXES davant els serveis administratius:\n<ul>\n<li>Les den\u00fancies que es presenten manifestant possibles irregularitats o infraccions a la legalitat.<\/li>\n<li>Les queixes que afecten els serveis prestats per altres Administracions p\u00fabliques o ens vinculats o dependents d&#8217;aquestes, que no es tramitaran a trav\u00e9s d&#8217;aquest procediment.<\/li>\n<\/ul>\n<\/li>\n<li>SUGGERIMENTS: S\u00f3n les propostes formulades pels ciutadans per a millorar la qualitat dels serveis p\u00fablics i, especialment, aquelles que contribu\u00efsquen a simplificar, reduir o eliminar tr\u00e0mits o mol\u00e8sties en les seues relacions amb l&#8217;Administraci\u00f3, o a contribuir a un major grau de satisfacci\u00f3 dels usuaris d&#8217;aquests serveis.<\/li>\n<\/ul>\n<h2>5. Condicions i termes generals d&#8217;\u00fas del portal<\/h2>\n<p>Per l&#8217;acc\u00e9s i navegaci\u00f3 pel portal d&#8217;Internet de l&#8217;Ajuntament de Benic\u00e0ssim o per l\u2019\u00fas dels serveis inclosos en aquest, vost\u00e9 adquireix la condici\u00f3 d&#8217;usuari, sense reserves de cap classe, a totes les presents condicions i termes generals d&#8217;\u00fas i de les condicions particulars que regisquen la prestaci\u00f3 dels serveis que es disposen en el portal o lloc web, sense perjudici de l&#8217;atenci\u00f3 i compliment per l&#8217;usuari de les condicions fixades i previstes pels llocs web enlla\u00e7ats o hipervinculats des de <a href=\"http:\/\/www.benicassim.es\">www.benicassim.es<\/a>, de les quals no respon l&#8217;Ajuntament de Benic\u00e0ssim.<br \/>\nEn tot cas, l&#8217;usuari es compromet a fer un \u00fas adequat dels continguts i serveis que l&#8217;Ajuntament de Benic\u00e0ssim ofereix a trav\u00e9s del portal, que s\u00f3n, a t\u00edtol simplement car\u00e0cter enunciatiu i no limitador:<br \/>\n(I) No inc\u00f3rrer en activitats il\u00b7l\u00edcites, il\u00b7legals o contr\u00e0ries a la bona fe i a l&#8217;ordre p\u00fablic.<br \/>\n(II) No introduir, emmagatzemar o difondre en o des del portal cap informaci\u00f3 o material que, expl\u00edcitament o impl\u00edcitament, fora difamatori, injuri\u00f3s, obsc\u00e9, amena\u00e7ador, xen\u00f2fob, d&#8217;apologia del terrorisme, pornogr\u00e0fic o incite a la viol\u00e8ncia, a la discriminaci\u00f3 per ra\u00f3 de ra\u00e7a, sexe, ideologia, religi\u00f3 o que de qualsevol forma atempte contra la moral, l&#8217;ordre p\u00fablic, els drets fonamentals, les llibertes p\u00fabliques, amb especial atenci\u00f3 a l&#8217;honor, la intimitat o la imatge de tercers i, en general, contra els drets humans.<br \/>\n(III) No usar identitats falses, ni suplantar la identitat d&#8217;uns altres en la utilitzaci\u00f3 del portal o en l\u2019\u00fas de cap dels serveis disposats, incloent la utilitzaci\u00f3 de contrasenyes o claus d&#8217;acc\u00e9s de tercers o de qualsevol altra manera.<br \/>\nEn conseq\u00fc\u00e8ncia, l&#8217;usuari no pot intentar accedir i, si \u00e9s el cas, usar les claus d&#8217;altres usuaris ni modificar o manipular els seus missatges.<br \/>\n(IV) No introduir, emmagatzemar o difondre mitjan\u00e7ant el portal cap programa d&#8217;ordinador, dades, virus, codi, equip de maquinari o de telecomunicacions o qualsevol altre instrument o dispositiu electr\u00f2nic o f\u00edsic susceptible de causar danys en el portal, en qualsevol dels serveis, o en qualsevol dels equips, sistemes o xarxes de l&#8217;Ajuntament de Benic\u00e0ssim o, en general, de qualsevol tercer, o que de qualsevol altra forma siga capa\u00e7 de causar-los qualsevol mena d&#8217;alteraci\u00f3 o impedir el normal funcionament d&#8217;aquests.<br \/>\n(V) No destruir, alterar, utilitzar per al seu \u00fas, inutilitzar o danyar les dades, informacions, programes o documents electr\u00f2nics de l&#8217;Ajuntament de Benic\u00e0ssim o qualssevol tercers.<br \/>\n(VI) No introduir, emmagatzemar o difondre mitjan\u00e7ant el portal cap contingut que infringisca drets de propietat intel\u00b7lectual, industrial o secrets empresarials de tercers, ni en general cap contingut del qual no tinga, de conformitat amb la llei, el dret a posar-lo a la disposici\u00f3 de tercer.<br \/>\n(VII) No usar els serveis oferits en el portal amb l&#8217;objectiu de promocionar empreses i serveis externs, altres p\u00e0gines web i fer campanyes de publicitat o comercials, ni per a actuar en benefici de persones jur\u00eddiques.<br \/>\nEn cas de contravindre les condicions anteriors, l&#8217;Ajuntament de Benic\u00e0ssim es reserva la facultat i estar\u00e0 legitimat per a bloquejar, suspendre o cancel\u00b7lar, de manera immediata i sense previ av\u00eds, l&#8217;acc\u00e9s i \u00fas del portal i, si \u00e9s el cas, per a retirar els continguts presumptament o declaradament il\u00b7legals, b\u00e9 ho fa\u00e7a al seu exclusiu criteri, b\u00e9 a petici\u00f3 de tercer afectat o d&#8217;autoritat competent.<\/p>\n<h2>6. Responsabilitat<\/h2>\n<p>L&#8217;Ajuntament de Benic\u00e0ssim no es fa responsable dels danys i perjudicis que es deriven de la seg\u00fcent relaci\u00f3, enunciativa i no limitadora, d\u2019actes:<br \/>\n(I) Infer\u00e8ncies, omissions, interrupcions, virus inform\u00e0tics, avaries o desconnexions en el funcionament operatiu d&#8217;aquest sistema electr\u00f2nic o en els aparells i equips inform\u00e0tics dels usuaris, motivades per causes alienes a l&#8217;Ajuntament de Benic\u00e0ssim, que impedisquen o retarden la prestaci\u00f3 dels serveis o la navegaci\u00f3 pel sistema.<br \/>\n(II) Retards o bloquejos en l&#8217;\u00fas causats per defici\u00e8ncies o sobrec\u00e0rregues d&#8217;Internet o en altres sistemes electr\u00f2nics.<br \/>\n(III) Intromissions il\u00b7leg\u00edtimes que puguen ser causades per tercers fora del control de l&#8217;Ajuntament.<br \/>\n(IV) Impossibilitat de prestar el servei o de permetre l&#8217;acc\u00e9s per causes no imputables a l&#8217;Ajuntament, degudes a l&#8217;usuari, a tercers o a sup\u00f2sits de for\u00e7a major.<br \/>\n(V) El portal de l&#8217;Ajuntament de Benic\u00e0ssim pot contindre enlla\u00e7os a les seus electr\u00f2niques d&#8217;altres administracions p\u00fabliques o a p\u00e0gines web d&#8217;altres \u00f2rgans, empreses o institucions, amb l&#8217;objectiu de facilitar als ciutadans la cerca d\u2019informaci\u00f3 i recursos a trav\u00e9s d&#8217;Internet. De tota manera, aquestes p\u00e0gines no s\u00f3n de la seua titularitat i, per tant, l&#8217;Ajuntament de Benic\u00e0ssim no \u00e9s responsable dels continguts, funcionament o de les possibles conseq\u00fc\u00e8ncies que es deriven de l&#8217;acc\u00e9s o \u00fas d&#8217;aquestes. Pot indicar-se, a trav\u00e9s de missatges sobre els enlla\u00e7os, si accedint-hi s&#8217;abandona o no el portal de l&#8217;Ajuntament de Benic\u00e0ssim. En tot cas, en eixir de l&#8217;adre\u00e7a <a href=\"http:\/\/www.benicassim.es\">www.benicassim.es<\/a>, la informaci\u00f3 o els serveis als quals s&#8217;accedisca queden fora de l&#8217;\u00e0mbit de responsabilitat del titular, l&#8217;Ajuntament de Benic\u00e0ssim.<\/p>\n<h2>7. Propietat intel\u00b7lectual i industrial<\/h2>\n<p>Tots els elements del portal (inclosos els codis font, bases de dades, disseny, imatges, fotografies, dibuixos, gr\u00e0fics, animacions, aplicatius, motors de cerca, p\u00e0gines, logotips, marques i noms comercials) s\u00f3n propietat de l&#8217;Ajuntament de Benic\u00e0ssim o li han sigut cedits (llevat que s&#8217;indique expressament). Per tant, els drets d&#8217;autoria i explotaci\u00f3 en tota la seua extensi\u00f3 i modalitats es troben protegits per les normes nacionals i internacionals de propietat intel\u00b7lectual i industrial, la infracci\u00f3 de les quals constitueix una activitat il\u00b7l\u00edcita i delictiva.<br \/>\nEn particular, per\u00f2 sense limitar l&#8217;obligaci\u00f3 de l&#8217;usuari expressada en l&#8217;apartat anterior, queden prohibides la reproducci\u00f3, la transformaci\u00f3, distribuci\u00f3, comunicaci\u00f3 p\u00fablica i en general qualsevol altra forma d&#8217;explotaci\u00f3, per qualsevol procediment, de tot o part dels continguts d&#8217;aquest portal, com tamb\u00e9 del seu disseny, m\u00e8todes de selecci\u00f3 o formes de presentaci\u00f3 dels recursos i materials inclosos d&#8217;aquest.<br \/>\nS&#8217;autoritza la reproducci\u00f3 (impressi\u00f3 i desc\u00e0rrega) d&#8217;extractes dels continguts del portal o lloc web \u00fanicament quan es realitzen per a \u00fas personal o privat, o a nivell d&#8217;investigaci\u00f3 o estudi.<\/p>\n<p>8. Reutilitzaci\u00f3 de la informaci\u00f3 del sector p\u00fablic<br \/>\nDe conformitat amb l&#8217;article 8 de la Llei 37\/2007, de 16 de novembre, sobre reutilitzaci\u00f3 de la informaci\u00f3 del sector p\u00fablic, la reutilitzaci\u00f3 de la informaci\u00f3 de les administracions i dels organismes del sector p\u00fablic estar\u00e0 sotmesa, entre altres, a les seg\u00fcents condicions generals:<br \/>\n(a) Que no s\u2019altere el contingut de la informaci\u00f3.<br \/>\n(b) Que no es desnaturalitze el sentit de la informaci\u00f3.<br \/>\n(c) Que se cite la font.<br \/>\n(d) Que s&#8217;esmente la data de l&#8217;\u00faltima actualitzaci\u00f3 dels documents objecte de reutilitzaci\u00f3, sempre que estiguera inclosa en el document original.<br \/>\n(e) No es podr\u00e0 indicar, insinuar o suggerir que la informaci\u00f3 a reutilitzar est\u00e0 patrocinada o s\u2019ha donat suport a la reutilitzaci\u00f3 que es duga a terme amb ella.<br \/>\n(f) Conservar i no alterar, ni suprimir les metadades sobre la data d&#8217;actualitzaci\u00f3 i les condicions de reutilitzaci\u00f3 aplicables incloses, en el seu cas, en el document posat a disposici\u00f3 per a la seua reutilitzaci\u00f3.<br \/>\nEs prohibeix la reproducci\u00f3 total o parcial dels continguts publicats en el portal.<br \/>\nEls usuaris o agents usaran els conjunts de dades, posats de manera oberta, sota el seu propi compte i risc, i els correspondr\u00e0 en exclusiva a ells respondre davant de tercers pels danys que se\u2019n deriven.<br \/>\nTanmateix, amb car\u00e0cter excepcional i de manera motivada, l&#8217;Ajuntament de Benic\u00e0ssim podr\u00e0 optar per aplicar les modalitats previstes en els par\u00e0grafs b) i c) de l&#8217;article 4.2 de la Llei 37\/2007, de 16 de novembre, sobre reutilitzaci\u00f3 de la informaci\u00f3 del sector p\u00fablic:<\/p>\n<ul>\n<li>Reutilitzaci\u00f3 de documents posats a la disposici\u00f3 del p\u00fablic amb subjecci\u00f3 a condicions establides en llic\u00e8ncies tipus.<\/li>\n<li>Reutilitzaci\u00f3 de documents pr\u00e8via sol\u00b7licitud, segons el procediment previst en l&#8217;article 10 de la citada Llei o, en el seu cas, en la normativa auton\u00f2mica. En aquests sup\u00f2sits podran incorporar-se condicions establides en una llic\u00e8ncia.<\/li>\n<\/ul>\n<h2>9. Xarxes socials<\/h2>\n<p>L&#8217;Ajuntament de Benic\u00e0ssim (o les \u00e0rees, els departaments o els organismes p\u00fablics integrats, vinculats o dependents d\u2019aquesta entitat) pot ser present, actualment o en el futur, en xarxes socials d&#8217;Internet, on considere oport\u00fa establir pres\u00e8ncia.<br \/>\nAquests espais es consideraran oficials, i no s\u2019assumeix responsabilitat per l&#8217;\u00fas o continguts disposats en qualssevol altres comptes o espais oberts en les xarxes socials per tercers. L&#8217;Ajuntament de Benic\u00e0ssim tampoc assumeix responsabilitat per l&#8217;\u00fas o continguts disposats a trav\u00e9s de comptes o espais oberts pels seus c\u00e0rrecs p\u00fablics, creats de manera particular en l&#8217;\u00e0mbit privat o a trav\u00e9s de partit pol\u00edtic o un altre col\u00b7lectiu al qual pertanguen.<br \/>\nL&#8217;Ajuntament de Benic\u00e0ssim, com a administrador de les seues inst\u00e0ncies pr\u00f2pies en aquestes xarxes, podr\u00e0 decidir no publicar o esborrar qualsevol contingut publicat en aquestes.<br \/>\nEn qualsevol cas, l&#8217;usuari \u00e9s l&#8217;\u00fanic responsable dels continguts que, en el seu cas, publique en aquestes xarxes socials de l&#8217;Ajuntament de Benic\u00e0ssim, i seran plenament aplicable a les xarxes socials les condicions i termes generals d&#8217;\u00fas del portal abans exposades, i sense perjudici d&#8217;aplicar les condicions i termes o pol\u00edtiques, establits per la pr\u00f2pia xarxa social.<br \/>\nA m\u00e9s, informem que el lloc web integra, en el seu cas, pluggins o complements de xarxes socials, respecte als quals haur\u00e0 de tindre en compte el seg\u00fcent:<br \/>\nSi est\u00e0 registrat com a usuari en la xarxa social (Facebook, Twitter) i en visitar aquest lloc web t\u00e9 la sessi\u00f3 oberta en qualsevol d&#8217;aquestes xarxes socials, en fer clic en els seus pluggins la xarxa social rebr\u00e0 la informaci\u00f3 que li indica i que ha visitat el lloc. A m\u00e9s, proporcionar\u00e0 informaci\u00f3 sobre el seu perfil d&#8217;usuari d&#8217;eixa xarxa social (nom, adre\u00e7a electr\u00f2nica, foto, etc.).<br \/>\nSi no est\u00e0 registrat en la xarxa social, o no tenen la sessi\u00f3 oberta mentre visita el lloc web, pot ser que la xarxa social reba i emmagatzeme almenys la seua adre\u00e7a IP.<br \/>\nSi no desitja que una xarxa social recopile les dades personals, ni que les compartisca amb nosaltres ni amb tercers, consulte la pol\u00edtica de privacitat de la xarxa social corresponent i tanque-hi la sessi\u00f3 abans de visitar aquest lloc web. Tamb\u00e9 podr\u00e0 eliminar les galetes o cookies existents que haja instal\u00b7lat la xarxa social en el seu ordinador usant les funcions del seu navegador.[\/vc_column_text][\/vc_column][\/vc_row]<\/p>\n","protected":false},"excerpt":{"rendered":"<p>[vc_row full_width=&#8221;stretch_row&#8221; el_class=&#8221;breadcrumb-container basico letra-montserrat&#8221;][vc_column][\/vc_column][\/vc_row][vc_row][vc_column el_class=&#8221;contenido letra-montserrat&#8221;][vc_column_text] \u200b AV\u00cdS LEGAL 1. Introducci\u00f3 L&#8217;Ajuntament de Benic\u00e0ssim, amb CIF P-1202800G, \u00e9s titular de Portal d&#8217;Internet o lloc web www.benicassim.es i tots els seus subdominis. L&#8217;Ajuntament de Benic\u00e0ssim informa de les condicions i termes generals que regulen l&#8217;acc\u00e9s, navegaci\u00f3 i \u00fas del portal d&#8217;Internet. En particular, informa i [&hellip;]<\/p>\n","protected":false},"author":1,"featured_media":0,"parent":0,"menu_order":0,"comment_status":"closed","ping_status":"closed","template":"","meta":{"_acf_changed":false,"footnotes":""},"class_list":["post-39444","page","type-page","status-publish","hentry"],"acf":[],"yoast_head":"<!-- This site is optimized with the Yoast SEO plugin v27.1.1 - https:\/\/yoast.com\/product\/yoast-seo-wordpress\/ -->\n<title>Av\u00eds legal - Benic\u00e0ssim Turismo<\/title>\n<meta name=\"robots\" content=\"noindex, nofollow\" \/>\n<meta property=\"og:locale\" content=\"en_US\" \/>\n<meta property=\"og:type\" content=\"article\" \/>\n<meta property=\"og:title\" content=\"Av\u00eds legal - Benic\u00e0ssim Turismo\" \/>\n<meta property=\"og:description\" content=\"[vc_row full_width=&#8221;stretch_row&#8221; el_class=&#8221;breadcrumb-container basico letra-montserrat&#8221;][vc_column][\/vc_column][\/vc_row][vc_row][vc_column el_class=&#8221;contenido letra-montserrat&#8221;][vc_column_text] \u200b AV\u00cdS LEGAL 1. Introducci\u00f3 L&#8217;Ajuntament de Benic\u00e0ssim, amb CIF P-1202800G, \u00e9s titular de Portal d&#8217;Internet o lloc web www.benicassim.es i tots els seus subdominis. L&#8217;Ajuntament de Benic\u00e0ssim informa de les condicions i termes generals que regulen l&#8217;acc\u00e9s, navegaci\u00f3 i \u00fas del portal d&#8217;Internet. En particular, informa i [&hellip;]\" \/>\n<meta property=\"og:url\" content=\"https:\/\/turismo.benicassim.es\/va\/avis-legal\/\" \/>\n<meta property=\"og:site_name\" content=\"Benic\u00e0ssim Turismo\" \/>\n<meta property=\"article:modified_time\" content=\"2021-10-26T14:53:59+00:00\" \/>\n<meta name=\"twitter:card\" content=\"summary_large_image\" \/>\n<meta name=\"twitter:label1\" content=\"Est. reading time\" \/>\n\t<meta name=\"twitter:data1\" content=\"13 minutes\" \/>\n<script type=\"application\/ld+json\" class=\"yoast-schema-graph\">{\"@context\":\"https:\/\/schema.org\",\"@graph\":[{\"@type\":\"WebPage\",\"@id\":\"https:\/\/turismo.benicassim.es\/va\/avis-legal\/\",\"url\":\"https:\/\/turismo.benicassim.es\/va\/avis-legal\/\",\"name\":\"Av\u00eds legal - Benic\u00e0ssim Turismo\",\"isPartOf\":{\"@id\":\"https:\/\/turismo.benicassim.es\/va\/#website\"},\"datePublished\":\"2021-03-15T13:16:13+00:00\",\"dateModified\":\"2021-10-26T14:53:59+00:00\",\"breadcrumb\":{\"@id\":\"https:\/\/turismo.benicassim.es\/va\/avis-legal\/#breadcrumb\"},\"inLanguage\":\"ca-CA\",\"potentialAction\":[{\"@type\":\"ReadAction\",\"target\":[\"https:\/\/turismo.benicassim.es\/va\/avis-legal\/\"]}]},{\"@type\":\"BreadcrumbList\",\"@id\":\"https:\/\/turismo.benicassim.es\/va\/avis-legal\/#breadcrumb\",\"itemListElement\":[{\"@type\":\"ListItem\",\"position\":1,\"name\":\"Inicio\",\"item\":\"https:\/\/turismo.benicassim.es\/va\/\"},{\"@type\":\"ListItem\",\"position\":2,\"name\":\"Av\u00eds legal\"}]},{\"@type\":\"WebSite\",\"@id\":\"https:\/\/turismo.benicassim.es\/va\/#website\",\"url\":\"https:\/\/turismo.benicassim.es\/va\/\",\"name\":\"Benic\u00e0ssim Turismo\",\"description\":\"Web de informaci\u00f3n de Turismo en Benicasim\",\"potentialAction\":[{\"@type\":\"SearchAction\",\"target\":{\"@type\":\"EntryPoint\",\"urlTemplate\":\"https:\/\/turismo.benicassim.es\/va\/?s={search_term_string}\"},\"query-input\":{\"@type\":\"PropertyValueSpecification\",\"valueRequired\":true,\"valueName\":\"search_term_string\"}}],\"inLanguage\":\"ca-CA\"}]}<\/script>\n<!-- \/ Yoast SEO plugin. -->","yoast_head_json":{"title":"Av\u00eds legal - Benic\u00e0ssim Turismo","robots":{"index":"noindex","follow":"nofollow"},"og_locale":"en_US","og_type":"article","og_title":"Av\u00eds legal - Benic\u00e0ssim Turismo","og_description":"[vc_row full_width=&#8221;stretch_row&#8221; el_class=&#8221;breadcrumb-container basico letra-montserrat&#8221;][vc_column][\/vc_column][\/vc_row][vc_row][vc_column el_class=&#8221;contenido letra-montserrat&#8221;][vc_column_text] \u200b AV\u00cdS LEGAL 1. Introducci\u00f3 L&#8217;Ajuntament de Benic\u00e0ssim, amb CIF P-1202800G, \u00e9s titular de Portal d&#8217;Internet o lloc web www.benicassim.es i tots els seus subdominis. L&#8217;Ajuntament de Benic\u00e0ssim informa de les condicions i termes generals que regulen l&#8217;acc\u00e9s, navegaci\u00f3 i \u00fas del portal d&#8217;Internet. En particular, informa i [&hellip;]","og_url":"https:\/\/turismo.benicassim.es\/va\/avis-legal\/","og_site_name":"Benic\u00e0ssim Turismo","article_modified_time":"2021-10-26T14:53:59+00:00","twitter_card":"summary_large_image","twitter_misc":{"Est. reading time":"13 minutes"},"schema":{"@context":"https:\/\/schema.org","@graph":[{"@type":"WebPage","@id":"https:\/\/turismo.benicassim.es\/va\/avis-legal\/","url":"https:\/\/turismo.benicassim.es\/va\/avis-legal\/","name":"Av\u00eds legal - Benic\u00e0ssim Turismo","isPartOf":{"@id":"https:\/\/turismo.benicassim.es\/va\/#website"},"datePublished":"2021-03-15T13:16:13+00:00","dateModified":"2021-10-26T14:53:59+00:00","breadcrumb":{"@id":"https:\/\/turismo.benicassim.es\/va\/avis-legal\/#breadcrumb"},"inLanguage":"ca-CA","potentialAction":[{"@type":"ReadAction","target":["https:\/\/turismo.benicassim.es\/va\/avis-legal\/"]}]},{"@type":"BreadcrumbList","@id":"https:\/\/turismo.benicassim.es\/va\/avis-legal\/#breadcrumb","itemListElement":[{"@type":"ListItem","position":1,"name":"Inicio","item":"https:\/\/turismo.benicassim.es\/va\/"},{"@type":"ListItem","position":2,"name":"Av\u00eds legal"}]},{"@type":"WebSite","@id":"https:\/\/turismo.benicassim.es\/va\/#website","url":"https:\/\/turismo.benicassim.es\/va\/","name":"Benic\u00e0ssim Turismo","description":"Web de informaci\u00f3n de Turismo en Benicasim","potentialAction":[{"@type":"SearchAction","target":{"@type":"EntryPoint","urlTemplate":"https:\/\/turismo.benicassim.es\/va\/?s={search_term_string}"},"query-input":{"@type":"PropertyValueSpecification","valueRequired":true,"valueName":"search_term_string"}}],"inLanguage":"ca-CA"}]}},"_links":{"self":[{"href":"https:\/\/turismo.benicassim.es\/va\/wp-json\/wp\/v2\/pages\/39444","targetHints":{"allow":["GET"]}}],"collection":[{"href":"https:\/\/turismo.benicassim.es\/va\/wp-json\/wp\/v2\/pages"}],"about":[{"href":"https:\/\/turismo.benicassim.es\/va\/wp-json\/wp\/v2\/types\/page"}],"author":[{"embeddable":true,"href":"https:\/\/turismo.benicassim.es\/va\/wp-json\/wp\/v2\/users\/1"}],"replies":[{"embeddable":true,"href":"https:\/\/turismo.benicassim.es\/va\/wp-json\/wp\/v2\/comments?post=39444"}],"version-history":[{"count":5,"href":"https:\/\/turismo.benicassim.es\/va\/wp-json\/wp\/v2\/pages\/39444\/revisions"}],"predecessor-version":[{"id":62401,"href":"https:\/\/turismo.benicassim.es\/va\/wp-json\/wp\/v2\/pages\/39444\/revisions\/62401"}],"wp:attachment":[{"href":"https:\/\/turismo.benicassim.es\/va\/wp-json\/wp\/v2\/media?parent=39444"}],"curies":[{"name":"wp","href":"https:\/\/api.w.org\/{rel}","templated":true}]}}