{"id":39465,"date":"2021-03-15T14:39:50","date_gmt":"2021-03-15T14:39:50","guid":{"rendered":"http:\/\/bturismo.atic.green\/?page_id=39465"},"modified":"2022-11-18T11:00:14","modified_gmt":"2022-11-18T10:00:14","slug":"bustia-del-turista","status":"publish","type":"page","link":"https:\/\/turismo.benicassim.es\/va\/bustia-del-turista\/","title":{"rendered":"B\u00fastia del turista"},"content":{"rendered":"<p>[vc_row full_width=&#8221;stretch_row&#8221; el_class=&#8221;breadcrumb-container banner letra-montserrat&#8221;][vc_column]<div class=\"my-breadcrumb\" style=\"display:inline-block;\"><a href=\"https:\/\/turismo.benicassim.es\/va\/\" class=\"link-color-2\">Inici<\/a> \/ <span>B\u00fastia del turista<\/span><\/div>[\/vc_column][\/vc_row][vc_row full_width=&#8221;stretch_row_content_no_spaces&#8221; el_class=&#8221;contacto_page buzon_turista&#8221; css=&#8221;.vc_custom_1615207173619{background-image: url(https:\/\/turismo.benicassim.es\/wp-content\/uploads\/2021\/03\/oficina_turismo_torreon.png?id=39014) !important;background-position: center !important;background-repeat: no-repeat !important;background-size: cover !important;}&#8221;][vc_column width=&#8221;1\/4&#8243;][\/vc_column][vc_column width=&#8221;1\/2&#8243; el_class=&#8221;info&#8221;][vc_custom_heading text=&#8221;Tens algun suggeriment? Esta es la teua B\u00fastia del Turista&#8221; font_container=&#8221;tag:h1|font_size:45|text_align:center|line_height:1%2C5&#8243;][vc_column_text el_class=&#8221;subtitulo&#8221;]Posa&#8217;t en contacte amb nosaltres per a aportar suggeriments o realitzar qualsevol sol\u00b7licitud d&#8217;informaci\u00f3 que necessites.[\/vc_column_text]<form id=\"solicita_informacion\"><div id=\"mensaje_solicitud\"><\/div><input name=\"nombre\" type=\"text\" placeholder=\"El teu nom\"><input name=\"email\" type=\"text\" placeholder=\"Email\"><textarea name=\"consulta\" placeholder=\"Escriu ac\u00ed el teu missatge :)\"><\/textarea><p><input type=\"checkbox\" name=\"acepto\"> Accepte el <a href=\"https:\/\/turismo.benicassim.es\/va\/bustia-del-turista\/\" target=\"_blank\">av\u00eds legal<\/a> y la <a href=\"https:\/\/turismo.benicassim.es\/va\/bustia-del-turista\/\" target=\"_blank\">pol\u00edtica de privacitat<\/a><\/a><\/p><p id=\"boton_enviar\"><input type=\"submit\" value=\"Enviar\"><\/p><\/form>[\/vc_column][vc_column width=&#8221;1\/4&#8243;][\/vc_column][\/vc_row]<\/p>\n","protected":false},"excerpt":{"rendered":"<p>[vc_row full_width=&#8221;stretch_row&#8221; el_class=&#8221;breadcrumb-container banner letra-montserrat&#8221;][vc_column][\/vc_column][\/vc_row][vc_row full_width=&#8221;stretch_row_content_no_spaces&#8221; el_class=&#8221;contacto_page buzon_turista&#8221; css=&#8221;.vc_custom_1615207173619{background-image: url(https:\/\/turismo.benicassim.es\/wp-content\/uploads\/2021\/03\/oficina_turismo_torreon.png?id=39014) !important;background-position: center !important;background-repeat: no-repeat !important;background-size: cover !important;}&#8221;][vc_column width=&#8221;1\/4&#8243;][\/vc_column][vc_column width=&#8221;1\/2&#8243; el_class=&#8221;info&#8221;][vc_custom_heading text=&#8221;Tens algun suggeriment? Esta es la teua B\u00fastia del Turista&#8221; font_container=&#8221;tag:h1|font_size:45|text_align:center|line_height:1%2C5&#8243;][vc_column_text el_class=&#8221;subtitulo&#8221;]Posa&#8217;t en contacte amb nosaltres per a aportar suggeriments o realitzar qualsevol sol\u00b7licitud d&#8217;informaci\u00f3 que necessites.[\/vc_column_text][\/vc_column][vc_column width=&#8221;1\/4&#8243;][\/vc_column][\/vc_row]<\/p>\n","protected":false},"author":1,"featured_media":0,"parent":0,"menu_order":0,"comment_status":"closed","ping_status":"closed","template":"","meta":{"_acf_changed":false,"footnotes":""},"class_list":["post-39465","page","type-page","status-publish","hentry"],"acf":[],"yoast_head":"<!-- This site is optimized with the Yoast SEO plugin v27.1.1 - https:\/\/yoast.com\/product\/yoast-seo-wordpress\/ -->\n<title>Suggeriments i Contacte - Benic\u00e0ssim Turisme<\/title>\n<meta name=\"description\" content=\"Tens algun suggeriment, queixa o necessites informaci\u00f3 sobre algun assumpte? Contacta ac\u00ed a l&#039;oficina de Turisme Benic\u00e0ssim.\" \/>\n<meta name=\"robots\" content=\"index, follow, max-snippet:-1, max-image-preview:large, max-video-preview:-1\" \/>\n<link rel=\"canonical\" href=\"https:\/\/turismo.benicassim.es\/va\/bustia-del-turista\/\" \/>\n<meta property=\"og:locale\" content=\"en_US\" \/>\n<meta property=\"og:type\" content=\"article\" \/>\n<meta property=\"og:title\" content=\"Suggeriments i Contacte - Benic\u00e0ssim Turisme\" \/>\n<meta property=\"og:description\" content=\"Tens algun suggeriment, queixa o necessites informaci\u00f3 sobre algun assumpte? Contacta ac\u00ed a l&#039;oficina de Turisme Benic\u00e0ssim.\" \/>\n<meta property=\"og:url\" content=\"https:\/\/turismo.benicassim.es\/va\/bustia-del-turista\/\" \/>\n<meta property=\"og:site_name\" content=\"Benic\u00e0ssim Turismo\" \/>\n<meta property=\"article:modified_time\" content=\"2022-11-18T10:00:14+00:00\" \/>\n<meta name=\"twitter:card\" content=\"summary_large_image\" \/>\n<meta name=\"twitter:label1\" content=\"Est. reading time\" \/>\n\t<meta name=\"twitter:data1\" content=\"1 minute\" \/>\n<script type=\"application\/ld+json\" class=\"yoast-schema-graph\">{\"@context\":\"https:\/\/schema.org\",\"@graph\":[{\"@type\":\"WebPage\",\"@id\":\"https:\/\/turismo.benicassim.es\/va\/bustia-del-turista\/\",\"url\":\"https:\/\/turismo.benicassim.es\/va\/bustia-del-turista\/\",\"name\":\"Suggeriments i Contacte - Benic\u00e0ssim Turisme\",\"isPartOf\":{\"@id\":\"https:\/\/turismo.benicassim.es\/va\/#website\"},\"datePublished\":\"2021-03-15T14:39:50+00:00\",\"dateModified\":\"2022-11-18T10:00:14+00:00\",\"description\":\"Tens algun suggeriment, queixa o necessites informaci\u00f3 sobre algun assumpte? Contacta ac\u00ed a l'oficina de Turisme Benic\u00e0ssim.\",\"breadcrumb\":{\"@id\":\"https:\/\/turismo.benicassim.es\/va\/bustia-del-turista\/#breadcrumb\"},\"inLanguage\":\"ca-CA\",\"potentialAction\":[{\"@type\":\"ReadAction\",\"target\":[\"https:\/\/turismo.benicassim.es\/va\/bustia-del-turista\/\"]}]},{\"@type\":\"BreadcrumbList\",\"@id\":\"https:\/\/turismo.benicassim.es\/va\/bustia-del-turista\/#breadcrumb\",\"itemListElement\":[{\"@type\":\"ListItem\",\"position\":1,\"name\":\"Inicio\",\"item\":\"https:\/\/turismo.benicassim.es\/va\/\"},{\"@type\":\"ListItem\",\"position\":2,\"name\":\"B\u00fastia del turista\"}]},{\"@type\":\"WebSite\",\"@id\":\"https:\/\/turismo.benicassim.es\/va\/#website\",\"url\":\"https:\/\/turismo.benicassim.es\/va\/\",\"name\":\"Benic\u00e0ssim Turismo\",\"description\":\"Web de informaci\u00f3n de Turismo en Benicasim\",\"potentialAction\":[{\"@type\":\"SearchAction\",\"target\":{\"@type\":\"EntryPoint\",\"urlTemplate\":\"https:\/\/turismo.benicassim.es\/va\/?s={search_term_string}\"},\"query-input\":{\"@type\":\"PropertyValueSpecification\",\"valueRequired\":true,\"valueName\":\"search_term_string\"}}],\"inLanguage\":\"ca-CA\"}]}<\/script>\n<!-- \/ Yoast SEO plugin. -->","yoast_head_json":{"title":"Suggeriments i Contacte - Benic\u00e0ssim Turisme","description":"Tens algun suggeriment, queixa o necessites informaci\u00f3 sobre algun assumpte? Contacta ac\u00ed a l'oficina de Turisme Benic\u00e0ssim.","robots":{"index":"index","follow":"follow","max-snippet":"max-snippet:-1","max-image-preview":"max-image-preview:large","max-video-preview":"max-video-preview:-1"},"canonical":"https:\/\/turismo.benicassim.es\/va\/bustia-del-turista\/","og_locale":"en_US","og_type":"article","og_title":"Suggeriments i Contacte - Benic\u00e0ssim Turisme","og_description":"Tens algun suggeriment, queixa o necessites informaci\u00f3 sobre algun assumpte? Contacta ac\u00ed a l'oficina de Turisme Benic\u00e0ssim.","og_url":"https:\/\/turismo.benicassim.es\/va\/bustia-del-turista\/","og_site_name":"Benic\u00e0ssim Turismo","article_modified_time":"2022-11-18T10:00:14+00:00","twitter_card":"summary_large_image","twitter_misc":{"Est. reading time":"1 minute"},"schema":{"@context":"https:\/\/schema.org","@graph":[{"@type":"WebPage","@id":"https:\/\/turismo.benicassim.es\/va\/bustia-del-turista\/","url":"https:\/\/turismo.benicassim.es\/va\/bustia-del-turista\/","name":"Suggeriments i Contacte - Benic\u00e0ssim Turisme","isPartOf":{"@id":"https:\/\/turismo.benicassim.es\/va\/#website"},"datePublished":"2021-03-15T14:39:50+00:00","dateModified":"2022-11-18T10:00:14+00:00","description":"Tens algun suggeriment, queixa o necessites informaci\u00f3 sobre algun assumpte? Contacta ac\u00ed a l'oficina de Turisme Benic\u00e0ssim.","breadcrumb":{"@id":"https:\/\/turismo.benicassim.es\/va\/bustia-del-turista\/#breadcrumb"},"inLanguage":"ca-CA","potentialAction":[{"@type":"ReadAction","target":["https:\/\/turismo.benicassim.es\/va\/bustia-del-turista\/"]}]},{"@type":"BreadcrumbList","@id":"https:\/\/turismo.benicassim.es\/va\/bustia-del-turista\/#breadcrumb","itemListElement":[{"@type":"ListItem","position":1,"name":"Inicio","item":"https:\/\/turismo.benicassim.es\/va\/"},{"@type":"ListItem","position":2,"name":"B\u00fastia del turista"}]},{"@type":"WebSite","@id":"https:\/\/turismo.benicassim.es\/va\/#website","url":"https:\/\/turismo.benicassim.es\/va\/","name":"Benic\u00e0ssim Turismo","description":"Web de informaci\u00f3n de Turismo en Benicasim","potentialAction":[{"@type":"SearchAction","target":{"@type":"EntryPoint","urlTemplate":"https:\/\/turismo.benicassim.es\/va\/?s={search_term_string}"},"query-input":{"@type":"PropertyValueSpecification","valueRequired":true,"valueName":"search_term_string"}}],"inLanguage":"ca-CA"}]}},"_links":{"self":[{"href":"https:\/\/turismo.benicassim.es\/va\/wp-json\/wp\/v2\/pages\/39465","targetHints":{"allow":["GET"]}}],"collection":[{"href":"https:\/\/turismo.benicassim.es\/va\/wp-json\/wp\/v2\/pages"}],"about":[{"href":"https:\/\/turismo.benicassim.es\/va\/wp-json\/wp\/v2\/types\/page"}],"author":[{"embeddable":true,"href":"https:\/\/turismo.benicassim.es\/va\/wp-json\/wp\/v2\/users\/1"}],"replies":[{"embeddable":true,"href":"https:\/\/turismo.benicassim.es\/va\/wp-json\/wp\/v2\/comments?post=39465"}],"version-history":[{"count":3,"href":"https:\/\/turismo.benicassim.es\/va\/wp-json\/wp\/v2\/pages\/39465\/revisions"}],"predecessor-version":[{"id":68796,"href":"https:\/\/turismo.benicassim.es\/va\/wp-json\/wp\/v2\/pages\/39465\/revisions\/68796"}],"wp:attachment":[{"href":"https:\/\/turismo.benicassim.es\/va\/wp-json\/wp\/v2\/media?parent=39465"}],"curies":[{"name":"wp","href":"https:\/\/api.w.org\/{rel}","templated":true}]}}