{"id":39471,"date":"2021-03-15T14:57:46","date_gmt":"2021-03-15T14:57:46","guid":{"rendered":"http:\/\/bturismo.atic.green\/?page_id=39471"},"modified":"2022-11-30T10:43:23","modified_gmt":"2022-11-30T09:43:23","slug":"contacte","status":"publish","type":"page","link":"https:\/\/turismo.benicassim.es\/va\/contacte\/","title":{"rendered":"Contacte"},"content":{"rendered":"<p>[vc_row full_width=&#8221;stretch_row_content_no_spaces&#8221; el_class=&#8221;contacto_page&#8221;][vc_column width=&#8221;1\/2&#8243;][vc_gmaps link=&#8221;#E-8_JTNDaWZyYW1lJTIwc3JjJTNEJTIyaHR0cHMlM0ElMkYlMkZ3d3cuZ29vZ2xlLmNvbSUyRm1hcHMlMkZlbWJlZCUzRnBiJTNEJTIxMW0xOCUyMTFtMTIlMjExbTMlMjExZDI0NDM3LjQwMzY2MDg1OTMxMiUyMTJkMC4wMzk3NTMxMjc4ODYxMjIxNyUyMTNkNDAuMDM4MDI0ODM5MjQyMzMlMjEybTMlMjExZjAlMjEyZjAlMjEzZjAlMjEzbTIlMjExaTEwMjQlMjEyaTc2OCUyMTRmMTMuMSUyMTNtMyUyMTFtMiUyMTFzMHgxMmEwMDE0ZmI1ZjUxNDlmJTI1M0EweDk2NzAwYmMwNTIwZmU0N2IlMjEyczEyNTYwJTI1MjBCZW5pY2FzaW0lMjUyQyUyNTIwQ2FzdGVsbCUyNUMzJTI1QjNuJTI1MkMlMjUyMEVzcGElMjVDMyUyNUIxYSUyMTVlMCUyMTNtMiUyMTFzZXMlMjEyc3VzJTIxNHYxNjEyOTQyNTAzMTM4JTIxNW0yJTIxMXNlcyUyMTJzdXMlMjIlMjB3aWR0aCUzRCUyMjYwMCUyMiUyMGhlaWdodCUzRCUyMjcwMCUyMiUyMGZyYW1lYm9yZGVyJTNEJTIyMCUyMiUyMHN0eWxlJTNEJTIyYm9yZGVyJTNBMCUzQiUyMiUyMGFsbG93ZnVsbHNjcmVlbiUzRCUyMiUyMiUyMGFyaWEtaGlkZGVuJTNEJTIyZmFsc2UlMjIlMjB0YWJpbmRleCUzRCUyMjAlMjIlM0UlM0MlMkZpZnJhbWUlM0U=&#8221;][\/vc_column][vc_column width=&#8221;1\/2&#8243; el_class=&#8221;info&#8221;][vc_column_text el_class=&#8221;titulo&#8221;]<\/p>\n<h1>Contacte amb Benic\u00e0ssim Turisme<\/h1>\n<p>[\/vc_column_text][vc_column_text el_class=&#8221;titulo&#8221;]<\/p>\n<h2>Necessites informaci\u00f3?<\/h2>\n<p>[\/vc_column_text][vc_column_text el_class=&#8221;letra-montserrat subtitulo&#8221;]<\/p>\n<p align=\"justify\">Estem a la teua sencera disposici\u00f3 per a resoldre els teus dubtes al m\u00e9s prompte possible. Envia&#8217;ns la teua consulta o missatge emplenant el seg\u00fcent formulari.<\/p>\n<p>[\/vc_column_text][vc_column_text el_class=&#8221;subtitulo&#8221;]Posa&#8217;t en contacte amb nosaltres[\/vc_column_text]<div class=\"iconos_redes_sociales\"><\/div><form id=\"solicita_informacion\"><div id=\"mensaje_solicitud\"><\/div><input name=\"nombre\" type=\"text\" placeholder=\"El teu nom\"><input name=\"email\" type=\"text\" placeholder=\"Email\"><textarea name=\"consulta\" placeholder=\"Escriu ac\u00ed el teu missatge :)\"><\/textarea><p><input type=\"checkbox\" name=\"acepto\"> Accepte el <a href=\"https:\/\/turismo.benicassim.es\/va\/contacte\/\" target=\"_blank\">av\u00eds legal<\/a> y la <a href=\"https:\/\/turismo.benicassim.es\/va\/contacte\/\" target=\"_blank\">pol\u00edtica de privacitat<\/a><\/a><\/p><p id=\"boton_enviar\"><input type=\"submit\" value=\"Enviar\"><\/p><\/form>[\/vc_column][\/vc_row][vc_row full_width=&#8221;stretch_row&#8221; el_class=&#8221;contacto_page_bottom&#8221; css=&#8221;.vc_custom_1612957047368{background: #ffffff url(https:\/\/turismo.benicassim.es\/wp-content\/uploads\/2020\/12\/bg-turismo.png?id=259) !important;background-position: center !important;background-repeat: no-repeat !important;background-size: cover !important;}&#8221;][vc_column][vc_column_text el_class=&#8221;titulo&#8221;]Tamb\u00e9 et pot interesar&#8230;[\/vc_column_text][vc_row_inner][vc_column_inner width=&#8221;1\/3&#8243;][vc_raw_html]JTNDYSUyMGhyZWYlM0QlMjIlMkZ2YSUyRmRlc2N1YnJlLWJlbmljYXNzaW0lMkYlMjIlM0UlMEElM0NkaXYlMjBjbGFzcyUzRCUyMmludGVyZXNfY29udGFjdG8lMjIlMjBzdHlsZSUzRCUyMmJhY2tncm91bmQtaW1hZ2UlM0ElMjBsaW5lYXItZ3JhZGllbnQlMjh0byUyMHJpZ2h0JTJDJTIwcmdiJTI4NDUlMkM3NCUyQzk5JTJDJTIwLjU1JTI5JTJDJTIwcmdiJTI4NDUlMkM3NCUyQzk5JTJDJTIwLjU1JTI5JTI5JTJDJTBBJTA5dXJsJTI4JTI3JTJGd3AtY29udGVudCUyRnVwbG9hZHMlMkYyMDIxJTJGMDIlMkZpbmZvLmpwZyUyNyUyOSUzQiUyMGJhY2tncm91bmQtcmVwZWF0JTNBbm8tcmVwZWF0JTNCJTIwYmFja2dyb3VuZC1zaXplJTNBY292ZXIlM0IlMjIlM0UlMEElM0NwJTIwY2xhc3MlM0QlMjJ0aXR1bG8lMjIlM0VEZXNjb2JyZWl4JTIwQmVuaWMlQzMlQTBzc2ltJTNDJTJGcCUzRSUwQSUzQyUyRmRpdiUzRSUwQSUzQyUyRmElM0U=[\/vc_raw_html][\/vc_column_inner][vc_column_inner width=&#8221;1\/3&#8243;][vc_raw_html]JTNDYSUyMGhyZWYlM0QlMjIlMkZ2YSUyRm9uLWVzdGEtYmVuaWNhc3NpbSUyRiUyMiUzRSUwQSUzQ2RpdiUyMGNsYXNzJTNEJTIyaW50ZXJlc19jb250YWN0byUyMiUyMHN0eWxlJTNEJTIyYmFja2dyb3VuZC1pbWFnZSUzQSUyMGxpbmVhci1ncmFkaWVudCUyOHRvJTIwcmlnaHQlMkMlMjByZ2IlMjg0NSUyQzc0JTJDOTklMkMlMjAuNTUlMjklMkMlMjByZ2IlMjg0NSUyQzc0JTJDOTklMkMlMjAuNTUlMjklMjklMkMlMEElMDl1cmwlMjglMjclMkZ3cC1jb250ZW50JTJGdXBsb2FkcyUyRjIwMjElMkYwMiUyRm1hcC5qcGclMjclMjklM0IlMjBiYWNrZ3JvdW5kLXJlcGVhdCUzQW5vLXJlcGVhdCUzQiUyMGJhY2tncm91bmQtc2l6ZSUzQWNvdmVyJTNCJTIyJTNFJTBBJTNDcCUyMGNsYXNzJTNEJTIydGl0dWxvJTIyJTNFTWFwZXMlMjBpJTIwYWNjZXNzb3MlM0MlMkZwJTNFJTBBJTNDJTJGZGl2JTNFJTBBJTNDJTJGYSUzRQ==[\/vc_raw_html][\/vc_column_inner][vc_column_inner width=&#8221;1\/3&#8243;][vc_raw_html]JTNDYSUyMGhyZWYlM0QlMjIlMkZ2YSUyRmJ1c3RpYS1kZWwtdHVyaXN0YSUyRiUyMiUzRSUwQSUzQ2RpdiUyMGNsYXNzJTNEJTIyaW50ZXJlc19jb250YWN0byUyMiUyMHN0eWxlJTNEJTIyYmFja2dyb3VuZC1pbWFnZSUzQSUyMGxpbmVhci1ncmFkaWVudCUyOHRvJTIwcmlnaHQlMkMlMjByZ2IlMjg0NSUyQzc0JTJDOTklMkMlMjAuNTUlMjklMkMlMjByZ2IlMjg0NSUyQzc0JTJDOTklMkMlMjAuNTUlMjklMjklMkMlMEElMDl1cmwlMjglMjclMkZ3cC1jb250ZW50JTJGdXBsb2FkcyUyRjIwMjElMkYwMiUyRlBhc2VvLU1hcml0aW1vLUJlbmljYXNpbS5qcGclMjclMjklM0IlMjBiYWNrZ3JvdW5kLXJlcGVhdCUzQW5vLXJlcGVhdCUzQiUyMGJhY2tncm91bmQtc2l6ZSUzQWNvdmVyJTNCJTIyJTNFJTBBJTNDcCUyMGNsYXNzJTNEJTIydGl0dWxvJTIyJTNFQiVDMyVCQXN0aWElMjBkZWwlMjB0dXJpc3RhJTNDJTJGcCUzRSUwQSUzQyUyRmRpdiUzRSUwQSUzQyUyRmElM0U=[\/vc_raw_html][\/vc_column_inner][\/vc_row_inner][\/vc_column][\/vc_row]<\/p>\n","protected":false},"excerpt":{"rendered":"<p>[vc_row full_width=&#8221;stretch_row_content_no_spaces&#8221; el_class=&#8221;contacto_page&#8221;][vc_column width=&#8221;1\/2&#8243;][vc_gmaps link=&#8221;#E-8_JTNDaWZyYW1lJTIwc3JjJTNEJTIyaHR0cHMlM0ElMkYlMkZ3d3cuZ29vZ2xlLmNvbSUyRm1hcHMlMkZlbWJlZCUzRnBiJTNEJTIxMW0xOCUyMTFtMTIlMjExbTMlMjExZDI0NDM3LjQwMzY2MDg1OTMxMiUyMTJkMC4wMzk3NTMxMjc4ODYxMjIxNyUyMTNkNDAuMDM4MDI0ODM5MjQyMzMlMjEybTMlMjExZjAlMjEyZjAlMjEzZjAlMjEzbTIlMjExaTEwMjQlMjEyaTc2OCUyMTRmMTMuMSUyMTNtMyUyMTFtMiUyMTFzMHgxMmEwMDE0ZmI1ZjUxNDlmJTI1M0EweDk2NzAwYmMwNTIwZmU0N2IlMjEyczEyNTYwJTI1MjBCZW5pY2FzaW0lMjUyQyUyNTIwQ2FzdGVsbCUyNUMzJTI1QjNuJTI1MkMlMjUyMEVzcGElMjVDMyUyNUIxYSUyMTVlMCUyMTNtMiUyMTFzZXMlMjEyc3VzJTIxNHYxNjEyOTQyNTAzMTM4JTIxNW0yJTIxMXNlcyUyMTJzdXMlMjIlMjB3aWR0aCUzRCUyMjYwMCUyMiUyMGhlaWdodCUzRCUyMjcwMCUyMiUyMGZyYW1lYm9yZGVyJTNEJTIyMCUyMiUyMHN0eWxlJTNEJTIyYm9yZGVyJTNBMCUzQiUyMiUyMGFsbG93ZnVsbHNjcmVlbiUzRCUyMiUyMiUyMGFyaWEtaGlkZGVuJTNEJTIyZmFsc2UlMjIlMjB0YWJpbmRleCUzRCUyMjAlMjIlM0UlM0MlMkZpZnJhbWUlM0U=&#8221;][\/vc_column][vc_column width=&#8221;1\/2&#8243; el_class=&#8221;info&#8221;][vc_column_text el_class=&#8221;titulo&#8221;] Contacte amb Benic\u00e0ssim Turisme [\/vc_column_text][vc_column_text el_class=&#8221;titulo&#8221;] Necessites informaci\u00f3? [\/vc_column_text][vc_column_text el_class=&#8221;letra-montserrat subtitulo&#8221;] Estem a la teua sencera disposici\u00f3 per a resoldre els teus dubtes al m\u00e9s prompte possible. Envia&#8217;ns la teua consulta o missatge emplenant el seg\u00fcent formulari. [\/vc_column_text][vc_column_text el_class=&#8221;subtitulo&#8221;]Posa&#8217;t en contacte amb nosaltres[\/vc_column_text][\/vc_column][\/vc_row][vc_row full_width=&#8221;stretch_row&#8221; el_class=&#8221;contacto_page_bottom&#8221; css=&#8221;.vc_custom_1612957047368{background: #ffffff [&hellip;]<\/p>\n","protected":false},"author":1,"featured_media":0,"parent":0,"menu_order":0,"comment_status":"closed","ping_status":"closed","template":"","meta":{"_acf_changed":false,"footnotes":""},"class_list":["post-39471","page","type-page","status-publish","hentry"],"acf":[],"yoast_head":"<!-- This site is optimized with the Yoast SEO plugin v27.4 - https:\/\/yoast.com\/product\/yoast-seo-wordpress\/ -->\n<title>Contactar amb Benic\u00e0ssim Turisme<\/title>\n<meta name=\"description\" content=\"Formulari de contacte amb l&#039;oficina de Benic\u00e0ssim Turisme. Estem a la teua sencera disposici\u00f3 per a resoldre els teus dubtes.\" \/>\n<meta name=\"robots\" content=\"index, follow, max-snippet:-1, max-image-preview:large, max-video-preview:-1\" \/>\n<link rel=\"canonical\" href=\"https:\/\/turismo.benicassim.es\/va\/contacte\/\" \/>\n<meta property=\"og:locale\" content=\"en_US\" \/>\n<meta property=\"og:type\" content=\"article\" \/>\n<meta property=\"og:title\" content=\"Contactar amb Benic\u00e0ssim Turisme\" \/>\n<meta property=\"og:description\" content=\"Formulari de contacte amb l&#039;oficina de Benic\u00e0ssim Turisme. Estem a la teua sencera disposici\u00f3 per a resoldre els teus dubtes.\" \/>\n<meta property=\"og:url\" content=\"https:\/\/turismo.benicassim.es\/va\/contacte\/\" \/>\n<meta property=\"og:site_name\" content=\"Benic\u00e0ssim Turismo\" \/>\n<meta property=\"article:modified_time\" content=\"2022-11-30T09:43:23+00:00\" \/>\n<meta name=\"twitter:card\" content=\"summary_large_image\" \/>\n<meta name=\"twitter:label1\" content=\"Est. reading time\" \/>\n\t<meta name=\"twitter:data1\" content=\"1 minute\" \/>\n<script type=\"application\/ld+json\" class=\"yoast-schema-graph\">{\"@context\":\"https:\\\/\\\/schema.org\",\"@graph\":[{\"@type\":\"WebPage\",\"@id\":\"https:\\\/\\\/turismo.benicassim.es\\\/va\\\/contacte\\\/\",\"url\":\"https:\\\/\\\/turismo.benicassim.es\\\/va\\\/contacte\\\/\",\"name\":\"Contactar amb Benic\u00e0ssim Turisme\",\"isPartOf\":{\"@id\":\"https:\\\/\\\/turismo.benicassim.es\\\/va\\\/#website\"},\"datePublished\":\"2021-03-15T14:57:46+00:00\",\"dateModified\":\"2022-11-30T09:43:23+00:00\",\"description\":\"Formulari de contacte amb l'oficina de Benic\u00e0ssim Turisme. Estem a la teua sencera disposici\u00f3 per a resoldre els teus dubtes.\",\"breadcrumb\":{\"@id\":\"https:\\\/\\\/turismo.benicassim.es\\\/va\\\/contacte\\\/#breadcrumb\"},\"inLanguage\":\"ca-CA\",\"potentialAction\":[{\"@type\":\"ReadAction\",\"target\":[\"https:\\\/\\\/turismo.benicassim.es\\\/va\\\/contacte\\\/\"]}]},{\"@type\":\"BreadcrumbList\",\"@id\":\"https:\\\/\\\/turismo.benicassim.es\\\/va\\\/contacte\\\/#breadcrumb\",\"itemListElement\":[{\"@type\":\"ListItem\",\"position\":1,\"name\":\"Inicio\",\"item\":\"https:\\\/\\\/turismo.benicassim.es\\\/va\\\/\"},{\"@type\":\"ListItem\",\"position\":2,\"name\":\"Contacte\"}]},{\"@type\":\"WebSite\",\"@id\":\"https:\\\/\\\/turismo.benicassim.es\\\/va\\\/#website\",\"url\":\"https:\\\/\\\/turismo.benicassim.es\\\/va\\\/\",\"name\":\"Benic\u00e0ssim Turismo\",\"description\":\"Web de informaci\u00f3n de Turismo en Benicasim\",\"potentialAction\":[{\"@type\":\"SearchAction\",\"target\":{\"@type\":\"EntryPoint\",\"urlTemplate\":\"https:\\\/\\\/turismo.benicassim.es\\\/va\\\/?s={search_term_string}\"},\"query-input\":{\"@type\":\"PropertyValueSpecification\",\"valueRequired\":true,\"valueName\":\"search_term_string\"}}],\"inLanguage\":\"ca-CA\"}]}<\/script>\n<!-- \/ Yoast SEO plugin. -->","yoast_head_json":{"title":"Contactar amb Benic\u00e0ssim Turisme","description":"Formulari de contacte amb l'oficina de Benic\u00e0ssim Turisme. Estem a la teua sencera disposici\u00f3 per a resoldre els teus dubtes.","robots":{"index":"index","follow":"follow","max-snippet":"max-snippet:-1","max-image-preview":"max-image-preview:large","max-video-preview":"max-video-preview:-1"},"canonical":"https:\/\/turismo.benicassim.es\/va\/contacte\/","og_locale":"en_US","og_type":"article","og_title":"Contactar amb Benic\u00e0ssim Turisme","og_description":"Formulari de contacte amb l'oficina de Benic\u00e0ssim Turisme. Estem a la teua sencera disposici\u00f3 per a resoldre els teus dubtes.","og_url":"https:\/\/turismo.benicassim.es\/va\/contacte\/","og_site_name":"Benic\u00e0ssim Turismo","article_modified_time":"2022-11-30T09:43:23+00:00","twitter_card":"summary_large_image","twitter_misc":{"Est. reading time":"1 minute"},"schema":{"@context":"https:\/\/schema.org","@graph":[{"@type":"WebPage","@id":"https:\/\/turismo.benicassim.es\/va\/contacte\/","url":"https:\/\/turismo.benicassim.es\/va\/contacte\/","name":"Contactar amb Benic\u00e0ssim Turisme","isPartOf":{"@id":"https:\/\/turismo.benicassim.es\/va\/#website"},"datePublished":"2021-03-15T14:57:46+00:00","dateModified":"2022-11-30T09:43:23+00:00","description":"Formulari de contacte amb l'oficina de Benic\u00e0ssim Turisme. Estem a la teua sencera disposici\u00f3 per a resoldre els teus dubtes.","breadcrumb":{"@id":"https:\/\/turismo.benicassim.es\/va\/contacte\/#breadcrumb"},"inLanguage":"ca-CA","potentialAction":[{"@type":"ReadAction","target":["https:\/\/turismo.benicassim.es\/va\/contacte\/"]}]},{"@type":"BreadcrumbList","@id":"https:\/\/turismo.benicassim.es\/va\/contacte\/#breadcrumb","itemListElement":[{"@type":"ListItem","position":1,"name":"Inicio","item":"https:\/\/turismo.benicassim.es\/va\/"},{"@type":"ListItem","position":2,"name":"Contacte"}]},{"@type":"WebSite","@id":"https:\/\/turismo.benicassim.es\/va\/#website","url":"https:\/\/turismo.benicassim.es\/va\/","name":"Benic\u00e0ssim Turismo","description":"Web de informaci\u00f3n de Turismo en Benicasim","potentialAction":[{"@type":"SearchAction","target":{"@type":"EntryPoint","urlTemplate":"https:\/\/turismo.benicassim.es\/va\/?s={search_term_string}"},"query-input":{"@type":"PropertyValueSpecification","valueRequired":true,"valueName":"search_term_string"}}],"inLanguage":"ca-CA"}]}},"_links":{"self":[{"href":"https:\/\/turismo.benicassim.es\/va\/wp-json\/wp\/v2\/pages\/39471","targetHints":{"allow":["GET"]}}],"collection":[{"href":"https:\/\/turismo.benicassim.es\/va\/wp-json\/wp\/v2\/pages"}],"about":[{"href":"https:\/\/turismo.benicassim.es\/va\/wp-json\/wp\/v2\/types\/page"}],"author":[{"embeddable":true,"href":"https:\/\/turismo.benicassim.es\/va\/wp-json\/wp\/v2\/users\/1"}],"replies":[{"embeddable":true,"href":"https:\/\/turismo.benicassim.es\/va\/wp-json\/wp\/v2\/comments?post=39471"}],"version-history":[{"count":7,"href":"https:\/\/turismo.benicassim.es\/va\/wp-json\/wp\/v2\/pages\/39471\/revisions"}],"predecessor-version":[{"id":68996,"href":"https:\/\/turismo.benicassim.es\/va\/wp-json\/wp\/v2\/pages\/39471\/revisions\/68996"}],"wp:attachment":[{"href":"https:\/\/turismo.benicassim.es\/va\/wp-json\/wp\/v2\/media?parent=39471"}],"curies":[{"name":"wp","href":"https:\/\/api.w.org\/{rel}","templated":true}]}}