{"id":39527,"date":"2021-03-15T16:43:40","date_gmt":"2021-03-15T16:43:40","guid":{"rendered":"http:\/\/bturismo.atic.green\/?page_id=39527"},"modified":"2021-05-04T11:38:17","modified_gmt":"2021-05-04T11:38:17","slug":"iso-14001-platges-de-benicassim","status":"publish","type":"page","link":"https:\/\/turismo.benicassim.es\/va\/descubre-benicassim\/iso-14001-platges-de-benicassim\/","title":{"rendered":"ISO 14001 &#8211; Platges de Benic\u00e0ssim"},"content":{"rendered":"<p>[vc_row el_class=&#8221;titulo-excelente&#8221;][vc_column][vc_column_text el_class=&#8221;titulo letra-antonio&#8221;]<\/p>\n<h1 style=\"text-align: center;\">ISO 14001 &#8211; Platges de Benic\u00e0ssim<\/h1>\n<p>[\/vc_column_text][\/vc_column][\/vc_row][vc_row el_class=&#8221;bloque-excelente&#8221;][vc_column width=&#8221;1\/6&#8243;][vc_empty_space height=&#8221;30px&#8221;][vc_single_image image=&#8221;27551&#8243; img_size=&#8221;full&#8221; alignment=&#8221;center&#8221;][\/vc_column][vc_column width=&#8221;5\/6&#8243;][vc_column_text]Els sistemes de gesti\u00f3 ambiental estan basats en normes de refer\u00e8ncia ISO 14000, de les quals la m\u00e9s estesa \u00e9s la norma ISO 14001:2015.<\/p>\n<p>La norma ISO 14001 establix ferramentes i sistemes enfocats als processos de producci\u00f3 i servicis de qualsevol empresa o organitzaci\u00f3, i dels efectes que d&#8217;estos deriven al medi ambient. L&#8217;objectiu d&#8217;esta norma \u00e9s facilitar a les empreses metodologies adequades per a la implantaci\u00f3 d&#8217;un sistema de gesti\u00f3 ambiental.<\/p>\n<p>La norma ISO 14000 \u00e9s una norma de gesti\u00f3 ambiental que, una vegada implantada, afectar\u00e0 tots els aspectes de la gesti\u00f3 d&#8217;una organitzaci\u00f3 en les seues responsabilitats ambientals i ajudar\u00e0 a les organitzacions a tractar sistem\u00e0ticament assumptes ambientals, a fi de millorar el comportament ambiental i les oportunitats de benefici econ\u00f2mic.[\/vc_column_text][\/vc_column][vc_column][vc_column_text el_class=&#8221;letra-montserrat justify-text&#8221;]<\/p>\n<h3 style=\"text-align: justify;\">Quins beneficis oferix la norma ISO 14001:2015<\/h3>\n<p style=\"text-align: justify;\">Tindre un sistema de gesti\u00f3 ambiental certificat suposa per a l&#8217;empresa una s\u00e8rie de beneficis de mercat, econ\u00f2mics, de millora de la imatge de l&#8217;empresa i tamb\u00e9 de la seua situaci\u00f3 reglament\u00e0ria, com per exemple:<\/p>\n<ul>\n<li style=\"text-align: justify;\">L&#8217;eliminaci\u00f3 de limitacions en el desenrotllament de l&#8217;empresa en mercats internacionals (ISO 14001 \u00e9s un referencial reconegut internacionalment)<\/li>\n<li style=\"text-align: justify;\">El compliment de requisits d&#8217;algun client,<\/li>\n<li style=\"text-align: justify;\">La possibilitat de captar clients sensibles al tema ambiental<\/li>\n<li style=\"text-align: justify;\">Reducci\u00f3 del gasto en energia el\u00e8ctrica, combustibles, aigua i mat\u00e8ries primeres<\/li>\n<li style=\"text-align: justify;\">Estalvi en el tractament d&#8217;emissions, abocaments o residus per mitj\u00e0 de plans de reducci\u00f3<\/li>\n<li style=\"text-align: justify;\">La possibilitat d&#8217;obtindre m\u00e8rits (punts) en concursos p\u00fablics (en alguns casos la certificaci\u00f3 \u00e9s requisit obligatori)<\/li>\n<li style=\"text-align: justify;\">Assegurament del control i compliment del gran nombre de requisits legals relacionats amb temes ambientals<\/li>\n<li style=\"text-align: justify;\">Reducci\u00f3 de riscos mediambientals, la qual cosa provoca una descompte en l&#8217;import de determinats segurs.<\/li>\n<\/ul>\n<h3 style=\"text-align: justify;\">Aspectes clau de norma ISO 14001:2015<\/h3>\n<p style=\"text-align: justify;\">&#8211; La Norma ISO 14001 establix mecanismes de seguiment i mesurament de les operacions i activitats que puguen tindre un impacte significatiu en l&#8217;ambient.<\/p>\n<p style=\"text-align: justify;\">&#8211; El sistema de gesti\u00f3 ambiental ha de proporcionar una sistem\u00e0tica de treball estandarditzada orientada a obtindre els resultats ambientals planificats. S&#8217;ha d&#8217;evitar que el sistema de gesti\u00f3 supose una c\u00e0rrega addicional de treball. Simplement, ha de formar part de la pauta de treball habitual de l&#8217;empresa.<\/p>\n<p style=\"text-align: justify;\">&#8211; L&#8217;organitzaci\u00f3 ha d&#8217;assignar a un membre de l&#8217;empresa el lloc de responsable de medi ambient, les responsabilitats del qual seran les d&#8217;implantar i mantindre la norma ISO 14001.<\/p>\n<p style=\"text-align: justify;\"><strong>Totes les platges de Benic\u00e0ssim tenen la certificaci\u00f3 ISO 14001:2015<\/strong><\/p>\n<p style=\"text-align: justify;\">&#8211; <a title=\"- Certificado ISO 14001 Playas de Benic\u00e0ssim\" href=\"https:\/\/turismo.benicassim.es\/wp-content\/uploads\/2021\/02\/59b909e84d245_certificado_iso14001_playas_2016.pdf\" target=\"_blank\" rel=\"noopener noreferrer\">Certificat ISO 14001 Platges de Benic\u00e0ssim<\/a><\/p>\n<p>[\/vc_column_text][\/vc_column][\/vc_row]<\/p>\n","protected":false},"excerpt":{"rendered":"<p>[vc_row el_class=&#8221;titulo-excelente&#8221;][vc_column][vc_column_text el_class=&#8221;titulo letra-antonio&#8221;] ISO 14001 &#8211; Platges de Benic\u00e0ssim [\/vc_column_text][\/vc_column][\/vc_row][vc_row el_class=&#8221;bloque-excelente&#8221;][vc_column width=&#8221;1\/6&#8243;][vc_empty_space height=&#8221;30px&#8221;][vc_single_image image=&#8221;27551&#8243; img_size=&#8221;full&#8221; alignment=&#8221;center&#8221;][\/vc_column][vc_column width=&#8221;5\/6&#8243;][vc_column_text]Els sistemes de gesti\u00f3 ambiental estan basats en normes de refer\u00e8ncia ISO 14000, de les quals la m\u00e9s estesa \u00e9s la norma ISO 14001:2015. La norma ISO 14001 establix ferramentes i sistemes enfocats als processos de producci\u00f3 i [&hellip;]<\/p>\n","protected":false},"author":1,"featured_media":42549,"parent":39498,"menu_order":0,"comment_status":"closed","ping_status":"closed","template":"","meta":{"_acf_changed":false,"footnotes":""},"class_list":["post-39527","page","type-page","status-publish","has-post-thumbnail","hentry"],"acf":[],"yoast_head":"<!-- This site is optimized with the Yoast SEO plugin v27.4 - https:\/\/yoast.com\/product\/yoast-seo-wordpress\/ -->\n<title>ISO 14001 - Platges de Benic\u00e0ssim - Benic\u00e0ssim Turismo<\/title>\n<meta name=\"robots\" content=\"index, follow, max-snippet:-1, max-image-preview:large, max-video-preview:-1\" \/>\n<link rel=\"canonical\" href=\"https:\/\/turismo.benicassim.es\/va\/descubre-benicassim\/iso-14001-platges-de-benicassim\/\" \/>\n<meta property=\"og:locale\" content=\"en_US\" \/>\n<meta property=\"og:type\" content=\"article\" \/>\n<meta property=\"og:title\" content=\"ISO 14001 - Platges de Benic\u00e0ssim - Benic\u00e0ssim Turismo\" \/>\n<meta property=\"og:description\" content=\"[vc_row el_class=&#8221;titulo-excelente&#8221;][vc_column][vc_column_text el_class=&#8221;titulo letra-antonio&#8221;] ISO 14001 &#8211; Platges de Benic\u00e0ssim [\/vc_column_text][\/vc_column][\/vc_row][vc_row el_class=&#8221;bloque-excelente&#8221;][vc_column width=&#8221;1\/6&#8243;][vc_empty_space height=&#8221;30px&#8221;][vc_single_image image=&#8221;27551&#8243; img_size=&#8221;full&#8221; alignment=&#8221;center&#8221;][\/vc_column][vc_column width=&#8221;5\/6&#8243;][vc_column_text]Els sistemes de gesti\u00f3 ambiental estan basats en normes de refer\u00e8ncia ISO 14000, de les quals la m\u00e9s estesa \u00e9s la norma ISO 14001:2015. La norma ISO 14001 establix ferramentes i sistemes enfocats als processos de producci\u00f3 i [&hellip;]\" \/>\n<meta property=\"og:url\" content=\"https:\/\/turismo.benicassim.es\/va\/descubre-benicassim\/iso-14001-platges-de-benicassim\/\" \/>\n<meta property=\"og:site_name\" content=\"Benic\u00e0ssim Turismo\" \/>\n<meta property=\"article:modified_time\" content=\"2021-05-04T11:38:17+00:00\" \/>\n<meta property=\"og:image\" content=\"https:\/\/turismo.benicassim.es\/wp-content\/uploads\/2021\/05\/aenor_completo.jpg\" \/>\n\t<meta property=\"og:image:width\" content=\"46\" \/>\n\t<meta property=\"og:image:height\" content=\"100\" \/>\n\t<meta property=\"og:image:type\" content=\"image\/jpeg\" \/>\n<meta name=\"twitter:card\" content=\"summary_large_image\" \/>\n<meta name=\"twitter:label1\" content=\"Est. reading time\" \/>\n\t<meta name=\"twitter:data1\" content=\"2 minutes\" \/>\n<script type=\"application\/ld+json\" class=\"yoast-schema-graph\">{\"@context\":\"https:\\\/\\\/schema.org\",\"@graph\":[{\"@type\":\"WebPage\",\"@id\":\"https:\\\/\\\/turismo.benicassim.es\\\/va\\\/descubre-benicassim\\\/iso-14001-platges-de-benicassim\\\/\",\"url\":\"https:\\\/\\\/turismo.benicassim.es\\\/va\\\/descubre-benicassim\\\/iso-14001-platges-de-benicassim\\\/\",\"name\":\"ISO 14001 - Platges de Benic\u00e0ssim - Benic\u00e0ssim Turismo\",\"isPartOf\":{\"@id\":\"https:\\\/\\\/turismo.benicassim.es\\\/va\\\/#website\"},\"primaryImageOfPage\":{\"@id\":\"https:\\\/\\\/turismo.benicassim.es\\\/va\\\/descubre-benicassim\\\/iso-14001-platges-de-benicassim\\\/#primaryimage\"},\"image\":{\"@id\":\"https:\\\/\\\/turismo.benicassim.es\\\/va\\\/descubre-benicassim\\\/iso-14001-platges-de-benicassim\\\/#primaryimage\"},\"thumbnailUrl\":\"https:\\\/\\\/turismo.benicassim.es\\\/wp-content\\\/uploads\\\/2021\\\/05\\\/aenor_completo.jpg\",\"datePublished\":\"2021-03-15T16:43:40+00:00\",\"dateModified\":\"2021-05-04T11:38:17+00:00\",\"breadcrumb\":{\"@id\":\"https:\\\/\\\/turismo.benicassim.es\\\/va\\\/descubre-benicassim\\\/iso-14001-platges-de-benicassim\\\/#breadcrumb\"},\"inLanguage\":\"ca-CA\",\"potentialAction\":[{\"@type\":\"ReadAction\",\"target\":[\"https:\\\/\\\/turismo.benicassim.es\\\/va\\\/descubre-benicassim\\\/iso-14001-platges-de-benicassim\\\/\"]}]},{\"@type\":\"ImageObject\",\"inLanguage\":\"ca-CA\",\"@id\":\"https:\\\/\\\/turismo.benicassim.es\\\/va\\\/descubre-benicassim\\\/iso-14001-platges-de-benicassim\\\/#primaryimage\",\"url\":\"https:\\\/\\\/turismo.benicassim.es\\\/wp-content\\\/uploads\\\/2021\\\/05\\\/aenor_completo.jpg\",\"contentUrl\":\"https:\\\/\\\/turismo.benicassim.es\\\/wp-content\\\/uploads\\\/2021\\\/05\\\/aenor_completo.jpg\",\"width\":46,\"height\":100},{\"@type\":\"BreadcrumbList\",\"@id\":\"https:\\\/\\\/turismo.benicassim.es\\\/va\\\/descubre-benicassim\\\/iso-14001-platges-de-benicassim\\\/#breadcrumb\",\"itemListElement\":[{\"@type\":\"ListItem\",\"position\":1,\"name\":\"Inicio\",\"item\":\"https:\\\/\\\/turismo.benicassim.es\\\/va\\\/\"},{\"@type\":\"ListItem\",\"position\":2,\"name\":\"Descubreix Benic\u00e0ssim\",\"item\":\"https:\\\/\\\/turismo.benicassim.es\\\/va\\\/descubre-benicassim\\\/\"},{\"@type\":\"ListItem\",\"position\":3,\"name\":\"ISO 14001 &#8211; Platges de Benic\u00e0ssim\"}]},{\"@type\":\"WebSite\",\"@id\":\"https:\\\/\\\/turismo.benicassim.es\\\/va\\\/#website\",\"url\":\"https:\\\/\\\/turismo.benicassim.es\\\/va\\\/\",\"name\":\"Benic\u00e0ssim Turismo\",\"description\":\"Web de informaci\u00f3n de Turismo en Benicasim\",\"potentialAction\":[{\"@type\":\"SearchAction\",\"target\":{\"@type\":\"EntryPoint\",\"urlTemplate\":\"https:\\\/\\\/turismo.benicassim.es\\\/va\\\/?s={search_term_string}\"},\"query-input\":{\"@type\":\"PropertyValueSpecification\",\"valueRequired\":true,\"valueName\":\"search_term_string\"}}],\"inLanguage\":\"ca-CA\"}]}<\/script>\n<!-- \/ Yoast SEO plugin. -->","yoast_head_json":{"title":"ISO 14001 - Platges de Benic\u00e0ssim - Benic\u00e0ssim Turismo","robots":{"index":"index","follow":"follow","max-snippet":"max-snippet:-1","max-image-preview":"max-image-preview:large","max-video-preview":"max-video-preview:-1"},"canonical":"https:\/\/turismo.benicassim.es\/va\/descubre-benicassim\/iso-14001-platges-de-benicassim\/","og_locale":"en_US","og_type":"article","og_title":"ISO 14001 - Platges de Benic\u00e0ssim - Benic\u00e0ssim Turismo","og_description":"[vc_row el_class=&#8221;titulo-excelente&#8221;][vc_column][vc_column_text el_class=&#8221;titulo letra-antonio&#8221;] ISO 14001 &#8211; Platges de Benic\u00e0ssim [\/vc_column_text][\/vc_column][\/vc_row][vc_row el_class=&#8221;bloque-excelente&#8221;][vc_column width=&#8221;1\/6&#8243;][vc_empty_space height=&#8221;30px&#8221;][vc_single_image image=&#8221;27551&#8243; img_size=&#8221;full&#8221; alignment=&#8221;center&#8221;][\/vc_column][vc_column width=&#8221;5\/6&#8243;][vc_column_text]Els sistemes de gesti\u00f3 ambiental estan basats en normes de refer\u00e8ncia ISO 14000, de les quals la m\u00e9s estesa \u00e9s la norma ISO 14001:2015. La norma ISO 14001 establix ferramentes i sistemes enfocats als processos de producci\u00f3 i [&hellip;]","og_url":"https:\/\/turismo.benicassim.es\/va\/descubre-benicassim\/iso-14001-platges-de-benicassim\/","og_site_name":"Benic\u00e0ssim Turismo","article_modified_time":"2021-05-04T11:38:17+00:00","og_image":[{"width":46,"height":100,"url":"https:\/\/turismo.benicassim.es\/wp-content\/uploads\/2021\/05\/aenor_completo.jpg","type":"image\/jpeg"}],"twitter_card":"summary_large_image","twitter_misc":{"Est. reading time":"2 minutes"},"schema":{"@context":"https:\/\/schema.org","@graph":[{"@type":"WebPage","@id":"https:\/\/turismo.benicassim.es\/va\/descubre-benicassim\/iso-14001-platges-de-benicassim\/","url":"https:\/\/turismo.benicassim.es\/va\/descubre-benicassim\/iso-14001-platges-de-benicassim\/","name":"ISO 14001 - Platges de Benic\u00e0ssim - Benic\u00e0ssim Turismo","isPartOf":{"@id":"https:\/\/turismo.benicassim.es\/va\/#website"},"primaryImageOfPage":{"@id":"https:\/\/turismo.benicassim.es\/va\/descubre-benicassim\/iso-14001-platges-de-benicassim\/#primaryimage"},"image":{"@id":"https:\/\/turismo.benicassim.es\/va\/descubre-benicassim\/iso-14001-platges-de-benicassim\/#primaryimage"},"thumbnailUrl":"https:\/\/turismo.benicassim.es\/wp-content\/uploads\/2021\/05\/aenor_completo.jpg","datePublished":"2021-03-15T16:43:40+00:00","dateModified":"2021-05-04T11:38:17+00:00","breadcrumb":{"@id":"https:\/\/turismo.benicassim.es\/va\/descubre-benicassim\/iso-14001-platges-de-benicassim\/#breadcrumb"},"inLanguage":"ca-CA","potentialAction":[{"@type":"ReadAction","target":["https:\/\/turismo.benicassim.es\/va\/descubre-benicassim\/iso-14001-platges-de-benicassim\/"]}]},{"@type":"ImageObject","inLanguage":"ca-CA","@id":"https:\/\/turismo.benicassim.es\/va\/descubre-benicassim\/iso-14001-platges-de-benicassim\/#primaryimage","url":"https:\/\/turismo.benicassim.es\/wp-content\/uploads\/2021\/05\/aenor_completo.jpg","contentUrl":"https:\/\/turismo.benicassim.es\/wp-content\/uploads\/2021\/05\/aenor_completo.jpg","width":46,"height":100},{"@type":"BreadcrumbList","@id":"https:\/\/turismo.benicassim.es\/va\/descubre-benicassim\/iso-14001-platges-de-benicassim\/#breadcrumb","itemListElement":[{"@type":"ListItem","position":1,"name":"Inicio","item":"https:\/\/turismo.benicassim.es\/va\/"},{"@type":"ListItem","position":2,"name":"Descubreix Benic\u00e0ssim","item":"https:\/\/turismo.benicassim.es\/va\/descubre-benicassim\/"},{"@type":"ListItem","position":3,"name":"ISO 14001 &#8211; Platges de Benic\u00e0ssim"}]},{"@type":"WebSite","@id":"https:\/\/turismo.benicassim.es\/va\/#website","url":"https:\/\/turismo.benicassim.es\/va\/","name":"Benic\u00e0ssim Turismo","description":"Web de informaci\u00f3n de Turismo en Benicasim","potentialAction":[{"@type":"SearchAction","target":{"@type":"EntryPoint","urlTemplate":"https:\/\/turismo.benicassim.es\/va\/?s={search_term_string}"},"query-input":{"@type":"PropertyValueSpecification","valueRequired":true,"valueName":"search_term_string"}}],"inLanguage":"ca-CA"}]}},"_links":{"self":[{"href":"https:\/\/turismo.benicassim.es\/va\/wp-json\/wp\/v2\/pages\/39527","targetHints":{"allow":["GET"]}}],"collection":[{"href":"https:\/\/turismo.benicassim.es\/va\/wp-json\/wp\/v2\/pages"}],"about":[{"href":"https:\/\/turismo.benicassim.es\/va\/wp-json\/wp\/v2\/types\/page"}],"author":[{"embeddable":true,"href":"https:\/\/turismo.benicassim.es\/va\/wp-json\/wp\/v2\/users\/1"}],"replies":[{"embeddable":true,"href":"https:\/\/turismo.benicassim.es\/va\/wp-json\/wp\/v2\/comments?post=39527"}],"version-history":[{"count":1,"href":"https:\/\/turismo.benicassim.es\/va\/wp-json\/wp\/v2\/pages\/39527\/revisions"}],"predecessor-version":[{"id":39529,"href":"https:\/\/turismo.benicassim.es\/va\/wp-json\/wp\/v2\/pages\/39527\/revisions\/39529"}],"up":[{"embeddable":true,"href":"https:\/\/turismo.benicassim.es\/va\/wp-json\/wp\/v2\/pages\/39498"}],"wp:featuredmedia":[{"embeddable":true,"href":"https:\/\/turismo.benicassim.es\/va\/wp-json\/wp\/v2\/media\/42549"}],"wp:attachment":[{"href":"https:\/\/turismo.benicassim.es\/va\/wp-json\/wp\/v2\/media?parent=39527"}],"curies":[{"name":"wp","href":"https:\/\/api.w.org\/{rel}","templated":true}]}}