{"id":39537,"date":"2021-03-15T16:54:40","date_gmt":"2021-03-15T16:54:40","guid":{"rendered":"http:\/\/bturismo.atic.green\/?page_id=39537"},"modified":"2023-11-06T17:48:36","modified_gmt":"2023-11-06T16:48:36","slug":"q-de-qualitat-turistica","status":"publish","type":"page","link":"https:\/\/turismo.benicassim.es\/va\/descubre-benicassim\/q-de-qualitat-turistica\/","title":{"rendered":"Q de Qualitat Tur\u00edstica"},"content":{"rendered":"<p>[vc_row el_class=&#8221;bloque&#8221;][vc_column][vc_column_text el_class=&#8221;letra-antonio&#8221;]<\/p>\n<h1 style=\"text-align: center;\">Q de Qualitat Tur\u00edstica<\/h1>\n<p>[\/vc_column_text][vc_empty_space height=&#8221;20px&#8221;][vc_column_text el_class=&#8221;letra-montserrat justify-text&#8221;]<strong>SISTEMA DE QUALITAT TUR\u00cdSTICA ESPANYOLA- NORMES Q<\/strong><\/p>\n<p>El SCTE -Sistema de Qualitat Tur\u00edstica Espanyola- certifica el servici, les instal\u00b7lacions, i la gesti\u00f3 de les empreses tur\u00edstiques espanyoles. \u00c9s una certificaci\u00f3 de car\u00e0cter voluntari, que indica el comprom\u00eds dels empresaris per a aplicar millores en la qualitat dels seus productes i servicis.<\/p>\n<p>El SCTE es compon d&#8217;unes normes espec\u00edfiques per a cada sector, el Sistema \u00e9s flexible, obert, autoregulat i voluntari.<\/p>\n<p>L&#8217;Institut per a la Qualitat Tur\u00edstica Espanyola (ICTE) \u00e9s l&#8217;organisme espanyol de certificaci\u00f3 d&#8217;estos Sistemes de Qualitat, t\u00e9 car\u00e0cter privat i independent.<\/p>\n<p><strong>LA MARCA DE QUALITAT TUR\u00cdSTICA<\/strong><\/p>\n<p>La Marca Q, l&#8217;element m\u00e9s visible de tot el Sistema, la denominaci\u00f3 gen\u00e8rica del qual \u00e9s &#8216;<strong>Calidad Tur\u00edstica Espa\u00f1ola<\/strong>&#8216;, i \u00e9s com\u00fa a qualsevol activitat relacionada amb els servicis o productes tur\u00edstics. L&#8217;ICTE administra i gestiona en exclusiva la dita Marca emetent si \u00e9s el cas la corresponent actualitzaci\u00f3 per al seu \u00fas i vigilant l&#8217;adequada utilitzaci\u00f3.<\/p>\n<p>La Marca de Qualitat Q complix amb una s\u00e8rie de caracter\u00edstiques aportant prestigi, diferenciaci\u00f3, fiabilitat i rigor als establiments tur\u00edstics certificats.<\/p>\n<p>\u2022 PRESTIGIOSA, la Marca demostra el comprom\u00eds de l&#8217;establiment certificat per aconseguir la plena satisfacci\u00f3 del client, cobrint les necessitats i superant les seues expectatives, oferint-li un servici excel\u00b7lent.<\/p>\n<p>\u2022 DIFERENCIADORA, La Marca nom\u00e9s podr\u00e0 obtindre&#8217;s per aquells establiments que asseguren uns nivells de qualitat establits per la Norma de Qualitat de Servicis.<\/p>\n<p>\u2022 FIABLE, perqu\u00e8 els mecanismes utilitzats per a avaluar el compliment o no dels requisits sol\u00b7licitats per les Normes s\u00f3n independents del propi sector i estan dissenyats d&#8217;acord amb la normativa intersectorial.<\/p>\n<p>\u2022 RIGOROSA, perqu\u00e8 per a obtindre \u00e9s imprescindible superar unes proves de car\u00e0cter objectiu establides en els Reglaments i Normes.<\/p>\n<p>\u2022 PROMOCI\u00d3, davant dels consumidors per les administracions. La imatge de la Marca de Qualitat Tur\u00edstica Espanyola, amb m\u00e9s de 2.000 establiments certificats amb el segell corresponent, comen\u00e7a a ser reconeguda a nivell nacional i internacional. Este reconeixement, tant del consumidor nacional com dels operadors i consumidors emissors \u00e9s un objectiu primordial, obtenint resultats positius.<br \/>\nPlatges i Establiments Certificats amb la Q de Qualitat Tur\u00edstica per l&#8217;ICTE (Institut per a la Qualitat Tur\u00edstica Espanyola)<\/p>\n<p>De forma gradual, el nombre d&#8217;empreses tur\u00edstiques de Benic\u00e0ssim que aconseguixen la &#8220;Q&#8221; de Qualitat Tur\u00edstica Espanyola, va augmentant entre els distints subsectors que formen el sector tur\u00edstic benicense. Entre els establiments amb este distintiu destaquen:<\/p>\n<p>&nbsp;<\/p>\n<table class=\"tabla-q-calidad\" cellspacing=\"5\" cellpadding=\"0\">\n<tbody>\n<tr>\n<td valign=\"top\"><strong>Nom<\/strong><\/td>\n<td valign=\"top\"><strong>Direcci\u00f3<\/strong><\/td>\n<td style=\"text-align: center;\" valign=\"top\"><strong>Data de Certificaci\u00f3<\/strong><\/td>\n<\/tr>\n<tr>\n<td valign=\"top\"><\/td>\n<td valign=\"top\"><\/td>\n<td style=\"text-align: center;\" valign=\"top\"><\/td>\n<\/tr>\n<tr>\n<td valign=\"top\">Hotel Intur Azor ***<\/td>\n<td valign=\"top\">Avda. Gimeno Tom\u00e1s, 1<\/td>\n<td style=\"text-align: center;\" valign=\"top\">20\/12\/00<\/td>\n<\/tr>\n<tr>\n<td valign=\"top\">Bonterra Resort<\/td>\n<td valign=\"top\">Avda. Barcelona, 47<\/td>\n<td style=\"text-align: center;\" valign=\"top\">31\/03\/03<\/td>\n<\/tr>\n<tr>\n<td valign=\"top\">Hotel Intur Orange ****<\/td>\n<td valign=\"top\">Avda. Gimeno Tom\u00e1s, 9<\/td>\n<td style=\"text-align: center;\">01\/12\/05<\/td>\n<\/tr>\n<tr>\n<td valign=\"top\">Hotel Intur Bonaire ****<\/td>\n<td valign=\"top\">Avda. Gimeno Tom\u00e1s, 3<\/td>\n<td style=\"text-align: center;\" valign=\"top\">01\/12\/05<\/td>\n<\/tr>\n<tr>\n<td valign=\"top\">Oficina Municipal de Turisme de Benic\u00e0ssim<\/td>\n<td valign=\"top\">C\/ Sant Tom\u00e0s, 74<\/td>\n<td style=\"text-align: center;\" valign=\"top\">26\/11\/07<\/td>\n<\/tr>\n<tr>\n<td valign=\"top\">Platja Voramar<\/td>\n<td valign=\"top\">Passeig Mar\u00edtim Pilar Coloma<\/td>\n<td style=\"text-align: center;\" valign=\"top\">27\/06\/08<\/td>\n<\/tr>\n<tr>\n<td valign=\"top\">Platja L&#8217;Almadrava<\/td>\n<td valign=\"top\">Passeig Mar\u00edtim Pilar Coloma<\/td>\n<td style=\"text-align: center;\" valign=\"top\">21\/07\/09<\/td>\n<\/tr>\n<tr>\n<td valign=\"top\">Platja Torre Sant Vicent<\/td>\n<td valign=\"top\">Passeig Mar\u00edtim Pilar Coloma<\/td>\n<td style=\"text-align: center;\" valign=\"top\">23\/07\/10<\/td>\n<\/tr>\n<\/tbody>\n<\/table>\n<p><img loading=\"lazy\" decoding=\"async\" class=\"alignnone wp-image-73840\" src=\"https:\/\/turismo.benicassim.es\/wp-content\/uploads\/2023\/11\/Certificado_Oficina_Municipal_de_Turismo_de_Benicassim2022-20251-1-212x300.png\" alt=\"\" width=\"232\" height=\"328\" srcset=\"https:\/\/turismo.benicassim.es\/wp-content\/uploads\/2023\/11\/Certificado_Oficina_Municipal_de_Turismo_de_Benicassim2022-20251-1-212x300.png 212w, https:\/\/turismo.benicassim.es\/wp-content\/uploads\/2023\/11\/Certificado_Oficina_Municipal_de_Turismo_de_Benicassim2022-20251-1-724x1024.png 724w, https:\/\/turismo.benicassim.es\/wp-content\/uploads\/2023\/11\/Certificado_Oficina_Municipal_de_Turismo_de_Benicassim2022-20251-1-768x1086.png 768w, https:\/\/turismo.benicassim.es\/wp-content\/uploads\/2023\/11\/Certificado_Oficina_Municipal_de_Turismo_de_Benicassim2022-20251-1-1086x1536.png 1086w, https:\/\/turismo.benicassim.es\/wp-content\/uploads\/2023\/11\/Certificado_Oficina_Municipal_de_Turismo_de_Benicassim2022-20251-1-600x848.png 600w, https:\/\/turismo.benicassim.es\/wp-content\/uploads\/2023\/11\/Certificado_Oficina_Municipal_de_Turismo_de_Benicassim2022-20251-1.png 1191w\" sizes=\"auto, (max-width: 232px) 100vw, 232px\" \/><\/p>\n<p>&nbsp;<\/p>\n<p><img loading=\"lazy\" decoding=\"async\" class=\"alignnone wp-image-73831\" src=\"https:\/\/turismo.benicassim.es\/wp-content\/uploads\/2023\/11\/Certificado-Q-playas-2022-20251-1-212x300.png\" alt=\"\" width=\"232\" height=\"329\" srcset=\"https:\/\/turismo.benicassim.es\/wp-content\/uploads\/2023\/11\/Certificado-Q-playas-2022-20251-1-212x300.png 212w, https:\/\/turismo.benicassim.es\/wp-content\/uploads\/2023\/11\/Certificado-Q-playas-2022-20251-1-724x1024.png 724w, https:\/\/turismo.benicassim.es\/wp-content\/uploads\/2023\/11\/Certificado-Q-playas-2022-20251-1-768x1086.png 768w, https:\/\/turismo.benicassim.es\/wp-content\/uploads\/2023\/11\/Certificado-Q-playas-2022-20251-1-1086x1536.png 1086w, https:\/\/turismo.benicassim.es\/wp-content\/uploads\/2023\/11\/Certificado-Q-playas-2022-20251-1-600x848.png 600w, https:\/\/turismo.benicassim.es\/wp-content\/uploads\/2023\/11\/Certificado-Q-playas-2022-20251-1.png 1191w\" sizes=\"auto, (max-width: 232px) 100vw, 232px\" \/><\/p>\n<p>&nbsp;<\/p>\n<p><img loading=\"lazy\" decoding=\"async\" class=\"alignnone size-medium wp-image-73832\" src=\"https:\/\/turismo.benicassim.es\/wp-content\/uploads\/2023\/11\/Certificado-Q-playas-2022-20252-1-226x300.png\" alt=\"\" width=\"226\" height=\"300\" srcset=\"https:\/\/turismo.benicassim.es\/wp-content\/uploads\/2023\/11\/Certificado-Q-playas-2022-20252-1-226x300.png 226w, https:\/\/turismo.benicassim.es\/wp-content\/uploads\/2023\/11\/Certificado-Q-playas-2022-20252-1-770x1024.png 770w, https:\/\/turismo.benicassim.es\/wp-content\/uploads\/2023\/11\/Certificado-Q-playas-2022-20252-1-768x1021.png 768w, https:\/\/turismo.benicassim.es\/wp-content\/uploads\/2023\/11\/Certificado-Q-playas-2022-20252-1-1155x1536.png 1155w, https:\/\/turismo.benicassim.es\/wp-content\/uploads\/2023\/11\/Certificado-Q-playas-2022-20252-1-600x798.png 600w, https:\/\/turismo.benicassim.es\/wp-content\/uploads\/2023\/11\/Certificado-Q-playas-2022-20252-1.png 1191w\" sizes=\"auto, (max-width: 226px) 100vw, 226px\" \/><\/p>\n<p>&nbsp;<\/p>\n<p>[\/vc_column_text][\/vc_column][\/vc_row]<\/p>\n","protected":false},"excerpt":{"rendered":"<p>[vc_row el_class=&#8221;bloque&#8221;][vc_column][vc_column_text el_class=&#8221;letra-antonio&#8221;] Q de Qualitat Tur\u00edstica [\/vc_column_text][vc_empty_space height=&#8221;20px&#8221;][vc_column_text el_class=&#8221;letra-montserrat justify-text&#8221;]SISTEMA DE QUALITAT TUR\u00cdSTICA ESPANYOLA- NORMES Q El SCTE -Sistema de Qualitat Tur\u00edstica Espanyola- certifica el servici, les instal\u00b7lacions, i la gesti\u00f3 de les empreses tur\u00edstiques espanyoles. \u00c9s una certificaci\u00f3 de car\u00e0cter voluntari, que indica el comprom\u00eds dels empresaris per a aplicar millores en la [&hellip;]<\/p>\n","protected":false},"author":1,"featured_media":42321,"parent":39498,"menu_order":0,"comment_status":"closed","ping_status":"closed","template":"","meta":{"_acf_changed":false,"footnotes":""},"class_list":["post-39537","page","type-page","status-publish","has-post-thumbnail","hentry"],"acf":[],"yoast_head":"<!-- This site is optimized with the Yoast SEO plugin v27.4 - https:\/\/yoast.com\/product\/yoast-seo-wordpress\/ -->\n<title>Q de Qualitat Tur\u00edstica - Benic\u00e0ssim Turismo<\/title>\n<meta name=\"robots\" content=\"index, nofollow, max-snippet:-1, max-image-preview:large, max-video-preview:-1\" \/>\n<link rel=\"canonical\" href=\"https:\/\/turismo.benicassim.es\/va\/descubre-benicassim\/q-de-qualitat-turistica\/\" \/>\n<meta property=\"og:locale\" content=\"en_US\" \/>\n<meta property=\"og:type\" content=\"article\" \/>\n<meta property=\"og:title\" content=\"Q de Qualitat Tur\u00edstica - Benic\u00e0ssim Turismo\" \/>\n<meta property=\"og:description\" content=\"[vc_row el_class=&#8221;bloque&#8221;][vc_column][vc_column_text el_class=&#8221;letra-antonio&#8221;] Q de Qualitat Tur\u00edstica [\/vc_column_text][vc_empty_space height=&#8221;20px&#8221;][vc_column_text el_class=&#8221;letra-montserrat justify-text&#8221;]SISTEMA DE QUALITAT TUR\u00cdSTICA ESPANYOLA- NORMES Q El SCTE -Sistema de Qualitat Tur\u00edstica Espanyola- certifica el servici, les instal\u00b7lacions, i la gesti\u00f3 de les empreses tur\u00edstiques espanyoles. \u00c9s una certificaci\u00f3 de car\u00e0cter voluntari, que indica el comprom\u00eds dels empresaris per a aplicar millores en la [&hellip;]\" \/>\n<meta property=\"og:url\" content=\"https:\/\/turismo.benicassim.es\/va\/descubre-benicassim\/q-de-qualitat-turistica\/\" \/>\n<meta property=\"og:site_name\" content=\"Benic\u00e0ssim Turismo\" \/>\n<meta property=\"article:modified_time\" content=\"2023-11-06T16:48:36+00:00\" \/>\n<meta property=\"og:image\" content=\"https:\/\/turismo.benicassim.es\/wp-content\/uploads\/2021\/02\/ct.png\" \/>\n\t<meta property=\"og:image:width\" content=\"181\" \/>\n\t<meta property=\"og:image:height\" content=\"104\" \/>\n\t<meta property=\"og:image:type\" content=\"image\/png\" \/>\n<meta name=\"twitter:card\" content=\"summary_large_image\" \/>\n<meta name=\"twitter:label1\" content=\"Est. reading time\" \/>\n\t<meta name=\"twitter:data1\" content=\"3 minutes\" \/>\n<script type=\"application\/ld+json\" class=\"yoast-schema-graph\">{\"@context\":\"https:\\\/\\\/schema.org\",\"@graph\":[{\"@type\":\"WebPage\",\"@id\":\"https:\\\/\\\/turismo.benicassim.es\\\/va\\\/descubre-benicassim\\\/q-de-qualitat-turistica\\\/\",\"url\":\"https:\\\/\\\/turismo.benicassim.es\\\/va\\\/descubre-benicassim\\\/q-de-qualitat-turistica\\\/\",\"name\":\"Q de Qualitat Tur\u00edstica - Benic\u00e0ssim Turismo\",\"isPartOf\":{\"@id\":\"https:\\\/\\\/turismo.benicassim.es\\\/va\\\/#website\"},\"primaryImageOfPage\":{\"@id\":\"https:\\\/\\\/turismo.benicassim.es\\\/va\\\/descubre-benicassim\\\/q-de-qualitat-turistica\\\/#primaryimage\"},\"image\":{\"@id\":\"https:\\\/\\\/turismo.benicassim.es\\\/va\\\/descubre-benicassim\\\/q-de-qualitat-turistica\\\/#primaryimage\"},\"thumbnailUrl\":\"https:\\\/\\\/turismo.benicassim.es\\\/wp-content\\\/uploads\\\/2021\\\/02\\\/ct.png\",\"datePublished\":\"2021-03-15T16:54:40+00:00\",\"dateModified\":\"2023-11-06T16:48:36+00:00\",\"breadcrumb\":{\"@id\":\"https:\\\/\\\/turismo.benicassim.es\\\/va\\\/descubre-benicassim\\\/q-de-qualitat-turistica\\\/#breadcrumb\"},\"inLanguage\":\"ca-CA\",\"potentialAction\":[{\"@type\":\"ReadAction\",\"target\":[\"https:\\\/\\\/turismo.benicassim.es\\\/va\\\/descubre-benicassim\\\/q-de-qualitat-turistica\\\/\"]}]},{\"@type\":\"ImageObject\",\"inLanguage\":\"ca-CA\",\"@id\":\"https:\\\/\\\/turismo.benicassim.es\\\/va\\\/descubre-benicassim\\\/q-de-qualitat-turistica\\\/#primaryimage\",\"url\":\"https:\\\/\\\/turismo.benicassim.es\\\/wp-content\\\/uploads\\\/2021\\\/02\\\/ct.png\",\"contentUrl\":\"https:\\\/\\\/turismo.benicassim.es\\\/wp-content\\\/uploads\\\/2021\\\/02\\\/ct.png\",\"width\":181,\"height\":104,\"caption\":\"calidad turistica benicasim\"},{\"@type\":\"BreadcrumbList\",\"@id\":\"https:\\\/\\\/turismo.benicassim.es\\\/va\\\/descubre-benicassim\\\/q-de-qualitat-turistica\\\/#breadcrumb\",\"itemListElement\":[{\"@type\":\"ListItem\",\"position\":1,\"name\":\"Inicio\",\"item\":\"https:\\\/\\\/turismo.benicassim.es\\\/va\\\/\"},{\"@type\":\"ListItem\",\"position\":2,\"name\":\"Descubreix Benic\u00e0ssim\",\"item\":\"https:\\\/\\\/turismo.benicassim.es\\\/va\\\/descubre-benicassim\\\/\"},{\"@type\":\"ListItem\",\"position\":3,\"name\":\"Q de Qualitat Tur\u00edstica\"}]},{\"@type\":\"WebSite\",\"@id\":\"https:\\\/\\\/turismo.benicassim.es\\\/va\\\/#website\",\"url\":\"https:\\\/\\\/turismo.benicassim.es\\\/va\\\/\",\"name\":\"Benic\u00e0ssim Turismo\",\"description\":\"Web de informaci\u00f3n de Turismo en Benicasim\",\"potentialAction\":[{\"@type\":\"SearchAction\",\"target\":{\"@type\":\"EntryPoint\",\"urlTemplate\":\"https:\\\/\\\/turismo.benicassim.es\\\/va\\\/?s={search_term_string}\"},\"query-input\":{\"@type\":\"PropertyValueSpecification\",\"valueRequired\":true,\"valueName\":\"search_term_string\"}}],\"inLanguage\":\"ca-CA\"}]}<\/script>\n<!-- \/ Yoast SEO plugin. -->","yoast_head_json":{"title":"Q de Qualitat Tur\u00edstica - Benic\u00e0ssim Turismo","robots":{"index":"index","follow":"nofollow","max-snippet":"max-snippet:-1","max-image-preview":"max-image-preview:large","max-video-preview":"max-video-preview:-1"},"canonical":"https:\/\/turismo.benicassim.es\/va\/descubre-benicassim\/q-de-qualitat-turistica\/","og_locale":"en_US","og_type":"article","og_title":"Q de Qualitat Tur\u00edstica - Benic\u00e0ssim Turismo","og_description":"[vc_row el_class=&#8221;bloque&#8221;][vc_column][vc_column_text el_class=&#8221;letra-antonio&#8221;] Q de Qualitat Tur\u00edstica [\/vc_column_text][vc_empty_space height=&#8221;20px&#8221;][vc_column_text el_class=&#8221;letra-montserrat justify-text&#8221;]SISTEMA DE QUALITAT TUR\u00cdSTICA ESPANYOLA- NORMES Q El SCTE -Sistema de Qualitat Tur\u00edstica Espanyola- certifica el servici, les instal\u00b7lacions, i la gesti\u00f3 de les empreses tur\u00edstiques espanyoles. \u00c9s una certificaci\u00f3 de car\u00e0cter voluntari, que indica el comprom\u00eds dels empresaris per a aplicar millores en la [&hellip;]","og_url":"https:\/\/turismo.benicassim.es\/va\/descubre-benicassim\/q-de-qualitat-turistica\/","og_site_name":"Benic\u00e0ssim Turismo","article_modified_time":"2023-11-06T16:48:36+00:00","og_image":[{"width":181,"height":104,"url":"https:\/\/turismo.benicassim.es\/wp-content\/uploads\/2021\/02\/ct.png","type":"image\/png"}],"twitter_card":"summary_large_image","twitter_misc":{"Est. reading time":"3 minutes"},"schema":{"@context":"https:\/\/schema.org","@graph":[{"@type":"WebPage","@id":"https:\/\/turismo.benicassim.es\/va\/descubre-benicassim\/q-de-qualitat-turistica\/","url":"https:\/\/turismo.benicassim.es\/va\/descubre-benicassim\/q-de-qualitat-turistica\/","name":"Q de Qualitat Tur\u00edstica - Benic\u00e0ssim Turismo","isPartOf":{"@id":"https:\/\/turismo.benicassim.es\/va\/#website"},"primaryImageOfPage":{"@id":"https:\/\/turismo.benicassim.es\/va\/descubre-benicassim\/q-de-qualitat-turistica\/#primaryimage"},"image":{"@id":"https:\/\/turismo.benicassim.es\/va\/descubre-benicassim\/q-de-qualitat-turistica\/#primaryimage"},"thumbnailUrl":"https:\/\/turismo.benicassim.es\/wp-content\/uploads\/2021\/02\/ct.png","datePublished":"2021-03-15T16:54:40+00:00","dateModified":"2023-11-06T16:48:36+00:00","breadcrumb":{"@id":"https:\/\/turismo.benicassim.es\/va\/descubre-benicassim\/q-de-qualitat-turistica\/#breadcrumb"},"inLanguage":"ca-CA","potentialAction":[{"@type":"ReadAction","target":["https:\/\/turismo.benicassim.es\/va\/descubre-benicassim\/q-de-qualitat-turistica\/"]}]},{"@type":"ImageObject","inLanguage":"ca-CA","@id":"https:\/\/turismo.benicassim.es\/va\/descubre-benicassim\/q-de-qualitat-turistica\/#primaryimage","url":"https:\/\/turismo.benicassim.es\/wp-content\/uploads\/2021\/02\/ct.png","contentUrl":"https:\/\/turismo.benicassim.es\/wp-content\/uploads\/2021\/02\/ct.png","width":181,"height":104,"caption":"calidad turistica benicasim"},{"@type":"BreadcrumbList","@id":"https:\/\/turismo.benicassim.es\/va\/descubre-benicassim\/q-de-qualitat-turistica\/#breadcrumb","itemListElement":[{"@type":"ListItem","position":1,"name":"Inicio","item":"https:\/\/turismo.benicassim.es\/va\/"},{"@type":"ListItem","position":2,"name":"Descubreix Benic\u00e0ssim","item":"https:\/\/turismo.benicassim.es\/va\/descubre-benicassim\/"},{"@type":"ListItem","position":3,"name":"Q de Qualitat Tur\u00edstica"}]},{"@type":"WebSite","@id":"https:\/\/turismo.benicassim.es\/va\/#website","url":"https:\/\/turismo.benicassim.es\/va\/","name":"Benic\u00e0ssim Turismo","description":"Web de informaci\u00f3n de Turismo en Benicasim","potentialAction":[{"@type":"SearchAction","target":{"@type":"EntryPoint","urlTemplate":"https:\/\/turismo.benicassim.es\/va\/?s={search_term_string}"},"query-input":{"@type":"PropertyValueSpecification","valueRequired":true,"valueName":"search_term_string"}}],"inLanguage":"ca-CA"}]}},"_links":{"self":[{"href":"https:\/\/turismo.benicassim.es\/va\/wp-json\/wp\/v2\/pages\/39537","targetHints":{"allow":["GET"]}}],"collection":[{"href":"https:\/\/turismo.benicassim.es\/va\/wp-json\/wp\/v2\/pages"}],"about":[{"href":"https:\/\/turismo.benicassim.es\/va\/wp-json\/wp\/v2\/types\/page"}],"author":[{"embeddable":true,"href":"https:\/\/turismo.benicassim.es\/va\/wp-json\/wp\/v2\/users\/1"}],"replies":[{"embeddable":true,"href":"https:\/\/turismo.benicassim.es\/va\/wp-json\/wp\/v2\/comments?post=39537"}],"version-history":[{"count":5,"href":"https:\/\/turismo.benicassim.es\/va\/wp-json\/wp\/v2\/pages\/39537\/revisions"}],"predecessor-version":[{"id":73841,"href":"https:\/\/turismo.benicassim.es\/va\/wp-json\/wp\/v2\/pages\/39537\/revisions\/73841"}],"up":[{"embeddable":true,"href":"https:\/\/turismo.benicassim.es\/va\/wp-json\/wp\/v2\/pages\/39498"}],"wp:featuredmedia":[{"embeddable":true,"href":"https:\/\/turismo.benicassim.es\/va\/wp-json\/wp\/v2\/media\/42321"}],"wp:attachment":[{"href":"https:\/\/turismo.benicassim.es\/va\/wp-json\/wp\/v2\/media?parent=39537"}],"curies":[{"name":"wp","href":"https:\/\/api.w.org\/{rel}","templated":true}]}}