{"id":39567,"date":"2020-12-30T09:15:20","date_gmt":"2020-12-30T09:15:20","guid":{"rendered":"http:\/\/bturismo.atic.green\/?page_id=39567"},"modified":"2022-11-29T10:54:39","modified_gmt":"2022-11-29T09:54:39","slug":"eventos","status":"publish","type":"page","link":"https:\/\/turismo.benicassim.es\/va\/eventos\/","title":{"rendered":"Esdeveniments"},"content":{"rendered":"<p>[vc_row][vc_column]<div class=\"my-breadcrumb\" style=\"display:inline-block;\"><a href=\"https:\/\/turismo.benicassim.es\/va\/\" class=\"link-color-2\">Inici<\/a> \/ <span>Esdeveniments<\/span><\/div>[vc_column_text el_class=&#8221;titulo letra-antonio&#8221;]Esdeveniments[\/vc_column_text][\/vc_column][\/vc_row]<\/p>\n","protected":false},"excerpt":{"rendered":"<p>[vc_row][vc_column][vc_column_text el_class=&#8221;titulo letra-antonio&#8221;]Esdeveniments[\/vc_column_text][\/vc_column][\/vc_row]<\/p>\n","protected":false},"author":1,"featured_media":0,"parent":0,"menu_order":0,"comment_status":"closed","ping_status":"closed","template":"","meta":{"_acf_changed":false,"footnotes":""},"class_list":["post-39567","page","type-page","status-publish","hentry"],"acf":[],"yoast_head":"<!-- This site is optimized with the Yoast SEO plugin v27.1.1 - https:\/\/yoast.com\/product\/yoast-seo-wordpress\/ -->\n<title>Agenda d&#039;Esdeveniments a Benic\u00e0ssim - Turisme Benic\u00e0ssim<\/title>\n<meta name=\"description\" content=\"Tira un ull a tots els esdeveniments que estan per celebrar-se a Benic\u00e0ssim. No te&#039;ls perdes i assisteix amb nosaltres!\" \/>\n<meta name=\"robots\" content=\"index, follow, max-snippet:-1, max-image-preview:large, max-video-preview:-1\" \/>\n<link rel=\"canonical\" href=\"https:\/\/turismo.benicassim.es\/va\/eventos\/\" \/>\n<meta property=\"og:locale\" content=\"en_US\" \/>\n<meta property=\"og:type\" content=\"article\" \/>\n<meta property=\"og:title\" content=\"Agenda d&#039;Esdeveniments a Benic\u00e0ssim - Turisme Benic\u00e0ssim\" \/>\n<meta property=\"og:description\" content=\"Tira un ull a tots els esdeveniments que estan per celebrar-se a Benic\u00e0ssim. No te&#039;ls perdes i assisteix amb nosaltres!\" \/>\n<meta property=\"og:url\" content=\"https:\/\/turismo.benicassim.es\/va\/eventos\/\" \/>\n<meta property=\"og:site_name\" content=\"Benic\u00e0ssim Turismo\" \/>\n<meta property=\"article:modified_time\" content=\"2022-11-29T09:54:39+00:00\" \/>\n<meta name=\"twitter:card\" content=\"summary_large_image\" \/>\n<meta name=\"twitter:label1\" content=\"Est. reading time\" \/>\n\t<meta name=\"twitter:data1\" content=\"1 minute\" \/>\n<script type=\"application\/ld+json\" class=\"yoast-schema-graph\">{\"@context\":\"https:\/\/schema.org\",\"@graph\":[{\"@type\":\"WebPage\",\"@id\":\"https:\/\/turismo.benicassim.es\/va\/eventos\/\",\"url\":\"https:\/\/turismo.benicassim.es\/va\/eventos\/\",\"name\":\"Agenda d'Esdeveniments a Benic\u00e0ssim - Turisme Benic\u00e0ssim\",\"isPartOf\":{\"@id\":\"https:\/\/turismo.benicassim.es\/va\/#website\"},\"datePublished\":\"2020-12-30T09:15:20+00:00\",\"dateModified\":\"2022-11-29T09:54:39+00:00\",\"description\":\"Tira un ull a tots els esdeveniments que estan per celebrar-se a Benic\u00e0ssim. No te'ls perdes i assisteix amb nosaltres!\",\"breadcrumb\":{\"@id\":\"https:\/\/turismo.benicassim.es\/va\/eventos\/#breadcrumb\"},\"inLanguage\":\"ca-CA\",\"potentialAction\":[{\"@type\":\"ReadAction\",\"target\":[\"https:\/\/turismo.benicassim.es\/va\/eventos\/\"]}]},{\"@type\":\"BreadcrumbList\",\"@id\":\"https:\/\/turismo.benicassim.es\/va\/eventos\/#breadcrumb\",\"itemListElement\":[{\"@type\":\"ListItem\",\"position\":1,\"name\":\"Inicio\",\"item\":\"https:\/\/turismo.benicassim.es\/va\/\"},{\"@type\":\"ListItem\",\"position\":2,\"name\":\"Esdeveniments\"}]},{\"@type\":\"WebSite\",\"@id\":\"https:\/\/turismo.benicassim.es\/va\/#website\",\"url\":\"https:\/\/turismo.benicassim.es\/va\/\",\"name\":\"Benic\u00e0ssim Turismo\",\"description\":\"Web de informaci\u00f3n de Turismo en Benicasim\",\"potentialAction\":[{\"@type\":\"SearchAction\",\"target\":{\"@type\":\"EntryPoint\",\"urlTemplate\":\"https:\/\/turismo.benicassim.es\/va\/?s={search_term_string}\"},\"query-input\":{\"@type\":\"PropertyValueSpecification\",\"valueRequired\":true,\"valueName\":\"search_term_string\"}}],\"inLanguage\":\"ca-CA\"}]}<\/script>\n<!-- \/ Yoast SEO plugin. -->","yoast_head_json":{"title":"Agenda d'Esdeveniments a Benic\u00e0ssim - Turisme Benic\u00e0ssim","description":"Tira un ull a tots els esdeveniments que estan per celebrar-se a Benic\u00e0ssim. No te'ls perdes i assisteix amb nosaltres!","robots":{"index":"index","follow":"follow","max-snippet":"max-snippet:-1","max-image-preview":"max-image-preview:large","max-video-preview":"max-video-preview:-1"},"canonical":"https:\/\/turismo.benicassim.es\/va\/eventos\/","og_locale":"en_US","og_type":"article","og_title":"Agenda d'Esdeveniments a Benic\u00e0ssim - Turisme Benic\u00e0ssim","og_description":"Tira un ull a tots els esdeveniments que estan per celebrar-se a Benic\u00e0ssim. No te'ls perdes i assisteix amb nosaltres!","og_url":"https:\/\/turismo.benicassim.es\/va\/eventos\/","og_site_name":"Benic\u00e0ssim Turismo","article_modified_time":"2022-11-29T09:54:39+00:00","twitter_card":"summary_large_image","twitter_misc":{"Est. reading time":"1 minute"},"schema":{"@context":"https:\/\/schema.org","@graph":[{"@type":"WebPage","@id":"https:\/\/turismo.benicassim.es\/va\/eventos\/","url":"https:\/\/turismo.benicassim.es\/va\/eventos\/","name":"Agenda d'Esdeveniments a Benic\u00e0ssim - Turisme Benic\u00e0ssim","isPartOf":{"@id":"https:\/\/turismo.benicassim.es\/va\/#website"},"datePublished":"2020-12-30T09:15:20+00:00","dateModified":"2022-11-29T09:54:39+00:00","description":"Tira un ull a tots els esdeveniments que estan per celebrar-se a Benic\u00e0ssim. No te'ls perdes i assisteix amb nosaltres!","breadcrumb":{"@id":"https:\/\/turismo.benicassim.es\/va\/eventos\/#breadcrumb"},"inLanguage":"ca-CA","potentialAction":[{"@type":"ReadAction","target":["https:\/\/turismo.benicassim.es\/va\/eventos\/"]}]},{"@type":"BreadcrumbList","@id":"https:\/\/turismo.benicassim.es\/va\/eventos\/#breadcrumb","itemListElement":[{"@type":"ListItem","position":1,"name":"Inicio","item":"https:\/\/turismo.benicassim.es\/va\/"},{"@type":"ListItem","position":2,"name":"Esdeveniments"}]},{"@type":"WebSite","@id":"https:\/\/turismo.benicassim.es\/va\/#website","url":"https:\/\/turismo.benicassim.es\/va\/","name":"Benic\u00e0ssim Turismo","description":"Web de informaci\u00f3n de Turismo en Benicasim","potentialAction":[{"@type":"SearchAction","target":{"@type":"EntryPoint","urlTemplate":"https:\/\/turismo.benicassim.es\/va\/?s={search_term_string}"},"query-input":{"@type":"PropertyValueSpecification","valueRequired":true,"valueName":"search_term_string"}}],"inLanguage":"ca-CA"}]}},"_links":{"self":[{"href":"https:\/\/turismo.benicassim.es\/va\/wp-json\/wp\/v2\/pages\/39567","targetHints":{"allow":["GET"]}}],"collection":[{"href":"https:\/\/turismo.benicassim.es\/va\/wp-json\/wp\/v2\/pages"}],"about":[{"href":"https:\/\/turismo.benicassim.es\/va\/wp-json\/wp\/v2\/types\/page"}],"author":[{"embeddable":true,"href":"https:\/\/turismo.benicassim.es\/va\/wp-json\/wp\/v2\/users\/1"}],"replies":[{"embeddable":true,"href":"https:\/\/turismo.benicassim.es\/va\/wp-json\/wp\/v2\/comments?post=39567"}],"version-history":[{"count":5,"href":"https:\/\/turismo.benicassim.es\/va\/wp-json\/wp\/v2\/pages\/39567\/revisions"}],"predecessor-version":[{"id":61986,"href":"https:\/\/turismo.benicassim.es\/va\/wp-json\/wp\/v2\/pages\/39567\/revisions\/61986"}],"wp:attachment":[{"href":"https:\/\/turismo.benicassim.es\/va\/wp-json\/wp\/v2\/media?parent=39567"}],"curies":[{"name":"wp","href":"https:\/\/api.w.org\/{rel}","templated":true}]}}