{"id":39571,"date":"2021-03-16T08:21:57","date_gmt":"2021-03-16T08:21:57","guid":{"rendered":"http:\/\/bturismo.atic.green\/?page_id=39571"},"modified":"2022-11-28T11:15:04","modified_gmt":"2022-11-28T10:15:04","slug":"esdeveniments-y-festivals","status":"publish","type":"page","link":"https:\/\/turismo.benicassim.es\/va\/esdeveniments-y-festivals\/","title":{"rendered":"Esdeveniments i Festivals"},"content":{"rendered":"<p>[vc_row full_width=&#8221;stretch_row&#8221; el_class=&#8221;breadcrumb-container banner letra-montserrat&#8221;][vc_column]<div class=\"my-breadcrumb\" style=\"display:inline-block;\"><a href=\"https:\/\/turismo.benicassim.es\/va\/\" class=\"link-color-2\">Inici<\/a> \/ <span>Esdeveniments i Festivals<\/span><\/div>[\/vc_column][\/vc_row][vc_row][vc_column]\n\t\t\t<!-- START Esdeveniments i festivals REVOLUTION SLIDER 6.6.14 --><p class=\"rs-p-wp-fix\"><\/p>\n\t\t\t<rs-module-wrap id=\"rev_slider_31_1_wrapper\" data-source=\"gallery\" style=\"visibility:hidden;background:transparent;padding:0;margin:0px auto;margin-top:0;margin-bottom:0;\">\n\t\t\t\t<rs-module id=\"rev_slider_31_1\" style=\"\" data-version=\"6.6.14\">\n\t\t\t\t\t<rs-slides style=\"overflow: hidden; position: absolute;\">\n\t\t\t\t\t\t<rs-slide style=\"position: absolute;\" data-key=\"rs-91\" data-title=\"Slide\" data-thumb=\"\/\/turismo.benicassim.es\/wp-content\/uploads\/2021\/02\/torre-sant-vicent-50x100.jpg\" data-anim=\"ms:1000;r:0;\" data-in=\"o:0;\" data-out=\"a:false;\">\n\t\t\t\t\t\t\t<img fetchpriority=\"high\" decoding=\"async\" src=\"\/\/turismo.benicassim.es\/wp-content\/plugins\/revslider\/public\/assets\/assets\/dummy.png\" alt=\"Festivals de Benic\u00e0ssim\" title=\"_PLU4128\" width=\"2400\" height=\"1836\" class=\"rev-slidebg tp-rs-img rs-lazyload\" data-lazyload=\"\/\/turismo.benicassim.es\/wp-content\/uploads\/2021\/03\/PLU4128.jpg\" data-no-retina>\n<!--\n\t\t\t\t\t\t\t--><h1\n\t\t\t\t\t\t\t\tid=\"slider-31-slide-91-layer-2\" \n\t\t\t\t\t\t\t\tclass=\"rs-layer letra-antonio\"\n\t\t\t\t\t\t\t\tdata-type=\"text\"\n\t\t\t\t\t\t\t\tdata-rsp_ch=\"on\"\n\t\t\t\t\t\t\t\tdata-xy=\"x:c;xo:-203px,0,0,1px;y:m;yo:0,-113px,-16px,-9px;\"\n\t\t\t\t\t\t\t\tdata-text=\"w:normal;s:60,70,65,60;l:90,82,75,73;ls:2px,0px,0px,0px;a:center;\"\n\t\t\t\t\t\t\t\tdata-dim=\"w:1052px,361px,367px,387px;\"\n\t\t\t\t\t\t\t\tdata-frame_0=\"o:1;\"\n\t\t\t\t\t\t\t\tdata-frame_999=\"o:0;st:w;sR:8000;\"\n\t\t\t\t\t\t\t\tstyle=\"z-index:8;background-color:rgba(12,12,12,0.13);font-family:'Anton';\"\n\t\t\t\t\t\t\t>Esdeveniments i festivals a Benic\u00e0ssim \n\t\t\t\t\t\t\t<\/h1><!--\n-->\t\t\t\t\t\t<\/rs-slide>\n\t\t\t\t\t\t<rs-slide style=\"position: absolute;\" data-key=\"rs-89\" data-title=\"Slide\" data-thumb=\"\/\/turismo.benicassim.es\/wp-content\/uploads\/2021\/02\/torre-sant-vicent-50x100.jpg\" data-anim=\"ms:1000;r:0;\" data-in=\"o:0;\" data-out=\"a:false;\">\n\t\t\t\t\t\t\t<img decoding=\"async\" src=\"\/\/turismo.benicassim.es\/wp-content\/plugins\/revslider\/public\/assets\/assets\/dummy.png\" alt=\"\" title=\"IMG_2027\" width=\"2560\" height=\"1440\" class=\"rev-slidebg tp-rs-img rs-lazyload\" data-lazyload=\"\/\/turismo.benicassim.es\/wp-content\/uploads\/2021\/03\/IMG_2027-1-scaled.jpg\" data-no-retina>\n<!--\n\t\t\t\t\t\t\t--><rs-layer\n\t\t\t\t\t\t\t\tid=\"slider-31-slide-89-layer-2\" \n\t\t\t\t\t\t\t\tclass=\"letra-antonio\"\n\t\t\t\t\t\t\t\tdata-type=\"text\"\n\t\t\t\t\t\t\t\tdata-rsp_ch=\"on\"\n\t\t\t\t\t\t\t\tdata-xy=\"x:c;xo:0,0,0,1px;y:m;yo:0,-113px,-16px,-9px;\"\n\t\t\t\t\t\t\t\tdata-text=\"w:normal;s:60,70,65,60;l:90,82,75,73;ls:2px,0px,0px,0px;a:center;\"\n\t\t\t\t\t\t\t\tdata-dim=\"w:756px,361px,367px,387px;\"\n\t\t\t\t\t\t\t\tdata-frame_0=\"o:1;\"\n\t\t\t\t\t\t\t\tdata-frame_999=\"o:0;st:w;sR:8000;\"\n\t\t\t\t\t\t\t\tstyle=\"z-index:8;font-family:'Anton';\"\n\t\t\t\t\t\t\t>Esdeveniments i festivals \n\t\t\t\t\t\t\t<\/rs-layer><!--\n-->\t\t\t\t\t\t<\/rs-slide>\n\t\t\t\t\t\t<rs-slide style=\"position: absolute;\" data-key=\"rs-90\" data-title=\"Slide\" data-thumb=\"\/\/turismo.benicassim.es\/wp-content\/uploads\/2021\/02\/torre-sant-vicent-50x100.jpg\" data-anim=\"ms:1000;r:0;\" data-in=\"o:0;\" data-out=\"a:false;\">\n\t\t\t\t\t\t\t<img decoding=\"async\" src=\"\/\/turismo.benicassim.es\/wp-content\/plugins\/revslider\/public\/assets\/assets\/dummy.png\" alt=\"\" title=\"Romain Virgo &amp; Dubby Conquerors\" width=\"2244\" height=\"1494\" class=\"rev-slidebg tp-rs-img rs-lazyload\" data-lazyload=\"\/\/turismo.benicassim.es\/wp-content\/uploads\/2021\/03\/SUN10_220810_Romain-Virgo_009_LdA-1.jpg\" data-no-retina>\n<!--\n\t\t\t\t\t\t\t--><rs-layer\n\t\t\t\t\t\t\t\tid=\"slider-31-slide-90-layer-2\" \n\t\t\t\t\t\t\t\tclass=\"letra-antonio\"\n\t\t\t\t\t\t\t\tdata-type=\"text\"\n\t\t\t\t\t\t\t\tdata-rsp_ch=\"on\"\n\t\t\t\t\t\t\t\tdata-xy=\"x:c;xo:0,0,0,1px;y:m;yo:0,-113px,-16px,-9px;\"\n\t\t\t\t\t\t\t\tdata-text=\"w:normal;s:60,70,65,60;l:90,82,75,73;ls:2px,0px,0px,0px;a:center;\"\n\t\t\t\t\t\t\t\tdata-dim=\"w:756px,361px,367px,387px;\"\n\t\t\t\t\t\t\t\tdata-frame_0=\"o:1;\"\n\t\t\t\t\t\t\t\tdata-frame_999=\"o:0;st:w;sR:8000;\"\n\t\t\t\t\t\t\t\tstyle=\"z-index:8;font-family:'Anton';\"\n\t\t\t\t\t\t\t>Esdeveniments i festivals \n\t\t\t\t\t\t\t<\/rs-layer><!--\n-->\t\t\t\t\t\t<\/rs-slide>\n\t\t\t\t\t\t<rs-slide style=\"position: absolute;\" data-key=\"rs-88\" data-title=\"Slide\" data-thumb=\"\/\/turismo.benicassim.es\/wp-content\/uploads\/2021\/02\/torre-sant-vicent-50x100.jpg\" data-anim=\"ms:1000;r:0;\" data-in=\"o:0;\" data-out=\"a:false;\">\n\t\t\t\t\t\t\t<img decoding=\"async\" src=\"\/\/turismo.benicassim.es\/wp-content\/plugins\/revslider\/public\/assets\/assets\/dummy.png\" alt=\"\" title=\"_LUK6055\" width=\"2560\" height=\"1707\" class=\"rev-slidebg tp-rs-img rs-lazyload\" data-lazyload=\"\/\/turismo.benicassim.es\/wp-content\/uploads\/2021\/03\/LUK6055-1-scaled.jpg\" data-no-retina>\n<!--\n\t\t\t\t\t\t\t--><rs-layer\n\t\t\t\t\t\t\t\tid=\"slider-31-slide-88-layer-2\" \n\t\t\t\t\t\t\t\tclass=\"letra-antonio\"\n\t\t\t\t\t\t\t\tdata-type=\"text\"\n\t\t\t\t\t\t\t\tdata-rsp_ch=\"on\"\n\t\t\t\t\t\t\t\tdata-xy=\"x:c;xo:0,0,0,1px;y:m;yo:0,-113px,-16px,-9px;\"\n\t\t\t\t\t\t\t\tdata-text=\"w:normal;s:60,70,65,60;l:90,82,75,73;ls:2px,0px,0px,0px;a:center;\"\n\t\t\t\t\t\t\t\tdata-dim=\"w:756px,361px,367px,387px;\"\n\t\t\t\t\t\t\t\tdata-frame_0=\"o:1;\"\n\t\t\t\t\t\t\t\tdata-frame_999=\"o:0;st:w;sR:8000;\"\n\t\t\t\t\t\t\t\tstyle=\"z-index:8;font-family:'Anton';\"\n\t\t\t\t\t\t\t>Esdeveniments i festivals \n\t\t\t\t\t\t\t<\/rs-layer><!--\n-->\t\t\t\t\t\t<\/rs-slide>\n\t\t\t\t\t\t<rs-slide style=\"position: absolute;\" data-key=\"rs-92\" data-title=\"Slide\" data-thumb=\"\/\/turismo.benicassim.es\/wp-content\/uploads\/2021\/02\/torre-sant-vicent-50x100.jpg\" data-anim=\"ms:1000;r:0;\" data-in=\"o:0;\" data-out=\"a:false;\">\n\t\t\t\t\t\t\t<img decoding=\"async\" src=\"\/\/turismo.benicassim.es\/wp-content\/plugins\/revslider\/public\/assets\/assets\/dummy.png\" alt=\"\" title=\"danza-espaola&#8212;escenario_15903057907_o\" width=\"2500\" height=\"1667\" class=\"rev-slidebg tp-rs-img rs-lazyload\" data-lazyload=\"\/\/turismo.benicassim.es\/wp-content\/uploads\/2021\/03\/danza-espaola-escenario_15903057907_o-1.jpg\" data-no-retina>\n<!--\n\t\t\t\t\t\t\t--><rs-layer\n\t\t\t\t\t\t\t\tid=\"slider-31-slide-92-layer-2\" \n\t\t\t\t\t\t\t\tclass=\"letra-antonio\"\n\t\t\t\t\t\t\t\tdata-type=\"text\"\n\t\t\t\t\t\t\t\tdata-rsp_ch=\"on\"\n\t\t\t\t\t\t\t\tdata-xy=\"x:c;xo:0,0,0,1px;y:m;yo:0,-113px,-16px,-9px;\"\n\t\t\t\t\t\t\t\tdata-text=\"w:normal;s:60,70,65,60;l:90,82,75,73;ls:2px,0px,0px,0px;a:center;\"\n\t\t\t\t\t\t\t\tdata-dim=\"w:756px,361px,367px,387px;\"\n\t\t\t\t\t\t\t\tdata-frame_0=\"o:1;\"\n\t\t\t\t\t\t\t\tdata-frame_999=\"o:0;st:w;sR:8000;\"\n\t\t\t\t\t\t\t\tstyle=\"z-index:8;font-family:'Anton';\"\n\t\t\t\t\t\t\t>Esdeveniments i festivals \n\t\t\t\t\t\t\t<\/rs-layer><!--\n-->\t\t\t\t\t\t<\/rs-slide>\n\t\t\t\t\t<\/rs-slides>\n\t\t\t\t<\/rs-module>\n\t\t\t\t<script>\n\t\t\t\t\tsetREVStartSize({c: 'rev_slider_31_1',rl:[1240,1024,778,480],el:[550,680,420,400],gw:[1900,1024,778,480],gh:[550,680,420,400],type:'standard',justify:'',layout:'fullwidth',mh:\"0\"});if (window.RS_MODULES!==undefined && window.RS_MODULES.modules!==undefined && window.RS_MODULES.modules[\"revslider311\"]!==undefined) {window.RS_MODULES.modules[\"revslider311\"].once = false;window.revapi31 = undefined;if (window.RS_MODULES.checkMinimal!==undefined) window.RS_MODULES.checkMinimal()}\n\t\t\t\t<\/script>\n\t\t\t<\/rs-module-wrap>\n\t\t\t<!-- END REVOLUTION SLIDER -->\n[\/vc_column][\/vc_row][vc_row full_width=&#8221;stretch_row&#8221; el_class=&#8221;descripcion_celebraciones letra-montserrat&#8221; css=&#8221;.vc_custom_1615192407365{background-color: #ffffff !important;}&#8221;][vc_column el_class=&#8221;contenido&#8221;][vc_column_text el_class=&#8221;justify-text letra-montserrat&#8221;]<\/p>\n<h2 align=\"justify\"><i>Benic\u00e0ssim, Terra de Festivals.<\/i><\/h2>\n<p>Arriba l&#8217;estiu, els dies tenen m\u00e9s hores de sol. Qualsevol dia de l&#8217;any \u00e9s un moment perfecte per a per a gaudir d&#8217;un bon festival de m\u00fasica a Benic\u00e0ssim.<\/p>\n<p>No importa quin g\u00e8nere o estil de m\u00fasica t&#8217;agrade, t&#8217;assegurem que ac\u00ed trobar\u00e0s diversi\u00f3, riures i molts bons records.<br \/>\nDes del fam\u00f3s <a href=\"https:\/\/fiberfib.com\/\">Festival Internacional Benic\u00e0ssim (FIB)<\/a> que inunda els nostres carrers de m\u00fasica, fins als ritmes m\u00e9s assossegats del Festival de Blues o els ritmes tropicals del festival de reggae per excel\u00b7l\u00e8ncia, el <a href=\"https:\/\/rototomsunsplash.com\/\">Rototom Sunsplash<\/a>.<br \/>\nDurant el mes de juliol podr\u00e0s viure una experi\u00e8ncia renovadora al Parc Natural del Desert de les Palmes amb el Cicle de M\u00fasica Sacra.<\/p>\n<p>Per als amants del cinema, com diu Hitchock (\u00abEl cinema no \u00e9s un tros de vida, sin\u00f3 un tros de past\u00eds\u00bb), tamb\u00e9 tenim un tros de past\u00eds. Al juny se celebra un festival \u00fanic en la seua esp\u00e8cie que uneix cinema i m\u00fasica en directe, el QueerFest.<\/p>\n<p>Els seguidors de les arts esc\u00e8niques tampoc poden perdre&#8217;s el Festival de Teatre amb Bon Humor, amb companyies tant nacionals com internacionals, i el Festival de Teatre Reclam, que suposa una encertada aposta pels nous llenguatges de les arts esc\u00e8niques.[\/vc_column_text][\/vc_column][\/vc_row][vc_row el_class=&#8221;enlaces_home bloque submenu_descubre submenu_celebraciones&#8221;][vc_column width=&#8221;1\/12&#8243;][\/vc_column][vc_column width=&#8221;10\/12&#8243; el_class=&#8221;contenido&#8221;][vc_row_inner equal_height=&#8221;yes&#8221; el_class=&#8221;row_enlaces&#8221;][vc_column_inner el_class=&#8221;boton-turismo filtro-celebracion&#8221; width=&#8221;1\/4&#8243; css=&#8221;.vc_custom_1614876064471{background-color: #b997dd !important;}&#8221; el_id=&#8221;todo&#8221;][vc_raw_html el_class=&#8221;cuadrado item_ancla&#8221;]JTNDYSUyMGhyZWYlM0QlMjIlMjNyZXN1bHRhZG9DZWxlYnJhY2lvbmVzJTIyJTNFJTNDc3BhbiUzRSUzQ2ltZyUyMHNyYyUzRCUyMiUyRndwLWNvbnRlbnQlMkZ1cGxvYWRzJTJGMjAyMSUyRjAzJTJGZnVlZ29zLWFydGlmaWNpYWxlcy5zdmclMjIlM0UlM0MlMkZzcGFuJTNFJTBBJTNDaDMlM0VWZXVyZSUyMHRvdHMlMjBlbHMlMjBFc2RldmVuaW1lbnRzJTIwaSUyMEZlc3RpdmFscyUyMGRlJTIwQmVuaWMlQzMlQTBzc2ltJTNDJTJGaDMlM0UlM0MlMkZhJTNF[\/vc_raw_html][\/vc_column_inner][vc_column_inner el_class=&#8221;boton-turismo filtro-celebracion&#8221; width=&#8221;1\/4&#8243; css=&#8221;.vc_custom_1614876060372{background-color: #a3ba16 !important;}&#8221; el_id=&#8221;festival&#8221;][vc_raw_html el_class=&#8221;cuadrado item_ancla&#8221;]JTNDYSUyMGhyZWYlM0QlMjIlMjNyZXN1bHRhZG9DZWxlYnJhY2lvbmVzJTIyJTNFJTNDc3BhbiUzRSUzQ2ltZyUyMHNyYyUzRCUyMiUyRndwLWNvbnRlbnQlMkZ1cGxvYWRzJTJGMjAyMSUyRjAzJTJGZmVzdGl2YWwuc3ZnJTIyJTNFJTNDJTJGc3BhbiUzRSUwQSUzQ2gzJTNFRmVzdGl2YWxzJTIwYSUyMEJlbmljJUMzJUEwc3NpbSUzQyUyRmgzJTNFJTNDJTJGYSUzRSUwQQ==[\/vc_raw_html][\/vc_column_inner][vc_column_inner el_class=&#8221;boton-turismo filtro-celebracion&#8221; width=&#8221;1\/4&#8243; css=&#8221;.vc_custom_1614876056180{background-color: #ea9096 !important;}&#8221; el_id=&#8221;fiesta-local&#8221;][vc_raw_html el_class=&#8221;cuadrado item_ancla&#8221;]JTNDYSUyMGhyZWYlM0QlMjIlMjNyZXN1bHRhZG9DZWxlYnJhY2lvbmVzJTIyJTNFJTNDc3BhbiUzRSUzQ2ltZyUyMHNyYyUzRCUyMiUyRndwLWNvbnRlbnQlMkZ1cGxvYWRzJTJGMjAyMSUyRjAzJTJGZmllc3Rhcy5zdmclMjIlM0UlM0MlMkZzcGFuJTNFJTBBJTNDaDMlM0VGZXN0ZXMlMjBsb2NhbHMlMjBkZSUyMEJlbmljJUMzJUEwc3NpbSUzQyUyRmgzJTNFJTNDJTJGYSUzRSUwQQ==[\/vc_raw_html][\/vc_column_inner][vc_column_inner el_class=&#8221;boton-turismo filtro-celebracion&#8221; width=&#8221;1\/4&#8243; css=&#8221;.vc_custom_1614876050842{background-color: #b99b23 !important;}&#8221; el_id=&#8221;evento&#8221;][vc_raw_html el_class=&#8221;cuadrado item_ancla&#8221;]JTNDYSUyMGhyZWYlM0QlMjIlMjNyZXN1bHRhZG9DZWxlYnJhY2lvbmVzJTIyJTNFJTNDc3BhbiUzRSUzQ2ltZyUyMHNyYyUzRCUyMiUyRndwLWNvbnRlbnQlMkZ1cGxvYWRzJTJGMjAyMSUyRjAzJTJGZXZlbnRvLnN2ZyUyMiUzRSUzQyUyRnNwYW4lM0UlMEElM0NoMyUzRUVzZGV2ZW5pbWVudHMlMjBhJTIwQmVuaWMlQzMlQTBzc2ltJTNDJTJGaDMlM0UlM0MlMkZhJTNF[\/vc_raw_html][\/vc_column_inner][\/vc_row_inner][\/vc_column][vc_column width=&#8221;1\/12&#8243;][\/vc_column][\/vc_row][vc_row full_width=&#8221;stretch_row&#8221;][vc_column][vc_column_text el_id=&#8221;celebracion_texto_mostrando&#8221;]<\/p>\n<h2><strong>Mostrant:<\/strong> Tot<\/h2>\n<p>[\/vc_column_text][\/vc_column][\/vc_row][vc_row full_width=&#8221;stretch_row&#8221; el_class=&#8221;row_tipo_comer_dormir row_celebraciones letra-montserrat&#8221; el_id=&#8221;resultadoCelebraciones&#8221;][vc_column][vc_row_inner el_class=\"row_celebracion\"][vc_column_inner width=\"1\/3\" el_class=\"tarjeta-celebracion\"]<a href=\"https:\/\/turismo.benicassim.es\/va\/celebraciones\/fib\/\" ><div class=\"imagen_celebracion\"><div style=\"background-image:url(https:\/\/turismo.benicassim.es\/wp-content\/uploads\/2021\/03\/fib-logo-1.png)\"><\/div><\/div>[vc_column_text el_class=\"titulo_celebracion\"]<p>FIB - Festival Internacional Benic\u00e0ssim<\/p>[\/vc_column_text]<\/a>[\/vc_column_inner][vc_column_inner width=\"1\/3\" el_class=\"tarjeta-celebracion\"]<a href=\"https:\/\/turismo.benicassim.es\/va\/celebraciones\/dia-de-las-paellas-de-benicassim-fiesta-de-interes-turistico-autonomico\/\" ><div class=\"imagen_celebracion\"><div style=\"background-image:url(https:\/\/turismo.benicassim.es\/wp-content\/uploads\/2021\/03\/0123-Primer-Premi-scaled.jpg)\"><\/div><\/div>[vc_column_text el_class=\"titulo_celebracion\"]<p>Dia de les Paelles de Benic\u00e0ssim - Festa d'Inter\u00e9s Tur\u00edstic Auton\u00f2mic de la Comunitat Valenciana<\/p>[\/vc_column_text]<\/a>[\/vc_column_inner][vc_column_inner width=\"1\/3\" el_class=\"tarjeta-celebracion\"]<a href=\"https:\/\/turismo.benicassim.es\/va\/celebraciones\/fiestas-locales\/\" ><div class=\"imagen_celebracion\"><div style=\"background-image:url(https:\/\/turismo.benicassim.es\/wp-content\/uploads\/2021\/03\/NDP-1er-dia-fiestas-Sant-Antoni-2024-5.png)\"><\/div><\/div>[vc_column_text el_class=\"titulo_celebracion\"]<p>Festes locals<\/p>[\/vc_column_text]<\/a>[\/vc_column_inner][\/vc_row_inner][vc_row_inner el_class=\"row_celebracion\"][vc_column_inner width=\"1\/3\" el_class=\"tarjeta-celebracion\"]<a href=\"https:\/\/turismo.benicassim.es\/va\/celebraciones\/certamen-internacional-de-guitarra-francisco-tarrega\/\" ><div class=\"imagen_celebracion\"><div style=\"background-image:url(https:\/\/turismo.benicassim.es\/wp-content\/uploads\/2021\/03\/Certamen-de-guitarra-scaled-1.jpg)\"><\/div><\/div>[vc_column_text el_class=\"titulo_celebracion\"]<p>Certamen Internacional de Guitarra Francisco T\u00e1rrega<\/p>[\/vc_column_text]<\/a>[\/vc_column_inner][vc_column_inner width=\"1\/3\" el_class=\"tarjeta-celebracion\"]<a href=\"https:\/\/turismo.benicassim.es\/va\/celebraciones\/festival-de-magia-imagina-benicassim\/\" ><div class=\"imagen_celebracion\"><div style=\"background-image:url(https:\/\/turismo.benicassim.es\/wp-content\/uploads\/2021\/03\/imagina-magia-logo.jpg)\"><\/div><\/div>[vc_column_text el_class=\"titulo_celebracion\"]<p>Festival de M\u00e0gia Imagina Benic\u00e0ssim<\/p>[\/vc_column_text]<\/a>[\/vc_column_inner][vc_column_inner width=\"1\/3\" el_class=\"tarjeta-celebracion\"]<a href=\"https:\/\/turismo.benicassim.es\/va\/celebraciones\/benicassim-belle-epoque\/\" ><div class=\"imagen_celebracion\"><div style=\"background-image:url(https:\/\/turismo.benicassim.es\/wp-content\/uploads\/2021\/03\/recorte-BBE-generico.png)\"><\/div><\/div>[vc_column_text el_class=\"titulo_celebracion\"]<p>Benic\u00e0ssim Belle \u00c9poque<\/p>[\/vc_column_text]<\/a>[\/vc_column_inner][\/vc_row_inner][vc_row_inner el_class=\"row_celebracion\"][vc_column_inner width=\"1\/3\" el_class=\"tarjeta-celebracion\"]<a href=\"https:\/\/turismo.benicassim.es\/va\/celebraciones\/festival-de-reggae-rototom-sunsplash-2020\/\" ><div class=\"imagen_celebracion\"><div style=\"background-image:url(https:\/\/turismo.benicassim.es\/wp-content\/uploads\/2021\/03\/rototom-sunsplash-logo.jpg)\"><\/div><\/div>[vc_column_text el_class=\"titulo_celebracion\"]<p>Festival de Reggae Rototom Sunsplash<\/p>[\/vc_column_text]<\/a>[\/vc_column_inner][vc_column_inner width=\"1\/3\" el_class=\"tarjeta-celebracion\"]<a href=\"https:\/\/turismo.benicassim.es\/va\/celebraciones\/san-san-festival-benicassim\/\" ><div class=\"imagen_celebracion\"><div style=\"background-image:url(https:\/\/turismo.benicassim.es\/wp-content\/uploads\/2021\/03\/Cartel-San-San-2026-no-hay-generico-e1762178692108.png)\"><\/div><\/div>[vc_column_text el_class=\"titulo_celebracion\"]<p>SAN SAN Festival Benic\u00e0ssim<\/p>[\/vc_column_text]<\/a>[\/vc_column_inner][vc_column_inner width=\"1\/3\" el_class=\"tarjeta-celebracion\"]<a href=\"https:\/\/turismo.benicassim.es\/va\/celebraciones\/benicassim-blues-festival\/\" ><div class=\"imagen_celebracion\"><div style=\"background-image:url(https:\/\/turismo.benicassim.es\/wp-content\/uploads\/2026\/04\/69d66c415ef52-scaled.jpg)\"><\/div><\/div>[vc_column_text el_class=\"titulo_celebracion\"]<p>Benic\u00e0ssim Blues Festival<\/p>[\/vc_column_text]<\/a>[\/vc_column_inner][\/vc_row_inner][vc_row_inner el_class=\"row_celebracion\"][vc_column_inner width=\"1\/3\" el_class=\"tarjeta-celebracion\"]<a href=\"https:\/\/turismo.benicassim.es\/va\/celebraciones\/benicassim-inspira\/\" ><div class=\"imagen_celebracion\"><div style=\"background-image:url(https:\/\/turismo.benicassim.es\/wp-content\/uploads\/2021\/03\/INSPIRA1-1.jpg)\"><\/div><\/div>[vc_column_text el_class=\"titulo_celebracion\"]<p>Benic\u00e0ssim Inspira<\/p>[\/vc_column_text]<\/a>[\/vc_column_inner][vc_column_inner width=\"1\/3\" el_class=\"tarjeta-celebracion\"]<a href=\"https:\/\/turismo.benicassim.es\/va\/celebraciones\/benicassim-torre-a-la-vista\/\" ><div class=\"imagen_celebracion\"><div style=\"background-image:url(https:\/\/turismo.benicassim.es\/wp-content\/uploads\/2021\/03\/5a61a40dde785_torrevista-1.jpg)\"><\/div><\/div>[vc_column_text el_class=\"titulo_celebracion\"]<p>Benic\u00e0ssim, \u00a1Torre a la Vista!<\/p>[\/vc_column_text]<\/a>[\/vc_column_inner][vc_column_inner width=\"1\/3\" el_class=\"tarjeta-celebracion\"]<a href=\"https:\/\/turismo.benicassim.es\/va\/celebraciones\/benicassim-flamenco-fusion-gastro-festival\/\" ><div class=\"imagen_celebracion\"><div style=\"background-image:url(https:\/\/turismo.benicassim.es\/wp-content\/uploads\/2021\/03\/5e5cf447cbdee_flamenco.jpg)\"><\/div><\/div>[vc_column_text el_class=\"titulo_celebracion\"]<p>Benic\u00e0ssim Flamenco Fusi\u00f3n Gastro Festival<\/p>[\/vc_column_text]<\/a>[\/vc_column_inner][\/vc_row_inner][\/vc_column][\/vc_row]<\/p>\n","protected":false},"excerpt":{"rendered":"<p>[vc_row full_width=&#8221;stretch_row&#8221; el_class=&#8221;breadcrumb-container banner letra-montserrat&#8221;][vc_column][\/vc_column][\/vc_row][vc_row][vc_column][\/vc_column][\/vc_row][vc_row full_width=&#8221;stretch_row&#8221; el_class=&#8221;descripcion_celebraciones letra-montserrat&#8221; css=&#8221;.vc_custom_1615192407365{background-color: #ffffff !important;}&#8221;][vc_column el_class=&#8221;contenido&#8221;][vc_column_text el_class=&#8221;justify-text letra-montserrat&#8221;] Benic\u00e0ssim, Terra de Festivals. Arriba l&#8217;estiu, els dies tenen m\u00e9s hores de sol. Qualsevol dia de l&#8217;any \u00e9s un moment perfecte per a per a gaudir d&#8217;un bon festival de m\u00fasica a Benic\u00e0ssim. No importa quin g\u00e8nere o estil de m\u00fasica [&hellip;]<\/p>\n","protected":false},"author":1,"featured_media":0,"parent":0,"menu_order":0,"comment_status":"closed","ping_status":"closed","template":"","meta":{"_acf_changed":false,"footnotes":""},"class_list":["post-39571","page","type-page","status-publish","hentry"],"acf":[],"yoast_head":"<!-- This site is optimized with the Yoast SEO plugin v27.4 - https:\/\/yoast.com\/product\/yoast-seo-wordpress\/ -->\n<title>Festivals de Benic\u00e0ssim, Festes locals i Esdeveniments<\/title>\n<meta name=\"description\" content=\"Tira un ull als Festivals a Benic\u00e0ssim, a m\u00e9s de les festes locals i els esdeveniments del moment als quals pots assistir.\" \/>\n<meta name=\"robots\" content=\"index, follow, max-snippet:-1, max-image-preview:large, max-video-preview:-1\" \/>\n<link rel=\"canonical\" href=\"https:\/\/turismo.benicassim.es\/va\/esdeveniments-y-festivals\/\" \/>\n<meta property=\"og:locale\" content=\"en_US\" \/>\n<meta property=\"og:type\" content=\"article\" \/>\n<meta property=\"og:title\" content=\"Festivals de Benic\u00e0ssim, Festes locals i Esdeveniments\" \/>\n<meta property=\"og:description\" content=\"Tira un ull als Festivals a Benic\u00e0ssim, a m\u00e9s de les festes locals i els esdeveniments del moment als quals pots assistir.\" \/>\n<meta property=\"og:url\" content=\"https:\/\/turismo.benicassim.es\/va\/esdeveniments-y-festivals\/\" \/>\n<meta property=\"og:site_name\" content=\"Benic\u00e0ssim Turismo\" \/>\n<meta property=\"article:modified_time\" content=\"2022-11-28T10:15:04+00:00\" \/>\n<meta name=\"twitter:card\" content=\"summary_large_image\" \/>\n<meta name=\"twitter:label1\" content=\"Est. reading time\" \/>\n\t<meta name=\"twitter:data1\" content=\"2 minutes\" \/>\n<script type=\"application\/ld+json\" class=\"yoast-schema-graph\">{\"@context\":\"https:\\\/\\\/schema.org\",\"@graph\":[{\"@type\":\"WebPage\",\"@id\":\"https:\\\/\\\/turismo.benicassim.es\\\/va\\\/esdeveniments-y-festivals\\\/\",\"url\":\"https:\\\/\\\/turismo.benicassim.es\\\/va\\\/esdeveniments-y-festivals\\\/\",\"name\":\"Festivals de Benic\u00e0ssim, Festes locals i Esdeveniments\",\"isPartOf\":{\"@id\":\"https:\\\/\\\/turismo.benicassim.es\\\/va\\\/#website\"},\"datePublished\":\"2021-03-16T08:21:57+00:00\",\"dateModified\":\"2022-11-28T10:15:04+00:00\",\"description\":\"Tira un ull als Festivals a Benic\u00e0ssim, a m\u00e9s de les festes locals i els esdeveniments del moment als quals pots assistir.\",\"breadcrumb\":{\"@id\":\"https:\\\/\\\/turismo.benicassim.es\\\/va\\\/esdeveniments-y-festivals\\\/#breadcrumb\"},\"inLanguage\":\"ca-CA\",\"potentialAction\":[{\"@type\":\"ReadAction\",\"target\":[\"https:\\\/\\\/turismo.benicassim.es\\\/va\\\/esdeveniments-y-festivals\\\/\"]}]},{\"@type\":\"BreadcrumbList\",\"@id\":\"https:\\\/\\\/turismo.benicassim.es\\\/va\\\/esdeveniments-y-festivals\\\/#breadcrumb\",\"itemListElement\":[{\"@type\":\"ListItem\",\"position\":1,\"name\":\"Inicio\",\"item\":\"https:\\\/\\\/turismo.benicassim.es\\\/va\\\/\"},{\"@type\":\"ListItem\",\"position\":2,\"name\":\"Esdeveniments i Festivals\"}]},{\"@type\":\"WebSite\",\"@id\":\"https:\\\/\\\/turismo.benicassim.es\\\/va\\\/#website\",\"url\":\"https:\\\/\\\/turismo.benicassim.es\\\/va\\\/\",\"name\":\"Benic\u00e0ssim Turismo\",\"description\":\"Web de informaci\u00f3n de Turismo en Benicasim\",\"potentialAction\":[{\"@type\":\"SearchAction\",\"target\":{\"@type\":\"EntryPoint\",\"urlTemplate\":\"https:\\\/\\\/turismo.benicassim.es\\\/va\\\/?s={search_term_string}\"},\"query-input\":{\"@type\":\"PropertyValueSpecification\",\"valueRequired\":true,\"valueName\":\"search_term_string\"}}],\"inLanguage\":\"ca-CA\"}]}<\/script>\n<!-- \/ Yoast SEO plugin. -->","yoast_head_json":{"title":"Festivals de Benic\u00e0ssim, Festes locals i Esdeveniments","description":"Tira un ull als Festivals a Benic\u00e0ssim, a m\u00e9s de les festes locals i els esdeveniments del moment als quals pots assistir.","robots":{"index":"index","follow":"follow","max-snippet":"max-snippet:-1","max-image-preview":"max-image-preview:large","max-video-preview":"max-video-preview:-1"},"canonical":"https:\/\/turismo.benicassim.es\/va\/esdeveniments-y-festivals\/","og_locale":"en_US","og_type":"article","og_title":"Festivals de Benic\u00e0ssim, Festes locals i Esdeveniments","og_description":"Tira un ull als Festivals a Benic\u00e0ssim, a m\u00e9s de les festes locals i els esdeveniments del moment als quals pots assistir.","og_url":"https:\/\/turismo.benicassim.es\/va\/esdeveniments-y-festivals\/","og_site_name":"Benic\u00e0ssim Turismo","article_modified_time":"2022-11-28T10:15:04+00:00","twitter_card":"summary_large_image","twitter_misc":{"Est. reading time":"2 minutes"},"schema":{"@context":"https:\/\/schema.org","@graph":[{"@type":"WebPage","@id":"https:\/\/turismo.benicassim.es\/va\/esdeveniments-y-festivals\/","url":"https:\/\/turismo.benicassim.es\/va\/esdeveniments-y-festivals\/","name":"Festivals de Benic\u00e0ssim, Festes locals i Esdeveniments","isPartOf":{"@id":"https:\/\/turismo.benicassim.es\/va\/#website"},"datePublished":"2021-03-16T08:21:57+00:00","dateModified":"2022-11-28T10:15:04+00:00","description":"Tira un ull als Festivals a Benic\u00e0ssim, a m\u00e9s de les festes locals i els esdeveniments del moment als quals pots assistir.","breadcrumb":{"@id":"https:\/\/turismo.benicassim.es\/va\/esdeveniments-y-festivals\/#breadcrumb"},"inLanguage":"ca-CA","potentialAction":[{"@type":"ReadAction","target":["https:\/\/turismo.benicassim.es\/va\/esdeveniments-y-festivals\/"]}]},{"@type":"BreadcrumbList","@id":"https:\/\/turismo.benicassim.es\/va\/esdeveniments-y-festivals\/#breadcrumb","itemListElement":[{"@type":"ListItem","position":1,"name":"Inicio","item":"https:\/\/turismo.benicassim.es\/va\/"},{"@type":"ListItem","position":2,"name":"Esdeveniments i Festivals"}]},{"@type":"WebSite","@id":"https:\/\/turismo.benicassim.es\/va\/#website","url":"https:\/\/turismo.benicassim.es\/va\/","name":"Benic\u00e0ssim Turismo","description":"Web de informaci\u00f3n de Turismo en Benicasim","potentialAction":[{"@type":"SearchAction","target":{"@type":"EntryPoint","urlTemplate":"https:\/\/turismo.benicassim.es\/va\/?s={search_term_string}"},"query-input":{"@type":"PropertyValueSpecification","valueRequired":true,"valueName":"search_term_string"}}],"inLanguage":"ca-CA"}]}},"_links":{"self":[{"href":"https:\/\/turismo.benicassim.es\/va\/wp-json\/wp\/v2\/pages\/39571","targetHints":{"allow":["GET"]}}],"collection":[{"href":"https:\/\/turismo.benicassim.es\/va\/wp-json\/wp\/v2\/pages"}],"about":[{"href":"https:\/\/turismo.benicassim.es\/va\/wp-json\/wp\/v2\/types\/page"}],"author":[{"embeddable":true,"href":"https:\/\/turismo.benicassim.es\/va\/wp-json\/wp\/v2\/users\/1"}],"replies":[{"embeddable":true,"href":"https:\/\/turismo.benicassim.es\/va\/wp-json\/wp\/v2\/comments?post=39571"}],"version-history":[{"count":13,"href":"https:\/\/turismo.benicassim.es\/va\/wp-json\/wp\/v2\/pages\/39571\/revisions"}],"predecessor-version":[{"id":68909,"href":"https:\/\/turismo.benicassim.es\/va\/wp-json\/wp\/v2\/pages\/39571\/revisions\/68909"}],"wp:attachment":[{"href":"https:\/\/turismo.benicassim.es\/va\/wp-json\/wp\/v2\/media?parent=39571"}],"curies":[{"name":"wp","href":"https:\/\/api.w.org\/{rel}","templated":true}]}}