{"id":39579,"date":"2021-03-16T08:28:01","date_gmt":"2021-03-16T08:28:01","guid":{"rendered":"http:\/\/bturismo.atic.green\/?page_id=39579"},"modified":"2022-11-24T11:08:27","modified_gmt":"2022-11-24T10:08:27","slug":"gastronomia","status":"publish","type":"page","link":"https:\/\/turismo.benicassim.es\/va\/gastronomia\/","title":{"rendered":"Gastronomia"},"content":{"rendered":"<p>[vc_row full_width=&#8221;stretch_row&#8221; el_class=&#8221;breadcrumb-container banner letra-montserrat&#8221;][vc_column]<div class=\"my-breadcrumb\" style=\"display:inline-block;\"><a href=\"https:\/\/turismo.benicassim.es\/va\/\" class=\"link-color-2\">Inici<\/a> \/ <span>Gastronomia<\/span><\/div>[\/vc_column][\/vc_row][vc_row][vc_column]\n\t\t\t<!-- START Gastronomia REVOLUTION SLIDER 6.6.14 --><p class=\"rs-p-wp-fix\"><\/p>\n\t\t\t<rs-module-wrap id=\"rev_slider_22_1_wrapper\" data-source=\"gallery\" style=\"visibility:hidden;background:transparent;padding:0;margin:0px auto;margin-top:0;margin-bottom:0;\">\n\t\t\t\t<rs-module id=\"rev_slider_22_1\" style=\"\" data-version=\"6.6.14\">\n\t\t\t\t\t<rs-slides style=\"overflow: hidden; position: absolute;\">\n\t\t\t\t\t\t<rs-slide style=\"position: absolute;\" data-key=\"rs-55\" data-title=\"Slide\" data-thumb=\"\/\/turismo.benicassim.es\/wp-content\/uploads\/2021\/02\/torre-sant-vicent-50x100.jpg\" data-anim=\"ms:1000;r:0;\" data-in=\"o:0;\" data-out=\"a:false;\">\n\t\t\t\t\t\t\t<img decoding=\"async\" src=\"\/\/turismo.benicassim.es\/wp-content\/plugins\/revslider\/public\/assets\/assets\/dummy.png\" alt=\"\" title=\"g4\" width=\"2560\" height=\"1364\" class=\"rev-slidebg tp-rs-img rs-lazyload\" data-lazyload=\"\/\/turismo.benicassim.es\/wp-content\/uploads\/2021\/03\/g4-scaled.jpg\" data-no-retina>\n<!--\n\t\t\t\t\t\t\t--><h1\n\t\t\t\t\t\t\t\tid=\"slider-22-slide-55-layer-2\" \n\t\t\t\t\t\t\t\tclass=\"rs-layer letra-antonio\"\n\t\t\t\t\t\t\t\tdata-type=\"text\"\n\t\t\t\t\t\t\t\tdata-rsp_ch=\"on\"\n\t\t\t\t\t\t\t\tdata-xy=\"x:c;xo:0,0,0,1px;y:m;yo:0,-113px,-16px,-9px;\"\n\t\t\t\t\t\t\t\tdata-text=\"w:normal;s:60,70,65,60;l:90,82,75,73;ls:2px,0px,0px,0px;a:center;\"\n\t\t\t\t\t\t\t\tdata-dim=\"w:756px,361px,367px,387px;\"\n\t\t\t\t\t\t\t\tdata-frame_0=\"o:1;\"\n\t\t\t\t\t\t\t\tdata-frame_999=\"o:0;st:w;sR:8000;\"\n\t\t\t\t\t\t\t\tstyle=\"z-index:8;font-family:'Anton';\"\n\t\t\t\t\t\t\t>Gastronomia de Benic\u00e0ssim \n\t\t\t\t\t\t\t<\/h1><!--\n-->\t\t\t\t\t\t<\/rs-slide>\n\t\t\t\t\t\t<rs-slide style=\"position: absolute;\" data-key=\"rs-56\" data-title=\"Slide\" data-thumb=\"\/\/turismo.benicassim.es\/wp-content\/uploads\/2021\/02\/torre-sant-vicent-50x100.jpg\" data-anim=\"ms:1000;r:0;\" data-in=\"o:0;\" data-out=\"a:false;\">\n\t\t\t\t\t\t\t<img decoding=\"async\" src=\"\/\/turismo.benicassim.es\/wp-content\/plugins\/revslider\/public\/assets\/assets\/dummy.png\" alt=\"\" title=\"g2\" width=\"2090\" height=\"1694\" class=\"rev-slidebg tp-rs-img rs-lazyload\" data-lazyload=\"\/\/turismo.benicassim.es\/wp-content\/uploads\/2021\/03\/g2.jpg\" data-no-retina>\n<!--\n\t\t\t\t\t\t\t--><rs-layer\n\t\t\t\t\t\t\t\tid=\"slider-22-slide-56-layer-2\" \n\t\t\t\t\t\t\t\tclass=\"letra-antonio\"\n\t\t\t\t\t\t\t\tdata-type=\"text\"\n\t\t\t\t\t\t\t\tdata-rsp_ch=\"on\"\n\t\t\t\t\t\t\t\tdata-xy=\"x:c;xo:0,0,0,1px;y:m;yo:0,-113px,-16px,-9px;\"\n\t\t\t\t\t\t\t\tdata-text=\"w:normal;s:60,70,65,60;l:90,82,75,73;ls:2px,0px,0px,0px;a:center;\"\n\t\t\t\t\t\t\t\tdata-dim=\"w:756px,361px,367px,387px;\"\n\t\t\t\t\t\t\t\tdata-frame_0=\"o:1;\"\n\t\t\t\t\t\t\t\tdata-frame_999=\"o:0;st:w;sR:8000;\"\n\t\t\t\t\t\t\t\tstyle=\"z-index:8;font-family:'Anton';\"\n\t\t\t\t\t\t\t>Gastronomia de Benic\u00e0ssim \n\t\t\t\t\t\t\t<\/rs-layer><!--\n-->\t\t\t\t\t\t<\/rs-slide>\n\t\t\t\t\t\t<rs-slide style=\"position: absolute;\" data-key=\"rs-57\" data-title=\"Slide\" data-thumb=\"\/\/turismo.benicassim.es\/wp-content\/uploads\/2021\/02\/torre-sant-vicent-50x100.jpg\" data-anim=\"ms:1000;r:0;\" data-in=\"o:0;\" data-out=\"a:false;\">\n\t\t\t\t\t\t\t<img decoding=\"async\" src=\"\/\/turismo.benicassim.es\/wp-content\/plugins\/revslider\/public\/assets\/assets\/dummy.png\" alt=\"\" title=\"g1\" width=\"2096\" height=\"1696\" class=\"rev-slidebg tp-rs-img rs-lazyload\" data-lazyload=\"\/\/turismo.benicassim.es\/wp-content\/uploads\/2021\/03\/g1.jpg\" data-no-retina>\n<!--\n\t\t\t\t\t\t\t--><rs-layer\n\t\t\t\t\t\t\t\tid=\"slider-22-slide-57-layer-2\" \n\t\t\t\t\t\t\t\tclass=\"letra-antonio\"\n\t\t\t\t\t\t\t\tdata-type=\"text\"\n\t\t\t\t\t\t\t\tdata-rsp_ch=\"on\"\n\t\t\t\t\t\t\t\tdata-xy=\"x:c;xo:0,0,0,1px;y:m;yo:0,-113px,-16px,-9px;\"\n\t\t\t\t\t\t\t\tdata-text=\"w:normal;s:60,70,65,60;l:90,82,75,73;ls:2px,0px,0px,0px;a:center;\"\n\t\t\t\t\t\t\t\tdata-dim=\"w:756px,361px,367px,387px;\"\n\t\t\t\t\t\t\t\tdata-frame_0=\"o:1;\"\n\t\t\t\t\t\t\t\tdata-frame_999=\"o:0;st:w;sR:8000;\"\n\t\t\t\t\t\t\t\tstyle=\"z-index:8;font-family:'Anton';\"\n\t\t\t\t\t\t\t>Gastronomia de Benic\u00e0ssim \n\t\t\t\t\t\t\t<\/rs-layer><!--\n-->\t\t\t\t\t\t<\/rs-slide>\n\t\t\t\t\t\t<rs-slide style=\"position: absolute;\" data-key=\"rs-58\" data-title=\"Slide\" data-thumb=\"\/\/turismo.benicassim.es\/wp-content\/uploads\/2021\/02\/torre-sant-vicent-50x100.jpg\" data-anim=\"ms:1000;r:0;\" data-in=\"o:0;\" data-out=\"a:false;\">\n\t\t\t\t\t\t\t<img decoding=\"async\" src=\"\/\/turismo.benicassim.es\/wp-content\/plugins\/revslider\/public\/assets\/assets\/dummy.png\" alt=\"\" title=\"g3\" width=\"2560\" height=\"1391\" class=\"rev-slidebg tp-rs-img rs-lazyload\" data-lazyload=\"\/\/turismo.benicassim.es\/wp-content\/uploads\/2021\/03\/g3-scaled.jpg\" data-no-retina>\n<!--\n\t\t\t\t\t\t\t--><rs-layer\n\t\t\t\t\t\t\t\tid=\"slider-22-slide-58-layer-2\" \n\t\t\t\t\t\t\t\tclass=\"letra-antonio\"\n\t\t\t\t\t\t\t\tdata-type=\"text\"\n\t\t\t\t\t\t\t\tdata-rsp_ch=\"on\"\n\t\t\t\t\t\t\t\tdata-xy=\"x:c;xo:0,0,0,1px;y:m;yo:0,-113px,-16px,-9px;\"\n\t\t\t\t\t\t\t\tdata-text=\"w:normal;s:60,70,65,60;l:90,82,75,73;ls:2px,0px,0px,0px;a:center;\"\n\t\t\t\t\t\t\t\tdata-dim=\"w:756px,361px,367px,387px;\"\n\t\t\t\t\t\t\t\tdata-frame_0=\"o:1;\"\n\t\t\t\t\t\t\t\tdata-frame_999=\"o:0;st:w;sR:8000;\"\n\t\t\t\t\t\t\t\tstyle=\"z-index:8;font-family:'Anton';\"\n\t\t\t\t\t\t\t>Gastronomia de Benic\u00e0ssim \n\t\t\t\t\t\t\t<\/rs-layer><!--\n-->\t\t\t\t\t\t<\/rs-slide>\n\t\t\t\t\t<\/rs-slides>\n\t\t\t\t<\/rs-module>\n\t\t\t\t<script>\n\t\t\t\t\tsetREVStartSize({c: 'rev_slider_22_1',rl:[1240,1024,778,480],el:[550,680,420,400],gw:[1900,1024,778,480],gh:[550,680,420,400],type:'standard',justify:'',layout:'fullwidth',mh:\"0\"});if (window.RS_MODULES!==undefined && window.RS_MODULES.modules!==undefined && window.RS_MODULES.modules[\"revslider221\"]!==undefined) {window.RS_MODULES.modules[\"revslider221\"].once = false;window.revapi22 = undefined;if (window.RS_MODULES.checkMinimal!==undefined) window.RS_MODULES.checkMinimal()}\n\t\t\t\t<\/script>\n\t\t\t<\/rs-module-wrap>\n\t\t\t<!-- END REVOLUTION SLIDER -->\n[\/vc_column][\/vc_row][vc_row el_class=&#8221;letra-montserrat&#8221; css=&#8221;.vc_custom_1614763438183{margin-top: 50px !important;}&#8221;][vc_column width=&#8221;1\/6&#8243;][\/vc_column][vc_column width=&#8221;2\/3&#8243;][vc_column_text el_class=&#8221;letra-montserrat justify-text&#8221;]<\/p>\n<h2 style=\"text-align: center;\">Els Sabors dels Plats T\u00edpics de Benic\u00e0ssim<\/h2>\n<p>[\/vc_column_text][\/vc_column][vc_column width=&#8221;1\/6&#8243;][\/vc_column][\/vc_row][vc_row el_class=&#8221;bloque otros_platos_bottom&#8221; css=&#8221;.vc_custom_1615201940209{padding-top: 40px !important;padding-bottom: 40px !important;}&#8221;][vc_column width=&#8221;1\/2&#8243;][vc_raw_html]JTNDYSUyMGhyZWYlM0QlMjIlMkZ2YSUyRmdhc3Ryb25vbWlhJTJGcGxhdHMtdHJhZGljaW9uYWxzJTJGJTIyJTNFJTBBJTNDZGl2JTIwY2xhc3MlM0QlMjJpbnRlcmVzX2dhc3Ryb25vbWlhJTIyJTIwc3R5bGUlM0QlMjJiYWNrZ3JvdW5kLWltYWdlJTNBJTIwbGluZWFyLWdyYWRpZW50JTI4dG8lMjByaWdodCUyQyUyMHJnYiUyODAlMkMwJTJDMCUyQyUyMC40JTI5JTJDJTIwcmdiJTI4MCUyQzAlMkMwJTJDJTIwLjQlMjklMjklMkMlMEElMDl1cmwlMjglMjclMkZ3cC1jb250ZW50JTJGdXBsb2FkcyUyRjIwMjElMkYwMyUyRnAxLmpwZyUyNyUyOSUzQiUyMGJhY2tncm91bmQtcmVwZWF0JTNBbm8tcmVwZWF0JTNCJTIwYmFja2dyb3VuZC1zaXplJTNBY292ZXIlM0IlMjIlM0UlMEElM0NwJTIwY2xhc3MlM0QlMjJ0aXR1bG8lMjIlM0VQbGF0cyUyMFRyYWRpY2lvbmFscyUzQyUyRnAlM0UlMEElM0MlMkZkaXYlM0UlMEElM0MlMkZhJTNF[\/vc_raw_html][\/vc_column][vc_column width=&#8221;1\/2&#8243;][vc_raw_html]JTNDYSUyMGhyZWYlM0QlMjIlMkZ2YSUyRmdhc3Ryb25vbWlhJTJGcHJvcG9zdGVzLWRlbHMtbm9zdHJlcy1yZXN0YXVyYW50cyUyRiUyMCUyMiUzRSUwQSUzQ2RpdiUyMGNsYXNzJTNEJTIyaW50ZXJlc19nYXN0cm9ub21pYSUyMiUyMHN0eWxlJTNEJTIyYmFja2dyb3VuZC1pbWFnZSUzQSUyMGxpbmVhci1ncmFkaWVudCUyOHRvJTIwcmlnaHQlMkMlMjByZ2IlMjgwJTJDMCUyQzAlMkMlMjAuNCUyOSUyQyUyMHJnYiUyODAlMkMwJTJDMCUyQyUyMC40JTI5JTI5JTJDJTBBJTA5dXJsJTI4JTI3JTJGd3AtY29udGVudCUyRnVwbG9hZHMlMkYyMDIxJTJGMDMlMkZwMi5qcGclMjclMjklM0IlMjBiYWNrZ3JvdW5kLXJlcGVhdCUzQW5vLXJlcGVhdCUzQiUyMGJhY2tncm91bmQtc2l6ZSUzQWNvdmVyJTNCJTIyJTNFJTBBJTNDcCUyMGNsYXNzJTNEJTIydGl0dWxvJTIyJTNFUHJvcG9zdGVzJTIwZGVscyUyMG5vc3RyZXMlMjByZXN0YXVyYW50cyUzQyUyRnAlM0UlMEElM0MlMkZkaXYlM0UlMEElM0MlMkZhJTNF[\/vc_raw_html][\/vc_column][\/vc_row][vc_row el_class=&#8221;letra-montserrat&#8221; css=&#8221;.vc_custom_1615201893891{margin-bottom: 60px !important;}&#8221;][vc_column width=&#8221;1\/6&#8243;][\/vc_column][vc_column width=&#8221;2\/3&#8243;][vc_column_text el_class=&#8221;letra-montserrat justify-text&#8221;]<\/p>\n<p style=\"text-align: center;\"><span style=\"font-size: medium;\">El millor de la mar. El millor de la terra.<\/span><\/p>\n<p style=\"text-align: center;\"><span style=\"font-size: medium;\">Plats exquisits t\u00edpics de la dieta mediterr\u00e0nia esperen que els descobrisques i assaborisques en primera persona. Des d&#8217;unes sardines de llotja fins a la nostra tradicional i famosa paella.<\/span><\/p>\n<p style=\"text-align: center;\"><span style=\"font-size: medium;\">Si eres ll\u00e9pol, podr\u00e0s triar les postres que m\u00e9s que t&#8217;agraden entre una gran i variada rebosteria casolana. A m\u00e9s, si vens de visita, et podr\u00e0s delectar amb la nostra fruita fresca, com el ra\u00efm de moscatell o la taronja dels nostres horts benicassuts.<\/span><\/p>\n<p style=\"text-align: center;\"><span style=\"font-size: medium;\">I per a beure? Tens quasi l&#8217;obligaci\u00f3 de tastar el fam\u00f3s licor carmelit\u00e0, elaborat pels monjos del Desert de les Palmes.<\/span><\/p>\n<p style=\"text-align: center;\"><span style=\"font-size: medium;\">A m\u00e9s, a Benic\u00e0ssim tamb\u00e9 podr\u00e0s gaudir de restaurants internacionals, gastrorestaurants i cuina de fusi\u00f3.<\/span><\/p>\n<p style=\"text-align: center;\"><span style=\"font-size: medium;\">Se t&#8217;ha obert l&#8217;apetit?<\/span><\/p>\n<p>[\/vc_column_text][\/vc_column][vc_column width=&#8221;1\/6&#8243;][\/vc_column][\/vc_row]<\/p>\n","protected":false},"excerpt":{"rendered":"<p>[vc_row full_width=&#8221;stretch_row&#8221; el_class=&#8221;breadcrumb-container banner letra-montserrat&#8221;][vc_column][\/vc_column][\/vc_row][vc_row][vc_column][\/vc_column][\/vc_row][vc_row el_class=&#8221;letra-montserrat&#8221; css=&#8221;.vc_custom_1614763438183{margin-top: 50px !important;}&#8221;][vc_column width=&#8221;1\/6&#8243;][\/vc_column][vc_column width=&#8221;2\/3&#8243;][vc_column_text el_class=&#8221;letra-montserrat justify-text&#8221;] Els Sabors dels Plats T\u00edpics de Benic\u00e0ssim [\/vc_column_text][\/vc_column][vc_column width=&#8221;1\/6&#8243;][\/vc_column][\/vc_row][vc_row el_class=&#8221;bloque otros_platos_bottom&#8221; css=&#8221;.vc_custom_1615201940209{padding-top: 40px !important;padding-bottom: 40px !important;}&#8221;][vc_column width=&#8221;1\/2&#8243;][vc_raw_html]JTNDYSUyMGhyZWYlM0QlMjIlMkZ2YSUyRmdhc3Ryb25vbWlhJTJGcGxhdHMtdHJhZGljaW9uYWxzJTJGJTIyJTNFJTBBJTNDZGl2JTIwY2xhc3MlM0QlMjJpbnRlcmVzX2dhc3Ryb25vbWlhJTIyJTIwc3R5bGUlM0QlMjJiYWNrZ3JvdW5kLWltYWdlJTNBJTIwbGluZWFyLWdyYWRpZW50JTI4dG8lMjByaWdodCUyQyUyMHJnYiUyODAlMkMwJTJDMCUyQyUyMC40JTI5JTJDJTIwcmdiJTI4MCUyQzAlMkMwJTJDJTIwLjQlMjklMjklMkMlMEElMDl1cmwlMjglMjclMkZ3cC1jb250ZW50JTJGdXBsb2FkcyUyRjIwMjElMkYwMyUyRnAxLmpwZyUyNyUyOSUzQiUyMGJhY2tncm91bmQtcmVwZWF0JTNBbm8tcmVwZWF0JTNCJTIwYmFja2dyb3VuZC1zaXplJTNBY292ZXIlM0IlMjIlM0UlMEElM0NwJTIwY2xhc3MlM0QlMjJ0aXR1bG8lMjIlM0VQbGF0cyUyMFRyYWRpY2lvbmFscyUzQyUyRnAlM0UlMEElM0MlMkZkaXYlM0UlMEElM0MlMkZhJTNF[\/vc_raw_html][\/vc_column][vc_column width=&#8221;1\/2&#8243;][vc_raw_html]JTNDYSUyMGhyZWYlM0QlMjIlMkZ2YSUyRmdhc3Ryb25vbWlhJTJGcHJvcG9zdGVzLWRlbHMtbm9zdHJlcy1yZXN0YXVyYW50cyUyRiUyMCUyMiUzRSUwQSUzQ2RpdiUyMGNsYXNzJTNEJTIyaW50ZXJlc19nYXN0cm9ub21pYSUyMiUyMHN0eWxlJTNEJTIyYmFja2dyb3VuZC1pbWFnZSUzQSUyMGxpbmVhci1ncmFkaWVudCUyOHRvJTIwcmlnaHQlMkMlMjByZ2IlMjgwJTJDMCUyQzAlMkMlMjAuNCUyOSUyQyUyMHJnYiUyODAlMkMwJTJDMCUyQyUyMC40JTI5JTI5JTJDJTBBJTA5dXJsJTI4JTI3JTJGd3AtY29udGVudCUyRnVwbG9hZHMlMkYyMDIxJTJGMDMlMkZwMi5qcGclMjclMjklM0IlMjBiYWNrZ3JvdW5kLXJlcGVhdCUzQW5vLXJlcGVhdCUzQiUyMGJhY2tncm91bmQtc2l6ZSUzQWNvdmVyJTNCJTIyJTNFJTBBJTNDcCUyMGNsYXNzJTNEJTIydGl0dWxvJTIyJTNFUHJvcG9zdGVzJTIwZGVscyUyMG5vc3RyZXMlMjByZXN0YXVyYW50cyUzQyUyRnAlM0UlMEElM0MlMkZkaXYlM0UlMEElM0MlMkZhJTNF[\/vc_raw_html][\/vc_column][\/vc_row][vc_row el_class=&#8221;letra-montserrat&#8221; css=&#8221;.vc_custom_1615201893891{margin-bottom: 60px !important;}&#8221;][vc_column width=&#8221;1\/6&#8243;][\/vc_column][vc_column width=&#8221;2\/3&#8243;][vc_column_text el_class=&#8221;letra-montserrat justify-text&#8221;] El millor de la mar. El millor de la terra. Plats exquisits t\u00edpics de la dieta [&hellip;]<\/p>\n","protected":false},"author":1,"featured_media":0,"parent":0,"menu_order":0,"comment_status":"closed","ping_status":"closed","template":"","meta":{"_acf_changed":false,"footnotes":""},"class_list":["post-39579","page","type-page","status-publish","hentry"],"acf":[],"yoast_head":"<!-- This site is optimized with the Yoast SEO plugin v27.4 - https:\/\/yoast.com\/product\/yoast-seo-wordpress\/ -->\n<title>Gastronomia i Plats Tradicionals de Benic\u00e0ssim<\/title>\n<meta name=\"description\" content=\"Descobreix les millors del\u00edcies que menjar a Benic\u00e0ssim. Plats Tradicionals i Propostes dels Restaurants que has de provar abans d&#039;anar-te.\" \/>\n<meta name=\"robots\" content=\"index, follow, max-snippet:-1, max-image-preview:large, max-video-preview:-1\" \/>\n<link rel=\"canonical\" href=\"https:\/\/turismo.benicassim.es\/va\/gastronomia\/\" \/>\n<meta property=\"og:locale\" content=\"en_US\" \/>\n<meta property=\"og:type\" content=\"article\" \/>\n<meta property=\"og:title\" content=\"Gastronomia i Plats Tradicionals de Benic\u00e0ssim\" \/>\n<meta property=\"og:description\" content=\"Descobreix les millors del\u00edcies que menjar a Benic\u00e0ssim. Plats Tradicionals i Propostes dels Restaurants que has de provar abans d&#039;anar-te.\" \/>\n<meta property=\"og:url\" content=\"https:\/\/turismo.benicassim.es\/va\/gastronomia\/\" \/>\n<meta property=\"og:site_name\" content=\"Benic\u00e0ssim Turismo\" \/>\n<meta property=\"article:modified_time\" content=\"2022-11-24T10:08:27+00:00\" \/>\n<meta name=\"twitter:card\" content=\"summary_large_image\" \/>\n<meta name=\"twitter:label1\" content=\"Est. reading time\" \/>\n\t<meta name=\"twitter:data1\" content=\"1 minute\" \/>\n<script type=\"application\/ld+json\" class=\"yoast-schema-graph\">{\"@context\":\"https:\\\/\\\/schema.org\",\"@graph\":[{\"@type\":\"WebPage\",\"@id\":\"https:\\\/\\\/turismo.benicassim.es\\\/va\\\/gastronomia\\\/\",\"url\":\"https:\\\/\\\/turismo.benicassim.es\\\/va\\\/gastronomia\\\/\",\"name\":\"Gastronomia i Plats Tradicionals de Benic\u00e0ssim\",\"isPartOf\":{\"@id\":\"https:\\\/\\\/turismo.benicassim.es\\\/va\\\/#website\"},\"datePublished\":\"2021-03-16T08:28:01+00:00\",\"dateModified\":\"2022-11-24T10:08:27+00:00\",\"description\":\"Descobreix les millors del\u00edcies que menjar a Benic\u00e0ssim. Plats Tradicionals i Propostes dels Restaurants que has de provar abans d'anar-te.\",\"breadcrumb\":{\"@id\":\"https:\\\/\\\/turismo.benicassim.es\\\/va\\\/gastronomia\\\/#breadcrumb\"},\"inLanguage\":\"ca-CA\",\"potentialAction\":[{\"@type\":\"ReadAction\",\"target\":[\"https:\\\/\\\/turismo.benicassim.es\\\/va\\\/gastronomia\\\/\"]}]},{\"@type\":\"BreadcrumbList\",\"@id\":\"https:\\\/\\\/turismo.benicassim.es\\\/va\\\/gastronomia\\\/#breadcrumb\",\"itemListElement\":[{\"@type\":\"ListItem\",\"position\":1,\"name\":\"Inicio\",\"item\":\"https:\\\/\\\/turismo.benicassim.es\\\/va\\\/\"},{\"@type\":\"ListItem\",\"position\":2,\"name\":\"Gastronomia\"}]},{\"@type\":\"WebSite\",\"@id\":\"https:\\\/\\\/turismo.benicassim.es\\\/va\\\/#website\",\"url\":\"https:\\\/\\\/turismo.benicassim.es\\\/va\\\/\",\"name\":\"Benic\u00e0ssim Turismo\",\"description\":\"Web de informaci\u00f3n de Turismo en Benicasim\",\"potentialAction\":[{\"@type\":\"SearchAction\",\"target\":{\"@type\":\"EntryPoint\",\"urlTemplate\":\"https:\\\/\\\/turismo.benicassim.es\\\/va\\\/?s={search_term_string}\"},\"query-input\":{\"@type\":\"PropertyValueSpecification\",\"valueRequired\":true,\"valueName\":\"search_term_string\"}}],\"inLanguage\":\"ca-CA\"}]}<\/script>\n<!-- \/ Yoast SEO plugin. -->","yoast_head_json":{"title":"Gastronomia i Plats Tradicionals de Benic\u00e0ssim","description":"Descobreix les millors del\u00edcies que menjar a Benic\u00e0ssim. Plats Tradicionals i Propostes dels Restaurants que has de provar abans d'anar-te.","robots":{"index":"index","follow":"follow","max-snippet":"max-snippet:-1","max-image-preview":"max-image-preview:large","max-video-preview":"max-video-preview:-1"},"canonical":"https:\/\/turismo.benicassim.es\/va\/gastronomia\/","og_locale":"en_US","og_type":"article","og_title":"Gastronomia i Plats Tradicionals de Benic\u00e0ssim","og_description":"Descobreix les millors del\u00edcies que menjar a Benic\u00e0ssim. Plats Tradicionals i Propostes dels Restaurants que has de provar abans d'anar-te.","og_url":"https:\/\/turismo.benicassim.es\/va\/gastronomia\/","og_site_name":"Benic\u00e0ssim Turismo","article_modified_time":"2022-11-24T10:08:27+00:00","twitter_card":"summary_large_image","twitter_misc":{"Est. reading time":"1 minute"},"schema":{"@context":"https:\/\/schema.org","@graph":[{"@type":"WebPage","@id":"https:\/\/turismo.benicassim.es\/va\/gastronomia\/","url":"https:\/\/turismo.benicassim.es\/va\/gastronomia\/","name":"Gastronomia i Plats Tradicionals de Benic\u00e0ssim","isPartOf":{"@id":"https:\/\/turismo.benicassim.es\/va\/#website"},"datePublished":"2021-03-16T08:28:01+00:00","dateModified":"2022-11-24T10:08:27+00:00","description":"Descobreix les millors del\u00edcies que menjar a Benic\u00e0ssim. Plats Tradicionals i Propostes dels Restaurants que has de provar abans d'anar-te.","breadcrumb":{"@id":"https:\/\/turismo.benicassim.es\/va\/gastronomia\/#breadcrumb"},"inLanguage":"ca-CA","potentialAction":[{"@type":"ReadAction","target":["https:\/\/turismo.benicassim.es\/va\/gastronomia\/"]}]},{"@type":"BreadcrumbList","@id":"https:\/\/turismo.benicassim.es\/va\/gastronomia\/#breadcrumb","itemListElement":[{"@type":"ListItem","position":1,"name":"Inicio","item":"https:\/\/turismo.benicassim.es\/va\/"},{"@type":"ListItem","position":2,"name":"Gastronomia"}]},{"@type":"WebSite","@id":"https:\/\/turismo.benicassim.es\/va\/#website","url":"https:\/\/turismo.benicassim.es\/va\/","name":"Benic\u00e0ssim Turismo","description":"Web de informaci\u00f3n de Turismo en Benicasim","potentialAction":[{"@type":"SearchAction","target":{"@type":"EntryPoint","urlTemplate":"https:\/\/turismo.benicassim.es\/va\/?s={search_term_string}"},"query-input":{"@type":"PropertyValueSpecification","valueRequired":true,"valueName":"search_term_string"}}],"inLanguage":"ca-CA"}]}},"_links":{"self":[{"href":"https:\/\/turismo.benicassim.es\/va\/wp-json\/wp\/v2\/pages\/39579","targetHints":{"allow":["GET"]}}],"collection":[{"href":"https:\/\/turismo.benicassim.es\/va\/wp-json\/wp\/v2\/pages"}],"about":[{"href":"https:\/\/turismo.benicassim.es\/va\/wp-json\/wp\/v2\/types\/page"}],"author":[{"embeddable":true,"href":"https:\/\/turismo.benicassim.es\/va\/wp-json\/wp\/v2\/users\/1"}],"replies":[{"embeddable":true,"href":"https:\/\/turismo.benicassim.es\/va\/wp-json\/wp\/v2\/comments?post=39579"}],"version-history":[{"count":9,"href":"https:\/\/turismo.benicassim.es\/va\/wp-json\/wp\/v2\/pages\/39579\/revisions"}],"predecessor-version":[{"id":68865,"href":"https:\/\/turismo.benicassim.es\/va\/wp-json\/wp\/v2\/pages\/39579\/revisions\/68865"}],"wp:attachment":[{"href":"https:\/\/turismo.benicassim.es\/va\/wp-json\/wp\/v2\/media?parent=39579"}],"curies":[{"name":"wp","href":"https:\/\/api.w.org\/{rel}","templated":true}]}}