{"id":39597,"date":"2021-03-16T08:47:01","date_gmt":"2021-03-16T08:47:01","guid":{"rendered":"http:\/\/bturismo.atic.green\/?page_id=39597"},"modified":"2022-11-23T12:17:11","modified_gmt":"2022-11-23T11:17:11","slug":"historia","status":"publish","type":"page","link":"https:\/\/turismo.benicassim.es\/va\/historia\/","title":{"rendered":"Hist\u00f2ria"},"content":{"rendered":"<p>[vc_row full_width=&#8221;stretch_row&#8221; el_class=&#8221;breadcrumb-container banner letra-montserrat&#8221;][vc_column]<div class=\"my-breadcrumb\" style=\"display:inline-block;\"><a href=\"https:\/\/turismo.benicassim.es\/va\/\" class=\"link-color-2\">Inici<\/a> \/ <span>Hist\u00f2ria<\/span><\/div>[\/vc_column][\/vc_row][vc_row full_width=&#8221;stretch_row&#8221; el_class=&#8221;enlaces_home bloque datos_beni top_historia&#8221; el_id=&#8221;datos-benicassim&#8221;][vc_column width=&#8221;1\/2&#8243; el_class=&#8221;contenido&#8221;][vc_column_text el_class=&#8221;titulo letra-antonio&#8221;]<\/p>\n<h1>Una hist\u00f2ria per a sentir-la, a Benic\u00e0ssim<\/h1>\n<p>[\/vc_column_text][vc_column_text el_class=&#8221;contenido letra-antonio letra-montserrat&#8221;]Benic\u00e0ssim compta amb una gran hist\u00f2ria i un ampli patrimoni art\u00edstic que podr\u00e0s gaudir els 365 dies de l&#8217;any.<\/p>\n<p>La Ruta de les Vil\u00b7les, que transcorre en el passeig mar\u00edtim i emmarcada entre l&#8217;Hotel Voramar i la Torre de Sant Vicent, et traslladar\u00e0 a la Belle \u00c9poque benicassuda i al turisme senyorial de finals del segle XIX i principis del XX.<\/p>\n<p>Per\u00f2 no vingues nom\u00e9s per a aix\u00f2. Les nostres festes populars s\u00f3n una altra de les atraccions tur\u00edstiques que no pots perdre&#8217;t. Les patronals en honor a Sant Antoni i Santa \u00c0gueda al gener, la romeria a la patrona al febrer, la m\u00e0gica nit de Sant Joan al juny i les festes de Sant Tom\u00e0s de Villanueva al setembre.<\/p>\n<p>Com veus, ens agrada molt celebrar i gaudir.[\/vc_column_text][\/vc_column][vc_column width=&#8221;1\/2&#8243;][\/vc_column][\/vc_row][vc_row el_class=&#8221;enlaces_home bloque submenu_descubre&#8221; css=&#8221;.vc_custom_1614172589819{margin-bottom: 50px !important;}&#8221;][vc_column width=&#8221;1\/6&#8243; el_class=&#8221;contenido&#8221;][\/vc_column][vc_column width=&#8221;2\/3&#8243; el_class=&#8221;contenido&#8221;][vc_row_inner equal_height=&#8221;yes&#8221; el_class=&#8221;row_enlaces&#8221;][vc_column_inner el_class=&#8221;boton-turismo&#8221; width=&#8221;1\/3&#8243; css=&#8221;.vc_custom_1613998114483{background-color: #b997dd !important;}&#8221;][vc_raw_html el_class=&#8221;cuadrado&#8221;]JTNDYSUyMGhyZWYlM0QlMjIlMkZ2YSUyRmx1Z2FyJTJGcnV0YS1kZS1sYXMtdmlsbGFzJTJGJTIyJTIwJTNFJTBBJTNDc3BhbiUzRVJWJTNDJTJGc3BhbiUzRSUwQSUzQ2gzJTNFUnV0YSUyMGRlJTIwbGVzJTIwdmlsZXMlM0MlMkZoMyUzRSUwQSUzQyUyRmElM0U=[\/vc_raw_html][\/vc_column_inner][vc_column_inner el_class=&#8221;boton-turismo letra-monserrat&#8221; width=&#8221;1\/3&#8243; css=&#8221;.vc_custom_1615449722925{background-color: #a3ba16 !important;}&#8221;][vc_raw_html el_class=&#8221;cuadrado&#8221;]JTNDYSUyMGhyZWYlM0QlMjIlMkZ2YSUyRmx1Z2FyJTJGY2VudHJlLWRpbnRlcnByZXRhY2lvLXRvcnJlLWRlLXNhbnQtdmljZW50JTJGJTIyJTIwJTNFJTBBJTNDc3BhbiUzRUNJJTNDJTJGc3BhbiUzRSUwQSUzQ2gzJTNFQ2VudHJlJTIwZCUyN2ludGVycHJldGFjaSVDMyVCMyUyMFRvcnJlJTIwZGUlMjBTYW50JTIwVmljZW50JTNDJTJGaDMlM0UlMEElM0MlMkZhJTNF[\/vc_raw_html][\/vc_column_inner][vc_column_inner el_class=&#8221;boton-turismo letra-monserrat&#8221; width=&#8221;1\/3&#8243; css=&#8221;.vc_custom_1615449774056{background-color: #2789be !important;}&#8221;][vc_raw_html el_class=&#8221;cuadrado&#8221;]JTNDYSUyMGhyZWYlM0QlMjIlMkZ2YSUyRnBhdHJpbW9uaSUyMiUyMCUzRSUwQSUzQ3NwYW4lM0VQJTNDJTJGc3BhbiUzRSUwQSUzQ2gzJTNFUGF0cmltb25pJTNDJTJGaDMlM0UlMEElM0MlMkZhJTNF[\/vc_raw_html][\/vc_column_inner][\/vc_row_inner][\/vc_column][vc_column width=&#8221;1\/6&#8243;][\/vc_column][\/vc_row][vc_row][vc_column][vc_empty_space height=&#8221;20px&#8221;][\/vc_column][\/vc_row][vc_row el_class=&#8221;bloque&#8221; el_id=&#8221;hermanamientos&#8221; css=&#8221;.vc_custom_1614172298422{padding-top: 60px !important;}&#8221;][vc_column][vc_column_text el_class=&#8221;titulo letra-antonio&#8221;]<\/p>\n<h2 style=\"text-align: center;\">Un poc m\u00e9s d&#8217;hist\u00f2ria sobre Benic\u00e0ssim\u2026<\/h2>\n<p>[\/vc_column_text][vc_row_inner][vc_column_inner width=&#8221;1\/2&#8243;][vc_single_image image=&#8221;37623&#8243; img_size=&#8221;full&#8221;][vc_column_text el_class=&#8221;nombre_hermanamiento&#8221;]<\/p>\n<h3><strong>Un lloc \u00fanic en la costa valenciana<\/strong><\/h3>\n<p>[\/vc_column_text][vc_column_text el_class=&#8221;texto letra-montserrat justify-text&#8221;]Sabies que Benic\u00e0ssim est\u00e0 relacionat amb Jaume I? El 29 de novembre de 1242, Jaume I va donar el castell de Montorn\u00e9s i les terres al seu escriv\u00e0, Pere San\u00e7, en compensaci\u00f3 al seu lleial servei en la conquesta.<\/p>\n<p>Les baronies de Benic\u00e0ssim i Montorn\u00e9s van ser durant molts anys objecte de donacions, her\u00e8ncies o vendes entre els nobles de la zona. Aix\u00f2 ho sabem per la llarga llista de propietaris que posse\u00efen el lloc des de 1242 fins a 1603.<\/p>\n<p>Anteriorment a la conquesta, el castell de Montorn\u00e9s havia constitu\u00eft un dels m\u00e9s importants feus \u00e0rabs. No tenim data exacta de la construcci\u00f3, per\u00f2 manuscrits i documents de l&#8217;\u00e8poca ens mostren una intensa vida al castell l&#8217;any 1000, fins que va ser conquerit. Tamb\u00e9 es desconeix la data de la destrucci\u00f3, per\u00f2 es coneix que va ser habitat fins a finals del segle XV.[\/vc_column_text][\/vc_column_inner][vc_column_inner width=&#8221;1\/2&#8243;][vc_single_image image=&#8221;37629&#8243; img_size=&#8221;full&#8221;][vc_column_text el_class=&#8221;nombre_hermanamiento&#8221;]<\/p>\n<h3><strong>La carta de poblament<\/strong><\/h3>\n<p>[\/vc_column_text][vc_column_text el_class=&#8221;texto letra-montserrat justify-text&#8221;]Durant l&#8217;edat mitjana, Benic\u00e0ssim era una zona molt poc poblada ja que era un territori molt castigat pels continus atacs i saquejos de corsaris i barbarescos. Per a intentar solucionar aquest problema de despoblaci\u00f3 es va atorgar la Carta Pobla, un document en el qual es consignen les normes generals a les quals han d&#8217;ajustar-se els nous pobladors o els que anaren despr\u00e9s a poblar: obligacions, exempcions, privilegis, furs, etc.<\/p>\n<p>Tal mesura no va obtindre els resultats esperats, i tan sols uns pocs pobladors es van assentar en la baronia. En aquest sentit, existeixen clars vestigis de quatre nuclis xicotets de poblaci\u00f3, dos buscant el refugi de les muntanyes, un en les terres f\u00e8rtils, molt prop de l&#8217;actual nucli urb\u00e0, i finalment un xicotet nucli mariner, enfront de la torre de Sant Vicent.<\/p>\n<p>No va ser fins a 1769 quan l&#8217;il\u00b7lustrat Francesc P\u00e9rez Baier va prendre la decisi\u00f3 de fundar una esgl\u00e9sia en aquest lloc (l&#8217;esgl\u00e9sia parroquial de Sant Tom\u00e0s), que impulsaria la constituci\u00f3 de Benic\u00e0ssim com a poble. I encara que el progr\u00e9s va ser lent a l&#8217;inici, a poc a poc i especialment a partir de 1850, el creixement va ser espectacular.<\/p>\n<p>Durant el regnat d&#8217;Alfons XIII de Borb\u00f3 a Espanya, Benic\u00e0ssim va destacar per ser una de les poblacions m\u00e9s pioneres en el sector tur\u00edstic.<\/p>\n<p>En 1887 es va construir la primera vil\u00b7la d&#8217;estiu. El propietari, Joaquim Coloma, era l&#8217;enginyer cap de les obres del ferrocarril. Aquest influent personatge va fer que importants fam\u00edlies de Val\u00e8ncia comen\u00e7aren a construir-se les resid\u00e8ncies d&#8217;estiu a Benic\u00e0ssim, que es va guanyar aix\u00ed, a principis de segle, el qualificatiu del Biarritz valenci\u00e0.<\/p>\n<p>Des de la primera construcci\u00f3 fins a hui, Benic\u00e0ssim ha patit una <strong>gran transformaci\u00f3<\/strong> posant especial \u00e8mfasi en el teixit tur\u00edstic, fins a l&#8217;extrem de posseir una extensa i ambiciosa infraestructura tur\u00edstica que pot rebre m\u00e9s de 100.000 turistes.[\/vc_column_text][\/vc_column_inner][\/vc_row_inner][\/vc_column][\/vc_row]<\/p>\n","protected":false},"excerpt":{"rendered":"<p>[vc_row full_width=&#8221;stretch_row&#8221; el_class=&#8221;breadcrumb-container banner letra-montserrat&#8221;][vc_column][\/vc_column][\/vc_row][vc_row full_width=&#8221;stretch_row&#8221; el_class=&#8221;enlaces_home bloque datos_beni top_historia&#8221; el_id=&#8221;datos-benicassim&#8221;][vc_column width=&#8221;1\/2&#8243; el_class=&#8221;contenido&#8221;][vc_column_text el_class=&#8221;titulo letra-antonio&#8221;] Una hist\u00f2ria per a sentir-la, a Benic\u00e0ssim [\/vc_column_text][vc_column_text el_class=&#8221;contenido letra-antonio letra-montserrat&#8221;]Benic\u00e0ssim compta amb una gran hist\u00f2ria i un ampli patrimoni art\u00edstic que podr\u00e0s gaudir els 365 dies de l&#8217;any. La Ruta de les Vil\u00b7les, que transcorre en el passeig mar\u00edtim [&hellip;]<\/p>\n","protected":false},"author":1,"featured_media":0,"parent":0,"menu_order":0,"comment_status":"closed","ping_status":"closed","template":"","meta":{"_acf_changed":false,"footnotes":""},"class_list":["post-39597","page","type-page","status-publish","hentry"],"acf":[],"yoast_head":"<!-- This site is optimized with the Yoast SEO plugin v27.1.1 - https:\/\/yoast.com\/product\/yoast-seo-wordpress\/ -->\n<title>Hist\u00f2ria de Benic\u00e0ssim (Patrimoni, Rutes hist\u00f2riques\u2026)<\/title>\n<meta name=\"description\" content=\"Des de Benic\u00e0ssim Turisme descobrim el Patrimoni Hist\u00f2ric de Benic\u00e0ssim, la Ruta de les Viles i molt m\u00e9s que cal con\u00e9ixer.\" \/>\n<meta name=\"robots\" content=\"index, follow, max-snippet:-1, max-image-preview:large, max-video-preview:-1\" \/>\n<link rel=\"canonical\" href=\"https:\/\/turismo.benicassim.es\/va\/historia\/\" \/>\n<meta property=\"og:locale\" content=\"en_US\" \/>\n<meta property=\"og:type\" content=\"article\" \/>\n<meta property=\"og:title\" content=\"Hist\u00f2ria de Benic\u00e0ssim (Patrimoni, Rutes hist\u00f2riques\u2026)\" \/>\n<meta property=\"og:description\" content=\"Des de Benic\u00e0ssim Turisme descobrim el Patrimoni Hist\u00f2ric de Benic\u00e0ssim, la Ruta de les Viles i molt m\u00e9s que cal con\u00e9ixer.\" \/>\n<meta property=\"og:url\" content=\"https:\/\/turismo.benicassim.es\/va\/historia\/\" \/>\n<meta property=\"og:site_name\" content=\"Benic\u00e0ssim Turismo\" \/>\n<meta property=\"article:modified_time\" content=\"2022-11-23T11:17:11+00:00\" \/>\n<meta name=\"twitter:card\" content=\"summary_large_image\" \/>\n<meta name=\"twitter:label1\" content=\"Est. reading time\" \/>\n\t<meta name=\"twitter:data1\" content=\"4 minutes\" \/>\n<script type=\"application\/ld+json\" class=\"yoast-schema-graph\">{\"@context\":\"https:\/\/schema.org\",\"@graph\":[{\"@type\":\"WebPage\",\"@id\":\"https:\/\/turismo.benicassim.es\/va\/historia\/\",\"url\":\"https:\/\/turismo.benicassim.es\/va\/historia\/\",\"name\":\"Hist\u00f2ria de Benic\u00e0ssim (Patrimoni, Rutes hist\u00f2riques\u2026)\",\"isPartOf\":{\"@id\":\"https:\/\/turismo.benicassim.es\/va\/#website\"},\"datePublished\":\"2021-03-16T08:47:01+00:00\",\"dateModified\":\"2022-11-23T11:17:11+00:00\",\"description\":\"Des de Benic\u00e0ssim Turisme descobrim el Patrimoni Hist\u00f2ric de Benic\u00e0ssim, la Ruta de les Viles i molt m\u00e9s que cal con\u00e9ixer.\",\"breadcrumb\":{\"@id\":\"https:\/\/turismo.benicassim.es\/va\/historia\/#breadcrumb\"},\"inLanguage\":\"ca-CA\",\"potentialAction\":[{\"@type\":\"ReadAction\",\"target\":[\"https:\/\/turismo.benicassim.es\/va\/historia\/\"]}]},{\"@type\":\"BreadcrumbList\",\"@id\":\"https:\/\/turismo.benicassim.es\/va\/historia\/#breadcrumb\",\"itemListElement\":[{\"@type\":\"ListItem\",\"position\":1,\"name\":\"Inicio\",\"item\":\"https:\/\/turismo.benicassim.es\/va\/\"},{\"@type\":\"ListItem\",\"position\":2,\"name\":\"Hist\u00f2ria\"}]},{\"@type\":\"WebSite\",\"@id\":\"https:\/\/turismo.benicassim.es\/va\/#website\",\"url\":\"https:\/\/turismo.benicassim.es\/va\/\",\"name\":\"Benic\u00e0ssim Turismo\",\"description\":\"Web de informaci\u00f3n de Turismo en Benicasim\",\"potentialAction\":[{\"@type\":\"SearchAction\",\"target\":{\"@type\":\"EntryPoint\",\"urlTemplate\":\"https:\/\/turismo.benicassim.es\/va\/?s={search_term_string}\"},\"query-input\":{\"@type\":\"PropertyValueSpecification\",\"valueRequired\":true,\"valueName\":\"search_term_string\"}}],\"inLanguage\":\"ca-CA\"}]}<\/script>\n<!-- \/ Yoast SEO plugin. -->","yoast_head_json":{"title":"Hist\u00f2ria de Benic\u00e0ssim (Patrimoni, Rutes hist\u00f2riques\u2026)","description":"Des de Benic\u00e0ssim Turisme descobrim el Patrimoni Hist\u00f2ric de Benic\u00e0ssim, la Ruta de les Viles i molt m\u00e9s que cal con\u00e9ixer.","robots":{"index":"index","follow":"follow","max-snippet":"max-snippet:-1","max-image-preview":"max-image-preview:large","max-video-preview":"max-video-preview:-1"},"canonical":"https:\/\/turismo.benicassim.es\/va\/historia\/","og_locale":"en_US","og_type":"article","og_title":"Hist\u00f2ria de Benic\u00e0ssim (Patrimoni, Rutes hist\u00f2riques\u2026)","og_description":"Des de Benic\u00e0ssim Turisme descobrim el Patrimoni Hist\u00f2ric de Benic\u00e0ssim, la Ruta de les Viles i molt m\u00e9s que cal con\u00e9ixer.","og_url":"https:\/\/turismo.benicassim.es\/va\/historia\/","og_site_name":"Benic\u00e0ssim Turismo","article_modified_time":"2022-11-23T11:17:11+00:00","twitter_card":"summary_large_image","twitter_misc":{"Est. reading time":"4 minutes"},"schema":{"@context":"https:\/\/schema.org","@graph":[{"@type":"WebPage","@id":"https:\/\/turismo.benicassim.es\/va\/historia\/","url":"https:\/\/turismo.benicassim.es\/va\/historia\/","name":"Hist\u00f2ria de Benic\u00e0ssim (Patrimoni, Rutes hist\u00f2riques\u2026)","isPartOf":{"@id":"https:\/\/turismo.benicassim.es\/va\/#website"},"datePublished":"2021-03-16T08:47:01+00:00","dateModified":"2022-11-23T11:17:11+00:00","description":"Des de Benic\u00e0ssim Turisme descobrim el Patrimoni Hist\u00f2ric de Benic\u00e0ssim, la Ruta de les Viles i molt m\u00e9s que cal con\u00e9ixer.","breadcrumb":{"@id":"https:\/\/turismo.benicassim.es\/va\/historia\/#breadcrumb"},"inLanguage":"ca-CA","potentialAction":[{"@type":"ReadAction","target":["https:\/\/turismo.benicassim.es\/va\/historia\/"]}]},{"@type":"BreadcrumbList","@id":"https:\/\/turismo.benicassim.es\/va\/historia\/#breadcrumb","itemListElement":[{"@type":"ListItem","position":1,"name":"Inicio","item":"https:\/\/turismo.benicassim.es\/va\/"},{"@type":"ListItem","position":2,"name":"Hist\u00f2ria"}]},{"@type":"WebSite","@id":"https:\/\/turismo.benicassim.es\/va\/#website","url":"https:\/\/turismo.benicassim.es\/va\/","name":"Benic\u00e0ssim Turismo","description":"Web de informaci\u00f3n de Turismo en Benicasim","potentialAction":[{"@type":"SearchAction","target":{"@type":"EntryPoint","urlTemplate":"https:\/\/turismo.benicassim.es\/va\/?s={search_term_string}"},"query-input":{"@type":"PropertyValueSpecification","valueRequired":true,"valueName":"search_term_string"}}],"inLanguage":"ca-CA"}]}},"_links":{"self":[{"href":"https:\/\/turismo.benicassim.es\/va\/wp-json\/wp\/v2\/pages\/39597","targetHints":{"allow":["GET"]}}],"collection":[{"href":"https:\/\/turismo.benicassim.es\/va\/wp-json\/wp\/v2\/pages"}],"about":[{"href":"https:\/\/turismo.benicassim.es\/va\/wp-json\/wp\/v2\/types\/page"}],"author":[{"embeddable":true,"href":"https:\/\/turismo.benicassim.es\/va\/wp-json\/wp\/v2\/users\/1"}],"replies":[{"embeddable":true,"href":"https:\/\/turismo.benicassim.es\/va\/wp-json\/wp\/v2\/comments?post=39597"}],"version-history":[{"count":7,"href":"https:\/\/turismo.benicassim.es\/va\/wp-json\/wp\/v2\/pages\/39597\/revisions"}],"predecessor-version":[{"id":68847,"href":"https:\/\/turismo.benicassim.es\/va\/wp-json\/wp\/v2\/pages\/39597\/revisions\/68847"}],"wp:attachment":[{"href":"https:\/\/turismo.benicassim.es\/va\/wp-json\/wp\/v2\/media?parent=39597"}],"curies":[{"name":"wp","href":"https:\/\/api.w.org\/{rel}","templated":true}]}}