{"id":39606,"date":"2021-03-16T08:53:06","date_gmt":"2021-03-16T08:53:06","guid":{"rendered":"http:\/\/bturismo.atic.green\/?page_id=39606"},"modified":"2025-03-14T10:03:17","modified_gmt":"2025-03-14T09:03:17","slug":"oci","status":"publish","type":"page","link":"https:\/\/turismo.benicassim.es\/va\/oci\/","title":{"rendered":"Oci"},"content":{"rendered":"<p>[vc_row full_width=&#8221;stretch_row&#8221; el_class=&#8221;breadcrumb-container banner letra-montserrat&#8221;][vc_column]<div class=\"my-breadcrumb\" style=\"display:inline-block;\"><a href=\"https:\/\/turismo.benicassim.es\/va\/\" class=\"link-color-2\">Inici<\/a> \/ <span>Oci<\/span><\/div>[\/vc_column][\/vc_row][vc_row][vc_column]\n\t\t\t<!-- START Oci REVOLUTION SLIDER 6.6.14 --><p class=\"rs-p-wp-fix\"><\/p>\n\t\t\t<rs-module-wrap id=\"rev_slider_25_1_wrapper\" data-source=\"gallery\" style=\"visibility:hidden;background:transparent;padding:0;margin:0px auto;margin-top:0;margin-bottom:0;\">\n\t\t\t\t<rs-module id=\"rev_slider_25_1\" style=\"\" data-version=\"6.6.14\">\n\t\t\t\t\t<rs-slides style=\"overflow: hidden; position: absolute;\">\n\t\t\t\t\t\t<rs-slide style=\"position: absolute;\" data-key=\"rs-66\" data-title=\"Slide\" data-thumb=\"\/\/turismo.benicassim.es\/wp-content\/uploads\/2021\/02\/torre-sant-vicent-50x100.jpg\" data-anim=\"ms:1000;r:0;\" data-in=\"o:0;\" data-out=\"a:false;\">\n\t\t\t\t\t\t\t<img fetchpriority=\"high\" decoding=\"async\" src=\"\/\/turismo.benicassim.es\/wp-content\/plugins\/revslider\/public\/assets\/assets\/dummy.png\" alt=\"parque acuatico benicasim\" title=\"Aquarama parque acuatico benicasim\" width=\"2560\" height=\"1714\" class=\"rev-slidebg tp-rs-img rs-lazyload\" data-lazyload=\"\/\/turismo.benicassim.es\/wp-content\/uploads\/2021\/03\/Aquarama-26-1-scaled.jpg\" data-no-retina>\n<!--\n\t\t\t\t\t\t\t--><h1\n\t\t\t\t\t\t\t\tid=\"slider-25-slide-66-layer-2\" \n\t\t\t\t\t\t\t\tclass=\"rs-layer letra-antonio\"\n\t\t\t\t\t\t\t\tdata-type=\"text\"\n\t\t\t\t\t\t\t\tdata-rsp_ch=\"on\"\n\t\t\t\t\t\t\t\tdata-xy=\"x:c;xo:0,0,0,1px;y:m;yo:0,-113px,-16px,-9px;\"\n\t\t\t\t\t\t\t\tdata-text=\"w:normal;s:60,70,65,60;l:90,82,75,73;ls:2px,0px,0px,0px;a:center;\"\n\t\t\t\t\t\t\t\tdata-dim=\"w:756px,361px,367px,387px;\"\n\t\t\t\t\t\t\t\tdata-frame_0=\"o:1;\"\n\t\t\t\t\t\t\t\tdata-frame_999=\"o:0;st:w;sR:8000;\"\n\t\t\t\t\t\t\t\tstyle=\"z-index:8;font-family:'Anton';\"\n\t\t\t\t\t\t\t>Oci en Benic\u00e0ssim \n\t\t\t\t\t\t\t<\/h1><!--\n-->\t\t\t\t\t\t<\/rs-slide>\n\t\t\t\t\t\t<rs-slide style=\"position: absolute;\" data-key=\"rs-67\" data-title=\"Slide\" data-thumb=\"\/\/turismo.benicassim.es\/wp-content\/uploads\/2021\/02\/torre-sant-vicent-50x100.jpg\" data-anim=\"ms:1000;r:0;\" data-in=\"o:0;\" data-out=\"a:false;\">\n\t\t\t\t\t\t\t<img decoding=\"async\" src=\"\/\/turismo.benicassim.es\/wp-content\/plugins\/revslider\/public\/assets\/assets\/dummy.png\" alt=\"ocio en benicasim\" title=\"ocio en benicasim\" width=\"2560\" height=\"1440\" class=\"rev-slidebg tp-rs-img rs-lazyload\" data-lazyload=\"\/\/turismo.benicassim.es\/wp-content\/uploads\/2021\/03\/DSC09937_1-1-scaled.jpg\" data-no-retina>\n<!--\n\t\t\t\t\t\t\t--><rs-layer\n\t\t\t\t\t\t\t\tid=\"slider-25-slide-67-layer-2\" \n\t\t\t\t\t\t\t\tclass=\"letra-antonio\"\n\t\t\t\t\t\t\t\tdata-type=\"text\"\n\t\t\t\t\t\t\t\tdata-rsp_ch=\"on\"\n\t\t\t\t\t\t\t\tdata-xy=\"x:c;xo:0,0,0,1px;y:m;yo:0,-113px,-16px,-9px;\"\n\t\t\t\t\t\t\t\tdata-text=\"w:normal;s:60,70,65,60;l:90,82,75,73;ls:2px,0px,0px,0px;a:center;\"\n\t\t\t\t\t\t\t\tdata-dim=\"w:756px,361px,367px,387px;\"\n\t\t\t\t\t\t\t\tdata-frame_0=\"o:1;\"\n\t\t\t\t\t\t\t\tdata-frame_999=\"o:0;st:w;sR:8000;\"\n\t\t\t\t\t\t\t\tstyle=\"z-index:8;font-family:'Anton';\"\n\t\t\t\t\t\t\t>Oci \n\t\t\t\t\t\t\t<\/rs-layer><!--\n-->\t\t\t\t\t\t<\/rs-slide>\n\t\t\t\t\t\t<rs-slide style=\"position: absolute;\" data-key=\"rs-68\" data-title=\"Slide\" data-thumb=\"\/\/turismo.benicassim.es\/wp-content\/uploads\/2021\/02\/torre-sant-vicent-50x100.jpg\" data-anim=\"ms:1000;r:0;\" data-in=\"o:0;\" data-out=\"a:false;\">\n\t\t\t\t\t\t\t<img decoding=\"async\" src=\"\/\/turismo.benicassim.es\/wp-content\/plugins\/revslider\/public\/assets\/assets\/dummy.png\" alt=\"karts en benicasim\" title=\"karts en benicasim\" width=\"1280\" height=\"853\" class=\"rev-slidebg tp-rs-img rs-lazyload\" data-lazyload=\"\/\/turismo.benicassim.es\/wp-content\/uploads\/2021\/03\/karts-1.jpg\" data-no-retina>\n<!--\n\t\t\t\t\t\t\t--><rs-layer\n\t\t\t\t\t\t\t\tid=\"slider-25-slide-68-layer-2\" \n\t\t\t\t\t\t\t\tclass=\"letra-antonio\"\n\t\t\t\t\t\t\t\tdata-type=\"text\"\n\t\t\t\t\t\t\t\tdata-rsp_ch=\"on\"\n\t\t\t\t\t\t\t\tdata-xy=\"x:c;xo:0,0,0,1px;y:m;yo:0,-113px,-16px,-9px;\"\n\t\t\t\t\t\t\t\tdata-text=\"w:normal;s:60,70,65,60;l:90,82,75,73;ls:2px,0px,0px,0px;a:center;\"\n\t\t\t\t\t\t\t\tdata-dim=\"w:756px,361px,367px,387px;\"\n\t\t\t\t\t\t\t\tdata-frame_0=\"o:1;\"\n\t\t\t\t\t\t\t\tdata-frame_999=\"o:0;st:w;sR:8000;\"\n\t\t\t\t\t\t\t\tstyle=\"z-index:8;font-family:'Anton';\"\n\t\t\t\t\t\t\t>Oci \n\t\t\t\t\t\t\t<\/rs-layer><!--\n-->\t\t\t\t\t\t<\/rs-slide>\n\t\t\t\t\t<\/rs-slides>\n\t\t\t\t\t<rs-static-layers><!--\n\t\t\t\t\t--><\/rs-static-layers>\n\t\t\t\t<\/rs-module>\n\t\t\t\t<script>\n\t\t\t\t\tsetREVStartSize({c: 'rev_slider_25_1',rl:[1240,1024,778,480],el:[550,680,420,400],gw:[1900,1024,778,480],gh:[550,680,420,400],type:'standard',justify:'',layout:'fullwidth',mh:\"0\"});if (window.RS_MODULES!==undefined && window.RS_MODULES.modules!==undefined && window.RS_MODULES.modules[\"revslider251\"]!==undefined) {window.RS_MODULES.modules[\"revslider251\"].once = false;window.revapi25 = undefined;if (window.RS_MODULES.checkMinimal!==undefined) window.RS_MODULES.checkMinimal()}\n\t\t\t\t<\/script>\n\t\t\t<\/rs-module-wrap>\n\t\t\t<!-- END REVOLUTION SLIDER -->\n[\/vc_column][\/vc_row][vc_row el_class=&#8221;contenido&#8221;][vc_column][vc_custom_heading text=&#8221;Llocs d&#8217;oci en Benic\u00e0ssim&#8221; font_container=&#8221;tag:h2|font_size:40|text_align:center&#8221; google_fonts=&#8221;font_family:Anton%3Aregular|font_style:400%20regular%3A400%3Anormal&#8221; css=&#8221;.vc_custom_1669292540252{padding-top: 20px !important;padding-bottom: 20px !important;}&#8221;][vc_column_text]Aventures creades per a tots. Activitats aqu\u00e0tiques, esportives i culturals per a gaudir amb amics i fam\u00edlia. Les nostres propostes per a un dia diferent i divertit[\/vc_column_text][vc_empty_space height=&#8221;30px&#8221;][\/vc_column][\/vc_row][vc_row el_class=&#8221;row_tipo_comer_dormir&#8221;][vc_column][vc_row_inner el_class=\"row_actividades\"][vc_column_inner width=\"1\/3\"]<a href=\"https:\/\/turismo.benicassim.es\/va\/lugar\/pesca-turismo-el-paraiso\/\"><div class=\"tarjeta_formato_imagen\"><div class=\"imagen_container\"><div class=\"imagen_tarjeta\" style=\"background-image:url(https:\/\/turismo.benicassim.es\/wp-content\/uploads\/2021\/02\/5c597fc2948ff_trIptico_1.jpg)\"><p class=\"titulo_tarjeta\">Pesca Turisme - El Paraiso<\/p><\/div><\/div><\/div><\/a>[\/vc_column_inner][vc_column_inner width=\"1\/3\"]<a href=\"https:\/\/turismo.benicassim.es\/va\/lugar\/aquarama-parque-acuatico-en-benicassim\/\"><div class=\"tarjeta_formato_imagen\"><div class=\"imagen_container\"><div class=\"imagen_tarjeta\" style=\"background-image:url(https:\/\/turismo.benicassim.es\/wp-content\/uploads\/2021\/02\/58abf3fa11658_aq2.jpg)\"><p class=\"titulo_tarjeta\">Aquarama - Parc aqu\u00e0tic a Benic\u00e0ssim<\/p><\/div><\/div><\/div><\/a>[\/vc_column_inner][vc_column_inner width=\"1\/3\"]<a href=\"https:\/\/turismo.benicassim.es\/va\/lugar\/base-nautica-benicassim\/\"><div class=\"tarjeta_formato_imagen\"><div class=\"imagen_container\"><div class=\"imagen_tarjeta\" style=\"background-image:url(https:\/\/turismo.benicassim.es\/wp-content\/uploads\/2021\/02\/551e771d2e381_basenautica.jpg)\"><p class=\"titulo_tarjeta\">Jaloque Benic\u00e0ssim<\/p><\/div><\/div><\/div><\/a>[\/vc_column_inner][\/vc_row_inner][vc_row_inner el_class=\"row_actividades\"][vc_column_inner width=\"1\/3\"]<a href=\"https:\/\/turismo.benicassim.es\/va\/lugar\/karting-benikarts\/\"><div class=\"tarjeta_formato_imagen\"><div class=\"imagen_container\"><div class=\"imagen_tarjeta\" style=\"background-image:url(https:\/\/turismo.benicassim.es\/wp-content\/uploads\/2021\/02\/pista-karts-castellon.jpg)\"><p class=\"titulo_tarjeta\">Karting Benikarts<\/p><\/div><\/div><\/div><\/a>[\/vc_column_inner][vc_column_inner width=\"1\/3\"]<a href=\"https:\/\/turismo.benicassim.es\/va\/lugar\/polideportivo-mas-dels-frares\/\"><div class=\"tarjeta_formato_imagen\"><div class=\"imagen_container\"><div class=\"imagen_tarjeta\" style=\"background-image:url(https:\/\/turismo.benicassim.es\/wp-content\/uploads\/2021\/05\/polideportivo_rt.png)\"><p class=\"titulo_tarjeta\">Polideportivo Mas dels Frares<\/p><\/div><\/div><\/div><\/a>[\/vc_column_inner][vc_column_inner width=\"1\/3\"]<a href=\"https:\/\/turismo.benicassim.es\/va\/lugar\/bolera-kristal\/\"><div class=\"tarjeta_formato_imagen\"><div class=\"imagen_container\"><div class=\"imagen_tarjeta\" style=\"background-image:url(https:\/\/turismo.benicassim.es\/wp-content\/uploads\/2021\/02\/bolera-krystal.png)\"><p class=\"titulo_tarjeta\">Bolera Kristal<\/p><\/div><\/div><\/div><\/a>[\/vc_column_inner][\/vc_row_inner][vc_row_inner el_class=\"row_actividades\"][vc_column_inner width=\"1\/3\"]<a href=\"https:\/\/turismo.benicassim.es\/va\/lugar\/parque-del-trenet-de-benicassim\/\"><div class=\"tarjeta_formato_imagen\"><div class=\"imagen_container\"><div class=\"imagen_tarjeta\" style=\"background-image:url(https:\/\/turismo.benicassim.es\/wp-content\/uploads\/2021\/03\/Parc-del-Trenet-2-scaled.jpg)\"><p class=\"titulo_tarjeta\">Parc del Trenet de Benic\u00e0ssim<\/p><\/div><\/div><\/div><\/a>[\/vc_column_inner][vc_column_inner width=\"1\/3\"]<a href=\"https:\/\/turismo.benicassim.es\/va\/lugar\/polideportivo-municipal\/\"><div class=\"tarjeta_formato_imagen\"><div class=\"imagen_container\"><div class=\"imagen_tarjeta\" style=\"background-image:url(https:\/\/turismo.benicassim.es\/wp-content\/uploads\/2021\/05\/pabellon_exterior2.jpg)\"><p class=\"titulo_tarjeta\">Poliesportiu municipal<\/p><\/div><\/div><\/div><\/a>[\/vc_column_inner][vc_column_inner width=\"1\/3\"]<a href=\"https:\/\/turismo.benicassim.es\/va\/lugar\/maui-sup-surf\/\"><div class=\"tarjeta_formato_imagen\"><div class=\"imagen_container\"><div class=\"imagen_tarjeta\" style=\"background-image:url(https:\/\/turismo.benicassim.es\/wp-content\/uploads\/2022\/02\/maui_sup_and_surf_logo.png)\"><p class=\"titulo_tarjeta\">Maui Sup & Surf<\/p><\/div><\/div><\/div><\/a>[\/vc_column_inner][\/vc_row_inner][vc_row_inner el_class=\"row_actividades\"][vc_column_inner width=\"1\/3\"]<a href=\"https:\/\/turismo.benicassim.es\/va\/lugar\/teatro-municipal\/\"><div class=\"tarjeta_formato_imagen\"><div class=\"imagen_container\"><div class=\"imagen_tarjeta\" style=\"background-image:url(https:\/\/turismo.benicassim.es\/wp-content\/uploads\/2021\/02\/teatrebenicassim-1-scaled.jpg)\"><p class=\"titulo_tarjeta\">Teatre Municipal Francesc T\u00e0rrega<\/p><\/div><\/div><\/div><\/a>[\/vc_column_inner][vc_column_inner width=\"1\/3\"]<a href=\"https:\/\/turismo.benicassim.es\/va\/lugar\/espai-de-la-musica-mestre-vila\/\"><div class=\"tarjeta_formato_imagen\"><div class=\"imagen_container\"><div class=\"imagen_tarjeta\" style=\"background-image:url(https:\/\/turismo.benicassim.es\/wp-content\/uploads\/2021\/02\/thumbnailsenvgray.jpg)\"><p class=\"titulo_tarjeta\">Espai de la M\u00fasica Mestre Vila<\/p><\/div><\/div><\/div><\/a>[\/vc_column_inner][vc_column_inner width=\"1\/3\"]<a href=\"https:\/\/turismo.benicassim.es\/va\/lugar\/casal-jove\/\"><div class=\"tarjeta_formato_imagen\"><div class=\"imagen_container\"><div class=\"imagen_tarjeta\" style=\"background-image:url(https:\/\/turismo.benicassim.es\/wp-content\/uploads\/2021\/02\/Casal_Jove_2.jpg)\"><p class=\"titulo_tarjeta\">Casal Jove<\/p><\/div><\/div><\/div><\/a>[\/vc_column_inner][\/vc_row_inner][\/vc_column][\/vc_row][vc_row full_width=&#8221;stretch_row&#8221; css=&#8221;.vc_custom_1614704521987{background-color: #ffffff !important;}&#8221;][vc_column][vc_row_inner el_class=&#8221;contenido&#8221;][vc_column_inner][vc_custom_heading text=&#8221;PARC DEL TRENET&#8221; font_container=&#8221;tag:h2|font_size:40|text_align:center&#8221; google_fonts=&#8221;font_family:Anton%3Aregular|font_style:400%20regular%3A400%3Anormal&#8221; css=&#8221;.vc_custom_1669292526895{padding-top: 20px !important;padding-bottom: 20px !important;}&#8221;][\/vc_column_inner][\/vc_row_inner][vc_row_inner][vc_column_inner width=&#8221;1\/2&#8243;][vc_single_image image=&#8221;64469&#8243; img_size=&#8221;full&#8221; alignment=&#8221;center&#8221;][\/vc_column_inner][vc_column_inner width=&#8221;1\/2&#8243;][vc_column_text el_class=&#8221;justify-text&#8221;]<\/p>\n<div class=\"wpb_text_column wpb_content_element datos-lugar\">\n<div class=\"wpb_wrapper\">\n<p><i class=\"fas fa-map-marker-alt fa-color\"><\/i>\u00a0Pla\u00e7a del Trenet<\/p>\n<p><i class=\"fas fa-envelope fa-color\"><\/i>\u00a0<a class=\"link-color\" href=\"mailto:info@aafcas.es\">info@aafcas.es<\/a><\/p>\n<p><i class=\"fas fa-globe fa-color\"><\/i>\u00a0<a class=\"link-color\" href=\"http:\/\/www.plazadeltrenetbenicassim.com\/\" target=\"_blank\" rel=\"noopener noreferrer\">www.plazadeltrenetbenicassim.com\/<\/a><\/p>\n<\/div>\n<\/div>\n<div class=\"wpb_text_column wpb_content_element texto-single\">\n<div class=\"wpb_wrapper\">\n<p>\u00c9s un homenatge al m\u00f3n del tren. Els diumenges al mat\u00ed es pot gaudir dels seus trens i locomotores de 5 i de 7 \u00bc polzades, reprodu\u00efts fidelment a escala, i pujar en els seus xicotets vagons per a fer una passejada per aquest parc. Ideal per a xiquets.<\/p>\n<p>Horari de circulacions dels trens<br \/>\n&#8211; Diumenges de 11 a 13 h<strong>\u00a0durant tot l&#8217;any, excepte mesos de juliol i agost<\/strong>.<br \/>\n&#8211; En els mesos de<strong>\u00a0juliol i agost<\/strong> s&#8217;amplia l&#8217;horari a tres dies setmanals: dimarts, dijous i dissabtes de 18.00 a 21 h.<br \/>\n&#8211; \u00daltima circulaci\u00f3 15 minuts abans del tancament<\/p>\n<\/div>\n<\/div>\n<p>[\/vc_column_text][\/vc_column_inner][\/vc_row_inner][vc_empty_space][\/vc_column][\/vc_row]<\/p>\n","protected":false},"excerpt":{"rendered":"<p>[vc_row full_width=&#8221;stretch_row&#8221; el_class=&#8221;breadcrumb-container banner letra-montserrat&#8221;][vc_column][\/vc_column][\/vc_row][vc_row][vc_column][\/vc_column][\/vc_row][vc_row el_class=&#8221;contenido&#8221;][vc_column][vc_custom_heading text=&#8221;Llocs d&#8217;oci en Benic\u00e0ssim&#8221; font_container=&#8221;tag:h2|font_size:40|text_align:center&#8221; google_fonts=&#8221;font_family:Anton%3Aregular|font_style:400%20regular%3A400%3Anormal&#8221; css=&#8221;.vc_custom_1669292540252{padding-top: 20px !important;padding-bottom: 20px !important;}&#8221;][vc_column_text]Aventures creades per a tots. Activitats aqu\u00e0tiques, esportives i culturals per a gaudir amb amics i fam\u00edlia. Les nostres propostes per a un dia diferent i divertit[\/vc_column_text][vc_empty_space height=&#8221;30px&#8221;][\/vc_column][\/vc_row][vc_row el_class=&#8221;row_tipo_comer_dormir&#8221;][vc_column][\/vc_column][\/vc_row][vc_row full_width=&#8221;stretch_row&#8221; css=&#8221;.vc_custom_1614704521987{background-color: #ffffff !important;}&#8221;][vc_column][vc_row_inner el_class=&#8221;contenido&#8221;][vc_column_inner][vc_custom_heading text=&#8221;PARC DEL TRENET&#8221; font_container=&#8221;tag:h2|font_size:40|text_align:center&#8221; google_fonts=&#8221;font_family:Anton%3Aregular|font_style:400%20regular%3A400%3Anormal&#8221; [&hellip;]<\/p>\n","protected":false},"author":1,"featured_media":0,"parent":0,"menu_order":0,"comment_status":"closed","ping_status":"closed","template":"","meta":{"_acf_changed":false,"footnotes":""},"class_list":["post-39606","page","type-page","status-publish","hentry"],"acf":[],"yoast_head":"<!-- This site is optimized with the Yoast SEO plugin v27.1.1 - https:\/\/yoast.com\/product\/yoast-seo-wordpress\/ -->\n<title>Oci en Benicasim - Llocs i Activitats Benic\u00e0ssim Turisme<\/title>\n<meta name=\"description\" content=\"Llocs d&#039;oci i activitats per fer a Benic\u00e0ssim per gaudir del teu temps d&#039;oci sol, amb amics o en fam\u00edlia. T&#039;esperem\" \/>\n<meta name=\"robots\" content=\"index, follow, max-snippet:-1, max-image-preview:large, max-video-preview:-1\" \/>\n<link rel=\"canonical\" href=\"https:\/\/turismo.benicassim.es\/va\/oci\/\" \/>\n<meta property=\"og:locale\" content=\"en_US\" \/>\n<meta property=\"og:type\" content=\"article\" \/>\n<meta property=\"og:title\" content=\"Oci en Benicasim - Llocs i Activitats Benic\u00e0ssim Turisme\" \/>\n<meta property=\"og:description\" content=\"Llocs d&#039;oci i activitats per fer a Benic\u00e0ssim per gaudir del teu temps d&#039;oci sol, amb amics o en fam\u00edlia. T&#039;esperem\" \/>\n<meta property=\"og:url\" content=\"https:\/\/turismo.benicassim.es\/va\/oci\/\" \/>\n<meta property=\"og:site_name\" content=\"Benic\u00e0ssim Turismo\" \/>\n<meta property=\"article:modified_time\" content=\"2025-03-14T09:03:17+00:00\" \/>\n<meta name=\"twitter:card\" content=\"summary_large_image\" \/>\n<meta name=\"twitter:label1\" content=\"Est. reading time\" \/>\n\t<meta name=\"twitter:data1\" content=\"2 minutes\" \/>\n<script type=\"application\/ld+json\" class=\"yoast-schema-graph\">{\"@context\":\"https:\/\/schema.org\",\"@graph\":[{\"@type\":\"WebPage\",\"@id\":\"https:\/\/turismo.benicassim.es\/va\/oci\/\",\"url\":\"https:\/\/turismo.benicassim.es\/va\/oci\/\",\"name\":\"Oci en Benicasim - Llocs i Activitats Benic\u00e0ssim Turisme\",\"isPartOf\":{\"@id\":\"https:\/\/turismo.benicassim.es\/va\/#website\"},\"datePublished\":\"2021-03-16T08:53:06+00:00\",\"dateModified\":\"2025-03-14T09:03:17+00:00\",\"description\":\"Llocs d'oci i activitats per fer a Benic\u00e0ssim per gaudir del teu temps d'oci sol, amb amics o en fam\u00edlia. T'esperem\",\"breadcrumb\":{\"@id\":\"https:\/\/turismo.benicassim.es\/va\/oci\/#breadcrumb\"},\"inLanguage\":\"ca-CA\",\"potentialAction\":[{\"@type\":\"ReadAction\",\"target\":[\"https:\/\/turismo.benicassim.es\/va\/oci\/\"]}]},{\"@type\":\"BreadcrumbList\",\"@id\":\"https:\/\/turismo.benicassim.es\/va\/oci\/#breadcrumb\",\"itemListElement\":[{\"@type\":\"ListItem\",\"position\":1,\"name\":\"Inicio\",\"item\":\"https:\/\/turismo.benicassim.es\/va\/\"},{\"@type\":\"ListItem\",\"position\":2,\"name\":\"Oci\"}]},{\"@type\":\"WebSite\",\"@id\":\"https:\/\/turismo.benicassim.es\/va\/#website\",\"url\":\"https:\/\/turismo.benicassim.es\/va\/\",\"name\":\"Benic\u00e0ssim Turismo\",\"description\":\"Web de informaci\u00f3n de Turismo en Benicasim\",\"potentialAction\":[{\"@type\":\"SearchAction\",\"target\":{\"@type\":\"EntryPoint\",\"urlTemplate\":\"https:\/\/turismo.benicassim.es\/va\/?s={search_term_string}\"},\"query-input\":{\"@type\":\"PropertyValueSpecification\",\"valueRequired\":true,\"valueName\":\"search_term_string\"}}],\"inLanguage\":\"ca-CA\"}]}<\/script>\n<!-- \/ Yoast SEO plugin. -->","yoast_head_json":{"title":"Oci en Benicasim - Llocs i Activitats Benic\u00e0ssim Turisme","description":"Llocs d'oci i activitats per fer a Benic\u00e0ssim per gaudir del teu temps d'oci sol, amb amics o en fam\u00edlia. T'esperem","robots":{"index":"index","follow":"follow","max-snippet":"max-snippet:-1","max-image-preview":"max-image-preview:large","max-video-preview":"max-video-preview:-1"},"canonical":"https:\/\/turismo.benicassim.es\/va\/oci\/","og_locale":"en_US","og_type":"article","og_title":"Oci en Benicasim - Llocs i Activitats Benic\u00e0ssim Turisme","og_description":"Llocs d'oci i activitats per fer a Benic\u00e0ssim per gaudir del teu temps d'oci sol, amb amics o en fam\u00edlia. T'esperem","og_url":"https:\/\/turismo.benicassim.es\/va\/oci\/","og_site_name":"Benic\u00e0ssim Turismo","article_modified_time":"2025-03-14T09:03:17+00:00","twitter_card":"summary_large_image","twitter_misc":{"Est. reading time":"2 minutes"},"schema":{"@context":"https:\/\/schema.org","@graph":[{"@type":"WebPage","@id":"https:\/\/turismo.benicassim.es\/va\/oci\/","url":"https:\/\/turismo.benicassim.es\/va\/oci\/","name":"Oci en Benicasim - Llocs i Activitats Benic\u00e0ssim Turisme","isPartOf":{"@id":"https:\/\/turismo.benicassim.es\/va\/#website"},"datePublished":"2021-03-16T08:53:06+00:00","dateModified":"2025-03-14T09:03:17+00:00","description":"Llocs d'oci i activitats per fer a Benic\u00e0ssim per gaudir del teu temps d'oci sol, amb amics o en fam\u00edlia. T'esperem","breadcrumb":{"@id":"https:\/\/turismo.benicassim.es\/va\/oci\/#breadcrumb"},"inLanguage":"ca-CA","potentialAction":[{"@type":"ReadAction","target":["https:\/\/turismo.benicassim.es\/va\/oci\/"]}]},{"@type":"BreadcrumbList","@id":"https:\/\/turismo.benicassim.es\/va\/oci\/#breadcrumb","itemListElement":[{"@type":"ListItem","position":1,"name":"Inicio","item":"https:\/\/turismo.benicassim.es\/va\/"},{"@type":"ListItem","position":2,"name":"Oci"}]},{"@type":"WebSite","@id":"https:\/\/turismo.benicassim.es\/va\/#website","url":"https:\/\/turismo.benicassim.es\/va\/","name":"Benic\u00e0ssim Turismo","description":"Web de informaci\u00f3n de Turismo en Benicasim","potentialAction":[{"@type":"SearchAction","target":{"@type":"EntryPoint","urlTemplate":"https:\/\/turismo.benicassim.es\/va\/?s={search_term_string}"},"query-input":{"@type":"PropertyValueSpecification","valueRequired":true,"valueName":"search_term_string"}}],"inLanguage":"ca-CA"}]}},"_links":{"self":[{"href":"https:\/\/turismo.benicassim.es\/va\/wp-json\/wp\/v2\/pages\/39606","targetHints":{"allow":["GET"]}}],"collection":[{"href":"https:\/\/turismo.benicassim.es\/va\/wp-json\/wp\/v2\/pages"}],"about":[{"href":"https:\/\/turismo.benicassim.es\/va\/wp-json\/wp\/v2\/types\/page"}],"author":[{"embeddable":true,"href":"https:\/\/turismo.benicassim.es\/va\/wp-json\/wp\/v2\/users\/1"}],"replies":[{"embeddable":true,"href":"https:\/\/turismo.benicassim.es\/va\/wp-json\/wp\/v2\/comments?post=39606"}],"version-history":[{"count":11,"href":"https:\/\/turismo.benicassim.es\/va\/wp-json\/wp\/v2\/pages\/39606\/revisions"}],"predecessor-version":[{"id":80530,"href":"https:\/\/turismo.benicassim.es\/va\/wp-json\/wp\/v2\/pages\/39606\/revisions\/80530"}],"wp:attachment":[{"href":"https:\/\/turismo.benicassim.es\/va\/wp-json\/wp\/v2\/media?parent=39606"}],"curies":[{"name":"wp","href":"https:\/\/api.w.org\/{rel}","templated":true}]}}