{"id":39609,"date":"2021-03-16T08:54:14","date_gmt":"2021-03-16T08:54:14","guid":{"rendered":"http:\/\/bturismo.atic.green\/?page_id=39609"},"modified":"2022-11-24T09:34:00","modified_gmt":"2022-11-24T08:34:00","slug":"patrimoni","status":"publish","type":"page","link":"https:\/\/turismo.benicassim.es\/va\/patrimoni\/","title":{"rendered":"Patrimoni"},"content":{"rendered":"<p>[vc_row full_width=&#8221;stretch_row&#8221; el_class=&#8221;breadcrumb-container banner letra-montserrat&#8221;][vc_column]<div class=\"my-breadcrumb\" style=\"display:inline-block;\"><a href=\"https:\/\/turismo.benicassim.es\/va\/\" class=\"link-color-2\">Inici<\/a> \/ <span>Patrimoni<\/span><\/div>[\/vc_column][\/vc_row][vc_row full_width=&#8221;stretch_row_content_no_spaces&#8221; el_class=&#8221;banner_titulo&#8221; css=&#8221;.vc_custom_1613997859322{background-image: url(https:\/\/turismo.benicassim.es\/wp-content\/uploads\/2021\/02\/naturaleza-5.jpg?id=37523) !important;background-position: center !important;background-repeat: no-repeat !important;background-size: cover !important;}&#8221;][vc_column][vc_column_text el_class=&#8221;titulo&#8221;]<\/p>\n<h1 style=\"text-align: center;\">Patrimoni i Museus de Benic\u00e0ssim<\/h1>\n<p>[\/vc_column_text][vc_column_text]<\/p>\n<h4 class=\"Standard\" style=\"margin-top: 6pt; line-height: 150%; text-align: center;\"><span style=\"color: #ffffff;\">La millor manera de viatjar en el temps i submergir-te en la seua rica hist\u00f2ria.<\/span><br \/>\n<span style=\"color: #ffffff;\">Descobreix els llocs m\u00e9s emblem\u00e0tics i hist\u00f2rics de la nostra ciutat.<\/span><\/h4>\n<p>[\/vc_column_text][\/vc_column][\/vc_row][vc_row el_class=&#8221;row_tipo_comer_dormir&#8221;][vc_column][vc_empty_space height=&#8221;60&#8243;][vc_row_inner el_class=\"row_actividades\"][vc_column_inner width=\"1\/2\"]<a href=\"https:\/\/turismo.benicassim.es\/va\/lugar\/centre-dinterpretacio-torre-de-sant-vicent\/\"><div class=\"tarjeta_formato_imagen\"><div class=\"imagen_container\"><div class=\"imagen_tarjeta\" style=\"background-image:url(https:\/\/turismo.benicassim.es\/wp-content\/uploads\/2021\/02\/5c9b569da1fc7_torre_aerea01.jpg)\"><p class=\"titulo_tarjeta\">Centre d'Interpretaci\u00f3 Torre de Sant Vicent<\/p><\/div><\/div><\/div><\/a>[\/vc_column_inner][vc_column_inner width=\"1\/2\"]<a href=\"https:\/\/turismo.benicassim.es\/va\/lugar\/monasterio-desert-de-les-palmes\/\"><div class=\"tarjeta_formato_imagen\"><div class=\"imagen_container\"><div class=\"imagen_tarjeta\" style=\"background-image:url(https:\/\/turismo.benicassim.es\/wp-content\/uploads\/2021\/02\/5194e47654907_monasterio-nuevo.jpg)\"><p class=\"titulo_tarjeta\">Monestir Desert de les Palmes<\/p><\/div><\/div><\/div><\/a>[\/vc_column_inner][\/vc_row_inner][vc_row_inner el_class=\"row_actividades\"][vc_column_inner width=\"1\/2\"]<a href=\"https:\/\/turismo.benicassim.es\/va\/lugar\/iglesia-parroquial-santo-tomas-de-villanueva\/\"><div class=\"tarjeta_formato_imagen\"><div class=\"imagen_container\"><div class=\"imagen_tarjeta\" style=\"background-image:url(https:\/\/turismo.benicassim.es\/wp-content\/uploads\/2021\/02\/5194e21a1c508_iglesia.jpg)\"><p class=\"titulo_tarjeta\">Esgl\u00e9sia Parroquial Sant Tom\u00e0s de Villanueva<\/p><\/div><\/div><\/div><\/a>[\/vc_column_inner][vc_column_inner width=\"1\/2\"]<a href=\"https:\/\/turismo.benicassim.es\/va\/lugar\/museo-bodegas-carmelitano\/\"><div class=\"tarjeta_formato_imagen\"><div class=\"imagen_container\"><div class=\"imagen_tarjeta\" style=\"background-image:url(https:\/\/turismo.benicassim.es\/wp-content\/uploads\/2021\/02\/200320-Carmelitano-fotos-01-scaled.jpg)\"><p class=\"titulo_tarjeta\">Museu Cellers Carmelitano<\/p><\/div><\/div><\/div><\/a>[\/vc_column_inner][\/vc_row_inner][vc_row_inner el_class=\"row_actividades\"][vc_column_inner width=\"1\/2\"]<a href=\"https:\/\/turismo.benicassim.es\/va\/lugar\/museo-padres-carmelitas\/\"><div class=\"tarjeta_formato_imagen\"><div class=\"imagen_container\"><div class=\"imagen_tarjeta\" style=\"background-image:url(https:\/\/turismo.benicassim.es\/wp-content\/uploads\/2021\/02\/monasterio_Padres_Carmelitas-scaled.jpg)\"><p class=\"titulo_tarjeta\">Museu Pares Carmelites<\/p><\/div><\/div><\/div><\/a>[\/vc_column_inner][vc_column_inner width=\"1\/2\"]<a href=\"https:\/\/turismo.benicassim.es\/va\/lugar\/ruta-de-las-villas\/\"><div class=\"tarjeta_formato_imagen\"><div class=\"imagen_container\"><div class=\"imagen_tarjeta\" style=\"background-image:url(https:\/\/turismo.benicassim.es\/wp-content\/uploads\/2021\/02\/ruta_villas.jpg)\"><p class=\"titulo_tarjeta\">Ruta de les vil\u00b7les<\/p><\/div><\/div><\/div><\/a>[\/vc_column_inner][\/vc_row_inner][vc_row_inner el_class=\"row_actividades\"][vc_column_inner width=\"1\/2\"]<a href=\"https:\/\/turismo.benicassim.es\/va\/lugar\/villa-elisa\/\"><div class=\"tarjeta_formato_imagen\"><div class=\"imagen_container\"><div class=\"imagen_tarjeta\" style=\"background-image:url(https:\/\/turismo.benicassim.es\/wp-content\/uploads\/2021\/10\/cl-0487-20-scaled.jpg)\"><p class=\"titulo_tarjeta\">Vil\u00b7la Elisa<\/p><\/div><\/div><\/div><\/a>[\/vc_column_inner][\/vc_row_inner][vc_empty_space height=&#8221;50&#8243;][\/vc_column][\/vc_row]<\/p>\n","protected":false},"excerpt":{"rendered":"<p>[vc_row full_width=&#8221;stretch_row&#8221; el_class=&#8221;breadcrumb-container banner letra-montserrat&#8221;][vc_column][\/vc_column][\/vc_row][vc_row full_width=&#8221;stretch_row_content_no_spaces&#8221; el_class=&#8221;banner_titulo&#8221; css=&#8221;.vc_custom_1613997859322{background-image: url(https:\/\/turismo.benicassim.es\/wp-content\/uploads\/2021\/02\/naturaleza-5.jpg?id=37523) !important;background-position: center !important;background-repeat: no-repeat !important;background-size: cover !important;}&#8221;][vc_column][vc_column_text el_class=&#8221;titulo&#8221;] Patrimoni i Museus de Benic\u00e0ssim [\/vc_column_text][vc_column_text] La millor manera de viatjar en el temps i submergir-te en la seua rica hist\u00f2ria. Descobreix els llocs m\u00e9s emblem\u00e0tics i hist\u00f2rics de la nostra ciutat. [\/vc_column_text][\/vc_column][\/vc_row][vc_row el_class=&#8221;row_tipo_comer_dormir&#8221;][vc_column][vc_empty_space height=&#8221;60&#8243;][vc_empty_space height=&#8221;50&#8243;][\/vc_column][\/vc_row]<\/p>\n","protected":false},"author":1,"featured_media":0,"parent":0,"menu_order":0,"comment_status":"closed","ping_status":"closed","template":"","meta":{"_acf_changed":false,"footnotes":""},"class_list":["post-39609","page","type-page","status-publish","hentry"],"acf":[],"yoast_head":"<!-- This site is optimized with the Yoast SEO plugin v27.1.1 - https:\/\/yoast.com\/product\/yoast-seo-wordpress\/ -->\n<title>Museus i Patrimoni de Benic\u00e0ssim - Benic\u00e0ssim Turisme<\/title>\n<meta name=\"description\" content=\"Submergeix-te en els llocs m\u00e9s emblem\u00e0tics de la ciutat, navegant pel patrimoni hist\u00f2ric de Benic\u00e0ssim i viatjant per la seua hist\u00f2ria.\" \/>\n<meta name=\"robots\" content=\"index, follow, max-snippet:-1, max-image-preview:large, max-video-preview:-1\" \/>\n<link rel=\"canonical\" href=\"https:\/\/turismo.benicassim.es\/va\/patrimoni\/\" \/>\n<meta property=\"og:locale\" content=\"en_US\" \/>\n<meta property=\"og:type\" content=\"article\" \/>\n<meta property=\"og:title\" content=\"Museus i Patrimoni de Benic\u00e0ssim - Benic\u00e0ssim Turisme\" \/>\n<meta property=\"og:description\" content=\"Submergeix-te en els llocs m\u00e9s emblem\u00e0tics de la ciutat, navegant pel patrimoni hist\u00f2ric de Benic\u00e0ssim i viatjant per la seua hist\u00f2ria.\" \/>\n<meta property=\"og:url\" content=\"https:\/\/turismo.benicassim.es\/va\/patrimoni\/\" \/>\n<meta property=\"og:site_name\" content=\"Benic\u00e0ssim Turismo\" \/>\n<meta property=\"article:modified_time\" content=\"2022-11-24T08:34:00+00:00\" \/>\n<meta name=\"twitter:card\" content=\"summary_large_image\" \/>\n<meta name=\"twitter:label1\" content=\"Est. reading time\" \/>\n\t<meta name=\"twitter:data1\" content=\"1 minute\" \/>\n<script type=\"application\/ld+json\" class=\"yoast-schema-graph\">{\"@context\":\"https:\/\/schema.org\",\"@graph\":[{\"@type\":\"WebPage\",\"@id\":\"https:\/\/turismo.benicassim.es\/va\/patrimoni\/\",\"url\":\"https:\/\/turismo.benicassim.es\/va\/patrimoni\/\",\"name\":\"Museus i Patrimoni de Benic\u00e0ssim - Benic\u00e0ssim Turisme\",\"isPartOf\":{\"@id\":\"https:\/\/turismo.benicassim.es\/va\/#website\"},\"datePublished\":\"2021-03-16T08:54:14+00:00\",\"dateModified\":\"2022-11-24T08:34:00+00:00\",\"description\":\"Submergeix-te en els llocs m\u00e9s emblem\u00e0tics de la ciutat, navegant pel patrimoni hist\u00f2ric de Benic\u00e0ssim i viatjant per la seua hist\u00f2ria.\",\"breadcrumb\":{\"@id\":\"https:\/\/turismo.benicassim.es\/va\/patrimoni\/#breadcrumb\"},\"inLanguage\":\"ca-CA\",\"potentialAction\":[{\"@type\":\"ReadAction\",\"target\":[\"https:\/\/turismo.benicassim.es\/va\/patrimoni\/\"]}]},{\"@type\":\"BreadcrumbList\",\"@id\":\"https:\/\/turismo.benicassim.es\/va\/patrimoni\/#breadcrumb\",\"itemListElement\":[{\"@type\":\"ListItem\",\"position\":1,\"name\":\"Inicio\",\"item\":\"https:\/\/turismo.benicassim.es\/va\/\"},{\"@type\":\"ListItem\",\"position\":2,\"name\":\"Patrimoni\"}]},{\"@type\":\"WebSite\",\"@id\":\"https:\/\/turismo.benicassim.es\/va\/#website\",\"url\":\"https:\/\/turismo.benicassim.es\/va\/\",\"name\":\"Benic\u00e0ssim Turismo\",\"description\":\"Web de informaci\u00f3n de Turismo en Benicasim\",\"potentialAction\":[{\"@type\":\"SearchAction\",\"target\":{\"@type\":\"EntryPoint\",\"urlTemplate\":\"https:\/\/turismo.benicassim.es\/va\/?s={search_term_string}\"},\"query-input\":{\"@type\":\"PropertyValueSpecification\",\"valueRequired\":true,\"valueName\":\"search_term_string\"}}],\"inLanguage\":\"ca-CA\"}]}<\/script>\n<!-- \/ Yoast SEO plugin. -->","yoast_head_json":{"title":"Museus i Patrimoni de Benic\u00e0ssim - Benic\u00e0ssim Turisme","description":"Submergeix-te en els llocs m\u00e9s emblem\u00e0tics de la ciutat, navegant pel patrimoni hist\u00f2ric de Benic\u00e0ssim i viatjant per la seua hist\u00f2ria.","robots":{"index":"index","follow":"follow","max-snippet":"max-snippet:-1","max-image-preview":"max-image-preview:large","max-video-preview":"max-video-preview:-1"},"canonical":"https:\/\/turismo.benicassim.es\/va\/patrimoni\/","og_locale":"en_US","og_type":"article","og_title":"Museus i Patrimoni de Benic\u00e0ssim - Benic\u00e0ssim Turisme","og_description":"Submergeix-te en els llocs m\u00e9s emblem\u00e0tics de la ciutat, navegant pel patrimoni hist\u00f2ric de Benic\u00e0ssim i viatjant per la seua hist\u00f2ria.","og_url":"https:\/\/turismo.benicassim.es\/va\/patrimoni\/","og_site_name":"Benic\u00e0ssim Turismo","article_modified_time":"2022-11-24T08:34:00+00:00","twitter_card":"summary_large_image","twitter_misc":{"Est. reading time":"1 minute"},"schema":{"@context":"https:\/\/schema.org","@graph":[{"@type":"WebPage","@id":"https:\/\/turismo.benicassim.es\/va\/patrimoni\/","url":"https:\/\/turismo.benicassim.es\/va\/patrimoni\/","name":"Museus i Patrimoni de Benic\u00e0ssim - Benic\u00e0ssim Turisme","isPartOf":{"@id":"https:\/\/turismo.benicassim.es\/va\/#website"},"datePublished":"2021-03-16T08:54:14+00:00","dateModified":"2022-11-24T08:34:00+00:00","description":"Submergeix-te en els llocs m\u00e9s emblem\u00e0tics de la ciutat, navegant pel patrimoni hist\u00f2ric de Benic\u00e0ssim i viatjant per la seua hist\u00f2ria.","breadcrumb":{"@id":"https:\/\/turismo.benicassim.es\/va\/patrimoni\/#breadcrumb"},"inLanguage":"ca-CA","potentialAction":[{"@type":"ReadAction","target":["https:\/\/turismo.benicassim.es\/va\/patrimoni\/"]}]},{"@type":"BreadcrumbList","@id":"https:\/\/turismo.benicassim.es\/va\/patrimoni\/#breadcrumb","itemListElement":[{"@type":"ListItem","position":1,"name":"Inicio","item":"https:\/\/turismo.benicassim.es\/va\/"},{"@type":"ListItem","position":2,"name":"Patrimoni"}]},{"@type":"WebSite","@id":"https:\/\/turismo.benicassim.es\/va\/#website","url":"https:\/\/turismo.benicassim.es\/va\/","name":"Benic\u00e0ssim Turismo","description":"Web de informaci\u00f3n de Turismo en Benicasim","potentialAction":[{"@type":"SearchAction","target":{"@type":"EntryPoint","urlTemplate":"https:\/\/turismo.benicassim.es\/va\/?s={search_term_string}"},"query-input":{"@type":"PropertyValueSpecification","valueRequired":true,"valueName":"search_term_string"}}],"inLanguage":"ca-CA"}]}},"_links":{"self":[{"href":"https:\/\/turismo.benicassim.es\/va\/wp-json\/wp\/v2\/pages\/39609","targetHints":{"allow":["GET"]}}],"collection":[{"href":"https:\/\/turismo.benicassim.es\/va\/wp-json\/wp\/v2\/pages"}],"about":[{"href":"https:\/\/turismo.benicassim.es\/va\/wp-json\/wp\/v2\/types\/page"}],"author":[{"embeddable":true,"href":"https:\/\/turismo.benicassim.es\/va\/wp-json\/wp\/v2\/users\/1"}],"replies":[{"embeddable":true,"href":"https:\/\/turismo.benicassim.es\/va\/wp-json\/wp\/v2\/comments?post=39609"}],"version-history":[{"count":6,"href":"https:\/\/turismo.benicassim.es\/va\/wp-json\/wp\/v2\/pages\/39609\/revisions"}],"predecessor-version":[{"id":68855,"href":"https:\/\/turismo.benicassim.es\/va\/wp-json\/wp\/v2\/pages\/39609\/revisions\/68855"}],"wp:attachment":[{"href":"https:\/\/turismo.benicassim.es\/va\/wp-json\/wp\/v2\/media?parent=39609"}],"curies":[{"name":"wp","href":"https:\/\/api.w.org\/{rel}","templated":true}]}}