{"id":39628,"date":"2021-03-16T09:31:53","date_gmt":"2021-03-16T09:31:53","guid":{"rendered":"http:\/\/bturismo.atic.green\/?page_id=39628"},"modified":"2021-10-27T07:48:20","modified_gmt":"2021-10-27T07:48:20","slug":"politica-de-privacitat","status":"publish","type":"page","link":"https:\/\/turismo.benicassim.es\/va\/politica-de-privacitat\/","title":{"rendered":"Pol\u00edtica de privacitat"},"content":{"rendered":"<p>[vc_row full_width=&#8221;stretch_row&#8221; el_class=&#8221;breadcrumb-container basico letra-montserrat&#8221;][vc_column]<div class=\"my-breadcrumb\" style=\"display:inline-block;\"><a href=\"https:\/\/turismo.benicassim.es\/va\/\" class=\"link-color-2\">Inici<\/a> \/ <span>Pol\u00edtica de privacitat<\/span><\/div>[\/vc_column][\/vc_row][vc_row el_class=&#8221;letra-montserrat&#8221;][vc_column][vc_column_text]<\/p>\n<h1>POL\u00cdTICA DE PRIVACITAT\u00a0I PROTECCI\u00d3 DE DADES<\/h1>\n<h2>1. INTRODUCCI\u00d3<\/h2>\n<p>La visita al portal d&#8217;Internet de l&#8217;Ajuntament de Benic\u00e0ssim, s&#8217;efectua, inicialment, de manera an\u00f2nima.<br \/>\nEls usuaris han de subministrar les dades personals imprescindibles per a la prestaci\u00f3 del servei sol\u00b7licitat nom\u00e9s per a poder accedir a algun dels serveis de la web que disposen de gesti\u00f3 o tr\u00e0mit espec\u00edfic.<br \/>\nAquestes dades s&#8217;incorporaran a les corresponents activitats de tractament de l&#8217;Ajuntament de Benic\u00e0ssim i seran tractades amb la finalitat espec\u00edfica de cada tractament, de conformitat, principalment, amb la regulaci\u00f3 establida pel Reglament (UE) 2016\/679 del Parlament Europeu i del Consell, de 27 d&#8217;abril de 2016, relatiu a la protecci\u00f3 de les persones f\u00edsiques pel que fa al tractament de dades personals i a la lliure circulaci\u00f3 d&#8217;aquestes dades i pel qual es deroga la Directiva 95\/46\/CE (Reglament general de protecci\u00f3 de dades) i la Llei org\u00e0nica 3\/2018, de 5 de desembre, de protecci\u00f3 de dades personals i garantia dels drets digitals (LOPD-GDD).<br \/>\nEl portal, del qual \u00e9s titular l&#8217;Ajuntament de Benic\u00e0ssim, cont\u00e9 enlla\u00e7os a llocs web de tercers que tenen unes pol\u00edtiques de privacitat alienes a la de l&#8217;Ajuntament de Benic\u00e0ssim. En accedir a tals llocs web vost\u00e9 pot decidir si accepta les seues pol\u00edtiques de privacitat i de galetes o cookies. Amb car\u00e0cter general, si navega per Internet pot acceptar o rebutjar les galetes de tercers des de les opcions de configuraci\u00f3 del seu navegador.<\/p>\n<h2>2. INFORMACI\u00d3 GENERAL SOBRE LA SALVAGUARDA DE LA PRIVACITAT I PROTECCI\u00d3 DE DADES<\/h2>\n<p>L&#8217;Ajuntament de Benic\u00e0ssim informa, de manera general, sobre la salvaguarda de la privacitat i de la protecci\u00f3 de les dades de car\u00e0cter personal aplicada a les activitats de tractament que efectua en el portal, aix\u00ed com per altres mitjans:<br \/>\n<strong>2.1 Qui \u00e9s el responsable del tractament de les seues dades personals?<br \/>\n<\/strong>L&#8217;Ajuntament de Benic\u00e0ssim \u00e9s el responsable del tractament, i est\u00e0 assessorat i supervisat pel nostre delegat de Protecci\u00f3 de Dades (<a href=\"mailto:dpd@dipcas.es\">dpd@dipcas.es<\/a>).<br \/>\n<strong>2.2 Per a qu\u00e8 tractem les seues dades personals?<\/strong><br \/>\nLes dades que se&#8217;ns faciliten, com qualssevol altres dades generades durant la relaci\u00f3 amb l\u2019interessat, les podem tractar per a diferents finalitats segons quins siguen els serveis p\u00fablics objecte de prestaci\u00f3. En tot cas, les tractarem per a mantindre el contacte i la comunicaci\u00f3 amb el ciutad\u00e0\/interessat i gestionar la prestaci\u00f3 dels serveis demanats o prestats per l&#8217;Ajuntament de Benic\u00e0ssim.<br \/>\nEn el seu cas, poden indicar-se finalitats m\u00e9s expl\u00edcites i concretes en les cl\u00e0usules informatives incorporades en cadascuna de les vies de presa de dades (formularis web, formularis en paper, locucions o cartells i notes informatives) per a sup\u00f2sits concrets.<br \/>\n<strong>2.3 Quina \u00e9s la base jur\u00eddica que legitima el tractament de les seues dades personals? \u00c9s a dir: qu\u00e8 fonamenta o habilita que puguem tractar eixe dades personals?<\/strong><br \/>\nLa base jur\u00eddica que ens legitima per al tractament de les seues dades pot ser diversa: (i) normalment, en el sector p\u00fablic, la legitimaci\u00f3 resideix en la necessitat de compliment d&#8217;una obligaci\u00f3 legal, d&#8217;una missi\u00f3 realitzada en inter\u00e9s p\u00fablic o en l&#8217;exercici de les compet\u00e8ncies o poders p\u00fablics atorgats a l&#8217;Ajuntament de Benic\u00e0ssim; (ii) i, en el seu cas, l&#8217;execuci\u00f3 d&#8217;un contracte del qual vost\u00e9 siga part, en condici\u00f3 de contractista o adjudicatari, com el consentiment que, en el seu cas, s\u2019haja requerit per al tractament de les seues dades personals.<br \/>\nL&#8217;aportaci\u00f3 de les dades que sol\u00b7licitem \u00e9s obligat\u00f2ria perqu\u00e8 s\u00f3n imprescindibles per a atendre-li la petici\u00f3 o prestar els nostres serveis; si no ens les facilita, no podrem dur-la a terme o prestar-los.<br \/>\nEn el cas que el tractament es base en el seu consentiment, aquest s&#8217;entendr\u00e0 atorgat de manera inequ\u00edvoca, i aquesta aportaci\u00f3 es considerar\u00e0 un acte afirmatiu clar per part seua, que manifesta aquest consentiment.<br \/>\nEn el cas que comunique dades personals d&#8217;altres persones f\u00edsiques, ha de respectar llur privacitat. Nom\u00e9s el titular pot autoritzar el tractament de les seues dades personals. Vost\u00e9 estar\u00e0 legitimat a tractar les dades personals d&#8217;altres persones f\u00edsiques en el cas que actue en qualitat de representant legal o voluntari o en el cas que, en coneixement d&#8217;aquests, es transmeten per a la den\u00fancia o reivindicaci\u00f3 de drets enfront d&#8217;aquesta.<br \/>\nLa publicaci\u00f3 de dades de tercers sense el seu consentiment pot infringir, a m\u00e9s de la normativa sobre protecci\u00f3 de dades, la relativa al dret a l&#8217;honor, a la intimitat o a la pr\u00f2pia imatge dels citats tercers.<br \/>\n<strong>2.4 Durant quant de temps conservem les dades personals?<\/strong><br \/>\nEn general, les dades personals que se&#8217;ns faciliten les conservarem per a mantindre un historial d&#8217;atenci\u00f3 i gestionar els nostres serveis de manera eficient mentre la persona interessada no en sol\u00b7licite la supressi\u00f3. Fins i tot sol\u00b7licitada la supressi\u00f3, es mantindran bloquejades durant el temps necessari, tot limitant-ne el tractament, \u00fanicament per a algun d&#8217;aquests sup\u00f2sits: complir les obligacions legals\/contractuals de qualsevol mena a qu\u00e8 estiguem sotmesos i\/o durant els terminis legals previstos per a la prescripci\u00f3 de qualssevol responsabilitats per part nostra i\/o l&#8217;exercici o la defensa de reclamacions derivades de la relaci\u00f3 mantinguda amb el ciutad\u00e0\/interessat.<br \/>\n<strong>2.5 Qui pot ser cessionari o destinatari de les dades personals?<\/strong><br \/>\nLes dades que ens proporciona podran ser cedides o comunicades a entitats, p\u00fabliques o privades, a les quals fora obligatori o necessari transmetre-les per a aconseguir els fins determinats i leg\u00edtims.<br \/>\n<strong>2.6 Seguretat de les dades personals<\/strong><br \/>\nDe conformitat amb la disposici\u00f3 addicional primera de la Llei org\u00e0nica 3\/2018, de 5 de desembre, de protecci\u00f3 de dades personals i garantia dels drets digitals, les mesures de seguretat, t\u00e8cniques i organitzatives adoptades per l&#8217;Ajuntament de Benic\u00e0ssim i destinades per a salvaguardar la confidencialitat i protecci\u00f3 de les dades personals, evitant-ne la p\u00e8rdua, alteraci\u00f3 o acc\u00e9s no autoritzat, s\u00f3n les establides en l&#8217;annex II del Reial decret 3\/2010, de 8 de gener, pel qual es regula l&#8217;Esquema Nacional de Seguretat en l&#8217;\u00e0mbit de l&#8217;Administraci\u00f3 Electr\u00f2nica (ENS).<br \/>\n<strong>2.7 Quins s\u00f3n els seus drets en protecci\u00f3 de dades i com pot exercir-los?<\/strong><br \/>\nPer a exercir els drets de protecci\u00f3 de dades pot formular una sol\u00b7licitud en qualsevol punt de registre d&#8217;entrada de l&#8217;Ajuntament de Benic\u00e0ssim, en l\u00ednia a trav\u00e9s de la seu electr\u00f2nica municipal i en l&#8217;adre\u00e7a de correu electr\u00f2nic <a href=\"mailto:dpd@benicassim.org\">dpd@benicassim.org<\/a>. En l&#8217;escrit haur\u00e0 d&#8217;especificar quin d&#8217;aquests drets sol\u00b7licita que li siga satisfet i, haur\u00e0 de mostrar o el DNI, NIF o document identificatiu equivalent (o, en cas d&#8217;enviament postal, acompanyar-ne la fotoc\u00f2pia). En cas que actue mitjan\u00e7ant representant, legal o voluntari, haur\u00e0 d&#8217;aportar tamb\u00e9 document que acredite la representaci\u00f3 i document identificatiu d&#8217;aquest. Aix\u00ed mateix, en cas de considerar vulnerat el seu dret a la protecci\u00f3 de dades personals, pot interposar una reclamaci\u00f3 davant el nostre delegat de Protecci\u00f3 de Dades (<a href=\"mailto:dpd@dipcas.es\">dpd@dipcas.es<\/a>) o, en el seu cas, davant l&#8217;Ag\u00e8ncia Espanyola de Protecci\u00f3 de Dades (<a href=\"http:\/\/www.aepd.es\">www.aepd.es<\/a>).<br \/>\nA continuaci\u00f3, s&#8217;aporta m\u00e9s informaci\u00f3 sobre l&#8217;exercici dels seus drets en protecci\u00f3 de dades:<\/p>\n<p>a. Quins s\u00f3n els meus drets?<br \/>\nb. Qui pot exercitar aquests drets davant l&#8217;Ajuntament de Benic\u00e0ssim?<br \/>\nc. Com i on puc exercir aquests drets?<br \/>\nd. Informaci\u00f3 complement\u00e0ria<\/p>\n<h3>a. Quins s\u00f3n els meus drets?<\/h3>\n<p>La normativa de protecci\u00f3 de dades permet que puga exercir davant el responsable del tractament, l&#8217;Ajuntament de Benic\u00e0ssim, els drets d&#8217;acc\u00e9s, rectificaci\u00f3, oposici\u00f3, supressi\u00f3 (\u201cdret a l&#8217;oblit\u201d), limitaci\u00f3 del tractament i de no ser objecte de decisions individualitzades, de conformitat amb el Reglament (UE) 2016\/679, del Parlament Europeu i del Consell, de 27 d&#8217;abril de 2016, relatiu a la protecci\u00f3 de les persones f\u00edsiques pel que fa al tractament de dades personals i a la lliure circulaci\u00f3 d&#8217;aquestes dades i pel qual es deroga la Directiva 95\/46\/CE (Reglament general de protecci\u00f3 de dades, d&#8217;ara en avant RGPD) i Llei org\u00e0nica 3\/2018, de 5 de desembre, de protecci\u00f3 de dades personals i garantia dels drets digitals (LOPDGDD):<br \/>\nDret d&#8217;acc\u00e9s<br \/>\nVost\u00e9 t\u00e9 dret a con\u00e9ixer:<\/p>\n<ul>\n<li>Si estem tractant o no dades personals que el concerneixen.<\/li>\n<li>L&#8217;origen de les seues dades, si no ens les va proporcionar vost\u00e9.<\/li>\n<li>Els fins del tractament de les seues dades.<\/li>\n<li>Les categories de dades de qu\u00e8 es tracte.<\/li>\n<li>Els destinataris o les categories de destinataris a qui es van comunicar o seran comunicades les dades personals.<\/li>\n<li>Si \u00e9s possible, el termini previst de conservaci\u00f3 de les dades personals (o, si no ho \u00e9s, els criteris usats per a determinar aquest termini).<\/li>\n<li>El dret a presentar una reclamaci\u00f3 davant una autoritat de control.<\/li>\n<li>Si prenem decisions automatitzades -inclosa l&#8217;elaboraci\u00f3 de perfils- usant les seues dades personals.<\/li>\n<\/ul>\n<p>Dret de rectificaci\u00f3<br \/>\nVost\u00e9 t\u00e9 dret que es rectifiquen les seues dades personals:<\/p>\n<ul>\n<li>Completant-les, si estan incompletes.<\/li>\n<li>Actualitzant-les o rectificant-les, si per qualsevol motiu ja no resulten concordes a la realitat vigent o s\u00f3n inexactes.<\/li>\n<li>Mitjan\u00e7ant l&#8217;exercici del dret de rectificaci\u00f3, garantirem que totes les seues dades personals siguen precises i completes.<\/li>\n<\/ul>\n<p>Dret de supressi\u00f3<br \/>\nVost\u00e9 t\u00e9 dret que se suprimisquen les seues dades personals quan es done alguna de les condicions seg\u00fcents:<\/p>\n<ul>\n<li>Que aquestes dades ja no siguen necess\u00e0ries per als fins per als quals van ser recollides o tractades.<\/li>\n<li>Quan vost\u00e9 retire el consentiment en qu\u00e8 basem el tractament de les seues dades i aquest no es puga emparar en una altra base de legitimaci\u00f3.<\/li>\n<li>Quan vost\u00e9 haja exercit amb \u00e8xit el dret d&#8217;oposici\u00f3 al tractament de les seues dades.<\/li>\n<li>Quan les dades personals s\u2019hagen tractat il\u00b7l\u00edcitament.<\/li>\n<\/ul>\n<p>Dret a la limitaci\u00f3 del tractament<br \/>\nVost\u00e9 t\u00e9 dret a obtindre la limitaci\u00f3 del tractament de les dades personals (\u00e9s a dir, que les conservem sense usar-les per als fins previstos) sempre que es complisca alguna de les condicions seg\u00fcents:<\/p>\n<ul>\n<li>Que vost\u00e9 sol\u00b7licite la rectificaci\u00f3 de les dades personals, durant un termini que permeta a l&#8217;Ajuntament de Benic\u00e0ssim, com a responsable, verificar l&#8217;exactitud d&#8217;aquests.<\/li>\n<li>Que el tractament siga il\u00b7l\u00edcit i vost\u00e9 s&#8217;opose a la supressi\u00f3 de les dades personals, i sol\u00b7licite en el seu lloc la limitaci\u00f3 del seu \u00fas.<\/li>\n<li>Que vost\u00e9 s&#8217;haja oposat al tractament mentre es verifica si els motius leg\u00edtims de l&#8217;Ajuntament de Benic\u00e0ssim prevalen sobre el seu dret.<\/li>\n<\/ul>\n<p>Dret d&#8217;oposici\u00f3<br \/>\nVost\u00e9 tindr\u00e0 dret a sol\u00b7licitar-nos que deixem d&#8217;usar les dades personals, per exemple, quan crega que les que tenim sobre vost\u00e9 s\u00f3n incorrectes o crega que ja no necessitem usar-les.<\/p>\n<h3>b. Qui pot exercir aquests drets davant l&#8217;Ajuntament de Benic\u00e0ssim?<\/h3>\n<p>Vost\u00e9, en qualitat d&#8217;interessat o titular de les dades de car\u00e0cter personal, actuant en el seu propi nom i dret.<br \/>\nA trav\u00e9s d&#8217;una altra persona que actue, degudament acreditada, com a representant legal (per ex., quan els titulars de la p\u00e0tria potestat o tutela actuen en nom de persona menor de 14 anys o quan s&#8217;actua com a representant legal d&#8217;una persona amb diversitat funcional) o voluntari (persona que vost\u00e9 lliurement i volunt\u00e0ria haja atorgat poders de representaci\u00f3 a aquest efecte).<\/p>\n<h3>c. Com i on puc exercir aquests drets?<\/h3>\n<p>Presencialment<br \/>\nPot presentar l&#8217;escrit a trav\u00e9s del Registre d&#8217;Entrada o pot fer-nos arribar la sol\u00b7licitud mitjan\u00e7ant correu postal dirigit a l&#8217;Ajuntament de Benic\u00e0ssim \u2013 Protecci\u00f3 de Dades, c\/ Metge Segarra 4, 12560 Benic\u00e0ssim.<br \/>\nPer Internet<br \/>\nPot presentar l&#8217;escrit a trav\u00e9s del Registre d&#8217;Entrada, de la seu electr\u00f2nica, o a trav\u00e9s del nostre delegat de Protecci\u00f3 de Dades:\u00a0<a href=\"mailto:dpd@benicassim.es\">dpd@benicassim.es<\/a>.<br \/>\nEn tots dos casos, deur\u00e0:<\/p>\n<ul>\n<li>Aportar les dades i informaci\u00f3 suficients per a atendre la sol\u00b7licitud. A aquest efecte, pot usar els models de formulari dels quals posa a la seua disposici\u00f3 l&#8217;Ag\u00e8ncia Espanyola de Protecci\u00f3 de Dades <a href=\"https:\/\/www.aepd.es\/es\/derechos-y-deberes\/conoce-tus-derechos\">https:\/\/www.aepd.es\/es\/derechos-y-deberes\/conoce-tus-derechos<\/a>.<\/li>\n<li>Firmar l&#8217;impr\u00e9s a m\u00e0 o, si \u00e9s el cas i disposa de certificat digital reconegut, firmar-lo electr\u00f2nicament.<\/li>\n<li>Adjuntar fotoc\u00f2pia de DNI, passaport, NIE o un altre document identificatiu equivalent. En cas d&#8217;actuar en representaci\u00f3 d&#8217;un tercer, s&#8217;ha d&#8217;incloure tamb\u00e9 c\u00f2pia del seu DNI o document identificatiu equivalent, aix\u00ed com el document acreditatiu de la representaci\u00f3 de l&#8217;interessat.<\/li>\n<li>Enviar el formulari i documents acreditatius de la seua identitat per qualsevol dels mitjans ad\u00e9s esmentats.<\/li>\n<\/ul>\n<h3>d. Informaci\u00f3 complement\u00e0ria<\/h3>\n<p>L&#8217;Ajuntament de Benic\u00e0ssim analitzar\u00e0 si la petici\u00f3 s&#8217;ajusta o no a dret. Comunicar\u00e0 al peticionari la decisi\u00f3 adoptada i actuar\u00e0 en conseq\u00fc\u00e8ncia: si \u00e9s estimat\u00f2ria, adoptar\u00e0 les mesures oportunes segons el dret exercit; si \u00e9s desestimat\u00f2ria, indicar\u00e0 el sistema de recursos previstos legalment. En cas que les sol\u00b7licituds siguen manifestament infundades o excessives (p. ex., car\u00e0cter repetitiu) l&#8217;Ajuntament de Benic\u00e0ssim podr\u00e0: (i) Cobrar un c\u00e0non proporcional als costos administratius suportats (ii) Negar-se a actuar.<br \/>\nPer a m\u00e9s informaci\u00f3 o aclariment sobre els seus drets en protecci\u00f3 de dades de car\u00e0cter personal pot dirigir-se al nostre delegat de Protecci\u00f3 de Dades (<a href=\"mailto:dpd@dipcas.es\">dpd@dipcas.es<\/a>.)<\/p>\n<p>&nbsp;<\/p>\n<p>&nbsp;<\/p>\n<p>[\/vc_column_text][\/vc_column][\/vc_row]<\/p>\n","protected":false},"excerpt":{"rendered":"<p>[vc_row full_width=&#8221;stretch_row&#8221; el_class=&#8221;breadcrumb-container basico letra-montserrat&#8221;][vc_column][\/vc_column][\/vc_row][vc_row el_class=&#8221;letra-montserrat&#8221;][vc_column][vc_column_text] POL\u00cdTICA DE PRIVACITAT\u00a0I PROTECCI\u00d3 DE DADES 1. INTRODUCCI\u00d3 La visita al portal d&#8217;Internet de l&#8217;Ajuntament de Benic\u00e0ssim, s&#8217;efectua, inicialment, de manera an\u00f2nima. Els usuaris han de subministrar les dades personals imprescindibles per a la prestaci\u00f3 del servei sol\u00b7licitat nom\u00e9s per a poder accedir a algun dels serveis de la [&hellip;]<\/p>\n","protected":false},"author":1,"featured_media":0,"parent":0,"menu_order":0,"comment_status":"closed","ping_status":"open","template":"","meta":{"_acf_changed":false,"footnotes":""},"class_list":["post-39628","page","type-page","status-publish","hentry"],"acf":[],"yoast_head":"<!-- This site is optimized with the Yoast SEO plugin v27.1.1 - https:\/\/yoast.com\/product\/yoast-seo-wordpress\/ -->\n<title>Pol\u00edtica de privacitat - Benic\u00e0ssim Turismo<\/title>\n<meta name=\"robots\" content=\"index, follow, max-snippet:-1, max-image-preview:large, max-video-preview:-1\" \/>\n<link rel=\"canonical\" href=\"https:\/\/turismo.benicassim.es\/va\/politica-de-privacitat\/\" \/>\n<meta property=\"og:locale\" content=\"en_US\" \/>\n<meta property=\"og:type\" content=\"article\" \/>\n<meta property=\"og:title\" content=\"Pol\u00edtica de privacitat - Benic\u00e0ssim Turismo\" \/>\n<meta property=\"og:description\" content=\"[vc_row full_width=&#8221;stretch_row&#8221; el_class=&#8221;breadcrumb-container basico letra-montserrat&#8221;][vc_column][\/vc_column][\/vc_row][vc_row el_class=&#8221;letra-montserrat&#8221;][vc_column][vc_column_text] POL\u00cdTICA DE PRIVACITAT\u00a0I PROTECCI\u00d3 DE DADES 1. INTRODUCCI\u00d3 La visita al portal d&#8217;Internet de l&#8217;Ajuntament de Benic\u00e0ssim, s&#8217;efectua, inicialment, de manera an\u00f2nima. Els usuaris han de subministrar les dades personals imprescindibles per a la prestaci\u00f3 del servei sol\u00b7licitat nom\u00e9s per a poder accedir a algun dels serveis de la [&hellip;]\" \/>\n<meta property=\"og:url\" content=\"https:\/\/turismo.benicassim.es\/va\/politica-de-privacitat\/\" \/>\n<meta property=\"og:site_name\" content=\"Benic\u00e0ssim Turismo\" \/>\n<meta property=\"article:modified_time\" content=\"2021-10-27T07:48:20+00:00\" \/>\n<meta name=\"twitter:card\" content=\"summary_large_image\" \/>\n<meta name=\"twitter:label1\" content=\"Est. reading time\" \/>\n\t<meta name=\"twitter:data1\" content=\"11 minutes\" \/>\n<script type=\"application\/ld+json\" class=\"yoast-schema-graph\">{\"@context\":\"https:\/\/schema.org\",\"@graph\":[{\"@type\":\"WebPage\",\"@id\":\"https:\/\/turismo.benicassim.es\/va\/politica-de-privacitat\/\",\"url\":\"https:\/\/turismo.benicassim.es\/va\/politica-de-privacitat\/\",\"name\":\"Pol\u00edtica de privacitat - Benic\u00e0ssim Turismo\",\"isPartOf\":{\"@id\":\"https:\/\/turismo.benicassim.es\/va\/#website\"},\"datePublished\":\"2021-03-16T09:31:53+00:00\",\"dateModified\":\"2021-10-27T07:48:20+00:00\",\"breadcrumb\":{\"@id\":\"https:\/\/turismo.benicassim.es\/va\/politica-de-privacitat\/#breadcrumb\"},\"inLanguage\":\"ca-CA\",\"potentialAction\":[{\"@type\":\"ReadAction\",\"target\":[\"https:\/\/turismo.benicassim.es\/va\/politica-de-privacitat\/\"]}]},{\"@type\":\"BreadcrumbList\",\"@id\":\"https:\/\/turismo.benicassim.es\/va\/politica-de-privacitat\/#breadcrumb\",\"itemListElement\":[{\"@type\":\"ListItem\",\"position\":1,\"name\":\"Inicio\",\"item\":\"https:\/\/turismo.benicassim.es\/va\/\"},{\"@type\":\"ListItem\",\"position\":2,\"name\":\"Pol\u00edtica de privacitat\"}]},{\"@type\":\"WebSite\",\"@id\":\"https:\/\/turismo.benicassim.es\/va\/#website\",\"url\":\"https:\/\/turismo.benicassim.es\/va\/\",\"name\":\"Benic\u00e0ssim Turismo\",\"description\":\"Web de informaci\u00f3n de Turismo en Benicasim\",\"potentialAction\":[{\"@type\":\"SearchAction\",\"target\":{\"@type\":\"EntryPoint\",\"urlTemplate\":\"https:\/\/turismo.benicassim.es\/va\/?s={search_term_string}\"},\"query-input\":{\"@type\":\"PropertyValueSpecification\",\"valueRequired\":true,\"valueName\":\"search_term_string\"}}],\"inLanguage\":\"ca-CA\"}]}<\/script>\n<!-- \/ Yoast SEO plugin. -->","yoast_head_json":{"title":"Pol\u00edtica de privacitat - Benic\u00e0ssim Turismo","robots":{"index":"index","follow":"follow","max-snippet":"max-snippet:-1","max-image-preview":"max-image-preview:large","max-video-preview":"max-video-preview:-1"},"canonical":"https:\/\/turismo.benicassim.es\/va\/politica-de-privacitat\/","og_locale":"en_US","og_type":"article","og_title":"Pol\u00edtica de privacitat - Benic\u00e0ssim Turismo","og_description":"[vc_row full_width=&#8221;stretch_row&#8221; el_class=&#8221;breadcrumb-container basico letra-montserrat&#8221;][vc_column][\/vc_column][\/vc_row][vc_row el_class=&#8221;letra-montserrat&#8221;][vc_column][vc_column_text] POL\u00cdTICA DE PRIVACITAT\u00a0I PROTECCI\u00d3 DE DADES 1. INTRODUCCI\u00d3 La visita al portal d&#8217;Internet de l&#8217;Ajuntament de Benic\u00e0ssim, s&#8217;efectua, inicialment, de manera an\u00f2nima. Els usuaris han de subministrar les dades personals imprescindibles per a la prestaci\u00f3 del servei sol\u00b7licitat nom\u00e9s per a poder accedir a algun dels serveis de la [&hellip;]","og_url":"https:\/\/turismo.benicassim.es\/va\/politica-de-privacitat\/","og_site_name":"Benic\u00e0ssim Turismo","article_modified_time":"2021-10-27T07:48:20+00:00","twitter_card":"summary_large_image","twitter_misc":{"Est. reading time":"11 minutes"},"schema":{"@context":"https:\/\/schema.org","@graph":[{"@type":"WebPage","@id":"https:\/\/turismo.benicassim.es\/va\/politica-de-privacitat\/","url":"https:\/\/turismo.benicassim.es\/va\/politica-de-privacitat\/","name":"Pol\u00edtica de privacitat - Benic\u00e0ssim Turismo","isPartOf":{"@id":"https:\/\/turismo.benicassim.es\/va\/#website"},"datePublished":"2021-03-16T09:31:53+00:00","dateModified":"2021-10-27T07:48:20+00:00","breadcrumb":{"@id":"https:\/\/turismo.benicassim.es\/va\/politica-de-privacitat\/#breadcrumb"},"inLanguage":"ca-CA","potentialAction":[{"@type":"ReadAction","target":["https:\/\/turismo.benicassim.es\/va\/politica-de-privacitat\/"]}]},{"@type":"BreadcrumbList","@id":"https:\/\/turismo.benicassim.es\/va\/politica-de-privacitat\/#breadcrumb","itemListElement":[{"@type":"ListItem","position":1,"name":"Inicio","item":"https:\/\/turismo.benicassim.es\/va\/"},{"@type":"ListItem","position":2,"name":"Pol\u00edtica de privacitat"}]},{"@type":"WebSite","@id":"https:\/\/turismo.benicassim.es\/va\/#website","url":"https:\/\/turismo.benicassim.es\/va\/","name":"Benic\u00e0ssim Turismo","description":"Web de informaci\u00f3n de Turismo en Benicasim","potentialAction":[{"@type":"SearchAction","target":{"@type":"EntryPoint","urlTemplate":"https:\/\/turismo.benicassim.es\/va\/?s={search_term_string}"},"query-input":{"@type":"PropertyValueSpecification","valueRequired":true,"valueName":"search_term_string"}}],"inLanguage":"ca-CA"}]}},"_links":{"self":[{"href":"https:\/\/turismo.benicassim.es\/va\/wp-json\/wp\/v2\/pages\/39628","targetHints":{"allow":["GET"]}}],"collection":[{"href":"https:\/\/turismo.benicassim.es\/va\/wp-json\/wp\/v2\/pages"}],"about":[{"href":"https:\/\/turismo.benicassim.es\/va\/wp-json\/wp\/v2\/types\/page"}],"author":[{"embeddable":true,"href":"https:\/\/turismo.benicassim.es\/va\/wp-json\/wp\/v2\/users\/1"}],"replies":[{"embeddable":true,"href":"https:\/\/turismo.benicassim.es\/va\/wp-json\/wp\/v2\/comments?post=39628"}],"version-history":[{"count":5,"href":"https:\/\/turismo.benicassim.es\/va\/wp-json\/wp\/v2\/pages\/39628\/revisions"}],"predecessor-version":[{"id":62405,"href":"https:\/\/turismo.benicassim.es\/va\/wp-json\/wp\/v2\/pages\/39628\/revisions\/62405"}],"wp:attachment":[{"href":"https:\/\/turismo.benicassim.es\/va\/wp-json\/wp\/v2\/media?parent=39628"}],"curies":[{"name":"wp","href":"https:\/\/api.w.org\/{rel}","templated":true}]}}