{"id":39651,"date":"2021-03-16T11:15:04","date_gmt":"2021-03-16T11:15:04","guid":{"rendered":"http:\/\/bturismo.atic.green\/?page_id=39651"},"modified":"2025-03-28T14:02:31","modified_gmt":"2025-03-28T13:02:31","slug":"salut-i-benestar","status":"publish","type":"page","link":"https:\/\/turismo.benicassim.es\/va\/serveis\/salut-i-benestar\/","title":{"rendered":"Salut i Benestar"},"content":{"rendered":"<p>[vc_row full_width=&#8221;stretch_row&#8221; el_class=&#8221;breadcrumb-container banner letra-montserrat&#8221;][vc_column]<div class=\"my-breadcrumb\" style=\"display:inline-block;\"><a href=\"https:\/\/turismo.benicassim.es\/va\/\" class=\"link-color-2\">Inici<\/a> \/ <span>Salut i Benestar<\/span><\/div>[\/vc_column][\/vc_row][vc_row full_width=&#8221;stretch_row_content_no_spaces&#8221; el_class=&#8221;banner_titulo&#8221; css=&#8221;.vc_custom_1613637109561{background-image: url(https:\/\/turismo.benicassim.es\/wp-content\/uploads\/2021\/02\/beauty-spa-treatment-with-candles-PFZLM5Z-scaled.jpg?id=37338) !important;background-position: center !important;background-repeat: no-repeat !important;background-size: cover !important;}&#8221;][vc_column][vc_column_text el_class=&#8221;titulo&#8221;]<\/p>\n<h1 style=\"text-align: center;\">Serveis de salut i Benestar a Benic\u00e0ssim<\/h1>\n<p>[\/vc_column_text][\/vc_column][\/vc_row][vc_row full_width=&#8221;stretch_row&#8221; el_class=&#8221;bloque&#8221; css=&#8221;.vc_custom_1613655280393{background-color: #ffffff !important;}&#8221;][vc_column width=&#8221;1\/6&#8243;][\/vc_column][vc_column width=&#8221;2\/3&#8243;][vc_column_text el_class=&#8221;letra-montserrat&#8221;]<\/p>\n<h2 style=\"text-align: center;\"><strong>La salut \u00e9s una relaci\u00f3 entre el teu cos i tu.<\/strong><\/h2>\n<p style=\"text-align: center;\">Per aquesta ra\u00f3, volem que Benic\u00e0ssim es convertisca en el teu raconet zen per a ajudar-te a desconnectar de la rutina, connectant amb la natura, la mar, les ones i una s\u00e8rie d&#8217;establiments especialitzats a \u201cfer-te xalar\u201d, sigues turista o ciutad\u00e0, durant tot l&#8217;any.<\/p>\n<p>[\/vc_column_text][\/vc_column][vc_column width=&#8221;1\/6&#8243;][\/vc_column][\/vc_row][vc_row el_class=&#8221;oficinas_turismo bloque&#8221;][vc_column][vc_column_text el_class=&#8221;titulo&#8221;]<\/p>\n<h2>Cat\u00e0leg de serveis de salut i benestar a Benic\u00e0ssim<\/h2>\n<p>[\/vc_column_text][vc_tta_tour style=&#8221;flat&#8221; shape=&#8221;square&#8221; color=&#8221;white&#8221; active_section=&#8221;1&#8243; el_class=&#8221;letra-montserrat&#8221;][vc_tta_section title=&#8221;El Palasiet Wellness Clinic &amp; Thalasso ****&#8221; tab_id=&#8221;1613039740430-1af84e47-6506&#8243;][vc_row_inner el_class=&#8221;info&#8221;][vc_column_inner][vc_single_image image=&#8221;40997&#8243; img_size=&#8221;full&#8221; alignment=&#8221;center&#8221; onclick=&#8221;link_image&#8221;][vc_column_text]<strong>Palasiet Wellness Clinic &amp; Thalasso<\/strong> est\u00e0 situat en el vessant d&#8217;una muntanya molt pr\u00f2xim a la mar. \u00c9s un centre sanitari on es practiquen els serveis de talasoter\u00e0pia, terme reconegut medicament que inclou les t\u00e8cniques i procediments terap\u00e8utics de la hidroter\u00e0pia, l&#8217;\u00fas combinat dels avantatges del medi mar\u00ed sota supervisi\u00f3 m\u00e8dica i amb un objectiu preventiu o curatiu. Aquesta ter\u00e0pia inclou el clima mar\u00ed, l&#8217;aigua de mar, els fangs marins, les algues i altres subst\u00e0ncies extretes de la mar. El significat de Talasoter\u00e0pia prov\u00e9 del grec: Thalassa-aigua de mar- i therapeia-tractament.<\/p>\n<p>L&#8217;aigua de mar \u00e9s altament beneficiosa per a l&#8217;organisme i est\u00e0 indicada especialment per a estats destr\u00e9s, fatiga, ansietat, problemes reumatol\u00f2gics, musculars, processos dermatol\u00f2gics.<\/p>\n<p>Centre de Talasoter\u00e0pia: salut i descans el nostre principal objectiu.<\/p>\n<p><a href=\"http:\/\/www.palasiet.com\/\" target=\"_blank\" rel=\"noopener noreferrer\">www.palasiet.com<\/a>[\/vc_column_text][\/vc_column_inner][\/vc_row_inner][\/vc_tta_section][vc_tta_section title=&#8221;Benic\u00e0ssim Inspira&#8221; tab_id=&#8221;1613039788810-7a9b8703-9e19&#8243;][vc_row_inner el_class=&#8221;info&#8221;][vc_column_inner][vc_single_image image=&#8221;79303&#8243; img_size=&#8221;full&#8221; alignment=&#8221;center&#8221;][vc_column_text]L&#8217;esdeveniment \u00abBenic\u00e0ssim Inspira\u00bb es tradueix en benestar, relax, salut, qualitat de vida i sostenibilitat. Es tracta d&#8217;activitats obertes al p\u00fablic general i totalment gratu\u00eftes.<\/p>\n<p>Realitzaci\u00f3 de tallers, moviment conscient, confer\u00e8ncies, col\u00b7loquis, etc. en la platja Voramar i el Palauet Municipal Vil\u00b7la Elisa.[\/vc_column_text][\/vc_column_inner][\/vc_row_inner][\/vc_tta_section][vc_tta_section title=&#8221;Kinesis&#8221; tab_id=&#8221;1613039787965-097fee06-7673&#8243;][vc_row_inner el_class=&#8221;info&#8221;][vc_column_inner][vc_single_image image=&#8221;27599&#8243; img_size=&#8221;full&#8221; alignment=&#8221;center&#8221; onclick=&#8221;link_image&#8221;][vc_column_text]<strong>Direcci\u00f3<\/strong>: C\/ Desert, 2 bajo<br \/>\n<strong>Tel\u00e8fon<\/strong>: 964 30 02 75<br \/>\n<strong>Mail<\/strong>:\u00a0<a href=\"mailto:kinesis@kinesis.es\">kinesis@kinesis.es<\/a>[\/vc_column_text][vc_column_text]<strong><a href=\"http:\/\/www.kinesis.es\/\" target=\"_blank\" rel=\"noopener noreferrer\">Kinesis<\/a> <\/strong>dispone d&#8217;un equip de fisioterapeutes, especialistes en ter\u00e0pies manuals i diferents tipus de massatge. Atienden\u00a0 els seus pacients, sempre davall la premissa d&#8217;oferir la m\u00e0xima qualitat assistencial en fisioter\u00e0pia i dedicar-li a cada persona el temps que necessita.<\/p>\n<p><a href=\"http:\/\/www.kinesis.es\/\" target=\"_blank\" rel=\"noopener noreferrer\">http:\/\/www.kinesis.es<\/a>[\/vc_column_text][\/vc_column_inner][\/vc_row_inner][\/vc_tta_section][vc_tta_section title=&#8221;Naturaldea Herbolario y Bioalimentaci\u00f3n&#8221; tab_id=&#8221;1613040685139-d87d1df9-4611&#8243;][vc_row_inner el_class=&#8221;info&#8221;][vc_column_inner][vc_single_image image=&#8221;27647&#8243; img_size=&#8221;full&#8221; alignment=&#8221;center&#8221;][vc_column_text]<strong>Direcci\u00f3: <\/strong>\u00a0Pla\u00e7a de l&#8217;Estaci\u00f3, 9<br \/>\n<strong>Tel\u00e8fon: <\/strong>\u00a0964 30 38 39<br \/>\n<strong>Mail:<\/strong>\u00a0\u00a0<a href=\"mailto:herbolarionaturaldea@hotmail.com\" target=\"_blank\" rel=\"noopener noreferrer\">herbolarionaturaldea@hotmail.com<\/a>[\/vc_column_text][\/vc_column_inner][\/vc_row_inner][\/vc_tta_section][vc_tta_section title=&#8221;Mam\u00e1 Bio&#8221; tab_id=&#8221;1613040684933-77a95d56-b034&#8243;][vc_row_inner el_class=&#8221;info&#8221;][vc_column_inner][vc_single_image image=&#8221;64513&#8243; img_size=&#8221;full&#8221; alignment=&#8221;center&#8221;][vc_column_text]<strong>Productes naturals i ecol\u00f2gics<\/strong><\/p>\n<ul>\n<li>Supermercat ecol\u00f2gic: alimentaci\u00f3, cosm\u00e8tica, suplements, neteja i altres productes per a la llar.\n<ul>\n<li style=\"list-style-type: none;\">\n<ul>\n<li>Mam\u00e1 Bio<\/li>\n<li>Avinguda de Castell\u00f3 56, Benic\u00e0ssim<\/li>\n<li>964 866 431<\/li>\n<li><a class=\"oajrlxb2 g5ia77u1 qu0x051f esr5mh6w e9989ue4 r7d6kgcz rq0escxv nhd2j8a9 nc684nl6 p7hjln8o kvgmc6g5 cxmmr5t8 oygrvhab hcukyx3x jb3vyjys rz4wbd8a qt6c0cv9 a8nywdso i1ao9s8h esuyzwwr f1sip0of lzcic4wl gpro0wi8 py34i1dx\" tabindex=\"0\" role=\"link\" href=\"mailto:mamabiotienda@gmail.com\" target=\"_blank\" rel=\"noopener noreferrer\">mamabiotienda@gmail.com<\/a><\/li>\n<\/ul>\n<\/li>\n<\/ul>\n<\/li>\n<\/ul>\n<p>[\/vc_column_text][\/vc_column_inner][\/vc_row_inner][\/vc_tta_section][vc_tta_section title=&#8221;Hotel Intelier Orange ****&#8221; tab_id=&#8221;1613040683958-90ac91bd-6291&#8243;][vc_row_inner el_class=&#8221;info&#8221;][vc_column_inner][vc_single_image image=&#8221;64529&#8243; img_size=&#8221;full&#8221; onclick=&#8221;link_image&#8221;][vc_column_text]<strong>Direcci\u00f3<\/strong>: Avda. Gimeno Tom\u00e1s, 9<br \/>\n<strong>Tel\u00e8fon<\/strong>: 964 39 44 00<br \/>\n<strong>Mail<\/strong>: <a href=\"mailto:www.intelier.com\" target=\"_blank\" rel=\"noopener noreferrer\">orange@intelier.com<\/a><br \/>\n<strong>Web<\/strong>: <a href=\"https:\/\/www.intelier.com\/hotel-intelier-orange-benicasim\/\">https:\/\/www.intelier.com\/hotel-intelier-orange-benicasim\/<\/a>[\/vc_column_text][\/vc_column_inner][\/vc_row_inner][\/vc_tta_section][vc_tta_section title=&#8221;Hotel Intelier Bonaire ****&#8221; tab_id=&#8221;1613040798702-f768e73c-fc16&#8243;][vc_row_inner el_class=&#8221;info&#8221;][vc_column_inner][vc_single_image image=&#8221;64532&#8243; img_size=&#8221;full&#8221; alignment=&#8221;center&#8221; onclick=&#8221;link_image&#8221;][vc_column_text]<strong>Direcci\u00f3<\/strong>: Avda. Gimeno Tom\u00e1s, 3<br \/>\n<strong>Tel\u00e8fon<\/strong>: 964 39 24 80<br \/>\n<strong>Mail<\/strong>: <a href=\"mailto:reservas@intur.com\" target=\"_blank\" rel=\"noopener noreferrer\">bonaire@intur.com<\/a><br \/>\n<strong>Web<\/strong>: <a href=\"https:\/\/www.intelier.com\/hotel-intelier-bonaire-benicasim\/\">https:\/\/www.intelier.com\/hotel-intelier-bonaire-benicasim\/<\/a>[\/vc_column_text][\/vc_column_inner][\/vc_row_inner][\/vc_tta_section][\/vc_tta_tour][\/vc_column][\/vc_row]<\/p>\n","protected":false},"excerpt":{"rendered":"<p>[vc_row full_width=&#8221;stretch_row&#8221; el_class=&#8221;breadcrumb-container banner letra-montserrat&#8221;][vc_column][\/vc_column][\/vc_row][vc_row full_width=&#8221;stretch_row_content_no_spaces&#8221; el_class=&#8221;banner_titulo&#8221; css=&#8221;.vc_custom_1613637109561{background-image: url(https:\/\/turismo.benicassim.es\/wp-content\/uploads\/2021\/02\/beauty-spa-treatment-with-candles-PFZLM5Z-scaled.jpg?id=37338) !important;background-position: center !important;background-repeat: no-repeat !important;background-size: cover !important;}&#8221;][vc_column][vc_column_text el_class=&#8221;titulo&#8221;] Serveis de salut i Benestar a Benic\u00e0ssim [\/vc_column_text][\/vc_column][\/vc_row][vc_row full_width=&#8221;stretch_row&#8221; el_class=&#8221;bloque&#8221; css=&#8221;.vc_custom_1613655280393{background-color: #ffffff !important;}&#8221;][vc_column width=&#8221;1\/6&#8243;][\/vc_column][vc_column width=&#8221;2\/3&#8243;][vc_column_text el_class=&#8221;letra-montserrat&#8221;] La salut \u00e9s una relaci\u00f3 entre el teu cos i tu. Per aquesta ra\u00f3, volem que Benic\u00e0ssim es convertisca en el teu [&hellip;]<\/p>\n","protected":false},"author":1,"featured_media":0,"parent":39731,"menu_order":0,"comment_status":"closed","ping_status":"closed","template":"","meta":{"_acf_changed":false,"footnotes":""},"class_list":["post-39651","page","type-page","status-publish","hentry"],"acf":[],"yoast_head":"<!-- This site is optimized with the Yoast SEO plugin v27.1.1 - https:\/\/yoast.com\/product\/yoast-seo-wordpress\/ -->\n<title>Serveis de Salut i Benestar a Benic\u00e0ssim<\/title>\n<meta name=\"description\" content=\"Descobreix el cat\u00e0leg de serveis de benestar i salut de Benic\u00e0ssim per a gaudir de la millor experi\u00e8ncia reparadora en un lloc de somni.\" \/>\n<meta name=\"robots\" content=\"index, follow, max-snippet:-1, max-image-preview:large, max-video-preview:-1\" \/>\n<link rel=\"canonical\" href=\"https:\/\/turismo.benicassim.es\/va\/serveis\/salut-i-benestar\/\" \/>\n<meta property=\"og:locale\" content=\"en_US\" \/>\n<meta property=\"og:type\" content=\"article\" \/>\n<meta property=\"og:title\" content=\"Serveis de Salut i Benestar a Benic\u00e0ssim\" \/>\n<meta property=\"og:description\" content=\"Descobreix el cat\u00e0leg de serveis de benestar i salut de Benic\u00e0ssim per a gaudir de la millor experi\u00e8ncia reparadora en un lloc de somni.\" \/>\n<meta property=\"og:url\" content=\"https:\/\/turismo.benicassim.es\/va\/serveis\/salut-i-benestar\/\" \/>\n<meta property=\"og:site_name\" content=\"Benic\u00e0ssim Turismo\" \/>\n<meta property=\"article:modified_time\" content=\"2025-03-28T13:02:31+00:00\" \/>\n<meta name=\"twitter:card\" content=\"summary_large_image\" \/>\n<meta name=\"twitter:label1\" content=\"Est. reading time\" \/>\n\t<meta name=\"twitter:data1\" content=\"3 minutes\" \/>\n<script type=\"application\/ld+json\" class=\"yoast-schema-graph\">{\"@context\":\"https:\/\/schema.org\",\"@graph\":[{\"@type\":\"WebPage\",\"@id\":\"https:\/\/turismo.benicassim.es\/va\/serveis\/salut-i-benestar\/\",\"url\":\"https:\/\/turismo.benicassim.es\/va\/serveis\/salut-i-benestar\/\",\"name\":\"Serveis de Salut i Benestar a Benic\u00e0ssim\",\"isPartOf\":{\"@id\":\"https:\/\/turismo.benicassim.es\/va\/#website\"},\"datePublished\":\"2021-03-16T11:15:04+00:00\",\"dateModified\":\"2025-03-28T13:02:31+00:00\",\"description\":\"Descobreix el cat\u00e0leg de serveis de benestar i salut de Benic\u00e0ssim per a gaudir de la millor experi\u00e8ncia reparadora en un lloc de somni.\",\"breadcrumb\":{\"@id\":\"https:\/\/turismo.benicassim.es\/va\/serveis\/salut-i-benestar\/#breadcrumb\"},\"inLanguage\":\"ca-CA\",\"potentialAction\":[{\"@type\":\"ReadAction\",\"target\":[\"https:\/\/turismo.benicassim.es\/va\/serveis\/salut-i-benestar\/\"]}]},{\"@type\":\"BreadcrumbList\",\"@id\":\"https:\/\/turismo.benicassim.es\/va\/serveis\/salut-i-benestar\/#breadcrumb\",\"itemListElement\":[{\"@type\":\"ListItem\",\"position\":1,\"name\":\"Inicio\",\"item\":\"https:\/\/turismo.benicassim.es\/va\/\"},{\"@type\":\"ListItem\",\"position\":2,\"name\":\"Serveis\",\"item\":\"https:\/\/turismo.benicassim.es\/va\/serveis\/\"},{\"@type\":\"ListItem\",\"position\":3,\"name\":\"Salut i Benestar\"}]},{\"@type\":\"WebSite\",\"@id\":\"https:\/\/turismo.benicassim.es\/va\/#website\",\"url\":\"https:\/\/turismo.benicassim.es\/va\/\",\"name\":\"Benic\u00e0ssim Turismo\",\"description\":\"Web de informaci\u00f3n de Turismo en Benicasim\",\"potentialAction\":[{\"@type\":\"SearchAction\",\"target\":{\"@type\":\"EntryPoint\",\"urlTemplate\":\"https:\/\/turismo.benicassim.es\/va\/?s={search_term_string}\"},\"query-input\":{\"@type\":\"PropertyValueSpecification\",\"valueRequired\":true,\"valueName\":\"search_term_string\"}}],\"inLanguage\":\"ca-CA\"}]}<\/script>\n<!-- \/ Yoast SEO plugin. -->","yoast_head_json":{"title":"Serveis de Salut i Benestar a Benic\u00e0ssim","description":"Descobreix el cat\u00e0leg de serveis de benestar i salut de Benic\u00e0ssim per a gaudir de la millor experi\u00e8ncia reparadora en un lloc de somni.","robots":{"index":"index","follow":"follow","max-snippet":"max-snippet:-1","max-image-preview":"max-image-preview:large","max-video-preview":"max-video-preview:-1"},"canonical":"https:\/\/turismo.benicassim.es\/va\/serveis\/salut-i-benestar\/","og_locale":"en_US","og_type":"article","og_title":"Serveis de Salut i Benestar a Benic\u00e0ssim","og_description":"Descobreix el cat\u00e0leg de serveis de benestar i salut de Benic\u00e0ssim per a gaudir de la millor experi\u00e8ncia reparadora en un lloc de somni.","og_url":"https:\/\/turismo.benicassim.es\/va\/serveis\/salut-i-benestar\/","og_site_name":"Benic\u00e0ssim Turismo","article_modified_time":"2025-03-28T13:02:31+00:00","twitter_card":"summary_large_image","twitter_misc":{"Est. reading time":"3 minutes"},"schema":{"@context":"https:\/\/schema.org","@graph":[{"@type":"WebPage","@id":"https:\/\/turismo.benicassim.es\/va\/serveis\/salut-i-benestar\/","url":"https:\/\/turismo.benicassim.es\/va\/serveis\/salut-i-benestar\/","name":"Serveis de Salut i Benestar a Benic\u00e0ssim","isPartOf":{"@id":"https:\/\/turismo.benicassim.es\/va\/#website"},"datePublished":"2021-03-16T11:15:04+00:00","dateModified":"2025-03-28T13:02:31+00:00","description":"Descobreix el cat\u00e0leg de serveis de benestar i salut de Benic\u00e0ssim per a gaudir de la millor experi\u00e8ncia reparadora en un lloc de somni.","breadcrumb":{"@id":"https:\/\/turismo.benicassim.es\/va\/serveis\/salut-i-benestar\/#breadcrumb"},"inLanguage":"ca-CA","potentialAction":[{"@type":"ReadAction","target":["https:\/\/turismo.benicassim.es\/va\/serveis\/salut-i-benestar\/"]}]},{"@type":"BreadcrumbList","@id":"https:\/\/turismo.benicassim.es\/va\/serveis\/salut-i-benestar\/#breadcrumb","itemListElement":[{"@type":"ListItem","position":1,"name":"Inicio","item":"https:\/\/turismo.benicassim.es\/va\/"},{"@type":"ListItem","position":2,"name":"Serveis","item":"https:\/\/turismo.benicassim.es\/va\/serveis\/"},{"@type":"ListItem","position":3,"name":"Salut i Benestar"}]},{"@type":"WebSite","@id":"https:\/\/turismo.benicassim.es\/va\/#website","url":"https:\/\/turismo.benicassim.es\/va\/","name":"Benic\u00e0ssim Turismo","description":"Web de informaci\u00f3n de Turismo en Benicasim","potentialAction":[{"@type":"SearchAction","target":{"@type":"EntryPoint","urlTemplate":"https:\/\/turismo.benicassim.es\/va\/?s={search_term_string}"},"query-input":{"@type":"PropertyValueSpecification","valueRequired":true,"valueName":"search_term_string"}}],"inLanguage":"ca-CA"}]}},"_links":{"self":[{"href":"https:\/\/turismo.benicassim.es\/va\/wp-json\/wp\/v2\/pages\/39651","targetHints":{"allow":["GET"]}}],"collection":[{"href":"https:\/\/turismo.benicassim.es\/va\/wp-json\/wp\/v2\/pages"}],"about":[{"href":"https:\/\/turismo.benicassim.es\/va\/wp-json\/wp\/v2\/types\/page"}],"author":[{"embeddable":true,"href":"https:\/\/turismo.benicassim.es\/va\/wp-json\/wp\/v2\/users\/1"}],"replies":[{"embeddable":true,"href":"https:\/\/turismo.benicassim.es\/va\/wp-json\/wp\/v2\/comments?post=39651"}],"version-history":[{"count":30,"href":"https:\/\/turismo.benicassim.es\/va\/wp-json\/wp\/v2\/pages\/39651\/revisions"}],"predecessor-version":[{"id":80874,"href":"https:\/\/turismo.benicassim.es\/va\/wp-json\/wp\/v2\/pages\/39651\/revisions\/80874"}],"up":[{"embeddable":true,"href":"https:\/\/turismo.benicassim.es\/va\/wp-json\/wp\/v2\/pages\/39731"}],"wp:attachment":[{"href":"https:\/\/turismo.benicassim.es\/va\/wp-json\/wp\/v2\/media?parent=39651"}],"curies":[{"name":"wp","href":"https:\/\/api.w.org\/{rel}","templated":true}]}}