{"id":39672,"date":"2021-03-16T11:19:19","date_gmt":"2021-03-16T11:19:19","guid":{"rendered":"http:\/\/bturismo.atic.green\/?page_id=39672"},"modified":"2024-04-24T17:31:07","modified_gmt":"2024-04-24T15:31:07","slug":"agencies-de-viatges","status":"publish","type":"page","link":"https:\/\/turismo.benicassim.es\/va\/serveis\/serveis-essencials\/agencies-de-viatges\/","title":{"rendered":"Ag\u00e8ncies de viatges"},"content":{"rendered":"<p>[vc_row full_width=&#8221;stretch_row&#8221; el_class=&#8221;breadcrumb-container banner letra-montserrat&#8221;][vc_column]<div class=\"my-breadcrumb\" style=\"display:inline-block;\"><a href=\"https:\/\/turismo.benicassim.es\/va\/\" class=\"link-color-2\">Inici<\/a> \/ <span>Ag\u00e8ncies de viatges<\/span><\/div>[\/vc_column][\/vc_row][vc_row full_width=&#8221;stretch_row_content_no_spaces&#8221; el_class=&#8221;banner_titulo&#8221; css=&#8221;.vc_custom_1648651455839{background-image: url(https:\/\/turismo.benicassim.es\/wp-content\/uploads\/2022\/03\/Benicassim-1Fotoestudi-Marti-1-scaled.jpg?id=64590) !important;background-position: center !important;background-repeat: no-repeat !important;background-size: cover !important;}&#8221;][vc_column][vc_custom_heading text=&#8221;Ag\u00e8ncies de Viatges en Benic\u00e0ssim&#8221; font_container=&#8221;tag:h1|font_size:40|text_align:center|color:%23ffffff&#8221; google_fonts=&#8221;font_family:Anton%3Aregular|font_style:400%20regular%3A400%3Anormal&#8221;][\/vc_column][\/vc_row][vc_row el_class=&#8221;bloque&#8221;][vc_column][vc_row_inner el_class=&#8221;row_servicios_esenciales&#8221;][vc_column_inner width=&#8221;1\/3&#8243;][vc_single_image image=&#8221;23357&#8243; img_size=&#8221;full&#8221; el_class=&#8221;imagen&#8221;][vc_custom_heading text=&#8221;Intursport Travel Services&#8221; font_container=&#8221;tag:h2|font_size:25|text_align:center|color:%2324e5e5&#8243; google_fonts=&#8221;font_family:Anton%3Aregular|font_style:400%20regular%3A400%3Anormal&#8221;][vc_column_text el_class=&#8221;info&#8221;]<strong>Direcci\u00f3<\/strong>: Avenida Ferrandis Salvador, 188<br \/>\n<strong>Tel\u00e8fon<\/strong>:\u00a0964 343 701<br \/>\n<strong>Mail<\/strong>: <a href=\"mailto:infointursports@intur.com\">infointursports@intur.com<\/a><br \/>\n<strong>Web<\/strong>: <a href=\"http:\/\/www.intursportstravelservices.com\/\" target=\"_blank\" rel=\"noopener noreferrer\">www.intursportstravelservices.com\/<\/a><\/p>\n<p><a class=\"boton\" href=\"\/va\/lugar\/intursports-travel-services\/\">Veure m\u00e9s<\/a>[\/vc_column_text][\/vc_column_inner][vc_column_inner width=&#8221;1\/3&#8243;][vc_single_image image=&#8221;39830&#8243; img_size=&#8221;full&#8221; el_class=&#8221;imagen&#8221;][vc_custom_heading text=&#8221;B Travel&#8221; font_container=&#8221;tag:h2|font_size:25|text_align:center|color:%2324e5e5&#8243; google_fonts=&#8221;font_family:Anton%3Aregular|font_style:400%20regular%3A400%3Anormal&#8221;][vc_column_text el_class=&#8221;info&#8221;]<strong>Direcci\u00f3<\/strong>: C\/ Jutge Manuel Gual i Miravet, 2 Bj Dcha<br \/>\n<strong>Tel\u00e8fon<\/strong>: 964 81 22 90<br \/>\n<strong>Mail<\/strong>: <a href=\"mailto:benicasim@bthetravelbrand.com\">benicasim@btravel.com<\/a><br \/>\n<strong>Web<\/strong>: <a href=\"http:\/\/www.bthetravelbrand.com\/1883\" target=\"_blank\" rel=\"noopener noreferrer\">www.bthetravelbrand.com\/1883<\/a><\/p>\n<p><a class=\"boton\" href=\"\/va\/lugar\/b-the-travel-brand\/\">Veure m\u00e9s<\/a>[\/vc_column_text][\/vc_column_inner][vc_column_inner width=&#8221;1\/3&#8243;][vc_single_image image=&#8221;43707&#8243; img_size=&#8221;full&#8221; el_class=&#8221;imagen&#8221;][vc_custom_heading text=&#8221;Itinerantur&#8221; font_container=&#8221;tag:h2|font_size:25|text_align:center|color:%2324e5e5&#8243; google_fonts=&#8221;font_family:Anton%3Aregular|font_style:400%20regular%3A400%3Anormal&#8221;][vc_column_text el_class=&#8221;info&#8221;]<strong>Direcci\u00f3<\/strong>: Avenida Ferrandis Salvador, 60<br \/>\n<strong>Tel\u00e8fon<\/strong>: 611 496 058<br \/>\n<strong>Mail<\/strong>: <a href=\"mailto:info@itinerantur.com\" target=\"_blank\" rel=\"noopener noreferrer\">info@itinerantur.com<\/a><br \/>\n<strong>Web<\/strong>: <a href=\"https:\/\/itinerantur.com\/\">itinerantur.com<\/a><\/p>\n<p><a class=\"boton\" href=\"\/va\/lugar\/itinerantur\/\">Ver m\u00e1s<\/a>[\/vc_column_text][\/vc_column_inner][\/vc_row_inner][vc_row_inner el_class=&#8221;row_servicios_esenciales&#8221;][vc_column_inner width=&#8221;1\/3&#8243;][vc_single_image image=&#8221;71503&#8243; img_size=&#8221;full&#8221; alignment=&#8221;center&#8221; el_class=&#8221;imagen&#8221;][vc_custom_heading text=&#8221;Babel Viajes &#8211; Ag\u00e8ncia online&#8221; font_container=&#8221;tag:h2|font_size:25|text_align:center|color:%2324e5e5&#8243; google_fonts=&#8221;font_family:Anton%3Aregular|font_style:400%20regular%3A400%3Anormal&#8221;][vc_column_text el_class=&#8221;info&#8221;]<strong>Direcci\u00f3n<\/strong>: C\/ Senillar, 5<br \/>\n<strong>Tel\u00e9fono<\/strong>: 964 860 588<br \/>\n<strong>WhatsApp:<\/strong>\u00a0623 262 356<br \/>\n<strong>Mail<\/strong>:\u00a0<a href=\"mailto:info@babelviajes.es\" target=\"_blank\" rel=\"noopener noreferrer\">info@babelviajes.es<\/a><br \/>\n<strong>Web<\/strong>:\u00a0<a href=\"https:\/\/turismo.benicassim.es\/servicios\/servicios-esenciales\/agencias-de-viajes\/www.babelviajes.online\">www.babelviajes.online<\/a><\/p>\n<p><a class=\"boton\" href=\"https:\/\/turismo.benicassim.es\/va\/lugar\/babel-viajes-agencia-online\/\">Ver m\u00e1s<\/a>[\/vc_column_text][\/vc_column_inner][vc_column_inner width=&#8221;1\/3&#8243;][\/vc_column_inner][vc_column_inner width=&#8221;1\/3&#8243;][\/vc_column_inner][\/vc_row_inner][\/vc_column][\/vc_row]<\/p>\n","protected":false},"excerpt":{"rendered":"<p>[vc_row full_width=&#8221;stretch_row&#8221; el_class=&#8221;breadcrumb-container banner letra-montserrat&#8221;][vc_column][\/vc_column][\/vc_row][vc_row full_width=&#8221;stretch_row_content_no_spaces&#8221; el_class=&#8221;banner_titulo&#8221; css=&#8221;.vc_custom_1648651455839{background-image: url(https:\/\/turismo.benicassim.es\/wp-content\/uploads\/2022\/03\/Benicassim-1Fotoestudi-Marti-1-scaled.jpg?id=64590) !important;background-position: center !important;background-repeat: no-repeat !important;background-size: cover !important;}&#8221;][vc_column][vc_custom_heading text=&#8221;Ag\u00e8ncies de Viatges en Benic\u00e0ssim&#8221; font_container=&#8221;tag:h1|font_size:40|text_align:center|color:%23ffffff&#8221; google_fonts=&#8221;font_family:Anton%3Aregular|font_style:400%20regular%3A400%3Anormal&#8221;][\/vc_column][\/vc_row][vc_row el_class=&#8221;bloque&#8221;][vc_column][vc_row_inner el_class=&#8221;row_servicios_esenciales&#8221;][vc_column_inner width=&#8221;1\/3&#8243;][vc_single_image image=&#8221;23357&#8243; img_size=&#8221;full&#8221; el_class=&#8221;imagen&#8221;][vc_custom_heading text=&#8221;Intursport Travel Services&#8221; font_container=&#8221;tag:h2|font_size:25|text_align:center|color:%2324e5e5&#8243; google_fonts=&#8221;font_family:Anton%3Aregular|font_style:400%20regular%3A400%3Anormal&#8221;][vc_column_text el_class=&#8221;info&#8221;]Direcci\u00f3: Avenida Ferrandis Salvador, 188 Tel\u00e8fon:\u00a0964 343 701 Mail: infointursports@intur.com Web: www.intursportstravelservices.com\/ Veure m\u00e9s[\/vc_column_text][\/vc_column_inner][vc_column_inner width=&#8221;1\/3&#8243;][vc_single_image image=&#8221;39830&#8243; img_size=&#8221;full&#8221; el_class=&#8221;imagen&#8221;][vc_custom_heading text=&#8221;B Travel&#8221; font_container=&#8221;tag:h2|font_size:25|text_align:center|color:%2324e5e5&#8243; [&hellip;]<\/p>\n","protected":false},"author":1,"featured_media":0,"parent":39726,"menu_order":0,"comment_status":"closed","ping_status":"closed","template":"","meta":{"_acf_changed":false,"footnotes":""},"class_list":["post-39672","page","type-page","status-publish","hentry"],"acf":[],"yoast_head":"<!-- This site is optimized with the Yoast SEO plugin v27.1.1 - https:\/\/yoast.com\/product\/yoast-seo-wordpress\/ -->\n<title>Ag\u00e8ncies de Viatges en Benic\u00e0ssim - Benic\u00e0ssim Turisme<\/title>\n<meta name=\"description\" content=\"On pots trobar una ag\u00e8ncia de viatge en Benic\u00e0ssim. Des de l&#039;oficina de turisme et suggerim llocs que et poden ser \u00fatils\" \/>\n<meta name=\"robots\" content=\"index, follow, max-snippet:-1, max-image-preview:large, max-video-preview:-1\" \/>\n<link rel=\"canonical\" href=\"https:\/\/turismo.benicassim.es\/va\/serveis\/serveis-essencials\/agencies-de-viatges\/\" \/>\n<meta property=\"og:locale\" content=\"en_US\" \/>\n<meta property=\"og:type\" content=\"article\" \/>\n<meta property=\"og:title\" content=\"Ag\u00e8ncies de Viatges en Benic\u00e0ssim - Benic\u00e0ssim Turisme\" \/>\n<meta property=\"og:description\" content=\"On pots trobar una ag\u00e8ncia de viatge en Benic\u00e0ssim. Des de l&#039;oficina de turisme et suggerim llocs que et poden ser \u00fatils\" \/>\n<meta property=\"og:url\" content=\"https:\/\/turismo.benicassim.es\/va\/serveis\/serveis-essencials\/agencies-de-viatges\/\" \/>\n<meta property=\"og:site_name\" content=\"Benic\u00e0ssim Turismo\" \/>\n<meta property=\"article:modified_time\" content=\"2024-04-24T15:31:07+00:00\" \/>\n<meta name=\"twitter:card\" content=\"summary_large_image\" \/>\n<meta name=\"twitter:label1\" content=\"Est. reading time\" \/>\n\t<meta name=\"twitter:data1\" content=\"1 minute\" \/>\n<script type=\"application\/ld+json\" class=\"yoast-schema-graph\">{\"@context\":\"https:\/\/schema.org\",\"@graph\":[{\"@type\":\"WebPage\",\"@id\":\"https:\/\/turismo.benicassim.es\/va\/serveis\/serveis-essencials\/agencies-de-viatges\/\",\"url\":\"https:\/\/turismo.benicassim.es\/va\/serveis\/serveis-essencials\/agencies-de-viatges\/\",\"name\":\"Ag\u00e8ncies de Viatges en Benic\u00e0ssim - Benic\u00e0ssim Turisme\",\"isPartOf\":{\"@id\":\"https:\/\/turismo.benicassim.es\/va\/#website\"},\"datePublished\":\"2021-03-16T11:19:19+00:00\",\"dateModified\":\"2024-04-24T15:31:07+00:00\",\"description\":\"On pots trobar una ag\u00e8ncia de viatge en Benic\u00e0ssim. Des de l'oficina de turisme et suggerim llocs que et poden ser \u00fatils\",\"breadcrumb\":{\"@id\":\"https:\/\/turismo.benicassim.es\/va\/serveis\/serveis-essencials\/agencies-de-viatges\/#breadcrumb\"},\"inLanguage\":\"ca-CA\",\"potentialAction\":[{\"@type\":\"ReadAction\",\"target\":[\"https:\/\/turismo.benicassim.es\/va\/serveis\/serveis-essencials\/agencies-de-viatges\/\"]}]},{\"@type\":\"BreadcrumbList\",\"@id\":\"https:\/\/turismo.benicassim.es\/va\/serveis\/serveis-essencials\/agencies-de-viatges\/#breadcrumb\",\"itemListElement\":[{\"@type\":\"ListItem\",\"position\":1,\"name\":\"Inicio\",\"item\":\"https:\/\/turismo.benicassim.es\/va\/\"},{\"@type\":\"ListItem\",\"position\":2,\"name\":\"Serveis\",\"item\":\"https:\/\/turismo.benicassim.es\/va\/serveis\/\"},{\"@type\":\"ListItem\",\"position\":3,\"name\":\"Serveis essencials\",\"item\":\"https:\/\/turismo.benicassim.es\/va\/serveis\/serveis-essencials\/\"},{\"@type\":\"ListItem\",\"position\":4,\"name\":\"Ag\u00e8ncies de viatges\"}]},{\"@type\":\"WebSite\",\"@id\":\"https:\/\/turismo.benicassim.es\/va\/#website\",\"url\":\"https:\/\/turismo.benicassim.es\/va\/\",\"name\":\"Benic\u00e0ssim Turismo\",\"description\":\"Web de informaci\u00f3n de Turismo en Benicasim\",\"potentialAction\":[{\"@type\":\"SearchAction\",\"target\":{\"@type\":\"EntryPoint\",\"urlTemplate\":\"https:\/\/turismo.benicassim.es\/va\/?s={search_term_string}\"},\"query-input\":{\"@type\":\"PropertyValueSpecification\",\"valueRequired\":true,\"valueName\":\"search_term_string\"}}],\"inLanguage\":\"ca-CA\"}]}<\/script>\n<!-- \/ Yoast SEO plugin. -->","yoast_head_json":{"title":"Ag\u00e8ncies de Viatges en Benic\u00e0ssim - Benic\u00e0ssim Turisme","description":"On pots trobar una ag\u00e8ncia de viatge en Benic\u00e0ssim. Des de l'oficina de turisme et suggerim llocs que et poden ser \u00fatils","robots":{"index":"index","follow":"follow","max-snippet":"max-snippet:-1","max-image-preview":"max-image-preview:large","max-video-preview":"max-video-preview:-1"},"canonical":"https:\/\/turismo.benicassim.es\/va\/serveis\/serveis-essencials\/agencies-de-viatges\/","og_locale":"en_US","og_type":"article","og_title":"Ag\u00e8ncies de Viatges en Benic\u00e0ssim - Benic\u00e0ssim Turisme","og_description":"On pots trobar una ag\u00e8ncia de viatge en Benic\u00e0ssim. Des de l'oficina de turisme et suggerim llocs que et poden ser \u00fatils","og_url":"https:\/\/turismo.benicassim.es\/va\/serveis\/serveis-essencials\/agencies-de-viatges\/","og_site_name":"Benic\u00e0ssim Turismo","article_modified_time":"2024-04-24T15:31:07+00:00","twitter_card":"summary_large_image","twitter_misc":{"Est. reading time":"1 minute"},"schema":{"@context":"https:\/\/schema.org","@graph":[{"@type":"WebPage","@id":"https:\/\/turismo.benicassim.es\/va\/serveis\/serveis-essencials\/agencies-de-viatges\/","url":"https:\/\/turismo.benicassim.es\/va\/serveis\/serveis-essencials\/agencies-de-viatges\/","name":"Ag\u00e8ncies de Viatges en Benic\u00e0ssim - Benic\u00e0ssim Turisme","isPartOf":{"@id":"https:\/\/turismo.benicassim.es\/va\/#website"},"datePublished":"2021-03-16T11:19:19+00:00","dateModified":"2024-04-24T15:31:07+00:00","description":"On pots trobar una ag\u00e8ncia de viatge en Benic\u00e0ssim. Des de l'oficina de turisme et suggerim llocs que et poden ser \u00fatils","breadcrumb":{"@id":"https:\/\/turismo.benicassim.es\/va\/serveis\/serveis-essencials\/agencies-de-viatges\/#breadcrumb"},"inLanguage":"ca-CA","potentialAction":[{"@type":"ReadAction","target":["https:\/\/turismo.benicassim.es\/va\/serveis\/serveis-essencials\/agencies-de-viatges\/"]}]},{"@type":"BreadcrumbList","@id":"https:\/\/turismo.benicassim.es\/va\/serveis\/serveis-essencials\/agencies-de-viatges\/#breadcrumb","itemListElement":[{"@type":"ListItem","position":1,"name":"Inicio","item":"https:\/\/turismo.benicassim.es\/va\/"},{"@type":"ListItem","position":2,"name":"Serveis","item":"https:\/\/turismo.benicassim.es\/va\/serveis\/"},{"@type":"ListItem","position":3,"name":"Serveis essencials","item":"https:\/\/turismo.benicassim.es\/va\/serveis\/serveis-essencials\/"},{"@type":"ListItem","position":4,"name":"Ag\u00e8ncies de viatges"}]},{"@type":"WebSite","@id":"https:\/\/turismo.benicassim.es\/va\/#website","url":"https:\/\/turismo.benicassim.es\/va\/","name":"Benic\u00e0ssim Turismo","description":"Web de informaci\u00f3n de Turismo en Benicasim","potentialAction":[{"@type":"SearchAction","target":{"@type":"EntryPoint","urlTemplate":"https:\/\/turismo.benicassim.es\/va\/?s={search_term_string}"},"query-input":{"@type":"PropertyValueSpecification","valueRequired":true,"valueName":"search_term_string"}}],"inLanguage":"ca-CA"}]}},"_links":{"self":[{"href":"https:\/\/turismo.benicassim.es\/va\/wp-json\/wp\/v2\/pages\/39672","targetHints":{"allow":["GET"]}}],"collection":[{"href":"https:\/\/turismo.benicassim.es\/va\/wp-json\/wp\/v2\/pages"}],"about":[{"href":"https:\/\/turismo.benicassim.es\/va\/wp-json\/wp\/v2\/types\/page"}],"author":[{"embeddable":true,"href":"https:\/\/turismo.benicassim.es\/va\/wp-json\/wp\/v2\/users\/1"}],"replies":[{"embeddable":true,"href":"https:\/\/turismo.benicassim.es\/va\/wp-json\/wp\/v2\/comments?post=39672"}],"version-history":[{"count":12,"href":"https:\/\/turismo.benicassim.es\/va\/wp-json\/wp\/v2\/pages\/39672\/revisions"}],"predecessor-version":[{"id":75746,"href":"https:\/\/turismo.benicassim.es\/va\/wp-json\/wp\/v2\/pages\/39672\/revisions\/75746"}],"up":[{"embeddable":true,"href":"https:\/\/turismo.benicassim.es\/va\/wp-json\/wp\/v2\/pages\/39726"}],"wp:attachment":[{"href":"https:\/\/turismo.benicassim.es\/va\/wp-json\/wp\/v2\/media?parent=39672"}],"curies":[{"name":"wp","href":"https:\/\/api.w.org\/{rel}","templated":true}]}}