{"id":39675,"date":"2021-03-16T11:30:14","date_gmt":"2021-03-16T11:30:14","guid":{"rendered":"http:\/\/bturismo.atic.green\/?page_id=39675"},"modified":"2022-12-13T12:01:28","modified_gmt":"2022-12-13T11:01:28","slug":"centres-medics","status":"publish","type":"page","link":"https:\/\/turismo.benicassim.es\/va\/serveis\/serveis-essencials\/centres-medics\/","title":{"rendered":"Centres m\u00e8dics"},"content":{"rendered":"<p>[vc_row full_width=&#8221;stretch_row&#8221; el_class=&#8221;breadcrumb-container banner letra-montserrat&#8221;][vc_column]<div class=\"my-breadcrumb\" style=\"display:inline-block;\"><a href=\"https:\/\/turismo.benicassim.es\/va\/\" class=\"link-color-2\">Inici<\/a> \/ <span>Centres m\u00e8dics<\/span><\/div>[\/vc_column][\/vc_row][vc_row full_width=&#8221;stretch_row_content_no_spaces&#8221; el_class=&#8221;banner_titulo&#8221; css=&#8221;.vc_custom_1614166587393{background-image: url(https:\/\/turismo.benicassim.es\/wp-content\/uploads\/2021\/02\/centro_medico-scaled.jpg?id=37788) !important;background-position: center !important;background-repeat: no-repeat !important;background-size: cover !important;}&#8221;][vc_column][vc_custom_heading text=&#8221;Centre m\u00e8dics en Benic\u00e0ssim&#8221; font_container=&#8221;tag:h1|font_size:40|text_align:center|color:%23ffffff&#8221; google_fonts=&#8221;font_family:Anton%3Aregular|font_style:400%20regular%3A400%3Anormal&#8221;][\/vc_column][\/vc_row][vc_row el_class=&#8221;bloque&#8221;][vc_column][vc_row_inner el_class=&#8221;row_servicios_esenciales&#8221;][vc_column_inner width=&#8221;1\/4&#8243;][vc_single_image image=&#8221;29728&#8243; img_size=&#8221;262&#215;92&#8243; el_class=&#8221;imagen&#8221;][vc_custom_heading text=&#8221;Centre de Salud de Benic\u00e0ssim&#8221; font_container=&#8221;tag:h2|font_size:25|text_align:center|color:%2324e5e5&#8243; google_fonts=&#8221;font_family:Anton%3Aregular|font_style:400%20regular%3A400%3Anormal&#8221;][vc_column_text el_class=&#8221;info&#8221;]<strong>Direcci\u00f3<\/strong>: C\/ Estadi s\/n<br \/>\n<strong>Tel\u00e8fon<\/strong>: 96473 98 70(cita previa)<br \/>\n<strong>Urg\u00e8ncies<\/strong>: 964 73 98 75<br \/>\n<strong>Medicina General:<\/strong> Cita previa<br \/>\n<strong>Infermeria:<\/strong> 9:30h a 12:00h y de 17:00h a 19:00h<br \/>\n<strong>Avisos:<\/strong> 9:00h a 21:00h<br \/>\n<strong>URG\u00c8NCIES:<\/strong> Las 24 horas del d\u00eda[\/vc_column_text][\/vc_column_inner][vc_column_inner width=&#8221;1\/4&#8243;][vc_single_image image=&#8221;37590&#8243; img_size=&#8221;262&#215;92&#8243; el_class=&#8221;imagen&#8221;][vc_custom_heading text=&#8221;Hospital General de Castell\u00f3&#8221; font_container=&#8221;tag:h2|font_size:25|text_align:center|color:%2324e5e5&#8243; google_fonts=&#8221;font_family:Anton%3Aregular|font_style:400%20regular%3A400%3Anormal&#8221;][vc_column_text el_class=&#8221;info&#8221;]<strong>Direcci\u00f3<\/strong>: Av. Benic\u00e0ssim s\/n<br \/>\n<strong>Tel\u00e8fon<\/strong>: 964 72 65 00<br \/>\n<strong>Comentaris<\/strong>: Las 24h[\/vc_column_text][\/vc_column_inner][vc_column_inner width=&#8221;1\/4&#8243;][vc_single_image image=&#8221;37591&#8243; img_size=&#8221;full&#8221; el_class=&#8221;imagen&#8221;][vc_custom_heading text=&#8221;Consultori Azulmar&#8221; font_container=&#8221;tag:h2|font_size:25|text_align:center|color:%2324e5e5&#8243; google_fonts=&#8221;font_family:Anton%3Aregular|font_style:400%20regular%3A400%3Anormal&#8221;][vc_column_text el_class=&#8221;info&#8221;]<strong>Direcci\u00f3<\/strong>: Av. Ferrandis Salvador, 174<br \/>\n<strong>Tel\u00e8fon<\/strong>: 964 39 29 61<br \/>\n<strong>Comentaris<\/strong>: Obert en temporada estival[\/vc_column_text][\/vc_column_inner][vc_column_inner width=&#8221;1\/4&#8243;][vc_single_image image=&#8221;37591&#8243; img_size=&#8221;full&#8221; el_class=&#8221;imagen&#8221;][vc_custom_heading text=&#8221;Consultori Vila-Real&#8221; font_container=&#8221;tag:h2|font_size:25|text_align:center|color:%2324e5e5&#8243; google_fonts=&#8221;font_family:Anton%3Aregular|font_style:400%20regular%3A400%3Anormal&#8221;][vc_column_text el_class=&#8221;info&#8221;]<strong>Direcci\u00f3<\/strong>: C\/ Vila-real s\/n &#8211; Bajos Apart. Mediterr\u00e1neo Vela<br \/>\n<strong>Tel\u00e8fon<\/strong>: 964 39 22 74<br \/>\n<strong>Comentaris<\/strong>: Obert en temporada estival[\/vc_column_text][\/vc_column_inner][\/vc_row_inner][vc_row_inner el_class=&#8221;row_servicios_esenciales&#8221;][vc_column_inner width=&#8221;1\/4&#8243;][vc_single_image image=&#8221;37591&#8243; img_size=&#8221;full&#8221; el_class=&#8221;imagen&#8221;][vc_custom_heading text=&#8221;Consultori Vilamar&#8221; font_container=&#8221;tag:h2|font_size:25|text_align:center|color:%2324e5e5&#8243; google_fonts=&#8221;font_family:Anton%3Aregular|font_style:400%20regular%3A400%3Anormal&#8221;][vc_column_text el_class=&#8221;info&#8221;]<strong>Direcci\u00f3<\/strong>: Av. Barcelona, 87<br \/>\n<strong>Tel\u00e8fon<\/strong>: 964 30 50 62<br \/>\n<strong>Comentaris<\/strong>: Obert en temporada estival[\/vc_column_text][\/vc_column_inner][vc_column_inner width=&#8221;1\/4&#8243;][vc_single_image image=&#8221;37591&#8243; img_size=&#8221;full&#8221; el_class=&#8221;imagen&#8221;][vc_custom_heading text=&#8221;Consultori Atlanta&#8221; font_container=&#8221;tag:h2|font_size:25|text_align:center|color:%2324e5e5&#8243; google_fonts=&#8221;font_family:Anton%3Aregular|font_style:400%20regular%3A400%3Anormal&#8221;][vc_column_text el_class=&#8221;info&#8221;]<strong>Direcci\u00f3<\/strong>: Av. Ferrandis Salvador, 290<br \/>\n<strong>Tel\u00e8fon<\/strong>: 964 39 57 44<br \/>\n<strong>Comentaris<\/strong>: Oberten temporada estival[\/vc_column_text][\/vc_column_inner][\/vc_row_inner][\/vc_column][\/vc_row]<\/p>\n","protected":false},"excerpt":{"rendered":"<p>[vc_row full_width=&#8221;stretch_row&#8221; el_class=&#8221;breadcrumb-container banner letra-montserrat&#8221;][vc_column][\/vc_column][\/vc_row][vc_row full_width=&#8221;stretch_row_content_no_spaces&#8221; el_class=&#8221;banner_titulo&#8221; css=&#8221;.vc_custom_1614166587393{background-image: url(https:\/\/turismo.benicassim.es\/wp-content\/uploads\/2021\/02\/centro_medico-scaled.jpg?id=37788) !important;background-position: center !important;background-repeat: no-repeat !important;background-size: cover !important;}&#8221;][vc_column][vc_custom_heading text=&#8221;Centre m\u00e8dics en Benic\u00e0ssim&#8221; font_container=&#8221;tag:h1|font_size:40|text_align:center|color:%23ffffff&#8221; google_fonts=&#8221;font_family:Anton%3Aregular|font_style:400%20regular%3A400%3Anormal&#8221;][\/vc_column][\/vc_row][vc_row el_class=&#8221;bloque&#8221;][vc_column][vc_row_inner el_class=&#8221;row_servicios_esenciales&#8221;][vc_column_inner width=&#8221;1\/4&#8243;][vc_single_image image=&#8221;29728&#8243; img_size=&#8221;262&#215;92&#8243; el_class=&#8221;imagen&#8221;][vc_custom_heading text=&#8221;Centre de Salud de Benic\u00e0ssim&#8221; font_container=&#8221;tag:h2|font_size:25|text_align:center|color:%2324e5e5&#8243; google_fonts=&#8221;font_family:Anton%3Aregular|font_style:400%20regular%3A400%3Anormal&#8221;][vc_column_text el_class=&#8221;info&#8221;]Direcci\u00f3: C\/ Estadi s\/n Tel\u00e8fon: 96473 98 70(cita previa) Urg\u00e8ncies: 964 73 98 75 Medicina General: Cita previa Infermeria: 9:30h [&hellip;]<\/p>\n","protected":false},"author":1,"featured_media":0,"parent":39726,"menu_order":0,"comment_status":"closed","ping_status":"closed","template":"","meta":{"_acf_changed":false,"footnotes":""},"class_list":["post-39675","page","type-page","status-publish","hentry"],"acf":[],"yoast_head":"<!-- This site is optimized with the Yoast SEO plugin v27.4 - https:\/\/yoast.com\/product\/yoast-seo-wordpress\/ -->\n<title>Centres m\u00e8dics a Benic\u00e0ssim - Benic\u00e0ssim Turisme<\/title>\n<meta name=\"description\" content=\"On pots trobar els centres m\u00e8dics a Benicasim i quins serveis et poden oferir. Troba&#039;ls ac\u00ed! Al portal de turisme\" \/>\n<meta name=\"robots\" content=\"index, follow, max-snippet:-1, max-image-preview:large, max-video-preview:-1\" \/>\n<link rel=\"canonical\" href=\"https:\/\/turismo.benicassim.es\/va\/serveis\/serveis-essencials\/centres-medics\/\" \/>\n<meta property=\"og:locale\" content=\"en_US\" \/>\n<meta property=\"og:type\" content=\"article\" \/>\n<meta property=\"og:title\" content=\"Centres m\u00e8dics a Benic\u00e0ssim - Benic\u00e0ssim Turisme\" \/>\n<meta property=\"og:description\" content=\"On pots trobar els centres m\u00e8dics a Benicasim i quins serveis et poden oferir. Troba&#039;ls ac\u00ed! Al portal de turisme\" \/>\n<meta property=\"og:url\" content=\"https:\/\/turismo.benicassim.es\/va\/serveis\/serveis-essencials\/centres-medics\/\" \/>\n<meta property=\"og:site_name\" content=\"Benic\u00e0ssim Turismo\" \/>\n<meta property=\"article:modified_time\" content=\"2022-12-13T11:01:28+00:00\" \/>\n<meta name=\"twitter:card\" content=\"summary_large_image\" \/>\n<meta name=\"twitter:label1\" content=\"Est. reading time\" \/>\n\t<meta name=\"twitter:data1\" content=\"1 minute\" \/>\n<script type=\"application\/ld+json\" class=\"yoast-schema-graph\">{\"@context\":\"https:\\\/\\\/schema.org\",\"@graph\":[{\"@type\":\"WebPage\",\"@id\":\"https:\\\/\\\/turismo.benicassim.es\\\/va\\\/serveis\\\/serveis-essencials\\\/centres-medics\\\/\",\"url\":\"https:\\\/\\\/turismo.benicassim.es\\\/va\\\/serveis\\\/serveis-essencials\\\/centres-medics\\\/\",\"name\":\"Centres m\u00e8dics a Benic\u00e0ssim - Benic\u00e0ssim Turisme\",\"isPartOf\":{\"@id\":\"https:\\\/\\\/turismo.benicassim.es\\\/va\\\/#website\"},\"datePublished\":\"2021-03-16T11:30:14+00:00\",\"dateModified\":\"2022-12-13T11:01:28+00:00\",\"description\":\"On pots trobar els centres m\u00e8dics a Benicasim i quins serveis et poden oferir. Troba'ls ac\u00ed! Al portal de turisme\",\"breadcrumb\":{\"@id\":\"https:\\\/\\\/turismo.benicassim.es\\\/va\\\/serveis\\\/serveis-essencials\\\/centres-medics\\\/#breadcrumb\"},\"inLanguage\":\"ca-CA\",\"potentialAction\":[{\"@type\":\"ReadAction\",\"target\":[\"https:\\\/\\\/turismo.benicassim.es\\\/va\\\/serveis\\\/serveis-essencials\\\/centres-medics\\\/\"]}]},{\"@type\":\"BreadcrumbList\",\"@id\":\"https:\\\/\\\/turismo.benicassim.es\\\/va\\\/serveis\\\/serveis-essencials\\\/centres-medics\\\/#breadcrumb\",\"itemListElement\":[{\"@type\":\"ListItem\",\"position\":1,\"name\":\"Inicio\",\"item\":\"https:\\\/\\\/turismo.benicassim.es\\\/va\\\/\"},{\"@type\":\"ListItem\",\"position\":2,\"name\":\"Serveis\",\"item\":\"https:\\\/\\\/turismo.benicassim.es\\\/va\\\/serveis\\\/\"},{\"@type\":\"ListItem\",\"position\":3,\"name\":\"Serveis essencials\",\"item\":\"https:\\\/\\\/turismo.benicassim.es\\\/va\\\/serveis\\\/serveis-essencials\\\/\"},{\"@type\":\"ListItem\",\"position\":4,\"name\":\"Centres m\u00e8dics\"}]},{\"@type\":\"WebSite\",\"@id\":\"https:\\\/\\\/turismo.benicassim.es\\\/va\\\/#website\",\"url\":\"https:\\\/\\\/turismo.benicassim.es\\\/va\\\/\",\"name\":\"Benic\u00e0ssim Turismo\",\"description\":\"Web de informaci\u00f3n de Turismo en Benicasim\",\"potentialAction\":[{\"@type\":\"SearchAction\",\"target\":{\"@type\":\"EntryPoint\",\"urlTemplate\":\"https:\\\/\\\/turismo.benicassim.es\\\/va\\\/?s={search_term_string}\"},\"query-input\":{\"@type\":\"PropertyValueSpecification\",\"valueRequired\":true,\"valueName\":\"search_term_string\"}}],\"inLanguage\":\"ca-CA\"}]}<\/script>\n<!-- \/ Yoast SEO plugin. -->","yoast_head_json":{"title":"Centres m\u00e8dics a Benic\u00e0ssim - Benic\u00e0ssim Turisme","description":"On pots trobar els centres m\u00e8dics a Benicasim i quins serveis et poden oferir. Troba'ls ac\u00ed! Al portal de turisme","robots":{"index":"index","follow":"follow","max-snippet":"max-snippet:-1","max-image-preview":"max-image-preview:large","max-video-preview":"max-video-preview:-1"},"canonical":"https:\/\/turismo.benicassim.es\/va\/serveis\/serveis-essencials\/centres-medics\/","og_locale":"en_US","og_type":"article","og_title":"Centres m\u00e8dics a Benic\u00e0ssim - Benic\u00e0ssim Turisme","og_description":"On pots trobar els centres m\u00e8dics a Benicasim i quins serveis et poden oferir. Troba'ls ac\u00ed! Al portal de turisme","og_url":"https:\/\/turismo.benicassim.es\/va\/serveis\/serveis-essencials\/centres-medics\/","og_site_name":"Benic\u00e0ssim Turismo","article_modified_time":"2022-12-13T11:01:28+00:00","twitter_card":"summary_large_image","twitter_misc":{"Est. reading time":"1 minute"},"schema":{"@context":"https:\/\/schema.org","@graph":[{"@type":"WebPage","@id":"https:\/\/turismo.benicassim.es\/va\/serveis\/serveis-essencials\/centres-medics\/","url":"https:\/\/turismo.benicassim.es\/va\/serveis\/serveis-essencials\/centres-medics\/","name":"Centres m\u00e8dics a Benic\u00e0ssim - Benic\u00e0ssim Turisme","isPartOf":{"@id":"https:\/\/turismo.benicassim.es\/va\/#website"},"datePublished":"2021-03-16T11:30:14+00:00","dateModified":"2022-12-13T11:01:28+00:00","description":"On pots trobar els centres m\u00e8dics a Benicasim i quins serveis et poden oferir. Troba'ls ac\u00ed! Al portal de turisme","breadcrumb":{"@id":"https:\/\/turismo.benicassim.es\/va\/serveis\/serveis-essencials\/centres-medics\/#breadcrumb"},"inLanguage":"ca-CA","potentialAction":[{"@type":"ReadAction","target":["https:\/\/turismo.benicassim.es\/va\/serveis\/serveis-essencials\/centres-medics\/"]}]},{"@type":"BreadcrumbList","@id":"https:\/\/turismo.benicassim.es\/va\/serveis\/serveis-essencials\/centres-medics\/#breadcrumb","itemListElement":[{"@type":"ListItem","position":1,"name":"Inicio","item":"https:\/\/turismo.benicassim.es\/va\/"},{"@type":"ListItem","position":2,"name":"Serveis","item":"https:\/\/turismo.benicassim.es\/va\/serveis\/"},{"@type":"ListItem","position":3,"name":"Serveis essencials","item":"https:\/\/turismo.benicassim.es\/va\/serveis\/serveis-essencials\/"},{"@type":"ListItem","position":4,"name":"Centres m\u00e8dics"}]},{"@type":"WebSite","@id":"https:\/\/turismo.benicassim.es\/va\/#website","url":"https:\/\/turismo.benicassim.es\/va\/","name":"Benic\u00e0ssim Turismo","description":"Web de informaci\u00f3n de Turismo en Benicasim","potentialAction":[{"@type":"SearchAction","target":{"@type":"EntryPoint","urlTemplate":"https:\/\/turismo.benicassim.es\/va\/?s={search_term_string}"},"query-input":{"@type":"PropertyValueSpecification","valueRequired":true,"valueName":"search_term_string"}}],"inLanguage":"ca-CA"}]}},"_links":{"self":[{"href":"https:\/\/turismo.benicassim.es\/va\/wp-json\/wp\/v2\/pages\/39675","targetHints":{"allow":["GET"]}}],"collection":[{"href":"https:\/\/turismo.benicassim.es\/va\/wp-json\/wp\/v2\/pages"}],"about":[{"href":"https:\/\/turismo.benicassim.es\/va\/wp-json\/wp\/v2\/types\/page"}],"author":[{"embeddable":true,"href":"https:\/\/turismo.benicassim.es\/va\/wp-json\/wp\/v2\/users\/1"}],"replies":[{"embeddable":true,"href":"https:\/\/turismo.benicassim.es\/va\/wp-json\/wp\/v2\/comments?post=39675"}],"version-history":[{"count":4,"href":"https:\/\/turismo.benicassim.es\/va\/wp-json\/wp\/v2\/pages\/39675\/revisions"}],"predecessor-version":[{"id":69137,"href":"https:\/\/turismo.benicassim.es\/va\/wp-json\/wp\/v2\/pages\/39675\/revisions\/69137"}],"up":[{"embeddable":true,"href":"https:\/\/turismo.benicassim.es\/va\/wp-json\/wp\/v2\/pages\/39726"}],"wp:attachment":[{"href":"https:\/\/turismo.benicassim.es\/va\/wp-json\/wp\/v2\/media?parent=39675"}],"curies":[{"name":"wp","href":"https:\/\/api.w.org\/{rel}","templated":true}]}}