{"id":39676,"date":"2021-03-16T11:37:09","date_gmt":"2021-03-16T11:37:09","guid":{"rendered":"http:\/\/bturismo.atic.green\/?page_id=39676"},"modified":"2024-04-24T17:18:56","modified_gmt":"2024-04-24T15:18:56","slug":"cliniques-salut","status":"publish","type":"page","link":"https:\/\/turismo.benicassim.es\/va\/serveis\/serveis-essencials\/cliniques-salut\/","title":{"rendered":"Cl\u00edniques Salut"},"content":{"rendered":"<p>[vc_row full_width=&#8221;stretch_row&#8221; el_class=&#8221;breadcrumb-container banner letra-montserrat&#8221;][vc_column]<div class=\"my-breadcrumb\" style=\"display:inline-block;\"><a href=\"https:\/\/turismo.benicassim.es\/va\/\" class=\"link-color-2\">Inici<\/a> \/ <span>Cl\u00edniques Salut<\/span><\/div>[\/vc_column][\/vc_row][vc_row full_width=&#8221;stretch_row_content_no_spaces&#8221; el_class=&#8221;banner_titulo&#8221; css=&#8221;.vc_custom_1614166571400{background-image: url(https:\/\/turismo.benicassim.es\/wp-content\/uploads\/2021\/02\/clinica_salud-scaled.jpg?id=37789) !important;background-position: center !important;background-repeat: no-repeat !important;background-size: cover !important;}&#8221;][vc_column][vc_column_text el_class=&#8221;titulo&#8221;]<\/p>\n<h1 style=\"text-align: center;\">Cl\u00edniques Salut a Benic\u00e0ssim<\/h1>\n<p>[\/vc_column_text][\/vc_column][\/vc_row][vc_row el_class=&#8221;bloque&#8221;][vc_column][vc_row_inner el_class=&#8221;row_servicios_esenciales&#8221;][vc_column_inner width=&#8221;1\/4&#8243;][vc_single_image image=&#8221;31681&#8243; img_size=&#8221;full&#8221; el_class=&#8221;imagen&#8221;][vc_column_text el_class=&#8221;titulo&#8221;]Cl\u00ednica Dental Benic\u00e0ssim[\/vc_column_text][vc_column_text el_class=&#8221;info&#8221;]<strong>Direcci\u00f3:<\/strong> Avenida de Castell\u00f3n, 56<br \/>\n<strong>Tel\u00e8fon:<\/strong> 964 84 16 71<br \/>\n<strong>Urg\u00e8ncies:<\/strong> 665 78 76 73<br \/>\n<strong>Mail:<\/strong> <a href=\"mailto:contacto@clinicadentalbenicassim.com\">contacto@clinicadentalbenicassim.com<\/a><br \/>\n<strong>Comentaris:<\/strong> Serveis d&#8217;odontologia, implants, cirurgia, endod\u00f2ncia. Horari de 10h a 13h i de 16h a 20h.<br \/>\nTamb\u00e9 compten amb paquets de vacances dentals en col\u00b7laboraci\u00f3 amb Kinesis Fisioter\u00e0pia.[\/vc_column_text][\/vc_column_inner][vc_column_inner width=&#8221;1\/4&#8243;][vc_single_image image=&#8221;27106&#8243; img_size=&#8221;medium&#8221; alignment=&#8221;center&#8221; el_class=&#8221;imagen&#8221;][vc_column_text el_class=&#8221;titulo&#8221;]Beninatura[\/vc_column_text][vc_column_text el_class=&#8221;info&#8221;]<strong>Direcci\u00f3:<\/strong> C\/ Santo Tom\u00e1s, 127<br \/>\n<strong>Tel\u00e8fon:<\/strong> 659929209<br \/>\n<strong>Mail:<\/strong> <a href=\"mailto:esther@beninatura.es\">esther@beninatura.es<\/a><br \/>\n<strong>Web:<\/strong> <a href=\"http:\/\/www.beninatura.es\" target=\"_blank\" rel=\"noopener noreferrer\">www.beninatura.es<\/a><br \/>\n<strong>Comentaris:<\/strong> Cl\u00ednica de ter\u00e0pies naturals[\/vc_column_text][\/vc_column_inner][vc_column_inner width=&#8221;1\/4&#8243;][vc_single_image image=&#8221;26864&#8243; img_size=&#8221;full&#8221; alignment=&#8221;center&#8221; el_class=&#8221;imagen&#8221;][vc_column_text el_class=&#8221;titulo&#8221;]Opticalia Benic\u00e0ssim \u2013 \u00d2ptica[\/vc_column_text][vc_column_text el_class=&#8221;info&#8221;]<strong>Direcci\u00f3:<\/strong> C\/ Santo Tom\u00e1s, 77<br \/>\n<strong>Tel\u00e8fon:<\/strong> 964 30 58 91[\/vc_column_text][\/vc_column_inner][vc_column_inner width=&#8221;1\/4&#8243;][vc_single_image image=&#8221;26866&#8243; img_size=&#8221;full&#8221; alignment=&#8221;center&#8221; el_class=&#8221;imagen&#8221;][vc_column_text el_class=&#8221;titulo&#8221;]Cl\u00ednica Dental Miriam Arbas[\/vc_column_text][vc_column_text el_class=&#8221;info&#8221;]<strong>Direcci\u00f3:<\/strong> C\/ Bad Salzdetfurth, 9, bajo 1<br \/>\n<strong>Tel\u00e8fon:<\/strong> 964 19 93 84<br \/>\n<strong>Mail:<\/strong> <a href=\"mailto:info@miriamarbas.com\">info@miriamarbas.com<\/a><br \/>\n<strong>Web:<\/strong> <a href=\"http:\/\/www.miriamarbas.com\" target=\"_blank\" rel=\"noopener noreferrer\">www.miriamarbas.com<\/a>[\/vc_column_text][\/vc_column_inner][\/vc_row_inner][vc_row_inner el_class=&#8221;row_servicios_esenciales&#8221;][vc_column_inner width=&#8221;1\/4&#8243;][vc_single_image image=&#8221;37575&#8243; img_size=&#8221;full&#8221; el_class=&#8221;imagen&#8221;][vc_column_text el_class=&#8221;titulo&#8221;]Orbe Centre\u00a0Podol\u00f2gic[\/vc_column_text][vc_column_text el_class=&#8221;info&#8221;]<strong>Direcci\u00f3:<\/strong> C\/ Leopoldo Querol, 29 bajo<br \/>\n<strong>Tel\u00e8fon:<\/strong> 605 386 658<br \/>\n<strong>Horari:<\/strong> Dimarts i Dijous: De 10:00h a 13:30h i 16:00h a 20:00h \/\/ Divendres: de 16:30h a 20:00h[\/vc_column_text][\/vc_column_inner][vc_column_inner width=&#8221;1\/4&#8243;][vc_single_image image=&#8221;37835&#8243; img_size=&#8221;full&#8221; alignment=&#8221;center&#8221; el_class=&#8221;imagen&#8221;][vc_column_text el_class=&#8221;titulo&#8221;]Centre \u00d2ptic Benic\u00e0ssim[\/vc_column_text][vc_column_text el_class=&#8221;info&#8221;]<strong>Direcci\u00f3:<\/strong> Sant Tom\u00e0s, 77 bajo<br \/>\n<strong>Tel\u00e8fon:<\/strong> 964 30 40 09<br \/>\n<strong>Web:\u00a0<\/strong><a href=\"https:\/\/www.centroopticobenicasim.com\/\">https:\/\/www.centroopticobenicasim.com\/<\/a>[\/vc_column_text][\/vc_column_inner][vc_column_inner width=&#8221;1\/4&#8243;][vc_single_image image=&#8221;37577&#8243; img_size=&#8221;full&#8221; el_class=&#8221;imagen&#8221;][vc_column_text el_class=&#8221;titulo&#8221;]Cl\u00ednica del Pie[\/vc_column_text][vc_column_text el_class=&#8221;info&#8221;]<strong>Direcci\u00f3:<\/strong> C\/ Cristobal Col\u00f3n, 1. Local 3<br \/>\n<strong>Tel\u00e8fon:<\/strong> 964 10 36 70<br \/>\n<strong>Comentaris:<\/strong> Cl\u00ednica de podologia en la qual es realitza un adequat tractament i cura de la pell i ungles, aix\u00ed com un correcte diagn\u00f2stic de les malalties del peu. Tot aix\u00f2 amb un tracte personalitzat i una acurada atenci\u00f3.[\/vc_column_text][\/vc_column_inner][vc_column_inner width=&#8221;1\/4&#8243;][vc_single_image image=&#8221;37836&#8243; img_size=&#8221;medium&#8221; alignment=&#8221;center&#8221; el_class=&#8221;imagen&#8221;][vc_column_text el_class=&#8221;titulo&#8221;]Cl\u00ednica Dental Dr. Aparici Sim\u00f3n[\/vc_column_text][vc_column_text el_class=&#8221;info&#8221;]<strong>Direcci\u00f3:<\/strong> St. Tom\u00e0s, 48 &#8211; 3\u00ba<br \/>\n<strong>Tel\u00e8fon:<\/strong> 964 30 44 94[\/vc_column_text][\/vc_column_inner][\/vc_row_inner][vc_row_inner el_class=&#8221;row_servicios_esenciales&#8221;][vc_column_inner width=&#8221;1\/4&#8243;][vc_single_image image=&#8221;37832&#8243; img_size=&#8221;full&#8221; alignment=&#8221;center&#8221; el_class=&#8221;imagen&#8221;][vc_column_text el_class=&#8221;titulo&#8221;]Cl\u00ednica Dental Zald\u00edvar[\/vc_column_text][vc_column_text el_class=&#8221;info&#8221;]<strong>Direcci\u00f3:<\/strong> C\/ Garc\u00eda Sang\u00fcesa, 12 bajo<br \/>\n<strong>Tel\u00e8fon:<\/strong> 964 39 02 79<br \/>\n<strong>Comentaris:<\/strong> Odontologia general, pr\u00f2tesi, endod\u00f2ncia, periodoncia, cirurgia oral, implantologia, ortod\u00f2ncia, odontopediatr\u00eda, est\u00e8tica dental, emblanquiments. Horari de 16h a 20h.[\/vc_column_text][\/vc_column_inner][vc_column_inner width=&#8221;1\/4&#8243;][vc_single_image image=&#8221;26419&#8243; img_size=&#8221;full&#8221; el_class=&#8221;imagen&#8221;][vc_column_text el_class=&#8221;titulo&#8221;]An\u00e0lisis Cl\u00edniques Lid\u00f3n Badenes[\/vc_column_text][vc_column_text el_class=&#8221;info&#8221;]<strong>Direcci\u00f3:<\/strong> C\/Bad Salzdetfurth, 1 &#8211; 1\u00ba C<br \/>\n<strong>Tel\u00e8fon:<\/strong> 964 30 36 14<br \/>\n<strong>Comentaris:<\/strong> An\u00e0lisis Cl\u00edniques, Diagn\u00f2stic molecular i proves de laboratori[\/vc_column_text][\/vc_column_inner][vc_column_inner width=&#8221;1\/4&#8243;][vc_single_image image=&#8221;42451&#8243; img_size=&#8221;full&#8221; el_class=&#8221;imagen&#8221;][vc_column_text el_class=&#8221;titulo&#8221;]Javier Capdevila[\/vc_column_text][vc_column_text el_class=&#8221;info&#8221;]<strong>Direcci\u00f3:<\/strong> C\/ Bad Salzdetfuth, 1-1\u00ba C<br \/>\n<strong>Tel\u00e8fon:<\/strong>\u00a0 695 02 91 49<br \/>\n<strong>Comentarios:<\/strong> Obert a les vesprades[\/vc_column_text][\/vc_column_inner][vc_column_inner width=&#8221;1\/4&#8243;][vc_single_image image=&#8221;69570&#8243; img_size=&#8221;full&#8221; el_class=&#8221;imagen&#8221;][vc_column_text el_class=&#8221;titulo&#8221;]Multi\u00f3pticas Benic\u00e0ssim[\/vc_column_text][vc_column_text el_class=&#8221;info&#8221;]<strong>Direcci\u00f3:<\/strong> Avda. Castell\u00f3, 24<br \/>\n<strong>Tel\u00e8fon:<\/strong>\u00a0 964 094 234[\/vc_column_text][\/vc_column_inner][\/vc_row_inner][vc_row_inner el_class=&#8221;row_servicios_esenciales&#8221;][vc_column_inner width=&#8221;1\/4&#8243;][vc_single_image image=&#8221;42446&#8243; img_size=&#8221;full&#8221; alignment=&#8221;center&#8221; el_class=&#8221;imagen&#8221;][vc_column_text el_class=&#8221;titulo&#8221;]Cl\u00ednica Dental <span style=\"font-weight: 400;\">Urko T\u00e1rrega<\/span>[\/vc_column_text][vc_column_text el_class=&#8221;info&#8221;]<strong>Direcci\u00f3:<\/strong> <span style=\"font-weight: 400;\">C\/ Jutge Manuel Gual miravet, 4 bajo<\/span><br \/>\n<strong>Tel\u00e8fon:<\/strong> <span style=\"font-weight: 400;\">964 84 68 70<\/span>[\/vc_column_text][\/vc_column_inner][vc_column_inner width=&#8221;1\/4&#8243;][vc_single_image image=&#8221;42682&#8243; img_size=&#8221;full&#8221; alignment=&#8221;center&#8221; el_class=&#8221;imagen&#8221;][vc_column_text el_class=&#8221;titulo&#8221;]Kinesis[\/vc_column_text][vc_column_text el_class=&#8221;info&#8221;]<strong>Direcci\u00f3:<\/strong> C\/ Desert, 2 baix<br \/>\n<strong>Tel\u00e8fon:<\/strong> 964 30 02 75<br \/>\n<strong>Mail<\/strong>:\u00a0<a href=\"mailto:kinesis@kinesis.es\">kinesis@kinesis.es<\/a>[\/vc_column_text][\/vc_column_inner][vc_column_inner width=&#8221;1\/4&#8243;][vc_single_image image=&#8221;42685&#8243; img_size=&#8221;full&#8221; el_class=&#8221;imagen&#8221;][vc_column_text el_class=&#8221;titulo&#8221;]<span style=\"font-weight: 400;\">Mar\u00eda Silvestre Fisioterapeuta<\/span>[\/vc_column_text][vc_column_text el_class=&#8221;info&#8221;]<strong>Direcci\u00f3:<\/strong> Pla\u00e7a de la Estaci\u00f3, 2<br \/>\n<strong>Tel\u00e8fon:<\/strong> 964 30 14 60<br \/>\n<strong>Mail:\u00a0<\/strong><a href=\"mailto:info@mariasilvestre.es\" target=\"_blank\" rel=\"noopener noreferrer\">info@mariasilvestre.es<\/a><br \/>\n<strong>Web:<\/strong>\u00a0<a href=\"http:\/\/www.mariasilvestre.es\/\" target=\"_blank\" rel=\"noopener noreferrer\">www.mariasilvestre.es<\/a>[\/vc_column_text][\/vc_column_inner][vc_column_inner width=&#8221;1\/4&#8243;][vc_single_image image=&#8221;75733&#8243; img_size=&#8221;full&#8221; el_class=&#8221;imagen&#8221;][vc_column_text el_class=&#8221;titulo&#8221;]Roots Benic\u00e0ssim[\/vc_column_text][vc_column_text el_class=&#8221;info&#8221;]<strong>Direcci\u00f3:<\/strong> Av. Castell\u00f3, 17<br \/>\n<strong>Tel\u00e8fon:<\/strong> 722 24 30 56<br \/>\n<strong>Web:<\/strong> <a href=\"http:\/\/www.rootscenter.es\"><span style=\"font-weight: 400;\">www.rootscenter.es<\/span><\/a>[\/vc_column_text][\/vc_column_inner][\/vc_row_inner][vc_row_inner el_class=&#8221;row_servicios_esenciales&#8221;][vc_column_inner width=&#8221;1\/4&#8243;][vc_single_image image=&#8221;75736&#8243; img_size=&#8221;full&#8221; alignment=&#8221;center&#8221; el_class=&#8221;imagen&#8221;][vc_column_text el_class=&#8221;titulo&#8221;]Cl\u00ednica Miguel Gimeno[\/vc_column_text][vc_column_text el_class=&#8221;info&#8221;]<strong>Direcci\u00f3:<\/strong> C\/ Salinas de Santo Pola, 4<br \/>\n<strong>Tel\u00e8fon:<\/strong> 604 97 26 91<br \/>\n<strong>Web:\u00a0<\/strong><a href=\"https:\/\/clinicamiguelgimeno.es\/\">https:\/\/clinicamiguelgimeno.es\/<\/a>[\/vc_column_text][\/vc_column_inner][vc_column_inner width=&#8221;1\/4&#8243;][\/vc_column_inner][vc_column_inner width=&#8221;1\/4&#8243;][\/vc_column_inner][vc_column_inner width=&#8221;1\/4&#8243;][\/vc_column_inner][\/vc_row_inner][\/vc_column][\/vc_row]<\/p>\n","protected":false},"excerpt":{"rendered":"<p>[vc_row full_width=&#8221;stretch_row&#8221; el_class=&#8221;breadcrumb-container banner letra-montserrat&#8221;][vc_column][\/vc_column][\/vc_row][vc_row full_width=&#8221;stretch_row_content_no_spaces&#8221; el_class=&#8221;banner_titulo&#8221; css=&#8221;.vc_custom_1614166571400{background-image: url(https:\/\/turismo.benicassim.es\/wp-content\/uploads\/2021\/02\/clinica_salud-scaled.jpg?id=37789) !important;background-position: center !important;background-repeat: no-repeat !important;background-size: cover !important;}&#8221;][vc_column][vc_column_text el_class=&#8221;titulo&#8221;] Cl\u00edniques Salut a Benic\u00e0ssim [\/vc_column_text][\/vc_column][\/vc_row][vc_row el_class=&#8221;bloque&#8221;][vc_column][vc_row_inner el_class=&#8221;row_servicios_esenciales&#8221;][vc_column_inner width=&#8221;1\/4&#8243;][vc_single_image image=&#8221;31681&#8243; img_size=&#8221;full&#8221; el_class=&#8221;imagen&#8221;][vc_column_text el_class=&#8221;titulo&#8221;]Cl\u00ednica Dental Benic\u00e0ssim[\/vc_column_text][vc_column_text el_class=&#8221;info&#8221;]Direcci\u00f3: Avenida de Castell\u00f3n, 56 Tel\u00e8fon: 964 84 16 71 Urg\u00e8ncies: 665 78 76 73 Mail: contacto@clinicadentalbenicassim.com Comentaris: Serveis d&#8217;odontologia, implants, cirurgia, endod\u00f2ncia. Horari [&hellip;]<\/p>\n","protected":false},"author":1,"featured_media":0,"parent":39726,"menu_order":0,"comment_status":"closed","ping_status":"closed","template":"","meta":{"_acf_changed":false,"footnotes":""},"class_list":["post-39676","page","type-page","status-publish","hentry"],"acf":[],"yoast_head":"<!-- This site is optimized with the Yoast SEO plugin v27.1.1 - https:\/\/yoast.com\/product\/yoast-seo-wordpress\/ -->\n<title>Cl\u00edniques de Salut en Benic\u00e0ssim - Benic\u00e0ssim Turisme<\/title>\n<meta name=\"description\" content=\"On pots trobar cl\u00edniques de salut a Benic\u00e0ssim. Des de l&#039;oficina de Benic\u00e0ssim Turisme t&#039;ajudem a trobar la teua millor opci\u00f3.\" \/>\n<meta name=\"robots\" content=\"index, follow, max-snippet:-1, max-image-preview:large, max-video-preview:-1\" \/>\n<link rel=\"canonical\" href=\"https:\/\/turismo.benicassim.es\/va\/serveis\/serveis-essencials\/cliniques-salut\/\" \/>\n<meta property=\"og:locale\" content=\"en_US\" \/>\n<meta property=\"og:type\" content=\"article\" \/>\n<meta property=\"og:title\" content=\"Cl\u00edniques de Salut en Benic\u00e0ssim - Benic\u00e0ssim Turisme\" \/>\n<meta property=\"og:description\" content=\"On pots trobar cl\u00edniques de salut a Benic\u00e0ssim. Des de l&#039;oficina de Benic\u00e0ssim Turisme t&#039;ajudem a trobar la teua millor opci\u00f3.\" \/>\n<meta property=\"og:url\" content=\"https:\/\/turismo.benicassim.es\/va\/serveis\/serveis-essencials\/cliniques-salut\/\" \/>\n<meta property=\"og:site_name\" content=\"Benic\u00e0ssim Turismo\" \/>\n<meta property=\"article:modified_time\" content=\"2024-04-24T15:18:56+00:00\" \/>\n<meta name=\"twitter:card\" content=\"summary_large_image\" \/>\n<meta name=\"twitter:label1\" content=\"Est. reading time\" \/>\n\t<meta name=\"twitter:data1\" content=\"5 minutes\" \/>\n<script type=\"application\/ld+json\" class=\"yoast-schema-graph\">{\"@context\":\"https:\/\/schema.org\",\"@graph\":[{\"@type\":\"WebPage\",\"@id\":\"https:\/\/turismo.benicassim.es\/va\/serveis\/serveis-essencials\/cliniques-salut\/\",\"url\":\"https:\/\/turismo.benicassim.es\/va\/serveis\/serveis-essencials\/cliniques-salut\/\",\"name\":\"Cl\u00edniques de Salut en Benic\u00e0ssim - Benic\u00e0ssim Turisme\",\"isPartOf\":{\"@id\":\"https:\/\/turismo.benicassim.es\/va\/#website\"},\"datePublished\":\"2021-03-16T11:37:09+00:00\",\"dateModified\":\"2024-04-24T15:18:56+00:00\",\"description\":\"On pots trobar cl\u00edniques de salut a Benic\u00e0ssim. Des de l'oficina de Benic\u00e0ssim Turisme t'ajudem a trobar la teua millor opci\u00f3.\",\"breadcrumb\":{\"@id\":\"https:\/\/turismo.benicassim.es\/va\/serveis\/serveis-essencials\/cliniques-salut\/#breadcrumb\"},\"inLanguage\":\"ca-CA\",\"potentialAction\":[{\"@type\":\"ReadAction\",\"target\":[\"https:\/\/turismo.benicassim.es\/va\/serveis\/serveis-essencials\/cliniques-salut\/\"]}]},{\"@type\":\"BreadcrumbList\",\"@id\":\"https:\/\/turismo.benicassim.es\/va\/serveis\/serveis-essencials\/cliniques-salut\/#breadcrumb\",\"itemListElement\":[{\"@type\":\"ListItem\",\"position\":1,\"name\":\"Inicio\",\"item\":\"https:\/\/turismo.benicassim.es\/va\/\"},{\"@type\":\"ListItem\",\"position\":2,\"name\":\"Serveis\",\"item\":\"https:\/\/turismo.benicassim.es\/va\/serveis\/\"},{\"@type\":\"ListItem\",\"position\":3,\"name\":\"Serveis essencials\",\"item\":\"https:\/\/turismo.benicassim.es\/va\/serveis\/serveis-essencials\/\"},{\"@type\":\"ListItem\",\"position\":4,\"name\":\"Cl\u00edniques Salut\"}]},{\"@type\":\"WebSite\",\"@id\":\"https:\/\/turismo.benicassim.es\/va\/#website\",\"url\":\"https:\/\/turismo.benicassim.es\/va\/\",\"name\":\"Benic\u00e0ssim Turismo\",\"description\":\"Web de informaci\u00f3n de Turismo en Benicasim\",\"potentialAction\":[{\"@type\":\"SearchAction\",\"target\":{\"@type\":\"EntryPoint\",\"urlTemplate\":\"https:\/\/turismo.benicassim.es\/va\/?s={search_term_string}\"},\"query-input\":{\"@type\":\"PropertyValueSpecification\",\"valueRequired\":true,\"valueName\":\"search_term_string\"}}],\"inLanguage\":\"ca-CA\"}]}<\/script>\n<!-- \/ Yoast SEO plugin. -->","yoast_head_json":{"title":"Cl\u00edniques de Salut en Benic\u00e0ssim - Benic\u00e0ssim Turisme","description":"On pots trobar cl\u00edniques de salut a Benic\u00e0ssim. Des de l'oficina de Benic\u00e0ssim Turisme t'ajudem a trobar la teua millor opci\u00f3.","robots":{"index":"index","follow":"follow","max-snippet":"max-snippet:-1","max-image-preview":"max-image-preview:large","max-video-preview":"max-video-preview:-1"},"canonical":"https:\/\/turismo.benicassim.es\/va\/serveis\/serveis-essencials\/cliniques-salut\/","og_locale":"en_US","og_type":"article","og_title":"Cl\u00edniques de Salut en Benic\u00e0ssim - Benic\u00e0ssim Turisme","og_description":"On pots trobar cl\u00edniques de salut a Benic\u00e0ssim. Des de l'oficina de Benic\u00e0ssim Turisme t'ajudem a trobar la teua millor opci\u00f3.","og_url":"https:\/\/turismo.benicassim.es\/va\/serveis\/serveis-essencials\/cliniques-salut\/","og_site_name":"Benic\u00e0ssim Turismo","article_modified_time":"2024-04-24T15:18:56+00:00","twitter_card":"summary_large_image","twitter_misc":{"Est. reading time":"5 minutes"},"schema":{"@context":"https:\/\/schema.org","@graph":[{"@type":"WebPage","@id":"https:\/\/turismo.benicassim.es\/va\/serveis\/serveis-essencials\/cliniques-salut\/","url":"https:\/\/turismo.benicassim.es\/va\/serveis\/serveis-essencials\/cliniques-salut\/","name":"Cl\u00edniques de Salut en Benic\u00e0ssim - Benic\u00e0ssim Turisme","isPartOf":{"@id":"https:\/\/turismo.benicassim.es\/va\/#website"},"datePublished":"2021-03-16T11:37:09+00:00","dateModified":"2024-04-24T15:18:56+00:00","description":"On pots trobar cl\u00edniques de salut a Benic\u00e0ssim. Des de l'oficina de Benic\u00e0ssim Turisme t'ajudem a trobar la teua millor opci\u00f3.","breadcrumb":{"@id":"https:\/\/turismo.benicassim.es\/va\/serveis\/serveis-essencials\/cliniques-salut\/#breadcrumb"},"inLanguage":"ca-CA","potentialAction":[{"@type":"ReadAction","target":["https:\/\/turismo.benicassim.es\/va\/serveis\/serveis-essencials\/cliniques-salut\/"]}]},{"@type":"BreadcrumbList","@id":"https:\/\/turismo.benicassim.es\/va\/serveis\/serveis-essencials\/cliniques-salut\/#breadcrumb","itemListElement":[{"@type":"ListItem","position":1,"name":"Inicio","item":"https:\/\/turismo.benicassim.es\/va\/"},{"@type":"ListItem","position":2,"name":"Serveis","item":"https:\/\/turismo.benicassim.es\/va\/serveis\/"},{"@type":"ListItem","position":3,"name":"Serveis essencials","item":"https:\/\/turismo.benicassim.es\/va\/serveis\/serveis-essencials\/"},{"@type":"ListItem","position":4,"name":"Cl\u00edniques Salut"}]},{"@type":"WebSite","@id":"https:\/\/turismo.benicassim.es\/va\/#website","url":"https:\/\/turismo.benicassim.es\/va\/","name":"Benic\u00e0ssim Turismo","description":"Web de informaci\u00f3n de Turismo en Benicasim","potentialAction":[{"@type":"SearchAction","target":{"@type":"EntryPoint","urlTemplate":"https:\/\/turismo.benicassim.es\/va\/?s={search_term_string}"},"query-input":{"@type":"PropertyValueSpecification","valueRequired":true,"valueName":"search_term_string"}}],"inLanguage":"ca-CA"}]}},"_links":{"self":[{"href":"https:\/\/turismo.benicassim.es\/va\/wp-json\/wp\/v2\/pages\/39676","targetHints":{"allow":["GET"]}}],"collection":[{"href":"https:\/\/turismo.benicassim.es\/va\/wp-json\/wp\/v2\/pages"}],"about":[{"href":"https:\/\/turismo.benicassim.es\/va\/wp-json\/wp\/v2\/types\/page"}],"author":[{"embeddable":true,"href":"https:\/\/turismo.benicassim.es\/va\/wp-json\/wp\/v2\/users\/1"}],"replies":[{"embeddable":true,"href":"https:\/\/turismo.benicassim.es\/va\/wp-json\/wp\/v2\/comments?post=39676"}],"version-history":[{"count":13,"href":"https:\/\/turismo.benicassim.es\/va\/wp-json\/wp\/v2\/pages\/39676\/revisions"}],"predecessor-version":[{"id":75742,"href":"https:\/\/turismo.benicassim.es\/va\/wp-json\/wp\/v2\/pages\/39676\/revisions\/75742"}],"up":[{"embeddable":true,"href":"https:\/\/turismo.benicassim.es\/va\/wp-json\/wp\/v2\/pages\/39726"}],"wp:attachment":[{"href":"https:\/\/turismo.benicassim.es\/va\/wp-json\/wp\/v2\/media?parent=39676"}],"curies":[{"name":"wp","href":"https:\/\/api.w.org\/{rel}","templated":true}]}}