{"id":39677,"date":"2021-03-16T11:40:42","date_gmt":"2021-03-16T11:40:42","guid":{"rendered":"http:\/\/bturismo.atic.green\/?page_id=39677"},"modified":"2024-04-24T16:25:27","modified_gmt":"2024-04-24T14:25:27","slug":"farmacies","status":"publish","type":"page","link":"https:\/\/turismo.benicassim.es\/va\/serveis\/serveis-essencials\/farmacies\/","title":{"rendered":"Farm\u00e0cies"},"content":{"rendered":"<p>[vc_row full_width=&#8221;stretch_row&#8221; el_class=&#8221;breadcrumb-container banner letra-montserrat&#8221;][vc_column]<div class=\"my-breadcrumb\" style=\"display:inline-block;\"><a href=\"https:\/\/turismo.benicassim.es\/va\/\" class=\"link-color-2\">Inici<\/a> \/ <span>Farm\u00e0cies<\/span><\/div>[\/vc_column][\/vc_row][vc_row full_width=&#8221;stretch_row_content_no_spaces&#8221; el_class=&#8221;banner_titulo&#8221; css=&#8221;.vc_custom_1614166542539{background-image: url(https:\/\/turismo.benicassim.es\/wp-content\/uploads\/2021\/02\/farmacias-scaled.jpg?id=37787) !important;background-position: center !important;background-repeat: no-repeat !important;background-size: cover !important;}&#8221;][vc_column][vc_column_text el_class=&#8221;titulo&#8221;]<\/p>\n<h1 style=\"text-align: center;\">Farm\u00e0cies<\/h1>\n<p>[\/vc_column_text][\/vc_column][\/vc_row][vc_row el_class=&#8221;bloque&#8221;][vc_column][vc_row_inner el_class=&#8221;row_servicios_esenciales&#8221;][vc_column_inner width=&#8221;1\/4&#8243;][vc_single_image image=&#8221;37847&#8243; img_size=&#8221;full&#8221; alignment=&#8221;center&#8221; el_class=&#8221;imagen&#8221;][vc_column_text el_class=&#8221;titulo&#8221;]Farm\u00e0cia Manuel Mart\u00ed Castell[\/vc_column_text][vc_column_text el_class=&#8221;info&#8221;]<strong>Direcci\u00f3:<\/strong> C\/ Il\u00b7lustraci\u00f3 4<br \/>\n<strong>Tel:<\/strong> 964 30 58 70[\/vc_column_text][\/vc_column_inner][vc_column_inner width=&#8221;1\/4&#8243;][vc_single_image image=&#8221;37839&#8243; img_size=&#8221;full&#8221; alignment=&#8221;center&#8221; el_class=&#8221;imagen&#8221;][vc_column_text el_class=&#8221;titulo&#8221;]Farm\u00e0cia M\u00aa Luz Guimer\u00e1 Salom[\/vc_column_text][vc_column_text el_class=&#8221;info&#8221;]<strong>Direcci\u00f3:<\/strong> Av. Ferrandis Salvador, 94 Aptos. El Faro<br \/>\n<strong>Tel:<\/strong> 964 39 23 13[\/vc_column_text][\/vc_column_inner][vc_column_inner width=&#8221;1\/4&#8243;][vc_single_image image=&#8221;37841&#8243; img_size=&#8221;full&#8221; alignment=&#8221;center&#8221; el_class=&#8221;imagen&#8221;][vc_column_text el_class=&#8221;titulo&#8221;]Farm\u00e0cia Ana Amor\u00f3s Grau[\/vc_column_text][vc_column_text el_class=&#8221;info&#8221;]<strong>Direcci\u00f3:<\/strong> C\/ Sant Tom\u00e0s 18<br \/>\n<strong>Tel:<\/strong> 964 30 10 00[\/vc_column_text][\/vc_column_inner][vc_column_inner width=&#8221;1\/4&#8243;][vc_single_image image=&#8221;37842&#8243; img_size=&#8221;full&#8221; alignment=&#8221;center&#8221; el_class=&#8221;imagen&#8221;][vc_column_text el_class=&#8221;titulo&#8221;]Farm\u00e0cia Irene Edo Guimer\u00e1[\/vc_column_text][vc_column_text el_class=&#8221;info&#8221;]<strong>Direcci\u00f3:<\/strong> Av. Barcelona, 87 &#8211; Complejo Vilamar<br \/>\n<strong>Tel:<\/strong> 964 30 24 03[\/vc_column_text][\/vc_column_inner][\/vc_row_inner][vc_row_inner el_class=&#8221;row_servicios_esenciales&#8221;][vc_column_inner width=&#8221;1\/4&#8243;][vc_single_image image=&#8221;37843&#8243; img_size=&#8221;full&#8221; alignment=&#8221;center&#8221; el_class=&#8221;imagen&#8221;][vc_column_text el_class=&#8221;titulo&#8221;]Farm\u00e0cia Rosario Sancho Rovira[\/vc_column_text][vc_column_text el_class=&#8221;info&#8221;]<strong>Direcci\u00f3:<\/strong> C\/ Estatut 43<br \/>\n<strong>Tel:<\/strong> 964 30 40 51[\/vc_column_text][\/vc_column_inner][vc_column_inner width=&#8221;1\/4&#8243;][vc_single_image image=&#8221;37844&#8243; img_size=&#8221;full&#8221; alignment=&#8221;center&#8221; el_class=&#8221;imagen&#8221;][vc_column_text el_class=&#8221;titulo&#8221;]Farm\u00e0cia Vernia Marco[\/vc_column_text][vc_column_text el_class=&#8221;info&#8221;]<strong>Direcci\u00f3:<\/strong> Av. Ferrandis Salvador, 174 &#8211; Apt. Azulmar<br \/>\n<strong>Tel:<\/strong> 964 39 34 40[\/vc_column_text][\/vc_column_inner][vc_column_inner width=&#8221;1\/4&#8243;][vc_single_image image=&#8221;37845&#8243; img_size=&#8221;full&#8221; alignment=&#8221;center&#8221; el_class=&#8221;imagen&#8221;][vc_column_text el_class=&#8221;titulo&#8221;]Farm\u00e0cia D. Fernandez Mateu[\/vc_column_text][vc_column_text el_class=&#8221;info&#8221;]<strong>Direcci\u00f3:<\/strong> C\/ Sant Tom\u00e0s, 94<br \/>\n<strong>Tel:<\/strong> 964 30 48 30[\/vc_column_text][\/vc_column_inner][vc_column_inner width=&#8221;1\/4&#8243;][vc_single_image image=&#8221;37846&#8243; img_size=&#8221;full&#8221; alignment=&#8221;center&#8221; el_class=&#8221;imagen&#8221;][vc_column_text el_class=&#8221;titulo&#8221;]Farm\u00e0cia Amparo Saura i Andr\u00e9s Ballester[\/vc_column_text][vc_column_text el_class=&#8221;info&#8221;]<strong>Direcci\u00f3:<\/strong> C\/ Torre San Vicente, 8 &#8211; Aptos. Las Piscinas<br \/>\n<strong>Tel:<\/strong> 964 39 29 38[\/vc_column_text][\/vc_column_inner][\/vc_row_inner][\/vc_column][\/vc_row]<\/p>\n","protected":false},"excerpt":{"rendered":"<p>[vc_row full_width=&#8221;stretch_row&#8221; el_class=&#8221;breadcrumb-container banner letra-montserrat&#8221;][vc_column][\/vc_column][\/vc_row][vc_row full_width=&#8221;stretch_row_content_no_spaces&#8221; el_class=&#8221;banner_titulo&#8221; css=&#8221;.vc_custom_1614166542539{background-image: url(https:\/\/turismo.benicassim.es\/wp-content\/uploads\/2021\/02\/farmacias-scaled.jpg?id=37787) !important;background-position: center !important;background-repeat: no-repeat !important;background-size: cover !important;}&#8221;][vc_column][vc_column_text el_class=&#8221;titulo&#8221;] Farm\u00e0cies [\/vc_column_text][\/vc_column][\/vc_row][vc_row el_class=&#8221;bloque&#8221;][vc_column][vc_row_inner el_class=&#8221;row_servicios_esenciales&#8221;][vc_column_inner width=&#8221;1\/4&#8243;][vc_single_image image=&#8221;37847&#8243; img_size=&#8221;full&#8221; alignment=&#8221;center&#8221; el_class=&#8221;imagen&#8221;][vc_column_text el_class=&#8221;titulo&#8221;]Farm\u00e0cia Manuel Mart\u00ed Castell[\/vc_column_text][vc_column_text el_class=&#8221;info&#8221;]Direcci\u00f3: C\/ Il\u00b7lustraci\u00f3 4 Tel: 964 30 58 70[\/vc_column_text][\/vc_column_inner][vc_column_inner width=&#8221;1\/4&#8243;][vc_single_image image=&#8221;37839&#8243; img_size=&#8221;full&#8221; alignment=&#8221;center&#8221; el_class=&#8221;imagen&#8221;][vc_column_text el_class=&#8221;titulo&#8221;]Farm\u00e0cia M\u00aa Luz Guimer\u00e1 Salom[\/vc_column_text][vc_column_text el_class=&#8221;info&#8221;]Direcci\u00f3: Av. Ferrandis Salvador, 94 Aptos. [&hellip;]<\/p>\n","protected":false},"author":1,"featured_media":0,"parent":39726,"menu_order":0,"comment_status":"closed","ping_status":"closed","template":"","meta":{"_acf_changed":false,"footnotes":""},"class_list":["post-39677","page","type-page","status-publish","hentry"],"acf":[],"yoast_head":"<!-- This site is optimized with the Yoast SEO plugin v27.4 - https:\/\/yoast.com\/product\/yoast-seo-wordpress\/ -->\n<title>Farm\u00e0cies a Benic\u00e0ssim - Benic\u00e0ssim Turisme<\/title>\n<meta name=\"description\" content=\"Informaci\u00f3 des de l&#039;oficina de Benic\u00e0ssim Turisme sobre on pots trobar una farm\u00e0cia a Benic\u00e0ssim, aix\u00ed com formes de contacte amb elles.\" \/>\n<meta name=\"robots\" content=\"index, follow, max-snippet:-1, max-image-preview:large, max-video-preview:-1\" \/>\n<link rel=\"canonical\" href=\"https:\/\/turismo.benicassim.es\/va\/serveis\/serveis-essencials\/farmacies\/\" \/>\n<meta property=\"og:locale\" content=\"en_US\" \/>\n<meta property=\"og:type\" content=\"article\" \/>\n<meta property=\"og:title\" content=\"Farm\u00e0cies a Benic\u00e0ssim - Benic\u00e0ssim Turisme\" \/>\n<meta property=\"og:description\" content=\"Informaci\u00f3 des de l&#039;oficina de Benic\u00e0ssim Turisme sobre on pots trobar una farm\u00e0cia a Benic\u00e0ssim, aix\u00ed com formes de contacte amb elles.\" \/>\n<meta property=\"og:url\" content=\"https:\/\/turismo.benicassim.es\/va\/serveis\/serveis-essencials\/farmacies\/\" \/>\n<meta property=\"og:site_name\" content=\"Benic\u00e0ssim Turismo\" \/>\n<meta property=\"article:modified_time\" content=\"2024-04-24T14:25:27+00:00\" \/>\n<meta name=\"twitter:card\" content=\"summary_large_image\" \/>\n<meta name=\"twitter:label1\" content=\"Est. reading time\" \/>\n\t<meta name=\"twitter:data1\" content=\"3 minutes\" \/>\n<script type=\"application\/ld+json\" class=\"yoast-schema-graph\">{\"@context\":\"https:\\\/\\\/schema.org\",\"@graph\":[{\"@type\":\"WebPage\",\"@id\":\"https:\\\/\\\/turismo.benicassim.es\\\/va\\\/serveis\\\/serveis-essencials\\\/farmacies\\\/\",\"url\":\"https:\\\/\\\/turismo.benicassim.es\\\/va\\\/serveis\\\/serveis-essencials\\\/farmacies\\\/\",\"name\":\"Farm\u00e0cies a Benic\u00e0ssim - Benic\u00e0ssim Turisme\",\"isPartOf\":{\"@id\":\"https:\\\/\\\/turismo.benicassim.es\\\/va\\\/#website\"},\"datePublished\":\"2021-03-16T11:40:42+00:00\",\"dateModified\":\"2024-04-24T14:25:27+00:00\",\"description\":\"Informaci\u00f3 des de l'oficina de Benic\u00e0ssim Turisme sobre on pots trobar una farm\u00e0cia a Benic\u00e0ssim, aix\u00ed com formes de contacte amb elles.\",\"breadcrumb\":{\"@id\":\"https:\\\/\\\/turismo.benicassim.es\\\/va\\\/serveis\\\/serveis-essencials\\\/farmacies\\\/#breadcrumb\"},\"inLanguage\":\"ca-CA\",\"potentialAction\":[{\"@type\":\"ReadAction\",\"target\":[\"https:\\\/\\\/turismo.benicassim.es\\\/va\\\/serveis\\\/serveis-essencials\\\/farmacies\\\/\"]}]},{\"@type\":\"BreadcrumbList\",\"@id\":\"https:\\\/\\\/turismo.benicassim.es\\\/va\\\/serveis\\\/serveis-essencials\\\/farmacies\\\/#breadcrumb\",\"itemListElement\":[{\"@type\":\"ListItem\",\"position\":1,\"name\":\"Inicio\",\"item\":\"https:\\\/\\\/turismo.benicassim.es\\\/va\\\/\"},{\"@type\":\"ListItem\",\"position\":2,\"name\":\"Serveis\",\"item\":\"https:\\\/\\\/turismo.benicassim.es\\\/va\\\/serveis\\\/\"},{\"@type\":\"ListItem\",\"position\":3,\"name\":\"Serveis essencials\",\"item\":\"https:\\\/\\\/turismo.benicassim.es\\\/va\\\/serveis\\\/serveis-essencials\\\/\"},{\"@type\":\"ListItem\",\"position\":4,\"name\":\"Farm\u00e0cies\"}]},{\"@type\":\"WebSite\",\"@id\":\"https:\\\/\\\/turismo.benicassim.es\\\/va\\\/#website\",\"url\":\"https:\\\/\\\/turismo.benicassim.es\\\/va\\\/\",\"name\":\"Benic\u00e0ssim Turismo\",\"description\":\"Web de informaci\u00f3n de Turismo en Benicasim\",\"potentialAction\":[{\"@type\":\"SearchAction\",\"target\":{\"@type\":\"EntryPoint\",\"urlTemplate\":\"https:\\\/\\\/turismo.benicassim.es\\\/va\\\/?s={search_term_string}\"},\"query-input\":{\"@type\":\"PropertyValueSpecification\",\"valueRequired\":true,\"valueName\":\"search_term_string\"}}],\"inLanguage\":\"ca-CA\"}]}<\/script>\n<!-- \/ Yoast SEO plugin. -->","yoast_head_json":{"title":"Farm\u00e0cies a Benic\u00e0ssim - Benic\u00e0ssim Turisme","description":"Informaci\u00f3 des de l'oficina de Benic\u00e0ssim Turisme sobre on pots trobar una farm\u00e0cia a Benic\u00e0ssim, aix\u00ed com formes de contacte amb elles.","robots":{"index":"index","follow":"follow","max-snippet":"max-snippet:-1","max-image-preview":"max-image-preview:large","max-video-preview":"max-video-preview:-1"},"canonical":"https:\/\/turismo.benicassim.es\/va\/serveis\/serveis-essencials\/farmacies\/","og_locale":"en_US","og_type":"article","og_title":"Farm\u00e0cies a Benic\u00e0ssim - Benic\u00e0ssim Turisme","og_description":"Informaci\u00f3 des de l'oficina de Benic\u00e0ssim Turisme sobre on pots trobar una farm\u00e0cia a Benic\u00e0ssim, aix\u00ed com formes de contacte amb elles.","og_url":"https:\/\/turismo.benicassim.es\/va\/serveis\/serveis-essencials\/farmacies\/","og_site_name":"Benic\u00e0ssim Turismo","article_modified_time":"2024-04-24T14:25:27+00:00","twitter_card":"summary_large_image","twitter_misc":{"Est. reading time":"3 minutes"},"schema":{"@context":"https:\/\/schema.org","@graph":[{"@type":"WebPage","@id":"https:\/\/turismo.benicassim.es\/va\/serveis\/serveis-essencials\/farmacies\/","url":"https:\/\/turismo.benicassim.es\/va\/serveis\/serveis-essencials\/farmacies\/","name":"Farm\u00e0cies a Benic\u00e0ssim - Benic\u00e0ssim Turisme","isPartOf":{"@id":"https:\/\/turismo.benicassim.es\/va\/#website"},"datePublished":"2021-03-16T11:40:42+00:00","dateModified":"2024-04-24T14:25:27+00:00","description":"Informaci\u00f3 des de l'oficina de Benic\u00e0ssim Turisme sobre on pots trobar una farm\u00e0cia a Benic\u00e0ssim, aix\u00ed com formes de contacte amb elles.","breadcrumb":{"@id":"https:\/\/turismo.benicassim.es\/va\/serveis\/serveis-essencials\/farmacies\/#breadcrumb"},"inLanguage":"ca-CA","potentialAction":[{"@type":"ReadAction","target":["https:\/\/turismo.benicassim.es\/va\/serveis\/serveis-essencials\/farmacies\/"]}]},{"@type":"BreadcrumbList","@id":"https:\/\/turismo.benicassim.es\/va\/serveis\/serveis-essencials\/farmacies\/#breadcrumb","itemListElement":[{"@type":"ListItem","position":1,"name":"Inicio","item":"https:\/\/turismo.benicassim.es\/va\/"},{"@type":"ListItem","position":2,"name":"Serveis","item":"https:\/\/turismo.benicassim.es\/va\/serveis\/"},{"@type":"ListItem","position":3,"name":"Serveis essencials","item":"https:\/\/turismo.benicassim.es\/va\/serveis\/serveis-essencials\/"},{"@type":"ListItem","position":4,"name":"Farm\u00e0cies"}]},{"@type":"WebSite","@id":"https:\/\/turismo.benicassim.es\/va\/#website","url":"https:\/\/turismo.benicassim.es\/va\/","name":"Benic\u00e0ssim Turismo","description":"Web de informaci\u00f3n de Turismo en Benicasim","potentialAction":[{"@type":"SearchAction","target":{"@type":"EntryPoint","urlTemplate":"https:\/\/turismo.benicassim.es\/va\/?s={search_term_string}"},"query-input":{"@type":"PropertyValueSpecification","valueRequired":true,"valueName":"search_term_string"}}],"inLanguage":"ca-CA"}]}},"_links":{"self":[{"href":"https:\/\/turismo.benicassim.es\/va\/wp-json\/wp\/v2\/pages\/39677","targetHints":{"allow":["GET"]}}],"collection":[{"href":"https:\/\/turismo.benicassim.es\/va\/wp-json\/wp\/v2\/pages"}],"about":[{"href":"https:\/\/turismo.benicassim.es\/va\/wp-json\/wp\/v2\/types\/page"}],"author":[{"embeddable":true,"href":"https:\/\/turismo.benicassim.es\/va\/wp-json\/wp\/v2\/users\/1"}],"replies":[{"embeddable":true,"href":"https:\/\/turismo.benicassim.es\/va\/wp-json\/wp\/v2\/comments?post=39677"}],"version-history":[{"count":4,"href":"https:\/\/turismo.benicassim.es\/va\/wp-json\/wp\/v2\/pages\/39677\/revisions"}],"predecessor-version":[{"id":75731,"href":"https:\/\/turismo.benicassim.es\/va\/wp-json\/wp\/v2\/pages\/39677\/revisions\/75731"}],"up":[{"embeddable":true,"href":"https:\/\/turismo.benicassim.es\/va\/wp-json\/wp\/v2\/pages\/39726"}],"wp:attachment":[{"href":"https:\/\/turismo.benicassim.es\/va\/wp-json\/wp\/v2\/media?parent=39677"}],"curies":[{"name":"wp","href":"https:\/\/api.w.org\/{rel}","templated":true}]}}