{"id":39678,"date":"2021-03-16T11:44:29","date_gmt":"2021-03-16T11:44:29","guid":{"rendered":"http:\/\/bturismo.atic.green\/?page_id=39678"},"modified":"2022-12-13T13:35:08","modified_gmt":"2022-12-13T12:35:08","slug":"immobiliaries","status":"publish","type":"page","link":"https:\/\/turismo.benicassim.es\/va\/serveis\/serveis-essencials\/immobiliaries\/","title":{"rendered":"Immobili\u00e0ries"},"content":{"rendered":"<p>[vc_row full_width=&#8221;stretch_row&#8221; el_class=&#8221;breadcrumb-container banner letra-montserrat&#8221;][vc_column]<div class=\"my-breadcrumb\" style=\"display:inline-block;\"><a href=\"https:\/\/turismo.benicassim.es\/va\/\" class=\"link-color-2\">Inici<\/a> \/ <span>Immobili\u00e0ries<\/span><\/div>[\/vc_column][\/vc_row][vc_row full_width=&#8221;stretch_row_content_no_spaces&#8221; el_class=&#8221;banner_titulo&#8221; css=&#8221;.vc_custom_1614166809458{background-image: url(https:\/\/turismo.benicassim.es\/wp-content\/uploads\/2021\/02\/Inmobiliaria-scaled.jpg?id=37793) !important;background-position: center !important;background-repeat: no-repeat !important;background-size: cover !important;}&#8221;][vc_column][vc_custom_heading text=&#8221;Immobili\u00e0ries a Benic\u00e0ssim&#8221; font_container=&#8221;tag:h1|font_size:40|text_align:center|color:%23ffffff&#8221; google_fonts=&#8221;font_family:Anton%3Aregular|font_style:400%20regular%3A400%3Anormal&#8221;][\/vc_column][\/vc_row][vc_row el_class=&#8221;bloque&#8221;][vc_column][vc_row_inner el_class=&#8221;row_servicios_esenciales&#8221;][vc_column_inner width=&#8221;1\/4&#8243;][vc_single_image image=&#8221;31691&#8243; img_size=&#8221;full&#8221; alignment=&#8221;center&#8221; el_class=&#8221;imagen&#8221;][vc_column_text el_class=&#8221;titulo&#8221;]Rogesmar[\/vc_column_text][vc_column_text el_class=&#8221;info&#8221;]<strong>Direcci\u00f3<\/strong>: Av. Ferrandis Salvador, 56-60<br \/>\n<strong>Tel\u00e8fon<\/strong>: 964 39 43 01<br \/>\n<strong>Mail<\/strong>: <a href=\"mailto:beni.aptos@viajesorange.com\">beni.aptos@viajesorange.com<\/a><br \/>\n<strong>Web<\/strong>:\u00a0<a href=\"http:\/\/www.rogesmar.com\/roges\/\" target=\"_blank\" rel=\"noopener noreferrer\">www.rogesmar.com\/roges\/<\/a>[\/vc_column_text][\/vc_column_inner][vc_column_inner width=&#8221;1\/4&#8243;][vc_single_image image=&#8221;37664&#8243; img_size=&#8221;full&#8221; el_class=&#8221;imagen&#8221;][vc_column_text el_class=&#8221;titulo&#8221;]Casa Agencia[\/vc_column_text][vc_column_text el_class=&#8221;info&#8221;]<strong>Direcci\u00f3<\/strong>: Av. Castell\u00f3n, 56<br \/>\n<strong>Tel\u00e8fon<\/strong>: 964 300 986<br \/>\n<strong>Mail<\/strong>: <a href=\"mailto:casagencia@casagencia.com\">casagencia@casagencia.com<\/a><br \/>\n<strong>Web<\/strong>: <a href=\"http:\/\/www.casagencia.com\/\" target=\"_blank\" rel=\"noopener noreferrer\">www.casagencia.com<\/a>[\/vc_column_text][\/vc_column_inner][vc_column_inner width=&#8221;1\/4&#8243;][vc_single_image image=&#8221;39886&#8243; img_size=&#8221;full&#8221; alignment=&#8221;center&#8221; el_class=&#8221;imagen&#8221;][vc_column_text el_class=&#8221;titulo&#8221;]Narsan Grupo Inmobiliario[\/vc_column_text][vc_column_text el_class=&#8221;info&#8221;]<strong>Direcci\u00f3<\/strong>: C\/ Jutge Manuel Gual Miravet, 2 &#8211; B<br \/>\n<strong>Tel\u00e8fon<\/strong>: 964 30 41 24<br \/>\n<strong>Fax<\/strong>: 964 39 01 62<br \/>\n<strong>Mail<\/strong>: <a href=\"mailto:info@narsan.com\">info@narsan.com<\/a><br \/>\n<strong>Web<\/strong>: <a href=\"http:\/\/www.narsan.com\/\" target=\"_blank\" rel=\"noopener noreferrer\">www.narsan.com<\/a>[\/vc_column_text][\/vc_column_inner][vc_column_inner width=&#8221;1\/4&#8243;][vc_single_image image=&#8221;37665&#8243; img_size=&#8221;full&#8221; alignment=&#8221;center&#8221; el_class=&#8221;imagen&#8221;][vc_column_text el_class=&#8221;titulo&#8221;]Mar y Dor[\/vc_column_text][vc_column_text el_class=&#8221;info&#8221;]<strong>Direcci\u00f3<\/strong>: Av. Ferrandis Salvador, 138<br \/>\n<strong>Tel\u00e8fon<\/strong>: 964 39 37 05<br \/>\n<strong>M\u00f3vil<\/strong>: 609 651 319<br \/>\n<strong>Mail<\/strong>:\u00a0<a href=\"mailto:marydor96@hotmail.com\">marydor96@hotmail.com<\/a><br \/>\n<strong>Web<\/strong>:\u00a0<a href=\"http:\/\/www.marydor.es\/\" target=\"_blank\" rel=\"noopener noreferrer\">www.marydor.es<\/a>[\/vc_column_text][\/vc_column_inner][\/vc_row_inner][vc_row_inner el_class=&#8221;row_servicios_esenciales&#8221;][vc_column_inner width=&#8221;1\/4&#8243;][vc_single_image image=&#8221;37666&#8243; img_size=&#8221;full&#8221; el_class=&#8221;imagen&#8221;][vc_column_text el_class=&#8221;titulo&#8221;]Coinbe Inmobiliaria[\/vc_column_text][vc_column_text el_class=&#8221;info&#8221;]<strong>Direcci\u00f3<\/strong>: C\/ Sant Tom\u00e0s, 92<br \/>\n<strong>Tel\u00e8fon<\/strong>: 964 30 29 19<br \/>\n<strong>M\u00f2bil<\/strong>: 651 883 448<br \/>\n<strong>Fax<\/strong>: 964 303 816<br \/>\n<strong>Mail<\/strong>: <a href=\"mailto:coinbe2000@telefonica.net\">coinbe2000@telefonica.net<\/a> \/ <a href=\"mailto:info@coinbe.com\">info@coinbe.com<\/a><br \/>\n<strong>Web<\/strong>: <a href=\"http:\/\/www.coinbe.com\" target=\"_blank\" rel=\"noopener noreferrer\">www.coinbe.com<\/a>[\/vc_column_text][\/vc_column_inner][vc_column_inner width=&#8221;1\/4&#8243;][vc_single_image image=&#8221;37667&#8243; img_size=&#8221;full&#8221; el_class=&#8221;imagen&#8221;][vc_column_text el_class=&#8221;titulo&#8221;]Inmobiliaria Carmona[\/vc_column_text][vc_column_text el_class=&#8221;info&#8221;]<strong>Direcci\u00f3<\/strong>: C\/ Sant Tom\u00e0s, 121<br \/>\n<strong>Tel\u00e8fon<\/strong>: 964 30 10 16<br \/>\n<strong>Tel\u00e8fon y Fax<\/strong>: 964 22 63 08<br \/>\n<strong>Mail<\/strong>:\u00a0<a href=\"mailto:carmonac@comprarcasa.com\">carmonac@comprarcasa.com<\/a> \/\u00a0<a href=\"mailto:carmona1952@comprarcasa.com\">carmona1952@comprarcasa.com<\/a><br \/>\n<strong>Web<\/strong>:\u00a0<a href=\"http:\/\/www.inmobiliariacarmona.es\/\" target=\"_blank\" rel=\"noopener noreferrer\">www.inmobiliariacarmona.es<\/a>[\/vc_column_text][\/vc_column_inner][vc_column_inner width=&#8221;1\/4&#8243;][vc_single_image image=&#8221;26427&#8243; img_size=&#8221;full&#8221; el_class=&#8221;imagen&#8221;][vc_column_text el_class=&#8221;titulo&#8221;]Vicente Bayo[\/vc_column_text][vc_column_text el_class=&#8221;info&#8221;]<strong>Direcci\u00f3<\/strong>: Avda. Ferrandis Salvador, 268 bajo.<br \/>\n<strong>Tel\u00e8fon<\/strong>: 964 39 60 76<br \/>\n<strong>M\u00f2bil<\/strong>: 670 858 297<br \/>\n<strong>Fax<\/strong>: 964 3960 76<br \/>\n<strong>Mail<\/strong>:\u00a0<a href=\"mailto:info@vicentebayoinmobiliaria.com\">info@vicentebayoinmobiliaria.com<\/a><br \/>\n<strong>Web<\/strong>:\u00a0<a href=\"http:\/\/www.vicentebayoinmobiliaria.com\/\" target=\"_blank\" rel=\"noopener noreferrer\">www.vicentebayoinmobiliaria.com\/<\/a>[\/vc_column_text][\/vc_column_inner][vc_column_inner width=&#8221;1\/4&#8243;][vc_single_image image=&#8221;40944&#8243; img_size=&#8221;full&#8221; el_class=&#8221;imagen&#8221;][vc_column_text el_class=&#8221;titulo&#8221;]Orange Costa[\/vc_column_text][vc_column_text el_class=&#8221;info&#8221;]<strong>Direcci\u00f3<\/strong>: Av. Ferrandis Salvador, 188<br \/>\n<strong>Tel\u00e8fon<\/strong>: 964 39 54 90<br \/>\n<strong>Fax<\/strong>: 964 39 55 21<br \/>\n<strong>Mail<\/strong>:\u00a0<a href=\"mailto:beni.aptos@viajesorange.com\">beni.aptos@viajesorange.com<\/a><br \/>\n<strong>Web<\/strong>:\u00a0<a href=\"http:\/\/www.orangecosta.com\/alquiler-apartamentos-benicasim\/\" target=\"_blank\" rel=\"noopener noreferrer\">www.orangecosta.com\/alquiler-apartamentos-benicasim\/<\/a>[\/vc_column_text][\/vc_column_inner][\/vc_row_inner][vc_row_inner el_class=&#8221;row_servicios_esenciales&#8221;][vc_column_inner width=&#8221;1\/4&#8243;][vc_single_image image=&#8221;39910&#8243; img_size=&#8221;full&#8221; el_class=&#8221;imagen&#8221;][vc_column_text el_class=&#8221;titulo&#8221;]Roger Real State[\/vc_column_text][vc_column_text el_class=&#8221;info&#8221;]<strong>Direcci\u00f3<\/strong>: C\/ Mestre Segarra, 8<br \/>\n<strong>Tel\u00e8fon<\/strong>: 964 30 53 07<br \/>\n<strong>M\u00f2bil<\/strong>: 647 375 702<br \/>\n<strong>Mail<\/strong>:\u00a0<a href=\"mailto:info@rogerinmobiliaria.com\">info@rogerinmobiliaria.com<\/a><br \/>\n<strong>Web<\/strong>: <a href=\"https:\/\/www.rogerinmobiliaria.com\/\" target=\"_blank\" rel=\"noopener noreferrer\">https:\/\/www.rogerinmobiliaria.com\/<\/a>[\/vc_column_text][\/vc_column_inner][\/vc_row_inner][\/vc_column][\/vc_row]<\/p>\n","protected":false},"excerpt":{"rendered":"<p>[vc_row full_width=&#8221;stretch_row&#8221; el_class=&#8221;breadcrumb-container banner letra-montserrat&#8221;][vc_column][\/vc_column][\/vc_row][vc_row full_width=&#8221;stretch_row_content_no_spaces&#8221; el_class=&#8221;banner_titulo&#8221; css=&#8221;.vc_custom_1614166809458{background-image: url(https:\/\/turismo.benicassim.es\/wp-content\/uploads\/2021\/02\/Inmobiliaria-scaled.jpg?id=37793) !important;background-position: center !important;background-repeat: no-repeat !important;background-size: cover !important;}&#8221;][vc_column][vc_custom_heading text=&#8221;Immobili\u00e0ries a Benic\u00e0ssim&#8221; font_container=&#8221;tag:h1|font_size:40|text_align:center|color:%23ffffff&#8221; google_fonts=&#8221;font_family:Anton%3Aregular|font_style:400%20regular%3A400%3Anormal&#8221;][\/vc_column][\/vc_row][vc_row el_class=&#8221;bloque&#8221;][vc_column][vc_row_inner el_class=&#8221;row_servicios_esenciales&#8221;][vc_column_inner width=&#8221;1\/4&#8243;][vc_single_image image=&#8221;31691&#8243; img_size=&#8221;full&#8221; alignment=&#8221;center&#8221; el_class=&#8221;imagen&#8221;][vc_column_text el_class=&#8221;titulo&#8221;]Rogesmar[\/vc_column_text][vc_column_text el_class=&#8221;info&#8221;]Direcci\u00f3: Av. Ferrandis Salvador, 56-60 Tel\u00e8fon: 964 39 43 01 Mail: beni.aptos@viajesorange.com Web:\u00a0www.rogesmar.com\/roges\/[\/vc_column_text][\/vc_column_inner][vc_column_inner width=&#8221;1\/4&#8243;][vc_single_image image=&#8221;37664&#8243; img_size=&#8221;full&#8221; el_class=&#8221;imagen&#8221;][vc_column_text el_class=&#8221;titulo&#8221;]Casa Agencia[\/vc_column_text][vc_column_text el_class=&#8221;info&#8221;]Direcci\u00f3: Av. Castell\u00f3n, 56 Tel\u00e8fon: 964 300 [&hellip;]<\/p>\n","protected":false},"author":1,"featured_media":0,"parent":39726,"menu_order":0,"comment_status":"closed","ping_status":"closed","template":"","meta":{"_acf_changed":false,"footnotes":""},"class_list":["post-39678","page","type-page","status-publish","hentry"],"acf":[],"yoast_head":"<!-- This site is optimized with the Yoast SEO plugin v27.1.1 - https:\/\/yoast.com\/product\/yoast-seo-wordpress\/ -->\n<title>Immobili\u00e0ries a Benic\u00e0ssim - Benic\u00e0ssim Turisme<\/title>\n<meta name=\"description\" content=\"Ac\u00ed trobar\u00e0s servicis immobiliaris d&#039;empreses de Benic\u00e0ssim que des de Benic\u00e0ssim Turisme pensem que et poden ser d&#039;utilitat.\" \/>\n<meta name=\"robots\" content=\"index, follow, max-snippet:-1, max-image-preview:large, max-video-preview:-1\" \/>\n<link rel=\"canonical\" href=\"https:\/\/turismo.benicassim.es\/va\/serveis\/serveis-essencials\/immobiliaries\/\" \/>\n<meta property=\"og:locale\" content=\"en_US\" \/>\n<meta property=\"og:type\" content=\"article\" \/>\n<meta property=\"og:title\" content=\"Immobili\u00e0ries a Benic\u00e0ssim - Benic\u00e0ssim Turisme\" \/>\n<meta property=\"og:description\" content=\"Ac\u00ed trobar\u00e0s servicis immobiliaris d&#039;empreses de Benic\u00e0ssim que des de Benic\u00e0ssim Turisme pensem que et poden ser d&#039;utilitat.\" \/>\n<meta property=\"og:url\" content=\"https:\/\/turismo.benicassim.es\/va\/serveis\/serveis-essencials\/immobiliaries\/\" \/>\n<meta property=\"og:site_name\" content=\"Benic\u00e0ssim Turismo\" \/>\n<meta property=\"article:modified_time\" content=\"2022-12-13T12:35:08+00:00\" \/>\n<meta name=\"twitter:card\" content=\"summary_large_image\" \/>\n<meta name=\"twitter:label1\" content=\"Est. reading time\" \/>\n\t<meta name=\"twitter:data1\" content=\"2 minutes\" \/>\n<script type=\"application\/ld+json\" class=\"yoast-schema-graph\">{\"@context\":\"https:\/\/schema.org\",\"@graph\":[{\"@type\":\"WebPage\",\"@id\":\"https:\/\/turismo.benicassim.es\/va\/serveis\/serveis-essencials\/immobiliaries\/\",\"url\":\"https:\/\/turismo.benicassim.es\/va\/serveis\/serveis-essencials\/immobiliaries\/\",\"name\":\"Immobili\u00e0ries a Benic\u00e0ssim - Benic\u00e0ssim Turisme\",\"isPartOf\":{\"@id\":\"https:\/\/turismo.benicassim.es\/va\/#website\"},\"datePublished\":\"2021-03-16T11:44:29+00:00\",\"dateModified\":\"2022-12-13T12:35:08+00:00\",\"description\":\"Ac\u00ed trobar\u00e0s servicis immobiliaris d'empreses de Benic\u00e0ssim que des de Benic\u00e0ssim Turisme pensem que et poden ser d'utilitat.\",\"breadcrumb\":{\"@id\":\"https:\/\/turismo.benicassim.es\/va\/serveis\/serveis-essencials\/immobiliaries\/#breadcrumb\"},\"inLanguage\":\"ca-CA\",\"potentialAction\":[{\"@type\":\"ReadAction\",\"target\":[\"https:\/\/turismo.benicassim.es\/va\/serveis\/serveis-essencials\/immobiliaries\/\"]}]},{\"@type\":\"BreadcrumbList\",\"@id\":\"https:\/\/turismo.benicassim.es\/va\/serveis\/serveis-essencials\/immobiliaries\/#breadcrumb\",\"itemListElement\":[{\"@type\":\"ListItem\",\"position\":1,\"name\":\"Inicio\",\"item\":\"https:\/\/turismo.benicassim.es\/va\/\"},{\"@type\":\"ListItem\",\"position\":2,\"name\":\"Serveis\",\"item\":\"https:\/\/turismo.benicassim.es\/va\/serveis\/\"},{\"@type\":\"ListItem\",\"position\":3,\"name\":\"Serveis essencials\",\"item\":\"https:\/\/turismo.benicassim.es\/va\/serveis\/serveis-essencials\/\"},{\"@type\":\"ListItem\",\"position\":4,\"name\":\"Immobili\u00e0ries\"}]},{\"@type\":\"WebSite\",\"@id\":\"https:\/\/turismo.benicassim.es\/va\/#website\",\"url\":\"https:\/\/turismo.benicassim.es\/va\/\",\"name\":\"Benic\u00e0ssim Turismo\",\"description\":\"Web de informaci\u00f3n de Turismo en Benicasim\",\"potentialAction\":[{\"@type\":\"SearchAction\",\"target\":{\"@type\":\"EntryPoint\",\"urlTemplate\":\"https:\/\/turismo.benicassim.es\/va\/?s={search_term_string}\"},\"query-input\":{\"@type\":\"PropertyValueSpecification\",\"valueRequired\":true,\"valueName\":\"search_term_string\"}}],\"inLanguage\":\"ca-CA\"}]}<\/script>\n<!-- \/ Yoast SEO plugin. -->","yoast_head_json":{"title":"Immobili\u00e0ries a Benic\u00e0ssim - Benic\u00e0ssim Turisme","description":"Ac\u00ed trobar\u00e0s servicis immobiliaris d'empreses de Benic\u00e0ssim que des de Benic\u00e0ssim Turisme pensem que et poden ser d'utilitat.","robots":{"index":"index","follow":"follow","max-snippet":"max-snippet:-1","max-image-preview":"max-image-preview:large","max-video-preview":"max-video-preview:-1"},"canonical":"https:\/\/turismo.benicassim.es\/va\/serveis\/serveis-essencials\/immobiliaries\/","og_locale":"en_US","og_type":"article","og_title":"Immobili\u00e0ries a Benic\u00e0ssim - Benic\u00e0ssim Turisme","og_description":"Ac\u00ed trobar\u00e0s servicis immobiliaris d'empreses de Benic\u00e0ssim que des de Benic\u00e0ssim Turisme pensem que et poden ser d'utilitat.","og_url":"https:\/\/turismo.benicassim.es\/va\/serveis\/serveis-essencials\/immobiliaries\/","og_site_name":"Benic\u00e0ssim Turismo","article_modified_time":"2022-12-13T12:35:08+00:00","twitter_card":"summary_large_image","twitter_misc":{"Est. reading time":"2 minutes"},"schema":{"@context":"https:\/\/schema.org","@graph":[{"@type":"WebPage","@id":"https:\/\/turismo.benicassim.es\/va\/serveis\/serveis-essencials\/immobiliaries\/","url":"https:\/\/turismo.benicassim.es\/va\/serveis\/serveis-essencials\/immobiliaries\/","name":"Immobili\u00e0ries a Benic\u00e0ssim - Benic\u00e0ssim Turisme","isPartOf":{"@id":"https:\/\/turismo.benicassim.es\/va\/#website"},"datePublished":"2021-03-16T11:44:29+00:00","dateModified":"2022-12-13T12:35:08+00:00","description":"Ac\u00ed trobar\u00e0s servicis immobiliaris d'empreses de Benic\u00e0ssim que des de Benic\u00e0ssim Turisme pensem que et poden ser d'utilitat.","breadcrumb":{"@id":"https:\/\/turismo.benicassim.es\/va\/serveis\/serveis-essencials\/immobiliaries\/#breadcrumb"},"inLanguage":"ca-CA","potentialAction":[{"@type":"ReadAction","target":["https:\/\/turismo.benicassim.es\/va\/serveis\/serveis-essencials\/immobiliaries\/"]}]},{"@type":"BreadcrumbList","@id":"https:\/\/turismo.benicassim.es\/va\/serveis\/serveis-essencials\/immobiliaries\/#breadcrumb","itemListElement":[{"@type":"ListItem","position":1,"name":"Inicio","item":"https:\/\/turismo.benicassim.es\/va\/"},{"@type":"ListItem","position":2,"name":"Serveis","item":"https:\/\/turismo.benicassim.es\/va\/serveis\/"},{"@type":"ListItem","position":3,"name":"Serveis essencials","item":"https:\/\/turismo.benicassim.es\/va\/serveis\/serveis-essencials\/"},{"@type":"ListItem","position":4,"name":"Immobili\u00e0ries"}]},{"@type":"WebSite","@id":"https:\/\/turismo.benicassim.es\/va\/#website","url":"https:\/\/turismo.benicassim.es\/va\/","name":"Benic\u00e0ssim Turismo","description":"Web de informaci\u00f3n de Turismo en Benicasim","potentialAction":[{"@type":"SearchAction","target":{"@type":"EntryPoint","urlTemplate":"https:\/\/turismo.benicassim.es\/va\/?s={search_term_string}"},"query-input":{"@type":"PropertyValueSpecification","valueRequired":true,"valueName":"search_term_string"}}],"inLanguage":"ca-CA"}]}},"_links":{"self":[{"href":"https:\/\/turismo.benicassim.es\/va\/wp-json\/wp\/v2\/pages\/39678","targetHints":{"allow":["GET"]}}],"collection":[{"href":"https:\/\/turismo.benicassim.es\/va\/wp-json\/wp\/v2\/pages"}],"about":[{"href":"https:\/\/turismo.benicassim.es\/va\/wp-json\/wp\/v2\/types\/page"}],"author":[{"embeddable":true,"href":"https:\/\/turismo.benicassim.es\/va\/wp-json\/wp\/v2\/users\/1"}],"replies":[{"embeddable":true,"href":"https:\/\/turismo.benicassim.es\/va\/wp-json\/wp\/v2\/comments?post=39678"}],"version-history":[{"count":4,"href":"https:\/\/turismo.benicassim.es\/va\/wp-json\/wp\/v2\/pages\/39678\/revisions"}],"predecessor-version":[{"id":69170,"href":"https:\/\/turismo.benicassim.es\/va\/wp-json\/wp\/v2\/pages\/39678\/revisions\/69170"}],"up":[{"embeddable":true,"href":"https:\/\/turismo.benicassim.es\/va\/wp-json\/wp\/v2\/pages\/39726"}],"wp:attachment":[{"href":"https:\/\/turismo.benicassim.es\/va\/wp-json\/wp\/v2\/media?parent=39678"}],"curies":[{"name":"wp","href":"https:\/\/api.w.org\/{rel}","templated":true}]}}