{"id":39680,"date":"2021-03-16T11:57:39","date_gmt":"2021-03-16T11:57:39","guid":{"rendered":"http:\/\/bturismo.atic.green\/?page_id=39680"},"modified":"2022-12-05T10:54:00","modified_gmt":"2022-12-05T09:54:00","slug":"serveis-juridics","status":"publish","type":"page","link":"https:\/\/turismo.benicassim.es\/va\/serveis\/serveis-essencials\/serveis-juridics\/","title":{"rendered":"Serveis jur\u00eddics"},"content":{"rendered":"<p>[vc_row full_width=&#8221;stretch_row&#8221; el_class=&#8221;breadcrumb-container banner letra-montserrat&#8221;][vc_column]<div class=\"my-breadcrumb\" style=\"display:inline-block;\"><a href=\"https:\/\/turismo.benicassim.es\/va\/\" class=\"link-color-2\">Inici<\/a> \/ <span>Serveis jur\u00eddics<\/span><\/div>[\/vc_column][\/vc_row][vc_row full_width=&#8221;stretch_row_content_no_spaces&#8221; el_class=&#8221;banner_titulo&#8221; css=&#8221;.vc_custom_1614166401253{background-image: url(https:\/\/turismo.benicassim.es\/wp-content\/uploads\/2021\/02\/servicios_juridico-scaled.jpg?id=37786) !important;background-position: center !important;background-repeat: no-repeat !important;background-size: cover !important;}&#8221;][vc_column][vc_column_text el_class=&#8221;titulo&#8221;]<\/p>\n<h1 style=\"text-align: center;\">Serveis jur\u00eddics a Benic\u00e0ssim<\/h1>\n<p>[\/vc_column_text][\/vc_column][\/vc_row][vc_row el_class=&#8221;bloque&#8221;][vc_column][vc_row_inner el_class=&#8221;row_servicios_esenciales&#8221;][vc_column_inner width=&#8221;1\/4&#8243;][vc_column_text el_class=&#8221;titulo&#8221;]Asesor\u00eda Benicas S.L.[\/vc_column_text][vc_single_image image=&#8221;37849&#8243; img_size=&#8221;full&#8221; alignment=&#8221;center&#8221; el_class=&#8221;imagen&#8221;][vc_column_text el_class=&#8221;info&#8221;]<strong>Adre\u00e7a<\/strong>: C\/ M\u00e9dico Segarra, 1<br \/>\n<strong>Tel\u00e8fon<\/strong>: 964 305 615<br \/>\n<strong>Fax:<\/strong> 964 305 615<br \/>\n<strong>Mail:<\/strong> <a href=\"mailto:info@benicasasesores.com\">info@benicasasesores.com<\/a>[\/vc_column_text][\/vc_column_inner][vc_column_inner width=&#8221;1\/4&#8243;][vc_column_text el_class=&#8221;titulo&#8221;]Asesor\u00eda Jur\u00eddica Rub\u00e9n Lacueva[\/vc_column_text][vc_single_image image=&#8221;37850&#8243; img_size=&#8221;full&#8221; alignment=&#8221;center&#8221; el_class=&#8221;imagen&#8221;][vc_column_text el_class=&#8221;info&#8221;]<strong>Adre\u00e7a<\/strong>: C\/ Carles Salvador, 11<br \/>\n<strong>Tel\u00e8fon<\/strong>: 964 30 15 80<br \/>\n<strong>M\u00f3vil:<\/strong> 669 17 34 11<br \/>\n<strong>Mail:<\/strong> <a href=\"mailto:rubenlacueva@gmail.com\">rubenlacueva@gmail.com<\/a>[\/vc_column_text][\/vc_column_inner][vc_column_inner width=&#8221;1\/4&#8243;][vc_column_text el_class=&#8221;titulo&#8221;]Notaria M\u00aa Jes\u00fas Sanmart\u00edn Argos[\/vc_column_text][vc_single_image image=&#8221;37851&#8243; img_size=&#8221;full&#8221; el_class=&#8221;imagen&#8221;][vc_column_text el_class=&#8221;info&#8221;]<strong>Adre\u00e7a<\/strong>: C\/ Sant Tom\u00e0s, 34 &#8211; 4\u00ba<br \/>\n<strong>Tel\u00e8fon<\/strong>: 964 30 02 94[\/vc_column_text][\/vc_column_inner][vc_column_inner width=&#8221;1\/4&#8243;][vc_column_text el_class=&#8221;titulo&#8221;]Advocats Casa\u00f1 y Casa\u00f1[\/vc_column_text][vc_single_image image=&#8221;26417&#8243; img_size=&#8221;full&#8221; alignment=&#8221;center&#8221; el_class=&#8221;imagen&#8221;][vc_column_text el_class=&#8221;info&#8221;]<strong>Adre\u00e7a<\/strong>: C\/ Bayer, 60<br \/>\n<strong>Tel\u00e8fon<\/strong>: 964 30 06 40<br \/>\n<strong>Mail:<\/strong> <a href=\"mailto:info@abogadoscasany.com\">info@abogadoscasany.com<\/a><br \/>\n<strong>Comentaris:<\/strong> Mercantil, civil, divorci i dret de fam\u00edlia, penal, administratiu, farmac\u00e8utic, telecomunicacions, autom\u00f2bil, assegurances.[\/vc_column_text][\/vc_column_inner][\/vc_row_inner][\/vc_column][\/vc_row]<\/p>\n","protected":false},"excerpt":{"rendered":"<p>[vc_row full_width=&#8221;stretch_row&#8221; el_class=&#8221;breadcrumb-container banner letra-montserrat&#8221;][vc_column][\/vc_column][\/vc_row][vc_row full_width=&#8221;stretch_row_content_no_spaces&#8221; el_class=&#8221;banner_titulo&#8221; css=&#8221;.vc_custom_1614166401253{background-image: url(https:\/\/turismo.benicassim.es\/wp-content\/uploads\/2021\/02\/servicios_juridico-scaled.jpg?id=37786) !important;background-position: center !important;background-repeat: no-repeat !important;background-size: cover !important;}&#8221;][vc_column][vc_column_text el_class=&#8221;titulo&#8221;] Serveis jur\u00eddics a Benic\u00e0ssim [\/vc_column_text][\/vc_column][\/vc_row][vc_row el_class=&#8221;bloque&#8221;][vc_column][vc_row_inner el_class=&#8221;row_servicios_esenciales&#8221;][vc_column_inner width=&#8221;1\/4&#8243;][vc_column_text el_class=&#8221;titulo&#8221;]Asesor\u00eda Benicas S.L.[\/vc_column_text][vc_single_image image=&#8221;37849&#8243; img_size=&#8221;full&#8221; alignment=&#8221;center&#8221; el_class=&#8221;imagen&#8221;][vc_column_text el_class=&#8221;info&#8221;]Adre\u00e7a: C\/ M\u00e9dico Segarra, 1 Tel\u00e8fon: 964 305 615 Fax: 964 305 615 Mail: info@benicasasesores.com[\/vc_column_text][\/vc_column_inner][vc_column_inner width=&#8221;1\/4&#8243;][vc_column_text el_class=&#8221;titulo&#8221;]Asesor\u00eda Jur\u00eddica Rub\u00e9n Lacueva[\/vc_column_text][vc_single_image image=&#8221;37850&#8243; img_size=&#8221;full&#8221; alignment=&#8221;center&#8221; [&hellip;]<\/p>\n","protected":false},"author":1,"featured_media":0,"parent":39726,"menu_order":0,"comment_status":"closed","ping_status":"closed","template":"","meta":{"_acf_changed":false,"footnotes":""},"class_list":["post-39680","page","type-page","status-publish","hentry"],"acf":[],"yoast_head":"<!-- This site is optimized with the Yoast SEO plugin v27.1.1 - https:\/\/yoast.com\/product\/yoast-seo-wordpress\/ -->\n<title>Advocats, Serveis Jur\u00eddics i Assessoria Legal a Benic\u00e0ssim<\/title>\n<meta name=\"description\" content=\"Tot sobre advocats, assessoria legal i assist\u00e8ncia jur\u00eddica a Benic\u00e0ssim. Des de Benic\u00e0ssim Turisme et suggerim llocs que et poden ajudar.\" \/>\n<meta name=\"robots\" content=\"index, follow, max-snippet:-1, max-image-preview:large, max-video-preview:-1\" \/>\n<link rel=\"canonical\" href=\"https:\/\/turismo.benicassim.es\/va\/serveis\/serveis-essencials\/serveis-juridics\/\" \/>\n<meta property=\"og:locale\" content=\"en_US\" \/>\n<meta property=\"og:type\" content=\"article\" \/>\n<meta property=\"og:title\" content=\"Advocats, Serveis Jur\u00eddics i Assessoria Legal a Benic\u00e0ssim\" \/>\n<meta property=\"og:description\" content=\"Tot sobre advocats, assessoria legal i assist\u00e8ncia jur\u00eddica a Benic\u00e0ssim. Des de Benic\u00e0ssim Turisme et suggerim llocs que et poden ajudar.\" \/>\n<meta property=\"og:url\" content=\"https:\/\/turismo.benicassim.es\/va\/serveis\/serveis-essencials\/serveis-juridics\/\" \/>\n<meta property=\"og:site_name\" content=\"Benic\u00e0ssim Turismo\" \/>\n<meta property=\"article:modified_time\" content=\"2022-12-05T09:54:00+00:00\" \/>\n<meta name=\"twitter:card\" content=\"summary_large_image\" \/>\n<meta name=\"twitter:label1\" content=\"Est. reading time\" \/>\n\t<meta name=\"twitter:data1\" content=\"1 minute\" \/>\n<script type=\"application\/ld+json\" class=\"yoast-schema-graph\">{\"@context\":\"https:\/\/schema.org\",\"@graph\":[{\"@type\":\"WebPage\",\"@id\":\"https:\/\/turismo.benicassim.es\/va\/serveis\/serveis-essencials\/serveis-juridics\/\",\"url\":\"https:\/\/turismo.benicassim.es\/va\/serveis\/serveis-essencials\/serveis-juridics\/\",\"name\":\"Advocats, Serveis Jur\u00eddics i Assessoria Legal a Benic\u00e0ssim\",\"isPartOf\":{\"@id\":\"https:\/\/turismo.benicassim.es\/va\/#website\"},\"datePublished\":\"2021-03-16T11:57:39+00:00\",\"dateModified\":\"2022-12-05T09:54:00+00:00\",\"description\":\"Tot sobre advocats, assessoria legal i assist\u00e8ncia jur\u00eddica a Benic\u00e0ssim. Des de Benic\u00e0ssim Turisme et suggerim llocs que et poden ajudar.\",\"breadcrumb\":{\"@id\":\"https:\/\/turismo.benicassim.es\/va\/serveis\/serveis-essencials\/serveis-juridics\/#breadcrumb\"},\"inLanguage\":\"ca-CA\",\"potentialAction\":[{\"@type\":\"ReadAction\",\"target\":[\"https:\/\/turismo.benicassim.es\/va\/serveis\/serveis-essencials\/serveis-juridics\/\"]}]},{\"@type\":\"BreadcrumbList\",\"@id\":\"https:\/\/turismo.benicassim.es\/va\/serveis\/serveis-essencials\/serveis-juridics\/#breadcrumb\",\"itemListElement\":[{\"@type\":\"ListItem\",\"position\":1,\"name\":\"Inicio\",\"item\":\"https:\/\/turismo.benicassim.es\/va\/\"},{\"@type\":\"ListItem\",\"position\":2,\"name\":\"Serveis\",\"item\":\"https:\/\/turismo.benicassim.es\/va\/serveis\/\"},{\"@type\":\"ListItem\",\"position\":3,\"name\":\"Serveis essencials\",\"item\":\"https:\/\/turismo.benicassim.es\/va\/serveis\/serveis-essencials\/\"},{\"@type\":\"ListItem\",\"position\":4,\"name\":\"Serveis jur\u00eddics\"}]},{\"@type\":\"WebSite\",\"@id\":\"https:\/\/turismo.benicassim.es\/va\/#website\",\"url\":\"https:\/\/turismo.benicassim.es\/va\/\",\"name\":\"Benic\u00e0ssim Turismo\",\"description\":\"Web de informaci\u00f3n de Turismo en Benicasim\",\"potentialAction\":[{\"@type\":\"SearchAction\",\"target\":{\"@type\":\"EntryPoint\",\"urlTemplate\":\"https:\/\/turismo.benicassim.es\/va\/?s={search_term_string}\"},\"query-input\":{\"@type\":\"PropertyValueSpecification\",\"valueRequired\":true,\"valueName\":\"search_term_string\"}}],\"inLanguage\":\"ca-CA\"}]}<\/script>\n<!-- \/ Yoast SEO plugin. -->","yoast_head_json":{"title":"Advocats, Serveis Jur\u00eddics i Assessoria Legal a Benic\u00e0ssim","description":"Tot sobre advocats, assessoria legal i assist\u00e8ncia jur\u00eddica a Benic\u00e0ssim. Des de Benic\u00e0ssim Turisme et suggerim llocs que et poden ajudar.","robots":{"index":"index","follow":"follow","max-snippet":"max-snippet:-1","max-image-preview":"max-image-preview:large","max-video-preview":"max-video-preview:-1"},"canonical":"https:\/\/turismo.benicassim.es\/va\/serveis\/serveis-essencials\/serveis-juridics\/","og_locale":"en_US","og_type":"article","og_title":"Advocats, Serveis Jur\u00eddics i Assessoria Legal a Benic\u00e0ssim","og_description":"Tot sobre advocats, assessoria legal i assist\u00e8ncia jur\u00eddica a Benic\u00e0ssim. Des de Benic\u00e0ssim Turisme et suggerim llocs que et poden ajudar.","og_url":"https:\/\/turismo.benicassim.es\/va\/serveis\/serveis-essencials\/serveis-juridics\/","og_site_name":"Benic\u00e0ssim Turismo","article_modified_time":"2022-12-05T09:54:00+00:00","twitter_card":"summary_large_image","twitter_misc":{"Est. reading time":"1 minute"},"schema":{"@context":"https:\/\/schema.org","@graph":[{"@type":"WebPage","@id":"https:\/\/turismo.benicassim.es\/va\/serveis\/serveis-essencials\/serveis-juridics\/","url":"https:\/\/turismo.benicassim.es\/va\/serveis\/serveis-essencials\/serveis-juridics\/","name":"Advocats, Serveis Jur\u00eddics i Assessoria Legal a Benic\u00e0ssim","isPartOf":{"@id":"https:\/\/turismo.benicassim.es\/va\/#website"},"datePublished":"2021-03-16T11:57:39+00:00","dateModified":"2022-12-05T09:54:00+00:00","description":"Tot sobre advocats, assessoria legal i assist\u00e8ncia jur\u00eddica a Benic\u00e0ssim. Des de Benic\u00e0ssim Turisme et suggerim llocs que et poden ajudar.","breadcrumb":{"@id":"https:\/\/turismo.benicassim.es\/va\/serveis\/serveis-essencials\/serveis-juridics\/#breadcrumb"},"inLanguage":"ca-CA","potentialAction":[{"@type":"ReadAction","target":["https:\/\/turismo.benicassim.es\/va\/serveis\/serveis-essencials\/serveis-juridics\/"]}]},{"@type":"BreadcrumbList","@id":"https:\/\/turismo.benicassim.es\/va\/serveis\/serveis-essencials\/serveis-juridics\/#breadcrumb","itemListElement":[{"@type":"ListItem","position":1,"name":"Inicio","item":"https:\/\/turismo.benicassim.es\/va\/"},{"@type":"ListItem","position":2,"name":"Serveis","item":"https:\/\/turismo.benicassim.es\/va\/serveis\/"},{"@type":"ListItem","position":3,"name":"Serveis essencials","item":"https:\/\/turismo.benicassim.es\/va\/serveis\/serveis-essencials\/"},{"@type":"ListItem","position":4,"name":"Serveis jur\u00eddics"}]},{"@type":"WebSite","@id":"https:\/\/turismo.benicassim.es\/va\/#website","url":"https:\/\/turismo.benicassim.es\/va\/","name":"Benic\u00e0ssim Turismo","description":"Web de informaci\u00f3n de Turismo en Benicasim","potentialAction":[{"@type":"SearchAction","target":{"@type":"EntryPoint","urlTemplate":"https:\/\/turismo.benicassim.es\/va\/?s={search_term_string}"},"query-input":{"@type":"PropertyValueSpecification","valueRequired":true,"valueName":"search_term_string"}}],"inLanguage":"ca-CA"}]}},"_links":{"self":[{"href":"https:\/\/turismo.benicassim.es\/va\/wp-json\/wp\/v2\/pages\/39680","targetHints":{"allow":["GET"]}}],"collection":[{"href":"https:\/\/turismo.benicassim.es\/va\/wp-json\/wp\/v2\/pages"}],"about":[{"href":"https:\/\/turismo.benicassim.es\/va\/wp-json\/wp\/v2\/types\/page"}],"author":[{"embeddable":true,"href":"https:\/\/turismo.benicassim.es\/va\/wp-json\/wp\/v2\/users\/1"}],"replies":[{"embeddable":true,"href":"https:\/\/turismo.benicassim.es\/va\/wp-json\/wp\/v2\/comments?post=39680"}],"version-history":[{"count":6,"href":"https:\/\/turismo.benicassim.es\/va\/wp-json\/wp\/v2\/pages\/39680\/revisions"}],"predecessor-version":[{"id":69073,"href":"https:\/\/turismo.benicassim.es\/va\/wp-json\/wp\/v2\/pages\/39680\/revisions\/69073"}],"up":[{"embeddable":true,"href":"https:\/\/turismo.benicassim.es\/va\/wp-json\/wp\/v2\/pages\/39726"}],"wp:attachment":[{"href":"https:\/\/turismo.benicassim.es\/va\/wp-json\/wp\/v2\/media?parent=39680"}],"curies":[{"name":"wp","href":"https:\/\/api.w.org\/{rel}","templated":true}]}}