{"id":39681,"date":"2021-03-16T12:00:51","date_gmt":"2021-03-16T12:00:51","guid":{"rendered":"http:\/\/bturismo.atic.green\/?page_id=39681"},"modified":"2022-12-13T11:46:01","modified_gmt":"2022-12-13T10:46:01","slug":"turisme-idiomatic","status":"publish","type":"page","link":"https:\/\/turismo.benicassim.es\/va\/serveis\/serveis-essencials\/turisme-idiomatic\/","title":{"rendered":"Turisme idiom\u00e0tic"},"content":{"rendered":"<p>[vc_row full_width=&#8221;stretch_row&#8221; el_class=&#8221;breadcrumb-container banner letra-montserrat&#8221;][vc_column]<div class=\"my-breadcrumb\" style=\"display:inline-block;\"><a href=\"https:\/\/turismo.benicassim.es\/va\/\" class=\"link-color-2\">Inici<\/a> \/ <span>Turisme idiom\u00e0tic<\/span><\/div>[\/vc_column][\/vc_row][vc_row full_width=&#8221;stretch_row_content_no_spaces&#8221; el_class=&#8221;banner_titulo&#8221; css=&#8221;.vc_custom_1614166815947{background-image: url(https:\/\/turismo.benicassim.es\/wp-content\/uploads\/2021\/02\/turismo_idiomatico-scaled.jpg?id=37796) !important;background-position: center !important;background-repeat: no-repeat !important;background-size: cover !important;}&#8221;][vc_column][vc_custom_heading text=&#8221;Turisme Idiom\u00e0tic&#8221; font_container=&#8221;tag:h1|font_size:40|text_align:center|color:%23ffffff&#8221; google_fonts=&#8221;font_family:Anton%3Aregular|font_style:400%20regular%3A400%3Anormal&#8221;][\/vc_column][\/vc_row][vc_row el_class=&#8221;bloque&#8221;][vc_column][vc_row_inner el_class=&#8221;row_servicios_esenciales&#8221;][vc_column_inner width=&#8221;1\/4&#8243;][vc_single_image image=&#8221;26681&#8243; img_size=&#8221;full&#8221; el_class=&#8221;imagen&#8221;][vc_custom_heading text=&#8221;Kilkenny. Centro de Ingl\u00e9s&#8221; font_container=&#8221;tag:h2|font_size:25|text_align:center|color:%2324e5e5&#8243; google_fonts=&#8221;font_family:Anton%3Aregular|font_style:400%20regular%3A400%3Anormal&#8221;][vc_column_text el_class=&#8221;info&#8221;]<strong>Direcci\u00f3<\/strong>: C\/ Leopoldo Querol, 33<br \/>\n<strong>Tel\u00e8fon<\/strong>: 964 30 23 05<br \/>\n<strong>Comentaris<\/strong>: Acad\u00e8mia d&#8217;angl\u00e9s[\/vc_column_text][\/vc_column_inner][vc_column_inner width=&#8221;1\/4&#8243;][vc_single_image image=&#8221;37609&#8243; img_size=&#8221;full&#8221; el_class=&#8221;imagen&#8221;][vc_custom_heading text=&#8221;Kumon Benic\u00e0ssim&#8221; font_container=&#8221;tag:h2|font_size:25|text_align:center|color:%2324e5e5&#8243; google_fonts=&#8221;font_family:Anton%3Aregular|font_style:400%20regular%3A400%3Anormal&#8221;][vc_column_text el_class=&#8221;info&#8221;]<strong>Direcci\u00f3<\/strong>: Guitarrista T\u00e1rrega, 20 Bajo<br \/>\n<strong>Tel\u00e8fon<\/strong>:<span class=\"texto-titulo\">\u00a0<\/span>652 912 291<br \/>\n<strong>Mail:<\/strong> <a href=\"mailto:kumonbenicassim@yahoo.es\">kumonbenicassim@yahoo.es<\/a><br \/>\n<strong>Comentaris<\/strong>: Centre de matem\u00e0tiques i lectura.[\/vc_column_text][\/vc_column_inner][vc_column_inner width=&#8221;1\/4&#8243;][vc_single_image image=&#8221;26677&#8243; img_size=&#8221;full&#8221; el_class=&#8221;imagen&#8221;][vc_custom_heading text=&#8221;Centro Educativo Mediterr\u00e1neo&#8221; font_container=&#8221;tag:h2|font_size:25|text_align:center|color:%2324e5e5&#8243; google_fonts=&#8221;font_family:Anton%3Aregular|font_style:400%20regular%3A400%3Anormal&#8221;][vc_column_text el_class=&#8221;info&#8221;]<strong>Direcci\u00f3<\/strong>: C\/ Juez Manuel Gual Miravet, 4<br \/>\n<strong>Tel\u00e8fon<\/strong>: 964 39 01 41 \/ 638 10 73 97<br \/>\n<strong>Mail: <\/strong><a href=\"mailto:info@cembenicassim.com\">info@cembenicassim.com<\/a><br \/>\n<strong>Web: <\/strong><a href=\"http:\/\/www.cembenicasim.com\/\" target=\"_blank\" rel=\"noopener noreferrer\">www.cembenicasim.com\/<\/a><br \/>\n<strong>Comentaris<\/strong>: Prim\u00e0ria, secund\u00e0ria, batxiller, selectivitat, acc\u00e9s a la universitat, idiomes, cursos de formaci\u00f3, espanyol per a estrangers, t\u00e8cniques d&#8217;estudi, gabinet de pedagogia i logop\u00e8dia.[\/vc_column_text][\/vc_column_inner][vc_column_inner width=&#8221;1\/4&#8243;][vc_single_image image=&#8221;26425&#8243; img_size=&#8221;full&#8221; el_class=&#8221;imagen&#8221;][vc_custom_heading text=&#8221;Academia Info Estudi&#8221; font_container=&#8221;tag:h2|font_size:25|text_align:center|color:%2324e5e5&#8243; google_fonts=&#8221;font_family:Anton%3Aregular|font_style:400%20regular%3A400%3Anormal&#8221;][vc_column_text el_class=&#8221;info&#8221;]<strong>Direcci\u00f3<\/strong>: C\/ Evian Les Bains, 19 bajo<br \/>\n<strong>Tel\u00e8fon<\/strong>: 653 942 747 \/ 670 701 005<br \/>\n<strong>Mail<\/strong>: <a href=\"mailto:info@infoestudi.com\">info@infoestudi.com<\/a><br \/>\n<strong>Comentaris<\/strong>: Prim\u00e0ria, ESO, Batxillerat, Proves acc\u00e9s, Idiomes&#8230;[\/vc_column_text][\/vc_column_inner][\/vc_row_inner][\/vc_column][\/vc_row]<\/p>\n","protected":false},"excerpt":{"rendered":"<p>[vc_row full_width=&#8221;stretch_row&#8221; el_class=&#8221;breadcrumb-container banner letra-montserrat&#8221;][vc_column][\/vc_column][\/vc_row][vc_row full_width=&#8221;stretch_row_content_no_spaces&#8221; el_class=&#8221;banner_titulo&#8221; css=&#8221;.vc_custom_1614166815947{background-image: url(https:\/\/turismo.benicassim.es\/wp-content\/uploads\/2021\/02\/turismo_idiomatico-scaled.jpg?id=37796) !important;background-position: center !important;background-repeat: no-repeat !important;background-size: cover !important;}&#8221;][vc_column][vc_custom_heading text=&#8221;Turisme Idiom\u00e0tic&#8221; font_container=&#8221;tag:h1|font_size:40|text_align:center|color:%23ffffff&#8221; google_fonts=&#8221;font_family:Anton%3Aregular|font_style:400%20regular%3A400%3Anormal&#8221;][\/vc_column][\/vc_row][vc_row el_class=&#8221;bloque&#8221;][vc_column][vc_row_inner el_class=&#8221;row_servicios_esenciales&#8221;][vc_column_inner width=&#8221;1\/4&#8243;][vc_single_image image=&#8221;26681&#8243; img_size=&#8221;full&#8221; el_class=&#8221;imagen&#8221;][vc_custom_heading text=&#8221;Kilkenny. Centro de Ingl\u00e9s&#8221; font_container=&#8221;tag:h2|font_size:25|text_align:center|color:%2324e5e5&#8243; google_fonts=&#8221;font_family:Anton%3Aregular|font_style:400%20regular%3A400%3Anormal&#8221;][vc_column_text el_class=&#8221;info&#8221;]Direcci\u00f3: C\/ Leopoldo Querol, 33 Tel\u00e8fon: 964 30 23 05 Comentaris: Acad\u00e8mia d&#8217;angl\u00e9s[\/vc_column_text][\/vc_column_inner][vc_column_inner width=&#8221;1\/4&#8243;][vc_single_image image=&#8221;37609&#8243; img_size=&#8221;full&#8221; el_class=&#8221;imagen&#8221;][vc_custom_heading text=&#8221;Kumon Benic\u00e0ssim&#8221; font_container=&#8221;tag:h2|font_size:25|text_align:center|color:%2324e5e5&#8243; google_fonts=&#8221;font_family:Anton%3Aregular|font_style:400%20regular%3A400%3Anormal&#8221;][vc_column_text el_class=&#8221;info&#8221;]Direcci\u00f3: Guitarrista [&hellip;]<\/p>\n","protected":false},"author":1,"featured_media":0,"parent":39726,"menu_order":0,"comment_status":"closed","ping_status":"closed","template":"","meta":{"_acf_changed":false,"footnotes":""},"class_list":["post-39681","page","type-page","status-publish","hentry"],"acf":[],"yoast_head":"<!-- This site is optimized with the Yoast SEO plugin v27.4 - https:\/\/yoast.com\/product\/yoast-seo-wordpress\/ -->\n<title>Turisme Idiom\u00e0tic en Benic\u00e0ssim - Benic\u00e0ssim Turisme<\/title>\n<meta name=\"description\" content=\"Et mostrem on pots trobar servicis per a practicar Turisme Idiom\u00e0tic en Benic\u00e0ssim. Apren idiomes a Benic\u00e0ssim\" \/>\n<meta name=\"robots\" content=\"index, follow, max-snippet:-1, max-image-preview:large, max-video-preview:-1\" \/>\n<link rel=\"canonical\" href=\"https:\/\/turismo.benicassim.es\/va\/serveis\/serveis-essencials\/turisme-idiomatic\/\" \/>\n<meta property=\"og:locale\" content=\"en_US\" \/>\n<meta property=\"og:type\" content=\"article\" \/>\n<meta property=\"og:title\" content=\"Turisme Idiom\u00e0tic en Benic\u00e0ssim - Benic\u00e0ssim Turisme\" \/>\n<meta property=\"og:description\" content=\"Et mostrem on pots trobar servicis per a practicar Turisme Idiom\u00e0tic en Benic\u00e0ssim. Apren idiomes a Benic\u00e0ssim\" \/>\n<meta property=\"og:url\" content=\"https:\/\/turismo.benicassim.es\/va\/serveis\/serveis-essencials\/turisme-idiomatic\/\" \/>\n<meta property=\"og:site_name\" content=\"Benic\u00e0ssim Turismo\" \/>\n<meta property=\"article:modified_time\" content=\"2022-12-13T10:46:01+00:00\" \/>\n<meta name=\"twitter:card\" content=\"summary_large_image\" \/>\n<meta name=\"twitter:label1\" content=\"Est. reading time\" \/>\n\t<meta name=\"twitter:data1\" content=\"1 minute\" \/>\n<script type=\"application\/ld+json\" class=\"yoast-schema-graph\">{\"@context\":\"https:\\\/\\\/schema.org\",\"@graph\":[{\"@type\":\"WebPage\",\"@id\":\"https:\\\/\\\/turismo.benicassim.es\\\/va\\\/serveis\\\/serveis-essencials\\\/turisme-idiomatic\\\/\",\"url\":\"https:\\\/\\\/turismo.benicassim.es\\\/va\\\/serveis\\\/serveis-essencials\\\/turisme-idiomatic\\\/\",\"name\":\"Turisme Idiom\u00e0tic en Benic\u00e0ssim - Benic\u00e0ssim Turisme\",\"isPartOf\":{\"@id\":\"https:\\\/\\\/turismo.benicassim.es\\\/va\\\/#website\"},\"datePublished\":\"2021-03-16T12:00:51+00:00\",\"dateModified\":\"2022-12-13T10:46:01+00:00\",\"description\":\"Et mostrem on pots trobar servicis per a practicar Turisme Idiom\u00e0tic en Benic\u00e0ssim. Apren idiomes a Benic\u00e0ssim\",\"breadcrumb\":{\"@id\":\"https:\\\/\\\/turismo.benicassim.es\\\/va\\\/serveis\\\/serveis-essencials\\\/turisme-idiomatic\\\/#breadcrumb\"},\"inLanguage\":\"ca-CA\",\"potentialAction\":[{\"@type\":\"ReadAction\",\"target\":[\"https:\\\/\\\/turismo.benicassim.es\\\/va\\\/serveis\\\/serveis-essencials\\\/turisme-idiomatic\\\/\"]}]},{\"@type\":\"BreadcrumbList\",\"@id\":\"https:\\\/\\\/turismo.benicassim.es\\\/va\\\/serveis\\\/serveis-essencials\\\/turisme-idiomatic\\\/#breadcrumb\",\"itemListElement\":[{\"@type\":\"ListItem\",\"position\":1,\"name\":\"Inicio\",\"item\":\"https:\\\/\\\/turismo.benicassim.es\\\/va\\\/\"},{\"@type\":\"ListItem\",\"position\":2,\"name\":\"Serveis\",\"item\":\"https:\\\/\\\/turismo.benicassim.es\\\/va\\\/serveis\\\/\"},{\"@type\":\"ListItem\",\"position\":3,\"name\":\"Serveis essencials\",\"item\":\"https:\\\/\\\/turismo.benicassim.es\\\/va\\\/serveis\\\/serveis-essencials\\\/\"},{\"@type\":\"ListItem\",\"position\":4,\"name\":\"Turisme idiom\u00e0tic\"}]},{\"@type\":\"WebSite\",\"@id\":\"https:\\\/\\\/turismo.benicassim.es\\\/va\\\/#website\",\"url\":\"https:\\\/\\\/turismo.benicassim.es\\\/va\\\/\",\"name\":\"Benic\u00e0ssim Turismo\",\"description\":\"Web de informaci\u00f3n de Turismo en Benicasim\",\"potentialAction\":[{\"@type\":\"SearchAction\",\"target\":{\"@type\":\"EntryPoint\",\"urlTemplate\":\"https:\\\/\\\/turismo.benicassim.es\\\/va\\\/?s={search_term_string}\"},\"query-input\":{\"@type\":\"PropertyValueSpecification\",\"valueRequired\":true,\"valueName\":\"search_term_string\"}}],\"inLanguage\":\"ca-CA\"}]}<\/script>\n<!-- \/ Yoast SEO plugin. -->","yoast_head_json":{"title":"Turisme Idiom\u00e0tic en Benic\u00e0ssim - Benic\u00e0ssim Turisme","description":"Et mostrem on pots trobar servicis per a practicar Turisme Idiom\u00e0tic en Benic\u00e0ssim. Apren idiomes a Benic\u00e0ssim","robots":{"index":"index","follow":"follow","max-snippet":"max-snippet:-1","max-image-preview":"max-image-preview:large","max-video-preview":"max-video-preview:-1"},"canonical":"https:\/\/turismo.benicassim.es\/va\/serveis\/serveis-essencials\/turisme-idiomatic\/","og_locale":"en_US","og_type":"article","og_title":"Turisme Idiom\u00e0tic en Benic\u00e0ssim - Benic\u00e0ssim Turisme","og_description":"Et mostrem on pots trobar servicis per a practicar Turisme Idiom\u00e0tic en Benic\u00e0ssim. Apren idiomes a Benic\u00e0ssim","og_url":"https:\/\/turismo.benicassim.es\/va\/serveis\/serveis-essencials\/turisme-idiomatic\/","og_site_name":"Benic\u00e0ssim Turismo","article_modified_time":"2022-12-13T10:46:01+00:00","twitter_card":"summary_large_image","twitter_misc":{"Est. reading time":"1 minute"},"schema":{"@context":"https:\/\/schema.org","@graph":[{"@type":"WebPage","@id":"https:\/\/turismo.benicassim.es\/va\/serveis\/serveis-essencials\/turisme-idiomatic\/","url":"https:\/\/turismo.benicassim.es\/va\/serveis\/serveis-essencials\/turisme-idiomatic\/","name":"Turisme Idiom\u00e0tic en Benic\u00e0ssim - Benic\u00e0ssim Turisme","isPartOf":{"@id":"https:\/\/turismo.benicassim.es\/va\/#website"},"datePublished":"2021-03-16T12:00:51+00:00","dateModified":"2022-12-13T10:46:01+00:00","description":"Et mostrem on pots trobar servicis per a practicar Turisme Idiom\u00e0tic en Benic\u00e0ssim. Apren idiomes a Benic\u00e0ssim","breadcrumb":{"@id":"https:\/\/turismo.benicassim.es\/va\/serveis\/serveis-essencials\/turisme-idiomatic\/#breadcrumb"},"inLanguage":"ca-CA","potentialAction":[{"@type":"ReadAction","target":["https:\/\/turismo.benicassim.es\/va\/serveis\/serveis-essencials\/turisme-idiomatic\/"]}]},{"@type":"BreadcrumbList","@id":"https:\/\/turismo.benicassim.es\/va\/serveis\/serveis-essencials\/turisme-idiomatic\/#breadcrumb","itemListElement":[{"@type":"ListItem","position":1,"name":"Inicio","item":"https:\/\/turismo.benicassim.es\/va\/"},{"@type":"ListItem","position":2,"name":"Serveis","item":"https:\/\/turismo.benicassim.es\/va\/serveis\/"},{"@type":"ListItem","position":3,"name":"Serveis essencials","item":"https:\/\/turismo.benicassim.es\/va\/serveis\/serveis-essencials\/"},{"@type":"ListItem","position":4,"name":"Turisme idiom\u00e0tic"}]},{"@type":"WebSite","@id":"https:\/\/turismo.benicassim.es\/va\/#website","url":"https:\/\/turismo.benicassim.es\/va\/","name":"Benic\u00e0ssim Turismo","description":"Web de informaci\u00f3n de Turismo en Benicasim","potentialAction":[{"@type":"SearchAction","target":{"@type":"EntryPoint","urlTemplate":"https:\/\/turismo.benicassim.es\/va\/?s={search_term_string}"},"query-input":{"@type":"PropertyValueSpecification","valueRequired":true,"valueName":"search_term_string"}}],"inLanguage":"ca-CA"}]}},"_links":{"self":[{"href":"https:\/\/turismo.benicassim.es\/va\/wp-json\/wp\/v2\/pages\/39681","targetHints":{"allow":["GET"]}}],"collection":[{"href":"https:\/\/turismo.benicassim.es\/va\/wp-json\/wp\/v2\/pages"}],"about":[{"href":"https:\/\/turismo.benicassim.es\/va\/wp-json\/wp\/v2\/types\/page"}],"author":[{"embeddable":true,"href":"https:\/\/turismo.benicassim.es\/va\/wp-json\/wp\/v2\/users\/1"}],"replies":[{"embeddable":true,"href":"https:\/\/turismo.benicassim.es\/va\/wp-json\/wp\/v2\/comments?post=39681"}],"version-history":[{"count":5,"href":"https:\/\/turismo.benicassim.es\/va\/wp-json\/wp\/v2\/pages\/39681\/revisions"}],"predecessor-version":[{"id":69129,"href":"https:\/\/turismo.benicassim.es\/va\/wp-json\/wp\/v2\/pages\/39681\/revisions\/69129"}],"up":[{"embeddable":true,"href":"https:\/\/turismo.benicassim.es\/va\/wp-json\/wp\/v2\/pages\/39726"}],"wp:attachment":[{"href":"https:\/\/turismo.benicassim.es\/va\/wp-json\/wp\/v2\/media?parent=39681"}],"curies":[{"name":"wp","href":"https:\/\/api.w.org\/{rel}","templated":true}]}}