{"id":39682,"date":"2021-03-16T12:10:09","date_gmt":"2021-03-16T12:10:09","guid":{"rendered":"http:\/\/bturismo.atic.green\/?page_id=39682"},"modified":"2024-04-24T16:19:59","modified_gmt":"2024-04-24T14:19:59","slug":"veterinaris","status":"publish","type":"page","link":"https:\/\/turismo.benicassim.es\/va\/serveis\/serveis-essencials\/veterinaris\/","title":{"rendered":"Veterinaris"},"content":{"rendered":"<p>[vc_row full_width=&#8221;stretch_row&#8221; el_class=&#8221;breadcrumb-container banner letra-montserrat&#8221;][vc_column]<div class=\"my-breadcrumb\" style=\"display:inline-block;\"><a href=\"https:\/\/turismo.benicassim.es\/va\/\" class=\"link-color-2\">Inici<\/a> \/ <span>Veterinaris<\/span><\/div>[\/vc_column][\/vc_row][vc_row full_width=&#8221;stretch_row_content_no_spaces&#8221; el_class=&#8221;banner_titulo&#8221; css=&#8221;.vc_custom_1613717849166{background-image: url(https:\/\/turismo.benicassim.es\/wp-content\/uploads\/2021\/02\/vet-scaled.jpg?id=37432) !important;background-position: center !important;background-repeat: no-repeat !important;background-size: cover !important;}&#8221;][vc_column][vc_custom_heading text=&#8221;Cl\u00edniques Veterin\u00e0ries en Benic\u00e0ssim&#8221; font_container=&#8221;tag:h1|font_size:40|text_align:center|color:%23ffffff&#8221; google_fonts=&#8221;font_family:Anton%3Aregular|font_style:400%20regular%3A400%3Anormal&#8221;][\/vc_column][\/vc_row][vc_row el_class=&#8221;bloque&#8221;][vc_column][vc_row_inner el_class=&#8221;row_servicios_esenciales&#8221;][vc_column_inner width=&#8221;1\/4&#8243;][vc_single_image image=&#8221;37434&#8243; img_size=&#8221;full&#8221; el_class=&#8221;imagen&#8221;][vc_custom_heading text=&#8221;Blazquez Cl\u00ednica Veterinaria&#8221; font_container=&#8221;tag:h2|font_size:25|text_align:center|color:%2324e5e5&#8243; google_fonts=&#8221;font_family:Anton%3Aregular|font_style:400%20regular%3A400%3Anormal&#8221;][vc_column_text el_class=&#8221;info&#8221;]<strong>Adre\u00e7a<\/strong>: C\/ Il\u00b7lustraci\u00f3, 2<br \/>\n<strong>Tel\u00e8fon<\/strong>: 964 30 05 08\/ URGENCIAS 609 779 197<br \/>\n<strong>Comentaris<\/strong>: Obert de dilluns a divendres de 10 a 13 i de 17 a 20. Dissabtes de 10:30 a 13:00.[\/vc_column_text][\/vc_column_inner][vc_column_inner width=&#8221;1\/4&#8243;][vc_single_image image=&#8221;37434&#8243; img_size=&#8221;full&#8221; el_class=&#8221;imagen&#8221;][vc_custom_heading text=&#8221;Cl\u00ednica Veterin\u00e0ria &#8220;Benivet&#8220;&#8221; font_container=&#8221;tag:h2|font_size:25|text_align:center|color:%2324e5e5&#8243; google_fonts=&#8221;font_family:Anton%3Aregular|font_style:400%20regular%3A400%3Anormal&#8221;][vc_column_text el_class=&#8221;info&#8221;]<strong>Adre\u00e7a<\/strong>: C\/ Alb\u00e9niz, 3 bajo<br \/>\n<strong>Tel\u00e8fon<\/strong>: 964 39 01 32<br \/>\n<strong>Mail:\u00a0<\/strong><a href=\"mailto:benivetcv@gmail.com\">benivetcv@gmail.com<\/a><br \/>\n<strong>Comentaris<\/strong>: Cl\u00ednica veterin\u00e0ria, Med. interna, Cirurgia, Vacunacions, Perruqueria canina i felina. Horari: de dilluns a divendres de 10.30 a 13:30 i de 17:00 a 20:30.[\/vc_column_text][\/vc_column_inner][vc_column_inner width=&#8221;1\/4&#8243;][vc_single_image image=&#8221;37434&#8243; img_size=&#8221;full&#8221; el_class=&#8221;imagen&#8221;][vc_custom_heading text=&#8221;Mar\u00eda Pardo Centr3 Veterin\u00e0ri&#8221; font_container=&#8221;tag:h2|font_size:25|text_align:center|color:%2324e5e5&#8243; google_fonts=&#8221;font_family:Anton%3Aregular|font_style:400%20regular%3A400%3Anormal&#8221;][vc_column_text el_class=&#8221;info&#8221;]<strong>Adre\u00e7a<\/strong>: C\/ Torre San Vicente, 20<br \/>\n<strong>Tel\u00e8fon<\/strong>: 964 91 40 42 \/ 645 04 29 15\u00a0 \u00a0 \u00a0 \u00a0 \u00a0 \u00a0 \u00a0 \u00a0 \u00a0 \u00a0 \u00a0 \u00a0 \u00a0 \u00a0 \u00a0 \u00a0 \u00a0 \u00a0 \u00a0 \u00a0 \u00a0 \u00a0 \u00a0 \u00a0 \u00a0 \u00a0 \u00a0 \u00a0 \u00a0 \u00a0 \u00a0 \u00a0 \u00a0 <strong>Comentaris<\/strong>: Centre vetenirani i perruqueria canina. Obert de dilluns a dissabte.[\/vc_column_text][\/vc_column_inner][vc_column_inner width=&#8221;1\/4&#8243;][vc_single_image image=&#8221;37434&#8243; img_size=&#8221;full&#8221; el_class=&#8221;imagen&#8221;][vc_custom_heading text=&#8221;Pet Center Veterin\u00e0ri&#8221; font_container=&#8221;tag:h2|font_size:25|text_align:center|color:%2324e5e5&#8243; google_fonts=&#8221;font_family:Anton%3Aregular|font_style:400%20regular%3A400%3Anormal&#8221;][vc_column_text el_class=&#8221;info&#8221;]<strong>Adre\u00e7a<\/strong>: C\/ Salinas de Santa Pola local local 2<br \/>\n<strong>Tel\u00e8fon:\u00a0 <\/strong>964 39 30 62 \/ 637 78 96<strong><br \/>\nComentaris: <\/strong>Veterinari, perruqueria canina i felina, alimentaci\u00f3 de mascotes, confort i higiene.[\/vc_column_text][\/vc_column_inner][\/vc_row_inner][\/vc_column][\/vc_row]<\/p>\n","protected":false},"excerpt":{"rendered":"<p>[vc_row full_width=&#8221;stretch_row&#8221; el_class=&#8221;breadcrumb-container banner letra-montserrat&#8221;][vc_column][\/vc_column][\/vc_row][vc_row full_width=&#8221;stretch_row_content_no_spaces&#8221; el_class=&#8221;banner_titulo&#8221; css=&#8221;.vc_custom_1613717849166{background-image: url(https:\/\/turismo.benicassim.es\/wp-content\/uploads\/2021\/02\/vet-scaled.jpg?id=37432) !important;background-position: center !important;background-repeat: no-repeat !important;background-size: cover !important;}&#8221;][vc_column][vc_custom_heading text=&#8221;Cl\u00edniques Veterin\u00e0ries en Benic\u00e0ssim&#8221; font_container=&#8221;tag:h1|font_size:40|text_align:center|color:%23ffffff&#8221; google_fonts=&#8221;font_family:Anton%3Aregular|font_style:400%20regular%3A400%3Anormal&#8221;][\/vc_column][\/vc_row][vc_row el_class=&#8221;bloque&#8221;][vc_column][vc_row_inner el_class=&#8221;row_servicios_esenciales&#8221;][vc_column_inner width=&#8221;1\/4&#8243;][vc_single_image image=&#8221;37434&#8243; img_size=&#8221;full&#8221; el_class=&#8221;imagen&#8221;][vc_custom_heading text=&#8221;Blazquez Cl\u00ednica Veterinaria&#8221; font_container=&#8221;tag:h2|font_size:25|text_align:center|color:%2324e5e5&#8243; google_fonts=&#8221;font_family:Anton%3Aregular|font_style:400%20regular%3A400%3Anormal&#8221;][vc_column_text el_class=&#8221;info&#8221;]Adre\u00e7a: C\/ Il\u00b7lustraci\u00f3, 2 Tel\u00e8fon: 964 30 05 08\/ URGENCIAS 609 779 197 Comentaris: Obert de dilluns a divendres de 10 a [&hellip;]<\/p>\n","protected":false},"author":1,"featured_media":0,"parent":39726,"menu_order":0,"comment_status":"closed","ping_status":"closed","template":"","meta":{"_acf_changed":false,"footnotes":""},"class_list":["post-39682","page","type-page","status-publish","hentry"],"acf":[],"yoast_head":"<!-- This site is optimized with the Yoast SEO plugin v27.1.1 - https:\/\/yoast.com\/product\/yoast-seo-wordpress\/ -->\n<title>Veterinaris en Benic\u00e0ssim - Benic\u00e0ssim Turisme<\/title>\n<meta name=\"description\" content=\"Et mostrem on pots trobar veterinaris a Benic\u00e0ssim, a prop teu, amb indicacions, descripcions de serveis i dades de contacte.\" \/>\n<meta name=\"robots\" content=\"index, follow, max-snippet:-1, max-image-preview:large, max-video-preview:-1\" \/>\n<link rel=\"canonical\" href=\"https:\/\/turismo.benicassim.es\/va\/serveis\/serveis-essencials\/veterinaris\/\" \/>\n<meta property=\"og:locale\" content=\"en_US\" \/>\n<meta property=\"og:type\" content=\"article\" \/>\n<meta property=\"og:title\" content=\"Veterinaris en Benic\u00e0ssim - Benic\u00e0ssim Turisme\" \/>\n<meta property=\"og:description\" content=\"Et mostrem on pots trobar veterinaris a Benic\u00e0ssim, a prop teu, amb indicacions, descripcions de serveis i dades de contacte.\" \/>\n<meta property=\"og:url\" content=\"https:\/\/turismo.benicassim.es\/va\/serveis\/serveis-essencials\/veterinaris\/\" \/>\n<meta property=\"og:site_name\" content=\"Benic\u00e0ssim Turismo\" \/>\n<meta property=\"article:modified_time\" content=\"2024-04-24T14:19:59+00:00\" \/>\n<meta name=\"twitter:card\" content=\"summary_large_image\" \/>\n<meta name=\"twitter:label1\" content=\"Est. reading time\" \/>\n\t<meta name=\"twitter:data1\" content=\"2 minutes\" \/>\n<script type=\"application\/ld+json\" class=\"yoast-schema-graph\">{\"@context\":\"https:\/\/schema.org\",\"@graph\":[{\"@type\":\"WebPage\",\"@id\":\"https:\/\/turismo.benicassim.es\/va\/serveis\/serveis-essencials\/veterinaris\/\",\"url\":\"https:\/\/turismo.benicassim.es\/va\/serveis\/serveis-essencials\/veterinaris\/\",\"name\":\"Veterinaris en Benic\u00e0ssim - Benic\u00e0ssim Turisme\",\"isPartOf\":{\"@id\":\"https:\/\/turismo.benicassim.es\/va\/#website\"},\"datePublished\":\"2021-03-16T12:10:09+00:00\",\"dateModified\":\"2024-04-24T14:19:59+00:00\",\"description\":\"Et mostrem on pots trobar veterinaris a Benic\u00e0ssim, a prop teu, amb indicacions, descripcions de serveis i dades de contacte.\",\"breadcrumb\":{\"@id\":\"https:\/\/turismo.benicassim.es\/va\/serveis\/serveis-essencials\/veterinaris\/#breadcrumb\"},\"inLanguage\":\"ca-CA\",\"potentialAction\":[{\"@type\":\"ReadAction\",\"target\":[\"https:\/\/turismo.benicassim.es\/va\/serveis\/serveis-essencials\/veterinaris\/\"]}]},{\"@type\":\"BreadcrumbList\",\"@id\":\"https:\/\/turismo.benicassim.es\/va\/serveis\/serveis-essencials\/veterinaris\/#breadcrumb\",\"itemListElement\":[{\"@type\":\"ListItem\",\"position\":1,\"name\":\"Inicio\",\"item\":\"https:\/\/turismo.benicassim.es\/va\/\"},{\"@type\":\"ListItem\",\"position\":2,\"name\":\"Serveis\",\"item\":\"https:\/\/turismo.benicassim.es\/va\/serveis\/\"},{\"@type\":\"ListItem\",\"position\":3,\"name\":\"Serveis essencials\",\"item\":\"https:\/\/turismo.benicassim.es\/va\/serveis\/serveis-essencials\/\"},{\"@type\":\"ListItem\",\"position\":4,\"name\":\"Veterinaris\"}]},{\"@type\":\"WebSite\",\"@id\":\"https:\/\/turismo.benicassim.es\/va\/#website\",\"url\":\"https:\/\/turismo.benicassim.es\/va\/\",\"name\":\"Benic\u00e0ssim Turismo\",\"description\":\"Web de informaci\u00f3n de Turismo en Benicasim\",\"potentialAction\":[{\"@type\":\"SearchAction\",\"target\":{\"@type\":\"EntryPoint\",\"urlTemplate\":\"https:\/\/turismo.benicassim.es\/va\/?s={search_term_string}\"},\"query-input\":{\"@type\":\"PropertyValueSpecification\",\"valueRequired\":true,\"valueName\":\"search_term_string\"}}],\"inLanguage\":\"ca-CA\"}]}<\/script>\n<!-- \/ Yoast SEO plugin. -->","yoast_head_json":{"title":"Veterinaris en Benic\u00e0ssim - Benic\u00e0ssim Turisme","description":"Et mostrem on pots trobar veterinaris a Benic\u00e0ssim, a prop teu, amb indicacions, descripcions de serveis i dades de contacte.","robots":{"index":"index","follow":"follow","max-snippet":"max-snippet:-1","max-image-preview":"max-image-preview:large","max-video-preview":"max-video-preview:-1"},"canonical":"https:\/\/turismo.benicassim.es\/va\/serveis\/serveis-essencials\/veterinaris\/","og_locale":"en_US","og_type":"article","og_title":"Veterinaris en Benic\u00e0ssim - Benic\u00e0ssim Turisme","og_description":"Et mostrem on pots trobar veterinaris a Benic\u00e0ssim, a prop teu, amb indicacions, descripcions de serveis i dades de contacte.","og_url":"https:\/\/turismo.benicassim.es\/va\/serveis\/serveis-essencials\/veterinaris\/","og_site_name":"Benic\u00e0ssim Turismo","article_modified_time":"2024-04-24T14:19:59+00:00","twitter_card":"summary_large_image","twitter_misc":{"Est. reading time":"2 minutes"},"schema":{"@context":"https:\/\/schema.org","@graph":[{"@type":"WebPage","@id":"https:\/\/turismo.benicassim.es\/va\/serveis\/serveis-essencials\/veterinaris\/","url":"https:\/\/turismo.benicassim.es\/va\/serveis\/serveis-essencials\/veterinaris\/","name":"Veterinaris en Benic\u00e0ssim - Benic\u00e0ssim Turisme","isPartOf":{"@id":"https:\/\/turismo.benicassim.es\/va\/#website"},"datePublished":"2021-03-16T12:10:09+00:00","dateModified":"2024-04-24T14:19:59+00:00","description":"Et mostrem on pots trobar veterinaris a Benic\u00e0ssim, a prop teu, amb indicacions, descripcions de serveis i dades de contacte.","breadcrumb":{"@id":"https:\/\/turismo.benicassim.es\/va\/serveis\/serveis-essencials\/veterinaris\/#breadcrumb"},"inLanguage":"ca-CA","potentialAction":[{"@type":"ReadAction","target":["https:\/\/turismo.benicassim.es\/va\/serveis\/serveis-essencials\/veterinaris\/"]}]},{"@type":"BreadcrumbList","@id":"https:\/\/turismo.benicassim.es\/va\/serveis\/serveis-essencials\/veterinaris\/#breadcrumb","itemListElement":[{"@type":"ListItem","position":1,"name":"Inicio","item":"https:\/\/turismo.benicassim.es\/va\/"},{"@type":"ListItem","position":2,"name":"Serveis","item":"https:\/\/turismo.benicassim.es\/va\/serveis\/"},{"@type":"ListItem","position":3,"name":"Serveis essencials","item":"https:\/\/turismo.benicassim.es\/va\/serveis\/serveis-essencials\/"},{"@type":"ListItem","position":4,"name":"Veterinaris"}]},{"@type":"WebSite","@id":"https:\/\/turismo.benicassim.es\/va\/#website","url":"https:\/\/turismo.benicassim.es\/va\/","name":"Benic\u00e0ssim Turismo","description":"Web de informaci\u00f3n de Turismo en Benicasim","potentialAction":[{"@type":"SearchAction","target":{"@type":"EntryPoint","urlTemplate":"https:\/\/turismo.benicassim.es\/va\/?s={search_term_string}"},"query-input":{"@type":"PropertyValueSpecification","valueRequired":true,"valueName":"search_term_string"}}],"inLanguage":"ca-CA"}]}},"_links":{"self":[{"href":"https:\/\/turismo.benicassim.es\/va\/wp-json\/wp\/v2\/pages\/39682","targetHints":{"allow":["GET"]}}],"collection":[{"href":"https:\/\/turismo.benicassim.es\/va\/wp-json\/wp\/v2\/pages"}],"about":[{"href":"https:\/\/turismo.benicassim.es\/va\/wp-json\/wp\/v2\/types\/page"}],"author":[{"embeddable":true,"href":"https:\/\/turismo.benicassim.es\/va\/wp-json\/wp\/v2\/users\/1"}],"replies":[{"embeddable":true,"href":"https:\/\/turismo.benicassim.es\/va\/wp-json\/wp\/v2\/comments?post=39682"}],"version-history":[{"count":16,"href":"https:\/\/turismo.benicassim.es\/va\/wp-json\/wp\/v2\/pages\/39682\/revisions"}],"predecessor-version":[{"id":75728,"href":"https:\/\/turismo.benicassim.es\/va\/wp-json\/wp\/v2\/pages\/39682\/revisions\/75728"}],"up":[{"embeddable":true,"href":"https:\/\/turismo.benicassim.es\/va\/wp-json\/wp\/v2\/pages\/39726"}],"wp:attachment":[{"href":"https:\/\/turismo.benicassim.es\/va\/wp-json\/wp\/v2\/media?parent=39682"}],"curies":[{"name":"wp","href":"https:\/\/api.w.org\/{rel}","templated":true}]}}