{"id":39726,"date":"2021-03-16T12:15:34","date_gmt":"2021-03-16T12:15:34","guid":{"rendered":"http:\/\/bturismo.atic.green\/?page_id=39726"},"modified":"2023-04-14T09:23:34","modified_gmt":"2023-04-14T07:23:34","slug":"serveis-essencials","status":"publish","type":"page","link":"https:\/\/turismo.benicassim.es\/va\/serveis\/serveis-essencials\/","title":{"rendered":"Serveis essencials"},"content":{"rendered":"<p>[vc_row full_width=&#8221;stretch_row&#8221; el_class=&#8221;breadcrumb-container banner letra-montserrat&#8221;][vc_column]<div class=\"my-breadcrumb\" style=\"display:inline-block;\"><a href=\"https:\/\/turismo.benicassim.es\/va\/\" class=\"link-color-2\">Inici<\/a> \/ <span>Serveis essencials<\/span><\/div>[\/vc_column][\/vc_row][vc_row full_width=&#8221;stretch_row_content_no_spaces&#8221; disable_element=&#8221;yes&#8221; css=&#8221;.vc_custom_1613716612176{background-image: url(https:\/\/turismo.benicassim.es\/wp-content\/uploads\/2021\/02\/ensenciales.jpg?id=37421) !important;background-position: center !important;background-repeat: no-repeat !important;background-size: cover !important;}&#8221; el_class=&#8221;banner_titulo&#8221;][vc_column][vc_column_text el_class=&#8221;titulo&#8221;]<\/p>\n<h1 style=\"text-align: center;\">Servicios esenciales<\/h1>\n<p>[\/vc_column_text][\/vc_column][\/vc_row][vc_row full_width=&#8221;stretch_row&#8221; el_class=&#8221;enlaces_home bloque servicios_esenciales_menu&#8221;][vc_column el_class=&#8221;contenido&#8221;][vc_custom_heading text=&#8221;Serveis en Benic\u00e0ssim&#8221; font_container=&#8221;tag:h1|font_size:40|text_align:left&#8221; google_fonts=&#8221;font_family:Anton%3Aregular|font_style:400%20regular%3A400%3Anormal&#8221; css=&#8221;.vc_custom_1669980326764{padding-bottom: 40px !important;}&#8221;][vc_row_inner equal_height=&#8221;yes&#8221; el_class=&#8221;row_enlaces&#8221;][vc_column_inner el_class=&#8221;boton-turismo&#8221; width=&#8221;1\/4&#8243; css=&#8221;.vc_custom_1613717286130{background-color: #b89a22 !important;}&#8221;][vc_raw_html el_class=&#8221;cuadrado&#8221;]JTNDYSUyMGhyZWYlM0QlMjIlMkZ2YSUyRnZldGVyaW5hcmlzJTJGJTIyJTNFJTBBJTNDc3BhbiUzRSUzQ2ltZyUyMHNyYyUzRCUyMiUyRndwLWNvbnRlbnQlMkZ1cGxvYWRzJTJGMjAyMSUyRjAyJTJGMS5zdmclMjIlM0UlM0MlMkZzcGFuJTNFJTBBJTNDaDIlM0VWZXRlcmluYXJpcyUzQyUyRmgyJTNFJTBBJTNDJTJGYSUzRQ==[\/vc_raw_html][\/vc_column_inner][vc_column_inner el_class=&#8221;boton-turismo letra-monserrat&#8221; width=&#8221;1\/4&#8243; css=&#8221;.vc_custom_1613717297955{background-color: #c18fec !important;}&#8221;][vc_raw_html el_class=&#8221;cuadrado&#8221;]JTNDYSUyMGhyZWYlM0QlMjIlMkZ2YSUyRnNlcnZlaXMtanVyaWRpY3MlMkYlMjIlMjAlM0UlMEElM0NzcGFuJTNFJTNDaW1nJTIwc3JjJTNEJTIyJTJGd3AtY29udGVudCUyRnVwbG9hZHMlMkYyMDIxJTJGMDIlMkYyLnN2ZyUyMiUzRSUzQyUyRnNwYW4lM0UlMEElM0NoMiUzRVNlcnZlaXMlMjBqdXIlQzMlQURkaWNzJTNDJTJGaDIlM0UlMEElM0MlMkZhJTNF[\/vc_raw_html][\/vc_column_inner][vc_column_inner el_class=&#8221;boton-turismo letra-monserrat&#8221; width=&#8221;1\/4&#8243; css=&#8221;.vc_custom_1613372751548{background-color: #29bab8 !important;}&#8221;][vc_raw_html el_class=&#8221;cuadrado&#8221;]JTNDYSUyMGhyZWYlM0QlMjIlMkZ2YSUyRmZhcm1hY2llcyUyRiUyMiUyMCUzRSUwQSUzQ3NwYW4lM0UlM0NpbWclMjBzcmMlM0QlMjIlMkZ3cC1jb250ZW50JTJGdXBsb2FkcyUyRjIwMjElMkYwMiUyRjMuc3ZnJTIyJTNFJTNDJTJGc3BhbiUzRSUwQSUzQ2gyJTNFRmFybSVDMyVBMGNpZXMlM0MlMkZoMiUzRSUwQSUzQyUyRmElM0U=[\/vc_raw_html][\/vc_column_inner][vc_column_inner el_class=&#8221;boton-turismo letra-monserrat&#8221; width=&#8221;1\/4&#8243; css=&#8221;.vc_custom_1607600015893{background-color: #2889be !important;}&#8221;][vc_raw_html el_class=&#8221;cuadrado&#8221;]JTNDYSUyMGhyZWYlM0QlMjIlMkZ2YSUyRmNsaW5pcXVlcy1zYWx1dCUyRiUyMiUyMCUzRSUwQSUzQ3NwYW4lM0UlM0NpbWclMjBzcmMlM0QlMjIlMkZ3cC1jb250ZW50JTJGdXBsb2FkcyUyRjIwMjElMkYwMiUyRjQuc3ZnJTIyJTNFJTNDJTJGc3BhbiUzRSUwQSUzQ2gyJTNFQ2wlQzMlQURuaXF1ZXMlMjBTYWx1dCUzQyUyRmgyJTNFJTBBJTNDJTJGYSUzRQ==[\/vc_raw_html][\/vc_column_inner][\/vc_row_inner][vc_row_inner equal_height=&#8221;yes&#8221; el_class=&#8221;row_enlaces&#8221;][vc_column_inner el_class=&#8221;boton-turismo&#8221; width=&#8221;1\/4&#8243; css=&#8221;.vc_custom_1613717370682{background-color: #d34904 !important;}&#8221;][vc_raw_html el_class=&#8221;cuadrado&#8221;]JTNDYSUyMGhyZWYlM0QlMjIlMkZ2YSUyRmNlbnRyZXMtbWVkaWNzJTJGJTIyJTIwJTNFJTBBJTNDc3BhbiUzRSUzQ2ltZyUyMHNyYyUzRCUyMiUyRndwLWNvbnRlbnQlMkZ1cGxvYWRzJTJGMjAyMSUyRjAyJTJGNS5zdmclMjIlM0UlM0MlMkZzcGFuJTNFJTBBJTNDaDIlM0VDZW50cmVzJTIwbSVDMyVBOGRpY3MlM0MlMkZoMiUzRSUwQSUzQyUyRmElM0U=[\/vc_raw_html][\/vc_column_inner][vc_column_inner el_class=&#8221;boton-turismo letra-monserrat&#8221; width=&#8221;1\/4&#8243; css=&#8221;.vc_custom_1613717382793{background-color: #1696e0 !important;}&#8221;][vc_raw_html el_class=&#8221;cuadrado&#8221;]JTNDYSUyMGhyZWYlM0QlMjIlMkZ2YSUyRmJhbmNzJTJGJTIyJTIwJTNFJTBBJTNDc3BhbiUzRSUzQ2ltZyUyMHNyYyUzRCUyMiUyRndwLWNvbnRlbnQlMkZ1cGxvYWRzJTJGMjAyMSUyRjAyJTJGNi5zdmclMjIlM0UlM0MlMkZzcGFuJTNFJTBBJTNDaDIlM0VCYW5jcyUzQyUyRmgyJTNFJTBBJTNDJTJGYSUzRQ==[\/vc_raw_html][\/vc_column_inner][vc_column_inner el_class=&#8221;boton-turismo letra-monserrat&#8221; width=&#8221;1\/4&#8243; css=&#8221;.vc_custom_1613717393290{background-color: #f9005b !important;}&#8221;][vc_raw_html el_class=&#8221;cuadrado&#8221;]JTNDYSUyMGhyZWYlM0QlMjIlMkZ2YSUyRnR1cmlzbWUtaWRpb21hdGljJTJGJTIyJTIwJTNFJTBBJTNDc3BhbiUzRSUzQ2ltZyUyMHNyYyUzRCUyMiUyRndwLWNvbnRlbnQlMkZ1cGxvYWRzJTJGMjAyMSUyRjAyJTJGNy5zdmclMjIlM0UlM0MlMkZzcGFuJTNFJTBBJTNDaDIlM0VUdXJpc21lJTIwaWRpb20lQzMlQTB0aWMlM0MlMkZoMiUzRSUwQSUzQyUyRmElM0U=[\/vc_raw_html][\/vc_column_inner][vc_column_inner el_class=&#8221;boton-turismo letra-monserrat&#8221; width=&#8221;1\/4&#8243; css=&#8221;.vc_custom_1613717404835{background-color: #017250 !important;}&#8221;][vc_raw_html el_class=&#8221;cuadrado&#8221;]JTNDYSUyMGhyZWYlM0QlMjIlMkZ2YSUyRmFnZW5jaWVzLWRlLXZpYXRnZXMlMkYlMjIlMjAlM0UlMEElM0NzcGFuJTNFJTNDaW1nJTIwc3JjJTNEJTIyJTJGd3AtY29udGVudCUyRnVwbG9hZHMlMkYyMDIxJTJGMDIlMkY4LnN2ZyUyMiUzRSUzQyUyRnNwYW4lM0UlMEElM0NoMiUzRUFnZW5jaWVzJTIwZGUlMjBWaWF0Z2VzJTNDJTJGaDIlM0UlMEElM0MlMkZhJTNF[\/vc_raw_html][\/vc_column_inner][\/vc_row_inner][vc_row_inner equal_height=&#8221;yes&#8221; el_class=&#8221;row_enlaces&#8221;][vc_column_inner el_class=&#8221;boton-turismo&#8221; width=&#8221;1\/4&#8243; css=&#8221;.vc_custom_1613717310538{background-color: #1eb87f !important;}&#8221;][vc_raw_html el_class=&#8221;cuadrado&#8221;]JTNDYSUyMGhyZWYlM0QlMjIlMkZ2YSUyRnB1YnMlMkYlMjIlMjAlM0UlMEElM0NzcGFuJTNFJTNDaW1nJTIwc3JjJTNEJTIyJTJGd3AtY29udGVudCUyRnVwbG9hZHMlMkYyMDIxJTJGMDIlMkY5LnN2ZyUyMiUzRSUzQyUyRnNwYW4lM0UlMEElM0NoMiUzRVB1YnMlM0MlMkZoMiUzRSUwQSUzQyUyRmElM0U=[\/vc_raw_html][\/vc_column_inner][vc_column_inner el_class=&#8221;boton-turismo letra-monserrat&#8221; width=&#8221;1\/4&#8243; css=&#8221;.vc_custom_1613717320835{background-color: #ea9096 !important;}&#8221;][vc_raw_html el_class=&#8221;cuadrado&#8221;]JTNDYSUyMGhyZWYlM0QlMjIlMkZ2YSUyRmNlbnRyZXMtZGUtY3VsdGUlMkYlMjIlMjAlM0UlMEElM0NzcGFuJTNFJTNDaW1nJTIwc3JjJTNEJTIyJTJGd3AtY29udGVudCUyRnVwbG9hZHMlMkYyMDIyJTJGMDIlMkZpZ2xlc2lhLnBuZyUyMiUzRSUzQyUyRnNwYW4lM0UlMEElM0NoMiUzRUNlbnRyZXMlMjBkZSUyMGN1bHRlJTNDJTJGaDIlM0UlMEElM0MlMkZhJTNF[\/vc_raw_html][\/vc_column_inner][vc_column_inner el_class=&#8221;boton-turismo letra-monserrat&#8221; width=&#8221;1\/4&#8243; css=&#8221;.vc_custom_1613717332403{background-color: #a3ba15 !important;}&#8221;][vc_raw_html el_class=&#8221;cuadrado&#8221;]JTNDYSUyMGhyZWYlM0QlMjIlMkZ2YSUyRmltbW9iaWxpYXJpZXMlMkYlMjIlMjAlM0UlMEElM0NzcGFuJTNFJTNDaW1nJTIwc3JjJTNEJTIyJTJGd3AtY29udGVudCUyRnVwbG9hZHMlMkYyMDIxJTJGMDIlMkYxMS5zdmclMjIlM0UlM0MlMkZzcGFuJTNFJTBBJTNDaDIlM0VJbW1vYmlsaSVDMyVBMHJpZXMlM0MlMkZoMiUzRSUwQSUzQyUyRmElM0U=[\/vc_raw_html][\/vc_column_inner][vc_column_inner el_class=&#8221;boton-turismo letra-monserrat&#8221; width=&#8221;1\/4&#8243; css=&#8221;.vc_custom_1613717350242{background-color: #ebbf1b !important;}&#8221;][\/vc_column_inner][\/vc_row_inner][\/vc_column][\/vc_row][vc_row disable_element=&#8221;yes&#8221; el_class=&#8221;contacto_page_bottom&#8221;][vc_column width=&#8221;1\/3&#8243;][vc_raw_html css=&#8221;.vc_custom_1613045777131{background-color: #cc9018 !important;background-position: center !important;background-repeat: no-repeat !important;background-size: cover !important;}&#8221;]JTNDYSUyMGhyZWYlM0QlMjIlMkZhbG9qYW1pZW50b3MlMkYlMjIlM0UlMEElM0NkaXYlMjBjbGFzcyUzRCUyMmludGVyZXNfY29udGFjdG8lMjIlM0UlMEElM0NwJTIwY2xhc3MlM0QlMjJ0aXR1bG8lMjIlM0VBbG9qYW1pZW50b3MlM0MlMkZwJTNFJTBBJTNDJTJGZGl2JTNFJTBBJTNDJTJGYSUzRQ==[\/vc_raw_html][vc_empty_space height=&#8221;20px&#8221;][vc_raw_html css=&#8221;.vc_custom_1613045652355{background-color: rgba(87,160,27,0.92) !important;background-position: center !important;background-repeat: no-repeat !important;background-size: cover !important;*background-color: rgb(87,160,27) !important;}&#8221;]JTNDYSUyMGhyZWYlM0QlMjIlMkZsdWdhcmVzJTJGY2xpbmljYXMlMkYlMjIlM0UlMEElM0NkaXYlMjBjbGFzcyUzRCUyMmludGVyZXNfY29udGFjdG8lMjIlM0UlMEElM0NwJTIwY2xhc3MlM0QlMjJ0aXR1bG8lMjIlM0VDbGluaWNhcyUyMC0lMjBTYWx1ZCUzQyUyRnAlM0UlMEElM0MlMkZkaXYlM0UlMEElM0MlMkZhJTNF[\/vc_raw_html][vc_empty_space height=&#8221;20px&#8221;][vc_raw_html css=&#8221;.vc_custom_1613046659897{background-color: rgba(27,140,163,0.92) !important;background-position: center !important;background-repeat: no-repeat !important;background-size: cover !important;*background-color: rgb(27,140,163) !important;}&#8221;]JTNDYSUyMGhyZWYlM0QlMjIlMjMlMjIlM0UlMEElM0NkaXYlMjBjbGFzcyUzRCUyMmludGVyZXNfY29udGFjdG8lMjIlM0UlMEElM0NwJTIwY2xhc3MlM0QlMjJ0aXR1bG8lMjIlM0VBbHF1aWxlciUyMGRlJTIwdmVoJUMzJUFEY3Vsb3MlM0MlMkZwJTNFJTBBJTNDJTJGZGl2JTNFJTBBJTNDJTJGYSUzRQ==[\/vc_raw_html][\/vc_column][vc_column width=&#8221;1\/3&#8243;][vc_raw_html css=&#8221;.vc_custom_1613045728897{background-color: #1a66b2 !important;background-position: center !important;background-repeat: no-repeat !important;background-size: cover !important;}&#8221;]JTNDYSUyMGhyZWYlM0QlMjIlMkZsdWdhcmVzJTJGYmFuY29zJTJGJTIyJTNFJTBBJTNDZGl2JTIwY2xhc3MlM0QlMjJpbnRlcmVzX2NvbnRhY3RvJTIyJTNFJTBBJTNDcCUyMGNsYXNzJTNEJTIydGl0dWxvJTIyJTNFQmFuY29zJTNDJTJGcCUzRSUwQSUzQyUyRmRpdiUzRSUwQSUzQyUyRmElM0U=[\/vc_raw_html][vc_empty_space height=&#8221;20px&#8221;][vc_raw_html css=&#8221;.vc_custom_1613045667553{background-color: rgba(87,160,27,0.92) !important;background-position: center !important;background-repeat: no-repeat !important;background-size: cover !important;*background-color: rgb(87,160,27) !important;}&#8221;]JTNDYSUyMGhyZWYlM0QlMjIlMkZsdWdhcmVzJTJGdmV0ZXJpbmFyaWFzJTJGJTIyJTNFJTBBJTNDZGl2JTIwY2xhc3MlM0QlMjJpbnRlcmVzX2NvbnRhY3RvJTIyJTNFJTBBJTNDcCUyMGNsYXNzJTNEJTIydGl0dWxvJTIyJTNFVmV0ZXJpbmFyaW9zJTNDJTJGcCUzRSUwQSUzQyUyRmRpdiUzRSUwQSUzQyUyRmElM0U=[\/vc_raw_html][vc_empty_space height=&#8221;20px&#8221;][vc_raw_html css=&#8221;.vc_custom_1613046384057{background-color: rgba(163,156,21,0.92) !important;background-position: center !important;background-repeat: no-repeat !important;background-size: cover !important;*background-color: rgb(163,156,21) !important;}&#8221;]JTNDYSUyMGhyZWYlM0QlMjIlMkZsdWdhcmVzJTJGc2VydmljaW9zLWp1cmlkaWNvcyUyRiUyMiUzRSUwQSUzQ2RpdiUyMGNsYXNzJTNEJTIyaW50ZXJlc19jb250YWN0byUyMiUzRSUwQSUzQ3AlMjBjbGFzcyUzRCUyMnRpdHVsbyUyMiUzRVNlcnZpY2lvcyUyMGp1ciVDMyVBRGRpY29zJTNDJTJGcCUzRSUwQSUzQyUyRmRpdiUzRSUwQSUzQyUyRmElM0U=[\/vc_raw_html][\/vc_column][vc_column width=&#8221;1\/3&#8243;][vc_raw_html css=&#8221;.vc_custom_1613045642348{background-color: rgba(87,160,27,0.92) !important;background-position: center !important;background-repeat: no-repeat !important;background-size: cover !important;*background-color: rgb(87,160,27) !important;}&#8221;]JTNDYSUyMGhyZWYlM0QlMjIlMkZsdWdhcmVzJTJGY2VudHJvcy1tZWRpY29zJTJGJTIyJTNFJTBBJTNDZGl2JTIwY2xhc3MlM0QlMjJpbnRlcmVzX2NvbnRhY3RvJTIyJTNFJTBBJTNDcCUyMGNsYXNzJTNEJTIydGl0dWxvJTIyJTNFQ2VudHJvcyUyME0lQzMlQTlkaWNvcyUzQyUyRnAlM0UlMEElM0MlMkZkaXYlM0UlMEElM0MlMkZhJTNF[\/vc_raw_html][vc_empty_space height=&#8221;20px&#8221;][vc_raw_html css=&#8221;.vc_custom_1613045680113{background-color: rgba(87,160,27,0.92) !important;background-position: center !important;background-repeat: no-repeat !important;background-size: cover !important;*background-color: rgb(87,160,27) !important;}&#8221;]JTNDYSUyMGhyZWYlM0QlMjIlMkZsdWdhcmVzJTJGZmFybWFjaWFzJTJGJTIyJTNFJTBBJTNDZGl2JTIwY2xhc3MlM0QlMjJpbnRlcmVzX2NvbnRhY3RvJTIyJTNFJTBBJTNDcCUyMGNsYXNzJTNEJTIydGl0dWxvJTIyJTNFRmFybWFjaWFzJTNDJTJGcCUzRSUwQSUzQyUyRmRpdiUzRSUwQSUzQyUyRmElM0U=[\/vc_raw_html][vc_empty_space height=&#8221;20px&#8221;][vc_raw_html css=&#8221;.vc_custom_1613046395349{background-color: rgba(97,23,158,0.92) !important;background-position: center !important;background-repeat: no-repeat !important;background-size: cover !important;*background-color: rgb(97,23,158) !important;}&#8221;]JTNDYSUyMGhyZWYlM0QlMjIlMkZsdWdhcmVzJTJGaW5tb2JpbGlhcmlhcyUyRiUyMiUzRSUwQSUzQ2RpdiUyMGNsYXNzJTNEJTIyaW50ZXJlc19jb250YWN0byUyMiUzRSUwQSUzQ3AlMjBjbGFzcyUzRCUyMnRpdHVsbyUyMiUzRUlubW9iaWxpYXJpYXMlM0MlMkZwJTNFJTBBJTNDJTJGZGl2JTNFJTBBJTNDJTJGYSUzRQ==[\/vc_raw_html][\/vc_column][\/vc_row]<\/p>\n","protected":false},"excerpt":{"rendered":"<p>[vc_row full_width=&#8221;stretch_row&#8221; el_class=&#8221;breadcrumb-container banner letra-montserrat&#8221;][vc_column][\/vc_column][\/vc_row][vc_row full_width=&#8221;stretch_row_content_no_spaces&#8221; disable_element=&#8221;yes&#8221; css=&#8221;.vc_custom_1613716612176{background-image: url(https:\/\/turismo.benicassim.es\/wp-content\/uploads\/2021\/02\/ensenciales.jpg?id=37421) !important;background-position: center !important;background-repeat: no-repeat !important;background-size: cover !important;}&#8221; el_class=&#8221;banner_titulo&#8221;][vc_column][vc_column_text el_class=&#8221;titulo&#8221;] Servicios esenciales [\/vc_column_text][\/vc_column][\/vc_row][vc_row full_width=&#8221;stretch_row&#8221; el_class=&#8221;enlaces_home bloque servicios_esenciales_menu&#8221;][vc_column el_class=&#8221;contenido&#8221;][vc_custom_heading text=&#8221;Serveis en Benic\u00e0ssim&#8221; font_container=&#8221;tag:h1|font_size:40|text_align:left&#8221; google_fonts=&#8221;font_family:Anton%3Aregular|font_style:400%20regular%3A400%3Anormal&#8221; css=&#8221;.vc_custom_1669980326764{padding-bottom: 40px !important;}&#8221;][vc_row_inner equal_height=&#8221;yes&#8221; el_class=&#8221;row_enlaces&#8221;][vc_column_inner el_class=&#8221;boton-turismo&#8221; width=&#8221;1\/4&#8243; css=&#8221;.vc_custom_1613717286130{background-color: #b89a22 !important;}&#8221;][vc_raw_html el_class=&#8221;cuadrado&#8221;]JTNDYSUyMGhyZWYlM0QlMjIlMkZ2YSUyRnZldGVyaW5hcmlzJTJGJTIyJTNFJTBBJTNDc3BhbiUzRSUzQ2ltZyUyMHNyYyUzRCUyMiUyRndwLWNvbnRlbnQlMkZ1cGxvYWRzJTJGMjAyMSUyRjAyJTJGMS5zdmclMjIlM0UlM0MlMkZzcGFuJTNFJTBBJTNDaDIlM0VWZXRlcmluYXJpcyUzQyUyRmgyJTNFJTBBJTNDJTJGYSUzRQ==[\/vc_raw_html][\/vc_column_inner][vc_column_inner el_class=&#8221;boton-turismo letra-monserrat&#8221; width=&#8221;1\/4&#8243; css=&#8221;.vc_custom_1613717297955{background-color: #c18fec !important;}&#8221;][vc_raw_html el_class=&#8221;cuadrado&#8221;]JTNDYSUyMGhyZWYlM0QlMjIlMkZ2YSUyRnNlcnZlaXMtanVyaWRpY3MlMkYlMjIlMjAlM0UlMEElM0NzcGFuJTNFJTNDaW1nJTIwc3JjJTNEJTIyJTJGd3AtY29udGVudCUyRnVwbG9hZHMlMkYyMDIxJTJGMDIlMkYyLnN2ZyUyMiUzRSUzQyUyRnNwYW4lM0UlMEElM0NoMiUzRVNlcnZlaXMlMjBqdXIlQzMlQURkaWNzJTNDJTJGaDIlM0UlMEElM0MlMkZhJTNF[\/vc_raw_html][\/vc_column_inner][vc_column_inner el_class=&#8221;boton-turismo letra-monserrat&#8221; width=&#8221;1\/4&#8243; css=&#8221;.vc_custom_1613372751548{background-color: #29bab8 !important;}&#8221;][vc_raw_html [&hellip;]<\/p>\n","protected":false},"author":1,"featured_media":0,"parent":39731,"menu_order":0,"comment_status":"closed","ping_status":"closed","template":"","meta":{"_acf_changed":false,"footnotes":""},"class_list":["post-39726","page","type-page","status-publish","hentry"],"acf":[],"yoast_head":"<!-- This site is optimized with the Yoast SEO plugin v27.1.1 - https:\/\/yoast.com\/product\/yoast-seo-wordpress\/ -->\n<title>Serveis a Benicassim - Tot el que necessites saber<\/title>\n<meta name=\"description\" content=\"Troba ac\u00ed on es troben els principals llocs de serveis b\u00e0sics com ara bancs, farm\u00e0cies, centres de salut, etc.\" \/>\n<meta name=\"robots\" content=\"index, follow, max-snippet:-1, max-image-preview:large, max-video-preview:-1\" \/>\n<link rel=\"canonical\" href=\"https:\/\/turismo.benicassim.es\/va\/serveis\/serveis-essencials\/\" \/>\n<meta property=\"og:locale\" content=\"en_US\" \/>\n<meta property=\"og:type\" content=\"article\" \/>\n<meta property=\"og:title\" content=\"Serveis a Benicassim - Tot el que necessites saber\" \/>\n<meta property=\"og:description\" content=\"Troba ac\u00ed on es troben els principals llocs de serveis b\u00e0sics com ara bancs, farm\u00e0cies, centres de salut, etc.\" \/>\n<meta property=\"og:url\" content=\"https:\/\/turismo.benicassim.es\/va\/serveis\/serveis-essencials\/\" \/>\n<meta property=\"og:site_name\" content=\"Benic\u00e0ssim Turismo\" \/>\n<meta property=\"article:modified_time\" content=\"2023-04-14T07:23:34+00:00\" \/>\n<meta name=\"twitter:card\" content=\"summary_large_image\" \/>\n<meta name=\"twitter:label1\" content=\"Est. reading time\" \/>\n\t<meta name=\"twitter:data1\" content=\"2 minutes\" \/>\n<script type=\"application\/ld+json\" class=\"yoast-schema-graph\">{\"@context\":\"https:\/\/schema.org\",\"@graph\":[{\"@type\":\"WebPage\",\"@id\":\"https:\/\/turismo.benicassim.es\/va\/serveis\/serveis-essencials\/\",\"url\":\"https:\/\/turismo.benicassim.es\/va\/serveis\/serveis-essencials\/\",\"name\":\"Serveis a Benicassim - Tot el que necessites saber\",\"isPartOf\":{\"@id\":\"https:\/\/turismo.benicassim.es\/va\/#website\"},\"datePublished\":\"2021-03-16T12:15:34+00:00\",\"dateModified\":\"2023-04-14T07:23:34+00:00\",\"description\":\"Troba ac\u00ed on es troben els principals llocs de serveis b\u00e0sics com ara bancs, farm\u00e0cies, centres de salut, etc.\",\"breadcrumb\":{\"@id\":\"https:\/\/turismo.benicassim.es\/va\/serveis\/serveis-essencials\/#breadcrumb\"},\"inLanguage\":\"ca-CA\",\"potentialAction\":[{\"@type\":\"ReadAction\",\"target\":[\"https:\/\/turismo.benicassim.es\/va\/serveis\/serveis-essencials\/\"]}]},{\"@type\":\"BreadcrumbList\",\"@id\":\"https:\/\/turismo.benicassim.es\/va\/serveis\/serveis-essencials\/#breadcrumb\",\"itemListElement\":[{\"@type\":\"ListItem\",\"position\":1,\"name\":\"Inicio\",\"item\":\"https:\/\/turismo.benicassim.es\/va\/\"},{\"@type\":\"ListItem\",\"position\":2,\"name\":\"Serveis\",\"item\":\"https:\/\/turismo.benicassim.es\/va\/serveis\/\"},{\"@type\":\"ListItem\",\"position\":3,\"name\":\"Serveis essencials\"}]},{\"@type\":\"WebSite\",\"@id\":\"https:\/\/turismo.benicassim.es\/va\/#website\",\"url\":\"https:\/\/turismo.benicassim.es\/va\/\",\"name\":\"Benic\u00e0ssim Turismo\",\"description\":\"Web de informaci\u00f3n de Turismo en Benicasim\",\"potentialAction\":[{\"@type\":\"SearchAction\",\"target\":{\"@type\":\"EntryPoint\",\"urlTemplate\":\"https:\/\/turismo.benicassim.es\/va\/?s={search_term_string}\"},\"query-input\":{\"@type\":\"PropertyValueSpecification\",\"valueRequired\":true,\"valueName\":\"search_term_string\"}}],\"inLanguage\":\"ca-CA\"}]}<\/script>\n<!-- \/ Yoast SEO plugin. -->","yoast_head_json":{"title":"Serveis a Benicassim - Tot el que necessites saber","description":"Troba ac\u00ed on es troben els principals llocs de serveis b\u00e0sics com ara bancs, farm\u00e0cies, centres de salut, etc.","robots":{"index":"index","follow":"follow","max-snippet":"max-snippet:-1","max-image-preview":"max-image-preview:large","max-video-preview":"max-video-preview:-1"},"canonical":"https:\/\/turismo.benicassim.es\/va\/serveis\/serveis-essencials\/","og_locale":"en_US","og_type":"article","og_title":"Serveis a Benicassim - Tot el que necessites saber","og_description":"Troba ac\u00ed on es troben els principals llocs de serveis b\u00e0sics com ara bancs, farm\u00e0cies, centres de salut, etc.","og_url":"https:\/\/turismo.benicassim.es\/va\/serveis\/serveis-essencials\/","og_site_name":"Benic\u00e0ssim Turismo","article_modified_time":"2023-04-14T07:23:34+00:00","twitter_card":"summary_large_image","twitter_misc":{"Est. reading time":"2 minutes"},"schema":{"@context":"https:\/\/schema.org","@graph":[{"@type":"WebPage","@id":"https:\/\/turismo.benicassim.es\/va\/serveis\/serveis-essencials\/","url":"https:\/\/turismo.benicassim.es\/va\/serveis\/serveis-essencials\/","name":"Serveis a Benicassim - Tot el que necessites saber","isPartOf":{"@id":"https:\/\/turismo.benicassim.es\/va\/#website"},"datePublished":"2021-03-16T12:15:34+00:00","dateModified":"2023-04-14T07:23:34+00:00","description":"Troba ac\u00ed on es troben els principals llocs de serveis b\u00e0sics com ara bancs, farm\u00e0cies, centres de salut, etc.","breadcrumb":{"@id":"https:\/\/turismo.benicassim.es\/va\/serveis\/serveis-essencials\/#breadcrumb"},"inLanguage":"ca-CA","potentialAction":[{"@type":"ReadAction","target":["https:\/\/turismo.benicassim.es\/va\/serveis\/serveis-essencials\/"]}]},{"@type":"BreadcrumbList","@id":"https:\/\/turismo.benicassim.es\/va\/serveis\/serveis-essencials\/#breadcrumb","itemListElement":[{"@type":"ListItem","position":1,"name":"Inicio","item":"https:\/\/turismo.benicassim.es\/va\/"},{"@type":"ListItem","position":2,"name":"Serveis","item":"https:\/\/turismo.benicassim.es\/va\/serveis\/"},{"@type":"ListItem","position":3,"name":"Serveis essencials"}]},{"@type":"WebSite","@id":"https:\/\/turismo.benicassim.es\/va\/#website","url":"https:\/\/turismo.benicassim.es\/va\/","name":"Benic\u00e0ssim Turismo","description":"Web de informaci\u00f3n de Turismo en Benicasim","potentialAction":[{"@type":"SearchAction","target":{"@type":"EntryPoint","urlTemplate":"https:\/\/turismo.benicassim.es\/va\/?s={search_term_string}"},"query-input":{"@type":"PropertyValueSpecification","valueRequired":true,"valueName":"search_term_string"}}],"inLanguage":"ca-CA"}]}},"_links":{"self":[{"href":"https:\/\/turismo.benicassim.es\/va\/wp-json\/wp\/v2\/pages\/39726","targetHints":{"allow":["GET"]}}],"collection":[{"href":"https:\/\/turismo.benicassim.es\/va\/wp-json\/wp\/v2\/pages"}],"about":[{"href":"https:\/\/turismo.benicassim.es\/va\/wp-json\/wp\/v2\/types\/page"}],"author":[{"embeddable":true,"href":"https:\/\/turismo.benicassim.es\/va\/wp-json\/wp\/v2\/users\/1"}],"replies":[{"embeddable":true,"href":"https:\/\/turismo.benicassim.es\/va\/wp-json\/wp\/v2\/comments?post=39726"}],"version-history":[{"count":10,"href":"https:\/\/turismo.benicassim.es\/va\/wp-json\/wp\/v2\/pages\/39726\/revisions"}],"predecessor-version":[{"id":70441,"href":"https:\/\/turismo.benicassim.es\/va\/wp-json\/wp\/v2\/pages\/39726\/revisions\/70441"}],"up":[{"embeddable":true,"href":"https:\/\/turismo.benicassim.es\/va\/wp-json\/wp\/v2\/pages\/39731"}],"wp:attachment":[{"href":"https:\/\/turismo.benicassim.es\/va\/wp-json\/wp\/v2\/media?parent=39726"}],"curies":[{"name":"wp","href":"https:\/\/api.w.org\/{rel}","templated":true}]}}