{"id":42560,"date":"2021-05-04T09:45:56","date_gmt":"2021-05-04T09:45:56","guid":{"rendered":"http:\/\/bturismo.atic.green\/?page_id=42560"},"modified":"2023-03-08T14:17:41","modified_gmt":"2023-03-08T13:17:41","slug":"cultura","status":"publish","type":"page","link":"https:\/\/turismo.benicassim.es\/va\/cultura\/","title":{"rendered":"Espais culturals"},"content":{"rendered":"<p>[vc_row full_width=&#8221;stretch_row&#8221; el_class=&#8221;breadcrumb-container banner letra-montserrat&#8221;][vc_column]<div class=\"my-breadcrumb\" style=\"display:inline-block;\"><a href=\"https:\/\/turismo.benicassim.es\/va\/\" class=\"link-color-2\">Inici<\/a> \/ <span>Espais culturals<\/span><\/div>[\/vc_column][\/vc_row][vc_row full_width=&#8221;stretch_row_content_no_spaces&#8221; el_class=&#8221;banner_titulo&#8221; css=&#8221;.vc_custom_1620382343616{background-image: url(https:\/\/turismo.benicassim.es\/wp-content\/uploads\/2021\/05\/Villa-Ana-cortado-1.jpeg?id=42747) !important;}&#8221;][vc_column][vc_column_text el_class=&#8221;titulo&#8221;]<\/p>\n<h1 style=\"text-align: center;\">Espais culturals<\/h1>\n<p>[\/vc_column_text][vc_column_text el_class=&#8221;letra-montserrat&#8221;]<\/p>\n<h4 style=\"text-align: center;\"><span style=\"color: #ffffff;\">Coneix la riquesa cultural de Benic\u00e0ssim en primera persona.<br \/>\nOrganitza el teu viatge per a visitar alguns dels seg\u00fcents llocs&#8230;<\/span><\/h4>\n<p>[\/vc_column_text][\/vc_column][\/vc_row][vc_row][vc_column][vc_empty_space height=&#8221;60px&#8221;][vc_row_inner el_class=\"row_actividades\"][vc_column_inner width=\"1\/3\"]<a href=\"https:\/\/turismo.benicassim.es\/va\/lugar\/teatro-municipal\/\"><div class=\"tarjeta_formato_imagen\"><div class=\"imagen_container\"><div class=\"imagen_tarjeta\" style=\"background-image:url(https:\/\/turismo.benicassim.es\/wp-content\/uploads\/2021\/02\/teatrebenicassim-1-scaled.jpg)\"><p class=\"titulo_tarjeta\">Teatre Municipal Francesc T\u00e0rrega<\/p><\/div><\/div><\/div><\/a>[\/vc_column_inner][vc_column_inner width=\"1\/3\"]<a href=\"https:\/\/turismo.benicassim.es\/va\/lugar\/biblioteca-municipal\/\"><div class=\"tarjeta_formato_imagen\"><div class=\"imagen_container\"><div class=\"imagen_tarjeta\" style=\"background-image:url(https:\/\/turismo.benicassim.es\/wp-content\/uploads\/2021\/05\/biblioteca_municipal-1-scaled.jpg)\"><p class=\"titulo_tarjeta\">Biblioteca P\u00fablica Municipal Francisco P\u00e9rez Bayer<\/p><\/div><\/div><\/div><\/a>[\/vc_column_inner][vc_column_inner width=\"1\/3\"]<a href=\"https:\/\/turismo.benicassim.es\/va\/lugar\/espai-de-la-musica-mestre-vila\/\"><div class=\"tarjeta_formato_imagen\"><div class=\"imagen_container\"><div class=\"imagen_tarjeta\" style=\"background-image:url(https:\/\/turismo.benicassim.es\/wp-content\/uploads\/2021\/02\/thumbnailsenvgray.jpg)\"><p class=\"titulo_tarjeta\">Espai de la M\u00fasica Mestre Vila<\/p><\/div><\/div><\/div><\/a>[\/vc_column_inner][\/vc_row_inner][vc_row_inner el_class=\"row_actividades\"][vc_column_inner width=\"1\/3\"]<a href=\"https:\/\/turismo.benicassim.es\/va\/lugar\/casal-jove\/\"><div class=\"tarjeta_formato_imagen\"><div class=\"imagen_container\"><div class=\"imagen_tarjeta\" style=\"background-image:url(https:\/\/turismo.benicassim.es\/wp-content\/uploads\/2021\/02\/Casal_Jove_2.jpg)\"><p class=\"titulo_tarjeta\">Casal Jove<\/p><\/div><\/div><\/div><\/a>[\/vc_column_inner][vc_column_inner width=\"1\/3\"]<a href=\"https:\/\/turismo.benicassim.es\/va\/lugar\/centre-cultural-melchor-zapata\/\"><div class=\"tarjeta_formato_imagen\"><div class=\"imagen_container\"><div class=\"imagen_tarjeta\" style=\"background-image:url(https:\/\/turismo.benicassim.es\/wp-content\/uploads\/2021\/02\/Centre-Cultural-Melchor-Zapata36.jpg)\"><p class=\"titulo_tarjeta\">Centre Cultural Melchor Zapata<\/p><\/div><\/div><\/div><\/a>[\/vc_column_inner][vc_column_inner width=\"1\/3\"]<a href=\"https:\/\/turismo.benicassim.es\/va\/lugar\/sala-dexposicions-escena\/\"><div class=\"tarjeta_formato_imagen\"><div class=\"imagen_container\"><div class=\"imagen_tarjeta\" style=\"background-image:url(https:\/\/turismo.benicassim.es\/wp-content\/uploads\/2022\/06\/escena.png)\"><p class=\"titulo_tarjeta\">Sala d'Exposicions Escena.<\/p><\/div><\/div><\/div><\/a>[\/vc_column_inner][\/vc_row_inner][vc_row_inner el_class=\"row_actividades\"][vc_column_inner width=\"1\/3\"]<a href=\"https:\/\/turismo.benicassim.es\/va\/lugar\/espai-cultural-de-la-mar-villa-ana\/\"><div class=\"tarjeta_formato_imagen\"><div class=\"imagen_container\"><div class=\"imagen_tarjeta\" style=\"background-image:url(https:\/\/turismo.benicassim.es\/wp-content\/uploads\/2021\/02\/Villa-Ana1.jpeg)\"><p class=\"titulo_tarjeta\">Espai Cultural de la Mar \"Villa Ana\"<\/p><\/div><\/div><\/div><\/a>[\/vc_column_inner][vc_column_inner width=\"1\/3\"]<a href=\"https:\/\/turismo.benicassim.es\/va\/lugar\/biblioteca-del-mar-y-bebeteca\/\"><div class=\"tarjeta_formato_imagen\"><div class=\"imagen_container\"><div class=\"imagen_tarjeta\" style=\"background-image:url(https:\/\/turismo.benicassim.es\/wp-content\/uploads\/2021\/03\/biblioteca-mar.jpg)\"><p class=\"titulo_tarjeta\">Biblioteca de la Mar i Bebeteca<\/p><\/div><\/div><\/div><\/a>[\/vc_column_inner][\/vc_row_inner][vc_empty_space height=&#8221;50px&#8221;][\/vc_column][\/vc_row]<\/p>\n","protected":false},"excerpt":{"rendered":"<p>[vc_row full_width=&#8221;stretch_row&#8221; el_class=&#8221;breadcrumb-container banner letra-montserrat&#8221;][vc_column][\/vc_column][\/vc_row][vc_row full_width=&#8221;stretch_row_content_no_spaces&#8221; el_class=&#8221;banner_titulo&#8221; css=&#8221;.vc_custom_1620382343616{background-image: url(https:\/\/turismo.benicassim.es\/wp-content\/uploads\/2021\/05\/Villa-Ana-cortado-1.jpeg?id=42747) !important;}&#8221;][vc_column][vc_column_text el_class=&#8221;titulo&#8221;] Espais culturals [\/vc_column_text][vc_column_text el_class=&#8221;letra-montserrat&#8221;] Coneix la riquesa cultural de Benic\u00e0ssim en primera persona. Organitza el teu viatge per a visitar alguns dels seg\u00fcents llocs&#8230; [\/vc_column_text][\/vc_column][\/vc_row][vc_row][vc_column][vc_empty_space height=&#8221;60px&#8221;][vc_empty_space height=&#8221;50px&#8221;][\/vc_column][\/vc_row]<\/p>\n","protected":false},"author":1,"featured_media":0,"parent":0,"menu_order":0,"comment_status":"closed","ping_status":"closed","template":"","meta":{"_acf_changed":false,"footnotes":""},"class_list":["post-42560","page","type-page","status-publish","hentry"],"acf":[],"yoast_head":"<!-- This site is optimized with the Yoast SEO plugin v27.4 - https:\/\/yoast.com\/product\/yoast-seo-wordpress\/ -->\n<title>Oferta Cultural de Benic\u00e0ssim - Benic\u00e0ssim Turisme<\/title>\n<meta name=\"description\" content=\"Coneix la riquesa de l&#039;oferta cultural de Benic\u00e0ssim, coneix tots els llocs que pots visitar si desitges con\u00e9ixer la cultura del lloc.\" \/>\n<meta name=\"robots\" content=\"index, follow, max-snippet:-1, max-image-preview:large, max-video-preview:-1\" \/>\n<link rel=\"canonical\" href=\"https:\/\/turismo.benicassim.es\/va\/cultura\/\" \/>\n<meta property=\"og:locale\" content=\"en_US\" \/>\n<meta property=\"og:type\" content=\"article\" \/>\n<meta property=\"og:title\" content=\"Oferta Cultural de Benic\u00e0ssim - Benic\u00e0ssim Turisme\" \/>\n<meta property=\"og:description\" content=\"Coneix la riquesa de l&#039;oferta cultural de Benic\u00e0ssim, coneix tots els llocs que pots visitar si desitges con\u00e9ixer la cultura del lloc.\" \/>\n<meta property=\"og:url\" content=\"https:\/\/turismo.benicassim.es\/va\/cultura\/\" \/>\n<meta property=\"og:site_name\" content=\"Benic\u00e0ssim Turismo\" \/>\n<meta property=\"article:modified_time\" content=\"2023-03-08T13:17:41+00:00\" \/>\n<meta name=\"twitter:card\" content=\"summary_large_image\" \/>\n<meta name=\"twitter:label1\" content=\"Est. reading time\" \/>\n\t<meta name=\"twitter:data1\" content=\"1 minute\" \/>\n<script type=\"application\/ld+json\" class=\"yoast-schema-graph\">{\"@context\":\"https:\\\/\\\/schema.org\",\"@graph\":[{\"@type\":\"WebPage\",\"@id\":\"https:\\\/\\\/turismo.benicassim.es\\\/va\\\/cultura\\\/\",\"url\":\"https:\\\/\\\/turismo.benicassim.es\\\/va\\\/cultura\\\/\",\"name\":\"Oferta Cultural de Benic\u00e0ssim - Benic\u00e0ssim Turisme\",\"isPartOf\":{\"@id\":\"https:\\\/\\\/turismo.benicassim.es\\\/va\\\/#website\"},\"datePublished\":\"2021-05-04T09:45:56+00:00\",\"dateModified\":\"2023-03-08T13:17:41+00:00\",\"description\":\"Coneix la riquesa de l'oferta cultural de Benic\u00e0ssim, coneix tots els llocs que pots visitar si desitges con\u00e9ixer la cultura del lloc.\",\"breadcrumb\":{\"@id\":\"https:\\\/\\\/turismo.benicassim.es\\\/va\\\/cultura\\\/#breadcrumb\"},\"inLanguage\":\"ca-CA\",\"potentialAction\":[{\"@type\":\"ReadAction\",\"target\":[\"https:\\\/\\\/turismo.benicassim.es\\\/va\\\/cultura\\\/\"]}]},{\"@type\":\"BreadcrumbList\",\"@id\":\"https:\\\/\\\/turismo.benicassim.es\\\/va\\\/cultura\\\/#breadcrumb\",\"itemListElement\":[{\"@type\":\"ListItem\",\"position\":1,\"name\":\"Inicio\",\"item\":\"https:\\\/\\\/turismo.benicassim.es\\\/va\\\/\"},{\"@type\":\"ListItem\",\"position\":2,\"name\":\"Espais culturals\"}]},{\"@type\":\"WebSite\",\"@id\":\"https:\\\/\\\/turismo.benicassim.es\\\/va\\\/#website\",\"url\":\"https:\\\/\\\/turismo.benicassim.es\\\/va\\\/\",\"name\":\"Benic\u00e0ssim Turismo\",\"description\":\"Web de informaci\u00f3n de Turismo en Benicasim\",\"potentialAction\":[{\"@type\":\"SearchAction\",\"target\":{\"@type\":\"EntryPoint\",\"urlTemplate\":\"https:\\\/\\\/turismo.benicassim.es\\\/va\\\/?s={search_term_string}\"},\"query-input\":{\"@type\":\"PropertyValueSpecification\",\"valueRequired\":true,\"valueName\":\"search_term_string\"}}],\"inLanguage\":\"ca-CA\"}]}<\/script>\n<!-- \/ Yoast SEO plugin. -->","yoast_head_json":{"title":"Oferta Cultural de Benic\u00e0ssim - Benic\u00e0ssim Turisme","description":"Coneix la riquesa de l'oferta cultural de Benic\u00e0ssim, coneix tots els llocs que pots visitar si desitges con\u00e9ixer la cultura del lloc.","robots":{"index":"index","follow":"follow","max-snippet":"max-snippet:-1","max-image-preview":"max-image-preview:large","max-video-preview":"max-video-preview:-1"},"canonical":"https:\/\/turismo.benicassim.es\/va\/cultura\/","og_locale":"en_US","og_type":"article","og_title":"Oferta Cultural de Benic\u00e0ssim - Benic\u00e0ssim Turisme","og_description":"Coneix la riquesa de l'oferta cultural de Benic\u00e0ssim, coneix tots els llocs que pots visitar si desitges con\u00e9ixer la cultura del lloc.","og_url":"https:\/\/turismo.benicassim.es\/va\/cultura\/","og_site_name":"Benic\u00e0ssim Turismo","article_modified_time":"2023-03-08T13:17:41+00:00","twitter_card":"summary_large_image","twitter_misc":{"Est. reading time":"1 minute"},"schema":{"@context":"https:\/\/schema.org","@graph":[{"@type":"WebPage","@id":"https:\/\/turismo.benicassim.es\/va\/cultura\/","url":"https:\/\/turismo.benicassim.es\/va\/cultura\/","name":"Oferta Cultural de Benic\u00e0ssim - Benic\u00e0ssim Turisme","isPartOf":{"@id":"https:\/\/turismo.benicassim.es\/va\/#website"},"datePublished":"2021-05-04T09:45:56+00:00","dateModified":"2023-03-08T13:17:41+00:00","description":"Coneix la riquesa de l'oferta cultural de Benic\u00e0ssim, coneix tots els llocs que pots visitar si desitges con\u00e9ixer la cultura del lloc.","breadcrumb":{"@id":"https:\/\/turismo.benicassim.es\/va\/cultura\/#breadcrumb"},"inLanguage":"ca-CA","potentialAction":[{"@type":"ReadAction","target":["https:\/\/turismo.benicassim.es\/va\/cultura\/"]}]},{"@type":"BreadcrumbList","@id":"https:\/\/turismo.benicassim.es\/va\/cultura\/#breadcrumb","itemListElement":[{"@type":"ListItem","position":1,"name":"Inicio","item":"https:\/\/turismo.benicassim.es\/va\/"},{"@type":"ListItem","position":2,"name":"Espais culturals"}]},{"@type":"WebSite","@id":"https:\/\/turismo.benicassim.es\/va\/#website","url":"https:\/\/turismo.benicassim.es\/va\/","name":"Benic\u00e0ssim Turismo","description":"Web de informaci\u00f3n de Turismo en Benicasim","potentialAction":[{"@type":"SearchAction","target":{"@type":"EntryPoint","urlTemplate":"https:\/\/turismo.benicassim.es\/va\/?s={search_term_string}"},"query-input":{"@type":"PropertyValueSpecification","valueRequired":true,"valueName":"search_term_string"}}],"inLanguage":"ca-CA"}]}},"_links":{"self":[{"href":"https:\/\/turismo.benicassim.es\/va\/wp-json\/wp\/v2\/pages\/42560","targetHints":{"allow":["GET"]}}],"collection":[{"href":"https:\/\/turismo.benicassim.es\/va\/wp-json\/wp\/v2\/pages"}],"about":[{"href":"https:\/\/turismo.benicassim.es\/va\/wp-json\/wp\/v2\/types\/page"}],"author":[{"embeddable":true,"href":"https:\/\/turismo.benicassim.es\/va\/wp-json\/wp\/v2\/users\/1"}],"replies":[{"embeddable":true,"href":"https:\/\/turismo.benicassim.es\/va\/wp-json\/wp\/v2\/comments?post=42560"}],"version-history":[{"count":7,"href":"https:\/\/turismo.benicassim.es\/va\/wp-json\/wp\/v2\/pages\/42560\/revisions"}],"predecessor-version":[{"id":70011,"href":"https:\/\/turismo.benicassim.es\/va\/wp-json\/wp\/v2\/pages\/42560\/revisions\/70011"}],"wp:attachment":[{"href":"https:\/\/turismo.benicassim.es\/va\/wp-json\/wp\/v2\/media?parent=42560"}],"curies":[{"name":"wp","href":"https:\/\/api.w.org\/{rel}","templated":true}]}}