{"id":44086,"date":"2021-02-05T09:20:49","date_gmt":"2021-02-05T09:20:49","guid":{"rendered":"http:\/\/bturismo.atic.green\/el-tiempo\/"},"modified":"2022-11-22T12:37:59","modified_gmt":"2022-11-22T11:37:59","slug":"el-tiempo","status":"publish","type":"page","link":"https:\/\/turismo.benicassim.es\/va\/el-tiempo\/","title":{"rendered":"El tiempo"},"content":{"rendered":"<p>[vc_row el_class=&#8221;contenido&#8221;][vc_column][vc_column_text el_class=&#8221;titulo letra-antonio&#8221;]<\/p>\n<h1 style=\"text-align: center;\">El temps a Benic\u00e0ssim<\/h1>\n<p>[\/vc_column_text][vc_column_text el_class=&#8221;letra-montserrat&#8221;]<\/p>\n<p style=\"text-align: center;\" align=\"justify\">Consulta ac\u00ed el Temps a Benic\u00e0ssim<\/p>\n<p>[\/vc_column_text][vc_empty_space height=&#8221;50px&#8221;][\/vc_column][\/vc_row][vc_row][vc_column][vc_row_inner el_class=\"letra-montserrat\"][vc_column width=\"2\/5\"][vc_images_carousel images=\"38650, 38668, 38840, 38992, 38812, 38653,38626\" img_size=\"450x250\" onclick=\"link_no\" mode=\"vertical\" autoplay=\"yes\" hide_pagination_control=\"yes\" hide_prev_next_buttons=\"yes\" wrap=\"yes\"][\/vc_column][vc_column width=\"1\/5\"][vc_single_image source=\"external_link\" external_img_size=\"150x150\" alignment=\"center\" custom_src=\"\/wp-content\/themes\/bturismo-child\/images\/weather-icon\/50-stratuscumulus.svg\"][\/vc_column][vc_column width=\"2\/5\"][vc_column_text el_class=\"temperatura\"]Temperatura:<br>18.8 \u00baC[\/vc_column_text][vc_column_inner][\/vc_column][\/vc_row_inner][vc_row_inner el_class=\"info_temperatura\"]\r\n            <p><img loading=\"lazy\" decoding=\"async\" src=\"\/wp-content\/themes\/bturismo-child\/images\/weather-icon\/baja-temperatura.svg\" alt=\"Temperatura baja\" class=\"temp\" width=\"20\" height=\"20\">Temperatura m\u00ednima: 18.8 \u00baC<\/p>\r\n                         <p><img loading=\"lazy\" decoding=\"async\" src=\"\/wp-content\/themes\/bturismo-child\/images\/weather-icon\/alta-temperatura.svg\" alt=\"Temperatura alta\" class=\"temp\" width=\"20\" height=\"20\">Temperatura m\u00e1xima: 18.8 \u00baC<\/p>\r\n                         <p><img loading=\"lazy\" decoding=\"async\" src=\"\/wp-content\/themes\/bturismo-child\/images\/weather-icon\/gotas.svg\" alt=\"Humedad\" class=\"temp\" width=\"20\" height=\"20\">Humedad: 46 %<\/p>\r\n                         <p><img loading=\"lazy\" decoding=\"async\" src=\"\/wp-content\/themes\/bturismo-child\/images\/weather-icon\/manga-de-viento.svg\" alt=\"Viento\" class=\"temp\" width=\"20\" height=\"20\">Viento: 2.78 m\/s<\/p>\r\n            [\/vc_row_inner][vc_empty_space height=&#8221;90px&#8221;][\/vc_column][\/vc_row][vc_row disable_element=&#8221;yes&#8221;][vc_column][vc_column_text]<\/p>\n<div id=\"c_ff39e673cc7dff0b814d34aa91692e93\" class=\"completo\"><\/div>\n<p><script type=\"text\/javascript\" \/src=\"https:\/\/turismo.benicassim.es\/wp-content\/uploads\/2021\/02\/ff39e673cc7dff0b814d34aa91692e93\"\/><\/script>[\/vc_column_text][\/vc_column][\/vc_row]<\/p>\n","protected":false},"excerpt":{"rendered":"<p>[vc_row el_class=&#8221;contenido&#8221;][vc_column][vc_column_text el_class=&#8221;titulo letra-antonio&#8221;] El temps a Benic\u00e0ssim [\/vc_column_text][vc_column_text el_class=&#8221;letra-montserrat&#8221;] Consulta ac\u00ed el Temps a Benic\u00e0ssim [\/vc_column_text][vc_empty_space height=&#8221;50px&#8221;][\/vc_column][\/vc_row][vc_row][vc_column][vc_empty_space height=&#8221;90px&#8221;][\/vc_column][\/vc_row][vc_row disable_element=&#8221;yes&#8221;][vc_column][vc_column_text] [\/vc_column_text][\/vc_column][\/vc_row]<\/p>\n","protected":false},"author":2,"featured_media":0,"parent":0,"menu_order":0,"comment_status":"closed","ping_status":"closed","template":"","meta":{"_acf_changed":false,"footnotes":""},"class_list":["post-44086","page","type-page","status-publish","hentry"],"acf":[],"yoast_head":"<!-- This site is optimized with the Yoast SEO plugin v27.1.1 - https:\/\/yoast.com\/product\/yoast-seo-wordpress\/ -->\n<title>El temps a Benic\u00e0ssim - Benic\u00e0ssim Turisme<\/title>\n<meta name=\"description\" content=\"El temps a Benic\u00e0ssim hui actualitzat. Temperatures m\u00ednimes i m\u00e0ximes, humitat, vent i estat del cel. Comprova ac\u00ed el temps de hui!\" \/>\n<meta name=\"robots\" content=\"index, follow, max-snippet:-1, max-image-preview:large, max-video-preview:-1\" \/>\n<link rel=\"canonical\" href=\"https:\/\/turismo.benicassim.es\/va\/el-tiempo\/\" \/>\n<meta property=\"og:locale\" content=\"en_US\" \/>\n<meta property=\"og:type\" content=\"article\" \/>\n<meta property=\"og:title\" content=\"El temps a Benic\u00e0ssim - Benic\u00e0ssim Turisme\" \/>\n<meta property=\"og:description\" content=\"El temps a Benic\u00e0ssim hui actualitzat. Temperatures m\u00ednimes i m\u00e0ximes, humitat, vent i estat del cel. Comprova ac\u00ed el temps de hui!\" \/>\n<meta property=\"og:url\" content=\"https:\/\/turismo.benicassim.es\/va\/el-tiempo\/\" \/>\n<meta property=\"og:site_name\" content=\"Benic\u00e0ssim Turismo\" \/>\n<meta property=\"article:modified_time\" content=\"2022-11-22T11:37:59+00:00\" \/>\n<meta name=\"twitter:card\" content=\"summary_large_image\" \/>\n<meta name=\"twitter:label1\" content=\"Est. reading time\" \/>\n\t<meta name=\"twitter:data1\" content=\"1 minute\" \/>\n<script type=\"application\/ld+json\" class=\"yoast-schema-graph\">{\"@context\":\"https:\/\/schema.org\",\"@graph\":[{\"@type\":\"WebPage\",\"@id\":\"https:\/\/turismo.benicassim.es\/va\/el-tiempo\/\",\"url\":\"https:\/\/turismo.benicassim.es\/va\/el-tiempo\/\",\"name\":\"El temps a Benic\u00e0ssim - Benic\u00e0ssim Turisme\",\"isPartOf\":{\"@id\":\"https:\/\/turismo.benicassim.es\/va\/#website\"},\"datePublished\":\"2021-02-05T09:20:49+00:00\",\"dateModified\":\"2022-11-22T11:37:59+00:00\",\"description\":\"El temps a Benic\u00e0ssim hui actualitzat. Temperatures m\u00ednimes i m\u00e0ximes, humitat, vent i estat del cel. Comprova ac\u00ed el temps de hui!\",\"breadcrumb\":{\"@id\":\"https:\/\/turismo.benicassim.es\/va\/el-tiempo\/#breadcrumb\"},\"inLanguage\":\"ca-CA\",\"potentialAction\":[{\"@type\":\"ReadAction\",\"target\":[\"https:\/\/turismo.benicassim.es\/va\/el-tiempo\/\"]}]},{\"@type\":\"BreadcrumbList\",\"@id\":\"https:\/\/turismo.benicassim.es\/va\/el-tiempo\/#breadcrumb\",\"itemListElement\":[{\"@type\":\"ListItem\",\"position\":1,\"name\":\"Inicio\",\"item\":\"https:\/\/turismo.benicassim.es\/va\/\"},{\"@type\":\"ListItem\",\"position\":2,\"name\":\"El tiempo\"}]},{\"@type\":\"WebSite\",\"@id\":\"https:\/\/turismo.benicassim.es\/va\/#website\",\"url\":\"https:\/\/turismo.benicassim.es\/va\/\",\"name\":\"Benic\u00e0ssim Turismo\",\"description\":\"Web de informaci\u00f3n de Turismo en Benicasim\",\"potentialAction\":[{\"@type\":\"SearchAction\",\"target\":{\"@type\":\"EntryPoint\",\"urlTemplate\":\"https:\/\/turismo.benicassim.es\/va\/?s={search_term_string}\"},\"query-input\":{\"@type\":\"PropertyValueSpecification\",\"valueRequired\":true,\"valueName\":\"search_term_string\"}}],\"inLanguage\":\"ca-CA\"}]}<\/script>\n<!-- \/ Yoast SEO plugin. -->","yoast_head_json":{"title":"El temps a Benic\u00e0ssim - Benic\u00e0ssim Turisme","description":"El temps a Benic\u00e0ssim hui actualitzat. Temperatures m\u00ednimes i m\u00e0ximes, humitat, vent i estat del cel. Comprova ac\u00ed el temps de hui!","robots":{"index":"index","follow":"follow","max-snippet":"max-snippet:-1","max-image-preview":"max-image-preview:large","max-video-preview":"max-video-preview:-1"},"canonical":"https:\/\/turismo.benicassim.es\/va\/el-tiempo\/","og_locale":"en_US","og_type":"article","og_title":"El temps a Benic\u00e0ssim - Benic\u00e0ssim Turisme","og_description":"El temps a Benic\u00e0ssim hui actualitzat. Temperatures m\u00ednimes i m\u00e0ximes, humitat, vent i estat del cel. Comprova ac\u00ed el temps de hui!","og_url":"https:\/\/turismo.benicassim.es\/va\/el-tiempo\/","og_site_name":"Benic\u00e0ssim Turismo","article_modified_time":"2022-11-22T11:37:59+00:00","twitter_card":"summary_large_image","twitter_misc":{"Est. reading time":"1 minute"},"schema":{"@context":"https:\/\/schema.org","@graph":[{"@type":"WebPage","@id":"https:\/\/turismo.benicassim.es\/va\/el-tiempo\/","url":"https:\/\/turismo.benicassim.es\/va\/el-tiempo\/","name":"El temps a Benic\u00e0ssim - Benic\u00e0ssim Turisme","isPartOf":{"@id":"https:\/\/turismo.benicassim.es\/va\/#website"},"datePublished":"2021-02-05T09:20:49+00:00","dateModified":"2022-11-22T11:37:59+00:00","description":"El temps a Benic\u00e0ssim hui actualitzat. Temperatures m\u00ednimes i m\u00e0ximes, humitat, vent i estat del cel. Comprova ac\u00ed el temps de hui!","breadcrumb":{"@id":"https:\/\/turismo.benicassim.es\/va\/el-tiempo\/#breadcrumb"},"inLanguage":"ca-CA","potentialAction":[{"@type":"ReadAction","target":["https:\/\/turismo.benicassim.es\/va\/el-tiempo\/"]}]},{"@type":"BreadcrumbList","@id":"https:\/\/turismo.benicassim.es\/va\/el-tiempo\/#breadcrumb","itemListElement":[{"@type":"ListItem","position":1,"name":"Inicio","item":"https:\/\/turismo.benicassim.es\/va\/"},{"@type":"ListItem","position":2,"name":"El tiempo"}]},{"@type":"WebSite","@id":"https:\/\/turismo.benicassim.es\/va\/#website","url":"https:\/\/turismo.benicassim.es\/va\/","name":"Benic\u00e0ssim Turismo","description":"Web de informaci\u00f3n de Turismo en Benicasim","potentialAction":[{"@type":"SearchAction","target":{"@type":"EntryPoint","urlTemplate":"https:\/\/turismo.benicassim.es\/va\/?s={search_term_string}"},"query-input":{"@type":"PropertyValueSpecification","valueRequired":true,"valueName":"search_term_string"}}],"inLanguage":"ca-CA"}]}},"_links":{"self":[{"href":"https:\/\/turismo.benicassim.es\/va\/wp-json\/wp\/v2\/pages\/44086","targetHints":{"allow":["GET"]}}],"collection":[{"href":"https:\/\/turismo.benicassim.es\/va\/wp-json\/wp\/v2\/pages"}],"about":[{"href":"https:\/\/turismo.benicassim.es\/va\/wp-json\/wp\/v2\/types\/page"}],"author":[{"embeddable":true,"href":"https:\/\/turismo.benicassim.es\/va\/wp-json\/wp\/v2\/users\/2"}],"replies":[{"embeddable":true,"href":"https:\/\/turismo.benicassim.es\/va\/wp-json\/wp\/v2\/comments?post=44086"}],"version-history":[{"count":7,"href":"https:\/\/turismo.benicassim.es\/va\/wp-json\/wp\/v2\/pages\/44086\/revisions"}],"predecessor-version":[{"id":68822,"href":"https:\/\/turismo.benicassim.es\/va\/wp-json\/wp\/v2\/pages\/44086\/revisions\/68822"}],"wp:attachment":[{"href":"https:\/\/turismo.benicassim.es\/va\/wp-json\/wp\/v2\/media?parent=44086"}],"curies":[{"name":"wp","href":"https:\/\/api.w.org\/{rel}","templated":true}]}}