{"id":62586,"date":"2021-11-15T09:34:07","date_gmt":"2021-11-15T08:34:07","guid":{"rendered":"http:\/\/turismo.benicassim.es\/actualidad-y-blog-turistico\/"},"modified":"2023-03-09T12:20:00","modified_gmt":"2023-03-09T11:20:00","slug":"actualidad-y-blog-turistico","status":"publish","type":"page","link":"https:\/\/turismo.benicassim.es\/va\/actualidad-y-blog-turistico\/","title":{"rendered":"Actualitat i Blog Tur\u00edstic"},"content":{"rendered":"<p>[vc_row full_width=&#8221;stretch_row&#8221; el_class=&#8221;breadcrumb-container basico letra-montserrat&#8221;][vc_column]<div class=\"my-breadcrumb\" style=\"display:inline-block;\"><a href=\"https:\/\/turismo.benicassim.es\/va\/\" class=\"link-color-2\">Inici<\/a> \/ <span>Actualitat i Blog Tur\u00edstic<\/span><\/div>[\/vc_column][\/vc_row][vc_row el_class=&#8221;contenido bloque&#8221; css=&#8221;.vc_custom_1613635897104{padding-top: 0px !important;padding-bottom: 0px !important;}&#8221;][vc_column][vc_column_text el_class=&#8221;titulo letra-antonio&#8221;]<\/p>\n<h1 style=\"text-align: center;\">Actualitat i Not\u00edcies de Benic\u00e0ssim<\/h1>\n<p>[\/vc_column_text][\/vc_column][\/vc_row][vc_row el_class=&#8221;bloque page_servicios_general&#8221; css=&#8221;.vc_custom_1613635742621{padding-top: 0px !important;}&#8221;][vc_column width=&#8221;1\/2&#8243;][vc_raw_html]JTNDZGl2JTIwY2xhc3MlM0QlMjJjb250ZW50LXNlY3RvcmVzJTIwbWl0YWQlMjBwcmltZXJvJTIyJTNFJTBBJTIwJTIwJTIwJTIwJTIwJTIwJTNDZGl2JTIwY2xhc3MlM0QlMjJjb250ZW50LW92ZXJsYXktc2VjdG9yZXMlMjIlM0UlM0MlMkZkaXYlM0UlMEElMjAlMjAlMjAlMjAlMjAlMjAlMjAlM0NwJTIwY2xhc3MlM0QlMjJ0aXR1bG8tcHJpbmNpcGFsJTIyJTNFQWN0dWFsaXRhdCUzQyUyRnAlM0UlMEElMjAlMjAlMjAlMjAlMjAlMjAlM0NpbWclMjBjbGFzcyUzRCUyMmNvbnRlbnQtaW1hZ2Utc2VjdG9yZXMlMjIlMjBzcmMlM0QlMjIlMkZ3cC1jb250ZW50JTJGdXBsb2FkcyUyRjIwMjElMkYxMSUyRmltYWdlbl9heXRvLnBuZyUyMiUzRSUwQSUyMCUyMCUyMCUyMCUyMCUyMCUzQ2RpdiUyMGNsYXNzJTNEJTIyY29udGVudC1kZXRhaWxzLXNlY3RvcmVzJTIwZmFkZUluLXRvcCUyMiUzRSUwQSUyMCUyMCUyMCUyMCUyMCUyMCUyMCUzQ2RpdiUyMGNsYXNzJTNEJTIydGl0dWxvLXNlY3RvcmVzJTIyJTNFJTBBJTIwJTIwJTIwJTIwJTIwJTIwJTIwJTIwJTIwJTIwJTNDaDIlM0VBY3R1YWxpdGF0JTIwZGUlMjBCZW5pYyVDMyVBMHNzaW0lM0MlMkZoMiUzRSUwQUVzdGlndWVzJTIwYWwlMjBkaWElMjBkZSUyMGxlcyUyMG5vdCVDMyVBRGNpZXMlMjBzb2JyZSUyMGxhJTIwY2l1dGF0JTIwJTIwJTIwJTIwJTIwJTIwJTIwJTNDJTJGZGl2JTNFJTBBJTIwJTIwJTIwJTIwJTIwJTIwJTIwJTNDZGl2JTIwY2xhc3MlM0QlMjJib3Rvbl9lbmxhY2UlMjIlM0UlMEElMjAlMjAlMjAlMjAlMjAlMjAlMjAlMjAlMjAlMjAlMjAlM0NhJTIwaHJlZiUzRCUyMiUyRnZhJTJGYWN0dWFsaWRhZC15LWJsb2ctdHVyaXN0aWNvJTJGYWN0dWFsaWRhZCUyMiUzRUxsZWdpciUyMG5vdCVDMyVBRGNpZXMlM0MlMkZhJTNFJTBBJTIwJTIwJTIwJTIwJTIwJTIwJTIwJTNDJTJGZGl2JTNFJTBBJTIwJTIwJTIwJTIwJTIwJTIwJTNDJTJGZGl2JTNFJTBBJTNDJTJGZGl2JTNFJTBB[\/vc_raw_html][\/vc_column][vc_column width=&#8221;1\/2&#8243;][vc_raw_html]JTNDZGl2JTIwY2xhc3MlM0QlMjJjb250ZW50LXNlY3RvcmVzJTIwbWl0YWQlMjBwcmltZXJvJTIyJTNFJTBBJTIwJTIwJTIwJTIwJTIwJTIwJTNDZGl2JTIwY2xhc3MlM0QlMjJjb250ZW50LW92ZXJsYXktc2VjdG9yZXMlMjIlM0UlM0MlMkZkaXYlM0UlMEElMjAlMjAlMjAlMjAlMjAlMjAlMjAlM0NwJTIwY2xhc3MlM0QlMjJ0aXR1bG8tcHJpbmNpcGFsJTIyJTNFQmxvZyUyMHR1ciVDMyVBRHN0aWMlM0MlMkZwJTNFJTBBJTIwJTIwJTIwJTIwJTIwJTIwJTNDaW1nJTIwY2xhc3MlM0QlMjJjb250ZW50LWltYWdlLXNlY3RvcmVzJTIyJTIwc3JjJTNEJTIyJTJGd3AtY29udGVudCUyRnVwbG9hZHMlMkYyMDIxJTJGMTElMkZpbWFnZW5fb2ZpY2luYS10dXJpc21vLnBuZyUyMiUzRSUwQSUyMCUyMCUyMCUyMCUyMCUyMCUzQ2RpdiUyMGNsYXNzJTNEJTIyY29udGVudC1kZXRhaWxzLXNlY3RvcmVzJTIwZmFkZUluLXRvcCUyMiUzRSUwQSUyMCUyMCUyMCUyMCUyMCUyMCUyMCUzQ2RpdiUyMGNsYXNzJTNEJTIydGl0dWxvLXNlY3RvcmVzJTIyJTNFJTBBJTIwJTIwJTIwJTIwJTIwJTIwJTIwJTIwJTIwJTIwJTNDaDIlM0VCbG9jJTIwVHVyJUMzJUFEc3RpYyUyMGRlJTIwQmVuaWMlQzMlQTBzc2ltJTNDJTJGaDIlM0UlMEFBc3NhYmVudGElMjd0JTIwZGUlMjB0b3RlcyUyMGxlcyUyMG5vdmV0YXRzJTIwZGUlMjBsYSUyMGNpdXRhdCUyMCUyMCUyMCUyMCUyMCUyMCUyMCUzQyUyRmRpdiUzRSUwQSUyMCUyMCUyMCUyMCUyMCUyMCUyMCUzQ2RpdiUyMGNsYXNzJTNEJTIyYm90b25fZW5sYWNlJTIyJTNFJTBBJTIwJTIwJTIwJTIwJTIwJTIwJTIwJTIwJTIwJTIwJTIwJTNDYSUyMGhyZWYlM0QlMjIlMkZ2YSUyRmFjdHVhbGlkYWQteS1ibG9nLXR1cmlzdGljbyUyRmJsb2ctdHVyaXN0aWNvJTIyJTNFTGxlZ2lyJTIwbm90JUMzJUFEY2llcyUzQyUyRmElM0UlMEElMjAlMjAlMjAlMjAlMjAlMjAlMjAlM0MlMkZkaXYlM0UlMEElMjAlMjAlMjAlMjAlMjAlMjAlM0MlMkZkaXYlM0UlMEElM0MlMkZkaXYlM0UlMEE=[\/vc_raw_html][\/vc_column][\/vc_row]<\/p>\n","protected":false},"excerpt":{"rendered":"<p>[vc_row full_width=&#8221;stretch_row&#8221; el_class=&#8221;breadcrumb-container basico letra-montserrat&#8221;][vc_column][\/vc_column][\/vc_row][vc_row el_class=&#8221;contenido bloque&#8221; css=&#8221;.vc_custom_1613635897104{padding-top: 0px !important;padding-bottom: 0px !important;}&#8221;][vc_column][vc_column_text el_class=&#8221;titulo letra-antonio&#8221;] Actualitat i Not\u00edcies de Benic\u00e0ssim [\/vc_column_text][\/vc_column][\/vc_row][vc_row el_class=&#8221;bloque page_servicios_general&#8221; css=&#8221;.vc_custom_1613635742621{padding-top: 0px !important;}&#8221;][vc_column width=&#8221;1\/2&#8243;][vc_raw_html]JTNDZGl2JTIwY2xhc3MlM0QlMjJjb250ZW50LXNlY3RvcmVzJTIwbWl0YWQlMjBwcmltZXJvJTIyJTNFJTBBJTIwJTIwJTIwJTIwJTIwJTIwJTNDZGl2JTIwY2xhc3MlM0QlMjJjb250ZW50LW92ZXJsYXktc2VjdG9yZXMlMjIlM0UlM0MlMkZkaXYlM0UlMEElMjAlMjAlMjAlMjAlMjAlMjAlMjAlM0NwJTIwY2xhc3MlM0QlMjJ0aXR1bG8tcHJpbmNpcGFsJTIyJTNFQWN0dWFsaXRhdCUzQyUyRnAlM0UlMEElMjAlMjAlMjAlMjAlMjAlMjAlM0NpbWclMjBjbGFzcyUzRCUyMmNvbnRlbnQtaW1hZ2Utc2VjdG9yZXMlMjIlMjBzcmMlM0QlMjIlMkZ3cC1jb250ZW50JTJGdXBsb2FkcyUyRjIwMjElMkYxMSUyRmltYWdlbl9heXRvLnBuZyUyMiUzRSUwQSUyMCUyMCUyMCUyMCUyMCUyMCUzQ2RpdiUyMGNsYXNzJTNEJTIyY29udGVudC1kZXRhaWxzLXNlY3RvcmVzJTIwZmFkZUluLXRvcCUyMiUzRSUwQSUyMCUyMCUyMCUyMCUyMCUyMCUyMCUzQ2RpdiUyMGNsYXNzJTNEJTIydGl0dWxvLXNlY3RvcmVzJTIyJTNFJTBBJTIwJTIwJTIwJTIwJTIwJTIwJTIwJTIwJTIwJTIwJTNDaDIlM0VBY3R1YWxpdGF0JTIwZGUlMjBCZW5pYyVDMyVBMHNzaW0lM0MlMkZoMiUzRSUwQUVzdGlndWVzJTIwYWwlMjBkaWElMjBkZSUyMGxlcyUyMG5vdCVDMyVBRGNpZXMlMjBzb2JyZSUyMGxhJTIwY2l1dGF0JTIwJTIwJTIwJTIwJTIwJTIwJTIwJTNDJTJGZGl2JTNFJTBBJTIwJTIwJTIwJTIwJTIwJTIwJTIwJTNDZGl2JTIwY2xhc3MlM0QlMjJib3Rvbl9lbmxhY2UlMjIlM0UlMEElMjAlMjAlMjAlMjAlMjAlMjAlMjAlMjAlMjAlMjAlMjAlM0NhJTIwaHJlZiUzRCUyMiUyRnZhJTJGYWN0dWFsaWRhZC15LWJsb2ctdHVyaXN0aWNvJTJGYWN0dWFsaWRhZCUyMiUzRUxsZWdpciUyMG5vdCVDMyVBRGNpZXMlM0MlMkZhJTNFJTBBJTIwJTIwJTIwJTIwJTIwJTIwJTIwJTNDJTJGZGl2JTNFJTBBJTIwJTIwJTIwJTIwJTIwJTIwJTNDJTJGZGl2JTNFJTBBJTNDJTJGZGl2JTNFJTBB[\/vc_raw_html][\/vc_column][vc_column width=&#8221;1\/2&#8243;][vc_raw_html]JTNDZGl2JTIwY2xhc3MlM0QlMjJjb250ZW50LXNlY3RvcmVzJTIwbWl0YWQlMjBwcmltZXJvJTIyJTNFJTBBJTIwJTIwJTIwJTIwJTIwJTIwJTNDZGl2JTIwY2xhc3MlM0QlMjJjb250ZW50LW92ZXJsYXktc2VjdG9yZXMlMjIlM0UlM0MlMkZkaXYlM0UlMEElMjAlMjAlMjAlMjAlMjAlMjAlMjAlM0NwJTIwY2xhc3MlM0QlMjJ0aXR1bG8tcHJpbmNpcGFsJTIyJTNFQmxvZyUyMHR1ciVDMyVBRHN0aWMlM0MlMkZwJTNFJTBBJTIwJTIwJTIwJTIwJTIwJTIwJTNDaW1nJTIwY2xhc3MlM0QlMjJjb250ZW50LWltYWdlLXNlY3RvcmVzJTIyJTIwc3JjJTNEJTIyJTJGd3AtY29udGVudCUyRnVwbG9hZHMlMkYyMDIxJTJGMTElMkZpbWFnZW5fb2ZpY2luYS10dXJpc21vLnBuZyUyMiUzRSUwQSUyMCUyMCUyMCUyMCUyMCUyMCUzQ2RpdiUyMGNsYXNzJTNEJTIyY29udGVudC1kZXRhaWxzLXNlY3RvcmVzJTIwZmFkZUluLXRvcCUyMiUzRSUwQSUyMCUyMCUyMCUyMCUyMCUyMCUyMCUzQ2RpdiUyMGNsYXNzJTNEJTIydGl0dWxvLXNlY3RvcmVzJTIyJTNFJTBBJTIwJTIwJTIwJTIwJTIwJTIwJTIwJTIwJTIwJTIwJTNDaDIlM0VCbG9jJTIwVHVyJUMzJUFEc3RpYyUyMGRlJTIwQmVuaWMlQzMlQTBzc2ltJTNDJTJGaDIlM0UlMEFBc3NhYmVudGElMjd0JTIwZGUlMjB0b3RlcyUyMGxlcyUyMG5vdmV0YXRzJTIwZGUlMjBsYSUyMGNpdXRhdCUyMCUyMCUyMCUyMCUyMCUyMCUyMCUzQyUyRmRpdiUzRSUwQSUyMCUyMCUyMCUyMCUyMCUyMCUyMCUzQ2RpdiUyMGNsYXNzJTNEJTIyYm90b25fZW5sYWNlJTIyJTNFJTBBJTIwJTIwJTIwJTIwJTIwJTIwJTIwJTIwJTIwJTIwJTIwJTNDYSUyMGhyZWYlM0QlMjIlMkZ2YSUyRmFjdHVhbGlkYWQteS1ibG9nLXR1cmlzdGljbyUyRmJsb2ctdHVyaXN0aWNvJTIyJTNFTGxlZ2lyJTIwbm90JUMzJUFEY2llcyUzQyUyRmElM0UlMEElMjAlMjAlMjAlMjAlMjAlMjAlMjAlM0MlMkZkaXYlM0UlMEElMjAlMjAlMjAlMjAlMjAlMjAlM0MlMkZkaXYlM0UlMEElM0MlMkZkaXYlM0UlMEE=[\/vc_raw_html][\/vc_column][\/vc_row]<\/p>\n","protected":false},"author":1,"featured_media":0,"parent":0,"menu_order":0,"comment_status":"closed","ping_status":"closed","template":"","meta":{"_acf_changed":false,"footnotes":""},"class_list":["post-62586","page","type-page","status-publish","hentry"],"acf":[],"yoast_head":"<!-- This site is optimized with the Yoast SEO plugin v27.4 - https:\/\/yoast.com\/product\/yoast-seo-wordpress\/ -->\n<title>Bloc Actualitat i Turisme de Benic\u00e0ssim - Benic\u00e0ssim Turisme<\/title>\n<meta name=\"description\" content=\"Si vols con\u00e9ixer l&#039;actualitat de tot el que concerneix a Benic\u00e0ssim, incl\u00f2s turisme i oci, pots informar-te ac\u00ed.\" \/>\n<meta name=\"robots\" content=\"index, follow, max-snippet:-1, max-image-preview:large, max-video-preview:-1\" \/>\n<link rel=\"canonical\" href=\"https:\/\/turismo.benicassim.es\/va\/actualidad-y-blog-turistico\/\" \/>\n<meta property=\"og:locale\" content=\"en_US\" \/>\n<meta property=\"og:type\" content=\"article\" \/>\n<meta property=\"og:title\" content=\"Bloc Actualitat i Turisme de Benic\u00e0ssim - Benic\u00e0ssim Turisme\" \/>\n<meta property=\"og:description\" content=\"Si vols con\u00e9ixer l&#039;actualitat de tot el que concerneix a Benic\u00e0ssim, incl\u00f2s turisme i oci, pots informar-te ac\u00ed.\" \/>\n<meta property=\"og:url\" content=\"https:\/\/turismo.benicassim.es\/va\/actualidad-y-blog-turistico\/\" \/>\n<meta property=\"og:site_name\" content=\"Benic\u00e0ssim Turismo\" \/>\n<meta property=\"article:modified_time\" content=\"2023-03-09T11:20:00+00:00\" \/>\n<meta name=\"twitter:card\" content=\"summary_large_image\" \/>\n<meta name=\"twitter:label1\" content=\"Est. reading time\" \/>\n\t<meta name=\"twitter:data1\" content=\"1 minute\" \/>\n<script type=\"application\/ld+json\" class=\"yoast-schema-graph\">{\"@context\":\"https:\\\/\\\/schema.org\",\"@graph\":[{\"@type\":\"WebPage\",\"@id\":\"https:\\\/\\\/turismo.benicassim.es\\\/va\\\/actualidad-y-blog-turistico\\\/\",\"url\":\"https:\\\/\\\/turismo.benicassim.es\\\/va\\\/actualidad-y-blog-turistico\\\/\",\"name\":\"Bloc Actualitat i Turisme de Benic\u00e0ssim - Benic\u00e0ssim Turisme\",\"isPartOf\":{\"@id\":\"https:\\\/\\\/turismo.benicassim.es\\\/va\\\/#website\"},\"datePublished\":\"2021-11-15T08:34:07+00:00\",\"dateModified\":\"2023-03-09T11:20:00+00:00\",\"description\":\"Si vols con\u00e9ixer l'actualitat de tot el que concerneix a Benic\u00e0ssim, incl\u00f2s turisme i oci, pots informar-te ac\u00ed.\",\"breadcrumb\":{\"@id\":\"https:\\\/\\\/turismo.benicassim.es\\\/va\\\/actualidad-y-blog-turistico\\\/#breadcrumb\"},\"inLanguage\":\"ca-CA\",\"potentialAction\":[{\"@type\":\"ReadAction\",\"target\":[\"https:\\\/\\\/turismo.benicassim.es\\\/va\\\/actualidad-y-blog-turistico\\\/\"]}]},{\"@type\":\"BreadcrumbList\",\"@id\":\"https:\\\/\\\/turismo.benicassim.es\\\/va\\\/actualidad-y-blog-turistico\\\/#breadcrumb\",\"itemListElement\":[{\"@type\":\"ListItem\",\"position\":1,\"name\":\"Inicio\",\"item\":\"https:\\\/\\\/turismo.benicassim.es\\\/va\\\/\"},{\"@type\":\"ListItem\",\"position\":2,\"name\":\"Actualitat i Blog Tur\u00edstic\"}]},{\"@type\":\"WebSite\",\"@id\":\"https:\\\/\\\/turismo.benicassim.es\\\/va\\\/#website\",\"url\":\"https:\\\/\\\/turismo.benicassim.es\\\/va\\\/\",\"name\":\"Benic\u00e0ssim Turismo\",\"description\":\"Web de informaci\u00f3n de Turismo en Benicasim\",\"potentialAction\":[{\"@type\":\"SearchAction\",\"target\":{\"@type\":\"EntryPoint\",\"urlTemplate\":\"https:\\\/\\\/turismo.benicassim.es\\\/va\\\/?s={search_term_string}\"},\"query-input\":{\"@type\":\"PropertyValueSpecification\",\"valueRequired\":true,\"valueName\":\"search_term_string\"}}],\"inLanguage\":\"ca-CA\"}]}<\/script>\n<!-- \/ Yoast SEO plugin. -->","yoast_head_json":{"title":"Bloc Actualitat i Turisme de Benic\u00e0ssim - Benic\u00e0ssim Turisme","description":"Si vols con\u00e9ixer l'actualitat de tot el que concerneix a Benic\u00e0ssim, incl\u00f2s turisme i oci, pots informar-te ac\u00ed.","robots":{"index":"index","follow":"follow","max-snippet":"max-snippet:-1","max-image-preview":"max-image-preview:large","max-video-preview":"max-video-preview:-1"},"canonical":"https:\/\/turismo.benicassim.es\/va\/actualidad-y-blog-turistico\/","og_locale":"en_US","og_type":"article","og_title":"Bloc Actualitat i Turisme de Benic\u00e0ssim - Benic\u00e0ssim Turisme","og_description":"Si vols con\u00e9ixer l'actualitat de tot el que concerneix a Benic\u00e0ssim, incl\u00f2s turisme i oci, pots informar-te ac\u00ed.","og_url":"https:\/\/turismo.benicassim.es\/va\/actualidad-y-blog-turistico\/","og_site_name":"Benic\u00e0ssim Turismo","article_modified_time":"2023-03-09T11:20:00+00:00","twitter_card":"summary_large_image","twitter_misc":{"Est. reading time":"1 minute"},"schema":{"@context":"https:\/\/schema.org","@graph":[{"@type":"WebPage","@id":"https:\/\/turismo.benicassim.es\/va\/actualidad-y-blog-turistico\/","url":"https:\/\/turismo.benicassim.es\/va\/actualidad-y-blog-turistico\/","name":"Bloc Actualitat i Turisme de Benic\u00e0ssim - Benic\u00e0ssim Turisme","isPartOf":{"@id":"https:\/\/turismo.benicassim.es\/va\/#website"},"datePublished":"2021-11-15T08:34:07+00:00","dateModified":"2023-03-09T11:20:00+00:00","description":"Si vols con\u00e9ixer l'actualitat de tot el que concerneix a Benic\u00e0ssim, incl\u00f2s turisme i oci, pots informar-te ac\u00ed.","breadcrumb":{"@id":"https:\/\/turismo.benicassim.es\/va\/actualidad-y-blog-turistico\/#breadcrumb"},"inLanguage":"ca-CA","potentialAction":[{"@type":"ReadAction","target":["https:\/\/turismo.benicassim.es\/va\/actualidad-y-blog-turistico\/"]}]},{"@type":"BreadcrumbList","@id":"https:\/\/turismo.benicassim.es\/va\/actualidad-y-blog-turistico\/#breadcrumb","itemListElement":[{"@type":"ListItem","position":1,"name":"Inicio","item":"https:\/\/turismo.benicassim.es\/va\/"},{"@type":"ListItem","position":2,"name":"Actualitat i Blog Tur\u00edstic"}]},{"@type":"WebSite","@id":"https:\/\/turismo.benicassim.es\/va\/#website","url":"https:\/\/turismo.benicassim.es\/va\/","name":"Benic\u00e0ssim Turismo","description":"Web de informaci\u00f3n de Turismo en Benicasim","potentialAction":[{"@type":"SearchAction","target":{"@type":"EntryPoint","urlTemplate":"https:\/\/turismo.benicassim.es\/va\/?s={search_term_string}"},"query-input":{"@type":"PropertyValueSpecification","valueRequired":true,"valueName":"search_term_string"}}],"inLanguage":"ca-CA"}]}},"_links":{"self":[{"href":"https:\/\/turismo.benicassim.es\/va\/wp-json\/wp\/v2\/pages\/62586","targetHints":{"allow":["GET"]}}],"collection":[{"href":"https:\/\/turismo.benicassim.es\/va\/wp-json\/wp\/v2\/pages"}],"about":[{"href":"https:\/\/turismo.benicassim.es\/va\/wp-json\/wp\/v2\/types\/page"}],"author":[{"embeddable":true,"href":"https:\/\/turismo.benicassim.es\/va\/wp-json\/wp\/v2\/users\/1"}],"replies":[{"embeddable":true,"href":"https:\/\/turismo.benicassim.es\/va\/wp-json\/wp\/v2\/comments?post=62586"}],"version-history":[{"count":6,"href":"https:\/\/turismo.benicassim.es\/va\/wp-json\/wp\/v2\/pages\/62586\/revisions"}],"predecessor-version":[{"id":70029,"href":"https:\/\/turismo.benicassim.es\/va\/wp-json\/wp\/v2\/pages\/62586\/revisions\/70029"}],"wp:attachment":[{"href":"https:\/\/turismo.benicassim.es\/va\/wp-json\/wp\/v2\/media?parent=62586"}],"curies":[{"name":"wp","href":"https:\/\/api.w.org\/{rel}","templated":true}]}}