{"id":63839,"date":"2022-02-07T12:50:19","date_gmt":"2022-02-07T11:50:19","guid":{"rendered":"http:\/\/turismo.benicassim.es\/?page_id=63839"},"modified":"2025-03-14T12:10:38","modified_gmt":"2025-03-14T11:10:38","slug":"centres-de-culte","status":"publish","type":"page","link":"https:\/\/turismo.benicassim.es\/va\/serveis\/serveis-essencials\/centres-de-culte\/","title":{"rendered":"Centres de Culte"},"content":{"rendered":"<p>[vc_row full_width=&#8221;stretch_row&#8221; el_class=&#8221;breadcrumb-container banner letra-montserrat&#8221;][vc_column]<div class=\"my-breadcrumb\" style=\"display:inline-block;\"><a href=\"https:\/\/turismo.benicassim.es\/va\/\" class=\"link-color-2\">Inici<\/a> \/ <span>Centres de Culte<\/span><\/div>[\/vc_column][\/vc_row][vc_row full_width=&#8221;stretch_row_content_no_spaces&#8221; el_class=&#8221;banner_titulo&#8221; css=&#8221;.vc_custom_1644233981536{background-image: url(https:\/\/turismo.benicassim.es\/wp-content\/uploads\/2022\/02\/A0918_v2.jpg?id=63826) !important;background-position: center !important;background-repeat: no-repeat !important;background-size: cover !important;}&#8221;][vc_column][vc_custom_heading text=&#8221;Centres de Culte en Benic\u00e0ssim&#8221; font_container=&#8221;tag:h1|font_size:40|text_align:center|color:%23ffffff&#8221; google_fonts=&#8221;font_family:Anton%3Aregular|font_style:400%20regular%3A400%3Anormal&#8221;][\/vc_column][\/vc_row][vc_row el_class=&#8221;bloque&#8221;][vc_column][vc_row_inner el_class=&#8221;row_servicios_esenciales&#8221;][vc_column_inner width=&#8221;1\/2&#8243;][vc_column_text]<strong><span style=\"color: #333333;\"><span style=\"font-family: Roboto, sans-serif;\"><span style=\"font-size: small;\">ESGL\u00c8SIA PARROQUIAL SANTO TOM\u00c1S DE VILLANUEVA<\/span><\/span><\/span><\/strong><\/p>\n<p><span style=\"color: #333333;\"><span style=\"font-family: Roboto, sans-serif;\"><span style=\"font-size: small;\">C\/Santo Tom\u00e1s, 72<\/span><\/span><\/span><\/p>\n<p><span style=\"color: #333333;\"><span style=\"font-family: Roboto, sans-serif;\"><span style=\"font-size: small;\">T. 964 30 31 19<\/span><\/span><\/span><\/p>\n<p><span style=\"color: #333333;\"><span style=\"font-family: Roboto, sans-serif;\"><span style=\"font-size: small;\">Horari d&#8217;oficina: dimarts de 11 a 12 h\u00a0 i dimecres de 20 a 21h.<\/span><\/span><\/span><\/p>\n<p><span style=\"color: #333333;\"><span style=\"font-family: Roboto, sans-serif;\"><span style=\"font-size: small;\">Facebook: Seas of Prayer<\/span><\/span><\/span>[\/vc_column_text][\/vc_column_inner][vc_column_inner width=&#8221;1\/2&#8243;][vc_column_text]<strong><span style=\"color: #333333;\"><span style=\"font-family: Roboto, sans-serif;\"><span style=\"font-size: small;\">COMPLEX PARROQUIAL SAN JUAN PABLO\u00a0 II<\/span><\/span><\/span><\/strong><\/p>\n<p><span style=\"color: #333333;\"><span style=\"font-family: Roboto, sans-serif;\"><span style=\"font-size: small;\">Pla\u00e7a Corts Valencianes (juliol i agost)<\/span><\/span><\/span><\/p>\n<p><span style=\"color: #333333;\"><span style=\"font-family: Roboto, sans-serif;\"><span style=\"font-size: small;\">Facebook: Seas of prayer<\/span><\/span><\/span><\/p>\n<p><strong><span style=\"color: #333333;\"><span style=\"font-family: Roboto, sans-serif;\"><span style=\"font-size: small;\">CAPELLAS<\/span><\/span><\/span><\/strong><\/p>\n<p align=\"justify\"><span style=\"color: #000000;\"><span style=\"font-family: Calibri, sans-serif;\"><span style=\"font-size: large;\">AGUSTINAS<\/span><\/span><\/span><\/p>\n<p align=\"justify\"><span style=\"color: #000000;\"><span style=\"font-family: Calibri, sans-serif;\"><span style=\"font-size: large;\">Av. Barranquet,22 (Urb. Las Palmas)<\/span><\/span><\/span><\/p>\n<p align=\"justify\"><span style=\"color: #333333;\"><span style=\"font-family: Calibri, sans-serif;\"><span style=\"font-size: large;\"><span style=\"color: #000000;\">T.\u00a0964 39 82 25-605613633<\/span><\/span><\/span><\/span><\/p>\n<p align=\"justify\"><span style=\"color: #000000;\"><span style=\"font-family: Calibri, sans-serif;\"><span style=\"font-size: large;\">agustinasmab@gmail.com<\/span><\/span><\/span><\/p>\n<p align=\"justify\"><span style=\"color: #000000;\"><span style=\"font-family: Calibri, sans-serif;\"><span style=\"font-size: large;\">EL CARMEN<\/span><\/span><\/span><\/p>\n<p align=\"justify\"><span style=\"color: #000000;\"><span style=\"font-family: Calibri, sans-serif;\"><span style=\"font-size: large;\">Florida, 69.<\/span><\/span><\/span><\/p>\n<p align=\"justify\"><span style=\"color: #000000;\"><span style=\"font-family: Calibri, sans-serif;\"><span style=\"font-size: large;\">SAN JAIME<\/span><\/span><\/span><\/p>\n<p align=\"justify\"><span style=\"color: #000000;\"><span style=\"font-family: Calibri, sans-serif;\"><span style=\"font-size: large;\">Les Barraques (front Hotel Montreal).<\/span><\/span><\/span><\/p>\n<p align=\"justify\"><span style=\"color: #000000;\"><span style=\"font-family: Calibri, sans-serif;\"><span style=\"font-size: large;\">EL PILAR<\/span><\/span><\/span><\/p>\n<p align=\"justify\"><span style=\"color: #333333;\"><span style=\"font-family: Calibri, sans-serif;\"><span style=\"font-size: large;\"><span style=\"color: #000000;\">Passeig Pilar Coloma (junt Voramar)<\/span><\/span><\/span><\/span><\/p>\n<p align=\"justify\"><span style=\"color: #000000;\"><span style=\"font-family: Calibri, sans-serif;\"><span style=\"font-size: large;\">(solamente juliol i agost).<\/span><\/span><\/span><\/p>\n<p align=\"justify\"><span style=\"color: #000000;\"><span style=\"font-family: Calibri, sans-serif;\"><span style=\"font-size: large;\">OBLATAS<\/span><\/span><\/span><\/p>\n<p align=\"justify\"><span style=\"color: #333333;\"><span style=\"font-family: Calibri, sans-serif;\"><span style=\"font-size: large;\"><span style=\"color: #000000;\">Ma\u00a0Antonia Oviedo, 33.\u00a0T.\u00a0964 30 28 57-30 07 49<\/span><\/span><\/span><\/span><\/p>\n<p align=\"justify\"><span style=\"color: #000000;\"><span style=\"font-family: Calibri, sans-serif;\"><span style=\"font-size: large;\">DESERT DE LES PALMES<\/span><\/span><\/span><\/p>\n<p align=\"justify\"><span style=\"color: #333333;\"><span style=\"font-family: Arial, sans-serif;\"><span style=\"font-size: medium;\"><span style=\"font-family: Calibri, sans-serif;\"><span style=\"font-size: large;\"><span lang=\"zxx\">Monasteri. T. 964 30 09 50<\/span><\/span><\/span><\/span><\/span><\/span><\/p>\n<p>[\/vc_column_text][\/vc_column_inner][\/vc_row_inner][\/vc_column][\/vc_row]<\/p>\n","protected":false},"excerpt":{"rendered":"<p>[vc_row full_width=&#8221;stretch_row&#8221; el_class=&#8221;breadcrumb-container banner letra-montserrat&#8221;][vc_column][\/vc_column][\/vc_row][vc_row full_width=&#8221;stretch_row_content_no_spaces&#8221; el_class=&#8221;banner_titulo&#8221; css=&#8221;.vc_custom_1644233981536{background-image: url(https:\/\/turismo.benicassim.es\/wp-content\/uploads\/2022\/02\/A0918_v2.jpg?id=63826) !important;background-position: center !important;background-repeat: no-repeat !important;background-size: cover !important;}&#8221;][vc_column][vc_custom_heading text=&#8221;Centres de Culte en Benic\u00e0ssim&#8221; font_container=&#8221;tag:h1|font_size:40|text_align:center|color:%23ffffff&#8221; google_fonts=&#8221;font_family:Anton%3Aregular|font_style:400%20regular%3A400%3Anormal&#8221;][\/vc_column][\/vc_row][vc_row el_class=&#8221;bloque&#8221;][vc_column][vc_row_inner el_class=&#8221;row_servicios_esenciales&#8221;][vc_column_inner width=&#8221;1\/2&#8243;][vc_column_text]ESGL\u00c8SIA PARROQUIAL SANTO TOM\u00c1S DE VILLANUEVA C\/Santo Tom\u00e1s, 72 T. 964 30 31 19 Horari d&#8217;oficina: dimarts de 11 a 12 h\u00a0 i dimecres de 20 a 21h. Facebook: Seas [&hellip;]<\/p>\n","protected":false},"author":1,"featured_media":0,"parent":39726,"menu_order":0,"comment_status":"closed","ping_status":"closed","template":"","meta":{"_acf_changed":false,"footnotes":""},"class_list":["post-63839","page","type-page","status-publish","hentry"],"acf":[],"yoast_head":"<!-- This site is optimized with the Yoast SEO plugin v27.4 - https:\/\/yoast.com\/product\/yoast-seo-wordpress\/ -->\n<title>Esgl\u00e9sies i altres Centres de Culte a Benic\u00e0ssim - Benic\u00e0ssim<\/title>\n<meta name=\"description\" content=\"Informaci\u00f3 sobre les esgl\u00e9sies i centres de culte que pots trobar a Benic\u00e0ssim. Informaci\u00f3 Tur\u00edstica de Benic\u00e0ssim.\" \/>\n<meta name=\"robots\" content=\"index, follow, max-snippet:-1, max-image-preview:large, max-video-preview:-1\" \/>\n<link rel=\"canonical\" href=\"https:\/\/turismo.benicassim.es\/va\/serveis\/serveis-essencials\/centres-de-culte\/\" \/>\n<meta property=\"og:locale\" content=\"en_US\" \/>\n<meta property=\"og:type\" content=\"article\" \/>\n<meta property=\"og:title\" content=\"Esgl\u00e9sies i altres Centres de Culte a Benic\u00e0ssim - Benic\u00e0ssim\" \/>\n<meta property=\"og:description\" content=\"Informaci\u00f3 sobre les esgl\u00e9sies i centres de culte que pots trobar a Benic\u00e0ssim. Informaci\u00f3 Tur\u00edstica de Benic\u00e0ssim.\" \/>\n<meta property=\"og:url\" content=\"https:\/\/turismo.benicassim.es\/va\/serveis\/serveis-essencials\/centres-de-culte\/\" \/>\n<meta property=\"og:site_name\" content=\"Benic\u00e0ssim Turismo\" \/>\n<meta property=\"article:modified_time\" content=\"2025-03-14T11:10:38+00:00\" \/>\n<meta name=\"twitter:card\" content=\"summary_large_image\" \/>\n<meta name=\"twitter:label1\" content=\"Est. reading time\" \/>\n\t<meta name=\"twitter:data1\" content=\"1 minute\" \/>\n<script type=\"application\/ld+json\" class=\"yoast-schema-graph\">{\"@context\":\"https:\\\/\\\/schema.org\",\"@graph\":[{\"@type\":\"WebPage\",\"@id\":\"https:\\\/\\\/turismo.benicassim.es\\\/va\\\/serveis\\\/serveis-essencials\\\/centres-de-culte\\\/\",\"url\":\"https:\\\/\\\/turismo.benicassim.es\\\/va\\\/serveis\\\/serveis-essencials\\\/centres-de-culte\\\/\",\"name\":\"Esgl\u00e9sies i altres Centres de Culte a Benic\u00e0ssim - Benic\u00e0ssim\",\"isPartOf\":{\"@id\":\"https:\\\/\\\/turismo.benicassim.es\\\/va\\\/#website\"},\"datePublished\":\"2022-02-07T11:50:19+00:00\",\"dateModified\":\"2025-03-14T11:10:38+00:00\",\"description\":\"Informaci\u00f3 sobre les esgl\u00e9sies i centres de culte que pots trobar a Benic\u00e0ssim. Informaci\u00f3 Tur\u00edstica de Benic\u00e0ssim.\",\"breadcrumb\":{\"@id\":\"https:\\\/\\\/turismo.benicassim.es\\\/va\\\/serveis\\\/serveis-essencials\\\/centres-de-culte\\\/#breadcrumb\"},\"inLanguage\":\"ca-CA\",\"potentialAction\":[{\"@type\":\"ReadAction\",\"target\":[\"https:\\\/\\\/turismo.benicassim.es\\\/va\\\/serveis\\\/serveis-essencials\\\/centres-de-culte\\\/\"]}]},{\"@type\":\"BreadcrumbList\",\"@id\":\"https:\\\/\\\/turismo.benicassim.es\\\/va\\\/serveis\\\/serveis-essencials\\\/centres-de-culte\\\/#breadcrumb\",\"itemListElement\":[{\"@type\":\"ListItem\",\"position\":1,\"name\":\"Inicio\",\"item\":\"https:\\\/\\\/turismo.benicassim.es\\\/va\\\/\"},{\"@type\":\"ListItem\",\"position\":2,\"name\":\"Serveis\",\"item\":\"https:\\\/\\\/turismo.benicassim.es\\\/va\\\/serveis\\\/\"},{\"@type\":\"ListItem\",\"position\":3,\"name\":\"Serveis essencials\",\"item\":\"https:\\\/\\\/turismo.benicassim.es\\\/va\\\/serveis\\\/serveis-essencials\\\/\"},{\"@type\":\"ListItem\",\"position\":4,\"name\":\"Centres de Culte\"}]},{\"@type\":\"WebSite\",\"@id\":\"https:\\\/\\\/turismo.benicassim.es\\\/va\\\/#website\",\"url\":\"https:\\\/\\\/turismo.benicassim.es\\\/va\\\/\",\"name\":\"Benic\u00e0ssim Turismo\",\"description\":\"Web de informaci\u00f3n de Turismo en Benicasim\",\"potentialAction\":[{\"@type\":\"SearchAction\",\"target\":{\"@type\":\"EntryPoint\",\"urlTemplate\":\"https:\\\/\\\/turismo.benicassim.es\\\/va\\\/?s={search_term_string}\"},\"query-input\":{\"@type\":\"PropertyValueSpecification\",\"valueRequired\":true,\"valueName\":\"search_term_string\"}}],\"inLanguage\":\"ca-CA\"}]}<\/script>\n<!-- \/ Yoast SEO plugin. -->","yoast_head_json":{"title":"Esgl\u00e9sies i altres Centres de Culte a Benic\u00e0ssim - Benic\u00e0ssim","description":"Informaci\u00f3 sobre les esgl\u00e9sies i centres de culte que pots trobar a Benic\u00e0ssim. Informaci\u00f3 Tur\u00edstica de Benic\u00e0ssim.","robots":{"index":"index","follow":"follow","max-snippet":"max-snippet:-1","max-image-preview":"max-image-preview:large","max-video-preview":"max-video-preview:-1"},"canonical":"https:\/\/turismo.benicassim.es\/va\/serveis\/serveis-essencials\/centres-de-culte\/","og_locale":"en_US","og_type":"article","og_title":"Esgl\u00e9sies i altres Centres de Culte a Benic\u00e0ssim - Benic\u00e0ssim","og_description":"Informaci\u00f3 sobre les esgl\u00e9sies i centres de culte que pots trobar a Benic\u00e0ssim. Informaci\u00f3 Tur\u00edstica de Benic\u00e0ssim.","og_url":"https:\/\/turismo.benicassim.es\/va\/serveis\/serveis-essencials\/centres-de-culte\/","og_site_name":"Benic\u00e0ssim Turismo","article_modified_time":"2025-03-14T11:10:38+00:00","twitter_card":"summary_large_image","twitter_misc":{"Est. reading time":"1 minute"},"schema":{"@context":"https:\/\/schema.org","@graph":[{"@type":"WebPage","@id":"https:\/\/turismo.benicassim.es\/va\/serveis\/serveis-essencials\/centres-de-culte\/","url":"https:\/\/turismo.benicassim.es\/va\/serveis\/serveis-essencials\/centres-de-culte\/","name":"Esgl\u00e9sies i altres Centres de Culte a Benic\u00e0ssim - Benic\u00e0ssim","isPartOf":{"@id":"https:\/\/turismo.benicassim.es\/va\/#website"},"datePublished":"2022-02-07T11:50:19+00:00","dateModified":"2025-03-14T11:10:38+00:00","description":"Informaci\u00f3 sobre les esgl\u00e9sies i centres de culte que pots trobar a Benic\u00e0ssim. Informaci\u00f3 Tur\u00edstica de Benic\u00e0ssim.","breadcrumb":{"@id":"https:\/\/turismo.benicassim.es\/va\/serveis\/serveis-essencials\/centres-de-culte\/#breadcrumb"},"inLanguage":"ca-CA","potentialAction":[{"@type":"ReadAction","target":["https:\/\/turismo.benicassim.es\/va\/serveis\/serveis-essencials\/centres-de-culte\/"]}]},{"@type":"BreadcrumbList","@id":"https:\/\/turismo.benicassim.es\/va\/serveis\/serveis-essencials\/centres-de-culte\/#breadcrumb","itemListElement":[{"@type":"ListItem","position":1,"name":"Inicio","item":"https:\/\/turismo.benicassim.es\/va\/"},{"@type":"ListItem","position":2,"name":"Serveis","item":"https:\/\/turismo.benicassim.es\/va\/serveis\/"},{"@type":"ListItem","position":3,"name":"Serveis essencials","item":"https:\/\/turismo.benicassim.es\/va\/serveis\/serveis-essencials\/"},{"@type":"ListItem","position":4,"name":"Centres de Culte"}]},{"@type":"WebSite","@id":"https:\/\/turismo.benicassim.es\/va\/#website","url":"https:\/\/turismo.benicassim.es\/va\/","name":"Benic\u00e0ssim Turismo","description":"Web de informaci\u00f3n de Turismo en Benicasim","potentialAction":[{"@type":"SearchAction","target":{"@type":"EntryPoint","urlTemplate":"https:\/\/turismo.benicassim.es\/va\/?s={search_term_string}"},"query-input":{"@type":"PropertyValueSpecification","valueRequired":true,"valueName":"search_term_string"}}],"inLanguage":"ca-CA"}]}},"_links":{"self":[{"href":"https:\/\/turismo.benicassim.es\/va\/wp-json\/wp\/v2\/pages\/63839","targetHints":{"allow":["GET"]}}],"collection":[{"href":"https:\/\/turismo.benicassim.es\/va\/wp-json\/wp\/v2\/pages"}],"about":[{"href":"https:\/\/turismo.benicassim.es\/va\/wp-json\/wp\/v2\/types\/page"}],"author":[{"embeddable":true,"href":"https:\/\/turismo.benicassim.es\/va\/wp-json\/wp\/v2\/users\/1"}],"replies":[{"embeddable":true,"href":"https:\/\/turismo.benicassim.es\/va\/wp-json\/wp\/v2\/comments?post=63839"}],"version-history":[{"count":10,"href":"https:\/\/turismo.benicassim.es\/va\/wp-json\/wp\/v2\/pages\/63839\/revisions"}],"predecessor-version":[{"id":80534,"href":"https:\/\/turismo.benicassim.es\/va\/wp-json\/wp\/v2\/pages\/63839\/revisions\/80534"}],"up":[{"embeddable":true,"href":"https:\/\/turismo.benicassim.es\/va\/wp-json\/wp\/v2\/pages\/39726"}],"wp:attachment":[{"href":"https:\/\/turismo.benicassim.es\/va\/wp-json\/wp\/v2\/media?parent=63839"}],"curies":[{"name":"wp","href":"https:\/\/api.w.org\/{rel}","templated":true}]}}