{"id":65945,"date":"2022-06-22T13:40:01","date_gmt":"2022-06-22T11:40:01","guid":{"rendered":"http:\/\/turismo.benicassim.es\/estado-del-mar\/"},"modified":"2023-07-20T14:27:02","modified_gmt":"2023-07-20T12:27:02","slug":"estat-de-la-mar","status":"publish","type":"page","link":"https:\/\/turismo.benicassim.es\/va\/estat-de-la-mar\/","title":{"rendered":"Estat de la mar"},"content":{"rendered":"<p>[vc_row full_width=&#8221;stretch_row&#8221; el_class=&#8221;breadcrumb-container basico letra-montserrat&#8221;][vc_column]<div class=\"my-breadcrumb\" style=\"display:inline-block;\"><a href=\"https:\/\/turismo.benicassim.es\/va\/\" class=\"link-color-2\">Inici<\/a> \/ <span>Estat de la mar<\/span><\/div>[\/vc_column][\/vc_row][vc_row full_width=&#8221;stretch_row&#8221;][vc_column el_class=&#8221;contenido&#8221;][vc_column_text el_class=&#8221;titulo letra-antonio&#8221;]<\/p>\n<p style=\"text-align: center;\">Revisa l&#8217;estat de la mar<\/p>\n<p>[\/vc_column_text][vc_column_text el_class=&#8221;titulo letra-antonio&#8221;]<\/p>\n<h1 style=\"text-align: center;\">Qu\u00e8 signifiquen les banderes?<\/h1>\n<p>[\/vc_column_text][vc_row_inner][vc_column_inner el_class=&#8221;contenido&#8221;][vc_empty_space height=&#8221;20px&#8221;][vc_column_text]<\/p>\n<div style=\"position: absolute;\"><img loading=\"lazy\" decoding=\"async\" class=\"\" src=\"\/wp-content\/uploads\/2022\/06\/bandera_verde.png\" width=\"65\" height=\"65\" \/><\/div>\n<div style=\"margin-left: 80px;\">\n<p><strong>La bandera verda indica que les condicions de bany s\u00f3n bones<\/strong> i que es pot res i bussejar sense problemes. Es col\u00b7loca quan la mar est\u00e0 en calma, no hi ha residus en l&#8217;aigua ni qualsevol altre perill. Tamb\u00e9 influeix l&#8217;estat de la resta de la platja, ja que el que indica \u00e9s que no es detecten situacions de risc per a les persones que visiten la zona. No obstant aix\u00f2, la mar pot canviar sobtadament, per la qual cosa cap bandera \u00e9s permanent durant tot el dia.<\/p>\n<\/div>\n<p>[\/vc_column_text][\/vc_column_inner][\/vc_row_inner][vc_row_inner el_class=&#8221;bandera_amarilla&#8221;][vc_column_inner][vc_column_text]<\/p>\n<div style=\"position: absolute;\"><img loading=\"lazy\" decoding=\"async\" class=\"\" src=\"\/wp-content\/uploads\/2022\/06\/bandera_amarilla.png\" width=\"65\" height=\"65\" \/><\/div>\n<div style=\"margin-left: 80px;\">\n<p>La\u00a0<strong>bandera groga<\/strong>\u00a0es col\u00b7loca amb un major onatge i indica que cal tindre precauci\u00f3 durant el bany. A priori sembla que no porta associada cap prohibici\u00f3, per\u00f2 hi ha alguns detalls que no s\u00f3n coneguts. La Gu\u00e0rdia Civil explica que est\u00e0\u00a0\u201c<strong>prohibit el bany on el banyista no toque el fons amb el cap fora<\/strong>\u201d.<br \/>\nAquest color onejar\u00e0 en el lloc de salvament si les ones tenen una altura aproximada de metre i mig o hi ha corrents mitjanament forts. Per\u00f2 la bandera groga tamb\u00e9 adverteix d&#8217;altres perills, com a brut\u00edcia, meduses i altres animals marins.<\/p>\n<\/div>\n<p>[\/vc_column_text][\/vc_column_inner][\/vc_row_inner][vc_row_inner el_class=&#8221;bandera_roja&#8221;][vc_column_inner][vc_column_text]<\/p>\n<div style=\"position: absolute;\"><img loading=\"lazy\" decoding=\"async\" class=\"\" src=\"\/wp-content\/uploads\/2022\/06\/bandera_roja.png\" width=\"65\" height=\"65\" \/><\/div>\n<div style=\"margin-left: 80px;\">\n<p>Ull amb la <strong>bandera roja<\/strong>. En aquesta situaci\u00f3, <strong>el bany est\u00e0 prohibit perqu\u00e8 suposa un greu risc per a la vida o salut de les persones<\/strong>. El m\u00e9s probable \u00e9s que es deu a un onatge intens i corrents marines fortes. Indica un risc greu, per la qual cosa tamb\u00e9 adverteix d&#8217;altres perills freq\u00fcents quan la mar est\u00e0 agitada, com a brut\u00edcia, animals marins o clima advers.<\/p>\n<\/div>\n<p>[\/vc_column_text][\/vc_column_inner][\/vc_row_inner][vc_empty_space height=&#8221;70px&#8221;][\/vc_column][\/vc_row][vc_row full_width=&#8221;stretch_row&#8221; el_class=&#8221;mas_playas_ficha_playa bloque&#8221; css=&#8221;.vc_custom_1620885738513{padding-top: 0px !important;background-color: #ffffff !important;}&#8221;][vc_column el_class=&#8221;contenido&#8221;][vc_column_text el_class=&#8221;titulo letra-antonio&#8221;]<\/p>\n<p style=\"text-align: center;\">Tria la platja de la qual vols informar-te<\/p>\n<p>[\/vc_column_text][vc_empty_space height=&#8221;50px&#8221;][vc_row_inner el_class=&#8221;estado_playa&#8221;][vc_column_inner width=&#8221;1\/3&#8243;][vc_single_image image=&#8221;65948&#8243; img_size=&#8221;768&#215;768&#8243; alignment=&#8221;center&#8221; onclick=&#8221;custom_link&#8221; img_link_target=&#8221;_blank&#8221; link=&#8221;https:\/\/medigrupgestion.com\/playas\/info-playas?id=64&#8243;][vc_column_text]<\/p>\n<p style=\"text-align: center;\"><a href=\"https:\/\/medigrupgestion.com\/playas\/info-playas?id=64\" target=\"_blank\" rel=\"noopener noreferrer\">ELS TERRERS<\/a><\/p>\n<p>[\/vc_column_text][\/vc_column_inner][vc_column_inner width=&#8221;1\/3&#8243;][vc_single_image image=&#8221;65949&#8243; img_size=&#8221;768&#215;768&#8243; alignment=&#8221;center&#8221; onclick=&#8221;custom_link&#8221; img_link_target=&#8221;_blank&#8221; link=&#8221;https:\/\/medigrupgestion.com\/playas\/info-playas?id=64&#8243;][vc_column_text]<\/p>\n<p style=\"text-align: center;\"><a href=\"https:\/\/medigrupgestion.com\/playas\/info-playas?id=64\" target=\"_blank\" rel=\"noopener noreferrer\">HELI\u00d3POLIS<\/a><\/p>\n<p>[\/vc_column_text][\/vc_column_inner][vc_column_inner width=&#8221;1\/3&#8243;][vc_single_image image=&#8221;65950&#8243; img_size=&#8221;768&#215;768&#8243; alignment=&#8221;center&#8221; onclick=&#8221;custom_link&#8221; img_link_target=&#8221;_blank&#8221; link=&#8221;https:\/\/medigrupgestion.com\/playas\/info-playas?id=64&#8243;][vc_column_text]<\/p>\n<p style=\"text-align: center;\"><a href=\"https:\/\/medigrupgestion.com\/playas\/info-playas?id=64\" target=\"_blank\" rel=\"noopener noreferrer\">TORRE SANT VICENT<\/a><\/p>\n<p>[\/vc_column_text][\/vc_column_inner][vc_column_inner width=&#8221;1\/6&#8243;][\/vc_column_inner][vc_column_inner width=&#8221;1\/3&#8243;][vc_single_image image=&#8221;65951&#8243; img_size=&#8221;768&#215;768&#8243; alignment=&#8221;center&#8221; onclick=&#8221;custom_link&#8221; img_link_target=&#8221;_blank&#8221; link=&#8221;https:\/\/medigrupgestion.com\/playas\/info-playas?id=64&#8243;][vc_column_text]<\/p>\n<p style=\"text-align: center;\"><a href=\"https:\/\/medigrupgestion.com\/playas\/info-playas?id=64\" target=\"_blank\" rel=\"noopener noreferrer\">VORAMAR<\/a><\/p>\n<p>[\/vc_column_text][\/vc_column_inner][vc_column_inner width=&#8221;1\/3&#8243;][vc_single_image image=&#8221;65952&#8243; img_size=&#8221;768&#215;768&#8243; alignment=&#8221;center&#8221; onclick=&#8221;custom_link&#8221; img_link_target=&#8221;_blank&#8221; link=&#8221;https:\/\/medigrupgestion.com\/playas\/info-playas?id=64&#8243;][vc_column_text]<\/p>\n<p style=\"text-align: center;\"><a href=\"https:\/\/medigrupgestion.com\/playas\/info-playas?id=64\" target=\"_blank\" rel=\"noopener noreferrer\">ALMADRABA<\/a><\/p>\n<p>[\/vc_column_text][\/vc_column_inner][vc_column_inner width=&#8221;1\/6&#8243;][\/vc_column_inner][\/vc_row_inner][\/vc_column][\/vc_row]<\/p>\n","protected":false},"excerpt":{"rendered":"<p>[vc_row full_width=&#8221;stretch_row&#8221; el_class=&#8221;breadcrumb-container basico letra-montserrat&#8221;][vc_column][\/vc_column][\/vc_row][vc_row full_width=&#8221;stretch_row&#8221;][vc_column el_class=&#8221;contenido&#8221;][vc_column_text el_class=&#8221;titulo letra-antonio&#8221;] Revisa l&#8217;estat de la mar [\/vc_column_text][vc_column_text el_class=&#8221;titulo letra-antonio&#8221;] Qu\u00e8 signifiquen les banderes? [\/vc_column_text][vc_row_inner][vc_column_inner el_class=&#8221;contenido&#8221;][vc_empty_space height=&#8221;20px&#8221;][vc_column_text] La bandera verda indica que les condicions de bany s\u00f3n bones i que es pot res i bussejar sense problemes. Es col\u00b7loca quan la mar est\u00e0 en calma, no hi ha [&hellip;]<\/p>\n","protected":false},"author":1,"featured_media":0,"parent":0,"menu_order":0,"comment_status":"closed","ping_status":"closed","template":"","meta":{"_acf_changed":false,"footnotes":""},"class_list":["post-65945","page","type-page","status-publish","hentry"],"acf":[],"yoast_head":"<!-- This site is optimized with the Yoast SEO plugin v27.1.1 - https:\/\/yoast.com\/product\/yoast-seo-wordpress\/ -->\n<title>Estat de la mar - Benic\u00e0ssim Turismo<\/title>\n<meta name=\"robots\" content=\"index, follow, max-snippet:-1, max-image-preview:large, max-video-preview:-1\" \/>\n<link rel=\"canonical\" href=\"https:\/\/turismo.benicassim.es\/va\/estat-de-la-mar\/\" \/>\n<meta property=\"og:locale\" content=\"en_US\" \/>\n<meta property=\"og:type\" content=\"article\" \/>\n<meta property=\"og:title\" content=\"Estat de la mar - Benic\u00e0ssim Turismo\" \/>\n<meta property=\"og:description\" content=\"[vc_row full_width=&#8221;stretch_row&#8221; el_class=&#8221;breadcrumb-container basico letra-montserrat&#8221;][vc_column][\/vc_column][\/vc_row][vc_row full_width=&#8221;stretch_row&#8221;][vc_column el_class=&#8221;contenido&#8221;][vc_column_text el_class=&#8221;titulo letra-antonio&#8221;] Revisa l&#8217;estat de la mar [\/vc_column_text][vc_column_text el_class=&#8221;titulo letra-antonio&#8221;] Qu\u00e8 signifiquen les banderes? [\/vc_column_text][vc_row_inner][vc_column_inner el_class=&#8221;contenido&#8221;][vc_empty_space height=&#8221;20px&#8221;][vc_column_text] La bandera verda indica que les condicions de bany s\u00f3n bones i que es pot res i bussejar sense problemes. Es col\u00b7loca quan la mar est\u00e0 en calma, no hi ha [&hellip;]\" \/>\n<meta property=\"og:url\" content=\"https:\/\/turismo.benicassim.es\/va\/estat-de-la-mar\/\" \/>\n<meta property=\"og:site_name\" content=\"Benic\u00e0ssim Turismo\" \/>\n<meta property=\"article:modified_time\" content=\"2023-07-20T12:27:02+00:00\" \/>\n<meta name=\"twitter:card\" content=\"summary_large_image\" \/>\n<meta name=\"twitter:label1\" content=\"Est. reading time\" \/>\n\t<meta name=\"twitter:data1\" content=\"3 minutes\" \/>\n<script type=\"application\/ld+json\" class=\"yoast-schema-graph\">{\"@context\":\"https:\/\/schema.org\",\"@graph\":[{\"@type\":\"WebPage\",\"@id\":\"https:\/\/turismo.benicassim.es\/va\/estat-de-la-mar\/\",\"url\":\"https:\/\/turismo.benicassim.es\/va\/estat-de-la-mar\/\",\"name\":\"Estat de la mar - Benic\u00e0ssim Turismo\",\"isPartOf\":{\"@id\":\"https:\/\/turismo.benicassim.es\/va\/#website\"},\"datePublished\":\"2022-06-22T11:40:01+00:00\",\"dateModified\":\"2023-07-20T12:27:02+00:00\",\"breadcrumb\":{\"@id\":\"https:\/\/turismo.benicassim.es\/va\/estat-de-la-mar\/#breadcrumb\"},\"inLanguage\":\"ca-CA\",\"potentialAction\":[{\"@type\":\"ReadAction\",\"target\":[\"https:\/\/turismo.benicassim.es\/va\/estat-de-la-mar\/\"]}]},{\"@type\":\"BreadcrumbList\",\"@id\":\"https:\/\/turismo.benicassim.es\/va\/estat-de-la-mar\/#breadcrumb\",\"itemListElement\":[{\"@type\":\"ListItem\",\"position\":1,\"name\":\"Inicio\",\"item\":\"https:\/\/turismo.benicassim.es\/va\/\"},{\"@type\":\"ListItem\",\"position\":2,\"name\":\"Estat de la mar\"}]},{\"@type\":\"WebSite\",\"@id\":\"https:\/\/turismo.benicassim.es\/va\/#website\",\"url\":\"https:\/\/turismo.benicassim.es\/va\/\",\"name\":\"Benic\u00e0ssim Turismo\",\"description\":\"Web de informaci\u00f3n de Turismo en Benicasim\",\"potentialAction\":[{\"@type\":\"SearchAction\",\"target\":{\"@type\":\"EntryPoint\",\"urlTemplate\":\"https:\/\/turismo.benicassim.es\/va\/?s={search_term_string}\"},\"query-input\":{\"@type\":\"PropertyValueSpecification\",\"valueRequired\":true,\"valueName\":\"search_term_string\"}}],\"inLanguage\":\"ca-CA\"}]}<\/script>\n<!-- \/ Yoast SEO plugin. -->","yoast_head_json":{"title":"Estat de la mar - Benic\u00e0ssim Turismo","robots":{"index":"index","follow":"follow","max-snippet":"max-snippet:-1","max-image-preview":"max-image-preview:large","max-video-preview":"max-video-preview:-1"},"canonical":"https:\/\/turismo.benicassim.es\/va\/estat-de-la-mar\/","og_locale":"en_US","og_type":"article","og_title":"Estat de la mar - Benic\u00e0ssim Turismo","og_description":"[vc_row full_width=&#8221;stretch_row&#8221; el_class=&#8221;breadcrumb-container basico letra-montserrat&#8221;][vc_column][\/vc_column][\/vc_row][vc_row full_width=&#8221;stretch_row&#8221;][vc_column el_class=&#8221;contenido&#8221;][vc_column_text el_class=&#8221;titulo letra-antonio&#8221;] Revisa l&#8217;estat de la mar [\/vc_column_text][vc_column_text el_class=&#8221;titulo letra-antonio&#8221;] Qu\u00e8 signifiquen les banderes? [\/vc_column_text][vc_row_inner][vc_column_inner el_class=&#8221;contenido&#8221;][vc_empty_space height=&#8221;20px&#8221;][vc_column_text] La bandera verda indica que les condicions de bany s\u00f3n bones i que es pot res i bussejar sense problemes. Es col\u00b7loca quan la mar est\u00e0 en calma, no hi ha [&hellip;]","og_url":"https:\/\/turismo.benicassim.es\/va\/estat-de-la-mar\/","og_site_name":"Benic\u00e0ssim Turismo","article_modified_time":"2023-07-20T12:27:02+00:00","twitter_card":"summary_large_image","twitter_misc":{"Est. reading time":"3 minutes"},"schema":{"@context":"https:\/\/schema.org","@graph":[{"@type":"WebPage","@id":"https:\/\/turismo.benicassim.es\/va\/estat-de-la-mar\/","url":"https:\/\/turismo.benicassim.es\/va\/estat-de-la-mar\/","name":"Estat de la mar - Benic\u00e0ssim Turismo","isPartOf":{"@id":"https:\/\/turismo.benicassim.es\/va\/#website"},"datePublished":"2022-06-22T11:40:01+00:00","dateModified":"2023-07-20T12:27:02+00:00","breadcrumb":{"@id":"https:\/\/turismo.benicassim.es\/va\/estat-de-la-mar\/#breadcrumb"},"inLanguage":"ca-CA","potentialAction":[{"@type":"ReadAction","target":["https:\/\/turismo.benicassim.es\/va\/estat-de-la-mar\/"]}]},{"@type":"BreadcrumbList","@id":"https:\/\/turismo.benicassim.es\/va\/estat-de-la-mar\/#breadcrumb","itemListElement":[{"@type":"ListItem","position":1,"name":"Inicio","item":"https:\/\/turismo.benicassim.es\/va\/"},{"@type":"ListItem","position":2,"name":"Estat de la mar"}]},{"@type":"WebSite","@id":"https:\/\/turismo.benicassim.es\/va\/#website","url":"https:\/\/turismo.benicassim.es\/va\/","name":"Benic\u00e0ssim Turismo","description":"Web de informaci\u00f3n de Turismo en Benicasim","potentialAction":[{"@type":"SearchAction","target":{"@type":"EntryPoint","urlTemplate":"https:\/\/turismo.benicassim.es\/va\/?s={search_term_string}"},"query-input":{"@type":"PropertyValueSpecification","valueRequired":true,"valueName":"search_term_string"}}],"inLanguage":"ca-CA"}]}},"_links":{"self":[{"href":"https:\/\/turismo.benicassim.es\/va\/wp-json\/wp\/v2\/pages\/65945","targetHints":{"allow":["GET"]}}],"collection":[{"href":"https:\/\/turismo.benicassim.es\/va\/wp-json\/wp\/v2\/pages"}],"about":[{"href":"https:\/\/turismo.benicassim.es\/va\/wp-json\/wp\/v2\/types\/page"}],"author":[{"embeddable":true,"href":"https:\/\/turismo.benicassim.es\/va\/wp-json\/wp\/v2\/users\/1"}],"replies":[{"embeddable":true,"href":"https:\/\/turismo.benicassim.es\/va\/wp-json\/wp\/v2\/comments?post=65945"}],"version-history":[{"count":5,"href":"https:\/\/turismo.benicassim.es\/va\/wp-json\/wp\/v2\/pages\/65945\/revisions"}],"predecessor-version":[{"id":72284,"href":"https:\/\/turismo.benicassim.es\/va\/wp-json\/wp\/v2\/pages\/65945\/revisions\/72284"}],"wp:attachment":[{"href":"https:\/\/turismo.benicassim.es\/va\/wp-json\/wp\/v2\/media?parent=65945"}],"curies":[{"name":"wp","href":"https:\/\/api.w.org\/{rel}","templated":true}]}}