{"id":68434,"date":"2022-10-27T14:19:21","date_gmt":"2022-10-27T12:19:21","guid":{"rendered":"https:\/\/turismo.benicassim.es\/?page_id=68434"},"modified":"2025-09-11T10:08:22","modified_gmt":"2025-09-11T08:08:22","slug":"condicions-generals-visites-guiades","status":"publish","type":"page","link":"https:\/\/turismo.benicassim.es\/va\/condicions-generals-visites-guiades\/","title":{"rendered":"Condicions generals visites guiades"},"content":{"rendered":"<p>[vc_row][vc_column][vc_column_text]<\/p>\n<h1 style=\"text-align: center;\">PROGRAMA OFICIAL DE VISITES GUIADES<br \/>\nCONDICIONS GENERALS<\/h1>\n<ul>\n<li>Totes les visites del programa oficial de visites guiades tenen places limitades. \u00c9s aconsellable la compra anticipada (<a href=\"https:\/\/turismo.benicassim.es\/va\/\">www.turismo.benicassim.es<\/a>).<\/li>\n<li>Cada grup estar\u00e0 acompanyat per un <strong>Guia Oficial de Turisme<\/strong> durant tot el recorregut.<\/li>\n<li>L&#8217;<strong>edat m\u00ednima<\/strong> per a realitzar rutes de senderisme \u00e9s de 8 anys. En qualsevol cas, depenent de les caracter\u00edstiques de la ruta, s&#8217;especificar\u00e0 en el programa oficial de visites guiades.<\/li>\n<li>La venda presencial de tiquets tancar\u00e0 <strong>1 hora abans de l&#8217;inici de la visita<\/strong> i la venda online el far\u00e0 amb <strong>30 minuts d&#8217;antelaci\u00f3<\/strong>.<br \/>\nS&#8217;haur\u00e0 d&#8217;estar en el punt de partida de la ruta 10 minuts abans del comen\u00e7ament d&#8217;aquesta, ja que la visita s&#8217;iniciar\u00e0 a l&#8217;hora programada. <strong>Agra\u00efm la seua puntualitat<\/strong>.<\/li>\n<li>El Programa no es responsabilitzar\u00e0 dels accidents que pogueren produir-se en el transcurs de les visites per imprud\u00e8ncia dels visitants en els edificis i llocs inclosos en la ruta.<\/li>\n<li>L&#8217;organitzaci\u00f3 es reserva el dret de modificaci\u00f3 o anul\u00b7laci\u00f3 del recorregut i la visita, entrada a monuments i horaris programats, sempre que siga per motius justificats, que s&#8217;exposaran als participants abans de l&#8217;eixida.<\/li>\n<li>No est\u00e0 perm\u00e9s prendre fotografies o gravar imatges de l&#8217;equip de guies, sense pr\u00e8via autoritzaci\u00f3.<\/li>\n<li>Durant la prestaci\u00f3 del servei no est\u00e0 perm\u00e9s l&#8217;acc\u00e9s amb animals, excepte gossos guia o d&#8217;assist\u00e8ncia.<\/li>\n<\/ul>\n<h2>VENDA D&#8217;ENTRADES<\/h2>\n<ul>\n<li>La venda presencial es realitzar\u00e0 en les Oficines de Turisme Casa Abadia (C\/Sant Tom\u00e0s, 74), en l&#8217;Oficina de Turisme de Torre Sant Vicent (Passeig Mar\u00edtim Bernat Artola s\/n, junt Torre de Sant Vicent) i en l&#8217;Oficina de Turisme d&#8217;Heli\u00f2polis. Consultar horaris*.<\/li>\n<li>La venda online es realitzar\u00e0 a trav\u00e9s de la web (<a href=\"https:\/\/turismo.benicassim.es\/va\/\">turismo.benicassim.es<\/a>). A l&#8217;inici de la visita, bastar\u00e0 amb mostrar l&#8217;e-mail de confirmaci\u00f3 de compra des de qualsevol dispositiu m\u00f2bil.<\/li>\n<li><strong>El pagament es realitzar\u00e0 exclusivament amb Targeta Banc\u00e0ria.<\/strong><\/li>\n<\/ul>\n<h2>CANVIS, ANUL\u00b7LACIONS I DEVOLUCIONS<\/h2>\n<ul>\n<li>En cas d&#8217;alteraci\u00f3 en l&#8217;itinerari o duraci\u00f3 de la visita, per causes alienes a l&#8217;organitzaci\u00f3, no procedir\u00e0 el canvi, ni la devoluci\u00f3 d&#8217;aquesta.<\/li>\n<li>En cas de cancel\u00b7laci\u00f3 d&#8217;una visita per raons alienes al client, es procedir\u00e0 al canvi per una altra d&#8217;igual import amb disponibilitat de places o a la seua devoluci\u00f3.<\/li>\n<\/ul>\n<h2>TARIFES<\/h2>\n<ul>\n<li>Visites guiades generals<br \/>\nTarifa general: 3 \u20ac.<br \/>\nTarifa redu\u00efda: jubilats, xiquets (menors de 12 anys) i usuaris del Carnet Gent d&#8217;Or: 1,5 \u20ac**<\/li>\n<li>Visites amb expert (teatralitzades, astron\u00f2miques, ruta de la taronja, centre urb\u00e0, micol\u00f2gica, etc)<br \/>\nTarifa general: 5 \u20ac.<br \/>\nTarifa redu\u00efda: jubilats, xiquets (menors de 12 anys) i usuaris del Carnet Gent d&#8217;Or: 2,5 \u20ac**<\/li>\n<\/ul>\n<p>**Es justificar\u00e0 mitjan\u00e7ant presentaci\u00f3 del carnet\/targeta acreditativa.<\/p>\n<p>[\/vc_column_text][\/vc_column][\/vc_row]<\/p>\n","protected":false},"excerpt":{"rendered":"<p>[vc_row][vc_column][vc_column_text] PROGRAMA OFICIAL DE VISITES GUIADES CONDICIONS GENERALS Totes les visites del programa oficial de visites guiades tenen places limitades. \u00c9s aconsellable la compra anticipada (www.turismo.benicassim.es). Cada grup estar\u00e0 acompanyat per un Guia Oficial de Turisme durant tot el recorregut. L&#8217;edat m\u00ednima per a realitzar rutes de senderisme \u00e9s de 8 anys. En qualsevol cas, [&hellip;]<\/p>\n","protected":false},"author":1,"featured_media":0,"parent":0,"menu_order":0,"comment_status":"closed","ping_status":"closed","template":"","meta":{"_acf_changed":false,"footnotes":""},"class_list":["post-68434","page","type-page","status-publish","hentry"],"acf":[],"yoast_head":"<!-- This site is optimized with the Yoast SEO plugin v27.1.1 - https:\/\/yoast.com\/product\/yoast-seo-wordpress\/ -->\n<title>Condicions generals visites guiades - Benic\u00e0ssim Turismo<\/title>\n<meta name=\"robots\" content=\"index, follow, max-snippet:-1, max-image-preview:large, max-video-preview:-1\" \/>\n<link rel=\"canonical\" href=\"https:\/\/turismo.benicassim.es\/va\/condicions-generals-visites-guiades\/\" \/>\n<meta property=\"og:locale\" content=\"en_US\" \/>\n<meta property=\"og:type\" content=\"article\" \/>\n<meta property=\"og:title\" content=\"Condicions generals visites guiades - Benic\u00e0ssim Turismo\" \/>\n<meta property=\"og:description\" content=\"[vc_row][vc_column][vc_column_text] PROGRAMA OFICIAL DE VISITES GUIADES CONDICIONS GENERALS Totes les visites del programa oficial de visites guiades tenen places limitades. \u00c9s aconsellable la compra anticipada (www.turismo.benicassim.es). Cada grup estar\u00e0 acompanyat per un Guia Oficial de Turisme durant tot el recorregut. L&#8217;edat m\u00ednima per a realitzar rutes de senderisme \u00e9s de 8 anys. En qualsevol cas, [&hellip;]\" \/>\n<meta property=\"og:url\" content=\"https:\/\/turismo.benicassim.es\/va\/condicions-generals-visites-guiades\/\" \/>\n<meta property=\"og:site_name\" content=\"Benic\u00e0ssim Turismo\" \/>\n<meta property=\"article:modified_time\" content=\"2025-09-11T08:08:22+00:00\" \/>\n<meta name=\"twitter:card\" content=\"summary_large_image\" \/>\n<meta name=\"twitter:label1\" content=\"Est. reading time\" \/>\n\t<meta name=\"twitter:data1\" content=\"3 minutes\" \/>\n<script type=\"application\/ld+json\" class=\"yoast-schema-graph\">{\"@context\":\"https:\/\/schema.org\",\"@graph\":[{\"@type\":\"WebPage\",\"@id\":\"https:\/\/turismo.benicassim.es\/va\/condicions-generals-visites-guiades\/\",\"url\":\"https:\/\/turismo.benicassim.es\/va\/condicions-generals-visites-guiades\/\",\"name\":\"Condicions generals visites guiades - Benic\u00e0ssim Turismo\",\"isPartOf\":{\"@id\":\"https:\/\/turismo.benicassim.es\/va\/#website\"},\"datePublished\":\"2022-10-27T12:19:21+00:00\",\"dateModified\":\"2025-09-11T08:08:22+00:00\",\"breadcrumb\":{\"@id\":\"https:\/\/turismo.benicassim.es\/va\/condicions-generals-visites-guiades\/#breadcrumb\"},\"inLanguage\":\"ca-CA\",\"potentialAction\":[{\"@type\":\"ReadAction\",\"target\":[\"https:\/\/turismo.benicassim.es\/va\/condicions-generals-visites-guiades\/\"]}]},{\"@type\":\"BreadcrumbList\",\"@id\":\"https:\/\/turismo.benicassim.es\/va\/condicions-generals-visites-guiades\/#breadcrumb\",\"itemListElement\":[{\"@type\":\"ListItem\",\"position\":1,\"name\":\"Inicio\",\"item\":\"https:\/\/turismo.benicassim.es\/va\/\"},{\"@type\":\"ListItem\",\"position\":2,\"name\":\"Condicions generals visites guiades\"}]},{\"@type\":\"WebSite\",\"@id\":\"https:\/\/turismo.benicassim.es\/va\/#website\",\"url\":\"https:\/\/turismo.benicassim.es\/va\/\",\"name\":\"Benic\u00e0ssim Turismo\",\"description\":\"Web de informaci\u00f3n de Turismo en Benicasim\",\"potentialAction\":[{\"@type\":\"SearchAction\",\"target\":{\"@type\":\"EntryPoint\",\"urlTemplate\":\"https:\/\/turismo.benicassim.es\/va\/?s={search_term_string}\"},\"query-input\":{\"@type\":\"PropertyValueSpecification\",\"valueRequired\":true,\"valueName\":\"search_term_string\"}}],\"inLanguage\":\"ca-CA\"}]}<\/script>\n<!-- \/ Yoast SEO plugin. -->","yoast_head_json":{"title":"Condicions generals visites guiades - Benic\u00e0ssim Turismo","robots":{"index":"index","follow":"follow","max-snippet":"max-snippet:-1","max-image-preview":"max-image-preview:large","max-video-preview":"max-video-preview:-1"},"canonical":"https:\/\/turismo.benicassim.es\/va\/condicions-generals-visites-guiades\/","og_locale":"en_US","og_type":"article","og_title":"Condicions generals visites guiades - Benic\u00e0ssim Turismo","og_description":"[vc_row][vc_column][vc_column_text] PROGRAMA OFICIAL DE VISITES GUIADES CONDICIONS GENERALS Totes les visites del programa oficial de visites guiades tenen places limitades. \u00c9s aconsellable la compra anticipada (www.turismo.benicassim.es). Cada grup estar\u00e0 acompanyat per un Guia Oficial de Turisme durant tot el recorregut. L&#8217;edat m\u00ednima per a realitzar rutes de senderisme \u00e9s de 8 anys. En qualsevol cas, [&hellip;]","og_url":"https:\/\/turismo.benicassim.es\/va\/condicions-generals-visites-guiades\/","og_site_name":"Benic\u00e0ssim Turismo","article_modified_time":"2025-09-11T08:08:22+00:00","twitter_card":"summary_large_image","twitter_misc":{"Est. reading time":"3 minutes"},"schema":{"@context":"https:\/\/schema.org","@graph":[{"@type":"WebPage","@id":"https:\/\/turismo.benicassim.es\/va\/condicions-generals-visites-guiades\/","url":"https:\/\/turismo.benicassim.es\/va\/condicions-generals-visites-guiades\/","name":"Condicions generals visites guiades - Benic\u00e0ssim Turismo","isPartOf":{"@id":"https:\/\/turismo.benicassim.es\/va\/#website"},"datePublished":"2022-10-27T12:19:21+00:00","dateModified":"2025-09-11T08:08:22+00:00","breadcrumb":{"@id":"https:\/\/turismo.benicassim.es\/va\/condicions-generals-visites-guiades\/#breadcrumb"},"inLanguage":"ca-CA","potentialAction":[{"@type":"ReadAction","target":["https:\/\/turismo.benicassim.es\/va\/condicions-generals-visites-guiades\/"]}]},{"@type":"BreadcrumbList","@id":"https:\/\/turismo.benicassim.es\/va\/condicions-generals-visites-guiades\/#breadcrumb","itemListElement":[{"@type":"ListItem","position":1,"name":"Inicio","item":"https:\/\/turismo.benicassim.es\/va\/"},{"@type":"ListItem","position":2,"name":"Condicions generals visites guiades"}]},{"@type":"WebSite","@id":"https:\/\/turismo.benicassim.es\/va\/#website","url":"https:\/\/turismo.benicassim.es\/va\/","name":"Benic\u00e0ssim Turismo","description":"Web de informaci\u00f3n de Turismo en Benicasim","potentialAction":[{"@type":"SearchAction","target":{"@type":"EntryPoint","urlTemplate":"https:\/\/turismo.benicassim.es\/va\/?s={search_term_string}"},"query-input":{"@type":"PropertyValueSpecification","valueRequired":true,"valueName":"search_term_string"}}],"inLanguage":"ca-CA"}]}},"_links":{"self":[{"href":"https:\/\/turismo.benicassim.es\/va\/wp-json\/wp\/v2\/pages\/68434","targetHints":{"allow":["GET"]}}],"collection":[{"href":"https:\/\/turismo.benicassim.es\/va\/wp-json\/wp\/v2\/pages"}],"about":[{"href":"https:\/\/turismo.benicassim.es\/va\/wp-json\/wp\/v2\/types\/page"}],"author":[{"embeddable":true,"href":"https:\/\/turismo.benicassim.es\/va\/wp-json\/wp\/v2\/users\/1"}],"replies":[{"embeddable":true,"href":"https:\/\/turismo.benicassim.es\/va\/wp-json\/wp\/v2\/comments?post=68434"}],"version-history":[{"count":2,"href":"https:\/\/turismo.benicassim.es\/va\/wp-json\/wp\/v2\/pages\/68434\/revisions"}],"predecessor-version":[{"id":84017,"href":"https:\/\/turismo.benicassim.es\/va\/wp-json\/wp\/v2\/pages\/68434\/revisions\/84017"}],"wp:attachment":[{"href":"https:\/\/turismo.benicassim.es\/va\/wp-json\/wp\/v2\/media?parent=68434"}],"curies":[{"name":"wp","href":"https:\/\/api.w.org\/{rel}","templated":true}]}}