{"id":81685,"date":"2025-06-06T12:51:24","date_gmt":"2025-06-06T10:51:24","guid":{"rendered":"https:\/\/turismo.benicassim.es\/?page_id=81685"},"modified":"2025-06-06T12:51:24","modified_gmt":"2025-06-06T10:51:24","slug":"audioguies-2","status":"publish","type":"page","link":"https:\/\/turismo.benicassim.es\/va\/audioguies-2\/","title":{"rendered":"Audioguies 2"},"content":{"rendered":"<p>[vc_row full_width=&#8221;stretch_row&#8221; el_class=&#8221;breadcrumb-container banner letra-montserrat&#8221;][vc_column]<div class=\"my-breadcrumb\" style=\"display:inline-block;\"><a href=\"https:\/\/turismo.benicassim.es\/va\/\" class=\"link-color-2\">Inici<\/a> \/ <span>Audioguies 2<\/span><\/div>[\/vc_column][\/vc_row][vc_row][vc_column]\n\t\t\t<!-- START Audioguies REVOLUTION SLIDER 6.6.14 --><p class=\"rs-p-wp-fix\"><\/p>\n\t\t\t<rs-module-wrap id=\"rev_slider_51_1_wrapper\" data-source=\"gallery\" style=\"visibility:hidden;background:transparent;padding:0;margin:0px auto;margin-top:0;margin-bottom:0;\">\n\t\t\t\t<rs-module id=\"rev_slider_51_1\" style=\"\" data-version=\"6.6.14\">\n\t\t\t\t\t<rs-slides style=\"overflow: hidden; position: absolute;\">\n\t\t\t\t\t\t<rs-slide style=\"position: absolute;\" data-key=\"rs-207\" data-title=\"Slide\" data-anim=\"ms:1000;r:0;\" data-in=\"o:0;\" data-out=\"a:false;\">\n\t\t\t\t\t\t\t<img decoding=\"async\" src=\"\/\/turismo.benicassim.es\/wp-content\/plugins\/revslider\/public\/assets\/assets\/dummy.png\" alt=\"\" title=\"cascos_audioguias\" width=\"1280\" height=\"853\" class=\"rev-slidebg tp-rs-img rs-lazyload\" data-lazyload=\"\/\/turismo.benicassim.es\/wp-content\/uploads\/2021\/10\/cascos_audioguias.jpg\" data-no-retina>\n<!--\n\t\t\t\t\t\t\t--><h1\n\t\t\t\t\t\t\t\tid=\"slider-51-slide-207-layer-0\" \n\t\t\t\t\t\t\t\tclass=\"rs-layer letra-antonio\"\n\t\t\t\t\t\t\t\tdata-type=\"text\"\n\t\t\t\t\t\t\t\tdata-color=\"#ffffff\"\n\t\t\t\t\t\t\t\tdata-rsp_ch=\"on\"\n\t\t\t\t\t\t\t\tdata-xy=\"x:c;y:c;\"\n\t\t\t\t\t\t\t\tdata-text=\"w:normal;s:60;l:90;ls:2px;a:center;\"\n\t\t\t\t\t\t\t\tdata-frame_999=\"o:0;st:w;\"\n\t\t\t\t\t\t\t\tstyle=\"z-index:5;font-family:'Anton';\"\n\t\t\t\t\t\t\t>Audioguies Benic\u00e0ssim \n\t\t\t\t\t\t\t<\/h1><!--\n-->\t\t\t\t\t\t<\/rs-slide>\n\t\t\t\t\t<\/rs-slides>\n\t\t\t\t<\/rs-module>\n\t\t\t\t<script>\n\t\t\t\t\tsetREVStartSize({c: 'rev_slider_51_1',rl:[1240,1024,778,480],el:[550],gw:[1900],gh:[550],type:'standard',justify:'',layout:'fullwidth',mh:\"0\"});if (window.RS_MODULES!==undefined && window.RS_MODULES.modules!==undefined && window.RS_MODULES.modules[\"revslider511\"]!==undefined) {window.RS_MODULES.modules[\"revslider511\"].once = false;window.revapi51 = undefined;if (window.RS_MODULES.checkMinimal!==undefined) window.RS_MODULES.checkMinimal()}\n\t\t\t\t<\/script>\n\t\t\t<\/rs-module-wrap>\n\t\t\t<!-- END REVOLUTION SLIDER -->\n[\/vc_column][\/vc_row][vc_row full_width=&#8221;stretch_row&#8221; el_class=&#8221;bloque&#8221;][vc_column el_class=&#8221;contenido&#8221;][vc_column_text el_class=&#8221;tabla-audioguias&#8221;]<\/p>\n<table>\n<tbody>\n<tr>\n<td>01 Introducci\u00f3<\/td>\n<td><audio controls=\"controls\"><source src=\"\/wp-content\/uploads\/2021\/10\/01_Introducci\u00f3.mp3\" type=\"audio\/mp3\" \/><\/audio><\/td>\n<\/tr>\n<tr>\n<td>02 Introducci\u00f3 de la Ruta de Les Vil\u00b7les<\/td>\n<td><audio controls=\"controls\"><source src=\"\/wp-content\/uploads\/2021\/10\/02_Introducci\u00f3_de_la_Ruta_de_Les_Vil\u00b7les.mp3\" type=\"audio\/mp3\" \/><\/audio><\/td>\n<\/tr>\n<tr>\n<td>03 Torre de Sant Vicent<\/td>\n<td><audio controls=\"controls\"><source src=\"\/wp-content\/uploads\/2021\/10\/03_Torre_de_Sant_Vicent.mp3\" type=\"audio\/mp3\" \/><\/audio><\/td>\n<\/tr>\n<tr>\n<td>04 Vil\u00b7les Solimar, Camilleri, El Barco i Il\u00b7luminada<\/td>\n<td><audio controls=\"controls\"><source src=\"\/wp-content\/uploads\/2021\/10\/04_Vil\u00b7les_Solimar,_Camilleri,_El_Barco_i_Il\u00b7luminada.mp3\" type=\"audio\/mp3\" \/><\/audio><\/td>\n<\/tr>\n<tr>\n<td>05 Vil\u00b7les Sof\u00eda, Santa Cristina i Marina<\/td>\n<td><audio controls=\"controls\"><source src=\"\/wp-content\/uploads\/2021\/10\/05_Vil\u00b7les_Sof\u00eda,_Santa_Cristina_i_Marina.mp3\" type=\"audio\/mp3\" \/><\/audio><\/td>\n<\/tr>\n<tr>\n<td>06 Vil\u00b7les Mar\u00eda del Carmen i D\u00e1valos<\/td>\n<td><audio controls=\"controls\"><source src=\"\/wp-content\/uploads\/2021\/10\/06_Vil\u00b7les_Mar\u00eda_del_Carmen_i_D\u00e1valos.mp3\" type=\"audio\/mp3\" \/><\/audio><\/td>\n<\/tr>\n<tr>\n<td>07 Vil\u00b7les Mar\u00eda Julia, Santa Ana i Maria<\/td>\n<td><audio controls=\"controls\"><source src=\"\/wp-content\/uploads\/2021\/10\/07_Vil\u00b7les_Mar\u00eda_Julia,_Santa_Ana_i_Maria.mp3\" type=\"audio\/mp3\" \/><\/audio><\/td>\n<\/tr>\n<tr>\n<td>08 Vil\u00b7les Rosita i Vicentica<\/td>\n<td><audio controls=\"controls\"><source src=\"\/wp-content\/uploads\/2021\/10\/08_Vil\u00b7les_Rosita_i_Vicentica.mp3\" type=\"audio\/mp3\" \/><\/audio><\/td>\n<\/tr>\n<tr>\n<td>09 Vil\u00b7la Gens, Cuatro Villas i Vil\u00b7la del Mar<\/td>\n<td><audio controls=\"controls\"><source src=\"\/wp-content\/uploads\/2021\/10\/09_Vil\u00b7la_Gens,_Cuatro_Villas_i_Vil\u00b7la_del_Mar.mp3\" type=\"audio\/mp3\" \/><\/audio><\/td>\n<\/tr>\n<tr>\n<td>10 Vil\u00b7les Pons, Rafaela i Socorrito<\/td>\n<td><audio controls=\"controls\"><source src=\"\/wp-content\/uploads\/2021\/10\/10_Vil\u00b7les_Pons,_Rafaela_i_Socorrito.mp3\" type=\"audio\/mp3\" \/><\/audio><\/td>\n<\/tr>\n<tr>\n<td>11 Vil\u00b7les Amparo, Victoria, Carpi i Paquita<\/td>\n<td><audio controls=\"controls\"><source src=\"\/wp-content\/uploads\/2021\/10\/11_Vil\u00b7les_Amparo,_Victoria,_Carpi_i_Paquita.mp3\" type=\"audio\/mp3\" \/><\/audio><\/td>\n<\/tr>\n<tr>\n<td>12 Vil\u00b7la Elisa i Vil\u00b7la amb Torre<\/td>\n<td><audio controls=\"controls\"><source src=\"\/wp-content\/uploads\/2021\/10\/12_Vil\u00b7la_Elisa_i_Vil\u00b7la_amb_Torre.mp3\" type=\"audio\/mp3\" \/><\/audio><\/td>\n<\/tr>\n<tr>\n<td>13 Hotel Voramar<\/td>\n<td><audio controls=\"controls\"><source src=\"\/wp-content\/uploads\/2021\/10\/13_Hotel_Voramar_val.mp3\" type=\"audio\/mp3\" \/><\/audio><\/td>\n<\/tr>\n<tr>\n<td>14 Font del Senyor i desenrotllament urbanistic<\/td>\n<td><audio controls=\"controls\"><source src=\"\/wp-content\/uploads\/2021\/10\/14_Font_del_Senyor_i_desenrotllament_urbanistic.mp3\" type=\"audio\/mp3\" \/><\/audio><\/td>\n<\/tr>\n<tr>\n<td>15 Esgl\u00e9sia de Sant Tom\u00e1s<\/td>\n<td><audio controls=\"controls\"><source src=\"\/wp-content\/uploads\/2021\/10\/15_Esgl\u00e9sia_de_Sant_Tom\u00e1s.mp3\" type=\"audio\/mp3\" \/><\/audio><\/td>\n<\/tr>\n<tr>\n<td>16 Ajuntament, Biblioteca, Casa de la Cultura<\/td>\n<td><audio controls=\"controls\"><source src=\"\/wp-content\/uploads\/2021\/10\/16_Ajuntament,_Biblioteca,_Casa_de_la_Cultura.mp3\" type=\"audio\/mp3\" \/><\/audio><\/td>\n<\/tr>\n<tr>\n<td>17 Teatre Municipal<\/td>\n<td><audio controls=\"controls\"><source src=\"\/wp-content\/uploads\/2021\/10\/17_Teatre_Municipal.mp3\" type=\"audio\/mp3\" \/><\/audio><\/td>\n<\/tr>\n<tr>\n<td>18 Pla\u00e7a dels Dolors i gents<\/td>\n<td><audio controls=\"controls\"><source src=\"\/wp-content\/uploads\/2021\/10\/18_Pla\u00e7a_dels_Dolors_i_gents.mp3\" type=\"audio\/mp3\" \/><\/audio><\/td>\n<\/tr>\n<tr>\n<td>19 Museu i Celler Carmelit\u00e0<\/td>\n<td><audio controls=\"controls\"><source src=\"\/wp-content\/uploads\/2021\/10\/19_Museu_i_Celler_Carmelit\u00e0.mp3\" type=\"audio\/mp3\" \/><\/audio><\/td>\n<\/tr>\n<tr>\n<td>20 Pont de Ferro i ferrocarril<\/td>\n<td><audio controls=\"controls\"><source src=\"\/wp-content\/uploads\/2021\/10\/20_Pont_de_Ferro_i_ferrocarril.mp3\" type=\"audio\/mp3\" \/><\/audio><\/td>\n<\/tr>\n<tr>\n<td>21 Introducci\u00f3 Desert de les Palmes<\/td>\n<td><audio controls=\"controls\"><source src=\"\/wp-content\/uploads\/2021\/10\/21_Introducci\u00f3_Desert_de_les_Palmes.mp3\" type=\"audio\/mp3\" \/><\/audio><\/td>\n<\/tr>\n<tr>\n<td>22 Desert de les Palmes, espai natural<\/td>\n<td><audio controls=\"controls\"><source src=\"\/wp-content\/uploads\/2021\/10\/22_Desert_de_les_Palmes,_espai_natural.mp3\" type=\"audio\/mp3\" \/><\/audio><\/td>\n<\/tr>\n<tr>\n<td>23 Fonts i miradors<\/td>\n<td><audio controls=\"controls\"><source src=\"\/wp-content\/uploads\/2021\/10\/23_Fonts_i_miradors.mp3\" type=\"audio\/mp3\" \/><\/audio><\/td>\n<\/tr>\n<tr>\n<td>24 Vestigis historics<\/td>\n<td><audio controls=\"controls\"><source src=\"\/wp-content\/uploads\/2021\/10\/24_Vestigis_historics.mp3\" type=\"audio\/mp3\" \/><\/audio><\/td>\n<\/tr>\n<tr>\n<td>25 Castell de Montorn\u00e9s<\/td>\n<td><audio controls=\"controls\"><source src=\"\/wp-content\/uploads\/2021\/10\/25_Castell_de_Montorn\u00e9s.mp3\" type=\"audio\/mp3\" \/><\/audio><\/td>\n<\/tr>\n<tr>\n<td>26 Antic monestir (monestir Vell)<\/td>\n<td><audio controls=\"controls\"><source src=\"\/wp-content\/uploads\/2021\/10\/26_Antic_monestir_(monestir_Vell).mp3\" type=\"audio\/mp3\" \/><\/audio><\/td>\n<\/tr>\n<tr>\n<td>27 Ermites i Antres<\/td>\n<td><audio controls=\"controls\"><source src=\"\/wp-content\/uploads\/2021\/10\/27_Ermites_i_Antres.mp3\" type=\"audio\/mp3\" \/><\/audio><\/td>\n<\/tr>\n<tr>\n<td>28 Monestir dels Carmelites Descal\u00e7os<\/td>\n<td><audio controls=\"controls\"><source src=\"\/wp-content\/uploads\/2021\/10\/28_Monestir_dels_Carmelites_Descal\u00e7os.mp3\" type=\"audio\/mp3\" \/><\/audio><\/td>\n<\/tr>\n<\/tbody>\n<\/table>\n<p>[\/vc_column_text][\/vc_column][\/vc_row]<\/p>\n","protected":false},"excerpt":{"rendered":"<p>[vc_row full_width=&#8221;stretch_row&#8221; el_class=&#8221;breadcrumb-container banner letra-montserrat&#8221;][vc_column][\/vc_column][\/vc_row][vc_row][vc_column][\/vc_column][\/vc_row][vc_row full_width=&#8221;stretch_row&#8221; el_class=&#8221;bloque&#8221;][vc_column el_class=&#8221;contenido&#8221;][vc_column_text el_class=&#8221;tabla-audioguias&#8221;] 01 Introducci\u00f3 02 Introducci\u00f3 de la Ruta de Les Vil\u00b7les 03 Torre de Sant Vicent 04 Vil\u00b7les Solimar, Camilleri, El Barco i Il\u00b7luminada 05 Vil\u00b7les Sof\u00eda, Santa Cristina i Marina 06 Vil\u00b7les Mar\u00eda del Carmen i D\u00e1valos 07 Vil\u00b7les Mar\u00eda Julia, Santa Ana i Maria 08 [&hellip;]<\/p>\n","protected":false},"author":11,"featured_media":0,"parent":0,"menu_order":0,"comment_status":"closed","ping_status":"closed","template":"","meta":{"_acf_changed":false,"footnotes":""},"class_list":["post-81685","page","type-page","status-publish","hentry"],"acf":[],"yoast_head":"<!-- This site is optimized with the Yoast SEO plugin v27.1.1 - https:\/\/yoast.com\/product\/yoast-seo-wordpress\/ -->\n<title>Audioguies Tur\u00edstiques Benic\u00e0ssim - Benic\u00e0ssim Turisme<\/title>\n<meta name=\"description\" content=\"Et mostrem totes les audioguies dels principals llocs d&#039;inter\u00e9s que pots visitar a Benic\u00e0ssim. Esperem que et siguen \u00fatils!\" \/>\n<meta name=\"robots\" content=\"index, follow, max-snippet:-1, max-image-preview:large, max-video-preview:-1\" \/>\n<link rel=\"canonical\" href=\"https:\/\/turismo.benicassim.es\/va\/audioguies-2\/\" \/>\n<meta property=\"og:locale\" content=\"en_US\" \/>\n<meta property=\"og:type\" content=\"article\" \/>\n<meta property=\"og:title\" content=\"Audioguies Tur\u00edstiques Benic\u00e0ssim - Benic\u00e0ssim Turisme\" \/>\n<meta property=\"og:description\" content=\"Et mostrem totes les audioguies dels principals llocs d&#039;inter\u00e9s que pots visitar a Benic\u00e0ssim. Esperem que et siguen \u00fatils!\" \/>\n<meta property=\"og:url\" content=\"https:\/\/turismo.benicassim.es\/va\/audioguies-2\/\" \/>\n<meta property=\"og:site_name\" content=\"Benic\u00e0ssim Turismo\" \/>\n<meta name=\"twitter:card\" content=\"summary_large_image\" \/>\n<meta name=\"twitter:label1\" content=\"Est. reading time\" \/>\n\t<meta name=\"twitter:data1\" content=\"1 minute\" \/>\n<script type=\"application\/ld+json\" class=\"yoast-schema-graph\">{\"@context\":\"https:\/\/schema.org\",\"@graph\":[{\"@type\":\"WebPage\",\"@id\":\"https:\/\/turismo.benicassim.es\/va\/audioguies-2\/\",\"url\":\"https:\/\/turismo.benicassim.es\/va\/audioguies-2\/\",\"name\":\"Audioguies Tur\u00edstiques Benic\u00e0ssim - Benic\u00e0ssim Turisme\",\"isPartOf\":{\"@id\":\"https:\/\/turismo.benicassim.es\/va\/#website\"},\"datePublished\":\"2025-06-06T10:51:24+00:00\",\"description\":\"Et mostrem totes les audioguies dels principals llocs d'inter\u00e9s que pots visitar a Benic\u00e0ssim. Esperem que et siguen \u00fatils!\",\"breadcrumb\":{\"@id\":\"https:\/\/turismo.benicassim.es\/va\/audioguies-2\/#breadcrumb\"},\"inLanguage\":\"ca-CA\",\"potentialAction\":[{\"@type\":\"ReadAction\",\"target\":[\"https:\/\/turismo.benicassim.es\/va\/audioguies-2\/\"]}]},{\"@type\":\"BreadcrumbList\",\"@id\":\"https:\/\/turismo.benicassim.es\/va\/audioguies-2\/#breadcrumb\",\"itemListElement\":[{\"@type\":\"ListItem\",\"position\":1,\"name\":\"Inicio\",\"item\":\"https:\/\/turismo.benicassim.es\/va\/\"},{\"@type\":\"ListItem\",\"position\":2,\"name\":\"Audioguies 2\"}]},{\"@type\":\"WebSite\",\"@id\":\"https:\/\/turismo.benicassim.es\/va\/#website\",\"url\":\"https:\/\/turismo.benicassim.es\/va\/\",\"name\":\"Benic\u00e0ssim Turismo\",\"description\":\"Web de informaci\u00f3n de Turismo en Benicasim\",\"potentialAction\":[{\"@type\":\"SearchAction\",\"target\":{\"@type\":\"EntryPoint\",\"urlTemplate\":\"https:\/\/turismo.benicassim.es\/va\/?s={search_term_string}\"},\"query-input\":{\"@type\":\"PropertyValueSpecification\",\"valueRequired\":true,\"valueName\":\"search_term_string\"}}],\"inLanguage\":\"ca-CA\"}]}<\/script>\n<!-- \/ Yoast SEO plugin. -->","yoast_head_json":{"title":"Audioguies Tur\u00edstiques Benic\u00e0ssim - Benic\u00e0ssim Turisme","description":"Et mostrem totes les audioguies dels principals llocs d'inter\u00e9s que pots visitar a Benic\u00e0ssim. Esperem que et siguen \u00fatils!","robots":{"index":"index","follow":"follow","max-snippet":"max-snippet:-1","max-image-preview":"max-image-preview:large","max-video-preview":"max-video-preview:-1"},"canonical":"https:\/\/turismo.benicassim.es\/va\/audioguies-2\/","og_locale":"en_US","og_type":"article","og_title":"Audioguies Tur\u00edstiques Benic\u00e0ssim - Benic\u00e0ssim Turisme","og_description":"Et mostrem totes les audioguies dels principals llocs d'inter\u00e9s que pots visitar a Benic\u00e0ssim. Esperem que et siguen \u00fatils!","og_url":"https:\/\/turismo.benicassim.es\/va\/audioguies-2\/","og_site_name":"Benic\u00e0ssim Turismo","twitter_card":"summary_large_image","twitter_misc":{"Est. reading time":"1 minute"},"schema":{"@context":"https:\/\/schema.org","@graph":[{"@type":"WebPage","@id":"https:\/\/turismo.benicassim.es\/va\/audioguies-2\/","url":"https:\/\/turismo.benicassim.es\/va\/audioguies-2\/","name":"Audioguies Tur\u00edstiques Benic\u00e0ssim - Benic\u00e0ssim Turisme","isPartOf":{"@id":"https:\/\/turismo.benicassim.es\/va\/#website"},"datePublished":"2025-06-06T10:51:24+00:00","description":"Et mostrem totes les audioguies dels principals llocs d'inter\u00e9s que pots visitar a Benic\u00e0ssim. Esperem que et siguen \u00fatils!","breadcrumb":{"@id":"https:\/\/turismo.benicassim.es\/va\/audioguies-2\/#breadcrumb"},"inLanguage":"ca-CA","potentialAction":[{"@type":"ReadAction","target":["https:\/\/turismo.benicassim.es\/va\/audioguies-2\/"]}]},{"@type":"BreadcrumbList","@id":"https:\/\/turismo.benicassim.es\/va\/audioguies-2\/#breadcrumb","itemListElement":[{"@type":"ListItem","position":1,"name":"Inicio","item":"https:\/\/turismo.benicassim.es\/va\/"},{"@type":"ListItem","position":2,"name":"Audioguies 2"}]},{"@type":"WebSite","@id":"https:\/\/turismo.benicassim.es\/va\/#website","url":"https:\/\/turismo.benicassim.es\/va\/","name":"Benic\u00e0ssim Turismo","description":"Web de informaci\u00f3n de Turismo en Benicasim","potentialAction":[{"@type":"SearchAction","target":{"@type":"EntryPoint","urlTemplate":"https:\/\/turismo.benicassim.es\/va\/?s={search_term_string}"},"query-input":{"@type":"PropertyValueSpecification","valueRequired":true,"valueName":"search_term_string"}}],"inLanguage":"ca-CA"}]}},"_links":{"self":[{"href":"https:\/\/turismo.benicassim.es\/va\/wp-json\/wp\/v2\/pages\/81685","targetHints":{"allow":["GET"]}}],"collection":[{"href":"https:\/\/turismo.benicassim.es\/va\/wp-json\/wp\/v2\/pages"}],"about":[{"href":"https:\/\/turismo.benicassim.es\/va\/wp-json\/wp\/v2\/types\/page"}],"author":[{"embeddable":true,"href":"https:\/\/turismo.benicassim.es\/va\/wp-json\/wp\/v2\/users\/11"}],"replies":[{"embeddable":true,"href":"https:\/\/turismo.benicassim.es\/va\/wp-json\/wp\/v2\/comments?post=81685"}],"version-history":[{"count":1,"href":"https:\/\/turismo.benicassim.es\/va\/wp-json\/wp\/v2\/pages\/81685\/revisions"}],"predecessor-version":[{"id":81760,"href":"https:\/\/turismo.benicassim.es\/va\/wp-json\/wp\/v2\/pages\/81685\/revisions\/81760"}],"wp:attachment":[{"href":"https:\/\/turismo.benicassim.es\/va\/wp-json\/wp\/v2\/media?parent=81685"}],"curies":[{"name":"wp","href":"https:\/\/api.w.org\/{rel}","templated":true}]}}