{"id":63354,"date":"2022-01-19T09:38:30","date_gmt":"2022-01-19T08:38:30","guid":{"rendered":"http:\/\/turismo.benicassim.es\/?post_type=product&#038;p=63354"},"modified":"2022-02-22T09:45:48","modified_gmt":"2022-02-22T08:45:48","slug":"paisajes-de-los-carmelitas-con-visita-al-monasterio","status":"publish","type":"product","link":"https:\/\/turismo.benicassim.es\/va\/producte\/paisajes-de-los-carmelitas-con-visita-al-monasterio\/","title":{"rendered":"Paisatges dels Carmelites (amb visita al monestir)"},"content":{"rendered":"<p><strong>Diumenge 27 de febrer (10.30 hores)<\/strong><\/p>\n<p><strong>Lloc:<\/strong> P\u00e0rquing Monestir Carmelita <a href=\"https:\/\/goo.gl\/maps\/z5jmxoyxcdcwpma1a\">https:\/\/goo.gl\/maps\/z5jmxoyxcdcwpma1a<\/a><\/p>\n<p><strong>Duraci\u00f3:<\/strong> 4 hores.<\/p>\n<p><strong>Dist\u00e0ncia:<\/strong> 1 Km.<\/p>\n<p><strong>Dificultat:<\/strong> baixa.<\/p>\n<p><strong>Preu:<\/strong> 5 \u20ac (2,5 \u20ac redu\u00efda).<\/p>\n<p><strong>Descripci\u00f3:<\/strong> Sant Desert de la Transverberaci\u00f3 de Santa Teresa de les Palmes. Tal \u00e9s el nom original del paratge que, encara hui, constitueix la propietat religiosa m\u00e9s gran de tota Espanya. Per a con\u00e9ixer el seu fascinant (i a vegades convulsa) hist\u00f2ria de m\u00e9s de 300 anys, realitzarem un xicotet passeig interpretatiu per incre\u00efbles miradors i algunes sendes, i entrarem en el Monestir dels Pares Carmelites per a visitar el recinte, l&#8217;esgl\u00e9sia i el museu d&#8217;art sacre.<\/p>\n<p><strong>Recomanacions:<\/strong> sabata d&#8217;esport, gorra, esmorzar i beguda. Durant la prestaci\u00f3 del servei no est\u00e0 perm\u00e9s l&#8217;acc\u00e9s amb animals (excepte gossos guia o d&#8217;assist\u00e8ncia).<\/p>\n","protected":false},"excerpt":{"rendered":"<p>Diumenge 27 de febrer (10.30 hores) Lloc: P\u00e0rquing Monestir Carmelita https:\/\/goo.gl\/maps\/z5jmxoyxcdcwpma1a Duraci\u00f3: 4 hores. Dist\u00e0ncia: 1 Km. Dificultat: baixa. Preu: 5 \u20ac (2,5 \u20ac redu\u00efda). Descripci\u00f3: Sant Desert de la Transverberaci\u00f3 de Santa Teresa de les Palmes. Tal \u00e9s el nom original del paratge que, encara hui, constitueix la propietat religiosa m\u00e9s gran de tota [&hellip;]<\/p>\n","protected":false},"featured_media":64031,"template":"","meta":{"_acf_changed":false},"product_brand":[],"product_cat":[356,241],"product_tag":[339],"class_list":{"0":"post-63354","1":"product","2":"type-product","3":"status-publish","4":"has-post-thumbnail","6":"product_cat-paisajes-de-los-carmelitas-con-visita-al-monasterio-va","7":"product_cat-sin-categorizar-va","8":"product_tag-programa-oficial-de-visitas-guiadas-va","10":"first","11":"instock","12":"shipping-taxable","13":"purchasable","14":"product-type-variable"},"acf":[],"yoast_head":"<!-- This site is optimized with the Yoast SEO plugin v27.4 - https:\/\/yoast.com\/product\/yoast-seo-wordpress\/ -->\n<title>Paisatges dels Carmelites (amb visita al monestir) - Benic\u00e0ssim Turismo<\/title>\n<meta name=\"robots\" content=\"index, follow, max-snippet:-1, max-image-preview:large, max-video-preview:-1\" \/>\n<link rel=\"canonical\" href=\"https:\/\/turismo.benicassim.es\/va\/producte\/paisajes-de-los-carmelitas-con-visita-al-monasterio\/\" \/>\n<meta property=\"og:locale\" content=\"en_US\" \/>\n<meta property=\"og:type\" content=\"article\" \/>\n<meta property=\"og:title\" content=\"Paisatges dels Carmelites (amb visita al monestir) - Benic\u00e0ssim Turismo\" \/>\n<meta property=\"og:description\" content=\"Diumenge 27 de febrer (10.30 hores) Lloc: P\u00e0rquing Monestir Carmelita https:\/\/goo.gl\/maps\/z5jmxoyxcdcwpma1a Duraci\u00f3: 4 hores. Dist\u00e0ncia: 1 Km. Dificultat: baixa. Preu: 5 \u20ac (2,5 \u20ac redu\u00efda). Descripci\u00f3: Sant Desert de la Transverberaci\u00f3 de Santa Teresa de les Palmes. Tal \u00e9s el nom original del paratge que, encara hui, constitueix la propietat religiosa m\u00e9s gran de tota [&hellip;]\" \/>\n<meta property=\"og:url\" content=\"https:\/\/turismo.benicassim.es\/va\/producte\/paisajes-de-los-carmelitas-con-visita-al-monasterio\/\" \/>\n<meta property=\"og:site_name\" content=\"Benic\u00e0ssim Turismo\" \/>\n<meta property=\"article:modified_time\" content=\"2022-02-22T08:45:48+00:00\" \/>\n<meta property=\"og:image\" content=\"https:\/\/turismo.benicassim.es\/wp-content\/uploads\/2022\/01\/AP-Convento2003-12-11-scaled.jpg\" \/>\n\t<meta property=\"og:image:width\" content=\"2560\" \/>\n\t<meta property=\"og:image:height\" content=\"1707\" \/>\n\t<meta property=\"og:image:type\" content=\"image\/jpeg\" \/>\n<meta name=\"twitter:card\" content=\"summary_large_image\" \/>\n<meta name=\"twitter:label1\" content=\"Est. reading time\" \/>\n\t<meta name=\"twitter:data1\" content=\"1 minute\" \/>\n<script type=\"application\/ld+json\" class=\"yoast-schema-graph\">{\"@context\":\"https:\\\/\\\/schema.org\",\"@graph\":[{\"@type\":\"WebPage\",\"@id\":\"https:\\\/\\\/turismo.benicassim.es\\\/va\\\/producte\\\/paisajes-de-los-carmelitas-con-visita-al-monasterio\\\/\",\"url\":\"https:\\\/\\\/turismo.benicassim.es\\\/va\\\/producte\\\/paisajes-de-los-carmelitas-con-visita-al-monasterio\\\/\",\"name\":\"Paisatges dels Carmelites (amb visita al monestir) - Benic\u00e0ssim Turismo\",\"isPartOf\":{\"@id\":\"https:\\\/\\\/turismo.benicassim.es\\\/va\\\/#website\"},\"primaryImageOfPage\":{\"@id\":\"https:\\\/\\\/turismo.benicassim.es\\\/va\\\/producte\\\/paisajes-de-los-carmelitas-con-visita-al-monasterio\\\/#primaryimage\"},\"image\":{\"@id\":\"https:\\\/\\\/turismo.benicassim.es\\\/va\\\/producte\\\/paisajes-de-los-carmelitas-con-visita-al-monasterio\\\/#primaryimage\"},\"thumbnailUrl\":\"https:\\\/\\\/turismo.benicassim.es\\\/wp-content\\\/uploads\\\/2022\\\/01\\\/AP-Convento2003-12-11-scaled.jpg\",\"datePublished\":\"2022-01-19T08:38:30+00:00\",\"dateModified\":\"2022-02-22T08:45:48+00:00\",\"breadcrumb\":{\"@id\":\"https:\\\/\\\/turismo.benicassim.es\\\/va\\\/producte\\\/paisajes-de-los-carmelitas-con-visita-al-monasterio\\\/#breadcrumb\"},\"inLanguage\":\"ca-CA\",\"potentialAction\":[{\"@type\":\"ReadAction\",\"target\":[\"https:\\\/\\\/turismo.benicassim.es\\\/va\\\/producte\\\/paisajes-de-los-carmelitas-con-visita-al-monasterio\\\/\"]}]},{\"@type\":\"ImageObject\",\"inLanguage\":\"ca-CA\",\"@id\":\"https:\\\/\\\/turismo.benicassim.es\\\/va\\\/producte\\\/paisajes-de-los-carmelitas-con-visita-al-monasterio\\\/#primaryimage\",\"url\":\"https:\\\/\\\/turismo.benicassim.es\\\/wp-content\\\/uploads\\\/2022\\\/01\\\/AP-Convento2003-12-11-scaled.jpg\",\"contentUrl\":\"https:\\\/\\\/turismo.benicassim.es\\\/wp-content\\\/uploads\\\/2022\\\/01\\\/AP-Convento2003-12-11-scaled.jpg\",\"width\":2560,\"height\":1707},{\"@type\":\"BreadcrumbList\",\"@id\":\"https:\\\/\\\/turismo.benicassim.es\\\/va\\\/producte\\\/paisajes-de-los-carmelitas-con-visita-al-monasterio\\\/#breadcrumb\",\"itemListElement\":[{\"@type\":\"ListItem\",\"position\":1,\"name\":\"Inicio\",\"item\":\"https:\\\/\\\/turismo.benicassim.es\\\/va\\\/\"},{\"@type\":\"ListItem\",\"position\":2,\"name\":\"Tenda\",\"item\":\"https:\\\/\\\/turismo.benicassim.es\\\/va\\\/tenda\\\/\"},{\"@type\":\"ListItem\",\"position\":3,\"name\":\"Paisatges dels Carmelites (amb visita al monestir)\"}]},{\"@type\":\"WebSite\",\"@id\":\"https:\\\/\\\/turismo.benicassim.es\\\/va\\\/#website\",\"url\":\"https:\\\/\\\/turismo.benicassim.es\\\/va\\\/\",\"name\":\"Benic\u00e0ssim Turismo\",\"description\":\"Web de informaci\u00f3n de Turismo en Benicasim\",\"potentialAction\":[{\"@type\":\"SearchAction\",\"target\":{\"@type\":\"EntryPoint\",\"urlTemplate\":\"https:\\\/\\\/turismo.benicassim.es\\\/va\\\/?s={search_term_string}\"},\"query-input\":{\"@type\":\"PropertyValueSpecification\",\"valueRequired\":true,\"valueName\":\"search_term_string\"}}],\"inLanguage\":\"ca-CA\"}]}<\/script>\n<!-- \/ Yoast SEO plugin. -->","yoast_head_json":{"title":"Paisatges dels Carmelites (amb visita al monestir) - Benic\u00e0ssim Turismo","robots":{"index":"index","follow":"follow","max-snippet":"max-snippet:-1","max-image-preview":"max-image-preview:large","max-video-preview":"max-video-preview:-1"},"canonical":"https:\/\/turismo.benicassim.es\/va\/producte\/paisajes-de-los-carmelitas-con-visita-al-monasterio\/","og_locale":"en_US","og_type":"article","og_title":"Paisatges dels Carmelites (amb visita al monestir) - Benic\u00e0ssim Turismo","og_description":"Diumenge 27 de febrer (10.30 hores) Lloc: P\u00e0rquing Monestir Carmelita https:\/\/goo.gl\/maps\/z5jmxoyxcdcwpma1a Duraci\u00f3: 4 hores. Dist\u00e0ncia: 1 Km. Dificultat: baixa. Preu: 5 \u20ac (2,5 \u20ac redu\u00efda). Descripci\u00f3: Sant Desert de la Transverberaci\u00f3 de Santa Teresa de les Palmes. Tal \u00e9s el nom original del paratge que, encara hui, constitueix la propietat religiosa m\u00e9s gran de tota [&hellip;]","og_url":"https:\/\/turismo.benicassim.es\/va\/producte\/paisajes-de-los-carmelitas-con-visita-al-monasterio\/","og_site_name":"Benic\u00e0ssim Turismo","article_modified_time":"2022-02-22T08:45:48+00:00","og_image":[{"width":2560,"height":1707,"url":"https:\/\/turismo.benicassim.es\/wp-content\/uploads\/2022\/01\/AP-Convento2003-12-11-scaled.jpg","type":"image\/jpeg"}],"twitter_card":"summary_large_image","twitter_misc":{"Est. reading time":"1 minute"},"schema":{"@context":"https:\/\/schema.org","@graph":[{"@type":"WebPage","@id":"https:\/\/turismo.benicassim.es\/va\/producte\/paisajes-de-los-carmelitas-con-visita-al-monasterio\/","url":"https:\/\/turismo.benicassim.es\/va\/producte\/paisajes-de-los-carmelitas-con-visita-al-monasterio\/","name":"Paisatges dels Carmelites (amb visita al monestir) - Benic\u00e0ssim Turismo","isPartOf":{"@id":"https:\/\/turismo.benicassim.es\/va\/#website"},"primaryImageOfPage":{"@id":"https:\/\/turismo.benicassim.es\/va\/producte\/paisajes-de-los-carmelitas-con-visita-al-monasterio\/#primaryimage"},"image":{"@id":"https:\/\/turismo.benicassim.es\/va\/producte\/paisajes-de-los-carmelitas-con-visita-al-monasterio\/#primaryimage"},"thumbnailUrl":"https:\/\/turismo.benicassim.es\/wp-content\/uploads\/2022\/01\/AP-Convento2003-12-11-scaled.jpg","datePublished":"2022-01-19T08:38:30+00:00","dateModified":"2022-02-22T08:45:48+00:00","breadcrumb":{"@id":"https:\/\/turismo.benicassim.es\/va\/producte\/paisajes-de-los-carmelitas-con-visita-al-monasterio\/#breadcrumb"},"inLanguage":"ca-CA","potentialAction":[{"@type":"ReadAction","target":["https:\/\/turismo.benicassim.es\/va\/producte\/paisajes-de-los-carmelitas-con-visita-al-monasterio\/"]}]},{"@type":"ImageObject","inLanguage":"ca-CA","@id":"https:\/\/turismo.benicassim.es\/va\/producte\/paisajes-de-los-carmelitas-con-visita-al-monasterio\/#primaryimage","url":"https:\/\/turismo.benicassim.es\/wp-content\/uploads\/2022\/01\/AP-Convento2003-12-11-scaled.jpg","contentUrl":"https:\/\/turismo.benicassim.es\/wp-content\/uploads\/2022\/01\/AP-Convento2003-12-11-scaled.jpg","width":2560,"height":1707},{"@type":"BreadcrumbList","@id":"https:\/\/turismo.benicassim.es\/va\/producte\/paisajes-de-los-carmelitas-con-visita-al-monasterio\/#breadcrumb","itemListElement":[{"@type":"ListItem","position":1,"name":"Inicio","item":"https:\/\/turismo.benicassim.es\/va\/"},{"@type":"ListItem","position":2,"name":"Tenda","item":"https:\/\/turismo.benicassim.es\/va\/tenda\/"},{"@type":"ListItem","position":3,"name":"Paisatges dels Carmelites (amb visita al monestir)"}]},{"@type":"WebSite","@id":"https:\/\/turismo.benicassim.es\/va\/#website","url":"https:\/\/turismo.benicassim.es\/va\/","name":"Benic\u00e0ssim Turismo","description":"Web de informaci\u00f3n de Turismo en Benicasim","potentialAction":[{"@type":"SearchAction","target":{"@type":"EntryPoint","urlTemplate":"https:\/\/turismo.benicassim.es\/va\/?s={search_term_string}"},"query-input":{"@type":"PropertyValueSpecification","valueRequired":true,"valueName":"search_term_string"}}],"inLanguage":"ca-CA"}]}},"_links":{"self":[{"href":"https:\/\/turismo.benicassim.es\/va\/wp-json\/wp\/v2\/product\/63354","targetHints":{"allow":["GET"]}}],"collection":[{"href":"https:\/\/turismo.benicassim.es\/va\/wp-json\/wp\/v2\/product"}],"about":[{"href":"https:\/\/turismo.benicassim.es\/va\/wp-json\/wp\/v2\/types\/product"}],"wp:featuredmedia":[{"embeddable":true,"href":"https:\/\/turismo.benicassim.es\/va\/wp-json\/wp\/v2\/media\/64031"}],"wp:attachment":[{"href":"https:\/\/turismo.benicassim.es\/va\/wp-json\/wp\/v2\/media?parent=63354"}],"wp:term":[{"taxonomy":"product_brand","embeddable":true,"href":"https:\/\/turismo.benicassim.es\/va\/wp-json\/wp\/v2\/product_brand?post=63354"},{"taxonomy":"product_cat","embeddable":true,"href":"https:\/\/turismo.benicassim.es\/va\/wp-json\/wp\/v2\/product_cat?post=63354"},{"taxonomy":"product_tag","embeddable":true,"href":"https:\/\/turismo.benicassim.es\/va\/wp-json\/wp\/v2\/product_tag?post=63354"}],"curies":[{"name":"wp","href":"https:\/\/api.w.org\/{rel}","templated":true}]}}